{"id":7343,"date":"2025-03-23T08:14:08","date_gmt":"2025-03-23T08:14:08","guid":{"rendered":"https:\/\/fmp-components.com\/?post_type=product&#038;p=7343"},"modified":"2025-03-26T08:46:51","modified_gmt":"2025-03-26T08:46:51","slug":"steel-double-helical-gear","status":"publish","type":"product","link":"https:\/\/fmp-components.com\/lv\/product\/steel-double-helical-gear\/","title":{"rendered":"T\u0113rauda dubultais spir\u0101lveida zobrats"},"content":{"rendered":"<div>\n<h2>FMP augst\u0101k\u0101s kvalit\u0101tes t\u0113rauda dubultie spir\u0101lveida zobrati<\/h2>\n<p class=\"break-words\">T\u0113rauda dubultie spir\u0101lveida zobrati ir svar\u012bgas sast\u0101vda\u013cas lieljaudas ma\u0161\u012bn\u0101s, kas tiek augstu v\u0113rt\u0113tas par sp\u0113ju p\u0101rvad\u012bt lielu griezes momentu, vienlaikus samazinot troksni un vibr\u0101ciju. \u0160ie zobrati, kas izce\u013cas ar V-veida zobiem, ir neaizst\u0101jami t\u0101d\u0101s nozar\u0113s k\u0101 t\u0113rauda ra\u017eo\u0161ana, elektroener\u0123ijas ra\u017eo\u0161ana un ieguves r\u016bpniec\u012bba, kur uzticam\u012bba un efektivit\u0101te ir kritiski svar\u012bgas. FMP, uzticams l\u012bderis zobratu ra\u017eo\u0161an\u0101, ra\u017eo pla\u0161u t\u0113rauda dubulto zobratu kl\u0101stu. <a href=\"https:\/\/fmp-components.com\/lv\/helical-gears\/\">Spir\u0101lveida zobrati<\/a> lai apmierin\u0101tu \u0161o nozaru daudzveid\u012bg\u0101s pras\u012bbas. S\u0101kot no standarta mode\u013ciem l\u012bdz specializ\u0113tiem dizainiem, katrs zobrats ir r\u016bp\u012bgi izgatavots, izmantojot augstas kvalit\u0101tes t\u0113raudu un jaun\u0101k\u0101s ra\u017eo\u0161anas metodes, nodro\u0161inot izcilu precizit\u0101ti un iztur\u012bbu pat vissare\u017e\u0123\u012bt\u0101kajos pielietojumos.<\/p>\n<h3>Piel\u0101goti risin\u0101jumi un ekspertu atbalsts<\/h3>\n<p class=\"break-words\">Uz\u0146\u0113mum\u0101 FMP m\u0113s apzin\u0101mies, ka katram projektam ir unik\u0101las pras\u012bbas, t\u0101p\u0113c pied\u0101v\u0101jam pas\u016bt\u012bjuma ra\u017eo\u0161anas pakalpojumus t\u0113rauda dubultajiem spir\u0101lveida zobratiem. Neatkar\u012bgi no t\u0101, vai jums ir nepiecie\u0161ams konkr\u0113ts izm\u0113rs, materi\u0101ls vai piel\u0101gots dizains, m\u016bsu prasm\u012bgo in\u017eenieru komanda ir apr\u012bkota, lai izveidotu risin\u0101jumu, kas prec\u012bzi atbilst j\u016bsu specifik\u0101cij\u0101m. Ja m\u016bsu produktu sarakst\u0101 neatrodat mekl\u0113to modeli, tas noz\u012bm\u0113, ka mums v\u0113l nav bijusi iesp\u0113ja to iek\u013caut sarakst\u0101. Aicin\u0101m j\u016bs sazin\u0101ties ar mums pa e-pastu, lai nor\u0101d\u012btu savas pras\u012bbas, un m\u016bsu \u012bpa\u0161\u0101 komanda atbild\u0113s 24 stundu laik\u0101, lai apspriestu, k\u0101 m\u0113s varam apmierin\u0101t j\u016bsu vajadz\u012bbas. Ar FMP j\u016bs varat pa\u013cauties uz personaliz\u0113tu apkalpo\u0161anu un nozar\u0113 vado\u0161o pieredzi, lai nodro\u0161in\u0101tu perfektu zobratu risin\u0101jumu.<\/p>\n<\/div>\n<p>T\u0113rauda dubultspir\u0101lveida zobrats<\/p>\n<p>Materi\u0101ls: SS, piel\u0101gots<\/p>\n<p>Diametrs: 20 mm, piel\u0101gots<\/p>\n<h2>Produkta specifik\u0101cija<\/h2>\n<div class=\"table-responsive\">\n<table class=\"table\" style=\"width: 99.1008%; height: 212px;\" border=\"1\">\n<tbody>\n<tr>\n<td>P\u0101rnesumu tips<\/td>\n<td>Spir\u0101lveida p\u0101rnesums<\/td>\n<\/tr>\n<tr>\n<td>Materi\u0101ls<\/td>\n<td>SS<\/td>\n<\/tr>\n<tr>\n<td>Forma<\/td>\n<td>Apa\u013c\u0161<\/td>\n<\/tr>\n<tr>\n<td>Diametrs<\/td>\n<td>20 mm<\/td>\n<\/tr>\n<tr>\n<td>Virsmas apdare<\/td>\n<td>Pul\u0113ts<\/td>\n<\/tr>\n<tr>\n<td>Izcelsmes valsts<\/td>\n<td>Ra\u017eots \u0136\u012bn\u0101<\/td>\n<\/tr>\n<\/tbody>\n<\/table>\n<p>&nbsp;<\/p>\n<p><img loading=\"lazy\" decoding=\"async\" class=\"size-full wp-image-4579 aligncenter\" src=\"https:\/\/fmp-components.com\/wp-content\/uploads\/2025\/01\/Steel-Double-Helical-Gear.webp\" alt=\"T\u0113rauda dubultais spir\u0101lveida zobrats\" width=\"800\" height=\"800\" title=\"\" srcset=\"https:\/\/fmp-components.com\/wp-content\/uploads\/2025\/01\/Steel-Double-Helical-Gear.webp 800w, https:\/\/fmp-components.com\/wp-content\/uploads\/2025\/01\/Steel-Double-Helical-Gear-480x480.webp 480w\" sizes=\"(min-width: 0px) and (max-width: 480px) 480px, (min-width: 481px) 800px, 100vw\" \/><\/p>\n<\/div>","protected":false},"excerpt":{"rendered":"<p>Premium Steel Double Helical Gears from FMP Steel Double Helical Gears are vital components in heavy-duty machinery, prized for their ability to transmit high torque while minimizing noise and vibration. These gears, distinguished by their V-shaped teeth, are indispensable in industries such as steel manufacturing, power generation, and mining, where reliability and efficiency are critical. [&hellip;]<\/p>","protected":false},"featured_media":4579,"comment_status":"open","ping_status":"closed","template":"","meta":{"_et_pb_use_builder":"","_et_pb_old_content":"","_et_gb_content_width":""},"product_brand":[],"product_cat":[108],"product_tag":[],"class_list":{"0":"post-7343","1":"product","2":"type-product","3":"status-publish","4":"has-post-thumbnail","6":"product_cat-helical-gear","8":"first","9":"instock","10":"shipping-taxable","11":"product-type-simple"},"_links":{"self":[{"href":"https:\/\/fmp-components.com\/lv\/wp-json\/wp\/v2\/product\/7343","targetHints":{"allow":["GET"]}}],"collection":[{"href":"https:\/\/fmp-components.com\/lv\/wp-json\/wp\/v2\/product"}],"about":[{"href":"https:\/\/fmp-components.com\/lv\/wp-json\/wp\/v2\/types\/product"}],"replies":[{"embeddable":true,"href":"https:\/\/fmp-components.com\/lv\/wp-json\/wp\/v2\/comments?post=7343"}],"wp:featuredmedia":[{"embeddable":true,"href":"https:\/\/fmp-components.com\/lv\/wp-json\/wp\/v2\/media\/4579"}],"wp:attachment":[{"href":"https:\/\/fmp-components.com\/lv\/wp-json\/wp\/v2\/media?parent=7343"}],"wp:term":[{"taxonomy":"product_brand","embeddable":true,"href":"https:\/\/fmp-components.com\/lv\/wp-json\/wp\/v2\/product_brand?post=7343"},{"taxonomy":"product_cat","embeddable":true,"href":"https:\/\/fmp-components.com\/lv\/wp-json\/wp\/v2\/product_cat?post=7343"},{"taxonomy":"product_tag","embeddable":true,"href":"https:\/\/fmp-components.com\/lv\/wp-json\/wp\/v2\/product_tag?post=7343"}],"curies":[{"name":"wp","href":"https:\/\/api.w.org\/{rel}","templated":true}]}}