{"id":7332,"date":"2025-03-23T07:37:55","date_gmt":"2025-03-23T07:37:55","guid":{"rendered":"https:\/\/fmp-components.com\/?post_type=product&#038;p=7332"},"modified":"2025-03-26T08:47:29","modified_gmt":"2025-03-26T08:47:29","slug":"industrial-alloy-steel-double-helical-gears","status":"publish","type":"product","link":"https:\/\/fmp-components.com\/lv\/product\/industrial-alloy-steel-double-helical-gears\/","title":{"rendered":"R\u016bpnieciskie le\u0123\u0113t\u0101 t\u0113rauda dubultie spir\u0101lveida zobrati"},"content":{"rendered":"<div>Uz\u0146\u0113mum\u0101 FMP m\u0113s lepojamies ar pla\u0161a le\u0123\u0113t\u0101 t\u0113rauda dubulto cauru\u013cu ra\u017eo\u0161anas procesu. <a href=\"https:\/\/fmp-components.com\/lv\/helical-gears\/\">Spir\u0101lveida zobrati<\/a>, izstr\u0101d\u0101ti, lai nodro\u0161in\u0101tu precizit\u0101ti un iztur\u012bbu da\u017e\u0101diem r\u016bpnieciskiem pielietojumiem. Neatkar\u012bgi no t\u0101, vai jums ir nepiecie\u0161ami standarta dizaini vai kaut kas unik\u0101ls, m\u0113s labpr\u0101t pie\u0146emam piel\u0101gotus pas\u016bt\u012bjumus, kas atbilst j\u016bsu prec\u012bzaj\u0101m specifik\u0101cij\u0101m. Nevarat atrast konkr\u0113to modeli, ko mekl\u0113jat m\u016bsu produktu sarakst\u0101? Neuztraucieties \u2014 tas noz\u012bm\u0113, ka mums v\u0113l nav bijusi iesp\u0113ja atjaunin\u0101t savu tie\u0161saistes katalogu. Vienk\u0101r\u0161i rakstiet mums e-pastu ar sav\u0101m pras\u012bb\u0101m, un m\u016bsu prasm\u012bgie in\u017eenieri sazin\u0101sies ar jums 24 stundu laik\u0101 ar piel\u0101gotu risin\u0101jumu. \u013baujiet mums pal\u012bdz\u0113t jums atrast j\u016bsu projektam ide\u0101lo apr\u012bkojumu!<\/div>\n<div><\/div>\n<table class=\"table\" style=\"width: 101.013%; height: 165px;\" border=\"1\">\n<tbody>\n<tr>\n<td style=\"width: 38.6592%;\">P\u0101rnesumu tips<\/td>\n<td style=\"width: 60.6704%;\">Dubult\u0101 spir\u0101lveida<\/td>\n<\/tr>\n<tr>\n<td style=\"width: 38.6592%;\">Lieto\u0161ana\/Pielietojums<\/td>\n<td style=\"width: 60.6704%;\">R\u016bpnieciskais<\/td>\n<\/tr>\n<tr>\n<td style=\"width: 38.6592%;\">Zobu forma<\/td>\n<td style=\"width: 60.6704%;\">Dubults<\/td>\n<\/tr>\n<tr>\n<td style=\"width: 38.6592%;\">Materi\u0101ls<\/td>\n<td style=\"width: 60.6704%;\">Le\u0123\u0113tais t\u0113rauds<\/td>\n<\/tr>\n<tr>\n<td style=\"width: 38.6592%;\">Forma<\/td>\n<td style=\"width: 60.6704%;\">Apa\u013c\u0161<\/td>\n<\/tr>\n<tr>\n<td style=\"width: 38.6592%;\">Minim\u0101lais pas\u016bt\u012bjuma daudzums<\/td>\n<td style=\"width: 60.6704%;\">1<\/td>\n<\/tr>\n<\/tbody>\n<\/table>\n<p><img loading=\"lazy\" decoding=\"async\" class=\"alignnone size-full wp-image-7333\" src=\"https:\/\/fmp-components.com\/wp-content\/uploads\/2025\/03\/double-helical-gear-.webp\" alt=\"dubultais spir\u0101lveida zobrats\" width=\"1000\" height=\"929\" title=\"\" srcset=\"https:\/\/fmp-components.com\/wp-content\/uploads\/2025\/03\/double-helical-gear-.webp 1000w, https:\/\/fmp-components.com\/wp-content\/uploads\/2025\/03\/double-helical-gear--980x910.webp 980w, https:\/\/fmp-components.com\/wp-content\/uploads\/2025\/03\/double-helical-gear--480x446.webp 480w\" sizes=\"(min-width: 0px) and (max-width: 480px) 480px, (min-width: 481px) and (max-width: 980px) 980px, (min-width: 981px) 1000px, 100vw\" \/><\/p>","protected":false},"excerpt":{"rendered":"<p>At FMP Company, we take pride in manufacturing a wide variety of Alloy Steel Double Helical Gears, crafted to deliver precision and durability for diverse industrial applications. Whether you need standard designs or something unique, we gladly accept custom orders to meet your exact specifications. Can\u2019t find the specific model you\u2019re looking for in our [&hellip;]<\/p>","protected":false},"featured_media":4591,"comment_status":"open","ping_status":"closed","template":"","meta":{"_et_pb_use_builder":"","_et_pb_old_content":"","_et_gb_content_width":""},"product_brand":[],"product_cat":[108],"product_tag":[],"class_list":{"0":"post-7332","1":"product","2":"type-product","3":"status-publish","4":"has-post-thumbnail","6":"product_cat-helical-gear","8":"first","9":"instock","10":"shipping-taxable","11":"product-type-simple"},"_links":{"self":[{"href":"https:\/\/fmp-components.com\/lv\/wp-json\/wp\/v2\/product\/7332","targetHints":{"allow":["GET"]}}],"collection":[{"href":"https:\/\/fmp-components.com\/lv\/wp-json\/wp\/v2\/product"}],"about":[{"href":"https:\/\/fmp-components.com\/lv\/wp-json\/wp\/v2\/types\/product"}],"replies":[{"embeddable":true,"href":"https:\/\/fmp-components.com\/lv\/wp-json\/wp\/v2\/comments?post=7332"}],"wp:featuredmedia":[{"embeddable":true,"href":"https:\/\/fmp-components.com\/lv\/wp-json\/wp\/v2\/media\/4591"}],"wp:attachment":[{"href":"https:\/\/fmp-components.com\/lv\/wp-json\/wp\/v2\/media?parent=7332"}],"wp:term":[{"taxonomy":"product_brand","embeddable":true,"href":"https:\/\/fmp-components.com\/lv\/wp-json\/wp\/v2\/product_brand?post=7332"},{"taxonomy":"product_cat","embeddable":true,"href":"https:\/\/fmp-components.com\/lv\/wp-json\/wp\/v2\/product_cat?post=7332"},{"taxonomy":"product_tag","embeddable":true,"href":"https:\/\/fmp-components.com\/lv\/wp-json\/wp\/v2\/product_tag?post=7332"}],"curies":[{"name":"wp","href":"https:\/\/api.w.org\/{rel}","templated":true}]}}