{"id":7326,"date":"2025-03-23T07:03:25","date_gmt":"2025-03-23T07:03:25","guid":{"rendered":"https:\/\/fmp-components.com\/?post_type=product&#038;p=7326"},"modified":"2025-03-26T08:47:52","modified_gmt":"2025-03-26T08:47:52","slug":"aircraft-double-helical-gear","status":"publish","type":"product","link":"https:\/\/fmp-components.com\/lv\/product\/aircraft-double-helical-gear\/","title":{"rendered":"Lidma\u0161\u012bnas dubultais spir\u0101lveida p\u0101rnesums"},"content":{"rendered":"<p><img loading=\"lazy\" decoding=\"async\" class=\"alignnone size-full wp-image-7327\" src=\"https:\/\/fmp-components.com\/wp-content\/uploads\/2025\/03\/Aircraft-Double-Helical-Gear-1.webp\" alt=\"Lidma\u0161\u012bnu dubultais spir\u0101lveida zobrats\" width=\"1214\" height=\"736\" title=\"\" srcset=\"https:\/\/fmp-components.com\/wp-content\/uploads\/2025\/03\/Aircraft-Double-Helical-Gear-1.webp 1214w, https:\/\/fmp-components.com\/wp-content\/uploads\/2025\/03\/Aircraft-Double-Helical-Gear-1-980x594.webp 980w, https:\/\/fmp-components.com\/wp-content\/uploads\/2025\/03\/Aircraft-Double-Helical-Gear-1-480x291.webp 480w\" sizes=\"(min-width: 0px) and (max-width: 480px) 480px, (min-width: 481px) and (max-width: 980px) 980px, (min-width: 981px) 1214px, 100vw\" \/><\/p>\n<p>Izm\u0113ri: \u03a63mm - \u03a6120mm<br \/>\nModulis: M0.2<br \/>\nMateri\u0101la veids: met\u0101ls p\u0113c klienta piepras\u012bjuma<\/p>\n<div class=\"table-responsive\">\n<table class=\"table\" style=\"width: 101.086%; height: 352px;\" border=\"1\">\n<tbody>\n<tr>\n<td colspan=\"2\">Lidma\u0161\u012bnas dubultais spir\u0101lveida p\u0101rnesums<\/td>\n<\/tr>\n<tr>\n<td>Izm\u0113rs<\/td>\n<td>\u03a68mm<\/td>\n<\/tr>\n<tr>\n<td>Modulis<\/td>\n<td>M0,15\u2013M2,0<\/td>\n<\/tr>\n<tr>\n<td>Materi\u0101la veids<\/td>\n<td>Met\u0101ls, bronza, t\u0113rauds, sakaus\u0113jums, POM, cinks, alum\u012bnijs, dzelzs, ner\u016bs\u0113jo\u0161ais t\u0113rauds, misi\u0146\u0161, var\u0161<\/td>\n<\/tr>\n<tr>\n<td>T\u012bkla klase<\/td>\n<td>ISO6, JGMA 1, JIS 6, AGMA 13, DIN 6, Din5, AGMA12<\/td>\n<\/tr>\n<tr>\n<td>Pieteikums<\/td>\n<td>Automobi\u013cu, milit\u0101r\u0101, lidma\u0161\u012bnu, meh\u0101nisk\u0101, r\u016bpniec\u012bbas, medic\u012bnas<\/td>\n<\/tr>\n<tr>\n<td>Piel\u0101gots<\/td>\n<td>ODM\/OEM<\/td>\n<\/tr>\n<tr>\n<td>Paraugs<\/td>\n<td>Paraugs pieejams<\/td>\n<\/tr>\n<tr>\n<td>Iepako\u0161anas veidi<\/td>\n<td>Vakuuma iepakojums ar plastmasas papl\u0101ti<\/td>\n<\/tr>\n<tr>\n<td>Pieg\u0101des veidi<\/td>\n<td>DHL un UPS<\/td>\n<\/tr>\n<tr>\n<td>Sertifik\u0101ts<\/td>\n<td>ISO 9001:2008\/TS16949<\/td>\n<\/tr>\n<\/tbody>\n<\/table>\n<div>Uz\u0146\u0113mum\u0101 FMP m\u0113s ar lepnumu ra\u017eojam pla\u0161u lidma\u0161\u012bnu dubulto konstrukciju kl\u0101stu. <a href=\"https:\/\/fmp-components.com\/lv\/helical-gears\/\">Spir\u0101lveida zobrati<\/a>, kas izstr\u0101d\u0101ti, lai apmierin\u0101tu avi\u0101cijas nozares da\u017e\u0101d\u0101s vajadz\u012bbas. Neatkar\u012bgi no t\u0101, vai mekl\u0113jat standarta mode\u013cus vai specializ\u0113tus risin\u0101jumus, m\u0113s pied\u0101v\u0101jam ar\u012b piel\u0101gotus pas\u016bt\u012bjumus, kas piel\u0101goti j\u016bsu \u012bpa\u0161aj\u0101m pras\u012bb\u0101m. Ja m\u016bsu produktu sarakst\u0101 nevarat atrast tie\u0161i jums nepiecie\u0161amo modeli, neuztraucieties \u2014 tas vienk\u0101r\u0161i noz\u012bm\u0113, ka mums v\u0113l nav bijusi iesp\u0113ja to aug\u0161upiel\u0101d\u0113t. L\u016bdzu, rakstiet mums e-pastu ar sav\u0101m specifik\u0101cij\u0101m, un m\u016bsu pieredz\u0113ju\u0161ie in\u017eenieri atbild\u0113s 24 stundu laik\u0101, lai pal\u012bdz\u0113tu jums ar risin\u0101jumu.<\/div>\n<p><img loading=\"lazy\" decoding=\"async\" class=\"wp-image-7328 aligncenter\" src=\"https:\/\/fmp-components.com\/wp-content\/uploads\/2025\/03\/Aircraft-Double-Helical-Gear-2.webp\" alt=\"Lidma\u0161\u012bnu dubultais spir\u0101lveida zobrats\" width=\"952\" height=\"213\" title=\"\" srcset=\"https:\/\/fmp-components.com\/wp-content\/uploads\/2025\/03\/Aircraft-Double-Helical-Gear-2.webp 952w, https:\/\/fmp-components.com\/wp-content\/uploads\/2025\/03\/Aircraft-Double-Helical-Gear-2-480x108.webp 480w\" sizes=\"(min-width: 0px) and (max-width: 480px) 480px, (min-width: 481px) 952px, 100vw\" \/><\/p>\n<\/div>","protected":false},"excerpt":{"rendered":"<p>Dimension:\u03a63mm- \u03a6120mm Module: M0.2 Material Type: Metal as customer required Aircraft Double Helical Gear Dimension \u03a68mm Module M0.15-M2.0 Material Type Metal, Bronze, Steel, Alloy, POM, Zinc, Aluminum, Iron, Stainless, Brass, Copper Meshing Grade ISO6, JGMA 1, JIS 6, AGMA 13, DIN 6,Din5,AGMA12 Application Automotive, Military, Aircraft, Mechanical, industrial, Medical Customized ODM\/OEM Sample Sample available Modes [&hellip;]<\/p>","protected":false},"featured_media":4580,"comment_status":"open","ping_status":"closed","template":"","meta":{"_et_pb_use_builder":"","_et_pb_old_content":"","_et_gb_content_width":""},"product_brand":[],"product_cat":[108],"product_tag":[],"class_list":{"0":"post-7326","1":"product","2":"type-product","3":"status-publish","4":"has-post-thumbnail","6":"product_cat-helical-gear","8":"first","9":"instock","10":"shipping-taxable","11":"product-type-simple"},"_links":{"self":[{"href":"https:\/\/fmp-components.com\/lv\/wp-json\/wp\/v2\/product\/7326","targetHints":{"allow":["GET"]}}],"collection":[{"href":"https:\/\/fmp-components.com\/lv\/wp-json\/wp\/v2\/product"}],"about":[{"href":"https:\/\/fmp-components.com\/lv\/wp-json\/wp\/v2\/types\/product"}],"replies":[{"embeddable":true,"href":"https:\/\/fmp-components.com\/lv\/wp-json\/wp\/v2\/comments?post=7326"}],"wp:featuredmedia":[{"embeddable":true,"href":"https:\/\/fmp-components.com\/lv\/wp-json\/wp\/v2\/media\/4580"}],"wp:attachment":[{"href":"https:\/\/fmp-components.com\/lv\/wp-json\/wp\/v2\/media?parent=7326"}],"wp:term":[{"taxonomy":"product_brand","embeddable":true,"href":"https:\/\/fmp-components.com\/lv\/wp-json\/wp\/v2\/product_brand?post=7326"},{"taxonomy":"product_cat","embeddable":true,"href":"https:\/\/fmp-components.com\/lv\/wp-json\/wp\/v2\/product_cat?post=7326"},{"taxonomy":"product_tag","embeddable":true,"href":"https:\/\/fmp-components.com\/lv\/wp-json\/wp\/v2\/product_tag?post=7326"}],"curies":[{"name":"wp","href":"https:\/\/api.w.org\/{rel}","templated":true}]}}