{"id":7228,"date":"2025-03-21T00:55:52","date_gmt":"2025-03-21T00:55:52","guid":{"rendered":"https:\/\/fmp-components.com\/?post_type=product&#038;p=7228"},"modified":"2025-03-21T01:26:57","modified_gmt":"2025-03-21T01:26:57","slug":"worm-and-wheel","status":"publish","type":"product","link":"https:\/\/fmp-components.com\/lv\/product\/worm-and-wheel\/","title":{"rendered":"T\u0101rps un ritenis"},"content":{"rendered":"<p><span style=\"color: #333333; font-size: 26px;\">Kas ir t\u0101rpu un rite\u0146u p\u0101rnesumi?<\/span><\/p>\n<div>\n<p class=\"break-words\">A <strong>t\u0101rpu un rite\u0146u p\u0101rnesumu sist\u0113ma<\/strong> ir specializ\u0113ts zobratu transmisijas veids, kas p\u0101rnes kust\u012bbu starp div\u0101m nekrustojo\u0161\u0101m v\u0101rpst\u0101m, parasti 90 gr\u0101du le\u0146\u0137\u012b. Sist\u0113ma sast\u0101v no div\u0101m galvenaj\u0101m sast\u0101vda\u013c\u0101m:<\/p>\n<ul class=\"marker:text-secondary\">\n<li class=\"break-words\"><strong>T\u0101rps<\/strong>Cilindriska, skr\u016bvveida deta\u013ca ar spir\u0101lveida v\u012btni.<\/li>\n<li class=\"break-words\"><strong>T\u0101rpu ritenis<\/strong>Zobrats, kas atg\u0101dina spir\u0101lveida zobratu, bet ar ieliektiem zobiem, kas paredz\u0113ti, lai maksim\u0101li palielin\u0101tu kontaktu ar t\u0101rpu.<\/li>\n<\/ul>\n<p class=\"break-words\">\u0160is unik\u0101lais dizains nodro\u0161ina augstus redukcijas koeficientus kompakt\u0101 form\u0101, padarot t\u0101rpu un rite\u0146u p\u0101rnesumus par lab\u0101ko risin\u0101jumu lietojumos, kuros nepiecie\u0161ams iev\u0113rojams \u0101truma samazin\u0101jums un griezes momenta palielin\u0101jums.<\/p>\n<table style=\"width: 100%;\" border=\"1\" width=\"100%\" cellspacing=\"0\" cellpadding=\"0\">\n<tbody>\n<tr style=\"height: 14.40pt;\">\n<td style=\"height: 14.4pt; width: 23.927%;\" width=\"83\" height=\"24\">\u00a0\u00a0\u00a0<img loading=\"lazy\" decoding=\"async\" class=\"alignnone size-full wp-image-7234\" src=\"https:\/\/fmp-components.com\/wp-content\/uploads\/2025\/03\/worm-and-wheel-5.webp\" alt=\"t\u0101rps un ritenis\" width=\"768\" height=\"695\" title=\"\" srcset=\"https:\/\/fmp-components.com\/wp-content\/uploads\/2025\/03\/worm-and-wheel-5.webp 768w, https:\/\/fmp-components.com\/wp-content\/uploads\/2025\/03\/worm-and-wheel-5-480x434.webp 480w\" sizes=\"(min-width: 0px) and (max-width: 480px) 480px, (min-width: 481px) 768px, 100vw\" \/><\/td>\n<td style=\"width: 24.4635%;\" align=\"right\" width=\"80\">\u00a0<img loading=\"lazy\" decoding=\"async\" class=\"alignnone size-full wp-image-7238\" src=\"https:\/\/fmp-components.com\/wp-content\/uploads\/2025\/03\/worm-and-wheel-1-1.webp\" alt=\"t\u0101rps un ritenis \" width=\"518\" height=\"345\" title=\"\" srcset=\"https:\/\/fmp-components.com\/wp-content\/uploads\/2025\/03\/worm-and-wheel-1-1.webp 518w, https:\/\/fmp-components.com\/wp-content\/uploads\/2025\/03\/worm-and-wheel-1-1-480x320.webp 480w\" sizes=\"(min-width: 0px) and (max-width: 480px) 480px, (min-width: 481px) 518px, 100vw\" \/><\/td>\n<td style=\"width: 27.146%;\" align=\"right\" width=\"154\"><img loading=\"lazy\" decoding=\"async\" class=\"alignnone size-full wp-image-7237\" src=\"https:\/\/fmp-components.com\/wp-content\/uploads\/2025\/03\/worm-and-wheel-2-1.webp\" alt=\"t\u0101rps un ritenis \" width=\"518\" height=\"345\" title=\"\" srcset=\"https:\/\/fmp-components.com\/wp-content\/uploads\/2025\/03\/worm-and-wheel-2-1.webp 518w, https:\/\/fmp-components.com\/wp-content\/uploads\/2025\/03\/worm-and-wheel-2-1-480x320.webp 480w\" sizes=\"(min-width: 0px) and (max-width: 480px) 480px, (min-width: 481px) 518px, 100vw\" \/><\/td>\n<td style=\"width: 24.1416%;\" width=\"80\"><img loading=\"lazy\" decoding=\"async\" class=\"alignnone size-full wp-image-7231\" src=\"https:\/\/fmp-components.com\/wp-content\/uploads\/2025\/03\/worm-and-wheel-2.webp\" alt=\"t\u0101rps un ritenis\" width=\"768\" height=\"695\" title=\"\" srcset=\"https:\/\/fmp-components.com\/wp-content\/uploads\/2025\/03\/worm-and-wheel-2.webp 768w, https:\/\/fmp-components.com\/wp-content\/uploads\/2025\/03\/worm-and-wheel-2-480x434.webp 480w\" sizes=\"(min-width: 0px) and (max-width: 480px) 480px, (min-width: 481px) 768px, 100vw\" \/><\/td>\n<\/tr>\n<tr style=\"height: 14.40pt;\">\n<td style=\"height: 14.4pt; width: 23.927%;\" height=\"24\"><img loading=\"lazy\" decoding=\"async\" class=\"alignnone size-full wp-image-7235\" src=\"https:\/\/fmp-components.com\/wp-content\/uploads\/2025\/03\/worm-and-wheel-6.webp\" alt=\"t\u0101rps un ritenis\" width=\"768\" height=\"695\" title=\"\" srcset=\"https:\/\/fmp-components.com\/wp-content\/uploads\/2025\/03\/worm-and-wheel-6.webp 768w, https:\/\/fmp-components.com\/wp-content\/uploads\/2025\/03\/worm-and-wheel-6-480x434.webp 480w\" sizes=\"(min-width: 0px) and (max-width: 480px) 480px, (min-width: 481px) 768px, 100vw\" \/><\/td>\n<td style=\"width: 24.4635%;\" align=\"right\"><img loading=\"lazy\" decoding=\"async\" class=\"alignnone size-full wp-image-7233\" src=\"https:\/\/fmp-components.com\/wp-content\/uploads\/2025\/03\/worm-and-wheel-4.webp\" alt=\"t\u0101rps un ritenis\" width=\"768\" height=\"695\" title=\"\" srcset=\"https:\/\/fmp-components.com\/wp-content\/uploads\/2025\/03\/worm-and-wheel-4.webp 768w, https:\/\/fmp-components.com\/wp-content\/uploads\/2025\/03\/worm-and-wheel-4-480x434.webp 480w\" sizes=\"(min-width: 0px) and (max-width: 480px) 480px, (min-width: 481px) 768px, 100vw\" \/><\/td>\n<td style=\"width: 27.146%;\" align=\"right\"><img loading=\"lazy\" decoding=\"async\" class=\"alignnone size-full wp-image-7236\" src=\"https:\/\/fmp-components.com\/wp-content\/uploads\/2025\/03\/worm-and-wheel-1.webp\" alt=\"t\u0101rps un ritenis\" width=\"768\" height=\"695\" title=\"\" srcset=\"https:\/\/fmp-components.com\/wp-content\/uploads\/2025\/03\/worm-and-wheel-1.webp 768w, https:\/\/fmp-components.com\/wp-content\/uploads\/2025\/03\/worm-and-wheel-1-480x434.webp 480w\" sizes=\"(min-width: 0px) and (max-width: 480px) 480px, (min-width: 481px) 768px, 100vw\" \/><\/td>\n<td style=\"width: 24.1416%;\"><img loading=\"lazy\" decoding=\"async\" class=\"alignnone size-full wp-image-7232\" src=\"https:\/\/fmp-components.com\/wp-content\/uploads\/2025\/03\/worm-and-wheel-3.webp\" alt=\"t\u0101rps un ritenis\" width=\"768\" height=\"695\" title=\"\" srcset=\"https:\/\/fmp-components.com\/wp-content\/uploads\/2025\/03\/worm-and-wheel-3.webp 768w, https:\/\/fmp-components.com\/wp-content\/uploads\/2025\/03\/worm-and-wheel-3-480x434.webp 480w\" sizes=\"(min-width: 0px) and (max-width: 480px) 480px, (min-width: 481px) 768px, 100vw\" \/><\/td>\n<\/tr>\n<\/tbody>\n<\/table>\n<h3>Specifik\u0101cija<\/h3>\n<p>Izm\u0113ri: \u03a65mm - \u03a6120mm<br \/>\nModulis: M0.2-M2.2<br \/>\nMateri\u0101la tips: alum\u012bnijs, bronza, t\u0113rauds, sakaus\u0113jums, cinks utt. p\u0113c klienta piepras\u012bjuma<\/p>\n<div class=\"table-responsive\">\n<table style=\"width: 100%;\" border=\"1\" width=\"100%\" cellspacing=\"0\" cellpadding=\"0\">\n<tbody>\n<tr class=\"firstRow\">\n<td colspan=\"2\">Prec\u012bzijas t\u0101rpu zobrati auto ier\u012bc\u0113s<\/td>\n<\/tr>\n<tr>\n<td>Izm\u0113rs<\/td>\n<td>\u03a65mm\u2013\u03a6120mm<\/td>\n<\/tr>\n<tr>\n<td>Modulis<\/td>\n<td>M0,2\u2013M2,2<\/td>\n<\/tr>\n<tr>\n<td>Materi\u0101la veids<\/td>\n<td>Alum\u012bnijs, bronza, t\u0113rauds, sakaus\u0113jums, cinks utt. p\u0113c klienta piepras\u012bjuma<\/td>\n<\/tr>\n<tr>\n<td>T\u012bkla klase<\/td>\n<td>JGMA1\/2\/3\/4\/5\/6\/7\/8 ISO 8\/7\/6\/5\/4<br \/>\nDIN 6\/5\/4\/3 AGME 12\/13\/14\/15\/16<\/td>\n<\/tr>\n<tr>\n<td>Termisk\u0101 apstr\u0101de<\/td>\n<td>JONU NITR\u012aDS<\/td>\n<\/tr>\n<tr>\n<td>Pieteikums<\/td>\n<td>Automobi\u013cu, medic\u012bnas, r\u016bpniec\u012bbas, milit\u0101r\u0101, lidma\u0161\u012bnu, meh\u0101nisk\u0101 u.c.<\/td>\n<\/tr>\n<tr>\n<td>Piel\u0101gots<\/td>\n<td>ODM\/OEM<\/td>\n<\/tr>\n<tr>\n<td>Paraugs<\/td>\n<td>Paraugs pieejams<\/td>\n<\/tr>\n<tr>\n<td>Iepako\u0161anas veidi<\/td>\n<td>Vakuuma iepakojums ar plastmasas papl\u0101ti<\/td>\n<\/tr>\n<tr>\n<td>Pieg\u0101des veidi<\/td>\n<td>DHL un TNT un FedEx un UPS<\/td>\n<\/tr>\n<tr>\n<td>Sertifik\u0101ts<\/td>\n<td>ISO9001:2008 un TS\/ISO16949:2008<\/td>\n<\/tr>\n<\/tbody>\n<\/table>\n<\/div>\n<\/div>\n<p><img loading=\"lazy\" decoding=\"async\" class=\"alignnone  wp-image-7240\" src=\"https:\/\/fmp-components.com\/wp-content\/uploads\/2025\/03\/worm-and-wheel-product-3.webp\" alt=\"t\u0101rps un ritenis\" width=\"938\" height=\"500\" title=\"\" srcset=\"https:\/\/fmp-components.com\/wp-content\/uploads\/2025\/03\/worm-and-wheel-product-3.webp 938w, https:\/\/fmp-components.com\/wp-content\/uploads\/2025\/03\/worm-and-wheel-product-3-480x256.webp 480w\" sizes=\"(min-width: 0px) and (max-width: 480px) 480px, (min-width: 481px) 938px, 100vw\" \/> <img loading=\"lazy\" decoding=\"async\" class=\"alignnone size-full wp-image-7241\" src=\"https:\/\/fmp-components.com\/wp-content\/uploads\/2025\/03\/worm-and-wheel-product-2.webp\" alt=\"t\u0101rps un ritenis\" width=\"937\" height=\"469\" title=\"\" srcset=\"https:\/\/fmp-components.com\/wp-content\/uploads\/2025\/03\/worm-and-wheel-product-2.webp 937w, https:\/\/fmp-components.com\/wp-content\/uploads\/2025\/03\/worm-and-wheel-product-2-480x240.webp 480w\" sizes=\"(min-width: 0px) and (max-width: 480px) 480px, (min-width: 481px) 937px, 100vw\" \/><\/p>\n<div>\n<h2>Galven\u0101s iez\u012bmes un priek\u0161roc\u012bbas<\/h2>\n<p class=\"break-words\">T\u0101rpu un rite\u0146u p\u0101rnesumiem ir at\u0161\u0137ir\u012bgas priek\u0161roc\u012bbas, padarot tos neaizst\u0101jamus da\u017e\u0101d\u0101s nozar\u0113s:<\/p>\n<ul class=\"marker:text-secondary\">\n<li class=\"break-words\"><strong>Augsta samazin\u0101\u0161anas attiec\u012bba<\/strong>: Viegli sasniedziet iev\u0113rojamu \u0101truma samazin\u0101jumu, ide\u0101li piem\u0113rots lietojumiem ar lielu griezes momentu.<\/li>\n<li class=\"break-words\"><strong>Kompakts dizains<\/strong>Viena no telpu taupo\u0161aj\u0101m p\u0101rnesumu sist\u0113m\u0101m, kas nodro\u0161ina iev\u0113rojamus samazin\u0101jumus minim\u0101l\u0101 telp\u0101.<\/li>\n<li class=\"break-words\"><strong>Pa\u0161blo\u0137\u0113\u0161an\u0101s sp\u0113ja<\/strong>Kad priek\u0161\u0113jais le\u0146\u0137is un berzes koeficients ir optimiz\u0113ti, \u0161ie zobrati var nov\u0113rst atpaka\u013cgaitu, uzlabojot dro\u0161\u012bbu noteiktos iestat\u012bjumos.<\/li>\n<li class=\"break-words\"><strong>Vienm\u0113r\u012bga un klusa darb\u012bba<\/strong>Sl\u012bdo\u0161ais kontakts starp t\u0101rpu un riteni nodro\u0161ina klus\u0101ku darb\u012bbu sal\u012bdzin\u0101jum\u0101 ar citiem p\u0101rnesumu veidiem.<\/li>\n<\/ul>\n<p class=\"break-words\">\u0160\u012bs \u012bpa\u0161\u012bbas padara t\u0101rpu un rite\u0146u p\u0101rnesumus par daudzpus\u012bgu izv\u0113li gan r\u016bpnieciskiem, gan prec\u012bzijas lietojumiem.<\/p>\n<div>\n<h2>T\u0101rpu un rite\u0146u p\u0101rnesumu pielietojumi<\/h2>\n<p class=\"break-words\">T\u0101rpu un rite\u0146u p\u0101rnesumi tiek izmantoti da\u017e\u0101dos gad\u012bjumos, tostarp:<\/p>\n<ul class=\"marker:text-secondary\">\n<li class=\"break-words\"><strong>\u0100truma reduktori<\/strong>Bie\u017ei sastopams ma\u0161\u012bn\u0101s, kur\u0101m nepiecie\u0161ams kontrol\u0113ts izejas \u0101trums.<\/li>\n<li class=\"break-words\"><strong>Lifti<\/strong>Nodro\u0161inot uzticamus pacel\u0161anas meh\u0101nismus.<\/li>\n<li class=\"break-words\"><strong>Darbgaldi<\/strong>Nodro\u0161inot precizit\u0101ti un jaudas p\u0101rvadi.<\/li>\n<li class=\"break-words\"><strong>\u0136\u0113\u017eu bloki<\/strong>Atvieglo smagumu cel\u0161anu, pateicoties kompaktajam p\u0101rnesumu p\u0101rvadam.<\/li>\n<li class=\"break-words\"><strong>Mak\u0161\u0137er\u0113\u0161anas spoles<\/strong>Nodro\u0161ina vienm\u0113r\u012bgu, augstas attiec\u012bbas kontroli.<\/li>\n<li class=\"break-words\"><strong>Automobi\u013cu st\u016bres pastiprin\u0101t\u0101js<\/strong>Uzlabojot transportl\u012bdzek\u013ca manevr\u0113tsp\u0113ju.<\/li>\n<li class=\"break-words\"><strong>Robotika un medic\u012bnas iek\u0101rtas<\/strong>Maza modu\u013ca zobratu izmanto\u0161ana prec\u012bziem uzdevumiem.<\/li>\n<\/ul>\n<p class=\"break-words\">It\u0101lij\u0101 t\u0101das nozares k\u0101 automobi\u013cu r\u016bpniec\u012bba, robotika un ma\u0161\u012bnb\u016bve \u2014 galven\u0101s nozares t\u0101dos re\u0123ionos k\u0101 Em\u012blija-Romanja un Lombardija \u2014 pa\u013caujas uz \u0161iem p\u0101rnesumiem to efektivit\u0101tes un uzticam\u012bbas d\u0113\u013c.<\/p>\n<div>\n<h2>FMP uz\u0146\u0113mums: J\u016bsu uzticamais t\u0101rpu un rite\u0146u ra\u017eot\u0101js It\u0101lij\u0101<\/h2>\n<p class=\"break-words\">Uz\u0146\u0113mum\u0101 FMP m\u0113s lepojamies ar to, ka esam vado\u0161ais t\u0101rpu un rite\u0146u p\u0101rnesumu pieg\u0101d\u0101t\u0101js, kas ar pla\u0161u produktu kl\u0101stu un piel\u0101go\u0161anas iesp\u0113j\u0101m apmierina da\u017e\u0101das vajadz\u012bbas. M\u016bsu pied\u0101v\u0101jums ietver:<\/p>\n<ul class=\"marker:text-secondary\">\n<li class=\"break-words\"><strong>Vienreiz\u0113jas un vair\u0101ku palai\u0161anas t\u0101rpi<\/strong>Pieejams ar da\u017e\u0101du v\u012bt\u0146u skaitu piel\u0101got\u0101m samazin\u0101\u0161anas attiec\u012bb\u0101m.<\/li>\n<li class=\"break-words\"><strong>T\u0101rpu rite\u0146i<\/strong>Ra\u017eots ar da\u017e\u0101du zobu skaitu un modu\u013ciem, lai atbilstu konkr\u0113tiem pielietojumiem.<\/li>\n<li class=\"break-words\"><strong>Piel\u0101goti dizaini<\/strong>Izstr\u0101d\u0101ts, lai atbilstu j\u016bsu unik\u0101laj\u0101m pras\u012bb\u0101m neatkar\u012bgi no to sare\u017e\u0123\u012bt\u012bbas.<\/li>\n<\/ul>\n<p><img loading=\"lazy\" decoding=\"async\" class=\"size-full wp-image-7229 aligncenter\" src=\"https:\/\/fmp-components.com\/wp-content\/uploads\/2025\/03\/worm-wheel-factory.webp\" alt=\"t\u0101rpu rite\u0146u fabrika\" width=\"1740\" height=\"630\" title=\"\" srcset=\"https:\/\/fmp-components.com\/wp-content\/uploads\/2025\/03\/worm-wheel-factory.webp 1740w, https:\/\/fmp-components.com\/wp-content\/uploads\/2025\/03\/worm-wheel-factory-1280x463.webp 1280w, https:\/\/fmp-components.com\/wp-content\/uploads\/2025\/03\/worm-wheel-factory-980x355.webp 980w, https:\/\/fmp-components.com\/wp-content\/uploads\/2025\/03\/worm-wheel-factory-480x174.webp 480w\" sizes=\"(min-width: 0px) and (max-width: 480px) 480px, (min-width: 481px) and (max-width: 980px) 980px, (min-width: 981px) and (max-width: 1280px) 1280px, (min-width: 1281px) 1740px, 100vw\" \/><\/p>\n<h3>Nevarat atrast savu modeli?<\/h3>\n<p class=\"break-words\">Ja m\u016bsu produktu sarakst\u0101 neatrodat tie\u0161i jums nepiecie\u0161amo t\u0101rpu un rite\u0146u p\u0101rvadu, neuztraucieties \u2014 iesp\u0113jams, mums v\u0113l nav bijusi iesp\u0113ja to aug\u0161upiel\u0101d\u0113t. Vienk\u0101r\u0161i <strong>rakstiet mums<\/strong> atbilsto\u0161i j\u016bsu specifik\u0101cij\u0101m, un m\u016bsu pieredz\u0113ju\u0161ie in\u017eenieri atbild\u0113s 24 stundu laik\u0101 ar j\u016bsu vajadz\u012bb\u0101m piel\u0101gotu risin\u0101jumu. Neatkar\u012bgi no t\u0101, vai atrodaties Mil\u0101n\u0101, Tur\u012bn\u0101 vai jebkur citur It\u0101lij\u0101, m\u0113s esam \u0161eit, lai sniegtu jums \u0101tru un personaliz\u0113tu apkalpo\u0161anu.<\/p>\n<div>\n<h2>T\u0101rpu un rite\u0146u p\u0101rnesumu tehniskie apsv\u0113rumi<\/h2>\n<p class=\"break-words\">Efekt\u012bvas t\u0101rpu un rite\u0146u sist\u0113mas projekt\u0113\u0161anai j\u0101piev\u0113r\u0161 uzman\u012bba vair\u0101kiem kritiskiem parametriem:<\/p>\n<ul class=\"marker:text-secondary\">\n<li class=\"break-words\"><strong>Modulis<\/strong>: Nosaka zobrata zobu izm\u0113ru.<\/li>\n<li class=\"break-words\"><strong>Spiediena le\u0146\u0137is<\/strong>Ietekm\u0113 kravnes\u012bbu un efektivit\u0101ti.<\/li>\n<li class=\"break-words\"><strong>Zobu skaits uz t\u0101rpa rite\u0146a<\/strong>: Nosaka samazin\u0101\u0161anas koeficientu atkar\u012bb\u0101 no t\u0101rpa pavedienu skaita.<\/li>\n<li class=\"break-words\"><strong>V\u012bt\u0146u skaits uz t\u0101rpa<\/strong>Viena, dubulta vai tr\u012bsk\u0101r\u0161a iedarbin\u0101\u0161ana ietekm\u0113 \u0101trumu un griezes momenta izvadi.<\/li>\n<li class=\"break-words\"><strong>T\u0101rpa pi\u0137a diametrs<\/strong>Ietekm\u0113 p\u0101rnesuma \u0123eometriju.<\/li>\n<li class=\"break-words\"><strong>Centra att\u0101lums<\/strong>Nodro\u0161ina pareizu v\u0101rpstu izl\u012bdzin\u0101\u0161anu.<\/li>\n<\/ul>\n<p class=\"break-words\">Piem\u0113ram, sist\u0113ma ar moduli 3, t\u0101rpa so\u013ca diametru 44 mm, centra att\u0101lumu 67 mm un t\u0101rpa ratu ar 30 zobiem var sasniegt redukcijas koeficientus, piem\u0113ram, 30:1 (vienas v\u012btnes t\u0101rps) vai 15:1 (divk\u0101r\u0161as v\u012btnes t\u0101rps), ko var regul\u0113t, mainot v\u012bt\u0146u skaitu.<\/p>\n<p class=\"break-words\"><img loading=\"lazy\" decoding=\"async\" class=\"wp-image-7242 aligncenter\" src=\"https:\/\/fmp-components.com\/wp-content\/uploads\/2025\/03\/worm-and-wheel-product-5.webp\" alt=\"t\u0101rpu un rite\u0146u produkts-5\" width=\"839\" height=\"581\" title=\"\" srcset=\"https:\/\/fmp-components.com\/wp-content\/uploads\/2025\/03\/worm-and-wheel-product-5.webp 390w, https:\/\/fmp-components.com\/wp-content\/uploads\/2025\/03\/worm-and-wheel-product-5-300x208.webp 300w, https:\/\/fmp-components.com\/wp-content\/uploads\/2025\/03\/worm-and-wheel-product-5-18x12.webp 18w\" sizes=\"(max-width: 839px) 100vw, 839px\" \/><\/p>\n<\/div>\n<\/div>\n<\/div>\n<\/div>","protected":false},"excerpt":{"rendered":"<p>What Are Worm and Wheel Gears? A worm and wheel gear system is a specialized type of gear transmission that transfers motion between two non-intersecting shafts, typically at a 90-degree angle. The system comprises two key components: Worm: A cylindrical, screw-like component with spiral threads. Worm Wheel: A gear resembling a helical gear, but with [&hellip;]<\/p>","protected":false},"featured_media":7239,"comment_status":"open","ping_status":"closed","template":"","meta":{"_et_pb_use_builder":"","_et_pb_old_content":"","_et_gb_content_width":""},"product_brand":[],"product_cat":[107],"product_tag":[],"class_list":{"0":"post-7228","1":"product","2":"type-product","3":"status-publish","4":"has-post-thumbnail","6":"product_cat-worm-gear","8":"first","9":"instock","10":"shipping-taxable","11":"product-type-simple"},"_links":{"self":[{"href":"https:\/\/fmp-components.com\/lv\/wp-json\/wp\/v2\/product\/7228","targetHints":{"allow":["GET"]}}],"collection":[{"href":"https:\/\/fmp-components.com\/lv\/wp-json\/wp\/v2\/product"}],"about":[{"href":"https:\/\/fmp-components.com\/lv\/wp-json\/wp\/v2\/types\/product"}],"replies":[{"embeddable":true,"href":"https:\/\/fmp-components.com\/lv\/wp-json\/wp\/v2\/comments?post=7228"}],"wp:featuredmedia":[{"embeddable":true,"href":"https:\/\/fmp-components.com\/lv\/wp-json\/wp\/v2\/media\/7239"}],"wp:attachment":[{"href":"https:\/\/fmp-components.com\/lv\/wp-json\/wp\/v2\/media?parent=7228"}],"wp:term":[{"taxonomy":"product_brand","embeddable":true,"href":"https:\/\/fmp-components.com\/lv\/wp-json\/wp\/v2\/product_brand?post=7228"},{"taxonomy":"product_cat","embeddable":true,"href":"https:\/\/fmp-components.com\/lv\/wp-json\/wp\/v2\/product_cat?post=7228"},{"taxonomy":"product_tag","embeddable":true,"href":"https:\/\/fmp-components.com\/lv\/wp-json\/wp\/v2\/product_tag?post=7228"}],"curies":[{"name":"wp","href":"https:\/\/api.w.org\/{rel}","templated":true}]}}