{"id":7207,"date":"2025-03-20T07:32:17","date_gmt":"2025-03-20T07:32:17","guid":{"rendered":"https:\/\/fmp-components.com\/?post_type=product&#038;p=7207"},"modified":"2025-03-26T08:50:47","modified_gmt":"2025-03-26T08:50:47","slug":"worm-gear-shaft-worm-gear-drive-shaft","status":"publish","type":"product","link":"https:\/\/fmp-components.com\/lv\/product\/worm-gear-shaft-worm-gear-drive-shaft\/","title":{"rendered":"T\u0101rpu zobrata v\u0101rpsta (t\u0101rpu zobrata piedzi\u0146as v\u0101rpsta)"},"content":{"rendered":"<p>T\u0101rpu zobrata v\u0101rpsta ir kritiski svar\u012bga meh\u0101niska sast\u0101vda\u013ca, ko izmanto da\u017e\u0101d\u0101s nozar\u0113s, lai p\u0101rs\u016bt\u012btu jaudu un kust\u012bbu starp neparal\u0113l\u0101m v\u0101rpst\u0101m, nodro\u0161inot augstu griezes momentu un vienm\u0113r\u012bgu darb\u012bbu. Uz\u0146\u0113mum\u0101 FMP m\u0113s specializ\u0113jamies pla\u0161a kl\u0101sta ra\u017eo\u0161an\u0101. <a href=\"https:\/\/fmp-components.com\/lv\/worm-gear-and-worm-shaft-2\/\">t\u0101rpu p\u0101rnesums<\/a> v\u0101rpstas, kas piel\u0101gotas da\u017e\u0101du pielietojumu vajadz\u012bb\u0101m, un m\u0113s pied\u0101v\u0101jam ar\u012b piel\u0101gotus risin\u0101jumus, kas atbilst j\u016bsu \u012bpa\u0161aj\u0101m pras\u012bb\u0101m. Ja m\u016bsu produktu sarakst\u0101 neatrodat nepiecie\u0161amo modeli, iesp\u0113jams, m\u0113s to v\u0113l neesam aug\u0161upiel\u0101d\u0113ju\u0161i \u2014 l\u016bdzu, rakstiet mums e-pastu ar v\u0113lamaj\u0101m specifik\u0101cij\u0101m, un m\u016bsu in\u017eenieri atbild\u0113s 24 stundu laik\u0101 ar personaliz\u0113tu risin\u0101jumu.<\/p>\n<p><img loading=\"lazy\" decoding=\"async\" class=\"alignnone size-full wp-image-7226\" src=\"https:\/\/fmp-components.com\/wp-content\/uploads\/2025\/03\/Worm-Gear-Shaft-Manufacturers-2.webp\" alt=\"T\u0101rpu zobratu v\u0101rpstu ra\u017eot\u0101ji\" width=\"1000\" height=\"285\" title=\"\" srcset=\"https:\/\/fmp-components.com\/wp-content\/uploads\/2025\/03\/Worm-Gear-Shaft-Manufacturers-2.webp 1000w, https:\/\/fmp-components.com\/wp-content\/uploads\/2025\/03\/Worm-Gear-Shaft-Manufacturers-2-980x279.webp 980w, https:\/\/fmp-components.com\/wp-content\/uploads\/2025\/03\/Worm-Gear-Shaft-Manufacturers-2-480x137.webp 480w\" sizes=\"(min-width: 0px) and (max-width: 480px) 480px, (min-width: 481px) and (max-width: 980px) 980px, (min-width: 981px) 1000px, 100vw\" \/><\/p>\n<table style=\"border-collapse: collapse; width: 98.0079%; height: 90px;\" border=\"0\" width=\"317\" cellspacing=\"0\" cellpadding=\"0\">\n<tbody>\n<tr style=\"height: 14.40pt;\">\n<td style=\"height: 14.4pt; width: 32.0218%;\" width=\"83\" height=\"24\"><img loading=\"lazy\" decoding=\"async\" class=\"size-full wp-image-7210 aligncenter\" src=\"https:\/\/fmp-components.com\/wp-content\/uploads\/2025\/03\/Wholesale-Worm-Gear-Shaft-Factory.webp\" alt=\"Vairumtirdzniec\u012bbas t\u0101rpu zobratu v\u0101rpstas r\u016bpn\u012bca\" width=\"1440\" height=\"951\" title=\"\" srcset=\"https:\/\/fmp-components.com\/wp-content\/uploads\/2025\/03\/Wholesale-Worm-Gear-Shaft-Factory.webp 1440w, https:\/\/fmp-components.com\/wp-content\/uploads\/2025\/03\/Wholesale-Worm-Gear-Shaft-Factory-1280x845.webp 1280w, https:\/\/fmp-components.com\/wp-content\/uploads\/2025\/03\/Wholesale-Worm-Gear-Shaft-Factory-980x647.webp 980w, https:\/\/fmp-components.com\/wp-content\/uploads\/2025\/03\/Wholesale-Worm-Gear-Shaft-Factory-480x317.webp 480w\" sizes=\"(min-width: 0px) and (max-width: 480px) 480px, (min-width: 481px) and (max-width: 980px) 980px, (min-width: 981px) and (max-width: 1280px) 1280px, (min-width: 1281px) 1440px, 100vw\" \/><\/td>\n<td style=\"width: 33.1148%;\" align=\"right\" width=\"80\"><img loading=\"lazy\" decoding=\"async\" class=\"size-full wp-image-7216 aligncenter\" src=\"https:\/\/fmp-components.com\/wp-content\/uploads\/2025\/03\/worm-gear-shaft-1.webp\" alt=\"t\u0101rpu zobrata v\u0101rpsta\" width=\"1000\" height=\"666\" title=\"\" srcset=\"https:\/\/fmp-components.com\/wp-content\/uploads\/2025\/03\/worm-gear-shaft-1.webp 1000w, https:\/\/fmp-components.com\/wp-content\/uploads\/2025\/03\/worm-gear-shaft-1-980x653.webp 980w, https:\/\/fmp-components.com\/wp-content\/uploads\/2025\/03\/worm-gear-shaft-1-480x320.webp 480w\" sizes=\"(min-width: 0px) and (max-width: 480px) 480px, (min-width: 481px) and (max-width: 980px) 980px, (min-width: 981px) 1000px, 100vw\" \/><\/td>\n<td style=\"width: 34.7541%;\" align=\"right\" width=\"154\"><img loading=\"lazy\" decoding=\"async\" class=\"size-full wp-image-7217 aligncenter\" src=\"https:\/\/fmp-components.com\/wp-content\/uploads\/2025\/03\/Worm-Gear-Shaft-Manufacturers.webp\" alt=\"T\u0101rpu zobratu v\u0101rpstu ra\u017eot\u0101ji\" width=\"1440\" height=\"951\" title=\"\" srcset=\"https:\/\/fmp-components.com\/wp-content\/uploads\/2025\/03\/Worm-Gear-Shaft-Manufacturers.webp 1440w, https:\/\/fmp-components.com\/wp-content\/uploads\/2025\/03\/Worm-Gear-Shaft-Manufacturers-1280x845.webp 1280w, https:\/\/fmp-components.com\/wp-content\/uploads\/2025\/03\/Worm-Gear-Shaft-Manufacturers-980x647.webp 980w, https:\/\/fmp-components.com\/wp-content\/uploads\/2025\/03\/Worm-Gear-Shaft-Manufacturers-480x317.webp 480w\" sizes=\"(min-width: 0px) and (max-width: 480px) 480px, (min-width: 481px) and (max-width: 980px) 980px, (min-width: 981px) and (max-width: 1280px) 1280px, (min-width: 1281px) 1440px, 100vw\" \/><\/td>\n<\/tr>\n<tr style=\"height: 14.40pt;\">\n<td style=\"height: 14.4pt; width: 32.0218%;\" height=\"24\"><img loading=\"lazy\" decoding=\"async\" class=\"size-full wp-image-7219 aligncenter\" src=\"https:\/\/fmp-components.com\/wp-content\/uploads\/2025\/03\/Worm-Gear-Shaft-3.webp\" alt=\"T\u0101rpu zobrats-v\u0101rpsta\" width=\"1000\" height=\"666\" title=\"\" srcset=\"https:\/\/fmp-components.com\/wp-content\/uploads\/2025\/03\/Worm-Gear-Shaft-3.webp 1000w, https:\/\/fmp-components.com\/wp-content\/uploads\/2025\/03\/Worm-Gear-Shaft-3-980x653.webp 980w, https:\/\/fmp-components.com\/wp-content\/uploads\/2025\/03\/Worm-Gear-Shaft-3-480x320.webp 480w\" sizes=\"(min-width: 0px) and (max-width: 480px) 480px, (min-width: 481px) and (max-width: 980px) 980px, (min-width: 981px) 1000px, 100vw\" \/><\/td>\n<td style=\"width: 33.1148%;\" align=\"right\"><img loading=\"lazy\" decoding=\"async\" class=\"size-full wp-image-7218 aligncenter\" src=\"https:\/\/fmp-components.com\/wp-content\/uploads\/2025\/03\/Worm-Gear-Shaft-4.webp\" alt=\"T\u0101rpu zobrats\" width=\"1000\" height=\"666\" title=\"\" srcset=\"https:\/\/fmp-components.com\/wp-content\/uploads\/2025\/03\/Worm-Gear-Shaft-4.webp 1000w, https:\/\/fmp-components.com\/wp-content\/uploads\/2025\/03\/Worm-Gear-Shaft-4-980x653.webp 980w, https:\/\/fmp-components.com\/wp-content\/uploads\/2025\/03\/Worm-Gear-Shaft-4-480x320.webp 480w\" sizes=\"(min-width: 0px) and (max-width: 480px) 480px, (min-width: 481px) and (max-width: 980px) 980px, (min-width: 981px) 1000px, 100vw\" \/><\/td>\n<td style=\"width: 34.7541%;\" align=\"right\"><img loading=\"lazy\" decoding=\"async\" class=\"size-full wp-image-7215 aligncenter\" src=\"https:\/\/fmp-components.com\/wp-content\/uploads\/2025\/03\/worm-gear-shaft-2.webp\" alt=\"t\u0101rpu zobrata v\u0101rpsta\" width=\"1000\" height=\"666\" title=\"\" srcset=\"https:\/\/fmp-components.com\/wp-content\/uploads\/2025\/03\/worm-gear-shaft-2.webp 1000w, https:\/\/fmp-components.com\/wp-content\/uploads\/2025\/03\/worm-gear-shaft-2-980x653.webp 980w, https:\/\/fmp-components.com\/wp-content\/uploads\/2025\/03\/worm-gear-shaft-2-480x320.webp 480w\" sizes=\"(min-width: 0px) and (max-width: 480px) 480px, (min-width: 481px) and (max-width: 980px) 980px, (min-width: 981px) 1000px, 100vw\" \/><\/td>\n<\/tr>\n<\/tbody>\n<\/table>\n<h2>T\u0101rpu p\u0101rnesumu v\u0101rpstas specifik\u0101cijas<\/h2>\n<article class=\"4ever-article\" data-clipboard-cangjie=\"[&quot;root&quot;,{&quot;copyFrom&quot;:2066762897},[&quot;p&quot;,{},[&quot;span&quot;,{&quot;data-type&quot;:&quot;text&quot;},[&quot;span&quot;,{&quot;data-type&quot;:&quot;leaf&quot;},&quot;For more models and specifications, please contact us by email and our experts will respond to you promptly!&quot;]]]]\">Lai uzzin\u0101tu vair\u0101k par mode\u013ciem un specifik\u0101cij\u0101m, l\u016bdzu, sazinieties ar mums pa e-pastu, un m\u016bsu eksperti jums nekav\u0113joties atbild\u0113s!<\/article>\n<table class=\"table\" border=\"1\" width=\"100%\" cellspacing=\"0\" cellpadding=\"0\">\n<tbody>\n<tr class=\"firstRow\">\n<td valign=\"center\" width=\"132\">Mode\u013ca numurs<\/td>\n<td valign=\"center\" width=\"491\">M1, M2, M3, M4, M5, M8, M12 un citi.<\/td>\n<\/tr>\n<tr>\n<td valign=\"center\" width=\"132\">Materi\u0101ls<\/td>\n<td valign=\"center\" width=\"491\">Misi\u0146\u0161, C45 t\u0113rauds, ner\u016bs\u0113jo\u0161ais t\u0113rauds, var\u0161, POM, alum\u012bnijs, sakaus\u0113jums utt.<\/td>\n<\/tr>\n<tr>\n<td valign=\"center\" width=\"132\">Virsmas apstr\u0101de<\/td>\n<td valign=\"center\" width=\"491\">Cinkots, Ni\u0137el\u0113ts, Pasiv\u0101cija, Oksid\u0101cija, Anod\u0113\u0161ana,<br \/>\n\u0122eomets, dakromets, melnais oks\u012bds, fosfatiz\u0101cija, pulverkr\u0101so\u0161ana un elektrofor\u0113ze<\/td>\n<\/tr>\n<tr>\n<td valign=\"center\" width=\"132\">Standarta<\/td>\n<td valign=\"center\" width=\"491\">ISO, DIN, ANSI, JIS, BS un nestandarta.<\/td>\n<\/tr>\n<tr>\n<td valign=\"center\" width=\"132\">Precizit\u0101te<\/td>\n<td valign=\"center\" width=\"491\">DIN6, DIN7, DIN8, DIN9.<\/td>\n<\/tr>\n<tr>\n<td valign=\"center\" width=\"132\">Zobu \u0101rst\u0113\u0161ana<\/td>\n<td valign=\"center\" width=\"491\">R\u016bd\u012bts, fr\u0113z\u0113ts vai samalts<\/td>\n<\/tr>\n<tr>\n<td valign=\"center\" width=\"132\">Tolerance<\/td>\n<td valign=\"center\" width=\"491\">0,001 mm\u20130,01 mm\u20130,1 mm<\/td>\n<\/tr>\n<tr>\n<td valign=\"center\" width=\"132\">Pabeigt<\/td>\n<td valign=\"center\" width=\"491\">ar lodveida\/smil\u0161u str\u016bklu, termisko apstr\u0101di, atkv\u0113lin\u0101\u0161anu, r\u016bd\u012b\u0161anu, pul\u0113\u0161anu, anod\u0113\u0161anu, cinko\u0161anu<\/td>\n<\/tr>\n<tr>\n<td valign=\"center\" width=\"132\">Pre\u010du iesai\u0146o\u0161ana<\/td>\n<td valign=\"center\" width=\"491\">Plastmasas maisi\u0146\u0161 + kartona kastes vai koka iepakojums<\/td>\n<\/tr>\n<tr>\n<td valign=\"center\" width=\"132\">Maks\u0101juma noteikumi<\/td>\n<td valign=\"center\" width=\"491\">T\/T, akredit\u012bvs<\/td>\n<\/tr>\n<tr>\n<td valign=\"center\" width=\"132\">Ra\u017eo\u0161anas izpildes laiks<\/td>\n<td valign=\"center\" width=\"491\">20 darba dienas paraugam, 25 dienas liel\u0101kajai da\u013cai<\/td>\n<\/tr>\n<tr>\n<td valign=\"center\" width=\"132\">Paraugi<\/td>\n<td valign=\"center\" width=\"491\">Parauga cenu diapazons ir no $2 l\u012bdz $100.<br \/>\nklientu apmaks\u0101ta eksprespiepras\u012bjuma paraugs<\/td>\n<\/tr>\n<tr>\n<td valign=\"center\" width=\"132\">Pieteikums<\/td>\n<td valign=\"center\" width=\"491\">1. Autom\u0101tiska vad\u012bbas iek\u0101rta<br \/>\n2. Pusvad\u012bt\u0101ju r\u016bpniec\u012bba<br \/>\n3. Visp\u0101r\u0113j\u0101s r\u016bpniec\u012bbas iek\u0101rtas<br \/>\n4. Medic\u012bnas iek\u0101rtas<br \/>\n5. Saules ener\u0123ijas iek\u0101rtas<br \/>\n6. Darbgalds<br \/>\n7. Parko\u0161an\u0101s sist\u0113ma<br \/>\n8. \u0100trgaitas dzelzce\u013ca un avi\u0101cijas transporta apr\u012bkojums utt.<\/td>\n<\/tr>\n<\/tbody>\n<\/table>\n<p><img loading=\"lazy\" decoding=\"async\" class=\"size-full wp-image-7220 aligncenter\" src=\"https:\/\/fmp-components.com\/wp-content\/uploads\/2025\/03\/worm-gear-shaft-1-1.webp\" alt=\"t\u0101rpu zobrata v\u0101rpsta\" width=\"830\" height=\"728\" title=\"\" srcset=\"https:\/\/fmp-components.com\/wp-content\/uploads\/2025\/03\/worm-gear-shaft-1-1.webp 830w, https:\/\/fmp-components.com\/wp-content\/uploads\/2025\/03\/worm-gear-shaft-1-1-480x421.webp 480w\" sizes=\"(min-width: 0px) and (max-width: 480px) 480px, (min-width: 481px) 830px, 100vw\" \/><\/p>\n<div>\n<h3>Saist\u012bba starp t\u0101rpu p\u0101rnesumu v\u0101rpstu un t\u0101rpu p\u0101rnesumk\u0101rbu<\/h3>\n<p class=\"break-words\">T\u0101rpu p\u0101rnesumk\u0101rba ir specializ\u0113ta zobratu sist\u0113ma, kas paredz\u0113ta rot\u0101cijas \u0101truma samazin\u0101\u0161anai, vienlaikus palielinot griezes momentu, padarot to ide\u0101li piem\u0113rotu da\u017e\u0101diem r\u016bpnieciskiem lietojumiem. T\u0101s kodols sast\u0101v no div\u0101m galvenaj\u0101m sast\u0101vda\u013c\u0101m: t\u0101rpa un t\u0101rpa zobrata. T\u0101rps, kas atg\u0101dina skr\u016bvi, ir uzst\u0101d\u012bts uz ieejas v\u0101rpstas (bie\u017ei saukts par t\u0101rpa v\u0101rpstu). \u0160is t\u0101rps sa\u0137eras ar t\u0101rpa zobratu \u2014 zobratu ar zobiem, kas \u012bpa\u0161i paredz\u0113ti sa\u0137erei ar t\u0101rpu. Savuk\u0101rt t\u0101rpa zobrats ir uzst\u0101d\u012bts uz izejas v\u0101rpstas, ko da\u017ereiz sauc par t\u0101rpa zobrata v\u0101rpstu.<\/p>\n<p class=\"break-words\">Saist\u012bba starp t\u0101rpu zobrata v\u0101rpstu un t\u0101rpu p\u0101rnesumk\u0101rbu ir vienk\u0101r\u0161a, tom\u0113r kritiska: t\u0101rpu zobrata v\u0101rpsta kalpo k\u0101 t\u0101rpu p\u0101rnesumk\u0101rbas izejas v\u0101rpsta. T\u0101 nes t\u0101rpu zobratu, ko darbina t\u0101rps. \u0160\u012b mijiedarb\u012bba \u013cauj p\u0101rnesumk\u0101rbai p\u0101rveidot \u0101trgaitas, zema griezes momenta ieeju (no t\u0101rpu v\u0101rpstas) zema \u0101truma, augsta griezes momenta izej\u0101 (caur t\u0101rpu zobrata v\u0101rpstu). \u0160\u012b unik\u0101l\u0101 konfigur\u0101cija sniedz vair\u0101kas priek\u0161roc\u012bbas, tostarp:<\/p>\n<ul class=\"marker:text-secondary\">\n<li class=\"break-words\"><strong>Augsta griezes momenta reizin\u0101\u0161ana<\/strong>Ide\u0101li piem\u0113rots smag\u0101m ma\u0161\u012bn\u0101m.<\/li>\n<li class=\"break-words\"><strong>Kompakts dizains<\/strong>Piem\u0113rots lieto\u0161anai ierobe\u017eot\u0101 telp\u0101.<\/li>\n<li class=\"break-words\"><strong>Pa\u0161blo\u0137\u0113\u0161an\u0101s sp\u0113ja<\/strong>: Da\u017eos dizainos nov\u0113r\u0161 atpaka\u013cgaitas kust\u012bbu, uzlabojot dro\u0161\u012bbu.<\/li>\n<\/ul>\n<p class=\"break-words\">Rezum\u0113jot, t\u0101rpu zobrata v\u0101rpsta ir neat\u0146emama t\u0101rpu zobrata sast\u0101vda\u013ca, kurai ir galven\u0101 loma regul\u0113t\u0101s kust\u012bbas un griezes momenta p\u0101rraid\u0113 uz piedzi\u0146as iek\u0101rtu.<\/p>\n<h3>M\u016bsu uz\u0146\u0113muma t\u0101rpu p\u0101rnesumk\u0101rbu pied\u0101v\u0101jumi<\/h3>\n<p class=\"break-words\">M\u016bsu uz\u0146\u0113mum\u0101 m\u0113s specializ\u0113jamies pla\u0161a kl\u0101sta t\u0101rpu p\u0101rnesumk\u0101rbu ra\u017eo\u0161an\u0101, kas piel\u0101gotas da\u017e\u0101d\u0101m r\u016bpniec\u012bbas vajadz\u012bb\u0101m. Neatkar\u012bgi no t\u0101, vai jums ir nepiecie\u0161ami standarta mode\u013ci visp\u0101r\u0113jiem pielietojumiem vai piel\u0101goti risin\u0101jumi \u012bpa\u0161\u0101m pras\u012bb\u0101m, mums ir zin\u0101\u0161anas un iesp\u0113jas pieg\u0101d\u0101t augstas kvalit\u0101tes produktus. M\u016bsu t\u0101rpu p\u0101rnesumk\u0101rbas ir izstr\u0101d\u0101tas, koncentr\u0113joties uz:<\/p>\n<ul class=\"marker:text-secondary\">\n<li class=\"break-words\"><strong>Iztur\u012bba<\/strong>Izstr\u0101d\u0101ts, lai iztur\u0113tu sare\u017e\u0123\u012btus apst\u0101k\u013cus.<\/li>\n<li class=\"break-words\"><strong>Efektivit\u0101te<\/strong>Optimiz\u0113ts veiktsp\u0113jai un ener\u0123ijas taup\u012b\u0161anai.<\/li>\n<li class=\"break-words\"><strong>Daudzpus\u012bba<\/strong>Piem\u0113rots t\u0101d\u0101m nozar\u0113m k\u0101 ra\u017eo\u0161ana, automatiz\u0101cija un materi\u0101lu apstr\u0101de.<\/li>\n<\/ul>\n<p class=\"break-words\">Ja jums ir nepiecie\u0161amas t\u0101rpu p\u0101rnesumk\u0101rbas \u2014 neatkar\u012bgi no t\u0101, vai t\u0101s ir paredz\u0113tas konveijeriem, liftiem vai cit\u0101m ma\u0161\u012bn\u0101m \u2014, aicin\u0101m sazin\u0101ties ar mums. M\u016bsu komanda ir gatava sniegt ekspertu padomus, detaliz\u0113tu inform\u0101ciju un personaliz\u0113tu atbalstu, lai nodro\u0161in\u0101tu, ka j\u016bs atrad\u012bsiet savam pielietojumam ide\u0101lu risin\u0101jumu. Sazinieties ar mums jau \u0161odien, lai p\u0101rrun\u0101tu, k\u0101 m\u0113s varam jums pal\u012bdz\u0113t!<\/p>\n<table style=\"width: 100%;\" border=\"0\" width=\"100%\" cellspacing=\"0\" cellpadding=\"0\">\n<tbody>\n<tr style=\"height: 14.40pt;\">\n<td style=\"height: 14.40pt; width: 49.80pt;\" width=\"83\" height=\"24\"><img loading=\"lazy\" decoding=\"async\" class=\"size-full wp-image-7223 aligncenter\" src=\"https:\/\/fmp-components.com\/wp-content\/uploads\/2025\/03\/The-relationship-between-worm-gear-shaft-and-worm-gearbox.webp\" alt=\"T\u0101rpu p\u0101rnesuma v\u0101rpstas un t\u0101rpu p\u0101rnesumk\u0101rbas saist\u012bba2\" width=\"1000\" height=\"667\" title=\"\" srcset=\"https:\/\/fmp-components.com\/wp-content\/uploads\/2025\/03\/The-relationship-between-worm-gear-shaft-and-worm-gearbox.webp 1000w, https:\/\/fmp-components.com\/wp-content\/uploads\/2025\/03\/The-relationship-between-worm-gear-shaft-and-worm-gearbox-980x654.webp 980w, https:\/\/fmp-components.com\/wp-content\/uploads\/2025\/03\/The-relationship-between-worm-gear-shaft-and-worm-gearbox-480x320.webp 480w\" sizes=\"(min-width: 0px) and (max-width: 480px) 480px, (min-width: 481px) and (max-width: 980px) 980px, (min-width: 981px) 1000px, 100vw\" \/><\/td>\n<td style=\"width: 48.00pt;\" align=\"right\" width=\"80\"><img loading=\"lazy\" decoding=\"async\" class=\"wp-image-7224 alignnone\" src=\"https:\/\/fmp-components.com\/wp-content\/uploads\/2025\/03\/Worm-Gear-Shaft-Applications-2.webp\" alt=\"T\u0101rpu zobratu v\u0101rpstas pielietojumi-2\" width=\"476\" height=\"318\" title=\"\"><\/td>\n<\/tr>\n<tr style=\"height: 14.40pt;\">\n<td style=\"height: 14.40pt;\" height=\"24\"><img loading=\"lazy\" decoding=\"async\" class=\"size-full wp-image-7225 aligncenter\" src=\"https:\/\/fmp-components.com\/wp-content\/uploads\/2025\/03\/The-relationship-between-worm-gear-shaft-and-worm-gearbox3.webp\" alt=\"T\u0101rpu p\u0101rnesuma v\u0101rpstas un t\u0101rpu p\u0101rnesumk\u0101rbas saist\u012bba3\" width=\"1000\" height=\"662\" title=\"\" srcset=\"https:\/\/fmp-components.com\/wp-content\/uploads\/2025\/03\/The-relationship-between-worm-gear-shaft-and-worm-gearbox3.webp 1000w, https:\/\/fmp-components.com\/wp-content\/uploads\/2025\/03\/The-relationship-between-worm-gear-shaft-and-worm-gearbox3-980x649.webp 980w, https:\/\/fmp-components.com\/wp-content\/uploads\/2025\/03\/The-relationship-between-worm-gear-shaft-and-worm-gearbox3-480x318.webp 480w\" sizes=\"(min-width: 0px) and (max-width: 480px) 480px, (min-width: 481px) and (max-width: 980px) 980px, (min-width: 981px) 1000px, 100vw\" \/><\/td>\n<td align=\"right\"><img loading=\"lazy\" decoding=\"async\" class=\"size-full wp-image-7222 aligncenter\" src=\"https:\/\/fmp-components.com\/wp-content\/uploads\/2025\/03\/The-relationship-between-worm-gear-shaft-and-worm-gearbox2.webp\" alt=\"T\u0101rpu p\u0101rnesuma v\u0101rpstas un t\u0101rpu p\u0101rnesumk\u0101rbas saist\u012bba2\" width=\"1000\" height=\"667\" title=\"\" srcset=\"https:\/\/fmp-components.com\/wp-content\/uploads\/2025\/03\/The-relationship-between-worm-gear-shaft-and-worm-gearbox2.webp 1000w, https:\/\/fmp-components.com\/wp-content\/uploads\/2025\/03\/The-relationship-between-worm-gear-shaft-and-worm-gearbox2-980x654.webp 980w, https:\/\/fmp-components.com\/wp-content\/uploads\/2025\/03\/The-relationship-between-worm-gear-shaft-and-worm-gearbox2-480x320.webp 480w\" sizes=\"(min-width: 0px) and (max-width: 480px) 480px, (min-width: 481px) and (max-width: 980px) 980px, (min-width: 981px) 1000px, 100vw\" \/><\/td>\n<\/tr>\n<\/tbody>\n<\/table>\n<\/div>\n<p>&nbsp;<\/p>","protected":false},"excerpt":{"rendered":"<p>A worm gear shaft is a critical mechanical component used in various industries to transmit power and motion between non-parallel shafts, offering high torque and smooth operation. At FMP Company, we specialize in manufacturing a wide range of worm gear shafts, tailored to meet diverse application needs, and we also offer custom solutions to match [&hellip;]<\/p>","protected":false},"featured_media":7221,"comment_status":"open","ping_status":"closed","template":"","meta":{"_et_pb_use_builder":"","_et_pb_old_content":"","_et_gb_content_width":""},"product_brand":[],"product_cat":[107],"product_tag":[],"class_list":{"0":"post-7207","1":"product","2":"type-product","3":"status-publish","4":"has-post-thumbnail","6":"product_cat-worm-gear","8":"first","9":"instock","10":"shipping-taxable","11":"product-type-simple"},"_links":{"self":[{"href":"https:\/\/fmp-components.com\/lv\/wp-json\/wp\/v2\/product\/7207","targetHints":{"allow":["GET"]}}],"collection":[{"href":"https:\/\/fmp-components.com\/lv\/wp-json\/wp\/v2\/product"}],"about":[{"href":"https:\/\/fmp-components.com\/lv\/wp-json\/wp\/v2\/types\/product"}],"replies":[{"embeddable":true,"href":"https:\/\/fmp-components.com\/lv\/wp-json\/wp\/v2\/comments?post=7207"}],"wp:featuredmedia":[{"embeddable":true,"href":"https:\/\/fmp-components.com\/lv\/wp-json\/wp\/v2\/media\/7221"}],"wp:attachment":[{"href":"https:\/\/fmp-components.com\/lv\/wp-json\/wp\/v2\/media?parent=7207"}],"wp:term":[{"taxonomy":"product_brand","embeddable":true,"href":"https:\/\/fmp-components.com\/lv\/wp-json\/wp\/v2\/product_brand?post=7207"},{"taxonomy":"product_cat","embeddable":true,"href":"https:\/\/fmp-components.com\/lv\/wp-json\/wp\/v2\/product_cat?post=7207"},{"taxonomy":"product_tag","embeddable":true,"href":"https:\/\/fmp-components.com\/lv\/wp-json\/wp\/v2\/product_tag?post=7207"}],"curies":[{"name":"wp","href":"https:\/\/api.w.org\/{rel}","templated":true}]}}