{"id":720,"date":"2024-12-18T03:25:17","date_gmt":"2024-12-18T03:25:17","guid":{"rendered":"https:\/\/fmp-components.com\/?page_id=8"},"modified":"2024-12-18T03:37:20","modified_gmt":"2024-12-18T03:37:20","slug":"hydraulic-cylinder-for-jack-up-offshore-platform","status":"publish","type":"product","link":"https:\/\/fmp-components.com\/lv\/product\/hydraulic-cylinder-for-jack-up-offshore-platform\/","title":{"rendered":"Hidrauliskais cilindrs pacel\u0161anas platformai j\u016br\u0101"},"content":{"rendered":"<p style=\"text-align: center;\"><span style=\"font-size: 18pt;\">Hidrauliskais cilindrs pacel\u0161anas platformai j\u016br\u0101<\/span><\/p>\n<p>Hidrauliskais cilindrs pace\u013camajai j\u016bras platformai ir kritiski svar\u012bga sast\u0101vda\u013ca, kas paredz\u0113ta, lai nodro\u0161in\u0101tu uzticamas pacel\u0161anas un nolai\u0161anas iesp\u0113jas pace\u013camo platformu k\u0101j\u0101m, ko izmanto j\u016bras urb\u0161anas un b\u016bvniec\u012bbas darbos. \u0160im cilindram ir b\u016btiska loma platformas stabilit\u0101tes un dro\u0161\u012bbas nodro\u0161in\u0101\u0161an\u0101, darbojoties sare\u017e\u0123\u012btos j\u016bras apst\u0101k\u013cos.<\/p>\n<p><img loading=\"lazy\" decoding=\"async\" class=\"size-full wp-image-728 aligncenter\" src=\"https:\/\/fmp-components.com\/wp-content\/uploads\/2024\/12\/Jack-up-Offshore-Platform-Bolt-Cylinder-Applications.webp\" alt=\"Pace\u013cams j\u016bras platformas skr\u016bvju cilindrs\" width=\"1024\" height=\"557\" title=\"\" srcset=\"https:\/\/fmp-components.com\/wp-content\/uploads\/2024\/12\/Jack-up-Offshore-Platform-Bolt-Cylinder-Applications.webp 1024w, https:\/\/fmp-components.com\/wp-content\/uploads\/2024\/12\/Jack-up-Offshore-Platform-Bolt-Cylinder-Applications-980x533.webp 980w, https:\/\/fmp-components.com\/wp-content\/uploads\/2024\/12\/Jack-up-Offshore-Platform-Bolt-Cylinder-Applications-480x261.webp 480w\" sizes=\"(min-width: 0px) and (max-width: 480px) 480px, (min-width: 481px) and (max-width: 980px) 980px, (min-width: 981px) 1024px, 100vw\" \/><\/p>\n<h4>Galven\u0101s iez\u012bmes:<\/h4>\n<ul>\n<li><strong>Augstas jaudas jauda:<\/strong> \u0160is cilindrs, kas izstr\u0101d\u0101ts, lai rad\u012btu iev\u0113rojamu hidraulisko sp\u0113ku, efekt\u012bvi p\u0101rvalda platformas pacel\u0161anu, atvieglojot \u0101tru un prec\u012bzu regul\u0113\u0161anu izvieto\u0161anas un ievilk\u0161anas laik\u0101.<\/li>\n<li><strong>Iztur\u012bga konstrukcija:<\/strong> Izgatavots no augstas iztur\u012bbas materi\u0101liem, tas ir paredz\u0113ts, lai iztur\u0113tu skarbos apst\u0101k\u013cus un augstu spiedienu, kas rakstur\u012bgs darb\u012bb\u0101m j\u016br\u0101, nodro\u0161inot iztur\u012bbu un ilgtermi\u0146a uzticam\u012bbu.<\/li>\n<li><strong>Vienm\u0113r\u012bga darb\u012bba:<\/strong> Uzlabot\u0101 hidraulisk\u0101 konstrukcija nodro\u0161ina vienm\u0113r\u012bgas un kontrol\u0113tas kust\u012bbas, uzlabojot darb\u012bbas efektivit\u0101ti un samazinot d\u012bkst\u0101ves laiku kritisku urb\u0161anas darb\u012bbu laik\u0101.<\/li>\n<li><strong>Korozijas iztur\u012bba:<\/strong> Apstr\u0101d\u0101ts, lai iztur\u0113tu pret s\u0101ls\u016bdens un citu j\u016bras elementu koroziju, nodro\u0161inot ilgm\u016b\u017e\u012bbu un nemain\u012bgu veiktsp\u0113ju sare\u017e\u0123\u012btos apst\u0101k\u013cos.<\/li>\n<li><strong>Daudzpus\u012bgi pielietojumi:<\/strong> \u0160is hidrauliskais cilindrs, kas ir piem\u0113rots da\u017e\u0101d\u0101m pace\u013camo platformu konfigur\u0101cij\u0101m, piel\u0101gojas da\u017e\u0101d\u0101m ekspluat\u0101cijas vajadz\u012bb\u0101m, uzlabojot t\u0101 lietder\u012bbu j\u016bras projektos.<\/li>\n<\/ul>\n<p>Hidrauliskais cilindrs pace\u013camai j\u016bras platformai ir neaizst\u0101jams, lai optimiz\u0113tu j\u016bras urb\u0161anas oper\u0101ciju veiktsp\u0113ju un dro\u0161\u012bbu, iev\u0113rojami veicinot j\u016bras b\u016bvniec\u012bbas un resursu ieguves darb\u012bbu efektivit\u0101ti.<\/p>\n<h2>Pace\u013cams j\u016bras platformas pacel\u0161anas cilindrs<\/h2>\n<p>Pa\u0161pace\u013cam\u0101s j\u016bras platformas pacel\u0161anas cilindrs ir svar\u012bga hidrauliska sast\u0101vda\u013ca, kas paredz\u0113ta, lai nodro\u0161in\u0101tu nepiecie\u0161amo sp\u0113ku pa\u0161pace\u013camo platformu k\u0101ju pacel\u0161anai un nolai\u0161anai j\u016bras oper\u0101ciju laik\u0101. \u0160is cilindrs \u013cauj prec\u012bzi kontrol\u0113t platformas pac\u0113lumu, nodro\u0161inot stabilit\u0101ti un dro\u0161\u012bbu, str\u0101d\u0101jot sare\u017e\u0123\u012btos j\u016bras apst\u0101k\u013cos. Izgatavots no augstas iztur\u012bbas materi\u0101liem, tas ir izstr\u0101d\u0101ts, lai iztur\u0113tu skarbos apst\u0101k\u013cus un iev\u0113rojamu spiedienu, kas rakstur\u012bgs j\u016bras darbiem, nodro\u0161inot iztur\u012bbu un uzticam\u012bbu. Vienm\u0113r\u012bg\u0101 hidraulisk\u0101 darb\u012bba \u013cauj veikt efekt\u012bvas un \u0101tras regul\u0113\u0161anas, uzlabojot darb\u012bbas efektivit\u0101ti un dro\u0161\u012bbu urb\u0161anas un apkopes darbu laik\u0101. \u0160is pacel\u0161anas cilindrs ir b\u016btisks, lai optimiz\u0113tu pa\u0161pace\u013camo j\u016bras platformu veiktsp\u0113ju, iev\u0113rojami veicinot j\u016bras urb\u0161anas un ieguves oper\u0101ciju pan\u0101kumus.<\/p>\n<p><img loading=\"lazy\" decoding=\"async\" class=\"size-full wp-image-727 aligncenter\" src=\"https:\/\/fmp-components.com\/wp-content\/uploads\/2024\/12\/Jack-up-Offshore-Platform-Lifting-Cylinder.webp\" alt=\"Pace\u013cams j\u016bras platformas pacel\u0161anas cilindrs\" width=\"500\" height=\"200\" title=\"\" srcset=\"https:\/\/fmp-components.com\/wp-content\/uploads\/2024\/12\/Jack-up-Offshore-Platform-Lifting-Cylinder.webp 500w, https:\/\/fmp-components.com\/wp-content\/uploads\/2024\/12\/Jack-up-Offshore-Platform-Lifting-Cylinder-480x192.webp 480w\" sizes=\"(min-width: 0px) and (max-width: 480px) 480px, (min-width: 481px) 500px, 100vw\" \/><\/p>\n<table border=\"1\" cellspacing=\"0\" cellpadding=\"0\">\n<tbody>\n<tr>\n<td>Produkta nosaukums<\/td>\n<td>Pace\u013cams j\u016bras platformas pacel\u0161anas cilindrs<\/td>\n<\/tr>\n<tr>\n<td>Funkcijas:<\/td>\n<td>Veiciet platformas pacel\u0161anu un nolai\u0161anu, vadot gredzenveida siju<\/td>\n<\/tr>\n<tr>\n<td>Urbuma diametrs:<\/td>\n<td>L\u012bdz 700 mm<\/td>\n<\/tr>\n<tr>\n<td>Stie\u0146a diametrs:<\/td>\n<td>L\u012bdz 420 mm<br \/>\nG\u0101jiens l\u012bdz 2150 mm<\/td>\n<\/tr>\n<tr>\n<td>Spiediens:<\/td>\n<td>l\u012bdz 32 MPa<\/td>\n<\/tr>\n<tr>\n<td>Sensors:<\/td>\n<td>\u0100r\u0113jo p\u0101rvietojuma sensoru var konfigur\u0113t t\u0101, lai tas b\u016btu nepiecie\u0161ams sensora apkopei un nomai\u0146ai, neizjaucot cilindrus.<\/td>\n<\/tr>\n<tr>\n<td>Lietojumi:<\/td>\n<td>Pace\u013cama j\u016bras platforma<\/td>\n<\/tr>\n<\/tbody>\n<\/table>\n<h2>Pace\u013camas j\u016bras platformas skr\u016bves cilindrs<\/h2>\n<p>Pace\u013cam\u0101s j\u016bras platformas skr\u016bvju cilindrs ir b\u016btiska hidrauliska sast\u0101vda\u013ca, kas paredz\u0113ta, lai atvieglotu platformas k\u0101ju dro\u0161u blo\u0137\u0113\u0161anu un atblo\u0137\u0113\u0161anu darb\u012bbas laik\u0101. \u0160is cilindrs nodro\u0161ina nepiecie\u0161amo sp\u0113ku blo\u0137\u0113\u0161anas skr\u016bvju iedarbin\u0101\u0161anai un atblo\u0137\u0113\u0161anai, nodro\u0161inot platformas stabilit\u0101ti un dro\u0161\u012bbu, tai darbojoties da\u017e\u0101dos j\u016bras apst\u0101k\u013cos. Izgatavots no augstas iztur\u012bbas materi\u0101liem, tas ir izstr\u0101d\u0101ts, lai iztur\u0113tu sare\u017e\u0123\u012btus vides apst\u0101k\u013cus un spiedienus, kas rakstur\u012bgi j\u016bras darbiem, nodro\u0161inot ilgsto\u0161u iztur\u012bbu un uzticam\u012bbu. Vienm\u0113r\u012bg\u0101 hidraulisk\u0101 darb\u012bba \u013cauj prec\u012bzi kontrol\u0113t, uzlabojot darb\u012bbas efektivit\u0101ti un dro\u0161\u012bbu izvieto\u0161anas un ievilk\u0161anas f\u0101z\u0113s. \u0160is skr\u016bvju cilindrs ir \u013coti svar\u012bgs, lai optimiz\u0113tu pace\u013camo j\u016bras platformu veiktsp\u0113ju, iev\u0113rojami veicinot j\u016bras urb\u0161anas un apkopes oper\u0101ciju efektivit\u0101ti.<\/p>\n<p><img loading=\"lazy\" decoding=\"async\" class=\"size-full wp-image-726 aligncenter\" src=\"https:\/\/fmp-components.com\/wp-content\/uploads\/2024\/12\/Jack-up-Offshore-Platform-Bolt-Cylinder.webp\" alt=\"Pace\u013camas j\u016bras platformas skr\u016bves cilindrs\" width=\"500\" height=\"200\" title=\"\" srcset=\"https:\/\/fmp-components.com\/wp-content\/uploads\/2024\/12\/Jack-up-Offshore-Platform-Bolt-Cylinder.webp 500w, https:\/\/fmp-components.com\/wp-content\/uploads\/2024\/12\/Jack-up-Offshore-Platform-Bolt-Cylinder-480x192.webp 480w\" sizes=\"(min-width: 0px) and (max-width: 480px) 480px, (min-width: 481px) 500px, 100vw\" \/><\/p>\n<table style=\"width: 100.206%; height: 239px;\" border=\"1\" cellspacing=\"0\" cellpadding=\"0\">\n<tbody>\n<tr style=\"height: 23px;\">\n<td style=\"height: 23px;\">Produkta nosaukums<\/td>\n<td style=\"height: 23px;\">Pace\u013camas j\u016bras platformas skr\u016bves cilindrs<\/td>\n<\/tr>\n<tr style=\"height: 23px;\">\n<td style=\"height: 23px;\">Funkcijas:<\/td>\n<td style=\"height: 23px;\">Ievietojiet un izvelciet cilindrisko tapu uz gredzenveida sijas, lai nofiks\u0113tu gredzenveida siju.<\/td>\n<\/tr>\n<tr style=\"height: 47px;\">\n<td style=\"height: 47px;\">Urbuma diametrs:<\/td>\n<td style=\"height: 47px;\">L\u012bdz 100 mm<\/td>\n<\/tr>\n<tr style=\"height: 23px;\">\n<td style=\"height: 23px;\">Stie\u0146a diametrs:<\/td>\n<td style=\"height: 23px;\">L\u012bdz 60 mm<\/td>\n<\/tr>\n<tr style=\"height: 23px;\">\n<td style=\"height: 23px;\">Spiediens:<\/td>\n<td style=\"height: 23px;\">L\u012bdz 32 MPa<\/td>\n<\/tr>\n<tr style=\"height: 47px;\">\n<td style=\"height: 47px;\">Sensors:<\/td>\n<td style=\"height: 47px;\">To var apr\u012bkot ar ieb\u016bv\u0113tu p\u0101rvietojuma sensora ier\u012bci, lai samazin\u0101tu hidraulisko cilindru uzst\u0101d\u012b\u0161anas izm\u0113ru.<\/td>\n<\/tr>\n<tr style=\"height: 23px;\">\n<td style=\"height: 23px;\">Lietojumi:<\/td>\n<td style=\"height: 23px;\">Pace\u013cama j\u016bras platforma<\/td>\n<\/tr>\n<\/tbody>\n<\/table>\n<h2>D\u017eek-up Offshore Platform hidraulisk\u0101 cilindra priek\u0161roc\u012bbas<\/h2>\n<ol>\n<li><strong>Augsta kravnes\u012bba:<\/strong>\n<ul>\n<li>Paredz\u0113ts iev\u0113rojamu kravu iztur\u0113\u0161anai, nodro\u0161inot stabilit\u0101ti un dro\u0161\u012bbu j\u016bras oper\u0101ciju laik\u0101.<\/li>\n<\/ul>\n<\/li>\n<li><strong>Prec\u012bzijas kontrole:<\/strong>\n<ul>\n<li>\u013bauj prec\u012bzi pozicion\u0113t un regul\u0113t platformas k\u0101jas, uzlabojot darb\u012bbas efektivit\u0101ti un dro\u0161\u012bbu.<\/li>\n<\/ul>\n<\/li>\n<li><strong>Iztur\u012bga konstrukcija:<\/strong>\n<ul>\n<li>Izgatavots no augstas iztur\u012bbas materi\u0101liem, kas iztur skarbu j\u016bras vidi un augstu spiedienu, nodro\u0161inot ilgsto\u0161u veiktsp\u0113ju.<\/li>\n<\/ul>\n<\/li>\n<li><strong>Korozijas iztur\u012bba:<\/strong>\n<ul>\n<li>Apstr\u0101d\u0101ts, lai iztur\u0113tu pret koroziju no j\u016bras \u016bdens un citiem j\u016bras elementiem, pagarinot cilindra kalpo\u0161anas laiku.<\/li>\n<\/ul>\n<\/li>\n<li><strong>Vienm\u0113r\u012bga darb\u012bba:<\/strong>\n<ul>\n<li>Pied\u0101v\u0101 uzlabotu hidraulisko konstrukciju vienm\u0113r\u012bg\u0101m un efekt\u012bv\u0101m kust\u012bb\u0101m, samazinot sist\u0113mas nodilumu.<\/li>\n<\/ul>\n<\/li>\n<li><strong>Zemas apkopes pras\u012bbas:<\/strong>\n<ul>\n<li>Izstr\u0101d\u0101ts uzticam\u012bbai ar minim\u0101l\u0101m apkopes vajadz\u012bb\u0101m, samazinot d\u012bkst\u0101ves laiku un ekspluat\u0101cijas izmaksas.<\/li>\n<\/ul>\n<\/li>\n<li><strong>Daudzpus\u012bba:<\/strong>\n<ul>\n<li>Piem\u0113rots da\u017e\u0101d\u0101m pacel\u0161anas platformu konfigur\u0101cij\u0101m un piel\u0101gojams da\u017e\u0101diem pielietojumiem j\u016br\u0101, uzlabojot t\u0101 lietder\u012bbu.<\/li>\n<\/ul>\n<\/li>\n<li><strong>Pastiprin\u0101ta dro\u0161\u012bba:<\/strong>\n<ul>\n<li>Ietver ieb\u016bv\u0113tas dro\u0161\u012bbas funkcijas, lai nov\u0113rstu nejau\u0161u aktiviz\u0113\u0161anu un nodro\u0161in\u0101tu dro\u0161u blo\u0137\u0113\u0161anu darb\u012bbas laik\u0101.<\/li>\n<\/ul>\n<\/li>\n<li><strong>\u0100tr\u0101 rea\u0123\u0113\u0161ana:<\/strong>\n<ul>\n<li>Nodro\u0161ina \u0101tru regul\u0113\u0161anu, \u013caujot efekt\u012bvi izvietot un ievilkt platformu atbilsto\u0161i main\u012bgajiem apst\u0101k\u013ciem.<\/li>\n<\/ul>\n<\/li>\n<li><strong>Uzlabota darb\u012bbas efektivit\u0101te:<\/strong>\n<ul>\n<li>Veicina \u0101tr\u0101kus urb\u0161anas un b\u016bvniec\u012bbas procesus, maksim\u0101li palielinot produktivit\u0101ti j\u016bras projektos.<\/li>\n<\/ul>\n<\/li>\n<\/ol>\n<p>\u0160\u012bs priek\u0161roc\u012bbas padara hidraulisko cilindru par b\u016btisku sast\u0101vda\u013cu, lai optimiz\u0113tu pace\u013camu j\u016bras platformu veiktsp\u0113ju un uzticam\u012bbu da\u017e\u0101d\u0101s j\u016bras oper\u0101cij\u0101s.<\/p>\n<p><img loading=\"lazy\" decoding=\"async\" class=\"alignnone size-full wp-image-731\" src=\"https:\/\/fmp-components.com\/wp-content\/uploads\/2024\/12\/Jack-up-Offshore-Platform-Lifting-Cylinder-1.webp\" alt=\"Pac\u0113l\u0101ja platformas pacel\u0161anas cilindrs j\u016br\u0101\" width=\"1000\" height=\"560\" title=\"\" srcset=\"https:\/\/fmp-components.com\/wp-content\/uploads\/2024\/12\/Jack-up-Offshore-Platform-Lifting-Cylinder-1.webp 1000w, https:\/\/fmp-components.com\/wp-content\/uploads\/2024\/12\/Jack-up-Offshore-Platform-Lifting-Cylinder-1-980x549.webp 980w, https:\/\/fmp-components.com\/wp-content\/uploads\/2024\/12\/Jack-up-Offshore-Platform-Lifting-Cylinder-1-480x269.webp 480w\" sizes=\"(min-width: 0px) and (max-width: 480px) 480px, (min-width: 481px) and (max-width: 980px) 980px, (min-width: 981px) 1000px, 100vw\" \/><\/p>\n<h3>Par FMP<\/h3>\n<p>FMP ir specializ\u0113ts meh\u0101nisk\u0101s ra\u017eo\u0161anas uz\u0146\u0113mums, kas nodarbojas ar hidraulisko cilindru ra\u017eo\u0161anu. Kop\u0161 dibin\u0101\u0161anas uz\u0146\u0113mums ir koncentr\u0113jies uz hidraulisko tehnolo\u0123iju izp\u0113ti un ra\u017eo\u0161anu, veiksm\u012bgi p\u0101rejot no daudzveid\u012bga produktu kl\u0101sta, kas ietv\u0113ra ra\u017eas nov\u0101k\u0161anas un celtniec\u012bbas tehniku, uz specializ\u0101ciju lauksaimniec\u012bbas traktoru deta\u013c\u0101s. Ar vair\u0101k nek\u0101 desmit gadu pieredzi ra\u017eo\u0161an\u0101 un vad\u012bb\u0101 FMP nodro\u0161ina augstas kvalit\u0101tes produktus, izmantojot progres\u012bvas ra\u017eo\u0161anas metodes.<\/p>\n<p>Uz\u0146\u0113mumam att\u012bstoties, tas ir izstr\u0101d\u0101jis visaptvero\u0161u apstr\u0101des ra\u017eo\u0161anas l\u012bniju, mont\u0101\u017eas l\u012bniju un p\u0101rkl\u0101\u0161anas l\u012bniju. M\u016bsu komandu veido prasm\u012bgs vad\u012bbas person\u0101ls, pieredz\u0113ju\u0161i meh\u0101niskie konstruktori un augsti kvalific\u0113ti tehni\u0137i, kas str\u0101d\u0101 kop\u0101, lai uztur\u0113tu stabilu ra\u017eo\u0161anas kvalit\u0101ti, vienlaikus efekt\u012bvi kontrol\u0113jot procesa nep\u0101rtraukt\u012bbu un efektivit\u0101ti.<\/p>\n<p>FMP iev\u0113ro filozofiju \u201cTehnolo\u0123isk\u0101s inov\u0101cijas veicina progresu, kvalit\u0101te rada z\u012bmolus, meistar\u012bba nodro\u0161ina kvalit\u0101ti un veido ilgtermi\u0146a abpus\u0113ji izdev\u012bgas attiec\u012bbas\u201d. M\u016bsu ap\u0146em\u0161an\u0101s nodro\u0161in\u0101t augstas kvalit\u0101tes produktus un izcilu klientu apkalpo\u0161anu joproj\u0101m ir m\u016bsu galvenais m\u0113r\u0137is, turpinot apmierin\u0101t main\u012bg\u0101s tirgus vajadz\u012bbas.<\/p>\n<p><img loading=\"lazy\" decoding=\"async\" class=\"alignnone size-full wp-image-426\" src=\"https:\/\/fmp-components.com\/wp-content\/uploads\/2024\/12\/Sanitation-Machinery-Locking-Hydraulic-Cylinder-factory.webp\" sizes=\"(min-width: 0px) and (max-width: 480px) 480px, (min-width: 481px) and (max-width: 980px) 980px, (min-width: 981px) and (max-width: 1280px) 1280px, (min-width: 1281px) 1414px, 100vw\" srcset=\"https:\/\/fmp-components.com\/wp-content\/uploads\/2024\/12\/Sanitation-Machinery-Locking-Hydraulic-Cylinder-factory.webp 1414w, https:\/\/fmp-components.com\/wp-content\/uploads\/2024\/12\/Sanitation-Machinery-Locking-Hydraulic-Cylinder-factory-1280x529.webp 1280w, https:\/\/fmp-components.com\/wp-content\/uploads\/2024\/12\/Sanitation-Machinery-Locking-Hydraulic-Cylinder-factory-980x405.webp 980w, https:\/\/fmp-components.com\/wp-content\/uploads\/2024\/12\/Sanitation-Machinery-Locking-Hydraulic-Cylinder-factory-480x198.webp 480w\" alt=\"Sanit\u0101rijas-ma\u0161\u012bnu-blo\u0137\u0113\u0161anas-hidraulisko-cilindru-fabrika\" width=\"1414\" height=\"584\" title=\"\"><\/p>\n<p>Autors: CX<\/p>","protected":false},"excerpt":{"rendered":"<p>Hidrauliskais cilindrs pace\u013camajai j\u016bras platformai ir b\u016btiska sast\u0101vda\u013ca, kas paredz\u0113ta, lai nodro\u0161in\u0101tu nepiecie\u0161amo pacel\u0161anas un nolai\u0161anas sp\u0113ku pace\u013camo platformu k\u0101j\u0101m izvieto\u0161anas un pozicion\u0113\u0161anas laik\u0101 j\u016bras vid\u0113. \u0160is cilindrs \u013cauj prec\u012bzi kontrol\u0113t platformas pacel\u0161anu, nodro\u0161inot stabilit\u0101ti un dro\u0161\u012bbu, darbojoties da\u017e\u0101dos j\u016bras apst\u0101k\u013cos. Izgatavots no augstas iztur\u012bbas materi\u0101liem, tas ir izstr\u0101d\u0101ts, lai iztur\u0113tu skarbo j\u016bras vidi un augstu spiedienu, kas rakstur\u012bgs j\u016bras oper\u0101cij\u0101m, nodro\u0161inot iztur\u012bbu un uzticam\u012bbu. Vienm\u0113r\u012bg\u0101 hidraulisk\u0101 darb\u012bba \u013cauj veikt efekt\u012bvas un \u0101tras regul\u0113\u0161anas, uzlabojot darb\u012bbas efektivit\u0101ti un dro\u0161\u012bbu urb\u0161anas un apkopes darbu laik\u0101. \u0160is hidrauliskais cilindrs ir b\u016btisks, lai optimiz\u0113tu pace\u013camo j\u016bras platformu veiktsp\u0113ju, iev\u0113rojami veicinot j\u016bras urb\u0161anas un ieguves oper\u0101ciju efektivit\u0101ti.<\/p>","protected":false},"featured_media":725,"comment_status":"open","ping_status":"closed","template":"","meta":{"_et_pb_use_builder":"","_et_pb_old_content":"","_et_gb_content_width":""},"product_brand":[],"product_cat":[28],"product_tag":[],"class_list":{"0":"post-720","1":"product","2":"type-product","3":"status-publish","4":"has-post-thumbnail","6":"product_cat-offshore-hydraulic-cylinders","8":"first","9":"instock","10":"shipping-taxable","11":"product-type-simple"},"_links":{"self":[{"href":"https:\/\/fmp-components.com\/lv\/wp-json\/wp\/v2\/product\/720","targetHints":{"allow":["GET"]}}],"collection":[{"href":"https:\/\/fmp-components.com\/lv\/wp-json\/wp\/v2\/product"}],"about":[{"href":"https:\/\/fmp-components.com\/lv\/wp-json\/wp\/v2\/types\/product"}],"replies":[{"embeddable":true,"href":"https:\/\/fmp-components.com\/lv\/wp-json\/wp\/v2\/comments?post=720"}],"wp:featuredmedia":[{"embeddable":true,"href":"https:\/\/fmp-components.com\/lv\/wp-json\/wp\/v2\/media\/725"}],"wp:attachment":[{"href":"https:\/\/fmp-components.com\/lv\/wp-json\/wp\/v2\/media?parent=720"}],"wp:term":[{"taxonomy":"product_brand","embeddable":true,"href":"https:\/\/fmp-components.com\/lv\/wp-json\/wp\/v2\/product_brand?post=720"},{"taxonomy":"product_cat","embeddable":true,"href":"https:\/\/fmp-components.com\/lv\/wp-json\/wp\/v2\/product_cat?post=720"},{"taxonomy":"product_tag","embeddable":true,"href":"https:\/\/fmp-components.com\/lv\/wp-json\/wp\/v2\/product_tag?post=720"}],"curies":[{"name":"wp","href":"https:\/\/api.w.org\/{rel}","templated":true}]}}