{"id":7189,"date":"2025-03-20T05:36:25","date_gmt":"2025-03-20T05:36:25","guid":{"rendered":"https:\/\/fmp-components.com\/?post_type=product&#038;p=7189"},"modified":"2025-03-26T08:51:16","modified_gmt":"2025-03-26T08:51:16","slug":"cylindrical-worm-wheel","status":"publish","type":"product","link":"https:\/\/fmp-components.com\/lv\/product\/cylindrical-worm-wheel\/","title":{"rendered":"Cilindrisks t\u0101rpu ritenis"},"content":{"rendered":"<p>Cilindrisks t\u0101rpu ritenis ir galven\u0101 sast\u0101vda\u013ca <a href=\"https:\/\/fmp-components.com\/lv\/worm-gear-and-worm-shaft-2\/\">t\u0101rpu p\u0101rnesums<\/a> sist\u0113mas, kas paredz\u0113tas neman\u0101mai savieno\u0161anai ar t\u0101rpu, lai efekt\u012bvi p\u0101rvad\u012btu jaudu, vienlaikus saglab\u0101jot vienm\u0113r\u012bgu darb\u012bbu un augstu griezes momenta jaudu. Uz\u0146\u0113mum\u0101 FMP m\u0113s specializ\u0113jamies da\u017e\u0101du cilindrisku t\u0101rpu rite\u0146u kl\u0101sta ra\u017eo\u0161an\u0101, kas pieejami da\u017e\u0101dos veidos un specifik\u0101cij\u0101s, lai atbilstu j\u016bsu konkr\u0113tajiem lietojumiem, k\u0101 ar\u012b pied\u0101v\u0101jam piel\u0101go\u0161anas iesp\u0113jas. Ja m\u016bsu produktu sarakst\u0101 nevarat atrast tie\u0161i jums nepiecie\u0161amo modeli, iesp\u0113jams, m\u0113s to v\u0113l neesam atjaunin\u0101ju\u0161i \u2014 l\u016bdzu, sazinieties ar mums pa e-pastu, nor\u0101dot savas pras\u012bbas, un m\u016bsu pieredz\u0113ju\u0161ie in\u017eenieri atbild\u0113s 24 stundu laik\u0101, lai jums pal\u012bdz\u0113tu.<\/p>\n<p><img loading=\"lazy\" decoding=\"async\" class=\"alignnone size-full wp-image-7193\" src=\"https:\/\/fmp-components.com\/wp-content\/uploads\/2025\/03\/Cylindrical-Worm-Wheel-1.webp\" alt=\"Cilindrisks t\u0101rpu ritenis\" width=\"986\" height=\"657\" title=\"\" srcset=\"https:\/\/fmp-components.com\/wp-content\/uploads\/2025\/03\/Cylindrical-Worm-Wheel-1.webp 986w, https:\/\/fmp-components.com\/wp-content\/uploads\/2025\/03\/Cylindrical-Worm-Wheel-1-980x653.webp 980w, https:\/\/fmp-components.com\/wp-content\/uploads\/2025\/03\/Cylindrical-Worm-Wheel-1-480x320.webp 480w\" sizes=\"(min-width: 0px) and (max-width: 480px) 480px, (min-width: 481px) and (max-width: 980px) 980px, (min-width: 981px) 986px, 100vw\" \/><\/p>\n<h3>Cilindrisk\u0101 t\u0101rpa rite\u0146a \u012bpa\u0161\u012bbas<\/h3>\n<div>\n<p class=\"break-words\">Cilindriskie t\u0101rpu zobrati ir neat\u0146emama t\u0101rpu zobratu sist\u0113mu sast\u0101vda\u013ca, un tie ir pieejami div\u0101s galvenaj\u0101s konfigur\u0101cij\u0101s: \u201ct\u0101rpa un spir\u0101lveida zobrata\u201d komplekts un \u201ct\u0101rpa un t\u0101rpa rite\u0146a\u201d komplekts. Pirmajam tipam, kas ir spir\u0101lveida zobratu apak\u0161kopa sakrustot\u0101m v\u0101rpst\u0101m, ir zobrats ar minim\u0101lu zobu skaitu (piem\u0113ram, 1, 2 vai 3) un izteiktu spir\u0101lveida le\u0146\u0137i, kas apr\u0113\u0137in\u0101ts l\u012bdz\u012bgi standarta spir\u0101lveida zobratiem, izmantojot normaliz\u0113tus standarta modu\u013cus. Tom\u0113r, \u0146emot v\u0113r\u0101 punktveida kontaktu starp zobu mal\u0101m, \u0161\u012b konfigur\u0101cija ir maz\u0101k piem\u0113rota lielas slodzes lietojumiem. Turpret\u012b \u201ct\u0101rpa un t\u0101rpa rite\u0146a\u201d konfigur\u0101cija ietver t\u0101rpu rite\u0146us, kas fr\u0113z\u0113ti ar t\u0101rpu fr\u0113zma\u0161\u012bnu, kas atbilst t\u0101rpa specifik\u0101cij\u0101m, nodro\u0161inot l\u012bnijas kontaktu starp zobiem un atbalstot liel\u0101kus zobu sp\u0113kus liel\u0101kai slodzes iztur\u012bbai.<\/p>\n<p class=\"break-words\">Papildu konstrukcijas elementi uzlabo funkcionalit\u0101ti. Ja t\u0101rpu gult\u0146a e\u013c\u013cas iegremd\u0113\u0161ana atbilst pras\u012bb\u0101m, bet t\u0101rpa dzi\u013cums nav pietiekams, t\u0101rpa v\u0101rpstai var pievienot e\u013c\u013cas \u0161\u013cakatu gredzenu. \u0160is gredzens iee\u013c\u013co transmisijas komponentus un gult\u0146us, nov\u0113r\u0161ot t\u0101rpu gult\u0146a p\u0101rm\u0113r\u012bgu iegremd\u0113\u0161anu e\u013c\u013c\u0101. \u0100trgaitas lietojumos, kur t\u0101rpa perif\u0113riskais \u0101trums (PI) p\u0101rsniedz 10 m\/s, t\u0101rpu rats tiek aizst\u0101ts ar virs t\u0101rpa novietotu virsgalvas tipa t\u0101rpa zobratu. \u0160is izk\u0101rtojums samazina zobrata \u0101trumu, samazina e\u013c\u013cas mais\u012b\u0161anas zudumus un samazina piemais\u012bjumu vai abraz\u012bvu iek\u013c\u016b\u0161anas risku e\u013c\u013cas basein\u0101, nodro\u0161inot uzticamu darb\u012bbu.<\/p>\n<p><img loading=\"lazy\" decoding=\"async\" class=\"alignnone size-full wp-image-7194\" src=\"https:\/\/fmp-components.com\/wp-content\/uploads\/2025\/03\/Cylindrical-Worm-Wheel-2.webp\" alt=\"Cilindrisks t\u0101rpu ritenis\" width=\"1000\" height=\"664\" title=\"\" srcset=\"https:\/\/fmp-components.com\/wp-content\/uploads\/2025\/03\/Cylindrical-Worm-Wheel-2.webp 1000w, https:\/\/fmp-components.com\/wp-content\/uploads\/2025\/03\/Cylindrical-Worm-Wheel-2-980x651.webp 980w, https:\/\/fmp-components.com\/wp-content\/uploads\/2025\/03\/Cylindrical-Worm-Wheel-2-480x319.webp 480w\" sizes=\"(min-width: 0px) and (max-width: 480px) 480px, (min-width: 481px) and (max-width: 980px) 980px, (min-width: 981px) 1000px, 100vw\" \/><\/p>\n<\/div>","protected":false},"excerpt":{"rendered":"<p>A Cylindrical Worm Wheel is a key component in worm gear systems, designed to mesh seamlessly with a worm to transmit power efficiently while maintaining smooth operation and high torque capacity. At FMP Company, we specialize in producing a diverse range of Cylindrical Worm Wheels, available in various types and specifications to suit your specific [&hellip;]<\/p>","protected":false},"featured_media":7195,"comment_status":"open","ping_status":"closed","template":"","meta":{"_et_pb_use_builder":"","_et_pb_old_content":"","_et_gb_content_width":""},"product_brand":[],"product_cat":[107],"product_tag":[],"class_list":{"0":"post-7189","1":"product","2":"type-product","3":"status-publish","4":"has-post-thumbnail","6":"product_cat-worm-gear","8":"first","9":"instock","10":"shipping-taxable","11":"product-type-simple"},"_links":{"self":[{"href":"https:\/\/fmp-components.com\/lv\/wp-json\/wp\/v2\/product\/7189","targetHints":{"allow":["GET"]}}],"collection":[{"href":"https:\/\/fmp-components.com\/lv\/wp-json\/wp\/v2\/product"}],"about":[{"href":"https:\/\/fmp-components.com\/lv\/wp-json\/wp\/v2\/types\/product"}],"replies":[{"embeddable":true,"href":"https:\/\/fmp-components.com\/lv\/wp-json\/wp\/v2\/comments?post=7189"}],"wp:featuredmedia":[{"embeddable":true,"href":"https:\/\/fmp-components.com\/lv\/wp-json\/wp\/v2\/media\/7195"}],"wp:attachment":[{"href":"https:\/\/fmp-components.com\/lv\/wp-json\/wp\/v2\/media?parent=7189"}],"wp:term":[{"taxonomy":"product_brand","embeddable":true,"href":"https:\/\/fmp-components.com\/lv\/wp-json\/wp\/v2\/product_brand?post=7189"},{"taxonomy":"product_cat","embeddable":true,"href":"https:\/\/fmp-components.com\/lv\/wp-json\/wp\/v2\/product_cat?post=7189"},{"taxonomy":"product_tag","embeddable":true,"href":"https:\/\/fmp-components.com\/lv\/wp-json\/wp\/v2\/product_tag?post=7189"}],"curies":[{"name":"wp","href":"https:\/\/api.w.org\/{rel}","templated":true}]}}