{"id":7174,"date":"2025-03-20T02:01:26","date_gmt":"2025-03-20T02:01:26","guid":{"rendered":"https:\/\/fmp-components.com\/?post_type=product&#038;p=7174"},"modified":"2025-03-26T08:51:30","modified_gmt":"2025-03-26T08:51:30","slug":"duplex-worm-gear","status":"publish","type":"product","link":"https:\/\/fmp-components.com\/lv\/product\/duplex-worm-gear\/","title":{"rendered":"Divpus\u0113jais t\u0101rpu p\u0101rnesums"},"content":{"rendered":"<p>Dupleksais t\u0101rpu zobrats ir specializ\u0113ta meh\u0101niska sast\u0101vda\u013ca, kas paredz\u0113ta augstas precizit\u0101tes pielietojumiem, pied\u0101v\u0101jot uzlabotu iztur\u012bbu un efektivit\u0101ti jaudas p\u0101rvades sist\u0113m\u0101s. Uz\u0146\u0113mum\u0101 FMP m\u0113s ar lepnumu ra\u017eojam pla\u0161u duplekso zobratu kl\u0101stu. <a href=\"https:\/\/fmp-components.com\/lv\/worm-gear-and-worm-shaft-2\/\">T\u0101rpu zobrati<\/a> da\u017e\u0101dos veidos un specifik\u0101cij\u0101s, lai apmierin\u0101tu da\u017e\u0101das nozares vajadz\u012bbas. M\u0113s pied\u0101v\u0101jam ar\u012b piel\u0101gotus risin\u0101jumus, kas piel\u0101goti j\u016bsu unik\u0101laj\u0101m pras\u012bb\u0101m. Ja m\u016bsu produktu sarakst\u0101 neatrodat konkr\u0113to modeli, ko mekl\u0113jat, tas noz\u012bm\u0113, ka m\u0113s to v\u0113l neesam aug\u0161upiel\u0101d\u0113ju\u0161i \u2014 l\u016bdzu, rakstiet mums e-pastu ar v\u0113lamaj\u0101m specifik\u0101cij\u0101m, un m\u016bsu kvalific\u0113tie in\u017eenieri atbild\u0113s 24 stundu laik\u0101, lai jums pal\u012bdz\u0113tu.<\/p>\n<p><img loading=\"lazy\" decoding=\"async\" class=\"size-full wp-image-7180 aligncenter\" src=\"https:\/\/fmp-components.com\/wp-content\/uploads\/2025\/03\/duplex-worm-gear-1.webp\" alt=\"dupleksa t\u0101rpa zobrats\" width=\"620\" height=\"420\" title=\"\" srcset=\"https:\/\/fmp-components.com\/wp-content\/uploads\/2025\/03\/duplex-worm-gear-1.webp 620w, https:\/\/fmp-components.com\/wp-content\/uploads\/2025\/03\/duplex-worm-gear-1-480x325.webp 480w\" sizes=\"(min-width: 0px) and (max-width: 480px) 480px, (min-width: 481px) 620px, 100vw\" \/><\/p>\n<h2>Divpus\u0113j\u0101 t\u0101rpa p\u0101rnesuma specifik\u0101cija<\/h2>\n<p>Divk\u0101r\u0161s vai divk\u0101r\u0161s vado\u0161ais t\u0101rps attiecas uz t\u0101rpu zobratu komplektu, kur\u0101 abi s\u0101ni ir izgatavoti no smalki at\u0161\u0137ir\u012bgiem modu\u013ciem un diametra koeficientiem, k\u0101 rezult\u0101t\u0101 katram zoba profilam ir da\u017e\u0101di vado\u0161ie le\u0146\u0137i. \u0160\u012b konstrukcija izraisa pak\u0101penisku zoba biezuma palielin\u0101\u0161anos vis\u0101 t\u0101rpa garum\u0101, kam\u0113r atstarpe starp v\u012btn\u0113m sa\u0161aurin\u0101s, nodro\u0161inot prec\u012bzu br\u012bvkust\u012bbas kontroli.<\/p>\n<p>Uz t\u0101rprata \u0161ie at\u0161\u0137ir\u012bgie modu\u013ci katr\u0101 s\u0101n\u0101 rada unik\u0101lus papildin\u0101juma modifik\u0101cijas koeficientus un rites ap\u013ca diametrus, radot at\u0161\u0137ir\u012bgus profilus priek\u0161pus\u0113 un aizmugur\u0113. Tom\u0113r zobu biezums un atstarpes vis\u0101 rite\u0146a perimetr\u0101 paliek vien\u0101das.<\/p>\n<p>Lai noregul\u0113tu br\u012bvkust\u012bbu, t\u0101rps tiek p\u0101rvietots aksi\u0101li, izl\u012bdzinot sekciju ar atbilsto\u0161o zobu biezumu, lai t\u0101 sa\u0137ertos ar riteni, sasniedzot v\u0113lamo br\u012bvkust\u012bbas l\u012bmeni (sk. 1. att.). \u0160\u012b metode \u013cauj vienk\u0101r\u0161i noregul\u0113t br\u012bvkust\u012bbu l\u012bdz jebkurai v\u0113lamajai v\u0113rt\u012bbai zobratu uzst\u0101d\u012b\u0161anas laik\u0101. Pat nolietotus zobratus var prec\u012bzi un nep\u0101rtraukti noregul\u0113t, nemainot zobu kontaktu vai neradot sazobi.<\/p>\n<p>Papildus aprakst\u012btajai dupleksa pieejai, citas t\u0101rpu zobratu br\u012bvkust\u012bbas regul\u0113\u0161anas metodes ietver: centra att\u0101luma regul\u0113\u0161anu, pagrie\u017eot ekscentrisku rumbu, kas atbalsta t\u0101rpa v\u0101rpstu un riteni; konusveida t\u0101rpa aksi\u0101la nob\u012bde (2.a att.); t\u0101rpa sadal\u012b\u0161ana div\u0101s da\u013c\u0101s (2.b att.), kuras var pagriezt vai nob\u012bd\u012bt vienu attiec\u012bb\u0101 pret otru (Ott sist\u0113ma); vai rite\u0146a sadal\u012b\u0161ana divos diskos (2.c att.), kurus var noregul\u0113t tuv\u0101k vienu otram.<\/p>\n<table style=\"width: 100%; height: 28px;\" border=\"1\" width=\"100%\" cellspacing=\"0\" cellpadding=\"0\">\n<tbody>\n<tr style=\"height: 14.40pt;\">\n<td style=\"height: 14px; width: 49.8pt;\" width=\"83\" height=\"24\">\u00a0<img loading=\"lazy\" decoding=\"async\" class=\"alignnone size-full wp-image-7176\" src=\"https:\/\/fmp-components.com\/wp-content\/uploads\/2025\/03\/Duplex-Worms-1.webp\" alt=\"Duplekst\u0101rpi\" width=\"450\" height=\"450\" title=\"\" srcset=\"https:\/\/fmp-components.com\/wp-content\/uploads\/2025\/03\/Duplex-Worms-1.webp 450w, https:\/\/fmp-components.com\/wp-content\/uploads\/2025\/03\/Duplex-Worms-1-300x300.webp 300w, https:\/\/fmp-components.com\/wp-content\/uploads\/2025\/03\/Duplex-Worms-1-150x150.webp 150w, https:\/\/fmp-components.com\/wp-content\/uploads\/2025\/03\/Duplex-Worms-1-12x12.webp 12w, https:\/\/fmp-components.com\/wp-content\/uploads\/2025\/03\/Duplex-Worms-1-100x100.webp 100w\" sizes=\"(max-width: 450px) 100vw, 450px\" \/><\/td>\n<td style=\"width: 48pt; height: 14px;\" align=\"right\" width=\"80\"><img loading=\"lazy\" decoding=\"async\" class=\"alignnone size-full wp-image-7175\" src=\"https:\/\/fmp-components.com\/wp-content\/uploads\/2025\/03\/Duplex-Worms-2.webp\" alt=\"Duplekst\u0101rpi\" width=\"450\" height=\"450\" title=\"\" srcset=\"https:\/\/fmp-components.com\/wp-content\/uploads\/2025\/03\/Duplex-Worms-2.webp 450w, https:\/\/fmp-components.com\/wp-content\/uploads\/2025\/03\/Duplex-Worms-2-300x300.webp 300w, https:\/\/fmp-components.com\/wp-content\/uploads\/2025\/03\/Duplex-Worms-2-150x150.webp 150w, https:\/\/fmp-components.com\/wp-content\/uploads\/2025\/03\/Duplex-Worms-2-12x12.webp 12w, https:\/\/fmp-components.com\/wp-content\/uploads\/2025\/03\/Duplex-Worms-2-100x100.webp 100w\" sizes=\"(max-width: 450px) 100vw, 450px\" \/><\/td>\n<\/tr>\n<tr style=\"height: 14.40pt;\">\n<td style=\"height: 14px; text-align: center;\" height=\"24\"><strong>1. att\u0113ls<\/strong><\/td>\n<td style=\"height: 14px; text-align: center;\" align=\"right\"><strong>2. att\u0113ls<\/strong><\/td>\n<\/tr>\n<\/tbody>\n<\/table>\n<div>\n<h3 class=\"break-words\">Mont\u0101\u017eas br\u012bdin\u0101jums<\/h3>\n<p class=\"break-words\">Divk\u0101r\u0161ajiem t\u0101rpu zobratiem ir at\u0161\u0137ir\u012bgi modu\u013ci uz lab\u0101s un kreis\u0101s zobu virsmas, t\u0101p\u0113c ir \u013coti svar\u012bgi pareizi izl\u012bdzin\u0101t t\u0101rpu un t\u0101rpratu. Pirms mont\u0101\u017eas, l\u016bdzu, p\u0101rliecinieties, ka ir r\u016bp\u012bgi p\u0101rbaud\u012bti \u0161\u0101di divi punkti.<\/p>\n<ol class=\"marker:text-secondary\">\n<li class=\"break-words\">Mont\u0101\u017eas orient\u0101cijas apstiprin\u0101\u0161ana<br \/>\nGan divpus\u0113jais t\u0101rps, gan t\u0101rprats ir apz\u012bm\u0113ti ar bulti\u0146u, kas nor\u0101da pareizo mont\u0101\u017eas virzienu. Mont\u0101\u017eas laik\u0101 izl\u012bdziniet t\u0101rpu un t\u0101rpratu t\u0101, lai bulti\u0146a uz t\u0101rpa sakristu ar bulti\u0146as virzienu uz t\u0101rprata, kas redzama no priek\u0161puses. Ja izl\u012bdzin\u0101jums nav pareizs, centra att\u0101lums \u201ca\u201d p\u0101rsniegs standarta m\u0113r\u012bjumu, radot mont\u0101\u017eas probl\u0113mas un sliktu zobratu sazobi. (Skat\u012bt 3. att.)<\/li>\n<\/ol>\n<p><img loading=\"lazy\" decoding=\"async\" class=\"alignnone size-full wp-image-7179\" src=\"https:\/\/fmp-components.com\/wp-content\/uploads\/2025\/03\/Duplex-Worms-3.webp\" alt=\"Duplekst\u0101rpi\" width=\"900\" height=\"500\" title=\"\" srcset=\"https:\/\/fmp-components.com\/wp-content\/uploads\/2025\/03\/Duplex-Worms-3.webp 900w, https:\/\/fmp-components.com\/wp-content\/uploads\/2025\/03\/Duplex-Worms-3-480x267.webp 480w\" sizes=\"(min-width: 0px) and (max-width: 480px) 480px, (min-width: 481px) 900px, 100vw\" \/><\/p>\n<p style=\"text-align: center;\"><strong>3. att\u0113ls<\/strong><\/p>\n<p>3. att\u0113ls. Bulti\u0146as atz\u012bme nor\u0101da pareizo divu zobratu orient\u0101ciju salikt\u0101 st\u0101vokl\u012b. K\u0101 par\u0101d\u012bts att\u0113l\u0101, ab\u0101m bulti\u0146\u0101m j\u0101b\u016bt v\u0113rst\u0101m vien\u0101 virzien\u0101.<\/p>\n<p class=\"adj\"><span class=\"bold\">2. Atsauces poz\u012bcijas p\u0101rbaude<\/span><br \/>\nV veida rieva (60 mm, 0,3 mm dzi\u013ca l\u012bnija) uz divpus\u0113j\u0101 t\u0101rpa zoba gala perif\u0113rijas iez\u012bm\u0113 atskaites zobu. Zobratu komplektam ir paredz\u0113ta gandr\u012bz nulles br\u012bvkust\u012bba (\u00b1 0,045), kad atskaites zobs ir novietots vien\u0101 l\u012bnij\u0101 ar t\u0101rpa zobrata rot\u0101cijas centru, un centra att\u0101lums ir iestat\u012bts uz v\u0113rt\u012bbu \"a\" (4. att.).<\/p>\n<p><img loading=\"lazy\" decoding=\"async\" class=\"alignnone size-full wp-image-7178\" src=\"https:\/\/fmp-components.com\/wp-content\/uploads\/2025\/03\/Duplex-Worms-4.webp\" alt=\"Duplekst\u0101rpi\" width=\"900\" height=\"400\" title=\"\" srcset=\"https:\/\/fmp-components.com\/wp-content\/uploads\/2025\/03\/Duplex-Worms-4.webp 900w, https:\/\/fmp-components.com\/wp-content\/uploads\/2025\/03\/Duplex-Worms-4-480x213.webp 480w\" sizes=\"(min-width: 0px) and (max-width: 480px) 480px, (min-width: 481px) 900px, 100vw\" \/><\/p>\n<p style=\"text-align: center;\"><strong>4. att\u0113ls<\/strong><\/p>\n<h3>Pielietojuma piem\u0113rs<\/h3>\n<p><img loading=\"lazy\" decoding=\"async\" class=\"alignnone size-full wp-image-7187\" src=\"https:\/\/fmp-components.com\/wp-content\/uploads\/2025\/03\/Duplex-Worm-gear-application.webp\" alt=\"Dupleksa t\u0101rpu p\u0101rnesuma pielietojums\" width=\"1240\" height=\"391\" title=\"\" srcset=\"https:\/\/fmp-components.com\/wp-content\/uploads\/2025\/03\/Duplex-Worm-gear-application.webp 1240w, https:\/\/fmp-components.com\/wp-content\/uploads\/2025\/03\/Duplex-Worm-gear-application-980x309.webp 980w, https:\/\/fmp-components.com\/wp-content\/uploads\/2025\/03\/Duplex-Worm-gear-application-480x151.webp 480w\" sizes=\"(min-width: 0px) and (max-width: 480px) 480px, (min-width: 481px) and (max-width: 980px) 980px, (min-width: 981px) 1240px, 100vw\" \/><\/p>\n<p>Iepriek\u0161 redzamie att\u0113li ir tikai dizaina piem\u0113ri un nav re\u0101lu ma\u0161\u012bnu vai iek\u0101rtu dizaini.<\/p>\n<h3>Saist\u012bts produkts<\/h3>\n<p>\u0160\u012b ir tikai da\u013ca no produktiem, l\u016bdzu, sazinieties ar mums, lai uzzin\u0101tu vair\u0101k par produktiem.<\/p>\n<p><img loading=\"lazy\" decoding=\"async\" class=\"size-full wp-image-7190 aligncenter\" src=\"https:\/\/fmp-components.com\/wp-content\/uploads\/2025\/03\/duplex-worm-gear-product-2.webp\" alt=\"dupleksa t\u0101rpa zobrats\" width=\"1000\" height=\"700\" title=\"\" srcset=\"https:\/\/fmp-components.com\/wp-content\/uploads\/2025\/03\/duplex-worm-gear-product-2.webp 1000w, https:\/\/fmp-components.com\/wp-content\/uploads\/2025\/03\/duplex-worm-gear-product-2-980x686.webp 980w, https:\/\/fmp-components.com\/wp-content\/uploads\/2025\/03\/duplex-worm-gear-product-2-480x336.webp 480w\" sizes=\"(min-width: 0px) and (max-width: 480px) 480px, (min-width: 481px) and (max-width: 980px) 980px, (min-width: 981px) 1000px, 100vw\" \/><\/p>\n<\/div>","protected":false},"excerpt":{"rendered":"<p>A Duplex Worm Gear is a specialized mechanical component designed for high-precision applications, offering enhanced durability and efficiency in power transmission systems. At FMP Company, we proudly manufacture a wide range of Duplex Worm Gears in various types and specifications to meet diverse industry needs. We also offer customized solutions tailored to your unique requirements. [&hellip;]<\/p>","protected":false},"featured_media":7188,"comment_status":"open","ping_status":"closed","template":"","meta":{"_et_pb_use_builder":"","_et_pb_old_content":"","_et_gb_content_width":""},"product_brand":[],"product_cat":[107],"product_tag":[],"class_list":{"0":"post-7174","1":"product","2":"type-product","3":"status-publish","4":"has-post-thumbnail","6":"product_cat-worm-gear","8":"first","9":"instock","10":"shipping-taxable","11":"product-type-simple"},"_links":{"self":[{"href":"https:\/\/fmp-components.com\/lv\/wp-json\/wp\/v2\/product\/7174","targetHints":{"allow":["GET"]}}],"collection":[{"href":"https:\/\/fmp-components.com\/lv\/wp-json\/wp\/v2\/product"}],"about":[{"href":"https:\/\/fmp-components.com\/lv\/wp-json\/wp\/v2\/types\/product"}],"replies":[{"embeddable":true,"href":"https:\/\/fmp-components.com\/lv\/wp-json\/wp\/v2\/comments?post=7174"}],"wp:featuredmedia":[{"embeddable":true,"href":"https:\/\/fmp-components.com\/lv\/wp-json\/wp\/v2\/media\/7188"}],"wp:attachment":[{"href":"https:\/\/fmp-components.com\/lv\/wp-json\/wp\/v2\/media?parent=7174"}],"wp:term":[{"taxonomy":"product_brand","embeddable":true,"href":"https:\/\/fmp-components.com\/lv\/wp-json\/wp\/v2\/product_brand?post=7174"},{"taxonomy":"product_cat","embeddable":true,"href":"https:\/\/fmp-components.com\/lv\/wp-json\/wp\/v2\/product_cat?post=7174"},{"taxonomy":"product_tag","embeddable":true,"href":"https:\/\/fmp-components.com\/lv\/wp-json\/wp\/v2\/product_tag?post=7174"}],"curies":[{"name":"wp","href":"https:\/\/api.w.org\/{rel}","templated":true}]}}