{"id":7168,"date":"2025-03-20T01:19:21","date_gmt":"2025-03-20T01:19:21","guid":{"rendered":"https:\/\/fmp-components.com\/?post_type=product&#038;p=7168"},"modified":"2025-03-26T08:52:09","modified_gmt":"2025-03-26T08:52:09","slug":"stainless-steel-worm-gear-for-cnc-machinery","status":"publish","type":"product","link":"https:\/\/fmp-components.com\/lv\/product\/stainless-steel-worm-gear-for-cnc-machinery\/","title":{"rendered":"Ner\u016bs\u0113jo\u0161\u0101 t\u0113rauda t\u0101rpu p\u0101rnesums CNC ma\u0161\u012bn\u0101m"},"content":{"rendered":"<p>Uz\u0146\u0113mum\u0101 FMP m\u0113s specializ\u0113jamies pla\u0161a kl\u0101sta ner\u016bs\u0113jo\u0161\u0101 t\u0113rauda ra\u017eo\u0161an\u0101. <a href=\"https:\/\/fmp-components.com\/lv\/worm-gear-and-worm-shaft-2\/\">T\u0101rpu zobrati<\/a> izstr\u0101d\u0101ts, lai apmierin\u0101tu da\u017e\u0101das r\u016bpniec\u012bbas vajadz\u012bbas. Papildus m\u016bsu pla\u0161ajam katalogam m\u0113s pied\u0101v\u0101jam ar\u012b piel\u0101gotus risin\u0101jumus, kas piel\u0101goti j\u016bsu \u012bpa\u0161aj\u0101m pras\u012bb\u0101m. Ja m\u016bsu produktu sarakst\u0101 neatrodat tie\u0161i vajadz\u012bgo modeli, iesp\u0113jams, mums v\u0113l nav bijusi iesp\u0113ja to atjaunin\u0101t. L\u016bdzu, rakstiet mums e-pastu ar inform\u0101ciju par nepiecie\u0161amo modeli, un m\u016bsu in\u017eenieri atbild\u0113s 24 stundu laik\u0101, lai jums pal\u012bdz\u0113tu.<\/p>\n<p><img loading=\"lazy\" decoding=\"async\" class=\"size-full wp-image-7172 aligncenter\" src=\"https:\/\/fmp-components.com\/wp-content\/uploads\/2025\/03\/Stainless-Steel-Worm-Gear-for-CNC-Machinery-4.webp\" alt=\"Ner\u016bs\u0113jo\u0161\u0101 t\u0113rauda t\u0101rpu zobrats CNC ma\u0161\u012bn\u0101m\" width=\"500\" height=\"600\" title=\"\" srcset=\"https:\/\/fmp-components.com\/wp-content\/uploads\/2025\/03\/Stainless-Steel-Worm-Gear-for-CNC-Machinery-4.webp 500w, https:\/\/fmp-components.com\/wp-content\/uploads\/2025\/03\/Stainless-Steel-Worm-Gear-for-CNC-Machinery-4-480x576.webp 480w\" sizes=\"(min-width: 0px) and (max-width: 480px) 480px, (min-width: 481px) 500px, 100vw\" \/><\/p>\n<h2>Produkta parametri<\/h2>\n<div class=\"rich-text-table\">\n<table border=\"1\">\n<colgroup>\n<col \/>\n<col \/><\/colgroup>\n<tbody>\n<tr>\n<td>Produkta nosaukums<\/td>\n<td>T\u0101rpu zobrats un t\u0101rpu ritenis<\/td>\n<\/tr>\n<tr>\n<td>Pieejamie materi\u0101li<\/td>\n<td>Ner\u016bs\u0113jo\u0161ais t\u0113rauds, oglek\u013ca t\u0113rauds, misi\u0146\u0161, bronza, dzelzs, alum\u012bnija sakaus\u0113jums, var\u0161, plastmasa, neilons, PA66, MC, PEER, MSM, POM, Derlin uc<\/td>\n<\/tr>\n<tr>\n<td>Termisk\u0101 apstr\u0101de<\/td>\n<td>R\u016bd\u012b\u0161ana un atlaidin\u0101\u0161ana, karbur\u0113\u0161ana un r\u016bd\u012b\u0161ana, augstfrekvences saciet\u0113\u0161ana, karbonitr\u012bd\u0113\u0161ana\u2026\u2026<\/td>\n<\/tr>\n<tr>\n<td>Virsmas apstr\u0101de<\/td>\n<td>Karboniz\u0101cija un r\u016bd\u012b\u0161ana, r\u016bd\u012b\u0161ana, zobu virsmas augsta r\u016bd\u012b\u0161ana, r\u016bd\u012b\u0161ana<\/td>\n<\/tr>\n<tr>\n<td>DURBUMS<\/td>\n<td>Pabeigts urbums, piloturbums, \u012bpa\u0161s piepras\u012bjums<\/td>\n<\/tr>\n<tr>\n<td>Apstr\u0101des metode<\/td>\n<td>Form\u0113\u0161ana, sk\u016b\u0161ana, fr\u0113z\u0113\u0161ana, urb\u0161ana, v\u012bt\u0146o\u0161ana, urb\u0161ana, manu\u0101la sl\u012bp\u0113\u0161ana, sl\u012bp\u0113\u0161ana utt.<\/td>\n<\/tr>\n<tr>\n<td>Spiediena le\u0146\u0137is<\/td>\n<td>20 gr\u0101di<\/td>\n<\/tr>\n<tr>\n<td>Ciet\u012bba<\/td>\n<td>55\u201360 HRC<\/td>\n<\/tr>\n<tr>\n<td>Izm\u0113rs<\/td>\n<td>Klienta ras\u0113jumi un ISO standarts<\/td>\n<\/tr>\n<tr>\n<td>Iepakojums<\/td>\n<td>Koka kaste\/konteiners un palete vai izgatavota p\u0113c pas\u016bt\u012bjuma<\/td>\n<\/tr>\n<tr>\n<td>Sertifik\u0101ts<\/td>\n<td>ISO9001:2008<\/td>\n<\/tr>\n<tr>\n<td>Pieteikumi<\/td>\n<td>Elektrisk\u0101s ma\u0161\u012bnas, metalur\u0123ijas ma\u0161\u012bnas, vides aizsardz\u012bbas ma\u0161\u012bnas, elektronisk\u0101s un elektrisk\u0101s ier\u012bces, ce\u013cu b\u016bves ma\u0161\u012bnas, \u0137\u012bmisk\u0101s ma\u0161\u012bnas, p\u0101rtikas ma\u0161\u012bnas, viegl\u0101s r\u016bpniec\u012bbas ma\u0161\u012bnas, kalnr\u016bpniec\u012bbas ma\u0161\u012bnas, transporta ma\u0161\u012bnas, celtniec\u012bbas ma\u0161\u012bnas, b\u016bvmateri\u0101lu ma\u0161\u012bnas, cementa ma\u0161\u012bnas, gumijas ma\u0161\u012bnas, \u016bdens taup\u012b\u0161anas ma\u0161\u012bnas un naftas ma\u0161\u012bnas<\/td>\n<\/tr>\n<tr>\n<td>Apstr\u0101des process<\/td>\n<td>Materi\u0101la sagatavo\u0161ana, normaliz\u0113\u0161ana, rupj\u0101 virpo\u0161ana, r\u016bd\u012b\u0161ana un atlaidin\u0101\u0161ana, pusfine virpo\u0161ana \u0101r\u0113jais aplis, spir\u0101lveida virsmas rupj\u0101 virpo\u0161ana, smalkvirpo\u0161ana (smalka sl\u012bp\u0113\u0161ana) iek\u0161\u0113j\u0101 urbuma gala virsma, atsl\u0113gas iegriezums, pusfine virpo\u0161ana spir\u0101lveida virsma, knaibles (p\u0101r\u0113jie nepiln\u012bgi zobi), pusfine sl\u012bp\u0113\u0161ana \u0101r\u0113jais aplis, pusfine sl\u012bp\u0113\u0161ana spir\u0101lveida virsma, sl\u012bp\u0113\u0161anas centra caurums, smalki sl\u012bp\u0113ts \u0101r\u0113jais gredzens, smalki skr\u0101p\u0113ta spir\u0101lveida virsma, gatav\u0101 produkta p\u0101rbaude.<\/td>\n<\/tr>\n<tr>\n<td>Priek\u0161roc\u012bbas<\/td>\n<td>1. Izgatavojiet stingri iev\u0113rojot ANSI vai DIN standarta izm\u0113rus<br \/>\n2. Materi\u0101ls: SCM 415 t\u0113rauds<br \/>\n3. Urbums: Pabeigts urbums<br \/>\n4. Prec\u012bza klase: no DIN 5 l\u012bdz DIN 7<br \/>\n5. Virsmas apstr\u0101de: karburiz\u0101cija un r\u016bd\u012b\u0161ana<br \/>\n6. Modulis: no 1 l\u012bdz 4<br \/>\n7. Zobs: no Z15 l\u012bdz Z70<\/td>\n<\/tr>\n<\/tbody>\n<\/table>\n<\/div>\n<h2>Specifik\u0101cija:<\/h2>\n<div class=\"rich-text-table\">\n<table border=\"1\">\n<tbody>\n<tr>\n<td colspan=\"2\">Numurs<\/td>\n<td rowspan=\"2\">Zobu skaits<\/td>\n<td colspan=\"2\">V\u0101rpstas urbuma diametrs AH7 (1 mm solis)<\/td>\n<td rowspan=\"2\">Grie\u0161an\u0101s virziens<\/td>\n<td rowspan=\"2\">B<\/td>\n<td rowspan=\"2\">C<\/td>\n<td rowspan=\"2\">D<\/td>\n<td rowspan=\"2\">E<\/td>\n<td rowspan=\"2\">F<\/td>\n<td rowspan=\"2\">G<\/td>\n<\/tr>\n<tr>\n<td>Tips<\/td>\n<td>Modulis<\/td>\n<td>Taisna urbuma Taisna urbuma + kr\u0101na<\/td>\n<td>Atsl\u0113gas caurums+V\u012btne<\/td>\n<\/tr>\n<tr>\n<td rowspan=\"22\">Taisns urbums<\/p>\n<p>Taisna urbuma urbums + kr\u0101na uzgalis<\/p>\n<p>Atsl\u0113gas caurums+V\u012btne<\/td>\n<td rowspan=\"5\">1.0<\/td>\n<td>20<\/td>\n<td>6<\/td>\n<td>8<\/td>\n<td rowspan=\"22\">L (pa kreisi)<\/p>\n<p>R (pa labi)<\/td>\n<td>17<\/td>\n<td>20<\/td>\n<td>22<\/td>\n<td colspan=\"1\" rowspan=\"5\">8<\/td>\n<td rowspan=\"5\">10<\/td>\n<td rowspan=\"5\">18<\/td>\n<\/tr>\n<tr>\n<td>22~ 28<\/td>\n<td>8<\/td>\n<td>8~13<\/td>\n<td>18~20<\/td>\n<td>22~28<\/td>\n<td>24~30<\/td>\n<\/tr>\n<tr>\n<td>30~48<\/td>\n<td>10<\/td>\n<td>10~17<\/td>\n<td>25~30<\/td>\n<td>30~48<\/td>\n<td>32~50<\/td>\n<\/tr>\n<tr>\n<td>50~70<\/td>\n<td>12<\/td>\n<td>12~17<\/td>\n<td>35~40<\/td>\n<td>50~70<\/td>\n<td colspan=\"1\">52~72<\/td>\n<\/tr>\n<tr>\n<td>80~100<\/td>\n<td>15<\/td>\n<td>15~30<\/td>\n<td>50<\/td>\n<td>80~100<\/td>\n<td colspan=\"1\">82~102<\/td>\n<\/tr>\n<tr>\n<td rowspan=\"4\">1.5<\/td>\n<td>20~26<\/td>\n<td>12<\/td>\n<td>12~17<\/td>\n<td>24~32<\/td>\n<td>30~39<\/td>\n<td colspan=\"1\">33~42<\/td>\n<td colspan=\"1\" rowspan=\"4\">12<\/td>\n<td rowspan=\"4\">12<\/td>\n<td rowspan=\"4\">24<\/td>\n<\/tr>\n<tr>\n<td>28~44<\/td>\n<td>15<\/td>\n<td>15~30<\/td>\n<td>36~50<\/td>\n<td>42~67.5<\/td>\n<td colspan=\"1\">45~70.5<\/td>\n<\/tr>\n<tr>\n<td>45~52<\/td>\n<td>18<\/td>\n<td>18~40<\/td>\n<td>50~60<\/td>\n<td>72~78<\/td>\n<td colspan=\"1\">75~81<\/td>\n<\/tr>\n<tr>\n<td>60~100<\/td>\n<td>20<\/td>\n<td>20-50<\/td>\n<td>60~70<\/td>\n<td>90~150<\/td>\n<td colspan=\"1\">93\u00b7153<\/td>\n<\/tr>\n<tr>\n<td rowspan=\"5\">2.0<\/td>\n<td>15~18<\/td>\n<td>12<\/td>\n<td>12~17<\/td>\n<td>24~30<\/td>\n<td>30~36<\/td>\n<td>34~40<\/td>\n<td colspan=\"1\" rowspan=\"5\">16<\/td>\n<td rowspan=\"5\">13<\/td>\n<td rowspan=\"5\">29<\/td>\n<\/tr>\n<tr>\n<td>20~28<\/td>\n<td>15<\/td>\n<td>15\u00b722<\/td>\n<td>32~45<\/td>\n<td>40~56<\/td>\n<td>44~60<\/td>\n<\/tr>\n<tr>\n<td>30~36<\/td>\n<td>18<\/td>\n<td>18~40<\/td>\n<td>50<\/td>\n<td>60~72<\/td>\n<td>64~76<\/td>\n<\/tr>\n<tr>\n<td>40~48<\/td>\n<td>20<\/td>\n<td>20~44<\/td>\n<td>60<\/td>\n<td>80~96<\/td>\n<td>84~100<\/td>\n<\/tr>\n<tr>\n<td>50~100<\/td>\n<td>25<\/td>\n<td>25~60<\/td>\n<td>60~100<\/td>\n<td>100~200<\/td>\n<td>104~204<\/td>\n<\/tr>\n<tr>\n<td rowspan=\"4\">2.5<\/td>\n<td>15~18<\/td>\n<td>15<\/td>\n<td>15~30<\/td>\n<td>30~38<\/td>\n<td>37.5~45<\/td>\n<td>42.5~50<\/td>\n<td colspan=\"1\" rowspan=\"4\">20<\/td>\n<td rowspan=\"4\">14<\/td>\n<td rowspan=\"4\">34<\/td>\n<\/tr>\n<tr>\n<td>20~24<\/td>\n<td>18<\/td>\n<td>18~40<\/td>\n<td>40~48<\/td>\n<td>50~60<\/td>\n<td>55~65<\/td>\n<\/tr>\n<tr>\n<td>25~36<\/td>\n<td>20<\/td>\n<td>20~50<\/td>\n<td>50~70<\/td>\n<td>62.5~90<\/td>\n<td>67.5~95<\/td>\n<\/tr>\n<tr>\n<td>40~60<\/td>\n<td>25<\/td>\n<td>25~70<\/td>\n<td>70~80<\/td>\n<td>90~150<\/td>\n<td>95~155<\/td>\n<\/tr>\n<tr>\n<td rowspan=\"4\">3.0<\/td>\n<td>15~18<\/td>\n<td>18<\/td>\n<td>18~22<\/td>\n<td>36~40<\/td>\n<td>45~54<\/td>\n<td>51~60<\/td>\n<td colspan=\"1\" rowspan=\"4\">25<\/td>\n<td rowspan=\"4\">16<\/td>\n<td rowspan=\"4\">4<\/td>\n<\/tr>\n<\/tbody>\n<\/table>\n<h3>Saist\u012bts produkts<\/h3>\n<p><img loading=\"lazy\" decoding=\"async\" class=\"alignnone size-full wp-image-7170\" src=\"https:\/\/fmp-components.com\/wp-content\/uploads\/2025\/03\/Stainless-Steel-Worm-Gear-for-CNC-Machinery-3.webp\" alt=\"Ner\u016bs\u0113jo\u0161\u0101 t\u0113rauda t\u0101rpu zobrats CNC ma\u0161\u012bn\u0101m\" width=\"1000\" height=\"400\" title=\"\" srcset=\"https:\/\/fmp-components.com\/wp-content\/uploads\/2025\/03\/Stainless-Steel-Worm-Gear-for-CNC-Machinery-3.webp 1000w, https:\/\/fmp-components.com\/wp-content\/uploads\/2025\/03\/Stainless-Steel-Worm-Gear-for-CNC-Machinery-3-980x392.webp 980w, https:\/\/fmp-components.com\/wp-content\/uploads\/2025\/03\/Stainless-Steel-Worm-Gear-for-CNC-Machinery-3-480x192.webp 480w\" sizes=\"(min-width: 0px) and (max-width: 480px) 480px, (min-width: 481px) and (max-width: 980px) 980px, (min-width: 981px) 1000px, 100vw\" \/><\/p>\n<p>V\u0113lamies uzsv\u0113rt, ka FMP uz\u0146\u0113mums ar lepnumu ra\u017eo ar\u012b ner\u016bs\u0113jo\u0161\u0101 t\u0113rauda t\u0101rpu p\u0101rnesumk\u0101rbas, kas ir \u012bpa\u0161i izstr\u0101d\u0101tas, lai atbilstu stingraj\u0101m p\u0101rtikas r\u016bpniec\u012bbas pras\u012bb\u0101m. \u0160\u012bs p\u0101rnesumk\u0101rbas ir izgatavotas prec\u012bzi, nodro\u0161inot iztur\u012bbu, iztur\u012bbu pret koroziju un atbilst\u012bbu higi\u0113nas standartiem, padarot t\u0101s par ide\u0101lu izv\u0113li p\u0101rtikas p\u0101rstr\u0101des vajadz\u012bb\u0101m. Ja jums ir k\u0101das pras\u012bbas vai jaut\u0101jumi par m\u016bsu ner\u016bs\u0113jo\u0161\u0101 t\u0113rauda t\u0101rpu p\u0101rnesumk\u0101rb\u0101m, l\u016bdzu, nevilcinieties sazin\u0101ties ar mums. M\u016bsu \u012bpa\u0161\u0101 komanda ir gatava jums nekav\u0113joties pal\u012bdz\u0113t, pied\u0101v\u0101jot piel\u0101gotus risin\u0101jumus j\u016bsu darb\u012bbas uzlabo\u0161anai. Sazinieties ar mums jau \u0161odien, lai apspriestu savas vajadz\u012bbas!<\/p>\n<p><img loading=\"lazy\" decoding=\"async\" class=\"alignnone size-full wp-image-7173\" src=\"https:\/\/fmp-components.com\/wp-content\/uploads\/2025\/03\/Stainless-Steel-Worm-Gearbox.webp\" alt=\"Ner\u016bs\u0113jo\u0161\u0101 t\u0113rauda t\u0101rpu p\u0101rnesumk\u0101rba\" width=\"1000\" height=\"668\" title=\"\" srcset=\"https:\/\/fmp-components.com\/wp-content\/uploads\/2025\/03\/Stainless-Steel-Worm-Gearbox.webp 1000w, https:\/\/fmp-components.com\/wp-content\/uploads\/2025\/03\/Stainless-Steel-Worm-Gearbox-980x655.webp 980w, https:\/\/fmp-components.com\/wp-content\/uploads\/2025\/03\/Stainless-Steel-Worm-Gearbox-480x321.webp 480w\" sizes=\"(min-width: 0px) and (max-width: 480px) 480px, (min-width: 481px) and (max-width: 980px) 980px, (min-width: 981px) 1000px, 100vw\" \/><\/p>\n<\/div>","protected":false},"excerpt":{"rendered":"<p>At FMP Company, we specialize in manufacturing a wide range of Stainless Steel Worm Gears designed to meet diverse industrial needs. In addition to our extensive catalog, we also offer custom solutions tailored to your specific requirements. If you don\u2019t find the exact model you\u2019re looking for in our product list, it\u2019s likely we haven\u2019t [&hellip;]<\/p>","protected":false},"featured_media":7169,"comment_status":"open","ping_status":"closed","template":"","meta":{"_et_pb_use_builder":"","_et_pb_old_content":"","_et_gb_content_width":""},"product_brand":[],"product_cat":[107],"product_tag":[],"class_list":{"0":"post-7168","1":"product","2":"type-product","3":"status-publish","4":"has-post-thumbnail","6":"product_cat-worm-gear","8":"first","9":"instock","10":"shipping-taxable","11":"product-type-simple"},"_links":{"self":[{"href":"https:\/\/fmp-components.com\/lv\/wp-json\/wp\/v2\/product\/7168","targetHints":{"allow":["GET"]}}],"collection":[{"href":"https:\/\/fmp-components.com\/lv\/wp-json\/wp\/v2\/product"}],"about":[{"href":"https:\/\/fmp-components.com\/lv\/wp-json\/wp\/v2\/types\/product"}],"replies":[{"embeddable":true,"href":"https:\/\/fmp-components.com\/lv\/wp-json\/wp\/v2\/comments?post=7168"}],"wp:featuredmedia":[{"embeddable":true,"href":"https:\/\/fmp-components.com\/lv\/wp-json\/wp\/v2\/media\/7169"}],"wp:attachment":[{"href":"https:\/\/fmp-components.com\/lv\/wp-json\/wp\/v2\/media?parent=7168"}],"wp:term":[{"taxonomy":"product_brand","embeddable":true,"href":"https:\/\/fmp-components.com\/lv\/wp-json\/wp\/v2\/product_brand?post=7168"},{"taxonomy":"product_cat","embeddable":true,"href":"https:\/\/fmp-components.com\/lv\/wp-json\/wp\/v2\/product_cat?post=7168"},{"taxonomy":"product_tag","embeddable":true,"href":"https:\/\/fmp-components.com\/lv\/wp-json\/wp\/v2\/product_tag?post=7168"}],"curies":[{"name":"wp","href":"https:\/\/api.w.org\/{rel}","templated":true}]}}