{"id":7147,"date":"2025-03-19T06:49:31","date_gmt":"2025-03-19T06:49:31","guid":{"rendered":"https:\/\/fmp-components.com\/?post_type=product&#038;p=7147"},"modified":"2025-03-26T08:52:30","modified_gmt":"2025-03-26T08:52:30","slug":"alloy-steel-worm-and-worm-gear-for-auto-parts","status":"publish","type":"product","link":"https:\/\/fmp-components.com\/lv\/product\/alloy-steel-worm-and-worm-gear-for-auto-parts\/","title":{"rendered":"Le\u0123\u0113t\u0101 t\u0113rauda t\u0101rps un t\u0101rpu p\u0101rnesums auto deta\u013c\u0101m"},"content":{"rendered":"<p>Uz\u0146\u0113mum\u0101 FMP m\u0113s specializ\u0113jamies pla\u0161a kl\u0101sta le\u0123\u0113t\u0101 t\u0113rauda t\u0101rpu un ... ra\u017eo\u0161an\u0101. <a href=\"https:\/\/fmp-components.com\/lv\/worm-gear-and-worm-shaft-2\/\">T\u0101rpu p\u0101rnesums<\/a> auto deta\u013c\u0101m, kas izstr\u0101d\u0101tas, lai prec\u012bzi un iztur\u012bgi apmierin\u0101tu da\u017e\u0101du nozaru vajadz\u012bbas. M\u0113s pied\u0101v\u0101jam ar\u012b piel\u0101go\u0161anas pakalpojumus, lai nodro\u0161in\u0101tu, ka m\u016bsu produkti piln\u012bb\u0101 atbilst j\u016bsu \u012bpa\u0161aj\u0101m pras\u012bb\u0101m. Ja m\u016bsu produktu sarakst\u0101 neatrodat nepiecie\u0161amo modeli, tas noz\u012bm\u0113, ka mums v\u0113l nav bijusi iesp\u0113ja to aug\u0161upiel\u0101d\u0113t \u2014 l\u016bdzu, rakstiet mums e-pastu ar v\u0113lamaj\u0101m specifik\u0101cij\u0101m. M\u016bsu in\u017eenieri atbild\u0113s 24 stundu laik\u0101, lai jums pal\u012bdz\u0113tu.<\/p>\n<p><img loading=\"lazy\" decoding=\"async\" class=\"alignnone size-full wp-image-7148\" src=\"https:\/\/fmp-components.com\/wp-content\/uploads\/2025\/03\/Alloy-Steel-Worm-And-Worm-Gear-for-Auto-Parts-1.png\" alt=\"Le\u0123\u0113t\u0101 t\u0113rauda t\u0101rps un t\u0101rpu p\u0101rnesums auto deta\u013c\u0101m\" width=\"1018\" height=\"709\" title=\"\" srcset=\"https:\/\/fmp-components.com\/wp-content\/uploads\/2025\/03\/Alloy-Steel-Worm-And-Worm-Gear-for-Auto-Parts-1.png 1018w, https:\/\/fmp-components.com\/wp-content\/uploads\/2025\/03\/Alloy-Steel-Worm-And-Worm-Gear-for-Auto-Parts-1-980x683.png 980w, https:\/\/fmp-components.com\/wp-content\/uploads\/2025\/03\/Alloy-Steel-Worm-And-Worm-Gear-for-Auto-Parts-1-480x334.png 480w\" sizes=\"(min-width: 0px) and (max-width: 480px) 480px, (min-width: 481px) and (max-width: 980px) 980px, (min-width: 981px) 1018px, 100vw\" \/><\/p>\n<p>Izm\u0113ri: \u03a65mm - \u03a6120mm<br \/>\nModulis: M0.2-M2.2<br \/>\nMateri\u0101la tips: alum\u012bnijs, var\u0161, misi\u0146\u0161, ner\u016bs\u0113jo\u0161ais t\u0113rauds, t\u0113rauds, dzelzs, sakaus\u0113jums, tit\u0101ns utt. p\u0113c klienta piepras\u012bjuma<\/p>\n<div class=\"table-responsive\">\n<table class=\"table\" style=\"height: 602px; width: 99.8413%; border-style: solid; border-color: #0d0b0b;\" border=\"1\">\n<tbody>\n<tr>\n<td style=\"width: 99.2693%;\" colspan=\"2\">\n<p style=\"text-align: center;\">Le\u0123\u0113t\u0101 t\u0113rauda t\u0101rps un t\u0101rpu p\u0101rnesums auto deta\u013c\u0101m<\/p>\n<\/td>\n<\/tr>\n<tr>\n<td style=\"width: 15.9708%;\">Izm\u0113rs<\/td>\n<td style=\"width: 83.2985%;\">\u03a65mm\u2013\u03a6120mm<\/td>\n<\/tr>\n<tr>\n<td style=\"width: 15.9708%;\">Modulis<\/td>\n<td style=\"width: 83.2985%;\">M0,2\u2013M2,2<\/td>\n<\/tr>\n<tr>\n<td style=\"width: 15.9708%;\">Materi\u0101la veids<\/td>\n<td style=\"width: 83.2985%;\">Alum\u012bnijs, var\u0161, misi\u0146\u0161, ner\u016bs\u0113jo\u0161ais t\u0113rauds, t\u0113rauds, dzelzs, sakaus\u0113jums, tit\u0101ns utt. p\u0113c klienta piepras\u012bjuma<\/td>\n<\/tr>\n<tr>\n<td style=\"width: 15.9708%;\">Virsmas apstr\u0101de<\/td>\n<td style=\"width: 83.2985%;\">Anod\u0113\u0161ana, t\u012br\u012b\u0161ana ar birsti, cinko\u0161ana, l\u0101zergrav\u0113\u0161ana, z\u012bda druka, pul\u0113\u0161ana, pulverkr\u0101so\u0161ana utt.<\/td>\n<\/tr>\n<tr>\n<td style=\"width: 15.9708%;\">Apstr\u0101de<\/td>\n<td style=\"width: 83.2985%;\">CNC virpo\u0161ana, fr\u0113z\u0113\u0161ana, urb\u0161ana, fr\u0113z\u0113\u0161ana, pul\u0113\u0161ana, buks\u0113\u0161ana, virsmas apstr\u0101de utt.<\/td>\n<\/tr>\n<tr>\n<td style=\"width: 15.9708%;\">Pieteikums<\/td>\n<td style=\"width: 83.2985%;\">Automobi\u013cu, medic\u012bnas, r\u016bpniec\u012bbas, milit\u0101r\u0101, lidma\u0161\u012bnu, meh\u0101nisk\u0101 utt.<\/td>\n<\/tr>\n<tr>\n<td style=\"width: 15.9708%;\">Piel\u0101gots<\/td>\n<td style=\"width: 83.2985%;\">ODM\/OEM<\/td>\n<\/tr>\n<tr>\n<td style=\"width: 15.9708%;\">Paraugs<\/td>\n<td style=\"width: 83.2985%;\">Paraugs pieejams<\/td>\n<\/tr>\n<tr>\n<td style=\"width: 15.9708%;\">Iepako\u0161anas veidi<\/td>\n<td style=\"width: 83.2985%;\">PE maisi\u0146\u0161 iek\u0161pus\u0113, kartons \u0101rpus\u0113 vai atbilsto\u0161i m\u016bsu klienta vajadz\u012bb\u0101m<\/td>\n<\/tr>\n<tr>\n<td style=\"width: 15.9708%;\">Pieg\u0101des veidi<\/td>\n<td style=\"width: 83.2985%;\">DHL un TNT un FedEx un UPS<\/td>\n<\/tr>\n<tr>\n<td style=\"width: 15.9708%;\">Tolerance<\/td>\n<td style=\"width: 83.2985%;\">0,001 mm\u20130,01 mm\u20130,1 mm<\/td>\n<\/tr>\n<\/tbody>\n<\/table>\n<h2>Le\u0123\u0113t\u0101 t\u0113rauda t\u0101rpu un t\u0101rpu p\u0101rnesumu \u012bpa\u0161\u012bbas<\/h2>\n<div>\n<ul>\n<li class=\"break-words\"><strong>Kompakts dizains<\/strong>T\u0101rpu un t\u0101rpu zobratu komplekti ir vienas no telpu taupo\u0161aj\u0101m zobratu sist\u0113m\u0101m, kas paredz\u0113tas kust\u012bbas p\u0101rvadei starp nekrustojo\u0161\u0101m taisnle\u0146\u0137a v\u0101rpst\u0101m, vienlaikus nodro\u0161inot augstu redukcijas koeficientu ar minim\u0101lu izm\u0113ru.<\/li>\n<li class=\"break-words\"><strong>Augsta iztur\u012bba un ilgm\u016b\u017e\u012bba<\/strong>Izgatavots no le\u0123\u0113t\u0101 t\u0113rauda, \u200b\u200bbie\u017ei r\u016bd\u012bta vai termiski apstr\u0101d\u0101ta, t\u0101rps pied\u0101v\u0101 izcilu stiepes iztur\u012bbu un nodilumiztur\u012bbu, nodro\u0161inot ilgsto\u0161u veiktsp\u0113ju sare\u017e\u0123\u012btos apst\u0101k\u013cos.<\/li>\n<li class=\"break-words\"><strong>Klusa un vienm\u0113r\u012bga darb\u012bba<\/strong>\u0160\u012b zobratu kombin\u0101cija nodro\u0161ina klus\u0101ko un vienm\u0113r\u012bg\u0101ko darb\u012bbu no visiem zobratu veidiem, pateicoties le\u0123\u0113t\u0101 t\u0113rauda t\u0101rpa un t\u0101rpa zobrata prec\u012bzajai sazobei, kas samazina troksni un vibr\u0101ciju.<\/li>\n<li class=\"break-words\"><strong>Izcila kravu apstr\u0101de<\/strong>Le\u0123\u0113t\u0101 t\u0113rauda t\u0101rpi, kas savienoti ar t\u0101diem materi\u0101liem k\u0101 bronza vai \u010duguns t\u0101rpu zobratam, lieliski tiek gal\u0101 ar liel\u0101m slodz\u0113m un lielu griezes momentu, padarot tos ide\u0101li piem\u0113rotus lietojumiem, kuriem nepiecie\u0161ama stabila jaudas p\u0101rvade.<\/li>\n<li class=\"break-words\"><strong>Uzlabota efektivit\u0101te un daudzpus\u012bba<\/strong>Pateicoties le\u0123\u0113t\u0101 t\u0113rauda apstr\u0101d\u0101jam\u012bbai, t\u0101rpus var prec\u012bzi sl\u012bp\u0113t, lai ieg\u016btu optim\u0101lus zobu profilus, uzlabojot efektivit\u0101ti un nodro\u0161inot piel\u0101gojamus dizainus da\u017e\u0101diem lietojumiem, piem\u0113ram, ma\u0161\u012bnu piedzi\u0146\u0101m vai liftiem.<\/li>\n<\/ul>\n<\/div>\n<table style=\"width: 100%;\" border=\"1\" width=\"100%\" cellspacing=\"0\" cellpadding=\"0\">\n<tbody>\n<tr style=\"height: 14.40pt;\">\n<td style=\"height: 14.40pt; width: 49.80pt;\" width=\"83\" height=\"24\"><img loading=\"lazy\" decoding=\"async\" class=\"alignnone size-full wp-image-7150\" src=\"https:\/\/fmp-components.com\/wp-content\/uploads\/2025\/03\/Alloy-Steel-Worm-And-Worm-Gear-for-Auto-Parts-3.webp\" alt=\"Le\u0123\u0113t\u0101 t\u0113rauda t\u0101rps un t\u0101rpu p\u0101rnesums auto deta\u013c\u0101m\" width=\"350\" height=\"350\" title=\"\" srcset=\"https:\/\/fmp-components.com\/wp-content\/uploads\/2025\/03\/Alloy-Steel-Worm-And-Worm-Gear-for-Auto-Parts-3.webp 350w, https:\/\/fmp-components.com\/wp-content\/uploads\/2025\/03\/Alloy-Steel-Worm-And-Worm-Gear-for-Auto-Parts-3-300x300.webp 300w, https:\/\/fmp-components.com\/wp-content\/uploads\/2025\/03\/Alloy-Steel-Worm-And-Worm-Gear-for-Auto-Parts-3-150x150.webp 150w, https:\/\/fmp-components.com\/wp-content\/uploads\/2025\/03\/Alloy-Steel-Worm-And-Worm-Gear-for-Auto-Parts-3-12x12.webp 12w, https:\/\/fmp-components.com\/wp-content\/uploads\/2025\/03\/Alloy-Steel-Worm-And-Worm-Gear-for-Auto-Parts-3-100x100.webp 100w\" sizes=\"(max-width: 350px) 100vw, 350px\" \/><\/td>\n<td style=\"width: 48.00pt;\" align=\"right\" width=\"80\"><img loading=\"lazy\" decoding=\"async\" class=\"alignnone size-full wp-image-7151\" src=\"https:\/\/fmp-components.com\/wp-content\/uploads\/2025\/03\/Alloy-Steel-Worm-And-Worm-Gear-for-Auto-Parts-2.webp\" alt=\"Le\u0123\u0113t\u0101 t\u0113rauda t\u0101rps un t\u0101rpu p\u0101rnesums auto deta\u013c\u0101m\" width=\"350\" height=\"350\" title=\"\" srcset=\"https:\/\/fmp-components.com\/wp-content\/uploads\/2025\/03\/Alloy-Steel-Worm-And-Worm-Gear-for-Auto-Parts-2.webp 350w, https:\/\/fmp-components.com\/wp-content\/uploads\/2025\/03\/Alloy-Steel-Worm-And-Worm-Gear-for-Auto-Parts-2-300x300.webp 300w, https:\/\/fmp-components.com\/wp-content\/uploads\/2025\/03\/Alloy-Steel-Worm-And-Worm-Gear-for-Auto-Parts-2-150x150.webp 150w, https:\/\/fmp-components.com\/wp-content\/uploads\/2025\/03\/Alloy-Steel-Worm-And-Worm-Gear-for-Auto-Parts-2-12x12.webp 12w, https:\/\/fmp-components.com\/wp-content\/uploads\/2025\/03\/Alloy-Steel-Worm-And-Worm-Gear-for-Auto-Parts-2-100x100.webp 100w\" sizes=\"(max-width: 350px) 100vw, 350px\" \/><\/td>\n<\/tr>\n<\/tbody>\n<\/table>\n<p>&nbsp;<\/p>\n<p><img loading=\"lazy\" decoding=\"async\" class=\"alignnone size-full wp-image-7149\" src=\"https:\/\/fmp-components.com\/wp-content\/uploads\/2025\/03\/Alloy-Steel-Worm-And-Worm-Gear-for-Auto-Parts-4.webp\" alt=\"Le\u0123\u0113t\u0101 t\u0113rauda t\u0101rps un t\u0101rpu p\u0101rnesums auto deta\u013c\u0101m\" width=\"773\" height=\"669\" title=\"\" srcset=\"https:\/\/fmp-components.com\/wp-content\/uploads\/2025\/03\/Alloy-Steel-Worm-And-Worm-Gear-for-Auto-Parts-4.webp 773w, https:\/\/fmp-components.com\/wp-content\/uploads\/2025\/03\/Alloy-Steel-Worm-And-Worm-Gear-for-Auto-Parts-4-480x415.webp 480w\" sizes=\"(min-width: 0px) and (max-width: 480px) 480px, (min-width: 481px) 773px, 100vw\" \/><\/p>\n<\/div>","protected":false},"excerpt":{"rendered":"<p>Uz\u0146\u0113mum\u0101 FMP m\u0113s specializ\u0113jamies pla\u0161a kl\u0101sta le\u0123\u0113t\u0101 t\u0113rauda t\u0101rpu un t\u0101rpu p\u0101rnesumu ra\u017eo\u0161an\u0101 automa\u0161\u012bnu deta\u013c\u0101m, kas izstr\u0101d\u0101ti, lai prec\u012bzi un iztur\u012bgi apmierin\u0101tu da\u017e\u0101das nozares vajadz\u012bbas. M\u0113s pied\u0101v\u0101jam ar\u012b piel\u0101go\u0161anas pakalpojumus, lai nodro\u0161in\u0101tu, ka m\u016bsu produkti piln\u012bb\u0101 atbilst j\u016bsu \u012bpa\u0161aj\u0101m pras\u012bb\u0101m. Ja m\u016bsu kl\u0101st\u0101 neatrodat nepiecie\u0161amo modeli [\u2026]<\/p>","protected":false},"featured_media":7152,"comment_status":"open","ping_status":"closed","template":"","meta":{"_et_pb_use_builder":"","_et_pb_old_content":"","_et_gb_content_width":""},"product_brand":[],"product_cat":[107],"product_tag":[],"class_list":{"0":"post-7147","1":"product","2":"type-product","3":"status-publish","4":"has-post-thumbnail","6":"product_cat-worm-gear","8":"first","9":"instock","10":"shipping-taxable","11":"product-type-simple"},"_links":{"self":[{"href":"https:\/\/fmp-components.com\/lv\/wp-json\/wp\/v2\/product\/7147","targetHints":{"allow":["GET"]}}],"collection":[{"href":"https:\/\/fmp-components.com\/lv\/wp-json\/wp\/v2\/product"}],"about":[{"href":"https:\/\/fmp-components.com\/lv\/wp-json\/wp\/v2\/types\/product"}],"replies":[{"embeddable":true,"href":"https:\/\/fmp-components.com\/lv\/wp-json\/wp\/v2\/comments?post=7147"}],"wp:featuredmedia":[{"embeddable":true,"href":"https:\/\/fmp-components.com\/lv\/wp-json\/wp\/v2\/media\/7152"}],"wp:attachment":[{"href":"https:\/\/fmp-components.com\/lv\/wp-json\/wp\/v2\/media?parent=7147"}],"wp:term":[{"taxonomy":"product_brand","embeddable":true,"href":"https:\/\/fmp-components.com\/lv\/wp-json\/wp\/v2\/product_brand?post=7147"},{"taxonomy":"product_cat","embeddable":true,"href":"https:\/\/fmp-components.com\/lv\/wp-json\/wp\/v2\/product_cat?post=7147"},{"taxonomy":"product_tag","embeddable":true,"href":"https:\/\/fmp-components.com\/lv\/wp-json\/wp\/v2\/product_tag?post=7147"}],"curies":[{"name":"wp","href":"https:\/\/api.w.org\/{rel}","templated":true}]}}