{"id":7132,"date":"2025-03-18T08:04:19","date_gmt":"2025-03-18T08:04:19","guid":{"rendered":"https:\/\/fmp-components.com\/?post_type=product&#038;p=7132"},"modified":"2025-03-27T01:23:33","modified_gmt":"2025-03-27T01:23:33","slug":"forging-bevel-gears","status":"publish","type":"product","link":"https:\/\/fmp-components.com\/lv\/product\/forging-bevel-gears\/","title":{"rendered":"Kal\u0161anas konusveida zobrati"},"content":{"rendered":"<h2>Prec\u012bzi kalti konusveida zobrati, kas piel\u0101goti j\u016bsu vajadz\u012bb\u0101m<\/h2>\n<p>FMP m\u0113s specializ\u0113jamies augstas veiktsp\u0113jas kal\u0161anas ra\u017eo\u0161an\u0101 <a href=\"https:\/\/fmp-components.com\/lv\/bevel-gear-2\/\">konusveida zobrati<\/a> pla\u0161\u0101 tipu un specifik\u0101ciju kl\u0101st\u0101, kas izstr\u0101d\u0101ti, lai apmierin\u0101tu da\u017e\u0101das r\u016bpniec\u012bbas pras\u012bbas. M\u016bsu produktu kl\u0101st\u0101 ietilpst taisni, spir\u0101lveida un hipo\u012bdi konusveida zobrati, kas visi ir prec\u012bzi konstru\u0113ti, izmantojot progres\u012bvas kal\u0161anas metodes, lai nodro\u0161in\u0101tu izcilu iztur\u012bbu, stipr\u012bbu un neman\u0101mu integr\u0101ciju j\u016bsu iek\u0101rt\u0101s.<\/p>\n<p>Piel\u0101goti risin\u0101jumi ir m\u016bsu stipr\u0101 puse. Neatkar\u012bgi no t\u0101, vai jums nepiecie\u0161ami unik\u0101li izm\u0113ri, specializ\u0113ti materi\u0101li vai piel\u0101goti zobu profili, m\u016bsu in\u017eenieru komanda cie\u0161i sadarbojas ar klientiem, lai pieg\u0101d\u0101tu zobratus, kas p\u0101rsniedz cer\u012bbas.<\/p>\n<p>Nevarat atrast v\u0113lamo modeli m\u016bsu katalog\u0101? Neuztraucieties \u2014 m\u016bsu tie\u0161saistes saraksts nep\u0101rtraukti papla\u0161in\u0101s. Vienk\u0101r\u0161i nos\u016btiet mums e-pastu ar inform\u0101ciju par nepiecie\u0161amo p\u0101rnesumu veidu, tostarp pielietojuma parametriem un tehniskaj\u0101m specifik\u0101cij\u0101m. M\u016bsu pieredz\u0113ju\u0161ie in\u017eenieri izskat\u012bs j\u016bsu piepras\u012bjumu 24 stundu laik\u0101, sniedzot atsauksmes par iesp\u0113jam\u012bbu, cenu un izpildes laiku.<\/p>\n<table style=\"width: 103.173%;\" border=\"1\" width=\"100%\" cellspacing=\"0\" cellpadding=\"0\">\n<tbody>\n<tr style=\"height: 14.40pt;\">\n<td style=\"height: 14.4pt; width: 50.7937%;\" width=\"83\" height=\"24\"><img loading=\"lazy\" decoding=\"async\" class=\"size-full wp-image-7135 aligncenter\" src=\"https:\/\/fmp-components.com\/wp-content\/uploads\/2025\/03\/Forging-Bevel-Gears-product-4.webp\" alt=\"Kal\u0161anas konusveida zobrati\" width=\"400\" height=\"400\" title=\"\" srcset=\"https:\/\/fmp-components.com\/wp-content\/uploads\/2025\/03\/Forging-Bevel-Gears-product-4.webp 400w, https:\/\/fmp-components.com\/wp-content\/uploads\/2025\/03\/Forging-Bevel-Gears-product-4-300x300.webp 300w, https:\/\/fmp-components.com\/wp-content\/uploads\/2025\/03\/Forging-Bevel-Gears-product-4-150x150.webp 150w, https:\/\/fmp-components.com\/wp-content\/uploads\/2025\/03\/Forging-Bevel-Gears-product-4-12x12.webp 12w, https:\/\/fmp-components.com\/wp-content\/uploads\/2025\/03\/Forging-Bevel-Gears-product-4-100x100.webp 100w\" sizes=\"(max-width: 400px) 100vw, 400px\" \/><\/td>\n<td style=\"width: 52.2222%;\" align=\"right\" width=\"80\"><img loading=\"lazy\" decoding=\"async\" class=\"size-full wp-image-7136 aligncenter\" src=\"https:\/\/fmp-components.com\/wp-content\/uploads\/2025\/03\/Forging-Bevel-Gears-product-3.webp\" alt=\"Kal\u0161anas konusveida zobrati\" width=\"400\" height=\"400\" title=\"\" srcset=\"https:\/\/fmp-components.com\/wp-content\/uploads\/2025\/03\/Forging-Bevel-Gears-product-3.webp 400w, https:\/\/fmp-components.com\/wp-content\/uploads\/2025\/03\/Forging-Bevel-Gears-product-3-300x300.webp 300w, https:\/\/fmp-components.com\/wp-content\/uploads\/2025\/03\/Forging-Bevel-Gears-product-3-150x150.webp 150w, https:\/\/fmp-components.com\/wp-content\/uploads\/2025\/03\/Forging-Bevel-Gears-product-3-12x12.webp 12w, https:\/\/fmp-components.com\/wp-content\/uploads\/2025\/03\/Forging-Bevel-Gears-product-3-100x100.webp 100w\" sizes=\"(max-width: 400px) 100vw, 400px\" \/><\/td>\n<\/tr>\n<tr style=\"height: 14.40pt;\">\n<td style=\"height: 14.4pt; width: 50.7937%;\" height=\"24\"><img loading=\"lazy\" decoding=\"async\" class=\"size-full wp-image-7137 aligncenter\" src=\"https:\/\/fmp-components.com\/wp-content\/uploads\/2025\/03\/Forging-Bevel-Gears-product-2.webp\" alt=\"Kal\u0161anas konusveida zobrati\" width=\"400\" height=\"400\" title=\"\" srcset=\"https:\/\/fmp-components.com\/wp-content\/uploads\/2025\/03\/Forging-Bevel-Gears-product-2.webp 400w, https:\/\/fmp-components.com\/wp-content\/uploads\/2025\/03\/Forging-Bevel-Gears-product-2-300x300.webp 300w, https:\/\/fmp-components.com\/wp-content\/uploads\/2025\/03\/Forging-Bevel-Gears-product-2-150x150.webp 150w, https:\/\/fmp-components.com\/wp-content\/uploads\/2025\/03\/Forging-Bevel-Gears-product-2-12x12.webp 12w, https:\/\/fmp-components.com\/wp-content\/uploads\/2025\/03\/Forging-Bevel-Gears-product-2-100x100.webp 100w\" sizes=\"(max-width: 400px) 100vw, 400px\" \/><\/td>\n<td style=\"width: 52.2222%;\" align=\"right\"><img loading=\"lazy\" decoding=\"async\" class=\"size-full wp-image-7138 aligncenter\" src=\"https:\/\/fmp-components.com\/wp-content\/uploads\/2025\/03\/Forging-Bevel-Gears-product-1.webp\" alt=\"Kal\u0161anas konusveida zobrati\" width=\"400\" height=\"400\" title=\"\" srcset=\"https:\/\/fmp-components.com\/wp-content\/uploads\/2025\/03\/Forging-Bevel-Gears-product-1.webp 400w, https:\/\/fmp-components.com\/wp-content\/uploads\/2025\/03\/Forging-Bevel-Gears-product-1-300x300.webp 300w, https:\/\/fmp-components.com\/wp-content\/uploads\/2025\/03\/Forging-Bevel-Gears-product-1-150x150.webp 150w, https:\/\/fmp-components.com\/wp-content\/uploads\/2025\/03\/Forging-Bevel-Gears-product-1-12x12.webp 12w, https:\/\/fmp-components.com\/wp-content\/uploads\/2025\/03\/Forging-Bevel-Gears-product-1-100x100.webp 100w\" sizes=\"(max-width: 400px) 100vw, 400px\" \/><\/td>\n<\/tr>\n<\/tbody>\n<\/table>\n<h2>Kal\u0161anas konusveida zobratu \u012bpa\u0161\u012bbas<\/h2>\n<p>Kalti konusveida zobrati ir kritiski svar\u012bgi komponenti lieljaudas meh\u0101niskaj\u0101s sist\u0113m\u0101s, kas pied\u0101v\u0101 unik\u0101las priek\u0161roc\u012bbas sal\u012bdzin\u0101jum\u0101 ar liet\u0101s vai meh\u0101niski apstr\u0101d\u0101t\u0101m alternat\u012bv\u0101m. T\u0101l\u0101k ir nor\u0101d\u012btas izcil\u0101k\u0101s \u012bpa\u0161\u012bbas, kas padara tos ide\u0101li piem\u0113rotus augstas veiktsp\u0113jas lietojumprogramm\u0101m:<\/p>\n<p><strong>Izcila iztur\u012bba un ilgm\u016b\u017e\u012bba<\/strong><\/p>\n<ul>\n<li><strong>Graudu strukt\u016bras izl\u012bdzin\u0101\u0161ana<\/strong>Kal\u0161anas process saspie\u017e un izl\u012bdzina met\u0101la graudu strukt\u016bru, uzlabojot stiepes iztur\u012bbu un noguruma iztur\u012bbu.<\/li>\n<li><strong>Augsta kravnes\u012bba<\/strong>Iztur \u0101rk\u0101rt\u0113ju griezes momentu, trieciena slodzes un atk\u0101rtotu spriegumu bez deform\u0101cijas.<\/li>\n<li><strong>Materi\u0101l\u0101 integrit\u0101te<\/strong>Nov\u0113r\u0161 porain\u012bbu, tuk\u0161umus un iesl\u0113gumus, kas ir rakstur\u012bgi lietiem zobratiem, nodro\u0161inot ilgtermi\u0146a uzticam\u012bbu.<\/li>\n<\/ul>\n<p><strong>Uzlabota precizit\u0101te un veiktsp\u0113ja<\/strong><\/p>\n<ul>\n<li><strong>Stingra izm\u0113ru precizit\u0101te<\/strong>Kal\u0161ana \u013cauj ieg\u016bt gandr\u012bz piln\u012bgu formu, samazinot p\u0113capstr\u0101di un nodro\u0161inot vienm\u0113r\u012bgus zobu profilus.<\/li>\n<li><strong>Optim\u0101la virsmas apdare<\/strong>Samazin\u0101ta sl\u012bp\u0113\u0161anas\/pul\u0113\u0161anas nepiecie\u0161am\u012bba, saglab\u0101jot konstrukcijas integrit\u0101ti, vienlaikus nodro\u0161inot vienm\u0113r\u012bgu darb\u012bbu.<\/li>\n<li><strong>Trok\u0161\u0146u samazin\u0101\u0161ana<\/strong>Prec\u012bzi kalti zobi neman\u0101mi sasl\u0113dzas, samazinot vibr\u0101ciju un darb\u012bbas troksni.<\/li>\n<\/ul>\n<p><strong>Nodilumiztur\u012bba un korozijas iztur\u012bba<\/strong><\/p>\n<ul>\n<li><strong>Termisk\u0101s apstr\u0101des sader\u012bba<\/strong>Kalti zobrati var tikt pak\u013cauti r\u016bd\u012b\u0161anas procesiem (piem\u0113ram, cement\u0113\u0161anai, indukcijas r\u016bd\u012b\u0161anai), lai uzlabotu virsmas ciet\u012bbu un nodilumiztur\u012bbu.<\/li>\n<li><strong>Materi\u0101l\u0101 elast\u012bba<\/strong>Savietojams ar augstas stipr\u012bbas sakaus\u0113jumiem (piem\u0113ram, AISI 4140, 4340) un ner\u016bs\u0113jo\u0161o t\u0113raudu koroz\u012bv\u0101m vid\u0113m.<\/li>\n<\/ul>\n<p><strong>Izmaksu efektivit\u0101te laika gait\u0101<\/strong><\/p>\n<ul>\n<li><strong>Ilg\u0101ks kalpo\u0161anas laiks<\/strong>Samazin\u0101ts nodilums un atteices r\u0101d\u012bt\u0101ji samazina apkopes izmaksas un d\u012bkst\u0101ves laiku.<\/li>\n<li><strong>Efektivit\u0101tes pieaugums<\/strong>Prec\u012bza ra\u017eo\u0161ana samazina ener\u0123ijas zudumus berzes d\u0113\u013c, uzlabojot sist\u0113mas efektivit\u0101ti.<\/li>\n<\/ul>\n<h3>K\u0101p\u0113c izv\u0113l\u0113ties kaltus konusveida zobratus, nevis lietus\/meh\u0101niski apstr\u0101d\u0101tus?<\/h3>\n<p>Kal\u0161ana nodro\u0161ina bl\u012bvu, homog\u0113nu strukt\u016bru, p\u0101rsp\u0113jot lietos zobratus iztur\u012bbas zi\u0146\u0101 un apstr\u0101d\u0101tos zobratus izmaksu zi\u0146\u0101 augstas slodzes pielietojumos. To sp\u0113ja iztur\u0113t skarbus apst\u0101k\u013cus, vienlaikus saglab\u0101jot precizit\u0101ti, padara tos neaizst\u0101jamus kritiski svar\u012bg\u0101s nozar\u0113s.<\/p>\n<p>&nbsp;<\/p>\n<p><img loading=\"lazy\" decoding=\"async\" class=\"alignnone size-full wp-image-7139\" src=\"https:\/\/fmp-components.com\/wp-content\/uploads\/2025\/03\/Forging-Bevel-Gears-product-5.webp\" alt=\"Kal\u0161anas konusveida zobrati\" width=\"700\" height=\"395\" title=\"\" srcset=\"https:\/\/fmp-components.com\/wp-content\/uploads\/2025\/03\/Forging-Bevel-Gears-product-5.webp 700w, https:\/\/fmp-components.com\/wp-content\/uploads\/2025\/03\/Forging-Bevel-Gears-product-5-480x271.webp 480w\" sizes=\"(min-width: 0px) and (max-width: 480px) 480px, (min-width: 481px) 700px, 100vw\" \/><\/p>\n<h3>Saist\u012bts produkts<\/h3>\n<p><img loading=\"lazy\" decoding=\"async\" class=\"alignnone size-full wp-image-7140\" src=\"https:\/\/fmp-components.com\/wp-content\/uploads\/2025\/03\/Forging-Bevel-Gears-product-6.webp\" alt=\"Kal\u0161anas konusveida zobrati\" width=\"887\" height=\"652\" title=\"\" srcset=\"https:\/\/fmp-components.com\/wp-content\/uploads\/2025\/03\/Forging-Bevel-Gears-product-6.webp 887w, https:\/\/fmp-components.com\/wp-content\/uploads\/2025\/03\/Forging-Bevel-Gears-product-6-480x353.webp 480w\" sizes=\"(min-width: 0px) and (max-width: 480px) 480px, (min-width: 481px) 887px, 100vw\" \/><\/p>","protected":false},"excerpt":{"rendered":"<p>Precision-Forged Bevel Gears Tailored to Your Needs At FMP, we specialize in manufacturing high-performance forging bevel gears across a wide range of types and specifications, designed to meet diverse industrial demands. Our product portfolio includes straight, spiral, and hypoid bevel gears, all precision-engineered using advanced forging techniques to ensure exceptional durability, strength, and seamless integration [&hellip;]<\/p>","protected":false},"featured_media":7133,"comment_status":"open","ping_status":"closed","template":"","meta":{"_et_pb_use_builder":"","_et_pb_old_content":"","_et_gb_content_width":""},"product_brand":[],"product_cat":[106],"product_tag":[],"class_list":{"0":"post-7132","1":"product","2":"type-product","3":"status-publish","4":"has-post-thumbnail","6":"product_cat-bevel-gears","8":"first","9":"instock","10":"shipping-taxable","11":"product-type-simple"},"_links":{"self":[{"href":"https:\/\/fmp-components.com\/lv\/wp-json\/wp\/v2\/product\/7132","targetHints":{"allow":["GET"]}}],"collection":[{"href":"https:\/\/fmp-components.com\/lv\/wp-json\/wp\/v2\/product"}],"about":[{"href":"https:\/\/fmp-components.com\/lv\/wp-json\/wp\/v2\/types\/product"}],"replies":[{"embeddable":true,"href":"https:\/\/fmp-components.com\/lv\/wp-json\/wp\/v2\/comments?post=7132"}],"wp:featuredmedia":[{"embeddable":true,"href":"https:\/\/fmp-components.com\/lv\/wp-json\/wp\/v2\/media\/7133"}],"wp:attachment":[{"href":"https:\/\/fmp-components.com\/lv\/wp-json\/wp\/v2\/media?parent=7132"}],"wp:term":[{"taxonomy":"product_brand","embeddable":true,"href":"https:\/\/fmp-components.com\/lv\/wp-json\/wp\/v2\/product_brand?post=7132"},{"taxonomy":"product_cat","embeddable":true,"href":"https:\/\/fmp-components.com\/lv\/wp-json\/wp\/v2\/product_cat?post=7132"},{"taxonomy":"product_tag","embeddable":true,"href":"https:\/\/fmp-components.com\/lv\/wp-json\/wp\/v2\/product_tag?post=7132"}],"curies":[{"name":"wp","href":"https:\/\/api.w.org\/{rel}","templated":true}]}}