{"id":7105,"date":"2025-03-18T06:43:13","date_gmt":"2025-03-18T06:43:13","guid":{"rendered":"https:\/\/fmp-components.com\/?post_type=product&#038;p=7105"},"modified":"2025-03-27T01:23:53","modified_gmt":"2025-03-27T01:23:53","slug":"spiral-bevel-gears-helical-bevel-gear","status":"publish","type":"product","link":"https:\/\/fmp-components.com\/lv\/product\/spiral-bevel-gears-helical-bevel-gear\/","title":{"rendered":"Spir\u0101lveida konusveida zobrati (spir\u0101lveida konusveida zobrati)"},"content":{"rendered":"<p><img loading=\"lazy\" decoding=\"async\" class=\"size-full wp-image-7130 aligncenter\" src=\"https:\/\/fmp-components.com\/wp-content\/uploads\/2025\/03\/spiral-bevel-gear-product-1.webp\" alt=\"spir\u0101lveida konusveida zobrats\" width=\"1800\" height=\"1201\" title=\"\" srcset=\"https:\/\/fmp-components.com\/wp-content\/uploads\/2025\/03\/spiral-bevel-gear-product-1.webp 1800w, https:\/\/fmp-components.com\/wp-content\/uploads\/2025\/03\/spiral-bevel-gear-product-1-1280x854.webp 1280w, https:\/\/fmp-components.com\/wp-content\/uploads\/2025\/03\/spiral-bevel-gear-product-1-980x654.webp 980w, https:\/\/fmp-components.com\/wp-content\/uploads\/2025\/03\/spiral-bevel-gear-product-1-480x320.webp 480w\" sizes=\"(min-width: 0px) and (max-width: 480px) 480px, (min-width: 481px) and (max-width: 980px) 980px, (min-width: 981px) and (max-width: 1280px) 1280px, (min-width: 1281px) 1800px, 100vw\" \/><\/p>\n<p>Spir\u0101lveida koniskie zobrati (spir\u0101lveida koniskie zobrati) ir uzlaboti, augstas veiktsp\u0113jas zobrati ar izliektiem, spir\u0101lveida zobratiem, kas nodro\u0161ina vienm\u0113r\u012bg\u0101ku un klus\u0101ku darb\u012bbu, vienlaikus efekt\u012bvi p\u0101rnesot jaudu starp krustojo\u0161\u0101m v\u0101rpst\u0101m, padarot tos ide\u0101li piem\u0113rotus sare\u017e\u0123\u012btiem lietojumiem, piem\u0113ram, automobi\u013cu, kosmosa un r\u016bpniec\u012bbas iek\u0101rtu ra\u017eo\u0161an\u0101. Uz\u0146\u0113mum\u0101 FMP m\u0113s specializ\u0113jamies da\u017e\u0101du spir\u0101lveida zobratu ra\u017eo\u0161an\u0101. <a href=\"https:\/\/fmp-components.com\/lv\/bevel-gear-2\/\">Konusveida zobrati<\/a> (Spir\u0101lveida konusveida zobrati), kas izgatavoti atbilsto\u0161i da\u017e\u0101d\u0101m specifik\u0101cij\u0101m, un m\u0113s pied\u0101v\u0101jam ar\u012b piel\u0101gotu izgatavo\u0161anu atbilsto\u0161i j\u016bsu unik\u0101laj\u0101m pras\u012bb\u0101m. Ja konkr\u0113tais modelis, kas jums nepiecie\u0161ams, nav nor\u0101d\u012bts m\u016bsu produktu katalog\u0101, neuztraucieties \u2014 tas, visticam\u0101k, tikai gaida aug\u0161upiel\u0101di; vienk\u0101r\u0161i rakstiet mums e-pastu ar v\u0113lamaj\u0101m specifik\u0101cij\u0101m, un m\u016bsu pieredz\u0113ju\u0161ie in\u017eenieri sazin\u0101sies ar jums 24 stundu laik\u0101, lai sniegtu piel\u0101gotus risin\u0101jumus.<\/p>\n<table style=\"width: 100%; height: 24px;\" border=\"1\" width=\"100%\" cellspacing=\"0\" cellpadding=\"0\">\n<tbody>\n<tr style=\"height: 14.40pt;\">\n<td style=\"height: 10px; width: 49.8pt; text-align: center;\" width=\"83\" height=\"24\"><img loading=\"lazy\" decoding=\"async\" class=\"alignnone wp-image-7109\" src=\"https:\/\/fmp-components.com\/wp-content\/uploads\/2025\/03\/chache.webp\" alt=\"Spir\u0101lveida konusveida zobrati\" width=\"323\" height=\"214\" title=\"\" srcset=\"https:\/\/fmp-components.com\/wp-content\/uploads\/2025\/03\/chache.webp 198w, https:\/\/fmp-components.com\/wp-content\/uploads\/2025\/03\/chache-18x12.webp 18w\" sizes=\"(max-width: 323px) 100vw, 323px\" \/> \u00a0 Spir\u0101lveida konusveida zobratu p\u0101rnesumk\u0101rba<\/td>\n<td style=\"width: 48pt; height: 10px;\" align=\"right\" width=\"80\">\n<p style=\"text-align: center;\"><img loading=\"lazy\" decoding=\"async\" class=\"alignnone size-full wp-image-7110\" src=\"https:\/\/fmp-components.com\/wp-content\/uploads\/2025\/03\/JCY300-1.webp\" alt=\"Spir\u0101lveida konusveida zobrati\" width=\"1024\" height=\"674\" title=\"\" srcset=\"https:\/\/fmp-components.com\/wp-content\/uploads\/2025\/03\/JCY300-1.webp 1024w, https:\/\/fmp-components.com\/wp-content\/uploads\/2025\/03\/JCY300-1-980x645.webp 980w, https:\/\/fmp-components.com\/wp-content\/uploads\/2025\/03\/JCY300-1-480x316.webp 480w\" sizes=\"(min-width: 0px) and (max-width: 480px) 480px, (min-width: 481px) and (max-width: 980px) 980px, (min-width: 981px) 1024px, 100vw\" \/>Spir\u0101lveida konusveida zobrati kravas automa\u0161\u012bn\u0101m<\/p>\n<\/td>\n<\/tr>\n<tr style=\"height: 14.40pt;\">\n<td style=\"height: 14px; text-align: center;\" height=\"24\"><img loading=\"lazy\" decoding=\"async\" class=\"alignnone wp-image-7112\" src=\"https:\/\/fmp-components.com\/wp-content\/uploads\/2025\/03\/zhiji.webp\" alt=\"Spir\u0101lveida konusveida zobrati\" width=\"326\" height=\"216\" title=\"\" srcset=\"https:\/\/fmp-components.com\/wp-content\/uploads\/2025\/03\/zhiji.webp 198w, https:\/\/fmp-components.com\/wp-content\/uploads\/2025\/03\/zhiji-18x12.webp 18w\" sizes=\"(max-width: 326px) 100vw, 326px\" \/>Spir\u0101lveida konusveida zobratu ma\u0161\u012bnas<\/td>\n<td style=\"height: 14px; text-align: center;\" align=\"right\"><img loading=\"lazy\" decoding=\"async\" class=\"alignnone size-full wp-image-7111\" src=\"https:\/\/fmp-components.com\/wp-content\/uploads\/2025\/03\/tihua-1.webp\" alt=\"Spir\u0101lveida konusveida zobrati\" width=\"1024\" height=\"676\" title=\"\" srcset=\"https:\/\/fmp-components.com\/wp-content\/uploads\/2025\/03\/tihua-1.webp 1024w, https:\/\/fmp-components.com\/wp-content\/uploads\/2025\/03\/tihua-1-980x647.webp 980w, https:\/\/fmp-components.com\/wp-content\/uploads\/2025\/03\/tihua-1-480x317.webp 480w\" sizes=\"(min-width: 0px) and (max-width: 480px) 480px, (min-width: 481px) and (max-width: 980px) 980px, (min-width: 981px) 1024px, 100vw\" \/>Spir\u0101lveida konusveida zobrati \u0100truma reduktori<\/td>\n<\/tr>\n<\/tbody>\n<\/table>\n<h3>Spir\u0101lveida konusveida zobrati VS hipo\u012bdais zobrats<\/h3>\n<table style=\"width: 100%;\" border=\"1\" width=\"100%\" cellspacing=\"0\" cellpadding=\"0\">\n<tbody>\n<tr style=\"height: 14.40pt;\">\n<td style=\"height: 14.4pt; width: 49.8pt; text-align: center;\" width=\"83\" height=\"24\"><strong>Spir\u0101lveida konusveida zobrati<\/strong><\/td>\n<td style=\"width: 48pt; text-align: center;\" align=\"right\" width=\"80\"><strong>Hipoid\u0101lais p\u0101rnesums<\/strong><\/td>\n<\/tr>\n<tr style=\"height: 14.40pt;\">\n<td style=\"height: 14.40pt;\" height=\"24\"><img loading=\"lazy\" decoding=\"async\" class=\"alignnone size-full wp-image-7116\" src=\"https:\/\/fmp-components.com\/wp-content\/uploads\/2025\/03\/Hypoid-Gear-Vs-Spiral-Bevel.webp\" alt=\"Hipo\u012bdais zobrats pret spir\u0101lveida konusveida p\u0101rvadu\" width=\"534\" height=\"467\" title=\"\" srcset=\"https:\/\/fmp-components.com\/wp-content\/uploads\/2025\/03\/Hypoid-Gear-Vs-Spiral-Bevel.webp 534w, https:\/\/fmp-components.com\/wp-content\/uploads\/2025\/03\/Hypoid-Gear-Vs-Spiral-Bevel-480x420.webp 480w\" sizes=\"(min-width: 0px) and (max-width: 480px) 480px, (min-width: 481px) 534px, 100vw\" \/><\/td>\n<td align=\"right\"><img loading=\"lazy\" decoding=\"async\" class=\"alignnone size-full wp-image-7131\" src=\"https:\/\/fmp-components.com\/wp-content\/uploads\/2025\/03\/Hypoid-bevel-gearset1-1_1.webp\" alt=\"Hipoid\u0101lais konusveida zobratu komplekts\" width=\"534\" height=\"467\" title=\"\" srcset=\"https:\/\/fmp-components.com\/wp-content\/uploads\/2025\/03\/Hypoid-bevel-gearset1-1_1.webp 534w, https:\/\/fmp-components.com\/wp-content\/uploads\/2025\/03\/Hypoid-bevel-gearset1-1_1-480x420.webp 480w\" sizes=\"(min-width: 0px) and (max-width: 480px) 480px, (min-width: 481px) 534px, 100vw\" \/><\/td>\n<\/tr>\n<\/tbody>\n<\/table>\n<h2>Spir\u0101lveida konusveida zobratu pielietojums<\/h2>\n<p>Konusveida zobrati tiek izmantoti da\u017e\u0101d\u0101s nozar\u0113s, s\u0101kot no kosmosa (\u0101trgaitas taisni un spir\u0101lveida konusveida zobrati, specializ\u0113ti t\u0113raudi, gaisa priek\u0161sild\u012bt\u0101ji utt.) l\u012bdz kalnr\u016bpniec\u012bbas darb\u012bb\u0101m (kraut\u0146ot\u0101ju un kausu izpildmeh\u0101nismi, rite\u0146u ekskavatori, zemessmalcin\u0101t\u0101ji, konveijeru sist\u0113mas, dzirnavu izpildmeh\u0101nismi utt.).<\/p>\n<p>Tie parasti atrodami smil\u0161u mais\u012bt\u0101jos, konusveida dzirnav\u0101s, dzes\u0113\u0161anas tor\u0146os, iekr\u0101v\u0113jos, ku\u0123u izpildmeh\u0101nismos un propelleros, farmaceitiskaj\u0101 iepako\u0161anas iek\u0101rt\u0101s, \u0101trgaitas ofseta drukas ma\u0161\u012bn\u0101s, polietil\u0113na lok\u0161\u0146u ra\u017eo\u0161an\u0101, automobi\u013cu deta\u013c\u0101s un dzelzce\u013ca transmisij\u0101s.<\/p>\n<p>Robotik\u0101 le\u0146\u0137veida konusveida zobrati ir ide\u0101li piem\u0113roti kompakt\u0101m telp\u0101m, savuk\u0101rt melnaj\u0101 metalur\u0123ij\u0101 tie atbalsta vertik\u0101las velm\u0113tavas konstrukcijas.<br \/>\nP\u0101rtikas p\u0101rstr\u0101d\u0113 konusveida zobrati ir vit\u0101li svar\u012bgi p\u0101rtikas ra\u017eo\u0161anas, iepako\u0161anas un konservu ra\u017eo\u0161anas instrumentiem.<\/p>\n<p>Zema \u0101truma un mazas slodzes scen\u0101rijos konusveida zobrati efekt\u012bvi p\u0101rnes jaudu un kust\u012bbu starp div\u0101m v\u0101rpst\u0101m.<br \/>\nHipo\u012bdie konusveida zobrati tiek izmantoti automobi\u013cu sist\u0113m\u0101s, piem\u0113ram, transportl\u012bdzek\u013cu diferenci\u0101laj\u0101s piedzi\u0146\u0101s.<br \/>\nKonusveida zobrati ir ar\u012b kritiski svar\u012bgi rokas urbju meh\u0101nism\u0101.<br \/>\n\u0160ujma\u0161\u012bn\u0101s spir\u0101lveida konusveida zobrati ir galven\u0101 sast\u0101vda\u013ca.<\/p>\n<table style=\"width: 104.127%; height: 626px;\" border=\"1\" width=\"100%\" cellspacing=\"0\" cellpadding=\"0\">\n<tbody>\n<tr style=\"height: 14.40pt;\">\n<td style=\"height: 14.4pt; width: 25.1524%;\" width=\"83\" height=\"24\">\u00a0<img loading=\"lazy\" decoding=\"async\" class=\"size-full wp-image-7119 aligncenter\" src=\"https:\/\/fmp-components.com\/wp-content\/uploads\/2025\/03\/Spiral-Bevel-Gear-Uses-Packaging.webp\" alt=\"Spir\u0101lveida konusveida zobratu lietojumi un iepakojums\" width=\"800\" height=\"600\" title=\"\" srcset=\"https:\/\/fmp-components.com\/wp-content\/uploads\/2025\/03\/Spiral-Bevel-Gear-Uses-Packaging.webp 800w, https:\/\/fmp-components.com\/wp-content\/uploads\/2025\/03\/Spiral-Bevel-Gear-Uses-Packaging-480x360.webp 480w\" sizes=\"(min-width: 0px) and (max-width: 480px) 480px, (min-width: 481px) 800px, 100vw\" \/><\/td>\n<td style=\"width: 25.3049%;\" align=\"right\" width=\"80\"><img loading=\"lazy\" decoding=\"async\" class=\"size-full wp-image-7124 aligncenter\" src=\"https:\/\/fmp-components.com\/wp-content\/uploads\/2025\/03\/Railways.webp\" alt=\"Dzelzce\u013ci\" width=\"800\" height=\"600\" title=\"\" srcset=\"https:\/\/fmp-components.com\/wp-content\/uploads\/2025\/03\/Railways.webp 800w, https:\/\/fmp-components.com\/wp-content\/uploads\/2025\/03\/Railways-480x360.webp 480w\" sizes=\"(min-width: 0px) and (max-width: 480px) 480px, (min-width: 481px) 800px, 100vw\" \/><\/td>\n<td style=\"width: 24.6952%;\" align=\"right\" width=\"154\"><img loading=\"lazy\" decoding=\"async\" class=\"size-full wp-image-7118 aligncenter\" src=\"https:\/\/fmp-components.com\/wp-content\/uploads\/2025\/03\/Spiral-Bevel-Gear-Uses-Printing.webp\" alt=\"Spir\u0101lveida konusveida zobratu pielietojums druk\u0101\u0161anai\" width=\"800\" height=\"600\" title=\"\" srcset=\"https:\/\/fmp-components.com\/wp-content\/uploads\/2025\/03\/Spiral-Bevel-Gear-Uses-Printing.webp 800w, https:\/\/fmp-components.com\/wp-content\/uploads\/2025\/03\/Spiral-Bevel-Gear-Uses-Printing-480x360.webp 480w\" sizes=\"(min-width: 0px) and (max-width: 480px) 480px, (min-width: 481px) 800px, 100vw\" \/><\/td>\n<td style=\"width: 24.5426%;\" width=\"80\"><img loading=\"lazy\" decoding=\"async\" class=\"size-full wp-image-7125 aligncenter\" src=\"https:\/\/fmp-components.com\/wp-content\/uploads\/2025\/03\/milling.webp\" alt=\"fr\u0113z\u0113\u0161ana\" width=\"800\" height=\"600\" title=\"\" srcset=\"https:\/\/fmp-components.com\/wp-content\/uploads\/2025\/03\/milling.webp 800w, https:\/\/fmp-components.com\/wp-content\/uploads\/2025\/03\/milling-480x360.webp 480w\" sizes=\"(min-width: 0px) and (max-width: 480px) 480px, (min-width: 481px) 800px, 100vw\" \/><\/td>\n<\/tr>\n<tr style=\"height: 14.40pt;\">\n<td style=\"height: 14.4pt; width: 25.1524%;\" height=\"24\"><img loading=\"lazy\" decoding=\"async\" class=\"size-full wp-image-7122 aligncenter\" src=\"https:\/\/fmp-components.com\/wp-content\/uploads\/2025\/03\/Spiral-Bevel-Gear-Uses-Packaging-1.webp\" alt=\"Spir\u0101lveida konusveida zobratu lietojumi un iepakojums-1\" width=\"800\" height=\"600\" title=\"\" srcset=\"https:\/\/fmp-components.com\/wp-content\/uploads\/2025\/03\/Spiral-Bevel-Gear-Uses-Packaging-1.webp 800w, https:\/\/fmp-components.com\/wp-content\/uploads\/2025\/03\/Spiral-Bevel-Gear-Uses-Packaging-1-480x360.webp 480w\" sizes=\"(min-width: 0px) and (max-width: 480px) 480px, (min-width: 481px) 800px, 100vw\" \/><\/td>\n<td style=\"width: 25.3049%;\" align=\"right\"><img loading=\"lazy\" decoding=\"async\" class=\"size-full wp-image-7120 aligncenter\" src=\"https:\/\/fmp-components.com\/wp-content\/uploads\/2025\/03\/Spiral-Bevel-Gear-Uses-Railways-1.webp\" alt=\"Spir\u0101lveida konusveida zobratu pielietojums dzelzce\u013cos 1\" width=\"800\" height=\"600\" title=\"\" srcset=\"https:\/\/fmp-components.com\/wp-content\/uploads\/2025\/03\/Spiral-Bevel-Gear-Uses-Railways-1.webp 800w, https:\/\/fmp-components.com\/wp-content\/uploads\/2025\/03\/Spiral-Bevel-Gear-Uses-Railways-1-480x360.webp 480w\" sizes=\"(min-width: 0px) and (max-width: 480px) 480px, (min-width: 481px) 800px, 100vw\" \/><\/td>\n<td style=\"width: 24.6952%;\" align=\"right\"><img loading=\"lazy\" decoding=\"async\" class=\"size-full wp-image-7121 aligncenter\" src=\"https:\/\/fmp-components.com\/wp-content\/uploads\/2025\/03\/Spiral-Bevel-Gear-Uses-Printing-1.webp\" alt=\"Spir\u0101lveida konusveida zobratu pielietojumi druk\u0101\u0161anai-1\" width=\"800\" height=\"600\" title=\"\" srcset=\"https:\/\/fmp-components.com\/wp-content\/uploads\/2025\/03\/Spiral-Bevel-Gear-Uses-Printing-1.webp 800w, https:\/\/fmp-components.com\/wp-content\/uploads\/2025\/03\/Spiral-Bevel-Gear-Uses-Printing-1-480x360.webp 480w\" sizes=\"(min-width: 0px) and (max-width: 480px) 480px, (min-width: 481px) 800px, 100vw\" \/><\/td>\n<td style=\"width: 24.5426%;\"><img loading=\"lazy\" decoding=\"async\" class=\"size-full wp-image-7123 aligncenter\" src=\"https:\/\/fmp-components.com\/wp-content\/uploads\/2025\/03\/Spiral-Bevel-Gear-Uses-Mining-2.webp\" alt=\"Spir\u0101lveida konusveida zobratu pielietojums ieguves r\u016bpniec\u012bb\u0101 2\" width=\"800\" height=\"600\" title=\"\" srcset=\"https:\/\/fmp-components.com\/wp-content\/uploads\/2025\/03\/Spiral-Bevel-Gear-Uses-Mining-2.webp 800w, https:\/\/fmp-components.com\/wp-content\/uploads\/2025\/03\/Spiral-Bevel-Gear-Uses-Mining-2-480x360.webp 480w\" sizes=\"(min-width: 0px) and (max-width: 480px) 480px, (min-width: 481px) 800px, 100vw\" \/><\/td>\n<\/tr>\n<tr style=\"height: 14.40pt;\">\n<td style=\"height: 14.4pt; width: 25.1524%;\" height=\"24\">\n<div class=\"ptitle\"><strong>Iepako\u0161ana un p\u0101rtikas p\u0101rstr\u0101de<\/strong><\/div>\n<ul class=\"myp1\">\n<li>Farm\u0101cijas iepako\u0161anas ma\u0161\u012bnas<\/li>\n<li>Kannu ra\u017eo\u0161anas iek\u0101rtas<\/li>\n<li>Polietil\u0113na folijas ra\u017eo\u0161ana<\/li>\n<li>Speci\u0101li izstr\u0101d\u0101tas p\u0101rnesumk\u0101rbas<\/li>\n<\/ul>\n<\/td>\n<td style=\"width: 25.3049%;\" align=\"right\">\n<div class=\"ptitle\" style=\"text-align: left;\"><strong>Dzelzce\u013ci<\/strong><\/div>\n<ul class=\"myp1\">\n<li style=\"text-align: left;\">Re\u0123istr\u0113ts pieg\u0101d\u0101t\u0101js Indijas dzelzce\u013c\u0101<\/li>\n<li style=\"text-align: left;\">Pieredze kapit\u0101l\u0101 remonta\/rekonstrukcijas jom\u0101<\/li>\n<li style=\"text-align: left;\">Pieredze d\u012bze\u013clokomot\u012bves gala piedzi\u0146as un sekund\u0101ro gala piedzi\u0146as sist\u0113mu reversaj\u0101 in\u017eenierij\u0101.<\/li>\n<\/ul>\n<\/td>\n<td style=\"width: 24.6952%;\" align=\"right\">\n<div class=\"ptitle\" style=\"text-align: left;\"><strong>Druk\u0101\u0161ana<\/strong><\/div>\n<ul class=\"myp1\">\n<li style=\"text-align: left;\">Ofseta \u0101trgaitas drukas zobrati<\/li>\n<\/ul>\n<\/td>\n<td style=\"width: 24.5426%;\">\n<div class=\"ptitle\"><strong>Kalnr\u016bpniec\u012bba:<\/strong><\/div>\n<ul class=\"myp1\">\n<li>Kausu rite\u0146u ekskavatori<\/li>\n<li>Krau\u0161anas\/atg\u016b\u0161anas piedzi\u0146as<\/li>\n<li>Zemess\u016bc\u0113ja piedzi\u0146as<\/li>\n<li>Dzirnavu piedzi\u0146as<\/li>\n<li>Lentes konveijeri<\/li>\n<\/ul>\n<\/td>\n<\/tr>\n<\/tbody>\n<\/table>\n<div>\n<h2>Spir\u0101lveida konusveida zobratu ra\u017eo\u0161anas process<\/h2>\n<p class=\"break-words\">Konusveida zobratu ra\u017eo\u0161ana s\u0101kas ar sagataves iepriek\u0161\u0113ju form\u0113\u0161anu ar vai bez zobiem, kam seko atkv\u0113lin\u0101\u0161ana, ja materi\u0101ls ir liets vai kalts t\u0113rauds, lai to m\u012bkstin\u0101tu t\u0101l\u0101kai apstr\u0101dei. P\u0113c tam sagatavi apstr\u0101d\u0101 prec\u012bziem izm\u0113riem, veidojot zobus vai pilnveidojot iepriek\u0161 izveidotos zobus p\u0113c nepiecie\u0161am\u012bbas.<\/p>\n<p class=\"break-words\">P\u0113c tam zobrata zobi var tikt pak\u013cauti virsmas vai piln\u012bgai saciet\u0113\u0161anai, lai palielin\u0101tu iztur\u012bbu atkar\u012bb\u0101 no paredz\u0113t\u0101 lietojuma. P\u0113c saciet\u0113\u0161anas zobi tiek apstr\u0101d\u0101ti, izmantojot sl\u012bp\u0113\u0161anu vai \u0113vel\u0113\u0161anu, lai nodro\u0161in\u0101tu gludumu un precizit\u0101ti.<\/p>\n<p class=\"break-words\">Visbeidzot, gatavais konusveida zobrats tiek r\u016bp\u012bgi p\u0101rbaud\u012bts, lai p\u0101rliecin\u0101tos, ka tas atbilst visiem konstrukcijas un veiktsp\u0113jas standartiem, t\u0101d\u0113j\u0101di nodro\u0161inot t\u0101 kvalit\u0101ti un uzticam\u012bbu praktiskai lieto\u0161anai.<\/p>\n<table style=\"width: 103.016%; height: 65px;\" border=\"1\" width=\"100%\" cellspacing=\"0\" cellpadding=\"0\">\n<tbody>\n<tr style=\"height: 23px;\">\n<td style=\"width: 50.4762%; text-align: center; height: 23px;\"><strong>Spir\u0101lveida konusveida zobratu grie\u0161ana<\/strong><\/td>\n<td style=\"width: 49.2064%; text-align: center; height: 23px;\" align=\"right\" width=\"80\"><strong>Spir\u0101lveida konusveida zobratu sl\u012bp\u0113\u0161ana<\/strong><\/td>\n<\/tr>\n<tr style=\"height: 14.40pt;\">\n<td style=\"height: 14px; width: 50.4762%;\" height=\"24\"><img loading=\"lazy\" decoding=\"async\" class=\"size-full wp-image-7127 aligncenter\" src=\"https:\/\/fmp-components.com\/wp-content\/uploads\/2025\/03\/Spiral-Bevel-Gear-Cutting.webp\" alt=\"Spir\u0101lveida konusveida zobratu grie\u0161ana\" width=\"500\" height=\"210\" title=\"\" srcset=\"https:\/\/fmp-components.com\/wp-content\/uploads\/2025\/03\/Spiral-Bevel-Gear-Cutting.webp 500w, https:\/\/fmp-components.com\/wp-content\/uploads\/2025\/03\/Spiral-Bevel-Gear-Cutting-480x202.webp 480w\" sizes=\"(min-width: 0px) and (max-width: 480px) 480px, (min-width: 481px) 500px, 100vw\" \/><\/td>\n<td style=\"width: 49.2064%; height: 14px;\" align=\"right\"><img loading=\"lazy\" decoding=\"async\" class=\"size-full wp-image-7126 aligncenter\" src=\"https:\/\/fmp-components.com\/wp-content\/uploads\/2025\/03\/Spiral-Bevel-Gear-Grinding.webp\" alt=\"Spir\u0101lveida konusveida zobratu sl\u012bp\u0113\u0161ana\" width=\"500\" height=\"210\" title=\"\" srcset=\"https:\/\/fmp-components.com\/wp-content\/uploads\/2025\/03\/Spiral-Bevel-Gear-Grinding.webp 500w, https:\/\/fmp-components.com\/wp-content\/uploads\/2025\/03\/Spiral-Bevel-Gear-Grinding-480x202.webp 480w\" sizes=\"(min-width: 0px) and (max-width: 480px) 480px, (min-width: 481px) 500px, 100vw\" \/><\/td>\n<\/tr>\n<tr style=\"height: 14.40pt;\">\n<td style=\"height: 14px; width: 50.4762%; text-align: center;\" height=\"24\"><strong>Spir\u0101lveida konusveida zobratu fr\u0113z\u0113\u0161ana<\/strong><\/td>\n<td style=\"width: 49.2064%; text-align: center; height: 14px;\" align=\"right\"><strong>Spir\u0101lveida konusveida zobratu p\u0101rbaude<\/strong><\/td>\n<\/tr>\n<tr style=\"height: 14.40pt;\">\n<td style=\"height: 14px; width: 50.4762%;\" height=\"24\"><img loading=\"lazy\" decoding=\"async\" class=\"alignnone size-full wp-image-7129\" src=\"https:\/\/fmp-components.com\/wp-content\/uploads\/2025\/03\/Spiral-Bevel-Gear-Milling.webp\" alt=\"Spir\u0101lveida konusveida zobratu fr\u0113z\u0113\u0161ana\" width=\"500\" height=\"210\" title=\"\" srcset=\"https:\/\/fmp-components.com\/wp-content\/uploads\/2025\/03\/Spiral-Bevel-Gear-Milling.webp 500w, https:\/\/fmp-components.com\/wp-content\/uploads\/2025\/03\/Spiral-Bevel-Gear-Milling-480x202.webp 480w\" sizes=\"(min-width: 0px) and (max-width: 480px) 480px, (min-width: 481px) 500px, 100vw\" \/><\/td>\n<td style=\"width: 49.2064%; height: 14px;\" align=\"right\"><img loading=\"lazy\" decoding=\"async\" class=\"alignnone size-full wp-image-7128\" src=\"https:\/\/fmp-components.com\/wp-content\/uploads\/2025\/03\/Spiral-Bevel-Gear-Model.webp\" alt=\"Spir\u0101lveida konusveida zobrata modelis\" width=\"500\" height=\"210\" title=\"\" srcset=\"https:\/\/fmp-components.com\/wp-content\/uploads\/2025\/03\/Spiral-Bevel-Gear-Model.webp 500w, https:\/\/fmp-components.com\/wp-content\/uploads\/2025\/03\/Spiral-Bevel-Gear-Model-480x202.webp 480w\" sizes=\"(min-width: 0px) and (max-width: 480px) 480px, (min-width: 481px) 500px, 100vw\" \/><\/td>\n<\/tr>\n<\/tbody>\n<\/table>\n<\/div>","protected":false},"excerpt":{"rendered":"<p>Spiral Bevel Gears (Helical Bevel Gears) are advanced, high-performance gears featuring curved, helical teeth that ensure smoother and quieter operation while efficiently transmitting power between intersecting shafts, making them ideal for demanding applications like automotive, aerospace, and industrial machinery. At FMP Company, we specialize in producing a diverse range of Spiral Bevel Gears (Helical Bevel [&hellip;]<\/p>","protected":false},"featured_media":7114,"comment_status":"open","ping_status":"closed","template":"","meta":{"_et_pb_use_builder":"","_et_pb_old_content":"","_et_gb_content_width":""},"product_brand":[],"product_cat":[106],"product_tag":[],"class_list":{"0":"post-7105","1":"product","2":"type-product","3":"status-publish","4":"has-post-thumbnail","6":"product_cat-bevel-gears","8":"first","9":"instock","10":"shipping-taxable","11":"product-type-simple"},"_links":{"self":[{"href":"https:\/\/fmp-components.com\/lv\/wp-json\/wp\/v2\/product\/7105","targetHints":{"allow":["GET"]}}],"collection":[{"href":"https:\/\/fmp-components.com\/lv\/wp-json\/wp\/v2\/product"}],"about":[{"href":"https:\/\/fmp-components.com\/lv\/wp-json\/wp\/v2\/types\/product"}],"replies":[{"embeddable":true,"href":"https:\/\/fmp-components.com\/lv\/wp-json\/wp\/v2\/comments?post=7105"}],"wp:featuredmedia":[{"embeddable":true,"href":"https:\/\/fmp-components.com\/lv\/wp-json\/wp\/v2\/media\/7114"}],"wp:attachment":[{"href":"https:\/\/fmp-components.com\/lv\/wp-json\/wp\/v2\/media?parent=7105"}],"wp:term":[{"taxonomy":"product_brand","embeddable":true,"href":"https:\/\/fmp-components.com\/lv\/wp-json\/wp\/v2\/product_brand?post=7105"},{"taxonomy":"product_cat","embeddable":true,"href":"https:\/\/fmp-components.com\/lv\/wp-json\/wp\/v2\/product_cat?post=7105"},{"taxonomy":"product_tag","embeddable":true,"href":"https:\/\/fmp-components.com\/lv\/wp-json\/wp\/v2\/product_tag?post=7105"}],"curies":[{"name":"wp","href":"https:\/\/api.w.org\/{rel}","templated":true}]}}