{"id":7097,"date":"2025-03-18T03:11:18","date_gmt":"2025-03-18T03:11:18","guid":{"rendered":"https:\/\/fmp-components.com\/?post_type=product&#038;p=7097"},"modified":"2025-03-27T01:24:20","modified_gmt":"2025-03-27T01:24:20","slug":"bevel-gears-european-standard","status":"publish","type":"product","link":"https:\/\/fmp-components.com\/lv\/product\/bevel-gears-european-standard\/","title":{"rendered":"Konusveida zobrati (Eiropas standarts)"},"content":{"rendered":"<p>Konusveida zobrati (Eiropas standarts) ir prec\u012bzi konstru\u0113ti zobrati, kas paredz\u0113ti jaudas p\u0101rvadei starp krustojo\u0161\u0101m v\u0101rpst\u0101m, parasti 90\u00b0 le\u0146\u0137\u012b, iev\u0113rojot stingrus Eiropas kvalit\u0101tes un izm\u0113ru standartus, lai nodro\u0161in\u0101tu optim\u0101lu veiktsp\u0113ju ma\u0161\u012bn\u0101s un r\u016bpnieciskos lietojumos. FMP uz\u0146\u0113mum\u0101 m\u0113s ar lepnumu ra\u017eojam pla\u0161u kl\u0101stu... <a href=\"https:\/\/fmp-components.com\/lv\/bevel-gear-2\/\">Konusveida zobrati<\/a>, tostarp taisnus, spir\u0101lveida un hipo\u012bda tipa cauru\u013cu veidus, un pied\u0101v\u0101jam piln\u012bb\u0101 piel\u0101gotus risin\u0101jumus, kas piel\u0101goti j\u016bsu \u012bpa\u0161aj\u0101m vajadz\u012bb\u0101m. Ja m\u016bsu produktu sarakst\u0101 neatrodat nepiecie\u0161amo modeli, tas noz\u012bm\u0113, ka m\u0113s to v\u0113l neesam aug\u0161upiel\u0101d\u0113ju\u0161i \u2014 l\u016bdzu, rakstiet mums e-pastu ar savu piepras\u012bjumu, un m\u016bsu kvalific\u0113tie in\u017eenieri atbild\u0113s 24 stundu laik\u0101, lai jums pal\u012bdz\u0113tu.<\/p>\n<h2>Konusveida zobrati A tips: 1:1, 1:2, 1:3, 1:4\u00a0<img loading=\"lazy\" decoding=\"async\" class=\"alignnone size-full wp-image-7100\" src=\"https:\/\/fmp-components.com\/wp-content\/uploads\/2025\/03\/bevel-gear-2-1.webp\" alt=\"konusveida zobrats\" width=\"739\" height=\"930\" title=\"\" srcset=\"https:\/\/fmp-components.com\/wp-content\/uploads\/2025\/03\/bevel-gear-2-1.webp 739w, https:\/\/fmp-components.com\/wp-content\/uploads\/2025\/03\/bevel-gear-2-1-480x604.webp 480w\" sizes=\"(min-width: 0px) and (max-width: 480px) 480px, (min-width: 481px) 739px, 100vw\" \/> <img loading=\"lazy\" decoding=\"async\" class=\"alignnone size-full wp-image-7101\" src=\"https:\/\/fmp-components.com\/wp-content\/uploads\/2025\/03\/bevel-gear-1_1.webp\" alt=\"konusveida zobrats\" width=\"717\" height=\"943\" title=\"\" srcset=\"https:\/\/fmp-components.com\/wp-content\/uploads\/2025\/03\/bevel-gear-1_1.webp 717w, https:\/\/fmp-components.com\/wp-content\/uploads\/2025\/03\/bevel-gear-1_1-480x631.webp 480w\" sizes=\"(min-width: 0px) and (max-width: 480px) 480px, (min-width: 481px) 717px, 100vw\" \/><\/h2>\n<h2>B tipa koniskie zobrati: 1:1, 1:2, 1:3, 1:4<\/h2>\n<p><img loading=\"lazy\" decoding=\"async\" class=\"alignnone size-full wp-image-7099\" src=\"https:\/\/fmp-components.com\/wp-content\/uploads\/2025\/03\/bevel-gear-3-1_1.webp\" alt=\"konusveida zobrats\" width=\"722\" height=\"931\" title=\"\" srcset=\"https:\/\/fmp-components.com\/wp-content\/uploads\/2025\/03\/bevel-gear-3-1_1.webp 722w, https:\/\/fmp-components.com\/wp-content\/uploads\/2025\/03\/bevel-gear-3-1_1-480x619.webp 480w\" sizes=\"(min-width: 0px) and (max-width: 480px) 480px, (min-width: 481px) 722px, 100vw\" \/><\/p>\n<p><img loading=\"lazy\" decoding=\"async\" class=\"alignnone size-full wp-image-7098\" src=\"https:\/\/fmp-components.com\/wp-content\/uploads\/2025\/03\/bevel-gear-4-1.webp\" alt=\"konusveida zobrats\" width=\"711\" height=\"942\" title=\"\" srcset=\"https:\/\/fmp-components.com\/wp-content\/uploads\/2025\/03\/bevel-gear-4-1.webp 711w, https:\/\/fmp-components.com\/wp-content\/uploads\/2025\/03\/bevel-gear-4-1-480x636.webp 480w\" sizes=\"(min-width: 0px) and (max-width: 480px) 480px, (min-width: 481px) 711px, 100vw\" \/><\/p>\n<p>&nbsp;<\/p>","protected":false},"excerpt":{"rendered":"<p>Bevel Gears (European Standard) are precision-engineered gears designed to transmit power between intersecting shafts, typically at a 90\u00b0 angle, adhering to strict European quality and dimensional standards for optimal performance in machinery and industrial applications. At FMP Company, we proudly manufacture a wide range of Bevel Gears, including straight, spiral, and hypoid types, and offer [&hellip;]<\/p>","protected":false},"featured_media":7102,"comment_status":"open","ping_status":"closed","template":"","meta":{"_et_pb_use_builder":"on","_et_pb_old_content":"Bevel Gears (European Standard) are precision-engineered gears designed to transmit power between intersecting shafts, typically at a 90\u00b0 angle, adhering to strict European quality and dimensional standards for optimal performance in machinery and industrial applications. At FMP Company, we proudly manufacture a wide range of <a href=\"https:\/\/fmp-components.com\/en\/bevel-gear-2\">Bevel Gears<\/a>, including straight, spiral, and hypoid types, and offer fully customized solutions tailored to your specific needs. If you don\u2019t see the model you require in our product list, it simply means we haven\u2019t uploaded it yet\u2014please feel free to email us with your inquiry, and our skilled engineers will respond within 24 hours to assist you.\r\n<h2>Bevel Gears Type A: 1:1, 1:2, 1:3, 1:4\u00a0<img class=\"alignnone size-full wp-image-7100\" src=\"https:\/\/fmp-components.com\/wp-content\/uploads\/2025\/03\/bevel-gear-2-1.webp\" alt=\"bevel-gear\" width=\"739\" height=\"930\" \/> <img class=\"alignnone size-full wp-image-7101\" src=\"https:\/\/fmp-components.com\/wp-content\/uploads\/2025\/03\/bevel-gear-1_1.webp\" alt=\"bevel-gear\" width=\"717\" height=\"943\" \/><\/h2>\r\n<h2>Bevel Gears Type B: 1:1, 1:2, 1:3, 1:4<\/h2>\r\n<img class=\"alignnone size-full wp-image-7099\" src=\"https:\/\/fmp-components.com\/wp-content\/uploads\/2025\/03\/bevel-gear-3-1_1.webp\" alt=\"bevel-gear\" width=\"722\" height=\"931\" \/>\r\n\r\n<img class=\"alignnone size-full wp-image-7098\" src=\"https:\/\/fmp-components.com\/wp-content\/uploads\/2025\/03\/bevel-gear-4-1.webp\" alt=\"bevel-gear\" width=\"711\" height=\"942\" \/>\r\n\r\n&nbsp;","_et_gb_content_width":""},"product_brand":[],"product_cat":[106],"product_tag":[],"class_list":{"0":"post-7097","1":"product","2":"type-product","3":"status-publish","4":"has-post-thumbnail","6":"product_cat-bevel-gears","8":"first","9":"instock","10":"shipping-taxable","11":"product-type-simple"},"_links":{"self":[{"href":"https:\/\/fmp-components.com\/lv\/wp-json\/wp\/v2\/product\/7097","targetHints":{"allow":["GET"]}}],"collection":[{"href":"https:\/\/fmp-components.com\/lv\/wp-json\/wp\/v2\/product"}],"about":[{"href":"https:\/\/fmp-components.com\/lv\/wp-json\/wp\/v2\/types\/product"}],"replies":[{"embeddable":true,"href":"https:\/\/fmp-components.com\/lv\/wp-json\/wp\/v2\/comments?post=7097"}],"wp:featuredmedia":[{"embeddable":true,"href":"https:\/\/fmp-components.com\/lv\/wp-json\/wp\/v2\/media\/7102"}],"wp:attachment":[{"href":"https:\/\/fmp-components.com\/lv\/wp-json\/wp\/v2\/media?parent=7097"}],"wp:term":[{"taxonomy":"product_brand","embeddable":true,"href":"https:\/\/fmp-components.com\/lv\/wp-json\/wp\/v2\/product_brand?post=7097"},{"taxonomy":"product_cat","embeddable":true,"href":"https:\/\/fmp-components.com\/lv\/wp-json\/wp\/v2\/product_cat?post=7097"},{"taxonomy":"product_tag","embeddable":true,"href":"https:\/\/fmp-components.com\/lv\/wp-json\/wp\/v2\/product_tag?post=7097"}],"curies":[{"name":"wp","href":"https:\/\/api.w.org\/{rel}","templated":true}]}}