{"id":705,"date":"2024-12-18T01:55:14","date_gmt":"2024-12-18T01:55:14","guid":{"rendered":"https:\/\/fmp-components.com\/?page_id=8"},"modified":"2024-12-18T02:02:20","modified_gmt":"2024-12-18T02:02:20","slug":"split-barge-split-cylinder","status":"publish","type":"product","link":"https:\/\/fmp-components.com\/lv\/product\/split-barge-split-cylinder\/","title":{"rendered":"Sadal\u012bt\u0101 bar\u017ea Sadal\u012btais cilindrs"},"content":{"rendered":"<p style=\"text-align: center;\"><span style=\"font-size: 18pt;\">Sadal\u012bt\u0101 bar\u017ea Sadal\u012btais cilindrs<\/span><\/p>\n<p>Dal\u012bt\u0101s bar\u017eas sadal\u012btais cilindrs ir specializ\u0113ta hidrauliska sast\u0101vda\u013ca, kas izstr\u0101d\u0101ta, lai uzlabotu sadal\u012bto bar\u017eu funkcionalit\u0101ti un efektivit\u0101ti j\u016bras oper\u0101cij\u0101s. \u0160is cilindrs ir paredz\u0113ts, lai nodro\u0161in\u0101tu nepiecie\u0161amo sp\u0113ku bar\u017eas sekciju atdal\u012b\u0161anai, atvieglojot kravas iekrau\u0161anu un izkrau\u0161anu, vienlaikus uzlabojot ku\u0123a manevr\u0113tsp\u0113ju.<\/p>\n<p>&nbsp;<\/p>\n<p><img loading=\"lazy\" decoding=\"async\" class=\"size-full wp-image-707 aligncenter\" src=\"https:\/\/fmp-components.com\/wp-content\/uploads\/2024\/12\/Split-Barge-Split-Cylinder.webp\" alt=\"Sadal\u012bta bar\u017ea-sadal\u012bts cilindrs\" width=\"600\" height=\"600\" title=\"\" srcset=\"https:\/\/fmp-components.com\/wp-content\/uploads\/2024\/12\/Split-Barge-Split-Cylinder.webp 600w, https:\/\/fmp-components.com\/wp-content\/uploads\/2024\/12\/Split-Barge-Split-Cylinder-480x480.webp 480w\" sizes=\"(min-width: 0px) and (max-width: 480px) 480px, (min-width: 481px) 600px, 100vw\" \/><\/p>\n<h4>Galven\u0101s iez\u012bmes:<\/h4>\n<ul>\n<li><strong>Augstas jaudas jauda:<\/strong> \u0160is cilindrs, kas sp\u0113j rad\u012bt iev\u0113rojamu hidraulisko sp\u0113ku, nodro\u0161ina vienm\u0113r\u012bgu un efekt\u012bvu bar\u017eas sekciju sadal\u012b\u0161anu, optimiz\u0113jot kravu apstr\u0101des oper\u0101cijas.<\/li>\n<li><strong>Iztur\u012bga konstrukcija:<\/strong> Izgatavots no augstas iztur\u012bbas materi\u0101liem, tas ir paredz\u0113ts iztur\u0113t skarbos j\u016bras apst\u0101k\u013cus, nodro\u0161inot iztur\u012bbu un uzticam\u012bbu pat ekstrem\u0101los apst\u0101k\u013cos.<\/li>\n<li><strong>Prec\u012bza kontrole:<\/strong> Uzlabot\u0101 hidraulisk\u0101 konstrukcija nodro\u0161ina prec\u012bzas un kontrol\u0113tas kust\u012bbas, uzlabojot dro\u0161\u012bbu ekspluat\u0101cijas laik\u0101 un samazinot negad\u012bjumu risku.<\/li>\n<li><strong>Daudzpus\u012bgs pielietojums:<\/strong> Ide\u0101li piem\u0113rots da\u017e\u0101diem j\u016bras lo\u0123istikas un transporta scen\u0101rijiem, \u0161is dal\u012btais cilindrs nodro\u0161ina efekt\u012bvu darb\u012bbu gan iekrau\u0161anas, gan izkrau\u0161anas procesos.<\/li>\n<li><strong>Zemas apkopes pras\u012bbas:<\/strong> Cilindrs ir izstr\u0101d\u0101ts minim\u0101lam nodilumam, t\u0101p\u0113c tam ir nepiecie\u0161ama maz\u0101ka apkope, samazinot d\u012bkst\u0101ves laiku un palielinot darb\u012bbas efektivit\u0101ti.<\/li>\n<\/ul>\n<p>Dal\u012bt\u0101s bar\u017eas sadal\u012btais cilindrs ir b\u016btiska sast\u0101vda\u013ca, lai optimiz\u0113tu dal\u012bto bar\u017eu veiktsp\u0113ju, iev\u0113rojami uzlabojot j\u016bras lo\u0123istikas un transporta oper\u0101ciju efektivit\u0101ti un dro\u0161\u012bbu.<\/p>\n<h2>Dal\u012bt\u0101s bar\u017eas dal\u012bt\u0101 cilindra specifik\u0101cijas:<\/h2>\n<table style=\"width: 94.7186%; height: 221px;\" border=\"1\" cellspacing=\"0\" cellpadding=\"0\">\n<tbody>\n<tr>\n<td>Produkta nosaukums<\/td>\n<td>Sadal\u012bt\u0101 bar\u017ea Sadal\u012btais cilindrs<\/td>\n<\/tr>\n<tr>\n<td>Funkcijas:<\/td>\n<td>Sl\u0113gts korpuss<\/td>\n<\/tr>\n<tr>\n<td>Urbuma diametrs:<\/td>\n<td>L\u012bdz 550 mm<\/td>\n<\/tr>\n<tr>\n<td>Stie\u0146a diametrs:<\/td>\n<td>L\u012bdz 280 mm<br \/>\nG\u0101jiens \u22641000 mm<\/td>\n<\/tr>\n<tr>\n<td>Vilk\u0161anas sp\u0113ks:<\/td>\n<td>L\u012bdz 6000 kN<\/td>\n<\/tr>\n<tr>\n<td>Spiediens:<\/td>\n<td>L\u012bdz 38 MPa<\/td>\n<\/tr>\n<tr>\n<td>Lietojumi:<\/td>\n<td>Sadal\u012bt\u0101 bar\u017ea<\/td>\n<\/tr>\n<\/tbody>\n<\/table>\n<h2>Sadal\u012bt\u0101s bar\u017eas sadal\u012bt\u0101 cilindra \u012bpa\u0161\u012bbas<\/h2>\n<ol>\n<li><strong>Augstas jaudas jauda:<\/strong>\n<ul>\n<li>Sp\u0113j rad\u012bt iev\u0113rojamu hidraulisko sp\u0113ku efekt\u012bvai bar\u017eas sekciju atdal\u012b\u0161anai, nodro\u0161inot vienm\u0113r\u012bgu darb\u012bbu iekrau\u0161anas un izkrau\u0161anas laik\u0101.<\/li>\n<\/ul>\n<\/li>\n<li><strong>Iztur\u012bga konstrukcija:<\/strong>\n<ul>\n<li>Izgatavots no augstas iztur\u012bbas materi\u0101liem, kas paredz\u0113ti iztur\u0113t skarbu j\u016bras vidi, nodro\u0161inot iztur\u012bbu un uzticam\u012bbu ekstrem\u0101los apst\u0101k\u013cos.<\/li>\n<\/ul>\n<\/li>\n<li><strong>Prec\u012bza kontrole:<\/strong>\n<ul>\n<li>Uzlabota hidraulisk\u0101 konstrukcija nodro\u0161ina prec\u012bzas un kontrol\u0113tas kust\u012bbas, uzlabojot dro\u0161\u012bbu un samazinot ekspluat\u0101cijas negad\u012bjumu risku.<\/li>\n<\/ul>\n<\/li>\n<li><strong>Daudzpus\u012bgs pielietojums:<\/strong>\n<ul>\n<li>Piem\u0113rots da\u017e\u0101diem j\u016bras lo\u0123istikas scen\u0101rijiem, veicinot efekt\u012bvu kravu apstr\u0101di da\u017e\u0101dos iekrau\u0161anas un izkrau\u0161anas procesos.<\/li>\n<\/ul>\n<\/li>\n<li><strong>Zemas apkopes pras\u012bbas:<\/strong>\n<ul>\n<li>\u0160is cilindrs ir izstr\u0101d\u0101ts minim\u0101lam nodilumam, t\u0101p\u0113c tam nepiecie\u0161ama maz\u0101ka apkope, samazinot d\u012bkst\u0101ves laiku un palielinot kop\u0113jo darb\u012bbas efektivit\u0101ti.<\/li>\n<\/ul>\n<\/li>\n<li><strong>Korozijas iztur\u012bba:<\/strong>\n<ul>\n<li>Apstr\u0101d\u0101ts vai p\u0101rkl\u0101ts, lai iztur\u0113tu pret s\u0101ls\u016bdens un citu j\u016bras elementu koroziju, nodro\u0161inot ilgm\u016b\u017e\u012bbu un uzticamu veiktsp\u0113ju.<\/li>\n<\/ul>\n<\/li>\n<li><strong>Kompakts dizains:<\/strong>\n<ul>\n<li>Telpu taupo\u0161s dizains \u013cauj viegli integr\u0113t eso\u0161aj\u0101s bar\u017eu sist\u0113m\u0101s, neapdraudot konstrukcijas integrit\u0101ti.<\/li>\n<\/ul>\n<\/li>\n<li><strong>Dro\u0161\u012bbas funkcijas:<\/strong>\n<ul>\n<li>Apr\u012bkots ar ieb\u016bv\u0113tiem dro\u0161\u012bbas meh\u0101nismiem, lai nov\u0113rstu nejau\u0161u aktiviz\u0113\u0161anos vai k\u013c\u016bmi, t\u0101d\u0113j\u0101di uzlabojot darb\u012bbas uzticam\u012bbu.<\/li>\n<\/ul>\n<\/li>\n<li><strong>Vienk\u0101r\u0161a uzst\u0101d\u012b\u0161ana:<\/strong>\n<ul>\n<li>Paredz\u0113ts vienk\u0101r\u0161ai uzst\u0101d\u012b\u0161anai un nomai\u0146ai, samazinot d\u012bkst\u0101ves laiku apkopes vai jaunin\u0101\u0161anas laik\u0101.<\/li>\n<\/ul>\n<\/li>\n<li><strong>Uzlabota manevr\u0113tsp\u0113ja:<\/strong>\n<ul>\n<li>Uzlabo dal\u012bto bar\u017eu manevr\u0113tsp\u0113ju, nodro\u0161inot lab\u0101ku navig\u0101ciju un vad\u0101m\u012bbu p\u0101rpild\u012bt\u0101 vai sare\u017e\u0123\u012bt\u0101 j\u016bras vid\u0113.<\/li>\n<\/ul>\n<\/li>\n<\/ol>\n<p>\u0160\u012bs \u012bpa\u0161\u012bbas padara dal\u012bto bar\u017eas dal\u012bto cilindru par b\u016btisku sast\u0101vda\u013cu j\u016bras lo\u0123istikas un transporta oper\u0101ciju efektivit\u0101tes un dro\u0161\u012bbas optimiz\u0113\u0161anai.<\/p>\n<p><img loading=\"lazy\" decoding=\"async\" class=\"alignnone size-full wp-image-708\" src=\"https:\/\/fmp-components.com\/wp-content\/uploads\/2024\/12\/Split-Barge-Split-Cylinder-Applications.webp\" alt=\"Dal\u012bt\u0101s bar\u017eas-dal\u012bt\u0101s cilindra lietojumprogrammas\" width=\"1024\" height=\"573\" title=\"\" srcset=\"https:\/\/fmp-components.com\/wp-content\/uploads\/2024\/12\/Split-Barge-Split-Cylinder-Applications.webp 1024w, https:\/\/fmp-components.com\/wp-content\/uploads\/2024\/12\/Split-Barge-Split-Cylinder-Applications-980x548.webp 980w, https:\/\/fmp-components.com\/wp-content\/uploads\/2024\/12\/Split-Barge-Split-Cylinder-Applications-480x269.webp 480w\" sizes=\"(min-width: 0px) and (max-width: 480px) 480px, (min-width: 481px) and (max-width: 980px) 980px, (min-width: 981px) 1024px, 100vw\" \/><\/p>\n<h2>Sadal\u012bt\u0101 bar\u017eas sadal\u012bt\u0101 cilindra pielietojums<\/h2>\n<ol>\n<li><strong>J\u016bras lo\u0123istika:<\/strong>\n<ul>\n<li>Izmanto kravu iekrau\u0161anai un izkrau\u0161anai dal\u012bt\u0101s bar\u017e\u0101s, uzlabojot darb\u012bbas efektivit\u0101ti pre\u010du p\u0101rvad\u0101\u0161an\u0101 pa \u016bdeni.<\/li>\n<\/ul>\n<\/li>\n<li><strong>Kravu apstr\u0101de:<\/strong>\n<ul>\n<li>Atvieglo bar\u017eu sekciju atdal\u012b\u0161anu, lai nodro\u0161in\u0101tu \u0113rtu piek\u013cuvi kravas telp\u0101m, uzlabojot kravas oper\u0101ciju \u0101trumu un dro\u0161\u012bbu.<\/li>\n<\/ul>\n<\/li>\n<li><strong>Bagar\u0113\u0161anas oper\u0101cijas:<\/strong>\n<ul>\n<li>Izmanto bagar\u0113\u0161anas darbos, kur dal\u012bt\u0101s bar\u017eas tiek izmantotas bagar\u0113to materi\u0101lu p\u0101rvad\u0101\u0161anai, \u013caujot efekt\u012bvi p\u0101rvald\u012bt nogulumu no\u0146em\u0161anu.<\/li>\n<\/ul>\n<\/li>\n<li><strong>Apkope un remonts:<\/strong>\n<ul>\n<li>Pal\u012bdz sadal\u012btu bar\u017eu apkop\u0113, nodro\u0161inot piek\u013cuvi iek\u0161\u0113j\u0101m sast\u0101vda\u013c\u0101m p\u0101rbaudei un remontam, t\u0101d\u0113j\u0101di uzlabojot ku\u0123a visp\u0101r\u0113jo apkopi.<\/li>\n<\/ul>\n<\/li>\n<li><strong>B\u016bvniec\u012bbas projekti:<\/strong>\n<ul>\n<li>Izmanto ar b\u016bvniec\u012bbu saist\u012bt\u0101s j\u016bras darb\u012bb\u0101s, kur smagu materi\u0101lu un apr\u012bkojuma p\u0101rvad\u0101\u0161anai uz b\u016bvlaukumiem ir nepiecie\u0161amas dal\u012btas bar\u017eas.<\/li>\n<\/ul>\n<\/li>\n<li><strong>Vides sakop\u0161ana:<\/strong>\n<ul>\n<li>Atbalsta darb\u012bbas vides san\u0101cijas projektos, kuros atkritumu vai apr\u012bkojuma p\u0101rvad\u0101\u0161anai att\u012br\u012b\u0161anas darbiem tiek izmantotas dal\u012btas bar\u017eas.<\/li>\n<\/ul>\n<\/li>\n<li><strong>J\u016bras oper\u0101cijas:<\/strong>\n<ul>\n<li>Pielietojams urb\u0161anas un izp\u0113tes darb\u012bb\u0101s j\u016br\u0101, kur dal\u012bt\u0101s bar\u017eas var izmantot apr\u012bkojuma un person\u0101la efekt\u012bvai p\u0101rvad\u0101\u0161anai.<\/li>\n<\/ul>\n<\/li>\n<li><strong>Ku\u0123u b\u016bves un remonta r\u016bpn\u012bcas:<\/strong>\n<ul>\n<li>Izmanto ku\u0123u b\u016bv\u0113tav\u0101s materi\u0101lu un komponentu transport\u0113\u0161anai, kas nepiecie\u0161ami ku\u0123u b\u016bvei vai remontam, veicinot efekt\u012bvu lo\u0123istiku.<\/li>\n<\/ul>\n<\/li>\n<li><strong>\u0100rk\u0101rtas rea\u0123\u0113\u0161ana:<\/strong>\n<ul>\n<li>Pal\u012bdz \u0101tri izvietot resursus j\u016bras \u0101rk\u0101rtas situ\u0101ciju laik\u0101, nodro\u0161inot \u0101tru piek\u013cuvi b\u016btiskajam apr\u012bkojumam un pieg\u0101d\u0113m.<\/li>\n<\/ul>\n<\/li>\n<li><strong>Pr\u0101mju pakalpojumi:<\/strong>\n<ul>\n<li>Uzlabo dal\u012bto pr\u0101mju bar\u017eu funkcionalit\u0101ti, uzlabojot transportl\u012bdzek\u013cu un pasa\u017eieru p\u0101rvad\u0101\u0161anas efektivit\u0101ti pa \u016bdeni.<\/li>\n<\/ul>\n<\/li>\n<\/ol>\n<p>\u0160ie pielietojumi demonstr\u0113 dal\u012bt\u0101 bar\u017eas dal\u012bt\u0101 cilindra daudzpus\u012bbu un noz\u012bmi da\u017e\u0101d\u0101s j\u016bras un lo\u0123istikas oper\u0101cij\u0101s, veicinot uzlabotu efektivit\u0101ti un dro\u0161\u012bbu j\u016brniec\u012bbas nozar\u0113.<\/p>\n<p><img loading=\"lazy\" decoding=\"async\" class=\"alignnone size-full wp-image-709\" src=\"https:\/\/fmp-components.com\/wp-content\/uploads\/2024\/12\/Split-Barge-Split-Cylinder-Features.webp\" alt=\"Sadal\u012btas bar\u017eas sadal\u012bt\u0101 cilindra funkcijas\" width=\"1000\" height=\"390\" title=\"\" srcset=\"https:\/\/fmp-components.com\/wp-content\/uploads\/2024\/12\/Split-Barge-Split-Cylinder-Features.webp 1000w, https:\/\/fmp-components.com\/wp-content\/uploads\/2024\/12\/Split-Barge-Split-Cylinder-Features-980x382.webp 980w, https:\/\/fmp-components.com\/wp-content\/uploads\/2024\/12\/Split-Barge-Split-Cylinder-Features-480x187.webp 480w\" sizes=\"(min-width: 0px) and (max-width: 480px) 480px, (min-width: 481px) and (max-width: 980px) 980px, (min-width: 981px) 1000px, 100vw\" \/><\/p>\n<h3>Par FMP<\/h3>\n<p>FMP ir specializ\u0113ts meh\u0101nisk\u0101s ra\u017eo\u0161anas uz\u0146\u0113mums, kas nodarbojas ar hidraulisko cilindru ra\u017eo\u0161anu. Kop\u0161 dibin\u0101\u0161anas uz\u0146\u0113mums ir koncentr\u0113jies uz hidraulisko tehnolo\u0123iju izp\u0113ti un ra\u017eo\u0161anu, veiksm\u012bgi p\u0101rejot no daudzveid\u012bga produktu kl\u0101sta, kas ietv\u0113ra ra\u017eas nov\u0101k\u0161anas un celtniec\u012bbas tehniku, uz specializ\u0101ciju lauksaimniec\u012bbas traktoru deta\u013c\u0101s. Ar vair\u0101k nek\u0101 desmit gadu pieredzi ra\u017eo\u0161an\u0101 un vad\u012bb\u0101 FMP nodro\u0161ina augstas kvalit\u0101tes produktus, izmantojot progres\u012bvas ra\u017eo\u0161anas metodes.<\/p>\n<p>Uz\u0146\u0113mumam att\u012bstoties, tas ir izstr\u0101d\u0101jis visaptvero\u0161u apstr\u0101des ra\u017eo\u0161anas l\u012bniju, mont\u0101\u017eas l\u012bniju un p\u0101rkl\u0101\u0161anas l\u012bniju. M\u016bsu komandu veido prasm\u012bgs vad\u012bbas person\u0101ls, pieredz\u0113ju\u0161i meh\u0101niskie konstruktori un augsti kvalific\u0113ti tehni\u0137i, kas str\u0101d\u0101 kop\u0101, lai uztur\u0113tu stabilu ra\u017eo\u0161anas kvalit\u0101ti, vienlaikus efekt\u012bvi kontrol\u0113jot procesa nep\u0101rtraukt\u012bbu un efektivit\u0101ti.<\/p>\n<p>FMP iev\u0113ro filozofiju \u201cTehnolo\u0123isk\u0101s inov\u0101cijas veicina progresu, kvalit\u0101te rada z\u012bmolus, meistar\u012bba nodro\u0161ina kvalit\u0101ti un veido ilgtermi\u0146a abpus\u0113ji izdev\u012bgas attiec\u012bbas\u201d. M\u016bsu ap\u0146em\u0161an\u0101s nodro\u0161in\u0101t augstas kvalit\u0101tes produktus un izcilu klientu apkalpo\u0161anu joproj\u0101m ir m\u016bsu galvenais m\u0113r\u0137is, turpinot apmierin\u0101t main\u012bg\u0101s tirgus vajadz\u012bbas.<\/p>\n<p><img loading=\"lazy\" decoding=\"async\" class=\"alignnone size-full wp-image-426\" src=\"https:\/\/fmp-components.com\/wp-content\/uploads\/2024\/12\/Sanitation-Machinery-Locking-Hydraulic-Cylinder-factory.webp\" sizes=\"(min-width: 0px) and (max-width: 480px) 480px, (min-width: 481px) and (max-width: 980px) 980px, (min-width: 981px) and (max-width: 1280px) 1280px, (min-width: 1281px) 1414px, 100vw\" srcset=\"https:\/\/fmp-components.com\/wp-content\/uploads\/2024\/12\/Sanitation-Machinery-Locking-Hydraulic-Cylinder-factory.webp 1414w, https:\/\/fmp-components.com\/wp-content\/uploads\/2024\/12\/Sanitation-Machinery-Locking-Hydraulic-Cylinder-factory-1280x529.webp 1280w, https:\/\/fmp-components.com\/wp-content\/uploads\/2024\/12\/Sanitation-Machinery-Locking-Hydraulic-Cylinder-factory-980x405.webp 980w, https:\/\/fmp-components.com\/wp-content\/uploads\/2024\/12\/Sanitation-Machinery-Locking-Hydraulic-Cylinder-factory-480x198.webp 480w\" alt=\"Sanit\u0101rijas-ma\u0161\u012bnu-blo\u0137\u0113\u0161anas-hidraulisko-cilindru-fabrika\" width=\"1414\" height=\"584\" title=\"\"><\/p>\n<p>Autors: CX<\/p>","protected":false},"excerpt":{"rendered":"<p>Dal\u012bt\u0101s bar\u017eas dal\u012btais cilindrs ir specializ\u0113ta hidrauliska sast\u0101vda\u013ca, kas paredz\u0113ta, lai atvieglotu dal\u012bto bar\u017eu efekt\u012bvu darb\u012bbu j\u016bras lietojumos. \u0160is cilindrs nodro\u0161ina nepiecie\u0161amo sp\u0113ku bar\u017eas sekciju atdal\u012b\u0161anai vai sadal\u012b\u0161anai, \u013caujot viegli iekraut un izkraut kravu, vienlaikus uzlabojot manevr\u0113tsp\u0113ju. Izgatavots no augstas iztur\u012bbas materi\u0101liem, tas ir izstr\u0101d\u0101ts, lai iztur\u0113tu skarbos j\u016bras apst\u0101k\u013cus, nodro\u0161inot iztur\u012bbu un uzticam\u012bbu ekstrem\u0101los apst\u0101k\u013cos. Vienm\u0113r\u012bg\u0101 hidraulisk\u0101 darb\u012bba nodro\u0161ina prec\u012bzu kontroli darb\u012bbas laik\u0101, uzlabojot kop\u0113jo efektivit\u0101ti un dro\u0161\u012bbu bar\u017eu apstr\u0101d\u0113. \u0160is dal\u012btais cilindrs ir b\u016btisks, lai optimiz\u0113tu dal\u012bto bar\u017eu funkcionalit\u0101ti, iev\u0113rojami veicinot efekt\u012bvu j\u016bras lo\u0123istiku un transport\u0113\u0161anu.<\/p>","protected":false},"featured_media":707,"comment_status":"open","ping_status":"closed","template":"","meta":{"_et_pb_use_builder":"","_et_pb_old_content":"","_et_gb_content_width":""},"product_brand":[],"product_cat":[28],"product_tag":[],"class_list":{"0":"post-705","1":"product","2":"type-product","3":"status-publish","4":"has-post-thumbnail","6":"product_cat-offshore-hydraulic-cylinders","8":"first","9":"instock","10":"shipping-taxable","11":"product-type-simple"},"_links":{"self":[{"href":"https:\/\/fmp-components.com\/lv\/wp-json\/wp\/v2\/product\/705","targetHints":{"allow":["GET"]}}],"collection":[{"href":"https:\/\/fmp-components.com\/lv\/wp-json\/wp\/v2\/product"}],"about":[{"href":"https:\/\/fmp-components.com\/lv\/wp-json\/wp\/v2\/types\/product"}],"replies":[{"embeddable":true,"href":"https:\/\/fmp-components.com\/lv\/wp-json\/wp\/v2\/comments?post=705"}],"wp:featuredmedia":[{"embeddable":true,"href":"https:\/\/fmp-components.com\/lv\/wp-json\/wp\/v2\/media\/707"}],"wp:attachment":[{"href":"https:\/\/fmp-components.com\/lv\/wp-json\/wp\/v2\/media?parent=705"}],"wp:term":[{"taxonomy":"product_brand","embeddable":true,"href":"https:\/\/fmp-components.com\/lv\/wp-json\/wp\/v2\/product_brand?post=705"},{"taxonomy":"product_cat","embeddable":true,"href":"https:\/\/fmp-components.com\/lv\/wp-json\/wp\/v2\/product_cat?post=705"},{"taxonomy":"product_tag","embeddable":true,"href":"https:\/\/fmp-components.com\/lv\/wp-json\/wp\/v2\/product_tag?post=705"}],"curies":[{"name":"wp","href":"https:\/\/api.w.org\/{rel}","templated":true}]}}