{"id":7030,"date":"2025-03-14T07:40:07","date_gmt":"2025-03-14T07:40:07","guid":{"rendered":"https:\/\/fmp-components.com\/?post_type=product&#038;p=7030"},"modified":"2025-03-27T01:25:11","modified_gmt":"2025-03-27T01:25:11","slug":"straight-bevel-gear","status":"publish","type":"product","link":"https:\/\/fmp-components.com\/lv\/product\/straight-bevel-gear\/","title":{"rendered":"Taisns konusveida zobrats"},"content":{"rendered":"<p>Taisns konusveida zobrats ir sava veida <a href=\"https:\/\/fmp-components.com\/lv\/bevel-gear-2\/\">konusveida zobrats<\/a> ar taisniem, konusveida zobiem, kas izgriezti gar zobrata konisko virsmu, paredz\u0113ti efekt\u012bvai jaudas p\u0101rvadei starp krustojo\u0161\u0101m v\u0101rpst\u0101m, parasti 90 gr\u0101du le\u0146\u0137\u012b, pied\u0101v\u0101jot vienk\u0101r\u0161\u012bbu un uzticam\u012bbu t\u0101d\u0101s lietojumprogramm\u0101s k\u0101 automobi\u013cu diferenci\u0101\u013ci un ma\u0161\u012bnas. FMP Company ar lepnumu ra\u017eo pla\u0161u konusveida zobratu kl\u0101stu, tostarp taisnus, spir\u0101lveida un spir\u0101lveida tipus, un m\u0113s pied\u0101v\u0101jam ar\u012b piel\u0101gotus risin\u0101jumus, lai apmierin\u0101tu j\u016bsu \u012bpa\u0161\u0101s vajadz\u012bbas. Ja m\u016bsu produktu sarakst\u0101 neatrodat nepiecie\u0161amo modeli, tas vienk\u0101r\u0161i noz\u012bm\u0113, ka mums v\u0113l nav bijusi iesp\u0113ja to atjaunin\u0101t \u2014 l\u016bdzu, rakstiet mums e-pastu ar v\u0113lamaj\u0101m specifik\u0101cij\u0101m, un m\u016bsu in\u017eenieri atbild\u0113s 24 stundu laik\u0101 ar piel\u0101gotu pal\u012bdz\u012bbu.<\/p>\n<h2>Specifik\u0101cija<\/h2>\n<table class=\"table\" border=\"1\" width=\"100%\" cellspacing=\"0\" cellpadding=\"0\">\n<tbody>\n<tr class=\"firstRow\">\n<td valign=\"center\" width=\"132\">Mode\u013ca numurs<\/td>\n<td valign=\"center\" width=\"491\">M3, M4, M5, M8, M12 un citi.<\/td>\n<\/tr>\n<tr>\n<td valign=\"center\" width=\"132\">Materi\u0101ls<\/td>\n<td valign=\"center\" width=\"491\">Misi\u0146\u0161, C45 t\u0113rauds, ner\u016bs\u0113jo\u0161ais t\u0113rauds, var\u0161, POM, alum\u012bnijs, sakaus\u0113jums utt.<\/td>\n<\/tr>\n<tr>\n<td valign=\"center\" width=\"132\">Virsmas apstr\u0101de<\/td>\n<td valign=\"center\" width=\"491\">Cinkots, Ni\u0137el\u0113ts, Pasiv\u0101cija, Oksid\u0101cija, Anod\u0113\u0161ana,<br \/>\n\u0122eomets, dakromets, melnais oks\u012bds, fosfatiz\u0101cija, pulverkr\u0101so\u0161ana un elektrofor\u0113ze<\/td>\n<\/tr>\n<tr>\n<td valign=\"center\" width=\"132\">Standarta<\/td>\n<td valign=\"center\" width=\"491\">ISO, DIN, ANSI, JIS, BS un nestandarta.<\/td>\n<\/tr>\n<tr>\n<td valign=\"center\" width=\"132\">Precizit\u0101te<\/td>\n<td valign=\"center\" width=\"491\">DIN6, DIN7, DIN8, DIN9.<\/td>\n<\/tr>\n<tr>\n<td valign=\"center\" width=\"132\">Zobu \u0101rst\u0113\u0161ana<\/td>\n<td valign=\"center\" width=\"491\">R\u016bd\u012bts, fr\u0113z\u0113ts vai samalts<\/td>\n<\/tr>\n<tr>\n<td valign=\"center\" width=\"132\">Tolerance<\/td>\n<td valign=\"center\" width=\"491\">0,001 mm\u20130,01 mm\u20130,1 mm<\/td>\n<\/tr>\n<tr>\n<td valign=\"center\" width=\"132\">Pabeigt<\/td>\n<td valign=\"center\" width=\"491\">ar lodveida\/smil\u0161u str\u016bklu, termisko apstr\u0101di, atkv\u0113lin\u0101\u0161anu, r\u016bd\u012b\u0161anu, pul\u0113\u0161anu, anod\u0113\u0161anu, cinko\u0161anu<\/td>\n<\/tr>\n<tr>\n<td valign=\"center\" width=\"132\">Pre\u010du iesai\u0146o\u0161ana<\/td>\n<td valign=\"center\" width=\"491\">Plastmasas maisi\u0146\u0161 + kartona kastes vai koka iepakojums<\/td>\n<\/tr>\n<tr>\n<td valign=\"center\" width=\"132\">Maks\u0101juma noteikumi<\/td>\n<td valign=\"center\" width=\"491\">T\/T, akredit\u012bvs<\/td>\n<\/tr>\n<tr>\n<td valign=\"center\" width=\"132\">Ra\u017eo\u0161anas izpildes laiks<\/td>\n<td valign=\"center\" width=\"491\">20 darba dienas paraugam, 25 dienas liel\u0101kajai da\u013cai<\/td>\n<\/tr>\n<tr>\n<td valign=\"center\" width=\"132\">Paraugi<\/td>\n<td valign=\"center\" width=\"491\">Parauga cenu diapazons ir no $2 l\u012bdz $100.<br \/>\nklientu apmaks\u0101ta eksprespiepras\u012bjuma paraugs<\/td>\n<\/tr>\n<tr>\n<td valign=\"center\" width=\"132\">Pieteikums<\/td>\n<td valign=\"center\" width=\"491\">1. Autom\u0101tiska vad\u012bbas iek\u0101rta<br \/>\n2. Pusvad\u012bt\u0101ju r\u016bpniec\u012bba<br \/>\n3. Visp\u0101r\u0113j\u0101s r\u016bpniec\u012bbas iek\u0101rtas<br \/>\n4. Medic\u012bnas iek\u0101rtas<br \/>\n5. Saules ener\u0123ijas iek\u0101rtas<br \/>\n6. Darbgalds<br \/>\n7. Parko\u0161an\u0101s sist\u0113ma<br \/>\n8. \u0100trgaitas dzelzce\u013ca un avi\u0101cijas transporta apr\u012bkojums utt.<\/td>\n<\/tr>\n<\/tbody>\n<\/table>\n<h2>Taisna konusveida zobrata \u012bpa\u0161\u012bbas<\/h2>\n<div>\n<ul>\n<li class=\"break-words\"><strong>Taisna zobu konstrukcija<\/strong>Taisniem konusveida zobratiem ir zobi, kas ir griezti taisni un koniski pa konisko virsmu, nodro\u0161inot vienk\u0101r\u0161u un efekt\u012bvu jaudas p\u0101rvades konstrukciju starp krustojo\u0161\u0101m v\u0101rpst\u0101m.<\/li>\n<li class=\"break-words\"><strong>Efekt\u012bva jaudas p\u0101rne\u0161ana<\/strong>\u0160ie zobrati ir paredz\u0113ti, lai vienm\u0113r\u012bgi un dro\u0161i p\u0101rnestu griezes momentu, parasti 90 gr\u0101du le\u0146\u0137\u012b, padarot tos piem\u0113rotus t\u0101diem lietojumiem k\u0101 automobi\u013cu diferenci\u0101\u013ci un pamata meh\u0101nismi.<\/li>\n<li class=\"break-words\"><strong>Izmaksu zi\u0146\u0101 efekt\u012bva ra\u017eo\u0161ana<\/strong>Vienk\u0101r\u0161\u0101 zobu \u0123eometrija nodro\u0161ina vienk\u0101r\u0161\u0101ku un l\u0113t\u0101ku ra\u017eo\u0161anu sal\u012bdzin\u0101jum\u0101 ar spir\u0101lveida vai spir\u0101lveida konusveida zobratiem, pied\u0101v\u0101jot ekonomisku iesp\u0113ju daudz\u0101m sist\u0113m\u0101m.<\/li>\n<li class=\"break-words\"><strong>Vid\u0113ja kravnes\u012bba<\/strong>Lai gan taisnie konusveida zobrati sp\u0113j iztur\u0113t m\u0113renas slodzes, tiem ir maz\u0101ks zobu saskares laukums nek\u0101 spir\u0101lveida konstrukcij\u0101m, t\u0101p\u0113c tie ir vislab\u0101k piem\u0113roti lietojumiem ar zem\u0101k\u0101m griezes momenta vai \u0101truma pras\u012bb\u0101m.<\/li>\n<li class=\"break-words\"><strong>Kompakts un daudzpus\u012bgs<\/strong>To konisk\u0101 forma nodro\u0161ina kompaktu integr\u0101ciju meh\u0101niskaj\u0101s sist\u0113m\u0101s, nodro\u0161inot daudzpus\u012bbu izk\u0101rtojumos ar ierobe\u017eotu vietu, lai gan liel\u0101 \u0101trum\u0101 tie var rad\u012bt vair\u0101k trok\u0161\u0146a un vibr\u0101cijas.<\/li>\n<\/ul>\n<p><img loading=\"lazy\" decoding=\"async\" class=\"alignnone size-full wp-image-7031\" src=\"https:\/\/fmp-components.com\/wp-content\/uploads\/2025\/03\/Straight-Bevel-Gear-1.webp\" alt=\"Taisns konusveida zobrats\" width=\"969\" height=\"648\" title=\"\" srcset=\"https:\/\/fmp-components.com\/wp-content\/uploads\/2025\/03\/Straight-Bevel-Gear-1.webp 969w, https:\/\/fmp-components.com\/wp-content\/uploads\/2025\/03\/Straight-Bevel-Gear-1-480x321.webp 480w\" sizes=\"(min-width: 0px) and (max-width: 480px) 480px, (min-width: 481px) 969px, 100vw\" \/><\/p>\n<\/div>\n<h2>Par FMP<\/h2>\n<p>FMP ir vado\u0161ais It\u0101lijas zobratu un zobratu ra\u017eot\u0101js, kas ir paz\u012bstams ar savu pieredzi gan standarta komponentu, gan piel\u0101gotu risin\u0101jumu ra\u017eo\u0161an\u0101. Papildus m\u016bsu standarta deta\u013cu kl\u0101stam FMP specializ\u0113jas standarta un specializ\u0113tu zobratu izgatavo\u0161an\u0101, pamatojoties uz klientu sniegtajiem ras\u0113jumiem vai paraugiem. M\u016bsu zobrati ir pieejami no da\u017e\u0101diem materi\u0101liem, tostarp oglek\u013ca t\u0113rauda, \u200b\u200bner\u016bs\u0113jo\u0161\u0101 t\u0113rauda, \u200b\u200balum\u012bnija, vara, misi\u0146a un plastmasas spir\u0101lveida vai cilindriskas konfigur\u0101cijas. Ja jums ir k\u0101das pras\u012bbas p\u0113c piel\u0101gotiem zobratu izstr\u0101d\u0101jumiem, l\u016bdzu, sazinieties ar mums pa e-pastu. FMP profesion\u0101lo in\u017eenieru komanda atbild\u0113s uz j\u016bsu piepras\u012bjumu 24 stundu laik\u0101.<\/p>\n<p><img loading=\"lazy\" decoding=\"async\" class=\"alignnone size-full wp-image-7010\" src=\"https:\/\/fmp-components.com\/wp-content\/uploads\/2025\/03\/bevel-gear-3.webp\" alt=\"konusveida zobrats\" width=\"1076\" height=\"721\" title=\"\" srcset=\"https:\/\/fmp-components.com\/wp-content\/uploads\/2025\/03\/bevel-gear-3.webp 1076w, https:\/\/fmp-components.com\/wp-content\/uploads\/2025\/03\/bevel-gear-3-980x657.webp 980w, https:\/\/fmp-components.com\/wp-content\/uploads\/2025\/03\/bevel-gear-3-480x322.webp 480w\" sizes=\"(min-width: 0px) and (max-width: 480px) 480px, (min-width: 481px) and (max-width: 980px) 980px, (min-width: 981px) 1076px, 100vw\" \/><\/p>","protected":false},"excerpt":{"rendered":"<p>A straight bevel gear is a type of bevel gear with straight, tapered teeth cut along the gear\u2019s conical surface, designed to transmit power efficiently between intersecting shafts, typically at a 90-degree angle, offering simplicity and reliability in applications like automotive differentials and machinery. At FMP Company, we proudly manufacture a wide range of bevel [&hellip;]<\/p>","protected":false},"featured_media":4345,"comment_status":"open","ping_status":"closed","template":"","meta":{"_et_pb_use_builder":"","_et_pb_old_content":"","_et_gb_content_width":""},"product_brand":[],"product_cat":[106],"product_tag":[],"class_list":{"0":"post-7030","1":"product","2":"type-product","3":"status-publish","4":"has-post-thumbnail","6":"product_cat-bevel-gears","8":"first","9":"instock","10":"shipping-taxable","11":"product-type-simple"},"_links":{"self":[{"href":"https:\/\/fmp-components.com\/lv\/wp-json\/wp\/v2\/product\/7030","targetHints":{"allow":["GET"]}}],"collection":[{"href":"https:\/\/fmp-components.com\/lv\/wp-json\/wp\/v2\/product"}],"about":[{"href":"https:\/\/fmp-components.com\/lv\/wp-json\/wp\/v2\/types\/product"}],"replies":[{"embeddable":true,"href":"https:\/\/fmp-components.com\/lv\/wp-json\/wp\/v2\/comments?post=7030"}],"wp:featuredmedia":[{"embeddable":true,"href":"https:\/\/fmp-components.com\/lv\/wp-json\/wp\/v2\/media\/4345"}],"wp:attachment":[{"href":"https:\/\/fmp-components.com\/lv\/wp-json\/wp\/v2\/media?parent=7030"}],"wp:term":[{"taxonomy":"product_brand","embeddable":true,"href":"https:\/\/fmp-components.com\/lv\/wp-json\/wp\/v2\/product_brand?post=7030"},{"taxonomy":"product_cat","embeddable":true,"href":"https:\/\/fmp-components.com\/lv\/wp-json\/wp\/v2\/product_cat?post=7030"},{"taxonomy":"product_tag","embeddable":true,"href":"https:\/\/fmp-components.com\/lv\/wp-json\/wp\/v2\/product_tag?post=7030"}],"curies":[{"name":"wp","href":"https:\/\/api.w.org\/{rel}","templated":true}]}}