{"id":7022,"date":"2025-03-14T07:00:14","date_gmt":"2025-03-14T07:00:14","guid":{"rendered":"https:\/\/fmp-components.com\/?post_type=product&#038;p=7022"},"modified":"2025-03-27T01:26:09","modified_gmt":"2025-03-27T01:26:09","slug":"spiral-bevel-gear","status":"publish","type":"product","link":"https:\/\/fmp-components.com\/lv\/product\/spiral-bevel-gear\/","title":{"rendered":"Spir\u0101lveida konusveida zobrats"},"content":{"rendered":"<h2>Specifik\u0101cija<\/h2>\n<table class=\"table\" border=\"1\" width=\"100%\" cellspacing=\"0\" cellpadding=\"0\">\n<tbody>\n<tr class=\"firstRow\">\n<td valign=\"center\" width=\"132\">Mode\u013ca numurs<\/td>\n<td valign=\"center\" width=\"491\">M3, M4, M5, M8, M12 un citi.<\/td>\n<\/tr>\n<tr>\n<td valign=\"center\" width=\"132\">Materi\u0101ls<\/td>\n<td valign=\"center\" width=\"491\">Misi\u0146\u0161, C45 t\u0113rauds, ner\u016bs\u0113jo\u0161ais t\u0113rauds, var\u0161, POM, alum\u012bnijs, sakaus\u0113jums utt.<\/td>\n<\/tr>\n<tr>\n<td valign=\"center\" width=\"132\">Virsmas apstr\u0101de<\/td>\n<td valign=\"center\" width=\"491\">Cinkots, Ni\u0137el\u0113ts, Pasiv\u0101cija, Oksid\u0101cija, Anod\u0113\u0161ana,<br \/>\n\u0122eomets, dakromets, melnais oks\u012bds, fosfatiz\u0101cija, pulverkr\u0101so\u0161ana un elektrofor\u0113ze<\/td>\n<\/tr>\n<tr>\n<td valign=\"center\" width=\"132\">Standarta<\/td>\n<td valign=\"center\" width=\"491\">ISO, DIN, ANSI, JIS, BS un nestandarta.<\/td>\n<\/tr>\n<tr>\n<td valign=\"center\" width=\"132\">Precizit\u0101te<\/td>\n<td valign=\"center\" width=\"491\">DIN6, DIN7, DIN8, DIN9.<\/td>\n<\/tr>\n<tr>\n<td valign=\"center\" width=\"132\">Zobu \u0101rst\u0113\u0161ana<\/td>\n<td valign=\"center\" width=\"491\">R\u016bd\u012bts, fr\u0113z\u0113ts vai samalts<\/td>\n<\/tr>\n<tr>\n<td valign=\"center\" width=\"132\">Tolerance<\/td>\n<td valign=\"center\" width=\"491\">0,001 mm\u20130,01 mm\u20130,1 mm<\/td>\n<\/tr>\n<tr>\n<td valign=\"center\" width=\"132\">Pabeigt<\/td>\n<td valign=\"center\" width=\"491\">ar lodveida\/smil\u0161u str\u016bklu, termisko apstr\u0101di, atkv\u0113lin\u0101\u0161anu, r\u016bd\u012b\u0161anu, pul\u0113\u0161anu, anod\u0113\u0161anu, cinko\u0161anu<\/td>\n<\/tr>\n<tr>\n<td valign=\"center\" width=\"132\">Pre\u010du iesai\u0146o\u0161ana<\/td>\n<td valign=\"center\" width=\"491\">Plastmasas maisi\u0146\u0161 + kartona kastes vai koka iepakojums<\/td>\n<\/tr>\n<tr>\n<td valign=\"center\" width=\"132\">Maks\u0101juma noteikumi<\/td>\n<td valign=\"center\" width=\"491\">T\/T, akredit\u012bvs<\/td>\n<\/tr>\n<tr>\n<td valign=\"center\" width=\"132\">Ra\u017eo\u0161anas izpildes laiks<\/td>\n<td valign=\"center\" width=\"491\">20 darba dienas paraugam, 25 dienas liel\u0101kajai da\u013cai<\/td>\n<\/tr>\n<tr>\n<td valign=\"center\" width=\"132\">Paraugi<\/td>\n<td valign=\"center\" width=\"491\">Parauga cenu diapazons ir no $2 l\u012bdz $100.<br \/>\nklientu apmaks\u0101ta eksprespiepras\u012bjuma paraugs<\/td>\n<\/tr>\n<tr>\n<td valign=\"center\" width=\"132\">Pieteikums<\/td>\n<td valign=\"center\" width=\"491\">1. Autom\u0101tiska vad\u012bbas iek\u0101rta<br \/>\n2. Pusvad\u012bt\u0101ju r\u016bpniec\u012bba<br \/>\n3. Visp\u0101r\u0113j\u0101s r\u016bpniec\u012bbas iek\u0101rtas<br \/>\n4. Medic\u012bnas iek\u0101rtas<br \/>\n5. Saules ener\u0123ijas iek\u0101rtas<br \/>\n6. Darbgalds<br \/>\n7. Parko\u0161an\u0101s sist\u0113ma<br \/>\n8. \u0100trgaitas dzelzce\u013ca un avi\u0101cijas transporta apr\u012bkojums utt.<\/td>\n<\/tr>\n<\/tbody>\n<\/table>\n<p>Spir\u0101lveida konusveida zobrati ir iedal\u012bti divos veidos; viens ir spir\u0101lveida <a href=\"https:\/\/fmp-components.com\/lv\/bevel-gear-2\/\">konusveida zobrats<\/a> kura liel\u0101 rite\u0146a ass krustojas ar maz\u0101 rite\u0146a asi; viens ir hipoid\u0101lais spir\u0101lveida konusveida zobrats, kura lielajai rite\u0146a asij un mazajai rite\u0146a asij ir noteikts nob\u012bdes att\u0101lums. Spir\u0101lveida konusveida zobrati tiek pla\u0161i izmantoti automobi\u013cu, avi\u0101cijas, kalnr\u016bpniec\u012bbas un cit\u0101s meh\u0101nisk\u0101s transmisijas jom\u0101s, pateicoties to priek\u0161roc\u012bb\u0101m, piem\u0113ram, lielam p\u0101rkl\u0101\u0161an\u0101s koeficientam, lielai nestsp\u0113jai, augstai transmisijas attiec\u012bbai, stabilai transmisijai un zemam trok\u0161\u0146a l\u012bmenim.<\/p>\n<table style=\"border-collapse: collapse; width: 99.5918%; height: 293px;\" border=\"0\" width=\"163\" cellspacing=\"0\" cellpadding=\"0\">\n<tbody>\n<tr style=\"height: 14.40pt;\">\n<td style=\"height: 14.40pt; width: 49.80pt;\" width=\"83\" height=\"24\"><img loading=\"lazy\" decoding=\"async\" class=\"alignnone size-full wp-image-7024\" src=\"https:\/\/fmp-components.com\/wp-content\/uploads\/2025\/03\/Spiral-Bevel-Gear-1.webp\" alt=\"Spir\u0101lveida konusveida zobrats\" width=\"1000\" height=\"712\" title=\"\" srcset=\"https:\/\/fmp-components.com\/wp-content\/uploads\/2025\/03\/Spiral-Bevel-Gear-1.webp 1000w, https:\/\/fmp-components.com\/wp-content\/uploads\/2025\/03\/Spiral-Bevel-Gear-1-980x698.webp 980w, https:\/\/fmp-components.com\/wp-content\/uploads\/2025\/03\/Spiral-Bevel-Gear-1-480x342.webp 480w\" sizes=\"(min-width: 0px) and (max-width: 480px) 480px, (min-width: 481px) and (max-width: 980px) 980px, (min-width: 981px) 1000px, 100vw\" \/><\/td>\n<td style=\"width: 48.00pt;\" align=\"right\" width=\"80\"><img loading=\"lazy\" decoding=\"async\" class=\"alignnone size-full wp-image-7023\" src=\"https:\/\/fmp-components.com\/wp-content\/uploads\/2025\/03\/Spiral-Bevel-Gear-2.webp\" alt=\"Spir\u0101lveida konusveida zobrats\" width=\"966\" height=\"638\" title=\"\" srcset=\"https:\/\/fmp-components.com\/wp-content\/uploads\/2025\/03\/Spiral-Bevel-Gear-2.webp 966w, https:\/\/fmp-components.com\/wp-content\/uploads\/2025\/03\/Spiral-Bevel-Gear-2-480x317.webp 480w\" sizes=\"(min-width: 0px) and (max-width: 480px) 480px, (min-width: 481px) 966px, 100vw\" \/><\/td>\n<\/tr>\n<\/tbody>\n<\/table>\n<h2>Spir\u0101lveida konusveida zobratu \u012bpa\u0161\u012bbas<\/h2>\n<div>\n<ul>\n<li class=\"break-words\"><strong>Izliekts zobu dizains<\/strong>Spir\u0101lveida konusveida zobratiem ir zobi, kas ir griezti le\u0146\u0137\u012b ar izliektu, spir\u0101lveida rakstu, kas nodro\u0161ina pak\u0101penisku sasl\u0113g\u0161anos un vienm\u0113r\u012bg\u0101ku sazob\u012bbu sal\u012bdzin\u0101jum\u0101 ar taisniem konusveida zobratiem.<\/li>\n<li class=\"break-words\"><strong>Uzlabota slodzes sadale<\/strong>Spir\u0101lveida zobu \u0123eometrija izklied\u0113 kontaktu pa liel\u0101ku virsmas laukumu, uzlabojot nestsp\u0113ju un samazinot nodilumu liela griezes momenta apst\u0101k\u013cos, piem\u0113ram, automobi\u013cu diferenci\u0101\u013cos.<\/li>\n<li class=\"break-words\"><strong>Klusa darb\u012bba<\/strong>Pak\u0101peniska zobu sa\u0137ere un samazin\u0101ts trieciens sazobes laik\u0101 samazina troksni un vibr\u0101ciju, padarot spir\u0101lveida konusveida zobratus ide\u0101li piem\u0113rotus lietojumiem, kuros vienm\u0113r\u012bga un klusa darb\u012bba ir kritiski svar\u012bga.<\/li>\n<li class=\"break-words\"><strong>Le\u0146\u0137isk\u0101 jaudas p\u0101rne\u0161ana<\/strong>\u0160ie zobrati efekt\u012bvi p\u0101rnes jaudu starp krustojo\u0161\u0101m v\u0101rpst\u0101m, parasti 90 gr\u0101du le\u0146\u0137\u012b, nodro\u0161inot kompaktus un daudzpus\u012bgus dizainus t\u0101d\u0101s sist\u0113m\u0101s k\u0101 transportl\u012bdzek\u013cu piedzi\u0146as sist\u0113mas un meh\u0101nismi.<\/li>\n<li class=\"break-words\"><strong>Iztur\u012bba un sp\u0113ks<\/strong>Spir\u0101lveida konusveida zobrati, kas izgatavoti no augstas stipr\u012bbas materi\u0101liem, piem\u0113ram, le\u0123\u0113t\u0101 t\u0113rauda, \u200b\u200bun bie\u017ei vien termiski apstr\u0101d\u0101ti, ir paredz\u0113ti, lai iztur\u0113tu lielas slodzes un ilgsto\u0161u lieto\u0161anu, nodro\u0161inot uzticam\u012bbu sare\u017e\u0123\u012btos apst\u0101k\u013cos.<\/li>\n<\/ul>\n<p><img loading=\"lazy\" decoding=\"async\" class=\"alignnone size-full wp-image-7025\" src=\"https:\/\/fmp-components.com\/wp-content\/uploads\/2025\/03\/Spiral-Bevel-Gear-3.webp\" alt=\"Spir\u0101lveida konusveida zobrats\" width=\"1000\" height=\"668\" title=\"\" srcset=\"https:\/\/fmp-components.com\/wp-content\/uploads\/2025\/03\/Spiral-Bevel-Gear-3.webp 1000w, https:\/\/fmp-components.com\/wp-content\/uploads\/2025\/03\/Spiral-Bevel-Gear-3-980x655.webp 980w, https:\/\/fmp-components.com\/wp-content\/uploads\/2025\/03\/Spiral-Bevel-Gear-3-480x321.webp 480w\" sizes=\"(min-width: 0px) and (max-width: 480px) 480px, (min-width: 481px) and (max-width: 980px) 980px, (min-width: 981px) 1000px, 100vw\" \/><\/p>\n<\/div>\n<h2>Par FMP<\/h2>\n<p>FMP ir vado\u0161ais It\u0101lijas zobratu un zobratu ra\u017eot\u0101js, kas ir paz\u012bstams ar savu pieredzi gan standarta komponentu, gan piel\u0101gotu risin\u0101jumu ra\u017eo\u0161an\u0101. Papildus m\u016bsu standarta deta\u013cu kl\u0101stam FMP specializ\u0113jas standarta un specializ\u0113tu zobratu izgatavo\u0161an\u0101, pamatojoties uz klientu sniegtajiem ras\u0113jumiem vai paraugiem. M\u016bsu zobrati ir pieejami no da\u017e\u0101diem materi\u0101liem, tostarp oglek\u013ca t\u0113rauda, \u200b\u200bner\u016bs\u0113jo\u0161\u0101 t\u0113rauda, \u200b\u200balum\u012bnija, vara, misi\u0146a un plastmasas spir\u0101lveida vai cilindriskas konfigur\u0101cijas. Ja jums ir k\u0101das pras\u012bbas p\u0113c piel\u0101gotiem zobratu izstr\u0101d\u0101jumiem, l\u016bdzu, sazinieties ar mums pa e-pastu. FMP profesion\u0101lo in\u017eenieru komanda atbild\u0113s uz j\u016bsu piepras\u012bjumu 24 stundu laik\u0101.<\/p>\n<p><img loading=\"lazy\" decoding=\"async\" class=\"alignnone size-full wp-image-7010\" src=\"https:\/\/fmp-components.com\/wp-content\/uploads\/2025\/03\/bevel-gear-3.webp\" alt=\"konusveida zobrats\" width=\"1076\" height=\"721\" title=\"\" srcset=\"https:\/\/fmp-components.com\/wp-content\/uploads\/2025\/03\/bevel-gear-3.webp 1076w, https:\/\/fmp-components.com\/wp-content\/uploads\/2025\/03\/bevel-gear-3-980x657.webp 980w, https:\/\/fmp-components.com\/wp-content\/uploads\/2025\/03\/bevel-gear-3-480x322.webp 480w\" sizes=\"(min-width: 0px) and (max-width: 480px) 480px, (min-width: 481px) and (max-width: 980px) 980px, (min-width: 981px) 1076px, 100vw\" \/><\/p>","protected":false},"excerpt":{"rendered":"<p>Specification Model Number M3,M4,M5,M8,M12 and etc. Material Brass, C45 steel, Stainless steel, Copper, POM, Aluminum, Alloy, and so on Surface treatment Zinc-plated, Nickel plated, Passivation, Oxidation, Anodization, Geomet, Dacromet, Black Oxide, Phosphatizing, Powder Coating, and Electrophoresis Standard ISO, DIN, ANSI, JIS, BS, and Non-standard. Precision DIN6,DIN7,DIN8,DIN9. Teeth treatment Hardened, Milled, or Ground Tolerance 0.001mm-0.01mm-0.1mm Finish [&hellip;]<\/p>","protected":false},"featured_media":4342,"comment_status":"open","ping_status":"closed","template":"","meta":{"_et_pb_use_builder":"","_et_pb_old_content":"","_et_gb_content_width":""},"product_brand":[],"product_cat":[106],"product_tag":[],"class_list":{"0":"post-7022","1":"product","2":"type-product","3":"status-publish","4":"has-post-thumbnail","6":"product_cat-bevel-gears","8":"first","9":"instock","10":"shipping-taxable","11":"product-type-simple"},"_links":{"self":[{"href":"https:\/\/fmp-components.com\/lv\/wp-json\/wp\/v2\/product\/7022","targetHints":{"allow":["GET"]}}],"collection":[{"href":"https:\/\/fmp-components.com\/lv\/wp-json\/wp\/v2\/product"}],"about":[{"href":"https:\/\/fmp-components.com\/lv\/wp-json\/wp\/v2\/types\/product"}],"replies":[{"embeddable":true,"href":"https:\/\/fmp-components.com\/lv\/wp-json\/wp\/v2\/comments?post=7022"}],"wp:featuredmedia":[{"embeddable":true,"href":"https:\/\/fmp-components.com\/lv\/wp-json\/wp\/v2\/media\/4342"}],"wp:attachment":[{"href":"https:\/\/fmp-components.com\/lv\/wp-json\/wp\/v2\/media?parent=7022"}],"wp:term":[{"taxonomy":"product_brand","embeddable":true,"href":"https:\/\/fmp-components.com\/lv\/wp-json\/wp\/v2\/product_brand?post=7022"},{"taxonomy":"product_cat","embeddable":true,"href":"https:\/\/fmp-components.com\/lv\/wp-json\/wp\/v2\/product_cat?post=7022"},{"taxonomy":"product_tag","embeddable":true,"href":"https:\/\/fmp-components.com\/lv\/wp-json\/wp\/v2\/product_tag?post=7022"}],"curies":[{"name":"wp","href":"https:\/\/api.w.org\/{rel}","templated":true}]}}