{"id":7020,"date":"2025-03-14T06:42:58","date_gmt":"2025-03-14T06:42:58","guid":{"rendered":"https:\/\/fmp-components.com\/?post_type=product&#038;p=7020"},"modified":"2025-03-27T01:27:19","modified_gmt":"2025-03-27T01:27:19","slug":"industrial-bevel-gears","status":"publish","type":"product","link":"https:\/\/fmp-components.com\/lv\/product\/industrial-bevel-gears\/","title":{"rendered":"Industri\u0101lie konusveida zobrati"},"content":{"rendered":"<p><a href=\"https:\/\/fmp-components.com\/lv\/bevel-gear-2\/\">Konusveida zobrats<\/a> M3-M20 diametrs 1200 mm robe\u017e\u0101s. Izgatavots no 20crmiti\/20crmnmo\/42CrMo reduktoriem\/e\u013c\u013cas ma\u0161\u012bn\u0101m\/celtniec\u012bbas ma\u0161\u012bn\u0101m\/kravas automa\u0161\u012bn\u0101m\/lauksaimniec\u012bbas ma\u0161\u012bn\u0101m.<\/p>\n<h2>Produkta specifik\u0101cija<\/h2>\n<div class=\"table-responsive\">\n<table class=\"table\" style=\"width: 99.8343%; height: 197px;\" border=\"1\">\n<tbody>\n<tr>\n<td style=\"width: 29.443%;\">Pielietojums:<\/td>\n<td style=\"width: 75.199%;\">Ma\u0161\u012bnas, j\u016bras, lauksaimniec\u012bbas tehnika, naftas p\u0101rstr\u0101des ma\u0161\u012bnas<\/td>\n<\/tr>\n<tr>\n<td style=\"width: 29.443%;\">Ciet\u012bba:<\/td>\n<td style=\"width: 75.199%;\">Saciet\u0113jusi zoba virsma<\/td>\n<\/tr>\n<tr>\n<td style=\"width: 29.443%;\">P\u0101rnesuma poz\u012bcija:<\/td>\n<td style=\"width: 75.199%;\">\u0100r\u0113jais p\u0101rnesums<\/td>\n<\/tr>\n<tr>\n<td style=\"width: 29.443%;\">Ra\u017eo\u0161anas metode:<\/td>\n<td style=\"width: 75.199%;\">Sl\u012bp\u0113\u0161anas apr\u012bkojums<\/td>\n<\/tr>\n<tr>\n<td style=\"width: 29.443%;\">Zobainas da\u013cas forma:<\/td>\n<td style=\"width: 75.199%;\">Konusveida ritenis<\/td>\n<\/tr>\n<tr>\n<td style=\"width: 29.443%;\">Materi\u0101ls:<\/td>\n<td style=\"width: 75.199%;\">20crmnti<\/td>\n<\/tr>\n<\/tbody>\n<tbody>\n<tr>\n<td>Zobrata v\u0101rpstas modelis<\/td>\n<td>Piel\u0101gots apr\u012bkojums atbilsto\u0161i klienta paraugam vai z\u012bm\u0113jumam<\/td>\n<\/tr>\n<tr>\n<td>Apstr\u0101des iek\u0101rta<\/td>\n<td>CNC ma\u0161\u012bna<\/td>\n<\/tr>\n<tr>\n<td>Materi\u0101ls<\/td>\n<td>20CrMnTi\/ 20CrMnMo\/ 42CrMo\/ 45#t\u0113rauds\/ 40Cr\/ 20CrNi2MoA<\/td>\n<\/tr>\n<tr>\n<td>Termisk\u0101 apstr\u0101de<\/td>\n<td>Karboniz\u0101cija un r\u016bd\u012b\u0161ana \/ atlaidin\u0101\u0161ana \/ nitrid\u0113\u0161ana \/ karbonitr\u012bd\u0113\u0161ana \/ indukcijas saciet\u0113\u0161ana<\/td>\n<\/tr>\n<tr>\n<td>Ciet\u012bba<\/td>\n<td>58\u201362 HRC<\/td>\n<\/tr>\n<tr>\n<td>Kvalit\u0101tes standarts<\/td>\n<td>GB\/ DIN\/ JIS\/ AGMA<\/td>\n<\/tr>\n<tr>\n<td>Precizit\u0101tes klase<\/td>\n<td>5.\u20138. klase<\/td>\n<\/tr>\n<tr>\n<td>Pieg\u0101de<\/td>\n<td>J\u016bras p\u0101rvad\u0101jumi \/ Gaisa p\u0101rvad\u0101jumi \/ Ekspresp\u0101rvad\u0101jumi<\/td>\n<\/tr>\n<tr>\n<td>Pieg\u0101des laiks<\/td>\n<td>30 dienas<\/td>\n<\/tr>\n<\/tbody>\n<\/table>\n<h2>Par FMP<\/h2>\n<p>FMP ir vado\u0161ais It\u0101lijas zobratu un zobratu ra\u017eot\u0101js, kas ir paz\u012bstams ar savu pieredzi gan standarta komponentu, gan piel\u0101gotu risin\u0101jumu ra\u017eo\u0161an\u0101. Papildus m\u016bsu standarta deta\u013cu kl\u0101stam FMP specializ\u0113jas standarta un specializ\u0113tu zobratu izgatavo\u0161an\u0101, pamatojoties uz klientu sniegtajiem ras\u0113jumiem vai paraugiem. M\u016bsu zobrati ir pieejami no da\u017e\u0101diem materi\u0101liem, tostarp oglek\u013ca t\u0113rauda, \u200b\u200bner\u016bs\u0113jo\u0161\u0101 t\u0113rauda, \u200b\u200balum\u012bnija, vara, misi\u0146a un plastmasas spir\u0101lveida vai cilindriskas konfigur\u0101cijas. Ja jums ir k\u0101das pras\u012bbas p\u0113c piel\u0101gotiem zobratu izstr\u0101d\u0101jumiem, l\u016bdzu, sazinieties ar mums pa e-pastu. FMP profesion\u0101lo in\u017eenieru komanda atbild\u0113s uz j\u016bsu piepras\u012bjumu 24 stundu laik\u0101.<\/p>\n<p><img loading=\"lazy\" decoding=\"async\" class=\"alignnone size-full wp-image-7010\" src=\"https:\/\/fmp-components.com\/wp-content\/uploads\/2025\/03\/bevel-gear-3.webp\" alt=\"konusveida zobrats\" width=\"1076\" height=\"721\" title=\"\" srcset=\"https:\/\/fmp-components.com\/wp-content\/uploads\/2025\/03\/bevel-gear-3.webp 1076w, https:\/\/fmp-components.com\/wp-content\/uploads\/2025\/03\/bevel-gear-3-980x657.webp 980w, https:\/\/fmp-components.com\/wp-content\/uploads\/2025\/03\/bevel-gear-3-480x322.webp 480w\" sizes=\"(min-width: 0px) and (max-width: 480px) 480px, (min-width: 481px) and (max-width: 980px) 980px, (min-width: 981px) 1076px, 100vw\" \/><\/p>\n<\/div>","protected":false},"excerpt":{"rendered":"<p>Bevel Gear M3-M20 Diameter Within 1200mm Made of 20crmiti\/20crmnmo\/42CrMo for Reducer\/ Oil Machine\/ Construction Machinery\/ Truck\/ Agricultural Machinery Product Specification Application: Machinery, Marine, Agricultural Machinery, Oil Machinery Hardness: Hardened Tooth Surface Gear Position: External Gear Manufacturing Method: Grinding Gear Toothed Portion Shape: Bevel Wheel Material: 20crmnti Gear shaft model Customized gear accoding to customers sample [&hellip;]<\/p>","protected":false},"featured_media":4336,"comment_status":"open","ping_status":"closed","template":"","meta":{"_et_pb_use_builder":"","_et_pb_old_content":"","_et_gb_content_width":""},"product_brand":[],"product_cat":[106],"product_tag":[],"class_list":{"0":"post-7020","1":"product","2":"type-product","3":"status-publish","4":"has-post-thumbnail","6":"product_cat-bevel-gears","8":"first","9":"instock","10":"shipping-taxable","11":"product-type-simple"},"_links":{"self":[{"href":"https:\/\/fmp-components.com\/lv\/wp-json\/wp\/v2\/product\/7020","targetHints":{"allow":["GET"]}}],"collection":[{"href":"https:\/\/fmp-components.com\/lv\/wp-json\/wp\/v2\/product"}],"about":[{"href":"https:\/\/fmp-components.com\/lv\/wp-json\/wp\/v2\/types\/product"}],"replies":[{"embeddable":true,"href":"https:\/\/fmp-components.com\/lv\/wp-json\/wp\/v2\/comments?post=7020"}],"wp:featuredmedia":[{"embeddable":true,"href":"https:\/\/fmp-components.com\/lv\/wp-json\/wp\/v2\/media\/4336"}],"wp:attachment":[{"href":"https:\/\/fmp-components.com\/lv\/wp-json\/wp\/v2\/media?parent=7020"}],"wp:term":[{"taxonomy":"product_brand","embeddable":true,"href":"https:\/\/fmp-components.com\/lv\/wp-json\/wp\/v2\/product_brand?post=7020"},{"taxonomy":"product_cat","embeddable":true,"href":"https:\/\/fmp-components.com\/lv\/wp-json\/wp\/v2\/product_cat?post=7020"},{"taxonomy":"product_tag","embeddable":true,"href":"https:\/\/fmp-components.com\/lv\/wp-json\/wp\/v2\/product_tag?post=7020"}],"curies":[{"name":"wp","href":"https:\/\/api.w.org\/{rel}","templated":true}]}}