{"id":7012,"date":"2025-03-14T06:22:07","date_gmt":"2025-03-14T06:22:07","guid":{"rendered":"https:\/\/fmp-components.com\/?post_type=product&#038;p=7012"},"modified":"2025-03-27T01:30:42","modified_gmt":"2025-03-27T01:30:42","slug":"plastic-bevel-gears","status":"publish","type":"product","link":"https:\/\/fmp-components.com\/lv\/product\/plastic-bevel-gears\/","title":{"rendered":"Plastmasas konusveida zobrati"},"content":{"rendered":"<h2>Plastmasas konusveida zobratu apraksts<\/h2>\n<p>Izm\u0113rs: \u03a612<br \/>\nModulis: M0.25<br \/>\nMateri\u0101la tips: plastmasa, POM, neilons\u2026p\u0113c klienta piepras\u012bjuma<br \/>\nProporcijas: 1:1, 2:1, 3:1, 4:1, 5:1<br \/>\nDarba temperat\u016bra: no -40\u00b0C l\u012bdz 80\u00b0C<\/p>\n<table style=\"border-collapse: collapse; width: 102.442%; height: 315px;\" border=\"0\" width=\"163\" cellspacing=\"0\" cellpadding=\"0\">\n<tbody>\n<tr style=\"height: 14.40pt;\">\n<td style=\"height: 14.40pt; width: 49.80pt;\" align=\"right\" width=\"83\" height=\"24\"><img loading=\"lazy\" decoding=\"async\" class=\"alignnone size-full wp-image-7014\" src=\"https:\/\/fmp-components.com\/wp-content\/uploads\/2025\/03\/Plastic-Bevel-Gears-1.webp\" alt=\"Plastmasas konusveida zobrati\" width=\"520\" height=\"360\" title=\"\" srcset=\"https:\/\/fmp-components.com\/wp-content\/uploads\/2025\/03\/Plastic-Bevel-Gears-1.webp 520w, https:\/\/fmp-components.com\/wp-content\/uploads\/2025\/03\/Plastic-Bevel-Gears-1-480x332.webp 480w\" sizes=\"(min-width: 0px) and (max-width: 480px) 480px, (min-width: 481px) 520px, 100vw\" \/><\/td>\n<td style=\"width: 48.00pt;\" align=\"right\" width=\"80\"><img loading=\"lazy\" decoding=\"async\" class=\"alignnone size-full wp-image-7013\" src=\"https:\/\/fmp-components.com\/wp-content\/uploads\/2025\/03\/Plastic-Bevel-Gears.webp\" alt=\"Plastmasas konusveida zobrati\" width=\"520\" height=\"360\" title=\"\" srcset=\"https:\/\/fmp-components.com\/wp-content\/uploads\/2025\/03\/Plastic-Bevel-Gears.webp 520w, https:\/\/fmp-components.com\/wp-content\/uploads\/2025\/03\/Plastic-Bevel-Gears-480x332.webp 480w\" sizes=\"(min-width: 0px) and (max-width: 480px) 480px, (min-width: 481px) 520px, 100vw\" \/><\/td>\n<\/tr>\n<\/tbody>\n<\/table>\n<table style=\"width: 101.183%; height: 1072px;\" border=\"1\" cellspacing=\"0\" cellpadding=\"0\">\n<thead>\n<tr>\n<th rowspan=\"2\">Da\u013cas nr.<br \/>\n(Saite)<\/th>\n<td rowspan=\"2\">Pi\u0137is<br \/>\n(modifik\u0101cija)<\/td>\n<th rowspan=\"2\">N\u0113.<br \/>\nno<br \/>\nZobi<\/th>\n<th colspan=\"9\" align=\"left\">Visi izm\u0113ri mm<\/th>\n<th rowspan=\"2\">Misi\u0146\u0161<br \/>\nIevietot<br \/>\nun<br \/>\nKomplekts<br \/>\nSkr\u016bve<\/th>\n<\/tr>\n<tr>\n<th>\u0100rpus\u0113<br \/>\nDia.<\/th>\n<th>Pi\u0137is<br \/>\nDia.<\/th>\n<th>Urbums<br \/>\nDia.<br \/>\n\"B\"<\/th>\n<td>Kompaktdisks<\/td>\n<td>Centrmezgls<br \/>\ndia 'C'<\/td>\n<td>Boss<br \/>\nGarums 'E'<\/td>\n<td>Zobs<br \/>\nPlatums 'F'<\/td>\n<td>Garums<br \/>\nG<\/td>\n<td>Garums<br \/>\nH<\/td>\n<\/tr>\n<tr>\n<td colspan=\"13\">1:1 attiec\u012bba<\/td>\n<\/tr>\n<\/thead>\n<tbody>\n<tr>\n<td>GB05M016<\/td>\n<td>0.5<\/td>\n<td>16<\/td>\n<td>8.7<\/td>\n<td>8.0<\/td>\n<td>3.0<\/td>\n<td>10.5<\/td>\n<td>7.0<\/td>\n<td>6.0<\/td>\n<td>2.0<\/td>\n<td>8.0<\/td>\n<td>8.0<\/td>\n<td><img decoding=\"async\" src=\"https:\/\/www.motionco.co.uk\/image\/data\/motionco\/no_icon_back.png\" alt=\"N\u0113\" title=\"\"><\/td>\n<\/tr>\n<tr>\n<td><\/td>\n<td><\/td>\n<td><\/td>\n<td><\/td>\n<td><\/td>\n<td><\/td>\n<td><\/td>\n<td><\/td>\n<td><\/td>\n<td><\/td>\n<td><\/td>\n<td><\/td>\n<td><\/td>\n<\/tr>\n<tr>\n<td>GB1M016<\/td>\n<td>1<\/td>\n<td>16<\/td>\n<td>17.6<\/td>\n<td>16<\/td>\n<td>5.0<\/td>\n<td>18.4<\/td>\n<td>12.0<\/td>\n<td>8.0<\/td>\n<td>4.7<\/td>\n<td>13.6<\/td>\n<td>13.6<\/td>\n<td><img decoding=\"async\" src=\"https:\/\/www.motionco.co.uk\/image\/data\/motionco\/no_icon_back.png\" alt=\"N\u0113\" title=\"\"><\/td>\n<\/tr>\n<tr>\n<td><\/td>\n<td><\/td>\n<td><\/td>\n<td><\/td>\n<td><\/td>\n<td><\/td>\n<td><\/td>\n<td><\/td>\n<td><\/td>\n<td><\/td>\n<td><\/td>\n<td><\/td>\n<td><\/td>\n<\/tr>\n<tr>\n<td>GB1M016BS<\/td>\n<td>1<\/td>\n<td>16<\/td>\n<td>17.6<\/td>\n<td>16<\/td>\n<td>5.0<\/td>\n<td>18.4<\/td>\n<td>16.0<\/td>\n<td>8.0<\/td>\n<td>4.7<\/td>\n<td>13.6<\/td>\n<td>13.6<\/td>\n<td><img decoding=\"async\" src=\"https:\/\/www.motionco.co.uk\/image\/data\/motionco\/affirmative.png\" alt=\"J\u0101\" title=\"\"><\/td>\n<\/tr>\n<\/tbody>\n<thead>\n<tr>\n<td colspan=\"13\">2:1 attiec\u012bba<\/td>\n<\/tr>\n<\/thead>\n<tbody>\n<tr>\n<td rowspan=\"2\">GB1M215030<\/td>\n<td rowspan=\"2\">1<\/td>\n<td>15<\/td>\n<td>16.8<\/td>\n<td>15.0<\/td>\n<td>5.0<\/td>\n<td>26.4<\/td>\n<td>12.2<\/td>\n<td>10.6<\/td>\n<td>6.6<\/td>\n<td>17.0<\/td>\n<td>17.0<\/td>\n<td><img decoding=\"async\" src=\"https:\/\/www.motionco.co.uk\/image\/data\/motionco\/no_icon_back.png\" alt=\"N\u0113\" title=\"\"><\/td>\n<\/tr>\n<tr>\n<td>30<\/td>\n<td>31.1<\/td>\n<td>30.0<\/td>\n<td>8.0<\/td>\n<td>20.9<\/td>\n<td>18.0<\/td>\n<td>9.1<\/td>\n<td>6.6<\/td>\n<td>14.8<\/td>\n<td>16.2<\/td>\n<td><img decoding=\"async\" src=\"https:\/\/www.motionco.co.uk\/image\/data\/motionco\/no_icon_back.png\" alt=\"N\u0113\" title=\"\"><\/td>\n<\/tr>\n<tr>\n<td><\/td>\n<td><\/td>\n<td><\/td>\n<td><\/td>\n<td><\/td>\n<td><\/td>\n<td><\/td>\n<td><\/td>\n<td><\/td>\n<td><\/td>\n<td><\/td>\n<td><\/td>\n<td><\/td>\n<\/tr>\n<tr>\n<td rowspan=\"2\">GB1M215030BS<\/td>\n<td rowspan=\"2\">1<\/td>\n<td>15<\/td>\n<td>16.8<\/td>\n<td>15.0<\/td>\n<td>5.0<\/td>\n<td>26.4<\/td>\n<td>16.0<\/td>\n<td>10.6<\/td>\n<td>6.6<\/td>\n<td>17.0<\/td>\n<td>17.0<\/td>\n<td><img decoding=\"async\" src=\"https:\/\/www.motionco.co.uk\/image\/data\/motionco\/affirmative.png\" alt=\"J\u0101\" title=\"\"><\/td>\n<\/tr>\n<tr>\n<td>30<\/td>\n<td>31.1<\/td>\n<td>30.0<\/td>\n<td>4.0<\/td>\n<td>20.9<\/td>\n<td>18.0<\/td>\n<td>9.1<\/td>\n<td>6.6<\/td>\n<td>14.8<\/td>\n<td>16.2<\/td>\n<td><img decoding=\"async\" src=\"https:\/\/www.motionco.co.uk\/image\/data\/motionco\/affirmative.png\" alt=\"J\u0101\" title=\"\"><\/td>\n<\/tr>\n<\/tbody>\n<thead>\n<tr>\n<td colspan=\"13\">3:1 attiec\u012bba<\/td>\n<\/tr>\n<\/thead>\n<tbody>\n<tr>\n<td rowspan=\"2\">GB1M315045<\/td>\n<td rowspan=\"2\">1<\/td>\n<td>15<\/td>\n<td>16.6<\/td>\n<td>15.0<\/td>\n<td>5.0<\/td>\n<td>34.3<\/td>\n<td>12.3<\/td>\n<td>11.0<\/td>\n<td>9.2<\/td>\n<td><\/td>\n<td>20.4<\/td>\n<td><img decoding=\"async\" src=\"https:\/\/www.motionco.co.uk\/image\/data\/motionco\/no_icon_back.png\" alt=\"N\u0113\" title=\"\"><\/td>\n<\/tr>\n<tr>\n<td>45<\/td>\n<td>46.1<\/td>\n<td>45.0<\/td>\n<td>10.0<\/td>\n<td>22.7<\/td>\n<td>23.4<\/td>\n<td>9.6<\/td>\n<td>9.2<\/td>\n<td>16.5<\/td>\n<td>18.2<\/td>\n<td><img decoding=\"async\" src=\"https:\/\/www.motionco.co.uk\/image\/data\/motionco\/no_icon_back.png\" alt=\"N\u0113\" title=\"\"><\/td>\n<\/tr>\n<tr>\n<td><\/td>\n<td><\/td>\n<td><\/td>\n<td><\/td>\n<td><\/td>\n<td><\/td>\n<td><\/td>\n<td><\/td>\n<td><\/td>\n<td><\/td>\n<td><\/td>\n<td><\/td>\n<td><\/td>\n<\/tr>\n<tr>\n<td rowspan=\"2\">GB1M315045BS<\/td>\n<td rowspan=\"2\">1<\/td>\n<td>15<\/td>\n<td>16.6<\/td>\n<td>15.0<\/td>\n<td>5.0<\/td>\n<td>34.3<\/td>\n<td>16.0<\/td>\n<td>11.0<\/td>\n<td>9.2<\/td>\n<td><\/td>\n<td>20.4<\/td>\n<td><img decoding=\"async\" src=\"https:\/\/www.motionco.co.uk\/image\/data\/motionco\/affirmative.png\" alt=\"J\u0101\" title=\"\"><\/td>\n<\/tr>\n<tr>\n<td>45<\/td>\n<td>46.1<\/td>\n<td>45.0<\/td>\n<td>6.0<\/td>\n<td>22.7<\/td>\n<td>23.4<\/td>\n<td>9.6<\/td>\n<td>9.2<\/td>\n<td>16.5<\/td>\n<td>18.2<\/td>\n<td><img decoding=\"async\" src=\"https:\/\/www.motionco.co.uk\/image\/data\/motionco\/affirmative.png\" alt=\"J\u0101\" title=\"\"><\/td>\n<\/tr>\n<\/tbody>\n<thead>\n<tr>\n<td colspan=\"13\">4:1 attiec\u012bba<\/td>\n<\/tr>\n<\/thead>\n<tbody>\n<tr>\n<td rowspan=\"2\">GB1M410040<\/td>\n<td rowspan=\"2\">1<\/td>\n<td>10<\/td>\n<td>12.0<\/td>\n<td>10.0<\/td>\n<td>4.0<\/td>\n<td>30.1<\/td>\n<td>7.8<\/td>\n<td>9.3<\/td>\n<td>8.2<\/td>\n<td><\/td>\n<td>17.7<\/td>\n<td><img decoding=\"async\" src=\"https:\/\/www.motionco.co.uk\/image\/data\/motionco\/no_icon_back.png\" alt=\"N\u0113\" title=\"\"><\/td>\n<\/tr>\n<tr>\n<td>40<\/td>\n<td>40.8<\/td>\n<td>40.0<\/td>\n<td>10.0<\/td>\n<td>20.1<\/td>\n<td>23.4<\/td>\n<td>10.8<\/td>\n<td>8.2<\/td>\n<td>15.7<\/td>\n<td>17.0<\/td>\n<td><img decoding=\"async\" src=\"https:\/\/www.motionco.co.uk\/image\/data\/motionco\/no_icon_back.png\" alt=\"N\u0113\" title=\"\"><\/td>\n<\/tr>\n<tr>\n<td><\/td>\n<td><\/td>\n<td><\/td>\n<td><\/td>\n<td><\/td>\n<td><\/td>\n<td><\/td>\n<td><\/td>\n<td><\/td>\n<td><\/td>\n<td><\/td>\n<td><\/td>\n<td><\/td>\n<\/tr>\n<tr>\n<td rowspan=\"2\">GB1M410040BS<\/td>\n<td rowspan=\"2\">1<\/td>\n<td>10<\/td>\n<td>12.0<\/td>\n<td>10.0<\/td>\n<td>4.0<\/td>\n<td>30.1<\/td>\n<td>12.7<\/td>\n<td>9.3<\/td>\n<td>8.2<\/td>\n<td><\/td>\n<td>17.7<\/td>\n<td><img decoding=\"async\" src=\"https:\/\/www.motionco.co.uk\/image\/data\/motionco\/affirmative.png\" alt=\"J\u0101\" title=\"\"><\/td>\n<\/tr>\n<tr>\n<td>40<\/td>\n<td>40.8<\/td>\n<td>40.0<\/td>\n<td>6.0<\/td>\n<td>20.1<\/td>\n<td>23.4<\/td>\n<td>10.8<\/td>\n<td>8.2<\/td>\n<td>15.7<\/td>\n<td>17.0<\/td>\n<td><img decoding=\"async\" src=\"https:\/\/www.motionco.co.uk\/image\/data\/motionco\/affirmative.png\" alt=\"J\u0101\" title=\"\"><\/td>\n<\/tr>\n<\/tbody>\n<thead>\n<tr>\n<td colspan=\"13\">5:1 attiec\u012bba<\/td>\n<\/tr>\n<\/thead>\n<tbody>\n<tr>\n<td rowspan=\"2\">GB1M512060<\/td>\n<td rowspan=\"2\">1<\/td>\n<td>12<\/td>\n<td>13.7<\/td>\n<td>12.0<\/td>\n<td>4.0<\/td>\n<td>40.5<\/td>\n<td>9.5<\/td>\n<td>10.0<\/td>\n<td>9.5<\/td>\n<td><\/td>\n<td>20.3<\/td>\n<td><img decoding=\"async\" src=\"https:\/\/www.motionco.co.uk\/image\/data\/motionco\/no_icon_back.png\" alt=\"N\u0113\" title=\"\"><\/td>\n<\/tr>\n<tr>\n<td>60<\/td>\n<td>60.4<\/td>\n<td>60<\/td>\n<td>10.0<\/td>\n<td>21.0<\/td>\n<td>20.5<\/td>\n<td>11.0<\/td>\n<td>9.5<\/td>\n<td>15.5<\/td>\n<td>17.4<\/td>\n<td><img decoding=\"async\" src=\"https:\/\/www.motionco.co.uk\/image\/data\/motionco\/no_icon_back.png\" alt=\"N\u0113\" title=\"\"><\/td>\n<\/tr>\n<tr>\n<td><\/td>\n<td><\/td>\n<td><\/td>\n<td><\/td>\n<td><\/td>\n<td><\/td>\n<td><\/td>\n<td><\/td>\n<td><\/td>\n<td><\/td>\n<td><\/td>\n<td><\/td>\n<td><\/td>\n<\/tr>\n<tr>\n<td rowspan=\"2\">GB1M512060BS<\/td>\n<td rowspan=\"2\">1<\/td>\n<td>12<\/td>\n<td>13.7<\/td>\n<td>12.0<\/td>\n<td>4.0<\/td>\n<td>40.5<\/td>\n<td>14.3<\/td>\n<td>10.0<\/td>\n<td>9.5<\/td>\n<td><\/td>\n<td>20.3<\/td>\n<td><img decoding=\"async\" src=\"https:\/\/www.motionco.co.uk\/image\/data\/motionco\/affirmative.png\" alt=\"J\u0101\" title=\"\"><\/td>\n<\/tr>\n<tr>\n<td>60<\/td>\n<td>60.4<\/td>\n<td>60<\/td>\n<td>6.0<\/td>\n<td>21.0<\/td>\n<td>20.5<\/td>\n<td>11.0<\/td>\n<td>9.5<\/td>\n<td>15.5<\/td>\n<td>17.4<\/td>\n<td><img decoding=\"async\" src=\"https:\/\/www.motionco.co.uk\/image\/data\/motionco\/affirmative.png\" alt=\"J\u0101\" title=\"\"><\/td>\n<\/tr>\n<tr>\n<td><\/td>\n<td><\/td>\n<td><\/td>\n<td><\/td>\n<td><\/td>\n<td><\/td>\n<td><\/td>\n<td><\/td>\n<td><\/td>\n<td><\/td>\n<td><\/td>\n<td><\/td>\n<td><\/td>\n<\/tr>\n<tr>\n<td>GB1M512*<\/td>\n<td>1<\/td>\n<td>12<\/td>\n<td>13.7<\/td>\n<td>12.0<\/td>\n<td>4.0<\/td>\n<td>40.5<\/td>\n<td>9.5<\/td>\n<td>10.0<\/td>\n<td>9.5<\/td>\n<td><\/td>\n<td>20.3<\/td>\n<td><img decoding=\"async\" src=\"https:\/\/www.motionco.co.uk\/image\/data\/motionco\/no_icon_back.png\" alt=\"N\u0113\" title=\"\"><\/td>\n<\/tr>\n<tr>\n<td>GB1M512BS*<\/td>\n<td>1<\/td>\n<td>12<\/td>\n<td>13.7<\/td>\n<td>12.0<\/td>\n<td>4.0<\/td>\n<td>40.5<\/td>\n<td>14.3<\/td>\n<td>10.0<\/td>\n<td>9.5<\/td>\n<td><\/td>\n<td>20.3<\/td>\n<td><img decoding=\"async\" src=\"https:\/\/www.motionco.co.uk\/image\/data\/motionco\/affirmative.png\" alt=\"J\u0101\" title=\"\"><\/td>\n<\/tr>\n<\/tbody>\n<thead>\n<tr>\n<td colspan=\"13\">*Piez\u012bme: \u0160ie zobrati ir piem\u0113roti tikai 60 zobu konusveida zobratiem. To \u0123eometrija nav sader\u012bga ar citiem zobratiem.<\/td>\n<\/tr>\n<\/thead>\n<\/table>\n<h2>Plastmasas konusveida zobratu specifik\u0101cija<\/h2>\n<div class=\"table-responsive\">\n<table class=\"table\" style=\"width: 102.218%; height: 370px;\" border=\"1\" cellspacing=\"0\" cellpadding=\"0\">\n<tbody>\n<tr>\n<td style=\"width: 99.7543%;\" colspan=\"2\">Plastmasas konusveida zobrats<\/td>\n<\/tr>\n<tr>\n<td style=\"width: 21.7445%;\">Izm\u0113rs<\/td>\n<td style=\"width: 78.0098%;\">\u03a63mm - \u03a6120mm<\/td>\n<\/tr>\n<tr>\n<td style=\"width: 21.7445%;\">Modulis<\/td>\n<td style=\"width: 78.0098%;\">M0.15, M0.2, M0.25\u2013M0.8, M0.8<br \/>\nM1.5<\/td>\n<\/tr>\n<tr>\n<td style=\"width: 21.7445%;\">Materi\u0101la veids<\/td>\n<td style=\"width: 78.0098%;\">POM, PA, PPA, PBT PEEK p\u0113c pas\u016bt\u012bjuma<\/td>\n<\/tr>\n<tr>\n<td style=\"width: 21.7445%;\">T\u012bkla klase<\/td>\n<td style=\"width: 78.0098%;\">GB 6, ISO 6, JGMA 1, JIS 6, AGMA 13, DIN 6, DIN5<\/td>\n<\/tr>\n<tr>\n<td style=\"width: 21.7445%;\">Pieteikums<\/td>\n<td style=\"width: 78.0098%;\">Medic\u012bnas, r\u016bpniec\u012bbas, automobi\u013cu, milit\u0101r\u0101, lidma\u0161\u012bnu, meh\u0101nisk\u0101, auto<\/td>\n<\/tr>\n<tr>\n<td style=\"width: 21.7445%;\">Piel\u0101gots<\/td>\n<td style=\"width: 78.0098%;\">ODM\/OEM<\/td>\n<\/tr>\n<tr>\n<td style=\"width: 21.7445%;\">Paraugs<\/td>\n<td style=\"width: 78.0098%;\">Paraugs pieejams<\/td>\n<\/tr>\n<tr>\n<td style=\"width: 21.7445%;\">Iepako\u0161anas veidi<\/td>\n<td style=\"width: 78.0098%;\">Vakuuma iepakojums ar plastmasas papl\u0101ti<\/td>\n<\/tr>\n<tr>\n<td style=\"width: 21.7445%;\">Pieg\u0101des veidi<\/td>\n<td style=\"width: 78.0098%;\">DHL un TNT un FedEx un UPS<\/td>\n<\/tr>\n<tr>\n<td style=\"width: 21.7445%;\">Sertifik\u0101ts<\/td>\n<td style=\"width: 78.0098%;\">ISO 9001:2008\/TS16949<\/td>\n<\/tr>\n<\/tbody>\n<\/table>\n<h2>Plastmasas konusveida zobratu \u012bpa\u0161\u012bbas<\/h2>\n<\/div>\n<div>\n<ul>\n<li class=\"break-words\"><strong>Viegla konstrukcija<\/strong>Plastmasa <a href=\"https:\/\/fmp-components.com\/lv\/bevel-gear-2\/\">konusveida zobrati<\/a> ir iev\u0113rojami viegl\u0101ki nek\u0101 met\u0101la analogi, pateicoties t\u0101du materi\u0101lu k\u0101 neilona, \u200b\u200bacet\u0101la vai polikarbon\u0101ta izmanto\u0161anai. Tas samazina iek\u0101rtu kop\u0113jo svaru un uzlabo efektivit\u0101ti lietojumos, kur svaram ir noz\u012bme.<\/li>\n<li class=\"break-words\"><strong>Korozijas iztur\u012bba<\/strong>At\u0161\u0137ir\u012bb\u0101 no met\u0101la zobratiem, plastmasas konusveida zobrati ir \u013coti iztur\u012bgi pret koroziju un r\u016bsu, t\u0101p\u0113c tie ir ide\u0101li piem\u0113roti lieto\u0161anai mitr\u0101, slapj\u0101 vai \u0137\u012bmiski agres\u012bv\u0101 vid\u0113, neprasot papildu aizsargp\u0101rkl\u0101jumus.<\/li>\n<li class=\"break-words\"><strong>Zema trok\u0161\u0146a darb\u012bba<\/strong>Plastmasas materi\u0101lu rakstur\u012bg\u0101s sl\u0101p\u0113\u0161anas \u012bpa\u0161\u012bbas nodro\u0161ina klus\u0101ku darb\u012bbu sal\u012bdzin\u0101jum\u0101 ar met\u0101la zobratiem. Tas padara tos piem\u0113rotus lietojumiem, kuros trok\u0161\u0146u samazin\u0101\u0161ana ir priorit\u0101te, piem\u0113ram, sadz\u012bves tehnik\u0101 vai biroja iek\u0101rt\u0101s.<\/li>\n<li class=\"break-words\"><strong>Izmaksu zi\u0146\u0101 efekt\u012bva ra\u017eo\u0161ana<\/strong>Plastmasas konusveida zobratus var ra\u017eot masveid\u0101, izmantojot iesmidzin\u0101\u0161anas form\u0113\u0161anu vai citus ekonomiskus ra\u017eo\u0161anas procesus, kas samazina ra\u017eo\u0161anas izmaksas un padara tos par pieejamu izv\u0113li daudz\u0101m nozar\u0113m.<\/li>\n<li class=\"break-words\"><strong>Pa\u0161e\u013c\u013cojo\u0161as \u012bpa\u0161\u012bbas<\/strong>Daudziem konusveida zobratos izmantotajiem plastmasas materi\u0101liem, piem\u0113ram, neilonam vai PTFE pies\u016bcin\u0101tai plastmasai, piem\u012bt dabiska e\u013c\u013co\u0161anas sp\u0113ja, kas samazina nepiecie\u0161am\u012bbu p\u0113c \u0101r\u0113jas e\u013c\u013co\u0161anas un samazina meh\u0101nisko sist\u0113mu apkopes pras\u012bbas.<\/li>\n<\/ul>\n<div>\n<h3>Plastmasas konusveida zobratu pielietojums<\/h3>\n<p class=\"break-words\">Plastmasas koniskie zobrati, lai ar\u012b maz\u0101k iztur\u012bgi nek\u0101 t\u0113rauda zobrati, ir nodilumiztur\u012bgi un darbojas klusi. Tie ir ide\u0101li piem\u0113roti:<\/p>\n<ol class=\"marker:text-secondary\">\n<li class=\"break-words\"><strong>Biroja automatiz\u0101cijas iek\u0101rtas<\/strong>Izmanto printeros un kop\u0113t\u0101jos vienm\u0113r\u012bg\u0101m, klus\u0101m piedzi\u0146as sist\u0113m\u0101m.<\/li>\n<li class=\"break-words\"><strong>Elektronisko pre\u010du iekr\u0101v\u0113ji<\/strong>Atrodams DVD atska\u0146ot\u0101jos un maz\u0101s ier\u012bc\u0113s, lai nodro\u0161in\u0101tu uzticamu, vieglu kust\u012bbu.<\/li>\n<li class=\"break-words\"><strong>Rota\u013clietas<\/strong>Bie\u017ei sastopams rota\u013cu automa\u0161\u012bn\u0101s un robotos, l\u012bdzsvarojot izmaksas, iztur\u012bbu un zemu trok\u0161\u0146a l\u012bmeni.<\/li>\n<\/ol>\n<p class=\"break-words\">To stipr\u0101s puses ir piem\u0113rotas viegl\u0101kiem lietojumiem, kur efektivit\u0101te atsver nepiecie\u0161am\u012bbu p\u0113c augstas iztur\u012bbas.<\/p>\n<table style=\"border-collapse: collapse; width: 102.488%; height: 329px;\" border=\"0\" width=\"163\" cellspacing=\"0\" cellpadding=\"0\">\n<tbody>\n<tr style=\"height: 14.40pt;\">\n<td style=\"height: 14.4pt; width: 49.8775%;\" width=\"83\" height=\"24\"><img loading=\"lazy\" decoding=\"async\" class=\"wp-image-7018 aligncenter\" src=\"https:\/\/fmp-components.com\/wp-content\/uploads\/2025\/03\/Plastic-Bevel-Gears-Applications-1.webp\" alt=\"Plastmasas konusveida zobratu pielietojumi\" width=\"413\" height=\"295\" title=\"\"><\/td>\n<td style=\"width: 50%;\" align=\"right\" width=\"80\"><img loading=\"lazy\" decoding=\"async\" class=\"wp-image-7017 aligncenter\" src=\"https:\/\/fmp-components.com\/wp-content\/uploads\/2025\/03\/Plastic-Bevel-Gears-Applications.webp\" alt=\"Plastmasas konusveida zobratu pielietojumi\" width=\"405\" height=\"289\" title=\"\"><\/td>\n<\/tr>\n<\/tbody>\n<\/table>\n<h3>Plastmasas konusveida zobratu pieg\u0101d\u0101t\u0101js<\/h3>\n<p>FMP pied\u0101v\u0101 visus nepiecie\u0161amos plastmasas zobratus. M\u0113s pied\u0101v\u0101jam prec\u012bzus plastmasas cilindriskos zobratus, plastmasas zobratus, plastmasas spir\u0101lveida un konusveida zobratus, plastmasas t\u0101rpu un t\u0101rpu zobratus, plastmasas konusveida zobratus, plastmasas zobratus, plastmasas zobratus un plastmasas zobratus.<\/p>\n<p>Zvaniet, lai sa\u0146emtu pal\u012bdz\u012bbu pareiz\u0101 p\u0101rnesuma vai standarta kataloga preces vai piel\u0101gota dizaina modifik\u0101cijas atra\u0161an\u0101; m\u016bsu in\u017eenieri nodro\u0161in\u0101s lab\u0101ko risin\u0101jumu j\u016bsu pielietojumam.<\/p>\n<p><img loading=\"lazy\" decoding=\"async\" class=\"alignnone size-full wp-image-7019\" src=\"https:\/\/fmp-components.com\/wp-content\/uploads\/2025\/03\/Plastic-Bevel-Gears-Supplier1.webp\" alt=\"Plastmasas konusveida zobratu pieg\u0101d\u0101t\u0101js\" width=\"1200\" height=\"1000\" title=\"\" srcset=\"https:\/\/fmp-components.com\/wp-content\/uploads\/2025\/03\/Plastic-Bevel-Gears-Supplier1.webp 1200w, https:\/\/fmp-components.com\/wp-content\/uploads\/2025\/03\/Plastic-Bevel-Gears-Supplier1-980x817.webp 980w, https:\/\/fmp-components.com\/wp-content\/uploads\/2025\/03\/Plastic-Bevel-Gears-Supplier1-480x400.webp 480w\" sizes=\"(min-width: 0px) and (max-width: 480px) 480px, (min-width: 481px) and (max-width: 980px) 980px, (min-width: 981px) 1200px, 100vw\" \/><\/p>\n<\/div>\n<\/div>\n<div class=\"table-responsive\">\n<h2>Par FMP<\/h2>\n<p>FMP ir vado\u0161ais It\u0101lijas zobratu un zobratu ra\u017eot\u0101js, kas ir paz\u012bstams ar savu pieredzi gan standarta komponentu, gan piel\u0101gotu risin\u0101jumu ra\u017eo\u0161an\u0101. Papildus m\u016bsu standarta deta\u013cu kl\u0101stam FMP specializ\u0113jas standarta un specializ\u0113tu zobratu izgatavo\u0161an\u0101, pamatojoties uz klientu sniegtajiem ras\u0113jumiem vai paraugiem. M\u016bsu zobrati ir pieejami no da\u017e\u0101diem materi\u0101liem, tostarp oglek\u013ca t\u0113rauda, \u200b\u200bner\u016bs\u0113jo\u0161\u0101 t\u0113rauda, \u200b\u200balum\u012bnija, vara, misi\u0146a un plastmasas spir\u0101lveida vai cilindriskas konfigur\u0101cijas. Ja jums ir k\u0101das pras\u012bbas p\u0113c piel\u0101gotiem zobratu izstr\u0101d\u0101jumiem, l\u016bdzu, sazinieties ar mums pa e-pastu. FMP profesion\u0101lo in\u017eenieru komanda atbild\u0113s uz j\u016bsu piepras\u012bjumu 24 stundu laik\u0101.<\/p>\n<p><img loading=\"lazy\" decoding=\"async\" class=\"alignnone size-full wp-image-7010\" src=\"https:\/\/fmp-components.com\/wp-content\/uploads\/2025\/03\/bevel-gear-3.webp\" alt=\"konusveida zobrats\" width=\"1076\" height=\"721\" title=\"\" srcset=\"https:\/\/fmp-components.com\/wp-content\/uploads\/2025\/03\/bevel-gear-3.webp 1076w, https:\/\/fmp-components.com\/wp-content\/uploads\/2025\/03\/bevel-gear-3-980x657.webp 980w, https:\/\/fmp-components.com\/wp-content\/uploads\/2025\/03\/bevel-gear-3-480x322.webp 480w\" sizes=\"(min-width: 0px) and (max-width: 480px) 480px, (min-width: 481px) and (max-width: 980px) 980px, (min-width: 981px) 1076px, 100vw\" \/><\/p>\n<\/div>","protected":false},"excerpt":{"rendered":"<p>Plastic Bevel Gears Description Dimension:\u03a612 Module: M0.25 Material Type: Plastic, POM, Nylon\u2026as the customer required Ratios: 1:1, 2:1, 3:1, 4:1, 5:1 Operating temperature: -40\u00b0C to 80\u00b0C Part no (Link) Pitch (mod) No. of Teeth All dimensions in mm Brass Insert and Set Screw Outside Dia. Pitch Dia. Bore Dia. &#8220;B&#8221; &#8216;CD&#8217; Hub dia &#8216;C&#8217; Boss [&hellip;]<\/p>","protected":false},"featured_media":4659,"comment_status":"open","ping_status":"closed","template":"","meta":{"_et_pb_use_builder":"","_et_pb_old_content":"","_et_gb_content_width":""},"product_brand":[],"product_cat":[106],"product_tag":[],"class_list":{"0":"post-7012","1":"product","2":"type-product","3":"status-publish","4":"has-post-thumbnail","6":"product_cat-bevel-gears","8":"first","9":"instock","10":"shipping-taxable","11":"product-type-simple"},"_links":{"self":[{"href":"https:\/\/fmp-components.com\/lv\/wp-json\/wp\/v2\/product\/7012","targetHints":{"allow":["GET"]}}],"collection":[{"href":"https:\/\/fmp-components.com\/lv\/wp-json\/wp\/v2\/product"}],"about":[{"href":"https:\/\/fmp-components.com\/lv\/wp-json\/wp\/v2\/types\/product"}],"replies":[{"embeddable":true,"href":"https:\/\/fmp-components.com\/lv\/wp-json\/wp\/v2\/comments?post=7012"}],"wp:featuredmedia":[{"embeddable":true,"href":"https:\/\/fmp-components.com\/lv\/wp-json\/wp\/v2\/media\/4659"}],"wp:attachment":[{"href":"https:\/\/fmp-components.com\/lv\/wp-json\/wp\/v2\/media?parent=7012"}],"wp:term":[{"taxonomy":"product_brand","embeddable":true,"href":"https:\/\/fmp-components.com\/lv\/wp-json\/wp\/v2\/product_brand?post=7012"},{"taxonomy":"product_cat","embeddable":true,"href":"https:\/\/fmp-components.com\/lv\/wp-json\/wp\/v2\/product_cat?post=7012"},{"taxonomy":"product_tag","embeddable":true,"href":"https:\/\/fmp-components.com\/lv\/wp-json\/wp\/v2\/product_tag?post=7012"}],"curies":[{"name":"wp","href":"https:\/\/api.w.org\/{rel}","templated":true}]}}