{"id":7011,"date":"2025-03-14T06:16:24","date_gmt":"2025-03-14T06:16:24","guid":{"rendered":"https:\/\/fmp-components.com\/?post_type=product&#038;p=7011"},"modified":"2025-03-27T01:30:59","modified_gmt":"2025-03-27T01:30:59","slug":"metal-bevel-gear","status":"publish","type":"product","link":"https:\/\/fmp-components.com\/lv\/product\/metal-bevel-gear\/","title":{"rendered":"Met\u0101la konusveida zobrats"},"content":{"rendered":"<p>Izm\u0113ri: \u03a63mm - \u03a6120mm<br \/>\nModulis: M1.5<br \/>\nMateri\u0101la veids: met\u0101ls p\u0113c klienta piepras\u012bjuma<\/p>\n<h2>Produkta specifik\u0101cija<\/h2>\n<div class=\"table-responsive\">\n<table class=\"table\" style=\"width: 100%; height: 367px;\" border=\"1\">\n<tbody>\n<tr>\n<td colspan=\"2\">Met\u0101la konusveida zobrats<\/td>\n<\/tr>\n<tr>\n<td>Izm\u0113rs<\/td>\n<td>\u03a68mm<\/td>\n<\/tr>\n<tr>\n<td>Modulis<\/td>\n<td>M0,15\u2013M2,0<\/td>\n<\/tr>\n<tr>\n<td>Materi\u0101la veids<\/td>\n<td>Met\u0101ls, bronza, t\u0113rauds, sakaus\u0113jums, POM, cinks, alum\u012bnijs, dzelzs, ner\u016bs\u0113jo\u0161ais t\u0113rauds, misi\u0146\u0161, var\u0161<\/td>\n<\/tr>\n<tr>\n<td>T\u012bkla klase<\/td>\n<td>JGMA\u00a01, JIS\u00a06, AGMA\u00a013, DIN\u00a06, Din5, AGMA12<\/td>\n<\/tr>\n<tr>\n<td>Pieteikums<\/td>\n<td>Automobi\u013cu, milit\u0101r\u0101, lidma\u0161\u012bnu, meh\u0101nisk\u0101, r\u016bpniec\u012bbas, medic\u012bnas<\/td>\n<\/tr>\n<tr>\n<td>Piel\u0101gots<\/td>\n<td>ODM\/OEM<\/td>\n<\/tr>\n<tr>\n<td>Paraugs<\/td>\n<td>Paraugs pieejams<\/td>\n<\/tr>\n<tr>\n<td>Iepako\u0161anas veidi<\/td>\n<td>Vakuuma iepakojums ar plastmasas papl\u0101ti<\/td>\n<\/tr>\n<tr>\n<td>Pieg\u0101des veidi<\/td>\n<td>DHL un UPS<\/td>\n<\/tr>\n<tr>\n<td>Sertifik\u0101ts<\/td>\n<td>ISO 9001:2008\/TS16949<\/td>\n<\/tr>\n<\/tbody>\n<\/table>\n<\/div>\n<h2>Met\u0101la konusveida zobratu \u012bpa\u0161\u012bbas<\/h2>\n<p>Koniska forma ar le\u0146\u0137iskiem zobiem: met\u0101ls <a href=\"https:\/\/fmp-components.com\/lv\/bevel-gear-2\/\">konusveida zobrati<\/a> ir koniska, koniska strukt\u016bra ar le\u0146\u0137\u012b sagrieztiem zobiem, kas \u013cauj tiem p\u0101rvad\u012bt jaudu starp krustojo\u0161\u0101m v\u0101rpst\u0101m, bie\u017ei vien 90 gr\u0101du le\u0146\u0137\u012b.<br \/>\nAugsta iztur\u012bba un ilgm\u016b\u017e\u012bba: Izgatavoti no iztur\u012bgiem met\u0101liem, piem\u0113ram, t\u0113rauda, \u200b\u200balum\u012bnija vai misi\u0146a, tie ir paredz\u0113ti, lai laika gait\u0101 iztur\u0113tu iev\u0113rojamu meh\u0101nisku spriegumu, nodilumu un lielas slodzes.<br \/>\nPrec\u012bza in\u017eenierija: Tie ir ra\u017eoti ar prec\u012bz\u0101m pielaid\u0113m, lai nodro\u0161in\u0101tu vienm\u0113r\u012bgu sazob\u0161anu, efekt\u012bvu jaudas p\u0101rnesi un minim\u0101lu br\u012bvkust\u012bbu, padarot tos piem\u0113rotus augstas veiktsp\u0113jas lietojumprogramm\u0101m.<br \/>\nIztur\u012bba pret koroziju: atkar\u012bb\u0101 no izmantot\u0101 met\u0101la (piem\u0113ram, ner\u016bs\u0113jo\u0161\u0101 t\u0113rauda vai p\u0101rkl\u0101tiem sakaus\u0113jumiem) tiem bie\u017ei ir iztur\u012bba pret r\u016bsu un vides degrad\u0101ciju, t\u0101d\u0113j\u0101di uzlabojot ilgm\u016b\u017e\u012bbu skarbos apst\u0101k\u013cos.<br \/>\nPiel\u0101gojami zobu profili: pieejami da\u017e\u0101dos zobu dizainos \u2014 piem\u0113ram, taisni, spir\u0101lveida vai ar nulles l\u012bniju \u2014, kas nodro\u0161ina daudzpus\u012bbu trok\u0161\u0146a samazin\u0101\u0161anai, slodzes sadal\u012bjuma uzlabo\u0161anai un specifisku ekspluat\u0101cijas vajadz\u012bbu apmierin\u0101\u0161anai.<\/p>\n<div class=\"table-responsive\">\n<h2>Par FMP<\/h2>\n<p>FMP ir vado\u0161ais It\u0101lijas zobratu un zobratu ra\u017eot\u0101js, kas ir paz\u012bstams ar savu pieredzi gan standarta komponentu, gan piel\u0101gotu risin\u0101jumu ra\u017eo\u0161an\u0101. Papildus m\u016bsu standarta deta\u013cu kl\u0101stam FMP specializ\u0113jas standarta un specializ\u0113tu zobratu izgatavo\u0161an\u0101, pamatojoties uz klientu sniegtajiem ras\u0113jumiem vai paraugiem. M\u016bsu zobrati ir pieejami no da\u017e\u0101diem materi\u0101liem, tostarp oglek\u013ca t\u0113rauda, \u200b\u200bner\u016bs\u0113jo\u0161\u0101 t\u0113rauda, \u200b\u200balum\u012bnija, vara, misi\u0146a un plastmasas spir\u0101lveida vai cilindriskas konfigur\u0101cijas. Ja jums ir k\u0101das pras\u012bbas p\u0113c piel\u0101gotiem zobratu izstr\u0101d\u0101jumiem, l\u016bdzu, sazinieties ar mums pa e-pastu. FMP profesion\u0101lo in\u017eenieru komanda atbild\u0113s uz j\u016bsu piepras\u012bjumu 24 stundu laik\u0101.<\/p>\n<p><img loading=\"lazy\" decoding=\"async\" class=\"alignnone size-full wp-image-7010\" src=\"https:\/\/fmp-components.com\/wp-content\/uploads\/2025\/03\/bevel-gear-3.webp\" alt=\"konusveida zobrats\" width=\"1076\" height=\"721\" title=\"\" srcset=\"https:\/\/fmp-components.com\/wp-content\/uploads\/2025\/03\/bevel-gear-3.webp 1076w, https:\/\/fmp-components.com\/wp-content\/uploads\/2025\/03\/bevel-gear-3-980x657.webp 980w, https:\/\/fmp-components.com\/wp-content\/uploads\/2025\/03\/bevel-gear-3-480x322.webp 480w\" sizes=\"(min-width: 0px) and (max-width: 480px) 480px, (min-width: 481px) and (max-width: 980px) 980px, (min-width: 981px) 1076px, 100vw\" \/><\/p>\n<\/div>","protected":false},"excerpt":{"rendered":"<p>Dimension:\u03a63mm- \u03a6120mm Module: M1.5 Material Type: Metal as customer required Product Specification Metal Bevel Gear Dimension \u03a68mm Module M0.15-M2.0 Material Type Metal, Bronze, Steel, Alloy, POM, Zinc, Aluminum, Iron, Stainless, Brass, Copper Meshing Grade JGMA 1, JIS 6, AGMA 13, DIN 6,Din5,AGMA12 Application Automotive, Military, Aircraft, Mechanical, industrial, Medical Customized ODM\/OEM Sample Sample available Modes [&hellip;]<\/p>","protected":false},"featured_media":4337,"comment_status":"open","ping_status":"closed","template":"","meta":{"_et_pb_use_builder":"","_et_pb_old_content":"","_et_gb_content_width":""},"product_brand":[],"product_cat":[106],"product_tag":[],"class_list":{"0":"post-7011","1":"product","2":"type-product","3":"status-publish","4":"has-post-thumbnail","6":"product_cat-bevel-gears","8":"first","9":"instock","10":"shipping-taxable","11":"product-type-simple"},"_links":{"self":[{"href":"https:\/\/fmp-components.com\/lv\/wp-json\/wp\/v2\/product\/7011","targetHints":{"allow":["GET"]}}],"collection":[{"href":"https:\/\/fmp-components.com\/lv\/wp-json\/wp\/v2\/product"}],"about":[{"href":"https:\/\/fmp-components.com\/lv\/wp-json\/wp\/v2\/types\/product"}],"replies":[{"embeddable":true,"href":"https:\/\/fmp-components.com\/lv\/wp-json\/wp\/v2\/comments?post=7011"}],"wp:featuredmedia":[{"embeddable":true,"href":"https:\/\/fmp-components.com\/lv\/wp-json\/wp\/v2\/media\/4337"}],"wp:attachment":[{"href":"https:\/\/fmp-components.com\/lv\/wp-json\/wp\/v2\/media?parent=7011"}],"wp:term":[{"taxonomy":"product_brand","embeddable":true,"href":"https:\/\/fmp-components.com\/lv\/wp-json\/wp\/v2\/product_brand?post=7011"},{"taxonomy":"product_cat","embeddable":true,"href":"https:\/\/fmp-components.com\/lv\/wp-json\/wp\/v2\/product_cat?post=7011"},{"taxonomy":"product_tag","embeddable":true,"href":"https:\/\/fmp-components.com\/lv\/wp-json\/wp\/v2\/product_tag?post=7011"}],"curies":[{"name":"wp","href":"https:\/\/api.w.org\/{rel}","templated":true}]}}