{"id":7006,"date":"2025-03-14T06:03:43","date_gmt":"2025-03-14T06:03:43","guid":{"rendered":"https:\/\/fmp-components.com\/?post_type=product&#038;p=7006"},"modified":"2025-03-27T01:32:14","modified_gmt":"2025-03-27T01:32:14","slug":"aircraft-bevel-gear","status":"publish","type":"product","link":"https:\/\/fmp-components.com\/lv\/product\/aircraft-bevel-gear\/","title":{"rendered":"Lidma\u0161\u012bnu konusveida zobrats"},"content":{"rendered":"<p>Izm\u0113ri: \u03a63mm - \u03a6120mm<br \/>\nModulis: M2.0<br \/>\nMateri\u0101la veids: met\u0101ls p\u0113c klienta piepras\u012bjuma<\/p>\n<h2>Produkta specifik\u0101cija<\/h2>\n<div class=\"table-responsive\">\n<table class=\"table\" style=\"width: 99.125%; height: 352px;\" border=\"1\">\n<tbody>\n<tr>\n<td style=\"width: 99.2395%;\" colspan=\"2\">Lidma\u0161\u012bnu konusveida zobrats<\/td>\n<\/tr>\n<tr>\n<td style=\"width: 18.5044%;\">Izm\u0113rs<\/td>\n<td style=\"width: 80.7351%;\">\u03a610mm<\/td>\n<\/tr>\n<tr>\n<td style=\"width: 18.5044%;\">Modulis<\/td>\n<td style=\"width: 80.7351%;\">M0,15\u2013M2,2<\/td>\n<\/tr>\n<tr>\n<td style=\"width: 18.5044%;\">Materi\u0101la veids<\/td>\n<td style=\"width: 80.7351%;\">Met\u0101ls, bronza, t\u0113rauds, sakaus\u0113jums, POM, cinks, alum\u012bnijs, dzelzs, ner\u016bs\u0113jo\u0161ais t\u0113rauds, misi\u0146\u0161, var\u0161<\/td>\n<\/tr>\n<tr>\n<td style=\"width: 18.5044%;\">T\u012bkla klase<\/td>\n<td style=\"width: 80.7351%;\">JGMA\u00a01, JIS\u00a06, AGMA\u00a013, DIN\u00a06, Din5, AGMA12<\/td>\n<\/tr>\n<tr>\n<td style=\"width: 18.5044%;\">Pieteikums<\/td>\n<td style=\"width: 80.7351%;\">Automobi\u013cu, milit\u0101r\u0101, lidma\u0161\u012bnu, meh\u0101nisk\u0101, r\u016bpniec\u012bbas, medic\u012bnas<\/td>\n<\/tr>\n<tr>\n<td style=\"width: 18.5044%;\">Piel\u0101gots<\/td>\n<td style=\"width: 80.7351%;\">ODM\/OEM<\/td>\n<\/tr>\n<tr>\n<td style=\"width: 18.5044%;\">Paraugs<\/td>\n<td style=\"width: 80.7351%;\">Paraugs pieejams<\/td>\n<\/tr>\n<tr>\n<td style=\"width: 18.5044%;\">Iepako\u0161anas veidi<\/td>\n<td style=\"width: 80.7351%;\">Vakuuma iepakojums ar plastmasas papl\u0101ti<\/td>\n<\/tr>\n<tr>\n<td style=\"width: 18.5044%;\">Pieg\u0101des veidi<\/td>\n<td style=\"width: 80.7351%;\">DHL un UPS<\/td>\n<\/tr>\n<tr>\n<td style=\"width: 18.5044%;\">Sertifik\u0101ts<\/td>\n<td style=\"width: 80.7351%;\">ISO 9001:2008\/TS16949<\/td>\n<\/tr>\n<\/tbody>\n<\/table>\n<h2>Lidapar\u0101tu konusveida zobratu \u012bpa\u0161\u012bbas<\/h2>\n<div>\n<ul>\n<li class=\"break-words\"><strong>Le\u0146\u0137veida zobu dizains<\/strong>The <a href=\"https:\/\/fmp-components.com\/lv\/bevel-gear-2\/\">konusveida zobrats<\/a> ir zobi, kas ir sagriezti le\u0146\u0137\u012b uz koniskas virsmas, \u013caujot tam savienoties ar citu zobratu, lai p\u0101rs\u016bt\u012btu jaudu starp krustojo\u0161\u0101m v\u0101rpst\u0101m, parasti 90 gr\u0101du le\u0146\u0137\u012b.<\/li>\n<li class=\"break-words\"><strong>Augsta precizit\u0101te<\/strong>Tas ir konstru\u0113ts ar stingr\u0101m pielaid\u0113m, lai nodro\u0161in\u0101tu vienm\u0113r\u012bgu, prec\u012bzu un uzticamu jaudas p\u0101rnesi, kas ir kritiski svar\u012bgi lidma\u0161\u012bnu sist\u0113mu precizit\u0101tes pras\u012bb\u0101m.<\/li>\n<li class=\"break-words\"><strong>Kompakts un viegls<\/strong>Dizains ir optimiz\u0113ts, lai b\u016btu telpu taupo\u0161s un viegls, samazinot kop\u0113jo lidma\u0161\u012bnas svaru, vienlaikus saglab\u0101jot konstrukcijas integrit\u0101ti sl\u0113gt\u0101s telp\u0101s.<\/li>\n<li class=\"break-words\"><strong>Nestsp\u0113ja<\/strong>Izgatavots no iztur\u012bgiem materi\u0101liem, piem\u0113ram, r\u016bd\u012bta t\u0113rauda vai tit\u0101na, tas var iztur\u0113t lielu griezes momentu un lielas slodzes, nodro\u0161inot veiktsp\u0113ju lidojuma laik\u0101.<\/li>\n<li class=\"break-words\"><strong>Daudzpus\u012bba<\/strong>Tas atbalsta da\u017e\u0101das konfigur\u0101cijas (piem\u0113ram, taisnus, spir\u0101lveida vai nulles zobus), pied\u0101v\u0101jot elast\u012bbu, lai atbilstu da\u017e\u0101diem gaisa ku\u0123u lietojumiem, piem\u0113ram, dzin\u0113jiem vai vad\u012bbas meh\u0101nismiem, ar minim\u0101lu vibr\u0101ciju un troksni.<\/li>\n<\/ul>\n<p><img loading=\"lazy\" decoding=\"async\" class=\"size-full wp-image-4330 aligncenter\" src=\"https:\/\/fmp-components.com\/wp-content\/uploads\/2025\/01\/Aircraft-Bevel-Gear.webp\" alt=\"Lidma\u0161\u012bnu konusveida zobrats\" width=\"600\" height=\"600\" title=\"\" srcset=\"https:\/\/fmp-components.com\/wp-content\/uploads\/2025\/01\/Aircraft-Bevel-Gear.webp 600w, https:\/\/fmp-components.com\/wp-content\/uploads\/2025\/01\/Aircraft-Bevel-Gear-480x480.webp 480w\" sizes=\"(min-width: 0px) and (max-width: 480px) 480px, (min-width: 481px) 600px, 100vw\" \/><\/p>\n<\/div>\n<\/div>\n<div class=\"table-responsive\">\n<h2>Par FMP<\/h2>\n<p>FMP ir vado\u0161ais It\u0101lijas zobratu un zobratu ra\u017eot\u0101js, kas ir paz\u012bstams ar savu pieredzi gan standarta komponentu, gan piel\u0101gotu risin\u0101jumu ra\u017eo\u0161an\u0101. Papildus m\u016bsu standarta deta\u013cu kl\u0101stam FMP specializ\u0113jas standarta un specializ\u0113tu zobratu izgatavo\u0161an\u0101, pamatojoties uz klientu sniegtajiem ras\u0113jumiem vai paraugiem. M\u016bsu zobrati ir pieejami no da\u017e\u0101diem materi\u0101liem, tostarp oglek\u013ca t\u0113rauda, \u200b\u200bner\u016bs\u0113jo\u0161\u0101 t\u0113rauda, \u200b\u200balum\u012bnija, vara, misi\u0146a un plastmasas spir\u0101lveida vai cilindriskas konfigur\u0101cijas. Ja jums ir k\u0101das pras\u012bbas p\u0113c piel\u0101gotiem zobratu izstr\u0101d\u0101jumiem, l\u016bdzu, sazinieties ar mums pa e-pastu. FMP profesion\u0101lo in\u017eenieru komanda atbild\u0113s uz j\u016bsu piepras\u012bjumu 24 stundu laik\u0101.<\/p>\n<p><img loading=\"lazy\" decoding=\"async\" class=\"alignnone size-full wp-image-7010\" src=\"https:\/\/fmp-components.com\/wp-content\/uploads\/2025\/03\/bevel-gear-3.webp\" alt=\"konusveida zobrats\" width=\"1076\" height=\"721\" title=\"\" srcset=\"https:\/\/fmp-components.com\/wp-content\/uploads\/2025\/03\/bevel-gear-3.webp 1076w, https:\/\/fmp-components.com\/wp-content\/uploads\/2025\/03\/bevel-gear-3-980x657.webp 980w, https:\/\/fmp-components.com\/wp-content\/uploads\/2025\/03\/bevel-gear-3-480x322.webp 480w\" sizes=\"(min-width: 0px) and (max-width: 480px) 480px, (min-width: 481px) and (max-width: 980px) 980px, (min-width: 981px) 1076px, 100vw\" \/><\/p>\n<\/div>","protected":false},"excerpt":{"rendered":"<p>Dimension:\u03a63mm- \u03a6120mm Module: M2.0 Material Type: Metal as customer required Product Specification Aircraft Bevel Gear Dimension \u03a610mm Module M0.15-M2.2 Material Type Metal, Bronze, Steel, Alloy, POM, Zinc, Aluminum, Iron, Stainless, Brass, Copper Meshing Grade JGMA 1, JIS 6, AGMA 13, DIN 6,Din5,AGMA12 Application Automotive, Military, Aircraft, Mechanical, industrial, Medical Customized ODM\/OEM Sample Sample available Modes [&hellip;]<\/p>","protected":false},"featured_media":4330,"comment_status":"open","ping_status":"closed","template":"","meta":{"_et_pb_use_builder":"","_et_pb_old_content":"","_et_gb_content_width":""},"product_brand":[],"product_cat":[106],"product_tag":[],"class_list":{"0":"post-7006","1":"product","2":"type-product","3":"status-publish","4":"has-post-thumbnail","6":"product_cat-bevel-gears","8":"first","9":"instock","10":"shipping-taxable","11":"product-type-simple"},"_links":{"self":[{"href":"https:\/\/fmp-components.com\/lv\/wp-json\/wp\/v2\/product\/7006","targetHints":{"allow":["GET"]}}],"collection":[{"href":"https:\/\/fmp-components.com\/lv\/wp-json\/wp\/v2\/product"}],"about":[{"href":"https:\/\/fmp-components.com\/lv\/wp-json\/wp\/v2\/types\/product"}],"replies":[{"embeddable":true,"href":"https:\/\/fmp-components.com\/lv\/wp-json\/wp\/v2\/comments?post=7006"}],"wp:featuredmedia":[{"embeddable":true,"href":"https:\/\/fmp-components.com\/lv\/wp-json\/wp\/v2\/media\/4330"}],"wp:attachment":[{"href":"https:\/\/fmp-components.com\/lv\/wp-json\/wp\/v2\/media?parent=7006"}],"wp:term":[{"taxonomy":"product_brand","embeddable":true,"href":"https:\/\/fmp-components.com\/lv\/wp-json\/wp\/v2\/product_brand?post=7006"},{"taxonomy":"product_cat","embeddable":true,"href":"https:\/\/fmp-components.com\/lv\/wp-json\/wp\/v2\/product_cat?post=7006"},{"taxonomy":"product_tag","embeddable":true,"href":"https:\/\/fmp-components.com\/lv\/wp-json\/wp\/v2\/product_tag?post=7006"}],"curies":[{"name":"wp","href":"https:\/\/api.w.org\/{rel}","templated":true}]}}