{"id":7005,"date":"2025-03-14T05:36:02","date_gmt":"2025-03-14T05:36:02","guid":{"rendered":"https:\/\/fmp-components.com\/?post_type=product&#038;p=7005"},"modified":"2025-03-27T01:32:34","modified_gmt":"2025-03-27T01:32:34","slug":"medical-bevel-gear","status":"publish","type":"product","link":"https:\/\/fmp-components.com\/lv\/product\/medical-bevel-gear\/","title":{"rendered":"Medic\u012bniskais konusveida zobrats"},"content":{"rendered":"<p>Izm\u0113ri: \u03a63mm - \u03a6120mm<br \/>\nModulis: M0.25<br \/>\nMateri\u0101la veids: met\u0101ls p\u0113c klienta piepras\u012bjuma<\/p>\n<h2>Produkta specifik\u0101cija<\/h2>\n<div class=\"table-responsive\">\n<table class=\"table\" style=\"width: 98.375%; height: 341px;\" border=\"1\">\n<tbody>\n<tr>\n<td colspan=\"2\">Medic\u012bniskais konusveida zobrats<\/td>\n<\/tr>\n<tr>\n<td>Izm\u0113rs<\/td>\n<td>\u03a66mm<\/td>\n<\/tr>\n<tr>\n<td>Modulis<\/td>\n<td>M0,15\u2013M2,2<\/td>\n<\/tr>\n<tr>\n<td>Materi\u0101la veids<\/td>\n<td>Met\u0101ls, bronza, t\u0113rauds, sakaus\u0113jums, POM, cinks, alum\u012bnijs, dzelzs, ner\u016bs\u0113jo\u0161ais t\u0113rauds, misi\u0146\u0161, var\u0161<\/td>\n<\/tr>\n<tr>\n<td>T\u012bkla klase<\/td>\n<td>ISO6, JGMA 1, JIS 6, AGMA 13, DIN 6, Din5, AGMA12<\/td>\n<\/tr>\n<tr>\n<td>Pieteikums<\/td>\n<td>Automobi\u013cu, milit\u0101r\u0101, lidma\u0161\u012bnu, meh\u0101nisk\u0101, r\u016bpniec\u012bbas, medic\u012bnas<\/td>\n<\/tr>\n<tr>\n<td>Piel\u0101gots<\/td>\n<td>ODM\/OEM<\/td>\n<\/tr>\n<tr>\n<td>Paraugs<\/td>\n<td>Paraugs pieejams<\/td>\n<\/tr>\n<tr>\n<td>Iepako\u0161anas veidi<\/td>\n<td>Vakuuma iepakojums ar plastmasas papl\u0101ti<\/td>\n<\/tr>\n<tr>\n<td>Pieg\u0101des veidi<\/td>\n<td>DHL un UPS<\/td>\n<\/tr>\n<tr>\n<td>Sertifik\u0101ts<\/td>\n<td>ISO 9001:2008\/TS16949<\/td>\n<\/tr>\n<\/tbody>\n<\/table>\n<p><img loading=\"lazy\" decoding=\"async\" class=\"size-full wp-image-4347 aligncenter\" src=\"https:\/\/fmp-components.com\/wp-content\/uploads\/2025\/01\/Medical-Bevel-Gear.webp\" alt=\"Medic\u012bniskais konusveida zobrats\" width=\"600\" height=\"600\" title=\"\" srcset=\"https:\/\/fmp-components.com\/wp-content\/uploads\/2025\/01\/Medical-Bevel-Gear.webp 600w, https:\/\/fmp-components.com\/wp-content\/uploads\/2025\/01\/Medical-Bevel-Gear-480x480.webp 480w\" sizes=\"(min-width: 0px) and (max-width: 480px) 480px, (min-width: 481px) 600px, 100vw\" \/><\/p>\n<h2>Medic\u012bnisk\u0101 konusveida zobrata \u012bpa\u0161\u012bbas<\/h2>\n<div>\n<ul>\n<li class=\"break-words\"><strong>Prec\u012bzijas in\u017eenierija<\/strong>Medic\u012bnas <a href=\"https:\/\/fmp-components.com\/lv\/bevel-gear-2\/\">konusveida zobrati<\/a> ir izstr\u0101d\u0101ti ar augstu precizit\u0101ti, lai nodro\u0161in\u0101tu prec\u012bzu kust\u012bbas un griezes momenta p\u0101rraidi, kas ir kritiski svar\u012bgi medic\u012bnas ier\u012bc\u0113m, piem\u0113ram, \u0137irur\u0123iskajiem instrumentiem vai att\u0113lveido\u0161anas iek\u0101rt\u0101m, kur prec\u012bzas kust\u012bbas ir b\u016btiskas.<\/li>\n<li class=\"break-words\"><strong>Kompakts dizains<\/strong>\u0160iem zobratiem ir koniska forma, kas \u013cauj tiem ievietoties \u0161aur\u0101s viet\u0101s, padarot tos ide\u0101li piem\u0113rotus kompaktiem medic\u012bnas instrumentiem, kur vieta ir ierobe\u017eota, piem\u0113ram, endoskopisk\u0101s ier\u012bc\u0113s vai robotiz\u0113t\u0101s \u0137irur\u0123ijas sist\u0113m\u0101s.<\/li>\n<li class=\"break-words\"><strong>Vienm\u0113r\u012bga darb\u012bba<\/strong>Medic\u012bniskie koniskie zobrati, kas bie\u017ei vien ir apr\u012bkoti ar taisniem, spir\u0101lveida vai nulles zobiem, nodro\u0161ina vienm\u0113r\u012bgu un klusu darb\u012bbu, samazinot vibr\u0101ciju un troksni, kas ir svar\u012bgi pacienta komfortam un medic\u012bniskaj\u0101s proced\u016br\u0101s nepiecie\u0161amajai precizit\u0101tei.<\/li>\n<li class=\"break-words\"><strong>Iztur\u012bba un materi\u0101lu kvalit\u0101te<\/strong>Izgatavoti no biolo\u0123iski sader\u012bgiem un pret koroziju iztur\u012bgiem materi\u0101liem, piem\u0113ram, ner\u016bs\u0113jo\u0161\u0101 t\u0113rauda vai specializ\u0113tiem sakaus\u0113jumiem, \u0161ie zobrati ir rad\u012bti, lai iztur\u0113tu steriliz\u0101cijas procesus un nodro\u0161in\u0101tu ilgtermi\u0146a uzticam\u012bbu medic\u012bnas vid\u0113.<\/li>\n<li class=\"break-words\"><strong>Virziena elast\u012bba<\/strong>Medic\u012bnas lietojumprogramm\u0101s izmantotie koniskie zobrati var p\u0101rvad\u012bt jaudu starp krustojo\u0161\u0101m v\u0101rpst\u0101m, parasti 90 gr\u0101du le\u0146\u0137\u012b, t\u0101d\u0113j\u0101di nodro\u0161inot sare\u017e\u0123\u012btas meh\u0101niskas konfigur\u0101cijas t\u0101d\u0101s ier\u012bc\u0113s k\u0101 zobu urbji vai ortop\u0113diskie instrumenti, kur nepiecie\u0161amas virziena izmai\u0146as.<\/li>\n<\/ul>\n<h2>Par FMP<\/h2>\n<p>FMP ir vado\u0161ais It\u0101lijas zobratu un zobratu ra\u017eot\u0101js, kas ir paz\u012bstams ar savu pieredzi gan standarta komponentu, gan piel\u0101gotu risin\u0101jumu ra\u017eo\u0161an\u0101. Papildus m\u016bsu standarta deta\u013cu kl\u0101stam FMP specializ\u0113jas standarta un specializ\u0113tu zobratu izgatavo\u0161an\u0101, pamatojoties uz klientu sniegtajiem ras\u0113jumiem vai paraugiem. M\u016bsu zobrati ir pieejami no da\u017e\u0101diem materi\u0101liem, tostarp oglek\u013ca t\u0113rauda, \u200b\u200bner\u016bs\u0113jo\u0161\u0101 t\u0113rauda, \u200b\u200balum\u012bnija, vara, misi\u0146a un plastmasas spir\u0101lveida vai cilindriskas konfigur\u0101cijas. Ja jums ir k\u0101das pras\u012bbas p\u0113c piel\u0101gotiem zobratu izstr\u0101d\u0101jumiem, l\u016bdzu, sazinieties ar mums pa e-pastu. FMP profesion\u0101lo in\u017eenieru komanda atbild\u0113s uz j\u016bsu piepras\u012bjumu 24 stundu laik\u0101.<\/p>\n<p><img loading=\"lazy\" decoding=\"async\" class=\"alignnone size-full wp-image-7010\" src=\"https:\/\/fmp-components.com\/wp-content\/uploads\/2025\/03\/bevel-gear-3.webp\" alt=\"konusveida zobrats\" width=\"1076\" height=\"721\" title=\"\" srcset=\"https:\/\/fmp-components.com\/wp-content\/uploads\/2025\/03\/bevel-gear-3.webp 1076w, https:\/\/fmp-components.com\/wp-content\/uploads\/2025\/03\/bevel-gear-3-980x657.webp 980w, https:\/\/fmp-components.com\/wp-content\/uploads\/2025\/03\/bevel-gear-3-480x322.webp 480w\" sizes=\"(min-width: 0px) and (max-width: 480px) 480px, (min-width: 481px) and (max-width: 980px) 980px, (min-width: 981px) 1076px, 100vw\" \/><\/p>\n<\/div>\n<\/div>","protected":false},"excerpt":{"rendered":"<p>Dimension:\u03a63mm- \u03a6120mm Module: M0.25 Material Type: Metal as customer required Product Specification Medical Bevel Gear Dimension \u03a66mm Module M0.15-M2.2 Material Type Metal, Bronze, Steel, Alloy, POM, Zinc, Aluminum, Iron, Stainless, Brass, Copper Meshing Grade ISO6, JGMA 1, JIS 6, AGMA 13, DIN 6,Din5,AGMA12 Application Automotive, Military, Aircraft, Mechanical, industrial, Medical Customized ODM\/OEM Sample Sample available [&hellip;]<\/p>","protected":false},"featured_media":4347,"comment_status":"open","ping_status":"closed","template":"","meta":{"_et_pb_use_builder":"","_et_pb_old_content":"","_et_gb_content_width":""},"product_brand":[],"product_cat":[106],"product_tag":[],"class_list":{"0":"post-7005","1":"product","2":"type-product","3":"status-publish","4":"has-post-thumbnail","6":"product_cat-bevel-gears","8":"first","9":"instock","10":"shipping-taxable","11":"product-type-simple"},"_links":{"self":[{"href":"https:\/\/fmp-components.com\/lv\/wp-json\/wp\/v2\/product\/7005","targetHints":{"allow":["GET"]}}],"collection":[{"href":"https:\/\/fmp-components.com\/lv\/wp-json\/wp\/v2\/product"}],"about":[{"href":"https:\/\/fmp-components.com\/lv\/wp-json\/wp\/v2\/types\/product"}],"replies":[{"embeddable":true,"href":"https:\/\/fmp-components.com\/lv\/wp-json\/wp\/v2\/comments?post=7005"}],"wp:featuredmedia":[{"embeddable":true,"href":"https:\/\/fmp-components.com\/lv\/wp-json\/wp\/v2\/media\/4347"}],"wp:attachment":[{"href":"https:\/\/fmp-components.com\/lv\/wp-json\/wp\/v2\/media?parent=7005"}],"wp:term":[{"taxonomy":"product_brand","embeddable":true,"href":"https:\/\/fmp-components.com\/lv\/wp-json\/wp\/v2\/product_brand?post=7005"},{"taxonomy":"product_cat","embeddable":true,"href":"https:\/\/fmp-components.com\/lv\/wp-json\/wp\/v2\/product_cat?post=7005"},{"taxonomy":"product_tag","embeddable":true,"href":"https:\/\/fmp-components.com\/lv\/wp-json\/wp\/v2\/product_tag?post=7005"}],"curies":[{"name":"wp","href":"https:\/\/api.w.org\/{rel}","templated":true}]}}