{"id":6946,"date":"2025-03-13T03:46:50","date_gmt":"2025-03-13T03:46:50","guid":{"rendered":"https:\/\/fmp-components.com\/?post_type=product&#038;p=6946"},"modified":"2025-03-27T01:34:39","modified_gmt":"2025-03-27T01:34:39","slug":"sintered-metal-bevel-gears","status":"publish","type":"product","link":"https:\/\/fmp-components.com\/lv\/product\/sintered-metal-bevel-gears\/","title":{"rendered":"Sint\u0113tisk\u0101 met\u0101la konusveida zobrati"},"content":{"rendered":"<div>\n<h3>Par sa\u0137epin\u0101t\u0101 met\u0101la konusveida zobratiem<\/h3>\n<p class=\"break-words\">Sa\u0137epin\u0101ts met\u0101ls <a href=\"https:\/\/fmp-components.com\/lv\/bevel-gear-2\/\">konusveida zobrati<\/a> ir prec\u012bzi konstru\u0113tas deta\u013cas, kas izgatavotas, izmantojot sint\u0113\u0161anas procesu, kur met\u0101la pulveris tiek sabl\u012bv\u0113ts un kars\u0113ts, lai izveidotu iztur\u012bgus, ilgm\u016b\u017e\u012bgus zobratus ar konisku formu. \u0160ie zobrati tiek pla\u0161i izmantoti da\u017e\u0101d\u0101s nozar\u0113s, pateicoties to sp\u0113jai p\u0101rs\u016bt\u012bt kust\u012bbu un jaudu starp krustojo\u0161\u0101m v\u0101rpst\u0101m, parasti 90 gr\u0101du le\u0146\u0137\u012b. Pateicoties pulvermetalur\u0123ijas procesam, tie pied\u0101v\u0101 t\u0101das priek\u0161roc\u012bbas k\u0101 augsta iztur\u012bba, nodilumiztur\u012bba un izmaksu efektivit\u0101te.<\/p>\n<p class=\"break-words\">Uz\u0146\u0113mum\u0101 FMP m\u0113s specializ\u0113jamies pla\u0161a spektra sa\u0137epin\u0101tu met\u0101la konusveida zobratu ra\u017eo\u0161an\u0101, lai apmierin\u0101tu da\u017e\u0101das lietojumprogrammu vajadz\u012bbas. M\u0113s pied\u0101v\u0101jam ar\u012b piel\u0101go\u0161anas pakalpojumus, lai piel\u0101gotu m\u016bsu produktus j\u016bsu \u012bpa\u0161aj\u0101m pras\u012bb\u0101m. Ja m\u016bsu produktu sarakst\u0101 neatrodat tie\u0161i jums nepiecie\u0161amo modeli, tas noz\u012bm\u0113, ka mums v\u0113l nav bijusi iesp\u0113ja to atjaunin\u0101t. L\u016bdzu, rakstiet mums e-pastu ar v\u0113lamaj\u0101m specifik\u0101cij\u0101m, un m\u016bsu in\u017eenieri atbild\u0113s 24 stundu laik\u0101, lai jums pal\u012bdz\u0113tu.\u00a0<img loading=\"lazy\" decoding=\"async\" class=\"alignnone size-full wp-image-6952\" src=\"https:\/\/fmp-components.com\/wp-content\/uploads\/2025\/03\/Sintered-Metal-bevel-gear-maintain.webp\" alt=\"Sa\u0137epin\u0101ta met\u0101la konusveida zobrats\" width=\"1300\" height=\"946\" title=\"\" srcset=\"https:\/\/fmp-components.com\/wp-content\/uploads\/2025\/03\/Sintered-Metal-bevel-gear-maintain.webp 1300w, https:\/\/fmp-components.com\/wp-content\/uploads\/2025\/03\/Sintered-Metal-bevel-gear-maintain-1280x931.webp 1280w, https:\/\/fmp-components.com\/wp-content\/uploads\/2025\/03\/Sintered-Metal-bevel-gear-maintain-980x713.webp 980w, https:\/\/fmp-components.com\/wp-content\/uploads\/2025\/03\/Sintered-Metal-bevel-gear-maintain-480x349.webp 480w\" sizes=\"(min-width: 0px) and (max-width: 480px) 480px, (min-width: 481px) and (max-width: 980px) 980px, (min-width: 981px) and (max-width: 1280px) 1280px, (min-width: 1281px) 1300px, 100vw\" \/><\/p>\n<h3>Specifik\u0101cija<\/h3>\n<\/div>\n<table class=\"table\" border=\"1\" width=\"100%\" cellspacing=\"0\" cellpadding=\"0\">\n<tbody>\n<tr class=\"firstRow\">\n<td valign=\"center\" width=\"132\">Mode\u013ca numurs<\/td>\n<td valign=\"center\" width=\"491\">M3, M4, M5, M8, M12 un citi.<\/td>\n<\/tr>\n<tr>\n<td valign=\"center\" width=\"132\">Materi\u0101ls<\/td>\n<td valign=\"center\" width=\"491\">Misi\u0146\u0161, C45 t\u0113rauds, ner\u016bs\u0113jo\u0161ais t\u0113rauds, var\u0161, POM, alum\u012bnijs, sakaus\u0113jums utt.<\/td>\n<\/tr>\n<tr>\n<td valign=\"center\" width=\"132\">Virsmas apstr\u0101de<\/td>\n<td valign=\"center\" width=\"491\">Cinkots, Ni\u0137el\u0113ts, Pasiv\u0101cija, Oksid\u0101cija, Anod\u0113\u0161ana,<br \/>\n\u0122eomets, dakromets, melnais oks\u012bds, fosfatiz\u0101cija, pulverkr\u0101so\u0161ana un elektrofor\u0113ze<\/td>\n<\/tr>\n<tr>\n<td valign=\"center\" width=\"132\">Standarta<\/td>\n<td valign=\"center\" width=\"491\">ISO, DIN, ANSI, JIS, BS un nestandarta.<\/td>\n<\/tr>\n<tr>\n<td valign=\"center\" width=\"132\">Precizit\u0101te<\/td>\n<td valign=\"center\" width=\"491\">DIN6, DIN7, DIN8, DIN9.<\/td>\n<\/tr>\n<tr>\n<td valign=\"center\" width=\"132\">Zobu \u0101rst\u0113\u0161ana<\/td>\n<td valign=\"center\" width=\"491\">R\u016bd\u012bts, fr\u0113z\u0113ts vai samalts<\/td>\n<\/tr>\n<tr>\n<td valign=\"center\" width=\"132\">Tolerance<\/td>\n<td valign=\"center\" width=\"491\">0,001 mm\u20130,01 mm\u20130,1 mm<\/td>\n<\/tr>\n<tr>\n<td valign=\"center\" width=\"132\">Pabeigt<\/td>\n<td valign=\"center\" width=\"491\">ar lodveida\/smil\u0161u str\u016bklu, termisko apstr\u0101di, atkv\u0113lin\u0101\u0161anu, r\u016bd\u012b\u0161anu, pul\u0113\u0161anu, anod\u0113\u0161anu, cinko\u0161anu<\/td>\n<\/tr>\n<tr>\n<td valign=\"center\" width=\"132\">Pre\u010du iesai\u0146o\u0161ana<\/td>\n<td valign=\"center\" width=\"491\">Plastmasas maisi\u0146\u0161 + kartona kastes vai koka iepakojums<\/td>\n<\/tr>\n<tr>\n<td valign=\"center\" width=\"132\">Maks\u0101juma noteikumi<\/td>\n<td valign=\"center\" width=\"491\">T\/T, akredit\u012bvs<\/td>\n<\/tr>\n<tr>\n<td valign=\"center\" width=\"132\">Ra\u017eo\u0161anas izpildes laiks<\/td>\n<td valign=\"center\" width=\"491\">20 darba dienas paraugam, 25 dienas liel\u0101kajai da\u013cai<\/td>\n<\/tr>\n<tr>\n<td valign=\"center\" width=\"132\">Paraugi<\/td>\n<td valign=\"center\" width=\"491\">Parauga cenu diapazons ir no $2 l\u012bdz $100.<br \/>\nklientu apmaks\u0101ta eksprespiepras\u012bjuma paraugs<\/td>\n<\/tr>\n<tr>\n<td valign=\"center\" width=\"132\">Pieteikums<\/td>\n<td valign=\"center\" width=\"491\">1. Autom\u0101tiska vad\u012bbas iek\u0101rta<br \/>\n2. Pusvad\u012bt\u0101ju r\u016bpniec\u012bba<br \/>\n3. Visp\u0101r\u0113j\u0101s r\u016bpniec\u012bbas iek\u0101rtas<br \/>\n4. Medic\u012bnas iek\u0101rtas<br \/>\n5. Saules ener\u0123ijas iek\u0101rtas<br \/>\n6. Darbgalds<br \/>\n7. Parko\u0161an\u0101s sist\u0113ma<br \/>\n8. \u0100trgaitas dzelzce\u013ca un avi\u0101cijas transporta apr\u012bkojums utt.<\/td>\n<\/tr>\n<\/tbody>\n<\/table>\n<p><img loading=\"lazy\" decoding=\"async\" class=\"alignnone wp-image-6953\" src=\"https:\/\/fmp-components.com\/wp-content\/uploads\/2025\/03\/Sintered-Metal-bevel-gear-work.webp\" alt=\"Sa\u0137epin\u0101ta met\u0101la konusveida zobrats\" width=\"772\" height=\"587\" title=\"\" srcset=\"https:\/\/fmp-components.com\/wp-content\/uploads\/2025\/03\/Sintered-Metal-bevel-gear-work.webp 772w, https:\/\/fmp-components.com\/wp-content\/uploads\/2025\/03\/Sintered-Metal-bevel-gear-work-480x365.webp 480w\" sizes=\"(min-width: 0px) and (max-width: 480px) 480px, (min-width: 481px) 772px, 100vw\" \/><\/p>","protected":false},"excerpt":{"rendered":"<p>About Sintered Metal bevel gears Sintered metal bevel gears are precision-engineered components made through a sintering process, where metal powders are compacted and heated to form strong, durable gears with a conical shape. These gears are widely used in various industries for their ability to transmit motion and power between intersecting shafts, typically at a [&hellip;]<\/p>","protected":false},"featured_media":6951,"comment_status":"open","ping_status":"closed","template":"","meta":{"_et_pb_use_builder":"","_et_pb_old_content":"","_et_gb_content_width":""},"product_brand":[],"product_cat":[106],"product_tag":[],"class_list":{"0":"post-6946","1":"product","2":"type-product","3":"status-publish","4":"has-post-thumbnail","6":"product_cat-bevel-gears","8":"first","9":"instock","10":"shipping-taxable","11":"product-type-simple"},"_links":{"self":[{"href":"https:\/\/fmp-components.com\/lv\/wp-json\/wp\/v2\/product\/6946","targetHints":{"allow":["GET"]}}],"collection":[{"href":"https:\/\/fmp-components.com\/lv\/wp-json\/wp\/v2\/product"}],"about":[{"href":"https:\/\/fmp-components.com\/lv\/wp-json\/wp\/v2\/types\/product"}],"replies":[{"embeddable":true,"href":"https:\/\/fmp-components.com\/lv\/wp-json\/wp\/v2\/comments?post=6946"}],"wp:featuredmedia":[{"embeddable":true,"href":"https:\/\/fmp-components.com\/lv\/wp-json\/wp\/v2\/media\/6951"}],"wp:attachment":[{"href":"https:\/\/fmp-components.com\/lv\/wp-json\/wp\/v2\/media?parent=6946"}],"wp:term":[{"taxonomy":"product_brand","embeddable":true,"href":"https:\/\/fmp-components.com\/lv\/wp-json\/wp\/v2\/product_brand?post=6946"},{"taxonomy":"product_cat","embeddable":true,"href":"https:\/\/fmp-components.com\/lv\/wp-json\/wp\/v2\/product_cat?post=6946"},{"taxonomy":"product_tag","embeddable":true,"href":"https:\/\/fmp-components.com\/lv\/wp-json\/wp\/v2\/product_tag?post=6946"}],"curies":[{"name":"wp","href":"https:\/\/api.w.org\/{rel}","templated":true}]}}