{"id":6652,"date":"2025-03-11T06:36:21","date_gmt":"2025-03-11T06:36:21","guid":{"rendered":"https:\/\/fmp-components.com\/product\/professional-long-stroke-double-acting-small-dump-truck-multistage-hydraulic-cylinder"},"modified":"2025-03-12T08:24:10","modified_gmt":"2025-03-12T08:24:10","slug":"professional-long-stroke-double-acting-small-dump-truck-multistage-hydraulic-cylinder","status":"publish","type":"product","link":"https:\/\/fmp-components.com\/lv\/product\/professional-long-stroke-double-acting-small-dump-truck-multistage-hydraulic-cylinder\/","title":{"rendered":"Profesion\u0101ls garas g\u0101jiena divk\u0101r\u0161as darb\u012bbas maza pa\u0161izg\u0101z\u0113ja daudzpak\u0101pju hidrauliskais cilindrs"},"content":{"rendered":"<h2>Profesion\u0101ls garas g\u0101jiena divk\u0101r\u0161as darb\u012bbas maza pa\u0161izg\u0101z\u0113ja daudzpak\u0101pju hidrauliskais cilindrs<\/h2>\n<p>M\u016bsu profesion\u0101lais, gar\u0101 g\u0101jiena, divk\u0101r\u0161as darb\u012bbas, maza izm\u0113ra pa\u0161izg\u0101z\u0113ju daudzpak\u0101pju hidrauliskais cilindrs ir jauns produkts ar viena gada garantiju. Tas ir paredz\u0113ts izmanto\u0161anai da\u017e\u0101d\u0101s nozar\u0113s, piem\u0113ram, ma\u0161\u012bnb\u016bves remonta darbn\u012bc\u0101s, ferm\u0101s, ener\u0123\u0113tikas un ieguves r\u016bpniec\u012bb\u0101, ma\u0161\u012bnb\u016bves ra\u017eo\u0161an\u0101 un ma\u0161\u012bnb\u016bves r\u016bpn\u012bc\u0101s. Izgatavots no iztur\u012bga t\u0113rauda, \u200b\u200btas pied\u0101v\u0101 maksim\u0101lo vilces sp\u0113ku 3000 un maksim\u0101lo vilk\u0161anas jaudu 20 tonnas. Tas ir pieejams standarta meln\u0101 kr\u0101s\u0101 un ir sertific\u0113ts saska\u0146\u0101 ar ISO9001:2000.<\/p>\n<h2>Produkta specifik\u0101cijas<\/h2>\n<table style=\"width: 96.0953%;\" border=\"\">\n<tbody>\n<tr>\n<td style=\"width: 43.5028%;\"><strong>Urbuma izm\u0113rs<\/strong><\/td>\n<td style=\"width: 464.407%;\">2\u20136 collas<\/td>\n<\/tr>\n<tr>\n<td style=\"width: 43.5028%;\"><strong>Stie\u0146a izm\u0113rs<\/strong><\/td>\n<td style=\"width: 464.407%;\">1,125\u20134 collas<\/td>\n<\/tr>\n<tr>\n<td style=\"width: 43.5028%;\"><strong>Trieciena izm\u0113rs<\/strong><\/td>\n<td style=\"width: 464.407%;\">4\u2013100 collas<\/td>\n<\/tr>\n<tr>\n<td style=\"width: 43.5028%;\"><strong>Tapas izm\u0113rs<\/strong><\/td>\n<td style=\"width: 464.407%;\">0,5\u20132 collas<\/td>\n<\/tr>\n<tr>\n<td style=\"width: 43.5028%;\"><strong>Ostas<\/strong><\/td>\n<td style=\"width: 464.407%;\">G\/SAE\/NPT\/M<\/td>\n<\/tr>\n<\/tbody>\n<\/table>\n<h2>Unik\u0101las \u012bpa\u0161\u012bbas un priek\u0161roc\u012bbas<\/h2>\n<ul>\n<li>Energoefekt\u012bvs<\/li>\n<li>\u013boti efekt\u012bvs<\/li>\n<li>Dro\u0161s lieto\u0161anai<\/li>\n<\/ul>\n<h2>Darb\u012bbas princips un pielietojums<\/h2>\n<p>Hidraulisk\u0101 cilindra darb\u012bbas pamatprincips ir hidraulisk\u0101s ener\u0123ijas p\u0101rv\u0113r\u0161ana meh\u0101nisk\u0101 kust\u012bb\u0101, izmantojot spiedienu. \u0160is process s\u0101kas, kad hidrauliskais \u0161\u0137idrums tiek pak\u013cauts spiedienam, parasti ar hidraulisk\u0101 s\u016bk\u0146a pal\u012bdz\u012bbu. Spiediena \u0161\u0137idrums p\u0113c tam tiek novirz\u012bts cilindr\u0101, kur tas iedarbojas uz iek\u0161pus\u0113 eso\u0161o virzuli. Kad \u0161\u0137idrums non\u0101k cilindr\u0101, tas nospie\u017e virzuli, izraisot t\u0101 kust\u012bbu line\u0101r\u0101 virzien\u0101. \u0160o kust\u012bbu var izmantot da\u017e\u0101du meh\u0101nisku uzdevumu veik\u0161anai, piem\u0113ram, smagu kravu cel\u0161anai, stum\u0161anai vai vilk\u0161anai.<\/p>\n<p>Hidraulisko cilindru efektivit\u0101te sl\u0113pjas to sp\u0113j\u0101 p\u0101rvad\u012bt sp\u0113ku lielos att\u0101lumos bez iev\u0113rojamiem ener\u0123ijas zudumiem. Hidraulisk\u0101 \u0161\u0137idruma nesaspie\u017eam\u012bba \u013cauj prec\u012bzi kontrol\u0113t kust\u012bbu, \u013caujot operatoriem ar iev\u0113rojamu precizit\u0101ti piel\u0101got virzu\u013ca \u0101trumu un poz\u012bciju. \u0160\u012b sp\u0113ja padara hidraulisk\u0101s sist\u0113mas daudzpus\u012bgas un uzticamas da\u017e\u0101diem pielietojumiem, kur nepiecie\u0161ama liela sp\u0113ka jauda kompakt\u0101 veid\u0101.<\/p>\n<p><img loading=\"lazy\" decoding=\"async\" class=\"alignnone  wp-image-6659\" src=\"https:\/\/fmp-components.com\/wp-content\/uploads\/2025\/03\/telescopic-hydraulic-cylinder-12.webp\" alt=\"teleskopiskais hidrauliskais cilindrs\" width=\"926\" height=\"926\" title=\"\" srcset=\"https:\/\/fmp-components.com\/wp-content\/uploads\/2025\/03\/telescopic-hydraulic-cylinder-12.webp 926w, https:\/\/fmp-components.com\/wp-content\/uploads\/2025\/03\/telescopic-hydraulic-cylinder-12-480x480.webp 480w\" sizes=\"(min-width: 0px) and (max-width: 480px) 480px, (min-width: 481px) 926px, 100vw\" \/><\/p>\n<h2>Pieteikumi<\/h2>\n<p>Hidrauliskos cilindrus izmanto daudz\u0101s nozar\u0113s un pielietojumos, kas apliecina to daudzpus\u012bbu un efektivit\u0101ti:<\/p>\n<ul>\n<li><strong>Pa\u0161izg\u0101z\u0113ji:<\/strong> Transporta nozar\u0113 hidrauliskie cilindri ir b\u016btiski pa\u0161izg\u0101z\u0113ju darb\u012bbai. Tie nodro\u0161ina izg\u0101\u0161anas meh\u0101nisma darb\u012bbu, \u013caujot pacelt un noliekt kravas automa\u0161\u012bnas kravas kasti, lai efekt\u012bvi izkrautu t\u0101dus materi\u0101lus k\u0101 augsne, grants un gruve\u0161i.<\/li>\n<li><strong>Ma\u0161\u012bnu ra\u017eo\u0161ana:<\/strong> Ra\u017eo\u0161anas vid\u0113 hidrauliskajiem cilindriem ir iz\u0161\u0137iro\u0161a noz\u012bme ma\u0161\u012bnu mont\u0101\u017e\u0101 un darb\u012bb\u0101. Tos izmanto t\u0101diem uzdevumiem k\u0101 met\u0101la deta\u013cu pres\u0113\u0161ana, smagu deta\u013cu cel\u0161ana un nepiecie\u0161am\u0101 sp\u0113ka nodro\u0161in\u0101\u0161ana automatiz\u0113tiem procesiem mont\u0101\u017eas l\u012bnij\u0101s.<\/li>\n<li><strong>B\u016bvniec\u012bba:<\/strong> Hidrauliskie cilindri ir neat\u0146emama da\u017e\u0101du celtniec\u012bbas iek\u0101rtu, tostarp ekskavatoru, ekskavatoru un buldozeru, sast\u0101vda\u013ca. Tie nodro\u0161ina nepiecie\u0161amo jaudu smagu materi\u0101lu rak\u0161anai, cel\u0161anai un p\u0101rvieto\u0161anai, padarot tos neaizst\u0101jamus b\u016bvlaukumos.<\/li>\n<li><strong>Lauksaimniec\u012bbas tehnika:<\/strong> Lauksaimniec\u012bb\u0101 hidrauliskos cilindrus izmanto traktoros, arklos un kombainos. Tie pal\u012bdz t\u0101dos uzdevumos k\u0101 agreg\u0101tu pacel\u0161ana un nolai\u0161ana, uzlabojot lauksaimniec\u012bbas darb\u012bbu efektivit\u0101ti un lietder\u012bbu.<\/li>\n<li><strong>Kalnr\u016bpniec\u012bbas nozare:<\/strong> Hidrauliskos cilindrus izmanto kalnr\u016bpniec\u012bbas ma\u0161\u012bn\u0101s urb\u0161anai, rak\u0161anai un materi\u0101lu apstr\u0101dei. To iztur\u012bg\u0101 konstrukcija \u013cauj tiem dro\u0161i darboties skarbos apst\u0101k\u013cos, kur iz\u0161\u0137iro\u0161a noz\u012bme ir lielam sp\u0113kam un iztur\u012bbai.<\/li>\n<li><strong>Materi\u0101lu apstr\u0101de:<\/strong> Noliktav\u0101s un izplat\u012b\u0161anas centros hidrauliskos cilindrus izmanto iekr\u0101v\u0113jos un pacel\u0161anas galdos, lai p\u0101rvietotu un novietotu smagas kravas, uzlabojot darb\u012bbas efektivit\u0101ti un darbinieku dro\u0161\u012bbu.<\/li>\n<\/ul>\n<p>Hidraulisko cilindru pla\u0161\u0101 izmanto\u0161ana \u0161ajos da\u017e\u0101dajos pielietojumos uzsver to noz\u012bmi m\u016bsdienu in\u017eenierzin\u0101tn\u0113s un r\u016bpniec\u012bbas procesos. To sp\u0113ja nodro\u0161in\u0101t jaud\u012bgu, kontrol\u0113tu kust\u012bbu padara tos par svar\u012bgiem instrumentiem daudz\u0101s nozar\u0113s, veicinot produktivit\u0101ti un inov\u0101cijas.<\/p>\n<h3>Par FMP<\/h3>\n<p>FMP ir vado\u0161ais it\u0101\u013cu ra\u017eot\u0101js, kas ir paz\u012bstams ar savu pieredzi augstas kvalit\u0101tes hidraulisko cilindru projekt\u0113\u0161an\u0101, izstr\u0101d\u0113 un ra\u017eo\u0161an\u0101. Ar gadu desmitiem ilgu pieredzi nozar\u0113 m\u0113s neman\u0101mi apvienojam tradicion\u0101lo it\u0101\u013cu meistar\u012bbu ar modern\u0101kaj\u0101m tehnolo\u0123ij\u0101m, lai nodro\u0161in\u0101tu izcilus hidrauliskos risin\u0101jumus, kas piel\u0101goti m\u016bsu glob\u0101lo klientu da\u017e\u0101daj\u0101m vajadz\u012bb\u0101m. FMP, kas atrodas It\u0101lij\u0101, in\u017eenierijas izcil\u012bbas centr\u0101, ir k\u013cuvis par uzticamu v\u0101rdu hidraulikas nozar\u0113, kas ir ap\u0146\u0113mies nodro\u0161in\u0101t uzticamus, iztur\u012bgus un inovat\u012bvus produktus, kas dod iesp\u0113jas uz\u0146\u0113mumiem vis\u0101 pasaul\u0113.<\/p>\n<p>M\u016bsu uz\u0146\u0113mums apvieno lab\u0101ko no progres\u012bv\u0101kaj\u0101m ra\u017eo\u0161anas praks\u0113m ar t\u0101lredz\u012bgu pieeju. Izmantojot daudzu gadu pieredzi hidraulisko sist\u0113mu jom\u0101, FMP ir att\u012bst\u012bjies par modernu uz\u0146\u0113mumu, kas izce\u013cas ar izcil\u0101m p\u0113tniec\u012bbas, dizaina un ra\u017eo\u0161anas sp\u0113j\u0101m. M\u0113s pied\u0101v\u0101jam pla\u0161u hidraulisko cilindru kl\u0101stu, tostarp divk\u0101r\u0161as darb\u012bbas cilindrus, automobi\u013cu pacel\u0161anas cilindrus, lauksaimniec\u012bbas tehnikas cilindrus un piel\u0101gotus risin\u0101jumus da\u017e\u0101diem r\u016bpnieciskiem pielietojumiem. Neatkar\u012bgi no t\u0101, vai tie ir paredz\u0113ti b\u016bvniec\u012bbai, r\u016bpniecisk\u0101m instal\u0101cij\u0101m, lauksaimniec\u012bbai vai smagajai tehnikai, m\u016bsu hidrauliskie cilindri ir izstr\u0101d\u0101ti, lai darbotos vissare\u017e\u0123\u012bt\u0101kajos apst\u0101k\u013cos, nodro\u0161inot dro\u0161\u012bbu, efektivit\u0101ti un ilgm\u016b\u017e\u012bbu.<\/p>\n<p>Uz\u0146\u0113mum\u0101 FMP m\u0113s lepojamies ar sav\u0101m modern\u0101kaj\u0101m ra\u017eo\u0161anas iek\u0101rt\u0101m, kas apr\u012bkotas ar prec\u012bzijas iek\u0101rt\u0101m un modern\u0101m test\u0113\u0161anas sist\u0113m\u0101m. M\u016bsu ra\u017eo\u0161anas procesi atbilst stingriem valsts un starptautiskajiem standartiem, garant\u0113jot, ka katrs sara\u017eotais hidrauliskais cilindrs atbilst augst\u0101kajiem kvalit\u0101tes un uzticam\u012bbas krit\u0113rijiem. Ar prasm\u012bgu tehnisko komandu un modern\u0101ko apr\u012bkojumu m\u0113s iev\u0113rojam stingru kvalit\u0101tes kontroli katr\u0101 ra\u017eo\u0161anas posm\u0101 \u2014 s\u0101kot no izejvielu izv\u0113les l\u012bdz gal\u012bgajai p\u0101rbaudei. \u0160\u012b ap\u0146em\u0161an\u0101s sasniegt izcil\u012bbu ir nodro\u0161in\u0101jusi mums sertifik\u0101tus un atzin\u012bbu no nozares iest\u0101d\u0113m, nostiprinot m\u016bsu reput\u0101ciju k\u0101 uzticamam partnerim.<\/p>\n<p><img loading=\"lazy\" decoding=\"async\" class=\"alignnone size-full wp-image-6720\" src=\"https:\/\/fmp-components.com\/wp-content\/uploads\/2025\/03\/hydraulic-cylinder-8.webp\" alt=\"Teleskopiskie hidrauliskie cilindri\" width=\"933\" height=\"526\" title=\"\" srcset=\"https:\/\/fmp-components.com\/wp-content\/uploads\/2025\/03\/hydraulic-cylinder-8.webp 933w, https:\/\/fmp-components.com\/wp-content\/uploads\/2025\/03\/hydraulic-cylinder-8-480x271.webp 480w\" sizes=\"(min-width: 0px) and (max-width: 480px) 480px, (min-width: 481px) 933px, 100vw\" \/><\/p>\n<p>M\u016bsu misija ir gan vienk\u0101r\u0161a, gan ambicioza: nodro\u0161in\u0101t m\u016bsu klientus ar hidrauliskajiem cilindriem, kas p\u0101rsniedz cer\u012bbas attiec\u012bb\u0101 uz veiktsp\u0113ju, iztur\u012bbu un v\u0113rt\u012bbu. M\u0113s iev\u0113rojam profesionalit\u0101tes, integrit\u0101tes un klientu orient\u0101cijas pamatprincipus. Veicinot inov\u0101ciju un precizit\u0101tes kult\u016bru, m\u0113s nep\u0101rtraukti uzlabojam savus produktus, lai saglab\u0101tu l\u012bderpoz\u012bcijas konkur\u0113tsp\u0113j\u012bg\u0101 tirg\u016b. M\u016bsu pla\u0161ais produktu kl\u0101sts un sp\u0113ja pied\u0101v\u0101t piel\u0101gotus risin\u0101jumus padara m\u016bs par v\u0113lamo izv\u0113li uz\u0146\u0113mumiem, kas mekl\u0113 augstas veiktsp\u0113jas hidrauliskos cilindrus.<\/p>\n<p>FMP ir vair\u0101k nek\u0101 tikai ra\u017eot\u0101js; m\u0113s esam ap\u0146\u0113mu\u0161ies partneri j\u016bsu pan\u0101kumos. M\u0113s saprotam, ka m\u016bsu klienti pa\u013caujas uz mums, lai nodro\u0161in\u0101tu instrumentus, kas uzlabo produktivit\u0101ti un dro\u0161\u012bbu. T\u0101p\u0113c m\u0113s esam ap\u0146\u0113mu\u0161ies nodro\u0161in\u0101t ne tikai augst\u0101k\u0101s klases produktus, bet ar\u012b izcilu servisu. S\u0101kot ar s\u0101kotn\u0113j\u0101m konsult\u0101cij\u0101m un beidzot ar p\u0113cp\u0101rdo\u0161anas atbalstu, m\u0113s cie\u0161i sadarbojamies ar saviem klientiem, lai nodro\u0161in\u0101tu, ka vi\u0146u vajadz\u012bbas tiek apmierin\u0101tas ar profesionalit\u0101ti un r\u016bp\u012bbu. M\u016bsu konkur\u0113tsp\u0113j\u012bg\u0101s cenas apvienojum\u0101 ar nelok\u0101mo ap\u0146em\u0161anos nodro\u0161in\u0101t kvalit\u0101ti padara FMP par gudru izv\u0113li uz\u0146\u0113mumiem, kas v\u0113las ieguld\u012bt uzticamos hidrauliskajos risin\u0101jumos.<\/p>","protected":false},"excerpt":{"rendered":"<p>Professional Long Stroke Double Acting Small Dump Truck Multistage Hydraulic Cylinder Our professional long stroke double acting small dump truck multistage hydraulic cylinder is a new product with a one-year warranty. It is designed for use in various industries such as machinery repair shops, farms, energy &amp; mining, machinery manufacturing, and machinery factories. Made of [&hellip;]<\/p>","protected":false},"featured_media":6762,"comment_status":"closed","ping_status":"closed","template":"","meta":{"_et_pb_use_builder":"","_et_pb_old_content":"","_et_gb_content_width":""},"product_brand":[],"product_cat":[103],"product_tag":[34,105],"class_list":{"0":"post-6652","1":"product","2":"type-product","3":"status-publish","4":"has-post-thumbnail","6":"product_cat-telescopic-hydraulic-cylinders","7":"product_tag-hydraulic-cylinder","8":"product_tag-telescopic-hydraulic-cylinders","10":"first","11":"instock","12":"product-type-simple"},"_links":{"self":[{"href":"https:\/\/fmp-components.com\/lv\/wp-json\/wp\/v2\/product\/6652","targetHints":{"allow":["GET"]}}],"collection":[{"href":"https:\/\/fmp-components.com\/lv\/wp-json\/wp\/v2\/product"}],"about":[{"href":"https:\/\/fmp-components.com\/lv\/wp-json\/wp\/v2\/types\/product"}],"replies":[{"embeddable":true,"href":"https:\/\/fmp-components.com\/lv\/wp-json\/wp\/v2\/comments?post=6652"}],"wp:featuredmedia":[{"embeddable":true,"href":"https:\/\/fmp-components.com\/lv\/wp-json\/wp\/v2\/media\/6762"}],"wp:attachment":[{"href":"https:\/\/fmp-components.com\/lv\/wp-json\/wp\/v2\/media?parent=6652"}],"wp:term":[{"taxonomy":"product_brand","embeddable":true,"href":"https:\/\/fmp-components.com\/lv\/wp-json\/wp\/v2\/product_brand?post=6652"},{"taxonomy":"product_cat","embeddable":true,"href":"https:\/\/fmp-components.com\/lv\/wp-json\/wp\/v2\/product_cat?post=6652"},{"taxonomy":"product_tag","embeddable":true,"href":"https:\/\/fmp-components.com\/lv\/wp-json\/wp\/v2\/product_tag?post=6652"}],"curies":[{"name":"wp","href":"https:\/\/api.w.org\/{rel}","templated":true}]}}