{"id":6648,"date":"2025-03-11T06:36:21","date_gmt":"2025-03-11T06:36:21","guid":{"rendered":"https:\/\/fmp-components.com\/product\/20-ton-hydraulic-cylinder-double-acting-telescopic-hydraulic-cylinder"},"modified":"2025-03-18T01:55:17","modified_gmt":"2025-03-18T01:55:17","slug":"20-ton-hydraulic-cylinder-double-acting-telescopic-hydraulic-cylinder","status":"publish","type":"product","link":"https:\/\/fmp-components.com\/lv\/product\/20-ton-hydraulic-cylinder-double-acting-telescopic-hydraulic-cylinder\/","title":{"rendered":"20 tonnu hidrauliskais cilindrs ar divk\u0101r\u0161u darb\u012bbu teleskopiskais hidrauliskais cilindrs"},"content":{"rendered":"<h2>20 tonnu hidrauliskais cilindrs ar divk\u0101r\u0161u darb\u012bbu teleskopiskais hidrauliskais cilindrs<\/h2>\n<p>\u0160is 20 tonnu hidrauliskais cilindrs ir divk\u0101r\u0161as darb\u012bbas teleskopisks hidrauliskais cilindrs, kas ir jauns ar 1 gada garantiju. Tas ir piem\u0113rots izmanto\u0161anai da\u017e\u0101d\u0101s nozar\u0113s, tostarp ma\u0161\u012bnb\u016bves remonta darbn\u012bc\u0101s, saimniec\u012bb\u0101s, ener\u0123\u0113tikas un kalnr\u016bpniec\u012bbas nozar\u0113, ma\u0161\u012bnb\u016bves ra\u017eo\u0161an\u0101 un ma\u0161\u012bnb\u016bves r\u016bpn\u012bc\u0101s.<\/p>\n<h3>Produkta specifik\u0101cijas<\/h3>\n<p>Hidraulisk\u0101 cilindra svars ir 120 kg, un t\u0101 maksim\u0101l\u0101 vilces jauda ir 3000. Tas ir daudzpak\u0101pju hidrauliskais cilindrs ar G\/SAE\/NPT\/M piesl\u0113gviet\u0101m, un tas var pavilkt maksim\u0101lo slodzi 20 tonnas. Cilindrs ir sertific\u0113ts saska\u0146\u0101 ar ISO9001:2000 un ir pieejams standarta meln\u0101 kr\u0101s\u0101.<\/p>\n<h3>Detaliz\u0113ti parametri<\/h3>\n<table style=\"width: 93.7263%; height: 127px;\" border=\"\">\n<tbody>\n<tr>\n<th>Urbuma izm\u0113rs<\/th>\n<td>2\u20136 collas<\/td>\n<\/tr>\n<tr>\n<th>Stie\u0146a izm\u0113rs<\/th>\n<td>1,125\u20134 collas<\/td>\n<\/tr>\n<tr>\n<th>Trieciena izm\u0113rs<\/th>\n<td>4\u2013100 collas<\/td>\n<\/tr>\n<tr>\n<th>Tapas izm\u0113rs<\/th>\n<td>0,5\u20132 collas<\/td>\n<\/tr>\n<tr>\n<th>Ostas<\/th>\n<td>G\/SAE\/NPT\/M<\/td>\n<\/tr>\n<\/tbody>\n<\/table>\n<h2>Unik\u0101las \u012bpa\u0161\u012bbas un priek\u0161roc\u012bbas<\/h2>\n<ul>\n<li>Energoefekt\u012bvs<\/li>\n<li>\u013boti efekt\u012bvs<\/li>\n<li>Dro\u0161i lietojams<\/li>\n<\/ul>\n<h2>Hidraulisk\u0101 sist\u0113ma un darb\u012bbas princips<\/h2>\n<p>Hidraulisk\u0101 cilindra darb\u012bbas pamat\u0101 ir hidraulisk\u0101s ener\u0123ijas p\u0101rv\u0113r\u0161anas meh\u0101nisk\u0101 kust\u012bb\u0101 pamatprincips. \u0160\u012b p\u0101rveido\u0161ana s\u0101kas, kad hidrauliskais \u0161\u0137idrums cilindr\u0101 tiek pak\u013cauts spiedienam. Spiedienam pieliekot \u0161\u0137idrumu, tas iedarbojas uz cilindr\u0101 eso\u0161o virzuli, izraisot virzu\u013ca kust\u012bbu. \u0160\u012b kust\u012bba rada line\u0101ru kust\u012bbu, ko var izmantot pla\u0161a meh\u0101nisko uzdevumu kl\u0101sta veik\u0161anai. \u0160\u012b procesa efektivit\u0101te \u013cauj hidrauliskaj\u0101m sist\u0113m\u0101m nodro\u0161in\u0101t iev\u0113rojamu jaudu no relat\u012bvi maz\u0101m ieejas jaud\u0101m, padarot t\u0101s ide\u0101li piem\u0113rotas lietojumiem, kuriem nepiecie\u0161ams iev\u0113rojams sp\u0113ks kompakt\u0101 veid\u0101.<\/p>\n<p><img loading=\"lazy\" decoding=\"async\" class=\"alignnone wp-image-6656\" src=\"https:\/\/fmp-components.com\/wp-content\/uploads\/2025\/03\/telescopic-hydraulic-cylinder-5.webp\" alt=\"teleskopiskais hidrauliskais cilindrs\" width=\"917\" height=\"917\" title=\"\" srcset=\"https:\/\/fmp-components.com\/wp-content\/uploads\/2025\/03\/telescopic-hydraulic-cylinder-5.webp 917w, https:\/\/fmp-components.com\/wp-content\/uploads\/2025\/03\/telescopic-hydraulic-cylinder-5-480x480.webp 480w\" sizes=\"(min-width: 0px) and (max-width: 480px) 480px, (min-width: 481px) 917px, 100vw\" \/><\/p>\n<p>Hidraulisko cilindru sare\u017e\u0123\u012bt\u0101 konstrukcija \u013cauj tiem efekt\u012bvi darboties da\u017e\u0101dos apst\u0101k\u013cos. Izmantojot nesaspie\u017eamu hidraulisko \u0161\u0137idrumu, \u0161\u012bs sist\u0113mas var p\u0101rvad\u012bt sp\u0113ku lielos att\u0101lumos ar minim\u0101liem ener\u0123ijas zudumiem. Turkl\u0101t sp\u0113ja kontrol\u0113t hidraulisk\u0101 \u0161\u0137idruma pl\u016bsmu un spiedienu \u013cauj prec\u012bzi kontrol\u0113t virzu\u013ca \u0101trumu un poz\u012bciju, uzlabojot hidraulisko sist\u0113mu daudzpus\u012bbu un rea\u0123\u0113tsp\u0113ju.<\/p>\n<h2>Lietojumprogrammu scen\u0101riji<\/h2>\n<p>Hidrauliskie cilindri ir neat\u0146emama sast\u0101vda\u013ca daudz\u0101s nozar\u0113s, demonstr\u0113jot to daudzpus\u012bbu un efektivit\u0101ti da\u017e\u0101dos pielietojumos, tostarp:<\/p>\n<ul>\n<li><strong>Ma\u0161\u012bnu ra\u017eo\u0161ana un apkope:<\/strong> Ra\u017eo\u0161anas vid\u0113 hidrauliskos cilindrus izmanto t\u0101diem uzdevumiem k\u0101 smagu deta\u013cu cel\u0161ana, materi\u0101lu pres\u0113\u0161ana un automatiz\u0113tu iek\u0101rtu darbin\u0101\u0161ana. Tiem ir b\u016btiska loma mont\u0101\u017eas l\u012bnij\u0101s un apkopes oper\u0101cij\u0101s, nodro\u0161inot nepiecie\u0161amo sp\u0113ku un precizit\u0101ti, lai nodro\u0161in\u0101tu vienm\u0113r\u012bgu darb\u012bbu.<\/li>\n<li><strong>Lauksaimniec\u012bba:<\/strong> Lauksaimniec\u012bb\u0101 hidrauliskos cilindrus izmanto da\u017e\u0101d\u0101s iek\u0101rt\u0101s, tostarp traktoros un kombainos. Tie pal\u012bdz t\u0101dos uzdevumos k\u0101 agreg\u0101tu pacel\u0161ana un nolai\u0161ana, arklu noliek\u0161ana un agreg\u0101tu darb\u012bba, uzlabojot ra\u017e\u012bgumu un efektivit\u0101ti lauksaimniec\u012bbas darb\u012bb\u0101s.<\/li>\n<li><strong>Ener\u0123\u0113tika un ieguves r\u016bpniec\u012bba:<\/strong> Hidraulisk\u0101s sist\u0113mas ir \u013coti svar\u012bgas ener\u0123\u0113tikas un kalnr\u016bpniec\u012bbas nozar\u0113s, kur t\u0101s tiek izmantotas urb\u0161anai, rak\u0161anai un smagu kravu cel\u0161anai. To sp\u0113ja darboties ekstrem\u0101los apst\u0101k\u013cos un nodro\u0161in\u0101t lielu sp\u0113ka izvadi padara t\u0101s neaizst\u0101jamas \u0161aj\u0101s skarbaj\u0101s vid\u0113s.<\/li>\n<li><strong>B\u016bvniec\u012bba:<\/strong> Hidrauliskie cilindri parasti ir sastopami celtniec\u012bbas ma\u0161\u012bn\u0101s, piem\u0113ram, ekskavatoros, buldozeros un celt\u0146os. Tie nodro\u0161ina jaud\u012bgas cel\u0161anas un rak\u0161anas iesp\u0113jas, prec\u012bzi un viegli veicot da\u017e\u0101dus celtniec\u012bbas uzdevumus.<\/li>\n<li><strong>Transports:<\/strong> Transporta nozar\u0113 hidrauliskos cilindrus transportl\u012bdzek\u013cos izmanto da\u017e\u0101d\u0101m funkcij\u0101m, tostarp aizmugur\u0113jo bortu pacel\u0161anai, hidraulisko brem\u017eu darbin\u0101\u0161anai un piekares sist\u0113mu vad\u012bbai, t\u0101d\u0113j\u0101di uzlabojot dro\u0161\u012bbu un veiktsp\u0113ju.<\/li>\n<\/ul>\n<p>Hidraulisko cilindru pla\u0161ais pielietojums \u0161aj\u0101s nozar\u0113s izce\u013c to b\u016btisko lomu m\u016bsdienu in\u017eenierzin\u0101tn\u0113s un ma\u0161\u012bnb\u016bv\u0113, veicinot efektivit\u0101ti un produktivit\u0101ti daudz\u0101s vid\u0113s.<\/p>\n<h2>Hidrauliskie cilindri un sp\u0113ka agreg\u0101ti<\/h2>\n<p>Hidrauliskais cilindrs un sp\u0113ka agreg\u0101ts ir neat\u0146emamas hidraulisk\u0101s sist\u0113mas sast\u0101vda\u013cas. To kombin\u0113t\u0101 darb\u012bba nodro\u0161ina pla\u0161u hidraulisk\u0101s tehnolo\u0123ijas pielietojumu r\u016bpniec\u012bbas sektor\u0101, nodro\u0161inot uzticamu jaudas un vad\u012bbas atbalstu da\u017e\u0101d\u0101m in\u017eeniertehnisk\u0101m un meh\u0101nisk\u0101m iek\u0101rt\u0101m. Hidrauliskais cilindrs k\u0101 izpildmeh\u0101nisms ir atbild\u012bgs par hidraulisk\u0101s ener\u0123ijas p\u0101rveido\u0161anu meh\u0101nisk\u0101 kust\u012bb\u0101, spiediena p\u0101rveido\u0161anu sp\u0113k\u0101. Sp\u0113ka agreg\u0101ts ir kodols, kas nodro\u0161ina hidrauliskajai sist\u0113mai nepiecie\u0161amo ener\u0123iju un vad\u012bbas sign\u0101lus. Abu koordin\u0113t\u0101 darb\u012bba \u013cauj hidrauliskajai sist\u0113mai darboties norm\u0101li. FMP pied\u0101v\u0101 ar\u012b sp\u0113ka agreg\u0101tus p\u0101rdo\u0161anai.<\/p>\n<h2>Bie\u017ei uzdotie jaut\u0101jumi<\/h2>\n<p>J: Vai j\u016bs esat tirdzniec\u012bbas uz\u0146\u0113mums vai ra\u017eot\u0101js?<br \/>\nA: M\u0113s esam ra\u017eot\u0101js.<\/p>\n<p>J: K\u0101ds ir pieg\u0101des laiks?<br \/>\nA: Parasti tas ir 25\u201335 dienas.<\/p>\n<p>J: Vai j\u016bs sniedzat paraugus? Vai tas ir bez maksas vai papildus?<br \/>\nA: J\u0101, m\u0113s var\u0113tu pied\u0101v\u0101t paraugu, bet tas nav bez maksas.<\/p>\n<h3>Par FMP<\/h3>\n<p>FMP ir vado\u0161ais it\u0101\u013cu ra\u017eot\u0101js, kas ir paz\u012bstams ar savu pieredzi augstas kvalit\u0101tes hidraulisko cilindru projekt\u0113\u0161an\u0101, izstr\u0101d\u0113 un ra\u017eo\u0161an\u0101. Ar gadu desmitiem ilgu pieredzi nozar\u0113 m\u0113s neman\u0101mi apvienojam tradicion\u0101lo it\u0101\u013cu meistar\u012bbu ar modern\u0101kaj\u0101m tehnolo\u0123ij\u0101m, lai nodro\u0161in\u0101tu izcilus hidrauliskos risin\u0101jumus, kas piel\u0101goti m\u016bsu glob\u0101lo klientu da\u017e\u0101daj\u0101m vajadz\u012bb\u0101m. FMP, kas atrodas It\u0101lij\u0101, in\u017eenierijas izcil\u012bbas centr\u0101, ir k\u013cuvis par uzticamu v\u0101rdu hidraulikas nozar\u0113, kas ir ap\u0146\u0113mies nodro\u0161in\u0101t uzticamus, iztur\u012bgus un inovat\u012bvus produktus, kas dod iesp\u0113jas uz\u0146\u0113mumiem vis\u0101 pasaul\u0113.<\/p>\n<p>M\u016bsu uz\u0146\u0113mums apvieno lab\u0101ko no progres\u012bv\u0101kaj\u0101m ra\u017eo\u0161anas praks\u0113m ar t\u0101lredz\u012bgu pieeju. Izmantojot daudzu gadu pieredzi hidraulisko sist\u0113mu jom\u0101, FMP ir att\u012bst\u012bjies par modernu uz\u0146\u0113mumu, kas izce\u013cas ar izcil\u0101m p\u0113tniec\u012bbas, dizaina un ra\u017eo\u0161anas sp\u0113j\u0101m. M\u0113s pied\u0101v\u0101jam pla\u0161u hidraulisko cilindru kl\u0101stu, tostarp divk\u0101r\u0161as darb\u012bbas cilindrus, automobi\u013cu pacel\u0161anas cilindrus, lauksaimniec\u012bbas tehnikas cilindrus un piel\u0101gotus risin\u0101jumus da\u017e\u0101diem r\u016bpnieciskiem pielietojumiem. Neatkar\u012bgi no t\u0101, vai tie ir paredz\u0113ti b\u016bvniec\u012bbai, r\u016bpniecisk\u0101m instal\u0101cij\u0101m, lauksaimniec\u012bbai vai smagajai tehnikai, m\u016bsu hidrauliskie cilindri ir izstr\u0101d\u0101ti, lai darbotos vissare\u017e\u0123\u012bt\u0101kajos apst\u0101k\u013cos, nodro\u0161inot dro\u0161\u012bbu, efektivit\u0101ti un ilgm\u016b\u017e\u012bbu.<\/p>\n<p>Uz\u0146\u0113mum\u0101 FMP m\u0113s lepojamies ar sav\u0101m modern\u0101kaj\u0101m ra\u017eo\u0161anas iek\u0101rt\u0101m, kas apr\u012bkotas ar prec\u012bzijas iek\u0101rt\u0101m un modern\u0101m test\u0113\u0161anas sist\u0113m\u0101m. M\u016bsu ra\u017eo\u0161anas procesi atbilst stingriem valsts un starptautiskajiem standartiem, garant\u0113jot, ka katrs sara\u017eotais hidrauliskais cilindrs atbilst augst\u0101kajiem kvalit\u0101tes un uzticam\u012bbas krit\u0113rijiem. Ar prasm\u012bgu tehnisko komandu un modern\u0101ko apr\u012bkojumu m\u0113s iev\u0113rojam stingru kvalit\u0101tes kontroli katr\u0101 ra\u017eo\u0161anas posm\u0101 \u2014 s\u0101kot no izejvielu izv\u0113les l\u012bdz gal\u012bgajai p\u0101rbaudei. \u0160\u012b ap\u0146em\u0161an\u0101s sasniegt izcil\u012bbu ir nodro\u0161in\u0101jusi mums sertifik\u0101tus un atzin\u012bbu no nozares iest\u0101d\u0113m, nostiprinot m\u016bsu reput\u0101ciju k\u0101 uzticamam partnerim.<\/p>\n<p><img loading=\"lazy\" decoding=\"async\" class=\"alignnone size-full wp-image-6720\" src=\"https:\/\/fmp-components.com\/wp-content\/uploads\/2025\/03\/hydraulic-cylinder-8.webp\" alt=\"Teleskopiskie hidrauliskie cilindri\" width=\"933\" height=\"526\" title=\"\" srcset=\"https:\/\/fmp-components.com\/wp-content\/uploads\/2025\/03\/hydraulic-cylinder-8.webp 933w, https:\/\/fmp-components.com\/wp-content\/uploads\/2025\/03\/hydraulic-cylinder-8-480x271.webp 480w\" sizes=\"(min-width: 0px) and (max-width: 480px) 480px, (min-width: 481px) 933px, 100vw\" \/><\/p>\n<p>M\u016bsu misija ir gan vienk\u0101r\u0161a, gan ambicioza: nodro\u0161in\u0101t m\u016bsu klientus ar hidrauliskajiem cilindriem, kas p\u0101rsniedz cer\u012bbas attiec\u012bb\u0101 uz veiktsp\u0113ju, iztur\u012bbu un v\u0113rt\u012bbu. M\u0113s iev\u0113rojam profesionalit\u0101tes, integrit\u0101tes un klientu orient\u0101cijas pamatprincipus. Veicinot inov\u0101ciju un precizit\u0101tes kult\u016bru, m\u0113s nep\u0101rtraukti uzlabojam savus produktus, lai saglab\u0101tu l\u012bderpoz\u012bcijas konkur\u0113tsp\u0113j\u012bg\u0101 tirg\u016b. M\u016bsu pla\u0161ais produktu kl\u0101sts un sp\u0113ja pied\u0101v\u0101t piel\u0101gotus risin\u0101jumus padara m\u016bs par v\u0113lamo izv\u0113li uz\u0146\u0113mumiem, kas mekl\u0113 augstas veiktsp\u0113jas hidrauliskos cilindrus.<\/p>\n<p>FMP ir vair\u0101k nek\u0101 tikai ra\u017eot\u0101js; m\u0113s esam ap\u0146\u0113mu\u0161ies partneri j\u016bsu pan\u0101kumos. M\u0113s saprotam, ka m\u016bsu klienti pa\u013caujas uz mums, lai nodro\u0161in\u0101tu instrumentus, kas uzlabo produktivit\u0101ti un dro\u0161\u012bbu. T\u0101p\u0113c m\u0113s esam ap\u0146\u0113mu\u0161ies nodro\u0161in\u0101t ne tikai augst\u0101k\u0101s klases produktus, bet ar\u012b izcilu servisu. S\u0101kot ar s\u0101kotn\u0113j\u0101m konsult\u0101cij\u0101m un beidzot ar p\u0113cp\u0101rdo\u0161anas atbalstu, m\u0113s cie\u0161i sadarbojamies ar saviem klientiem, lai nodro\u0161in\u0101tu, ka vi\u0146u vajadz\u012bbas tiek apmierin\u0101tas ar profesionalit\u0101ti un r\u016bp\u012bbu. M\u016bsu konkur\u0113tsp\u0113j\u012bg\u0101s cenas apvienojum\u0101 ar nelok\u0101mo ap\u0146em\u0161anos nodro\u0161in\u0101t kvalit\u0101ti padara FMP par gudru izv\u0113li uz\u0146\u0113mumiem, kas v\u0113las ieguld\u012bt uzticamos hidrauliskajos risin\u0101jumos.<\/p>","protected":false},"excerpt":{"rendered":"<p>20 Ton Hydraulic Cylinder Double Acting Telescopic Hydraulic Cylinder This 20 Ton hydraulic cylinder is a double acting telescopic hydraulic cylinder that is new with a 1-year warranty. It is suitable for use in various industries including machinery repair shops, farms, energy and mining, machinery manufacturing, and machinery factories. Product Specifications The hydraulic cylinder weighs [&hellip;]<\/p>","protected":false},"featured_media":6758,"comment_status":"closed","ping_status":"closed","template":"","meta":{"_et_pb_use_builder":"","_et_pb_old_content":"","_et_gb_content_width":""},"product_brand":[],"product_cat":[103],"product_tag":[34,105],"class_list":{"0":"post-6648","1":"product","2":"type-product","3":"status-publish","4":"has-post-thumbnail","6":"product_cat-telescopic-hydraulic-cylinders","7":"product_tag-hydraulic-cylinder","8":"product_tag-telescopic-hydraulic-cylinders","10":"first","11":"instock","12":"product-type-simple"},"_links":{"self":[{"href":"https:\/\/fmp-components.com\/lv\/wp-json\/wp\/v2\/product\/6648","targetHints":{"allow":["GET"]}}],"collection":[{"href":"https:\/\/fmp-components.com\/lv\/wp-json\/wp\/v2\/product"}],"about":[{"href":"https:\/\/fmp-components.com\/lv\/wp-json\/wp\/v2\/types\/product"}],"replies":[{"embeddable":true,"href":"https:\/\/fmp-components.com\/lv\/wp-json\/wp\/v2\/comments?post=6648"}],"wp:featuredmedia":[{"embeddable":true,"href":"https:\/\/fmp-components.com\/lv\/wp-json\/wp\/v2\/media\/6758"}],"wp:attachment":[{"href":"https:\/\/fmp-components.com\/lv\/wp-json\/wp\/v2\/media?parent=6648"}],"wp:term":[{"taxonomy":"product_brand","embeddable":true,"href":"https:\/\/fmp-components.com\/lv\/wp-json\/wp\/v2\/product_brand?post=6648"},{"taxonomy":"product_cat","embeddable":true,"href":"https:\/\/fmp-components.com\/lv\/wp-json\/wp\/v2\/product_cat?post=6648"},{"taxonomy":"product_tag","embeddable":true,"href":"https:\/\/fmp-components.com\/lv\/wp-json\/wp\/v2\/product_tag?post=6648"}],"curies":[{"name":"wp","href":"https:\/\/api.w.org\/{rel}","templated":true}]}}