{"id":6645,"date":"2025-03-11T06:35:17","date_gmt":"2025-03-11T06:35:17","guid":{"rendered":"https:\/\/fmp-components.com\/product\/5-stage-hydraulic-hoist-cylinder-dump-truck-hydraulic-cylinder"},"modified":"2025-03-12T08:36:56","modified_gmt":"2025-03-12T08:36:56","slug":"5-stage-hydraulic-hoist-cylinder-dump-truck-hydraulic-cylinder","status":"publish","type":"product","link":"https:\/\/fmp-components.com\/lv\/product\/5-stage-hydraulic-hoist-cylinder-dump-truck-hydraulic-cylinder\/","title":{"rendered":"5 pak\u0101pju hidraulisk\u0101 pac\u0113l\u0101ja cilindra pa\u0161izg\u0101z\u0113ja hidrauliskais cilindrs"},"content":{"rendered":"<h2>5 pak\u0101pju hidraulisk\u0101 pac\u0113l\u0101ja cilindra pa\u0161izg\u0101z\u0113ja hidrauliskais cilindrs<\/h2>\n<p>5 pak\u0101pju hidraulisk\u0101 pac\u0113l\u0101ja cilindra pa\u0161izg\u0101z\u0113ja hidrauliskais cilindrs ir moderns produkts, kas paredz\u0113ts, lai nodro\u0161in\u0101tu visaugst\u0101ko efektivit\u0101tes un jaudas l\u012bmeni. T\u0101 uzticamais un iztur\u012bgais dizains padara to par b\u016btisku sast\u0101vda\u013cu ma\u0161\u012bnb\u016bves remonta darbn\u012bc\u0101s, saimniec\u012bb\u0101s, ener\u0123\u0113tikas un kalnr\u016bpniec\u012bbas nozar\u0113s, ma\u0161\u012bnb\u016bves ra\u017eo\u0161an\u0101 un ma\u0161\u012bnb\u016bves r\u016bpn\u012bc\u0101s.<\/p>\n<p><img loading=\"lazy\" decoding=\"async\" class=\"alignnone  wp-image-6664\" src=\"https:\/\/fmp-components.com\/wp-content\/uploads\/2025\/03\/telescopic-hydraulic-cylinder-8.webp\" alt=\"teleskopiskais hidrauliskais cilindrs\" width=\"861\" height=\"861\" title=\"\" srcset=\"https:\/\/fmp-components.com\/wp-content\/uploads\/2025\/03\/telescopic-hydraulic-cylinder-8.webp 861w, https:\/\/fmp-components.com\/wp-content\/uploads\/2025\/03\/telescopic-hydraulic-cylinder-8-480x480.webp 480w\" sizes=\"(min-width: 0px) and (max-width: 480px) 480px, (min-width: 481px) 861px, 100vw\" \/><\/p>\n<h3>Produkta \u012bpa\u0161\u012bbas un specifik\u0101cijas<\/h3>\n<p>\u0160im hidrauliskajam cilindram ir 1 gada garantija, un t\u0101 svars ir 28 kg. Tam ir standarta virzu\u013ccilindra strukt\u016bra, ko darbina hidraulisk\u0101 ener\u0123ija, un tas ir izgatavots no augstas kvalit\u0101tes t\u0113rauda maksim\u0101lai iztur\u012bbai. T\u0101 maksim\u0101l\u0101 vilces jauda ir 3000 tonnu un maksim\u0101l\u0101 vilk\u0161anas jauda ir 20 tonnas. Tas ir meln\u0101 kr\u0101s\u0101 un ir daudzpak\u0101pju hidrauliskais cilindrs.<\/p>\n<table style=\"width: 95.1506%; height: 115px;\" border=\"\">\n<tbody>\n<tr style=\"height: 23px;\">\n<th style=\"width: 43.5028%; height: 23px;\">Urbuma izm\u0113rs<\/th>\n<td style=\"width: 459.393%; height: 23px;\">2\u20136 collas<\/td>\n<\/tr>\n<tr style=\"height: 23px;\">\n<th style=\"width: 43.5028%; height: 23px;\">Stie\u0146a izm\u0113rs<\/th>\n<td style=\"width: 459.393%; height: 23px;\">1,125\u20134 collas<\/td>\n<\/tr>\n<tr style=\"height: 23px;\">\n<th style=\"width: 43.5028%; height: 23px;\">Trieciena izm\u0113rs<\/th>\n<td style=\"width: 459.393%; height: 23px;\">4\u2013100 collas<\/td>\n<\/tr>\n<tr style=\"height: 23px;\">\n<th style=\"width: 43.5028%; height: 23px;\">Tapas izm\u0113rs<\/th>\n<td style=\"width: 459.393%; height: 23px;\">0,5\u20132 collas<\/td>\n<\/tr>\n<tr style=\"height: 23px;\">\n<th style=\"width: 43.5028%; height: 23px;\">Ostas<\/th>\n<td style=\"width: 459.393%; height: 23px;\">G\/SAE\/NPT\/M<\/td>\n<\/tr>\n<\/tbody>\n<\/table>\n<h2>Unik\u0101las \u012bpa\u0161\u012bbas un priek\u0161roc\u012bbas<\/h2>\n<p>\u0160is hidrauliskais cilindrs ir izstr\u0101d\u0101ts, koncentr\u0113joties uz energoefektivit\u0101ti, augstu veiktsp\u0113ju un dro\u0161\u012bbu, padarot to par vado\u0161o izv\u0113li tirg\u016b. T\u0101 inovat\u012bv\u0101s funkcijas nodro\u0161ina maksim\u0101lu darb\u012bbu, vienlaikus samazinot ietekmi uz vidi. Optimiz\u0113jot hidraulisk\u0101s ener\u0123ijas p\u0101rveido\u0161anu, \u0161is cilindrs ne tikai samazina ener\u0123ijas izmaksas, bet ar\u012b atbalsta ilgtsp\u0113j\u012bgu praksi. Turkl\u0101t t\u0101 iztur\u012bg\u0101 konstrukcija un progres\u012bv\u0101 in\u017eenierija sniedz sirdsmieru, jo tas atbilst stingriem dro\u0161\u012bbas standartiem un nodro\u0161ina uzticamu darb\u012bbu sare\u017e\u0123\u012btos apst\u0101k\u013cos.<\/p>\n<h3>Hidraulisk\u0101s sist\u0113mas un darb\u012bbas principi<\/h3>\n<p>Hidraulisk\u0101 cilindra darb\u012bbas pamatprincips ir hidraulisk\u0101s ener\u0123ijas p\u0101rv\u0113r\u0161ana meh\u0101nisk\u0101 kust\u012bb\u0101. \u0160is process ietver spiediena p\u0101rveido\u0161anu sp\u0113k\u0101, kas \u013cauj cilindram prec\u012bzi veikt da\u017e\u0101dus meh\u0101niskus uzdevumus. Kad hidrauliskais \u0161\u0137idrums ir zem spiediena, tas spie\u017eas pret virzuli cilindr\u0101, radot line\u0101ru kust\u012bbu. \u0160\u012b efekt\u012bv\u0101 ener\u0123ijas p\u0101rveido\u0161ana padara hidrauliskos cilindrus par b\u016btisk\u0101m sast\u0101vda\u013c\u0101m daudz\u0101s ma\u0161\u012bn\u0101s un in\u017eenierzin\u0101tn\u0113s, \u013caujot operatoriem viegli pacelt, stumt vai vilkt smagas kravas.<\/p>\n<p><img loading=\"lazy\" decoding=\"async\" class=\"alignnone  wp-image-6665\" src=\"https:\/\/fmp-components.com\/wp-content\/uploads\/2025\/03\/telescopic-hydraulic-cylinder-9.webp\" alt=\"teleskopiskais hidrauliskais cilindrs\" width=\"912\" height=\"912\" title=\"\" srcset=\"https:\/\/fmp-components.com\/wp-content\/uploads\/2025\/03\/telescopic-hydraulic-cylinder-9.webp 912w, https:\/\/fmp-components.com\/wp-content\/uploads\/2025\/03\/telescopic-hydraulic-cylinder-9-480x480.webp 480w\" sizes=\"(min-width: 0px) and (max-width: 480px) 480px, (min-width: 481px) 912px, 100vw\" \/><\/p>\n<h3>Lietojumprogrammu scen\u0101riji<\/h3>\n<p>\u0160is hidrauliskais cilindrs tiek pla\u0161i izmantots da\u017e\u0101d\u0101s nozar\u0113s, tostarp:<\/p>\n<ul>\n<li><strong>Ma\u0161\u012bnu remonta darbn\u012bcas:<\/strong> Remonta vid\u0113 hidrauliskie cilindri atvieglo smago ma\u0161\u012bnu deta\u013cu pacel\u0161anu un pozicion\u0113\u0161anu, t\u0101d\u0113j\u0101di racionaliz\u0113jot apkopes procesus un uzlabojot darb\u012bbas efektivit\u0101ti.<\/li>\n<li><strong>Lauksaimniec\u012bba:<\/strong> Lauksaimniec\u012bbas nozar\u0113 \u0161ie cilindri ir \u013coti svar\u012bgi t\u0101du iek\u0101rtu k\u0101 traktoru un kombainu darbin\u0101\u0161anai. Tie pal\u012bdz t\u0101dos uzdevumos k\u0101 cel\u0161ana, ar\u0161ana un pre\u010du transport\u0113\u0161ana, iev\u0113rojami uzlabojot ra\u017e\u012bgumu saimniec\u012bb\u0101s.<\/li>\n<li><strong>Ener\u0123\u0113tika un ieguves r\u016bpniec\u012bba:<\/strong> Hidrauliskie cilindri ir vit\u0101li svar\u012bgi ener\u0123\u0113tikas un kalnr\u016bpniec\u012bbas darbos, kur tos izmanto urb\u0161anai, rak\u0161anai un materi\u0101lu apstr\u0101dei. To sp\u0113ja dro\u0161i darboties skarbos apst\u0101k\u013cos padara tos neaizst\u0101jamus \u0161o nozaru iek\u0101rt\u0101m.<\/li>\n<li><strong>Ma\u0161\u012bnu ra\u017eo\u0161ana:<\/strong> Ra\u017eo\u0161anas vid\u0113 hidrauliskos cilindrus izmanto procesu automatiz\u0113\u0161anai, smagu materi\u0101lu pacel\u0161anai un mont\u0101\u017eas l\u012bniju darbin\u0101\u0161anai. To efektivit\u0101te veicina ra\u017eo\u0161anas produktivit\u0101tes un precizit\u0101tes pieaugumu.<\/li>\n<li><strong>Ma\u0161\u012bnu r\u016bpn\u012bcas:<\/strong> \u0160iem cilindriem ir galven\u0101 loma da\u017e\u0101du ma\u0161\u012bnu komponentu mont\u0101\u017e\u0101 un darb\u012bb\u0101, nodro\u0161inot vienm\u0113r\u012bgu darbpl\u016bsmu un efekt\u012bvu materi\u0101lu apstr\u0101di r\u016bpn\u012bcas vid\u0113.<\/li>\n<\/ul>\n<h2>Hidrauliskie cilindri un sp\u0113ka agreg\u0101ti<\/h2>\n<p>Hidrauliskie cilindri un sp\u0113ka agreg\u0101ti ir jebkuras hidraulisk\u0101s sist\u0113mas b\u016btiskas sast\u0101vda\u013cas, kas darbojas kop\u0101, lai nodro\u0161in\u0101tu uzticamu jaudu un vad\u012bbu. Hidrauliskais cilindrs darbojas k\u0101 izpildmeh\u0101nisms, p\u0101rveidojot hidraulisko ener\u0123iju meh\u0101nisk\u0101 kust\u012bb\u0101, savuk\u0101rt sp\u0113ka agreg\u0101ts \u0123ener\u0113 un regul\u0113 darb\u012bbai nepiecie\u0161amo hidraulisko spiedienu. \u0160\u012bs simbiotisk\u0101s attiec\u012bbas \u013cauj pla\u0161i pielietot hidraulisk\u0101s tehnolo\u0123ijas da\u017e\u0101d\u0101s nozar\u0113s, nodro\u0161inot, ka in\u017eeniertehnisk\u0101s un meh\u0101nisk\u0101s iek\u0101rtas var darboties efekt\u012bvi un lietder\u012bgi. Integr\u0113jot augstas kvalit\u0101tes hidrauliskos cilindrus ar modern\u0101m sp\u0113ka agreg\u0101tiem, uz\u0146\u0113mumi var sasniegt optim\u0101lu veiktsp\u0113ju un uzticam\u012bbu sav\u0101 darb\u012bb\u0101, veicinot produktivit\u0101ti un inov\u0101cijas attiec\u012bgaj\u0101s jom\u0101s.<\/p>\n<h2>Bie\u017ei uzdotie jaut\u0101jumi<\/h2>\n<p><b>J: Vai j\u016bs esat tirdzniec\u012bbas uz\u0146\u0113mums vai ra\u017eot\u0101js?<\/b><br \/>\nA: M\u0113s esam r\u016bpn\u012bca.<\/p>\n<p><b>J: Cik ilgs ir j\u016bsu pieg\u0101des laiks?<\/b><br \/>\nA: Parasti tas ir 25\u201335 dienas.<\/p>\n<p><b>J: Vai j\u016bs sniedzat paraugus? Vai tas ir bez maksas vai papildus?<\/b><br \/>\nA: J\u0101, m\u0113s var\u0113tu pied\u0101v\u0101t paraugu, bet tas nav bez maksas.<\/p>\n<h3>Par FMP<\/h3>\n<p class=\"break-words\">FMP ir vado\u0161ais It\u0101lijas ra\u017eot\u0101js, kas specializ\u0113jas augstas kvalit\u0101tes hidraulisko cilindru projekt\u0113\u0161an\u0101, izstr\u0101d\u0113 un ra\u017eo\u0161an\u0101. Ar bag\u0101t\u012bgu mantojumu, kas sak\u0146ojas gadu desmitiem ilg\u0101 pieredz\u0113, m\u0113s ar lepnumu apvienojam it\u0101\u013cu meistar\u012bbu ar jaun\u0101kaj\u0101m tehnolo\u0123ij\u0101m, lai nodro\u0161in\u0101tu izcilus hidrauliskos risin\u0101jumus, kas piel\u0101goti m\u016bsu glob\u0101l\u0101 klientu loka da\u017e\u0101daj\u0101m vajadz\u012bb\u0101m. FMP, kas atrodas It\u0101lij\u0101, in\u017eenierijas izcil\u012bbas centr\u0101, ir uzticams v\u0101rds hidraulikas nozar\u0113 un ir ap\u0146\u0113mies nodro\u0161in\u0101t uzticamus, iztur\u012bgus un inovat\u012bvus produktus, kas dod iesp\u0113jas uz\u0146\u0113mumiem vis\u0101 pasaul\u0113.<\/p>\n<p class=\"break-words\">M\u016bsu uz\u0146\u0113mums apvieno lab\u0101k\u0101s progres\u012bv\u0101s ra\u017eo\u0161anas trad\u012bcijas ar t\u0101lredz\u012bgu pieeju. Balstoties uz daudzu gadu pieredzi hidraulisko sist\u0113mu jom\u0101, FMP ir att\u012bst\u012bjies par modernu uz\u0146\u0113mumu, kas izce\u013cas ar izcil\u0101m p\u0113tniec\u012bbas, dizaina un ra\u017eo\u0161anas sp\u0113j\u0101m. M\u0113s specializ\u0113jamies pla\u0161\u0101 hidraulisko cilindru kl\u0101st\u0101, tostarp divk\u0101r\u0161as darb\u012bbas cilindros, automobi\u013cu pacel\u0161anas cilindros, lauksaimniec\u012bbas tehnikas cilindros un piel\u0101gotos risin\u0101jumos da\u017e\u0101diem r\u016bpnieciskiem pielietojumiem. Neatkar\u012bgi no t\u0101, vai tas ir paredz\u0113ts b\u016bvniec\u012bbai, r\u016bpniecisk\u0101m instal\u0101cij\u0101m, lauksaimniec\u012bbai vai smagajai tehnikai, m\u016bsu hidrauliskie cilindri ir rad\u012bti, lai darbotos vissmag\u0101kajos apst\u0101k\u013cos, nodro\u0161inot dro\u0161\u012bbu, efektivit\u0101ti un ilgm\u016b\u017e\u012bbu.<\/p>\n<p><img loading=\"lazy\" decoding=\"async\" class=\"alignnone size-full wp-image-6720\" src=\"https:\/\/fmp-components.com\/wp-content\/uploads\/2025\/03\/hydraulic-cylinder-8.webp\" alt=\"Teleskopiskie hidrauliskie cilindri\" width=\"933\" height=\"526\" title=\"\" srcset=\"https:\/\/fmp-components.com\/wp-content\/uploads\/2025\/03\/hydraulic-cylinder-8.webp 933w, https:\/\/fmp-components.com\/wp-content\/uploads\/2025\/03\/hydraulic-cylinder-8-480x271.webp 480w\" sizes=\"(min-width: 0px) and (max-width: 480px) 480px, (min-width: 481px) 933px, 100vw\" \/><\/p>\n<p class=\"break-words\">Uz\u0146\u0113mum\u0101 FMP m\u0113s lepojamies ar sav\u0101m modern\u0101kaj\u0101m ra\u017eo\u0161anas iek\u0101rt\u0101m, kas apr\u012bkotas ar prec\u012bzijas iek\u0101rt\u0101m un modern\u0101m test\u0113\u0161anas sist\u0113m\u0101m. M\u016bsu ra\u017eo\u0161anas procesi atbilst stingriem valsts un starptautiskajiem standartiem, nodro\u0161inot, ka katrs hidrauliskais cilindrs, kas atst\u0101j m\u016bsu r\u016bpn\u012bcu, ir augst\u0101k\u0101s kvalit\u0101tes un uzticam\u012bbas. M\u016bsu prasm\u012bg\u0101 tehnisk\u0101 komanda apvienojum\u0101 ar modern\u0101ko apr\u012bkojumu \u013cauj mums uztur\u0113t stingru kvalit\u0101tes kontroli katr\u0101 ra\u017eo\u0161anas posm\u0101 \u2014 s\u0101kot no izejvielu izv\u0113les l\u012bdz gal\u012bgajai p\u0101rbaudei. \u0160\u012b ap\u0146em\u0161an\u0101s sasniegt izcil\u012bbu ir nodro\u0161in\u0101jusi mums sertifik\u0101tus un atzin\u012bbu no nozares iest\u0101d\u0113m, v\u0113l vair\u0101k nostiprinot m\u016bsu reput\u0101ciju k\u0101 uzticamam partnerim.<\/p>\n<p class=\"break-words\">M\u016bsu misija ir vienk\u0101r\u0161a, tom\u0113r ambicioza: nodro\u0161in\u0101t m\u016bsu klientus ar hidrauliskajiem cilindriem, kas p\u0101rsniedz cer\u012bbas attiec\u012bb\u0101 uz veiktsp\u0113ju, iztur\u012bbu un v\u0113rt\u012bbu. M\u0113s darbojamies, iev\u0113rojot profesionalit\u0101tes, godpr\u0101t\u012bbas un klientu apkalpo\u0161anas pamatprincipus. Veicinot inov\u0101ciju un precizit\u0101tes kult\u016bru, m\u0113s nep\u0101rtraukti pilnveidojam savus produktus, lai saglab\u0101tu l\u012bderpoz\u012bcijas konkur\u0113tsp\u0113j\u012bg\u0101 tirg\u016b. M\u016bsu pla\u0161ais produktu kl\u0101sts un sp\u0113ja pied\u0101v\u0101t piel\u0101gotus risin\u0101jumus padara m\u016bs par lab\u0101ko izv\u0113li uz\u0146\u0113mumiem, kas mekl\u0113 augstas veiktsp\u0113jas hidrauliskos cilindrus.<\/p>\n<p class=\"break-words\">FMP ir vair\u0101k nek\u0101 tikai ra\u017eot\u0101js \u2014 m\u0113s esam partneris j\u016bsu pan\u0101kumos. M\u0113s saprotam, ka m\u016bsu klienti pa\u013caujas uz mums, lai pieg\u0101d\u0101tu instrumentus, kas uzlabo vi\u0146u produktivit\u0101ti un dro\u0161\u012bbu. T\u0101p\u0113c m\u0113s esam ap\u0146\u0113mu\u0161ies pied\u0101v\u0101t ne tikai augst\u0101k\u0101s klases produktus, bet ar\u012b izcilu servisu. S\u0101kot ar s\u0101kotn\u0113jo konsult\u0101ciju un beidzot ar p\u0113cp\u0101rdo\u0161anas atbalstu, m\u0113s cie\u0161i sadarbojamies ar saviem klientiem, lai nodro\u0161in\u0101tu, ka vi\u0146u vajadz\u012bbas tiek apmierin\u0101tas ar profesionalit\u0101ti un r\u016bp\u012bbu. M\u016bsu konkur\u0113tsp\u0113j\u012bg\u0101s cenas apvienojum\u0101 ar nelok\u0101mo ap\u0146em\u0161anos nodro\u0161in\u0101t kvalit\u0101ti padara FMP par gudru izv\u0113li uz\u0146\u0113mumiem, kas v\u0113las ieguld\u012bt l\u012bdzek\u013cus uzticamos hidrauliskajos risin\u0101jumos.<\/p>","protected":false},"excerpt":{"rendered":"<p>5 Stage Hydraulic Hoist Cylinder Dump Truck Hydraulic Cylinder The 5 Stage Hydraulic Hoist Cylinder Dump Truck hydraulic cylinder is a state-of-the-art product designed to provide the highest level of efficiency and power. Its reliable and durable design makes it an essential component in machinery repair shops, farms, energy and mining sectors, machinery manufacturing and [&hellip;]<\/p>","protected":false},"featured_media":6767,"comment_status":"closed","ping_status":"closed","template":"","meta":{"_et_pb_use_builder":"","_et_pb_old_content":"","_et_gb_content_width":""},"product_brand":[],"product_cat":[103],"product_tag":[34,105],"class_list":{"0":"post-6645","1":"product","2":"type-product","3":"status-publish","4":"has-post-thumbnail","6":"product_cat-telescopic-hydraulic-cylinders","7":"product_tag-hydraulic-cylinder","8":"product_tag-telescopic-hydraulic-cylinders","10":"first","11":"instock","12":"product-type-simple"},"_links":{"self":[{"href":"https:\/\/fmp-components.com\/lv\/wp-json\/wp\/v2\/product\/6645","targetHints":{"allow":["GET"]}}],"collection":[{"href":"https:\/\/fmp-components.com\/lv\/wp-json\/wp\/v2\/product"}],"about":[{"href":"https:\/\/fmp-components.com\/lv\/wp-json\/wp\/v2\/types\/product"}],"replies":[{"embeddable":true,"href":"https:\/\/fmp-components.com\/lv\/wp-json\/wp\/v2\/comments?post=6645"}],"wp:featuredmedia":[{"embeddable":true,"href":"https:\/\/fmp-components.com\/lv\/wp-json\/wp\/v2\/media\/6767"}],"wp:attachment":[{"href":"https:\/\/fmp-components.com\/lv\/wp-json\/wp\/v2\/media?parent=6645"}],"wp:term":[{"taxonomy":"product_brand","embeddable":true,"href":"https:\/\/fmp-components.com\/lv\/wp-json\/wp\/v2\/product_brand?post=6645"},{"taxonomy":"product_cat","embeddable":true,"href":"https:\/\/fmp-components.com\/lv\/wp-json\/wp\/v2\/product_cat?post=6645"},{"taxonomy":"product_tag","embeddable":true,"href":"https:\/\/fmp-components.com\/lv\/wp-json\/wp\/v2\/product_tag?post=6645"}],"curies":[{"name":"wp","href":"https:\/\/api.w.org\/{rel}","templated":true}]}}