{"id":6640,"date":"2025-03-11T06:35:17","date_gmt":"2025-03-11T06:35:17","guid":{"rendered":"https:\/\/fmp-components.com\/product\/mini-two-stage-hydraulic-cylinder-telescopic-hydraulic-cylinder"},"modified":"2025-03-18T01:03:15","modified_gmt":"2025-03-18T01:03:15","slug":"mini-two-stage-hydraulic-cylinder-telescopic-hydraulic-cylinder","status":"publish","type":"product","link":"https:\/\/fmp-components.com\/lv\/product\/mini-two-stage-hydraulic-cylinder-telescopic-hydraulic-cylinder\/","title":{"rendered":"Mini divpak\u0101pju hidrauliskais cilindrs Teleskopiskais hidrauliskais cilindrs"},"content":{"rendered":"<h2>Mini divpak\u0101pju hidrauliskais cilindrs Teleskopiskais hidrauliskais cilindrs<\/h2>\n<p>Izbaudiet hidraulisk\u0101s tehnolo\u0123ijas virsotni ar m\u016bsu mini divpak\u0101pju hidraulisko cilindru - teleskopisko hidraulisko cilindru. \u0160is augst\u0101k\u0101s klases produkts, kas tirg\u016b par\u0101d\u012bsies 2025. gad\u0101, ir paredz\u0113ts pla\u0161am nozaru kl\u0101stam, tostarp ma\u0161\u012bnb\u016bves remonta darbn\u012bc\u0101m, lauksaimniec\u012bbas tehnikai, ener\u0123\u0113tikas un ieguves r\u016bpniec\u012bbai, ma\u0161\u012bnb\u016bves ra\u017eo\u0161anai un ma\u0161\u012bnb\u016bves r\u016bpn\u012bc\u0101m.<\/p>\n<h3>Funkcijas un specifik\u0101cijas<\/h3>\n<p>M\u016bsu hidrauliskais cilindrs ir izstr\u0101d\u0101ts t\u0101, lai b\u016btu iztur\u012bgs, efekt\u012bvs un uzticams. Tas sast\u0101v no galvenaj\u0101m sast\u0101vda\u013c\u0101m, piem\u0113ram, gult\u0146iem un hidraulisk\u0101 cilindra, kas visi ir ievietoti iztur\u012bg\u0101 t\u0113rauda korpus\u0101. Tas ir standarta daudzpak\u0101pju hidrauliskais cilindrs ar hidraulisk\u0101s ener\u0123ijas avotu.<\/p>\n<table style=\"width: 97.3637%;\" border=\"\">\n<tbody>\n<tr>\n<td style=\"width: 42.8571%;\"><i>Urbuma izm\u0113rs<\/i><\/td>\n<td style=\"width: 394.857%;\">2\u20136 collas<\/td>\n<\/tr>\n<tr>\n<td style=\"width: 42.8571%;\"><i>Stie\u0146a izm\u0113rs<\/i><\/td>\n<td style=\"width: 394.857%;\">1,125\u20134 collas<\/td>\n<\/tr>\n<tr>\n<td style=\"width: 42.8571%;\"><i>Trieciena izm\u0113rs<\/i><\/td>\n<td style=\"width: 394.857%;\">4\u2013100 collas<\/td>\n<\/tr>\n<tr>\n<td style=\"width: 42.8571%;\"><i>Tapas izm\u0113rs<\/i><\/td>\n<td style=\"width: 394.857%;\">0,5\u20132 collas<\/td>\n<\/tr>\n<tr>\n<td style=\"width: 42.8571%;\"><i>Ostas<\/i><\/td>\n<td style=\"width: 394.857%;\">G\/SAE\/NPT\/M<\/td>\n<\/tr>\n<\/tbody>\n<\/table>\n<h2>Izcilas funkcijas<\/h2>\n<p>Hidraulisk\u0101 cilindra maksim\u0101l\u0101 vilces jauda ir 3000 j\u016bdzes un tas var pavilkt maksim\u0101li 20 tonnas. Tas ir sertific\u0113ts atbilsto\u0161i ISO9001:2000 standartam, un t\u0101 galvenaj\u0101m sast\u0101vda\u013c\u0101m ir 1 gada garantija. Meln\u0101 kr\u0101sa pie\u0161\u0137ir tam elegantu, profesion\u0101lu izskatu, kas iederas jebkur\u0101 r\u016bpniecisk\u0101 vid\u0113.<\/p>\n<h2>K\u0101 darbojas hidraulisk\u0101s sist\u0113mas<\/h2>\n<p>Hidraulisk\u0101s sist\u0113mas izmanto \u0161\u0137idruma spiediena sp\u0113ku, lai rad\u012btu sp\u0113ku un kust\u012bbu, padarot t\u0101s par fundament\u0101lu tehnolo\u0123iju da\u017e\u0101dos r\u016bpnieciskos pielietojumos. \u0160o sist\u0113mu pamat\u0101 ir hidrauliskais cilindrs, kas sast\u0101v no virzu\u013ca strukt\u016bras, kas paredz\u0113ta hidraulisk\u0101 \u0161\u0137idruma satur\u0113\u0161anai. Kad \u0161is \u0161\u0137idrums tiek pak\u013cauts spiedienam \u2014 parasti ar hidraulisk\u0101 s\u016bk\u0146a pal\u012bdz\u012bbu \u2014, tas rada sp\u0113c\u012bgu vilci, ko var prec\u012bzi kontrol\u0113t. \u0160o vilci p\u0113c tam izmanto, lai veiktu pla\u0161u uzdevumu kl\u0101stu da\u017e\u0101d\u0101s nozar\u0113s, s\u0101kot no smagu kravu cel\u0161anas l\u012bdz ma\u0161\u012bnu apkalpo\u0161anai.<\/p>\n<p><img loading=\"lazy\" decoding=\"async\" class=\"alignnone wp-image-6717\" src=\"https:\/\/fmp-components.com\/wp-content\/uploads\/2025\/03\/hydraulic-cylinder-211.webp\" alt=\"Hidrauliskie cilindri\" width=\"805\" height=\"807\" title=\"\" srcset=\"https:\/\/fmp-components.com\/wp-content\/uploads\/2025\/03\/hydraulic-cylinder-211.webp 805w, https:\/\/fmp-components.com\/wp-content\/uploads\/2025\/03\/hydraulic-cylinder-211-480x481.webp 480w\" sizes=\"(min-width: 0px) and (max-width: 480px) 480px, (min-width: 481px) 805px, 100vw\" \/><\/p>\n<h2>Hidraulisk\u0101 cilindra pielietojums<\/h2>\n<p>Hidraulisko cilindru daudzpus\u012bba ir viena no to liel\u0101kaj\u0101m priek\u0161roc\u012bb\u0101m. \u0160ie cilindri sp\u0113j nodro\u0161in\u0101t lielu vilk\u0161anas un vilces jaudu, padarot tos neaizst\u0101jamus lieljaudas ma\u0161\u012bn\u0101s un iek\u0101rt\u0101s. Piem\u0113ram, lauksaimniec\u012bb\u0101 hidrauliskos cilindrus izmanto lauksaimniec\u012bbas apr\u012bkojum\u0101, piem\u0113ram, traktoros un kombainos, lai paceltu un nolaistu darbar\u012bkus. Kalnr\u016bpniec\u012bb\u0101 tie darbina urb\u0161anas un rak\u0161anas ma\u0161\u012bnas, \u013caujot viegli p\u0101rvietot mas\u012bvas kravas. Turkl\u0101t hidrauliskie cilindri tiek izmantoti celtniec\u012bbas iek\u0101rt\u0101s, automobi\u013cu pac\u0113l\u0101jos un pat kosmosa tehnolo\u0123ij\u0101s, demonstr\u0113jot to pla\u0161o lietder\u012bbu un iztur\u012bbu.<\/p>\n<h2>Hidrauliskie cilindri un sp\u0113ka agreg\u0101ti<\/h2>\n<p>Hidrauliskie cilindri un sp\u0113ka agreg\u0101ti ir divas neaizst\u0101jamas hidraulisk\u0101s sist\u0113mas sast\u0101vda\u013cas, kas darbojas tand\u0113m\u0101, lai maksim\u0101li palielin\u0101tu efektivit\u0101ti un lietder\u012bbu. Hidrauliskais cilindrs p\u0101rveido hidraulisko ener\u0123iju meh\u0101nisk\u0101 kust\u012bb\u0101, savuk\u0101rt sp\u0113ka agreg\u0101ts nodro\u0161ina nepiecie\u0161amo hidraulisk\u0101 \u0161\u0137idruma spiedienu un pl\u016bsmu. Kop\u0101 \u0161ie komponenti nodro\u0161ina hidraulisk\u0101s tehnolo\u0123ijas uzticamu darb\u012bbu da\u017e\u0101d\u0101s r\u016bpniec\u012bbas jom\u0101s. Tie nodro\u0161ina b\u016btisku jaudas un vad\u012bbas atbalstu pla\u0161am in\u017eeniertehnisko un meh\u0101nisko iek\u0101rtu kl\u0101stam, s\u0101kot no ra\u017eo\u0161anas procesiem l\u012bdz transporta sist\u0113m\u0101m. \u0160\u012b siner\u0123ija ne tikai uzlabo produktivit\u0101ti, bet ar\u012b \u013cauj prec\u012bzi kontrol\u0113t kust\u012bbas, padarot hidraulisk\u0101s sist\u0113mas par b\u016btisku elementu m\u016bsdienu in\u017eenierij\u0101.<\/p>\n<p>Rezum\u0113jot, hidraulisk\u0101s sist\u0113mas, pateicoties to sp\u0113jai p\u0101rveidot \u0161\u0137idruma spiedienu meh\u0101nisk\u0101 sp\u0113k\u0101, sp\u0113l\u0113 iz\u0161\u0137iro\u0161u lomu daudz\u0101s nozar\u0113s, pied\u0101v\u0101jot jaud\u012bgus risin\u0101jumus lieljaudas uzdevumiem un sare\u017e\u0123\u012btu ma\u0161\u012bnu darb\u012bbai.<\/p>\n<h2>Bie\u017ei uzdotie jaut\u0101jumi<\/h2>\n<p><b>J: Vai j\u016bs esat tirdzniec\u012bbas uz\u0146\u0113mums vai ra\u017eot\u0101js?<\/b><br \/>\nA: M\u0113s esam ra\u017eot\u0101js.<\/p>\n<p><b>J: Cik ilgs ir j\u016bsu pieg\u0101des laiks?<\/b><br \/>\nA: Parasti tas ir 25\u201335 dienas.<\/p>\n<p><b>J: Vai j\u016bs sniedzat paraugus? Vai tie ir bez maksas vai papildus?<\/b><br \/>\nA: J\u0101, m\u0113s var\u0113tu pied\u0101v\u0101t paraugu, bet tas nav bez maksas.<\/p>\n<h3>Par FMP<\/h3>\n<p class=\"break-words\">FMP ir vado\u0161ais It\u0101lijas ra\u017eot\u0101js, kas specializ\u0113jas augstas kvalit\u0101tes hidraulisko cilindru projekt\u0113\u0161an\u0101, izstr\u0101d\u0113 un ra\u017eo\u0161an\u0101. Ar bag\u0101t\u012bgu mantojumu, kas sak\u0146ojas gadu desmitiem ilg\u0101 pieredz\u0113, m\u0113s ar lepnumu apvienojam it\u0101\u013cu meistar\u012bbu ar jaun\u0101kaj\u0101m tehnolo\u0123ij\u0101m, lai nodro\u0161in\u0101tu izcilus hidrauliskos risin\u0101jumus, kas piel\u0101goti m\u016bsu glob\u0101l\u0101 klientu loka da\u017e\u0101daj\u0101m vajadz\u012bb\u0101m. FMP, kas atrodas It\u0101lij\u0101, in\u017eenierijas izcil\u012bbas centr\u0101, ir uzticams v\u0101rds hidraulikas nozar\u0113 un ir ap\u0146\u0113mies nodro\u0161in\u0101t uzticamus, iztur\u012bgus un inovat\u012bvus produktus, kas dod iesp\u0113jas uz\u0146\u0113mumiem vis\u0101 pasaul\u0113.<\/p>\n<p class=\"break-words\">M\u016bsu uz\u0146\u0113mums apvieno lab\u0101k\u0101s progres\u012bv\u0101s ra\u017eo\u0161anas trad\u012bcijas ar t\u0101lredz\u012bgu pieeju. Balstoties uz daudzu gadu pieredzi hidraulisko sist\u0113mu jom\u0101, FMP ir att\u012bst\u012bjies par modernu uz\u0146\u0113mumu, kas izce\u013cas ar izcil\u0101m p\u0113tniec\u012bbas, dizaina un ra\u017eo\u0161anas sp\u0113j\u0101m. M\u0113s specializ\u0113jamies pla\u0161\u0101 hidraulisko cilindru kl\u0101st\u0101, tostarp divk\u0101r\u0161as darb\u012bbas cilindros, automobi\u013cu pacel\u0161anas cilindros, lauksaimniec\u012bbas tehnikas cilindros un piel\u0101gotos risin\u0101jumos da\u017e\u0101diem r\u016bpnieciskiem pielietojumiem. Neatkar\u012bgi no t\u0101, vai tas ir paredz\u0113ts b\u016bvniec\u012bbai, r\u016bpniecisk\u0101m instal\u0101cij\u0101m, lauksaimniec\u012bbai vai smagajai tehnikai, m\u016bsu hidrauliskie cilindri ir rad\u012bti, lai darbotos vissmag\u0101kajos apst\u0101k\u013cos, nodro\u0161inot dro\u0161\u012bbu, efektivit\u0101ti un ilgm\u016b\u017e\u012bbu.<\/p>\n<p><img loading=\"lazy\" decoding=\"async\" class=\"alignnone size-full wp-image-6720\" src=\"https:\/\/fmp-components.com\/wp-content\/uploads\/2025\/03\/hydraulic-cylinder-8.webp\" alt=\"Teleskopiskie hidrauliskie cilindri\" width=\"933\" height=\"526\" title=\"\" srcset=\"https:\/\/fmp-components.com\/wp-content\/uploads\/2025\/03\/hydraulic-cylinder-8.webp 933w, https:\/\/fmp-components.com\/wp-content\/uploads\/2025\/03\/hydraulic-cylinder-8-480x271.webp 480w\" sizes=\"(min-width: 0px) and (max-width: 480px) 480px, (min-width: 481px) 933px, 100vw\" \/><\/p>\n<p class=\"break-words\">Uz\u0146\u0113mum\u0101 FMP m\u0113s lepojamies ar sav\u0101m modern\u0101kaj\u0101m ra\u017eo\u0161anas iek\u0101rt\u0101m, kas apr\u012bkotas ar prec\u012bzijas iek\u0101rt\u0101m un modern\u0101m test\u0113\u0161anas sist\u0113m\u0101m. M\u016bsu ra\u017eo\u0161anas procesi atbilst stingriem valsts un starptautiskajiem standartiem, nodro\u0161inot, ka katrs hidrauliskais cilindrs, kas atst\u0101j m\u016bsu r\u016bpn\u012bcu, ir augst\u0101k\u0101s kvalit\u0101tes un uzticam\u012bbas. M\u016bsu prasm\u012bg\u0101 tehnisk\u0101 komanda apvienojum\u0101 ar modern\u0101ko apr\u012bkojumu \u013cauj mums uztur\u0113t stingru kvalit\u0101tes kontroli katr\u0101 ra\u017eo\u0161anas posm\u0101 \u2014 s\u0101kot no izejvielu izv\u0113les l\u012bdz gal\u012bgajai p\u0101rbaudei. \u0160\u012b ap\u0146em\u0161an\u0101s sasniegt izcil\u012bbu ir nodro\u0161in\u0101jusi mums sertifik\u0101tus un atzin\u012bbu no nozares iest\u0101d\u0113m, v\u0113l vair\u0101k nostiprinot m\u016bsu reput\u0101ciju k\u0101 uzticamam partnerim.<\/p>\n<p class=\"break-words\">M\u016bsu misija ir vienk\u0101r\u0161a, tom\u0113r ambicioza: nodro\u0161in\u0101t m\u016bsu klientus ar hidrauliskajiem cilindriem, kas p\u0101rsniedz cer\u012bbas attiec\u012bb\u0101 uz veiktsp\u0113ju, iztur\u012bbu un v\u0113rt\u012bbu. M\u0113s darbojamies, iev\u0113rojot profesionalit\u0101tes, godpr\u0101t\u012bbas un klientu apkalpo\u0161anas pamatprincipus. Veicinot inov\u0101ciju un precizit\u0101tes kult\u016bru, m\u0113s nep\u0101rtraukti pilnveidojam savus produktus, lai saglab\u0101tu l\u012bderpoz\u012bcijas konkur\u0113tsp\u0113j\u012bg\u0101 tirg\u016b. M\u016bsu pla\u0161ais produktu kl\u0101sts un sp\u0113ja pied\u0101v\u0101t piel\u0101gotus risin\u0101jumus padara m\u016bs par lab\u0101ko izv\u0113li uz\u0146\u0113mumiem, kas mekl\u0113 augstas veiktsp\u0113jas hidrauliskos cilindrus.<\/p>\n<p class=\"break-words\">FMP ir vair\u0101k nek\u0101 tikai ra\u017eot\u0101js \u2014 m\u0113s esam partneris j\u016bsu pan\u0101kumos. M\u0113s saprotam, ka m\u016bsu klienti pa\u013caujas uz mums, lai pieg\u0101d\u0101tu instrumentus, kas uzlabo vi\u0146u produktivit\u0101ti un dro\u0161\u012bbu. T\u0101p\u0113c m\u0113s esam ap\u0146\u0113mu\u0161ies pied\u0101v\u0101t ne tikai augst\u0101k\u0101s klases produktus, bet ar\u012b izcilu servisu. S\u0101kot ar s\u0101kotn\u0113jo konsult\u0101ciju un beidzot ar p\u0113cp\u0101rdo\u0161anas atbalstu, m\u0113s cie\u0161i sadarbojamies ar saviem klientiem, lai nodro\u0161in\u0101tu, ka vi\u0146u vajadz\u012bbas tiek apmierin\u0101tas ar profesionalit\u0101ti un r\u016bp\u012bbu. M\u016bsu konkur\u0113tsp\u0113j\u012bg\u0101s cenas apvienojum\u0101 ar nelok\u0101mo ap\u0146em\u0161anos nodro\u0161in\u0101t kvalit\u0101ti padara FMP par gudru izv\u0113li uz\u0146\u0113mumiem, kas v\u0113las ieguld\u012bt l\u012bdzek\u013cus uzticamos hidrauliskajos risin\u0101jumos.<\/p>","protected":false},"excerpt":{"rendered":"<p>Mini Two Stage Hydraulic Cylinder Telescopic Hydraulic Cylinder Experience the pinnacle of hydraulic technology with our Mini Two Stage Hydraulic Cylinder Telescopic Hydraulic Cylinder. This top-of-the-line product, new to the market in 2025, is designed for a wide range of industries, including machinery repair shops, farms, energy &amp; mining, machinery manufacturing, and machinery factories. Features [&hellip;]<\/p>","protected":false},"featured_media":6784,"comment_status":"closed","ping_status":"closed","template":"","meta":{"_et_pb_use_builder":"","_et_pb_old_content":"","_et_gb_content_width":""},"product_brand":[],"product_cat":[103],"product_tag":[34,105],"class_list":{"0":"post-6640","1":"product","2":"type-product","3":"status-publish","4":"has-post-thumbnail","6":"product_cat-telescopic-hydraulic-cylinders","7":"product_tag-hydraulic-cylinder","8":"product_tag-telescopic-hydraulic-cylinders","10":"first","11":"instock","12":"product-type-simple"},"_links":{"self":[{"href":"https:\/\/fmp-components.com\/lv\/wp-json\/wp\/v2\/product\/6640","targetHints":{"allow":["GET"]}}],"collection":[{"href":"https:\/\/fmp-components.com\/lv\/wp-json\/wp\/v2\/product"}],"about":[{"href":"https:\/\/fmp-components.com\/lv\/wp-json\/wp\/v2\/types\/product"}],"replies":[{"embeddable":true,"href":"https:\/\/fmp-components.com\/lv\/wp-json\/wp\/v2\/comments?post=6640"}],"wp:featuredmedia":[{"embeddable":true,"href":"https:\/\/fmp-components.com\/lv\/wp-json\/wp\/v2\/media\/6784"}],"wp:attachment":[{"href":"https:\/\/fmp-components.com\/lv\/wp-json\/wp\/v2\/media?parent=6640"}],"wp:term":[{"taxonomy":"product_brand","embeddable":true,"href":"https:\/\/fmp-components.com\/lv\/wp-json\/wp\/v2\/product_brand?post=6640"},{"taxonomy":"product_cat","embeddable":true,"href":"https:\/\/fmp-components.com\/lv\/wp-json\/wp\/v2\/product_cat?post=6640"},{"taxonomy":"product_tag","embeddable":true,"href":"https:\/\/fmp-components.com\/lv\/wp-json\/wp\/v2\/product_tag?post=6640"}],"curies":[{"name":"wp","href":"https:\/\/api.w.org\/{rel}","templated":true}]}}