{"id":6631,"date":"2025-03-11T06:35:17","date_gmt":"2025-03-11T06:35:17","guid":{"rendered":"https:\/\/fmp-components.com\/product\/3-stage-small-dump-truck-hydraulic-cylinder-for-dump-trailer"},"modified":"2025-03-12T08:41:53","modified_gmt":"2025-03-12T08:41:53","slug":"3-stage-small-dump-truck-hydraulic-cylinder-for-dump-trailer","status":"publish","type":"product","link":"https:\/\/fmp-components.com\/lv\/product\/3-stage-small-dump-truck-hydraulic-cylinder-for-dump-trailer\/","title":{"rendered":"3 posmu maza pa\u0161izg\u0101z\u0113ja hidrauliskais cilindrs pa\u0161izg\u0101z\u0113ja piekabei"},"content":{"rendered":"<h2>3 posmu maza pa\u0161izg\u0101z\u0113ja hidrauliskais cilindrs pa\u0161izg\u0101z\u0113ja piekabei<\/h2>\n<p>\u0160is tr\u012bspak\u0101pju mazo pa\u0161izg\u0101z\u0113ju hidrauliskais cilindrs ir daudzpus\u012bga un efekt\u012bva hidraulisk\u0101 sist\u0113ma, kas paredz\u0113ta izmanto\u0161anai pa\u0161izg\u0101z\u0113ju piekab\u0113s. Cilindrs ir izgatavots no iztur\u012bga t\u0113rauda korpusa materi\u0101la, nodro\u0161inot iztur\u012bbu un ilgm\u016b\u017e\u012bbu. Ar maksim\u0101lo vilces sp\u0113ku 3000 un maksim\u0101lo vilk\u0161anas sp\u0113ku 20 tonnas \u0161is hidrauliskais cilindrs nodro\u0161ina jaud\u012bgu un uzticamu veiktsp\u0113ju smagiem darbiem.<\/p>\n<h3>Funkcijas un iesp\u0113jas<\/h3>\n<p>Hidrauliskais cilindrs darbojas k\u0101 j\u016bsu tehnikas galven\u0101 sast\u0101vda\u013ca, p\u0101rveidojot hidraulisko ener\u0123iju meh\u0101nisk\u0101 kust\u012bb\u0101. \u0160is daudzpak\u0101pju hidrauliskais cilindrs pied\u0101v\u0101 virkni funkciju, tostarp standarta vai nestandarta: standarta, konstrukcija: virzu\u013ccilindrs, jauda: hidrauliska, urbuma izm\u0113rs: 2\u20136 collas, stie\u0146a izm\u0113rs: 1,125\u20134 collas, g\u0101jiena izm\u0113rs: 4\u2013100 collas, tapas izm\u0113rs: 0,5\u20132 collas. \u0160\u012bs funkcijas padara to par uzticamu un efekt\u012bvu risin\u0101jumu j\u016bsu tehnikai.<\/p>\n<h3>Produkta specifik\u0101cijas<\/h3>\n<table style=\"width: 95.4718%;\" border=\"\">\n<tbody>\n<tr>\n<td style=\"width: 42.8571%;\"><i>Urbuma izm\u0113rs<\/i><\/td>\n<td style=\"width: 386.286%;\">2\u20136 collas<\/td>\n<\/tr>\n<tr>\n<td style=\"width: 42.8571%;\"><i>Stie\u0146a izm\u0113rs<\/i><\/td>\n<td style=\"width: 386.286%;\">1,125\u20134 collas<\/td>\n<\/tr>\n<tr>\n<td style=\"width: 42.8571%;\"><i>Trieciena izm\u0113rs<\/i><\/td>\n<td style=\"width: 386.286%;\">4\u2013100 collas<\/td>\n<\/tr>\n<tr>\n<td style=\"width: 42.8571%;\"><i>Tapas izm\u0113rs<\/i><\/td>\n<td style=\"width: 386.286%;\">0,5\u20132 collas<\/td>\n<\/tr>\n<tr>\n<td style=\"width: 42.8571%;\"><i>Ostas<\/i><\/td>\n<td style=\"width: 386.286%;\">G\/SAE\/NPT\/M<\/td>\n<\/tr>\n<\/tbody>\n<\/table>\n<h2>Unik\u0101las \u012bpa\u0161\u012bbas un priek\u0161roc\u012bbas<\/h2>\n<ul>\n<li>Energoefekt\u012bvs<\/li>\n<li>Augstas veiktsp\u0113jas<\/li>\n<li>Dro\u0161i lietojams<\/li>\n<li>Iztur\u012bgs un ilgm\u016b\u017e\u012bgs<\/li>\n<\/ul>\n<p><img loading=\"lazy\" decoding=\"async\" class=\"alignnone  wp-image-6661\" src=\"https:\/\/fmp-components.com\/wp-content\/uploads\/2025\/03\/telescopic-hydraulic-cylinder-10.webp\" alt=\"teleskopiskais hidrauliskais cilindrs\" width=\"800\" height=\"800\" title=\"\" srcset=\"https:\/\/fmp-components.com\/wp-content\/uploads\/2025\/03\/telescopic-hydraulic-cylinder-10.webp 800w, https:\/\/fmp-components.com\/wp-content\/uploads\/2025\/03\/telescopic-hydraulic-cylinder-10-480x480.webp 480w\" sizes=\"(min-width: 0px) and (max-width: 480px) 480px, (min-width: 481px) 800px, 100vw\" \/><\/p>\n<h2>Hidraulisk\u0101s sist\u0113mas un darb\u012bbas princips<\/h2>\n<p>Hidrauliskais cilindrs darbojas, izmantojot \u0161\u0137idruma spiedienu, lai rad\u012btu sp\u0113ku, kas p\u0113c tam tiek p\u0101rveidots line\u0101r\u0101 kust\u012bb\u0101. Kad hidrauliskais \u0161\u0137idrums tiek ies\u016bkn\u0113ts cilindr\u0101, tas rada spiedienu uz t\u0101 iek\u0161pus\u0113 eso\u0161o virzuli. \u0160is spiediens liek virzulim kust\u0113ties, radot line\u0101ru kust\u012bbu, ko var izmantot pla\u0161a meh\u0101nisko uzdevumu kl\u0101sta veik\u0161anai. \u0160\u012bs sist\u0113mas efektivit\u0101te sl\u0113pjas hidraulisk\u0101 \u0161\u0137idruma nesaspie\u017eam\u012bb\u0101, kas \u013cauj prec\u012bzi kontrol\u0113t gan \u0101trumu, gan sp\u0113ku. T\u0101 rezult\u0101t\u0101 hidrauliskie cilindri var nodro\u0161in\u0101t iev\u0113rojamu jaudu, vienlaikus saglab\u0101jot vienm\u0113r\u012bgas un kontrol\u0113tas kust\u012bbas, padarot tos ide\u0101li piem\u0113rotus da\u017e\u0101du veidu ma\u0161\u012bnu un iek\u0101rtu vad\u012b\u0161anai.<\/p>\n<p>B\u016bt\u012bb\u0101 cilindra rad\u012bt\u0101 hidraulisk\u0101 jauda ir \u013coti svar\u012bga daudz\u0101m lietojumprogramm\u0101m. P\u0101rveidojot \u0161\u0137idruma ener\u0123iju meh\u0101nisk\u0101 darb\u0101, hidrauliskie cilindri \u013cauj ma\u0161\u012bn\u0101m viegli pacelt, stumt, vilkt vai pagriezt smagas kravas. \u0160\u012b daudzpus\u012bba ir galvenais iemesls, k\u0101p\u0113c hidraulisk\u0101s sist\u0113mas tiek pla\u0161i izmantotas da\u017e\u0101d\u0101s nozar\u0113s, s\u0101kot no b\u016bvniec\u012bbas l\u012bdz ra\u017eo\u0161anai.<\/p>\n<h2>Hidraulisk\u0101 cilindra pielietojums<\/h2>\n<p>Tr\u012bspak\u0101pju mazo pa\u0161izg\u0101z\u0113ju hidrauliskais cilindrs ir \u012bpa\u0161i izstr\u0101d\u0101ts da\u017e\u0101diem pielietojumiem vair\u0101k\u0101s nozar\u0113s, demonstr\u0113jot t\u0101 piel\u0101gojam\u012bbu un efektivit\u0101ti. Da\u017eas iev\u0113rojamas nozares ir:<\/p>\n<ul>\n<li><strong>Ma\u0161\u012bnu remonta darbn\u012bcas:<\/strong> Remonta vid\u0113 \u0161im hidrauliskajam cilindram ir b\u016btiska loma smagu deta\u013cu cel\u0161an\u0101 un pozicion\u0113\u0161an\u0101, atvieglojot apkopes uzdevumus un uzlabojot darbpl\u016bsmas efektivit\u0101ti. T\u0101 sp\u0113ja nodro\u0161in\u0101t jaud\u012bgas cel\u0161anas iesp\u0113jas ir b\u016btiska, lai dro\u0161i apstr\u0101d\u0101tu lielas ma\u0161\u012bnu deta\u013cas.<\/li>\n<li><strong>Fermas:<\/strong> \u0160\u012b hidraulisk\u0101 cilindra izmanto\u0161ana pa\u0161izg\u0101z\u0113jos un cit\u0101 apr\u012bkojum\u0101 iev\u0113rojami uzlabo lauksaimniec\u012bbas darb\u012bbas. Tas pal\u012bdz t\u0101dos uzdevumos k\u0101 augsnes, kult\u016braugu un materi\u0101lu transport\u0113\u0161ana, padarot lauksaimniec\u012bbas darb\u012bbas efekt\u012bv\u0101kas un produkt\u012bv\u0101kas.<\/li>\n<li><strong>Ener\u0123\u0113tika un ieguves r\u016bpniec\u012bba:<\/strong> Ener\u0123\u0113tikas un kalnr\u016bpniec\u012bbas nozar\u0113s hidrauliskie cilindri ir \u013coti svar\u012bgi, lai darbin\u0101tu iek\u0101rtas, kas saist\u012btas ar ieguvi un materi\u0101lu apstr\u0101di. Tr\u012bspak\u0101pju mazo pa\u0161izg\u0101z\u0113ju hidrauliskais cilindrs ir \u012bpa\u0161i efekt\u012bvs \u0161ajos pielietojumos, kur tas var tikt gal\u0101 ar smag\u0101m krav\u0101m un dro\u0161i darboties sare\u017e\u0123\u012btos apst\u0101k\u013cos.<\/li>\n<li><strong>Ma\u0161\u012bnu ra\u017eo\u0161ana:<\/strong> Ra\u017eo\u0161anas iek\u0101rt\u0101s \u0161o hidraulisko cilindru izmanto mont\u0101\u017eas l\u012bnij\u0101s un ma\u0161\u012bnu darb\u012bb\u0101s. T\u0101 sp\u0113ja nodro\u0161in\u0101t vienm\u0113r\u012bgu un jaud\u012bgu kust\u012bbu uzlabo produktivit\u0101ti un precizit\u0101ti, \u013caujot ra\u017eot\u0101jiem uzlabot savu ra\u017e\u012bbu, vienlaikus saglab\u0101jot augstus kvalit\u0101tes standartus.<\/li>\n<li><strong>Ma\u0161\u012bnu r\u016bpn\u012bcas:<\/strong> R\u016bpn\u012bc\u0101s, kas ra\u017eo iek\u0101rtas, hidrauliskie cilindri ir nepiecie\u0161ami da\u017e\u0101diem cel\u0161anas un p\u0101rvieto\u0161anas uzdevumiem. Tr\u012bspak\u0101pju mazo pa\u0161izg\u0101z\u0113ju hidrauliskais cilindrs nodro\u0161ina iek\u0101rtu efekt\u012bvu darb\u012bbu, veicinot ra\u017eo\u0161anas procesu racionaliz\u0101ciju un efekt\u012bvu materi\u0101lu apstr\u0101di.<\/li>\n<\/ul>\n<p>Kopum\u0101 tr\u012bspak\u0101pju mazo pa\u0161izg\u0101z\u0113ju hidraulisk\u0101 cilindra daudzpus\u012bba un uzticam\u012bba padara to par neaizst\u0101jamu sast\u0101vda\u013cu daudz\u0101s nozar\u0113s, veicinot efektivit\u0101ti un lietder\u012bbu pla\u0161\u0101 pielietojumu kl\u0101st\u0101.<\/p>\n<h3>Bie\u017ei uzdotie jaut\u0101jumi<\/h3>\n<p><b>J: Vai j\u016bs esat tirdzniec\u012bbas uz\u0146\u0113mums vai ra\u017eot\u0101js?<\/b><br \/>\nA: M\u0113s esam r\u016bpn\u012bca.<\/p>\n<p><b>J: Cik ilgs ir j\u016bsu pieg\u0101des laiks?<\/b><br \/>\nA: Parasti tas ir 25\u201335 dienas.<\/p>\n<p><b>J: Vai j\u016bs sniedzat paraugus? Vai tas ir bez maksas vai papildus?<\/b><br \/>\nA: J\u0101, m\u0113s var\u0113tu pied\u0101v\u0101t paraugu, bet tas nav bez maksas.<\/p>\n<h3>Par FMP<\/h3>\n<p class=\"break-words\">FMP ir vado\u0161ais It\u0101lijas ra\u017eot\u0101js, kas specializ\u0113jas augstas kvalit\u0101tes hidraulisko cilindru projekt\u0113\u0161an\u0101, izstr\u0101d\u0113 un ra\u017eo\u0161an\u0101. Ar bag\u0101t\u012bgu mantojumu, kas sak\u0146ojas gadu desmitiem ilg\u0101 pieredz\u0113, m\u0113s ar lepnumu apvienojam it\u0101\u013cu meistar\u012bbu ar jaun\u0101kaj\u0101m tehnolo\u0123ij\u0101m, lai nodro\u0161in\u0101tu izcilus hidrauliskos risin\u0101jumus, kas piel\u0101goti m\u016bsu glob\u0101l\u0101 klientu loka da\u017e\u0101daj\u0101m vajadz\u012bb\u0101m. FMP, kas atrodas It\u0101lij\u0101, in\u017eenierijas izcil\u012bbas centr\u0101, ir uzticams v\u0101rds hidraulikas nozar\u0113 un ir ap\u0146\u0113mies nodro\u0161in\u0101t uzticamus, iztur\u012bgus un inovat\u012bvus produktus, kas dod iesp\u0113jas uz\u0146\u0113mumiem vis\u0101 pasaul\u0113.<\/p>\n<p class=\"break-words\">M\u016bsu uz\u0146\u0113mums apvieno lab\u0101k\u0101s progres\u012bv\u0101s ra\u017eo\u0161anas trad\u012bcijas ar t\u0101lredz\u012bgu pieeju. Balstoties uz daudzu gadu pieredzi hidraulisko sist\u0113mu jom\u0101, FMP ir att\u012bst\u012bjies par modernu uz\u0146\u0113mumu, kas izce\u013cas ar izcil\u0101m p\u0113tniec\u012bbas, dizaina un ra\u017eo\u0161anas sp\u0113j\u0101m. M\u0113s specializ\u0113jamies pla\u0161\u0101 hidraulisko cilindru kl\u0101st\u0101, tostarp divk\u0101r\u0161as darb\u012bbas cilindros, automobi\u013cu pacel\u0161anas cilindros, lauksaimniec\u012bbas tehnikas cilindros un piel\u0101gotos risin\u0101jumos da\u017e\u0101diem r\u016bpnieciskiem pielietojumiem. Neatkar\u012bgi no t\u0101, vai tas ir paredz\u0113ts b\u016bvniec\u012bbai, r\u016bpniecisk\u0101m instal\u0101cij\u0101m, lauksaimniec\u012bbai vai smagajai tehnikai, m\u016bsu hidrauliskie cilindri ir rad\u012bti, lai darbotos vissmag\u0101kajos apst\u0101k\u013cos, nodro\u0161inot dro\u0161\u012bbu, efektivit\u0101ti un ilgm\u016b\u017e\u012bbu.<\/p>\n<p><img loading=\"lazy\" decoding=\"async\" class=\"alignnone size-full wp-image-6720\" src=\"https:\/\/fmp-components.com\/wp-content\/uploads\/2025\/03\/hydraulic-cylinder-8.webp\" alt=\"Teleskopiskie hidrauliskie cilindri\" width=\"933\" height=\"526\" title=\"\" srcset=\"https:\/\/fmp-components.com\/wp-content\/uploads\/2025\/03\/hydraulic-cylinder-8.webp 933w, https:\/\/fmp-components.com\/wp-content\/uploads\/2025\/03\/hydraulic-cylinder-8-480x271.webp 480w\" sizes=\"(min-width: 0px) and (max-width: 480px) 480px, (min-width: 481px) 933px, 100vw\" \/><\/p>\n<p class=\"break-words\">Uz\u0146\u0113mum\u0101 FMP m\u0113s lepojamies ar sav\u0101m modern\u0101kaj\u0101m ra\u017eo\u0161anas iek\u0101rt\u0101m, kas apr\u012bkotas ar prec\u012bzijas iek\u0101rt\u0101m un modern\u0101m test\u0113\u0161anas sist\u0113m\u0101m. M\u016bsu ra\u017eo\u0161anas procesi atbilst stingriem valsts un starptautiskajiem standartiem, nodro\u0161inot, ka katrs hidrauliskais cilindrs, kas atst\u0101j m\u016bsu r\u016bpn\u012bcu, ir augst\u0101k\u0101s kvalit\u0101tes un uzticam\u012bbas. M\u016bsu prasm\u012bg\u0101 tehnisk\u0101 komanda apvienojum\u0101 ar modern\u0101ko apr\u012bkojumu \u013cauj mums uztur\u0113t stingru kvalit\u0101tes kontroli katr\u0101 ra\u017eo\u0161anas posm\u0101 \u2014 s\u0101kot no izejvielu izv\u0113les l\u012bdz gal\u012bgajai p\u0101rbaudei. \u0160\u012b ap\u0146em\u0161an\u0101s sasniegt izcil\u012bbu ir nodro\u0161in\u0101jusi mums sertifik\u0101tus un atzin\u012bbu no nozares iest\u0101d\u0113m, v\u0113l vair\u0101k nostiprinot m\u016bsu reput\u0101ciju k\u0101 uzticamam partnerim.<\/p>\n<p class=\"break-words\">M\u016bsu misija ir vienk\u0101r\u0161a, tom\u0113r ambicioza: nodro\u0161in\u0101t m\u016bsu klientus ar hidrauliskajiem cilindriem, kas p\u0101rsniedz cer\u012bbas attiec\u012bb\u0101 uz veiktsp\u0113ju, iztur\u012bbu un v\u0113rt\u012bbu. M\u0113s darbojamies, iev\u0113rojot profesionalit\u0101tes, godpr\u0101t\u012bbas un klientu apkalpo\u0161anas pamatprincipus. Veicinot inov\u0101ciju un precizit\u0101tes kult\u016bru, m\u0113s nep\u0101rtraukti pilnveidojam savus produktus, lai saglab\u0101tu l\u012bderpoz\u012bcijas konkur\u0113tsp\u0113j\u012bg\u0101 tirg\u016b. M\u016bsu pla\u0161ais produktu kl\u0101sts un sp\u0113ja pied\u0101v\u0101t piel\u0101gotus risin\u0101jumus padara m\u016bs par lab\u0101ko izv\u0113li uz\u0146\u0113mumiem, kas mekl\u0113 augstas veiktsp\u0113jas hidrauliskos cilindrus.<\/p>\n<p class=\"break-words\">FMP ir vair\u0101k nek\u0101 tikai ra\u017eot\u0101js \u2014 m\u0113s esam partneris j\u016bsu pan\u0101kumos. M\u0113s saprotam, ka m\u016bsu klienti pa\u013caujas uz mums, lai pieg\u0101d\u0101tu instrumentus, kas uzlabo vi\u0146u produktivit\u0101ti un dro\u0161\u012bbu. T\u0101p\u0113c m\u0113s esam ap\u0146\u0113mu\u0161ies pied\u0101v\u0101t ne tikai augst\u0101k\u0101s klases produktus, bet ar\u012b izcilu servisu. S\u0101kot ar s\u0101kotn\u0113jo konsult\u0101ciju un beidzot ar p\u0113cp\u0101rdo\u0161anas atbalstu, m\u0113s cie\u0161i sadarbojamies ar saviem klientiem, lai nodro\u0161in\u0101tu, ka vi\u0146u vajadz\u012bbas tiek apmierin\u0101tas ar profesionalit\u0101ti un r\u016bp\u012bbu. M\u016bsu konkur\u0113tsp\u0113j\u012bg\u0101s cenas apvienojum\u0101 ar nelok\u0101mo ap\u0146em\u0161anos nodro\u0161in\u0101t kvalit\u0101ti padara FMP par gudru izv\u0113li uz\u0146\u0113mumiem, kas v\u0113las ieguld\u012bt l\u012bdzek\u013cus uzticamos hidrauliskajos risin\u0101jumos.<\/p>","protected":false},"excerpt":{"rendered":"<p>3 Stage Small Dump Truck Hydraulic Cylinder for Dump Trailer This 3 Stage Small Dump Truck Hydraulic Cylinder is a versatile and efficient hydraulic system designed for use in dump trailers. The cylinder is manufactured with a robust steel body material, ensuring durability and longevity. With a max thrust of 3000 and a max pull [&hellip;]<\/p>","protected":false},"featured_media":6770,"comment_status":"closed","ping_status":"closed","template":"","meta":{"_et_pb_use_builder":"","_et_pb_old_content":"","_et_gb_content_width":""},"product_brand":[],"product_cat":[103],"product_tag":[34,105],"class_list":{"0":"post-6631","1":"product","2":"type-product","3":"status-publish","4":"has-post-thumbnail","6":"product_cat-telescopic-hydraulic-cylinders","7":"product_tag-hydraulic-cylinder","8":"product_tag-telescopic-hydraulic-cylinders","10":"first","11":"instock","12":"product-type-simple"},"_links":{"self":[{"href":"https:\/\/fmp-components.com\/lv\/wp-json\/wp\/v2\/product\/6631","targetHints":{"allow":["GET"]}}],"collection":[{"href":"https:\/\/fmp-components.com\/lv\/wp-json\/wp\/v2\/product"}],"about":[{"href":"https:\/\/fmp-components.com\/lv\/wp-json\/wp\/v2\/types\/product"}],"replies":[{"embeddable":true,"href":"https:\/\/fmp-components.com\/lv\/wp-json\/wp\/v2\/comments?post=6631"}],"wp:featuredmedia":[{"embeddable":true,"href":"https:\/\/fmp-components.com\/lv\/wp-json\/wp\/v2\/media\/6770"}],"wp:attachment":[{"href":"https:\/\/fmp-components.com\/lv\/wp-json\/wp\/v2\/media?parent=6631"}],"wp:term":[{"taxonomy":"product_brand","embeddable":true,"href":"https:\/\/fmp-components.com\/lv\/wp-json\/wp\/v2\/product_brand?post=6631"},{"taxonomy":"product_cat","embeddable":true,"href":"https:\/\/fmp-components.com\/lv\/wp-json\/wp\/v2\/product_cat?post=6631"},{"taxonomy":"product_tag","embeddable":true,"href":"https:\/\/fmp-components.com\/lv\/wp-json\/wp\/v2\/product_tag?post=6631"}],"curies":[{"name":"wp","href":"https:\/\/api.w.org\/{rel}","templated":true}]}}