{"id":6626,"date":"2025-03-11T06:33:57","date_gmt":"2025-03-11T06:33:57","guid":{"rendered":"https:\/\/fmp-components.com\/product\/3-stage-small-hydraulic-cylinder-telescopic-dump-truck-hydraulic-cylinder"},"modified":"2025-03-18T01:03:30","modified_gmt":"2025-03-18T01:03:30","slug":"3-stage-small-hydraulic-cylinder-telescopic-dump-truck-hydraulic-cylinder","status":"publish","type":"product","link":"https:\/\/fmp-components.com\/lv\/product\/3-stage-small-hydraulic-cylinder-telescopic-dump-truck-hydraulic-cylinder\/","title":{"rendered":"Tr\u012bspak\u0101pju mazais hidrauliskais cilindrs Teleskopiskais pa\u0161izg\u0101z\u0113ja hidrauliskais cilindrs"},"content":{"rendered":"<h2>Tr\u012bspak\u0101pju mazais hidrauliskais cilindrs Teleskopiskais pa\u0161izg\u0101z\u0113ja hidrauliskais cilindrs<\/h2>\n<p>Iepaz\u012bstin\u0101m ar tr\u012bspak\u0101pju mazo hidraulisko cilindru teleskopiskajam pa\u0161izg\u0101z\u0113jam \u2014 jaunu produktu 2025. gadam, kas paredz\u0113ts efektivit\u0101tei un iztur\u012bbai. \u0160is hidrauliskais cilindrs ir b\u016btiska sast\u0101vda\u013ca ma\u0161\u012bnb\u016bves remonta darbn\u012bc\u0101s, saimniec\u012bb\u0101s, ener\u0123\u0113tikas un kalnr\u016bpniec\u012bbas nozar\u0113s, k\u0101 ar\u012b ma\u0161\u012bnb\u016bves r\u016bpn\u012bc\u0101s. Ar 1 gada garantiju un ISO9001:2000 sertifik\u0101tu tas sola uzticamu veiktsp\u0113ju un kvalit\u0101tes nodro\u0161in\u0101\u0161anu.<\/p>\n<h3>Tehnisk\u0101s specifik\u0101cijas<\/h3>\n<p>Tr\u012bspak\u0101pju mazais hidrauliskais cilindrs teleskopiskajam pa\u0161izg\u0101z\u0113jam ir izgatavots no t\u0113rauda korpusa materi\u0101la un standarta virzu\u013ca cilindra strukt\u016bras. Tas darbojas ar hidraulisko sp\u0113ku, t\u0101 maksim\u0101lais vilces sp\u0113ks ir 3000 un maksim\u0101lais vilk\u0161anas sp\u0113ks ir 20 tonnas. Zem\u0101k ir sniegtas detaliz\u0113tas specifik\u0101cijas:<\/p>\n<table style=\"width: 95.9759%;\">\n<tbody>\n<tr>\n<th style=\"width: 42.8571%;\">Urbuma izm\u0113rs<\/th>\n<th style=\"width: 388.571%;\">2\u20136 collas<\/th>\n<\/tr>\n<tr>\n<td style=\"width: 42.8571%;\">Stie\u0146a izm\u0113rs<\/td>\n<td style=\"width: 388.571%;\">1,125\u20134 collas<\/td>\n<\/tr>\n<tr>\n<td style=\"width: 42.8571%;\">Trieciena izm\u0113rs<\/td>\n<td style=\"width: 388.571%;\">4\u2013100 collas<\/td>\n<\/tr>\n<tr>\n<td style=\"width: 42.8571%;\">Tapas izm\u0113rs<\/td>\n<td style=\"width: 388.571%;\">0,5\u20132 collas<\/td>\n<\/tr>\n<tr>\n<td style=\"width: 42.8571%;\">Ostas<\/td>\n<td style=\"width: 388.571%;\">G\/SAE\/NPT\/M<\/td>\n<\/tr>\n<\/tbody>\n<\/table>\n<h3>Unik\u0101las \u012bpa\u0161\u012bbas un priek\u0161roc\u012bbas<\/h3>\n<p>\u0160is hidrauliskais cilindrs ir energoefekt\u012bvs, \u013coti efekt\u012bvs un dro\u0161s lieto\u0161an\u0101. T\u0101 daudzpak\u0101pju konstrukcija \u013cauj palielin\u0101t pagarin\u0101juma garumus, padarot to ide\u0101li piem\u0113rotu lietojumiem, kuriem nepiecie\u0161ami gari g\u0101jieni, bet ierobe\u017eota uzst\u0101d\u012b\u0161anas vieta. Tas izce\u013cas ar\u012b ar augstu kravnes\u012bbu, iztur\u012bbu un kompakto dizainu.<\/p>\n<h2>Hidraulisk\u0101s sist\u0113mas un darb\u012bbas princips<\/h2>\n<p>Hidraulisk\u0101s sist\u0113mas ir konstru\u0113tas, pamatojoties uz \u0161\u0137idruma spiediena pamatprincipu. \u0160o sist\u0113mu pamat\u0101 ir hidrauliskais cilindrs, kam ir iz\u0161\u0137iro\u0161a loma hidraulisk\u0101s ener\u0123ijas p\u0101rveido\u0161an\u0101 meh\u0101nisk\u0101 kust\u012bb\u0101. Kad hidrauliskais \u0161\u0137idrums tiek ievad\u012bts cilindr\u0101, tas tiek pak\u013cauts spiedienam, izraisot iek\u0161pus\u0113 eso\u0161\u0101 virzu\u013ca kust\u012bbu. \u0160\u012b virzu\u013ca kust\u012bba ir tie\u0161i saist\u012bta ar tam piestiprin\u0101tu stieni; virzulim kustoties, stienis izstiepjas vai ievelkas. \u0160\u012b line\u0101r\u0101 kust\u012bba tiek izmantota da\u017e\u0101du veidu darbu veik\u0161anai, tostarp smagu kravu cel\u0161anai, apr\u012bkojuma stum\u0161anai vai sp\u0113ka nodro\u0161in\u0101\u0161anai ra\u017eo\u0161anas procesos.<\/p>\n<p>Hidraulisko sist\u0113mu efektivit\u0101te liel\u0101 m\u0113r\u0101 ir saist\u012bta ar Pask\u0101la likumu, kas nosaka, ka, pieliekot spiedienu uz ierobe\u017eotu \u0161\u0137idrumu, tas tiek nep\u0101rtraukti p\u0101rraid\u012bts visos virzienos. Tas noz\u012bm\u0113, ka relat\u012bvi neliels sp\u0113ks, kas pielikts vien\u0101 punkt\u0101, var rad\u012bt daudz liel\u0101ku sp\u0113ku cit\u0101 punkt\u0101, \u013caujot ieg\u016bt iev\u0113rojamas meh\u0101niskas priek\u0161roc\u012bbas uzdevumos, kuros nepiecie\u0161ama smagu priek\u0161metu cel\u0161ana vai prec\u012bzas kust\u012bbas.<\/p>\n<p><img loading=\"lazy\" decoding=\"async\" class=\"alignnone size-full wp-image-6787\" src=\"https:\/\/fmp-components.com\/wp-content\/uploads\/2025\/03\/Telescopic-Hydraulic-Cylinders-3.webp\" alt=\"Teleskopiskie hidrauliskie cilindri\" width=\"800\" height=\"800\" title=\"\" srcset=\"https:\/\/fmp-components.com\/wp-content\/uploads\/2025\/03\/Telescopic-Hydraulic-Cylinders-3.webp 800w, https:\/\/fmp-components.com\/wp-content\/uploads\/2025\/03\/Telescopic-Hydraulic-Cylinders-3-480x480.webp 480w\" sizes=\"(min-width: 0px) and (max-width: 480px) 480px, (min-width: 481px) 800px, 100vw\" \/><\/p>\n<h2>Lietojumprogrammu scen\u0101riji<\/h2>\n<p>M\u016bsu hidraulisk\u0101 cilindra daudzpus\u012bba padara to par nenov\u0113rt\u0113jamu komponentu daudz\u0101s nozar\u0113s. Viens no iev\u0113rojam\u0101kajiem pielietojumiem ir pa\u0161izg\u0101z\u0113ji, kur hidraulisko cilindru izmanto, lai paceltu kravas automa\u0161\u012bnas kravas kasti, atvieglojot t\u0101du materi\u0101lu k\u0101 grants, smil\u0161u vai b\u016bvgru\u017eu izkrau\u0161anu. \u0160is meh\u0101nisms \u013cauj veikt efekt\u012bvas un lietder\u012bgas izkrau\u0161anas darb\u012bbas, kas ir \u013coti svar\u012bgi b\u016bvniec\u012bbas un transporta nozar\u0113s.<\/p>\n<p>Papildus pa\u0161izg\u0101z\u0113jiem hidrauliskie cilindri tiek pla\u0161i izmantoti da\u017e\u0101d\u0101s ma\u0161\u012bn\u0101s vair\u0101k\u0101s nozar\u0113s, tostarp:<\/p>\n<ul>\n<li><strong>B\u016bvniec\u012bba<\/strong>Hidrauliskie cilindri darbina ekskavatorus, buldozerus un celt\u0146us, \u013caujot tiem prec\u012bzi un kontrol\u0113ti veikt smagus cel\u0161anas, rak\u0161anas un zemes p\u0101rvieto\u0161anas darbus.<\/li>\n<li><strong>Kalnr\u016bpniec\u012bba<\/strong>Kalnr\u016bpniec\u012bbas nozar\u0113 hidrauliskie cilindri ir b\u016btiski t\u0101du iek\u0101rtu k\u0101 urb\u0161anas iek\u0101rtu un iekr\u0101v\u0113ju darbin\u0101\u0161anai, kur tie nodro\u0161ina nepiecie\u0161amo sp\u0113ku, lai iek\u013c\u016btu zem\u0113 un p\u0101rvietotu lielu materi\u0101la daudzumu.<\/li>\n<li><strong>Lauksaimniec\u012bba<\/strong>Lauksaimniec\u012bbas ma\u0161\u012bn\u0101s hidrauliskie cilindri pal\u012bdz traktoru, arklu un kombainu darb\u012bb\u0101, \u013caujot lauksaimniekiem bez piep\u016bles pacelt un regul\u0113t apr\u012bkojumu, kas uzlabo produktivit\u0101ti saimniec\u012bb\u0101.<\/li>\n<li><strong>Ra\u017eo\u0161ana<\/strong>Hidrauliskie cilindri ir atrodami ar\u012b mont\u0101\u017eas l\u012bnij\u0101s un ra\u017eo\u0161anas iek\u0101rt\u0101s, kur tie nodro\u0161ina sp\u0113ku, kas nepiecie\u0161ams deta\u013cu pres\u0113\u0161anai, form\u0113\u0161anai un p\u0101rvieto\u0161anai ra\u017eo\u0161anas procesos.<\/li>\n<\/ul>\n<p>Hidraulisko cilindru pielietojums ir pla\u0161s un daudzveid\u012bgs, kas apliecina to kritisko lomu efektivit\u0101tes un produktivit\u0101tes uzlabo\u0161an\u0101 daudz\u0101s jom\u0101s. To sp\u0113ja nodro\u0161in\u0101t jaud\u012bgas un kontrol\u0113tas kust\u012bbas padara tos par neaizst\u0101jamus m\u016bsdienu ma\u0161\u012bn\u0101s un r\u016bpnieciskaj\u0101s darb\u012bb\u0101s.<\/p>\n<h2>Hidrauliskie cilindri un sp\u0113ka agreg\u0101ti<\/h2>\n<p>Hidrauliskie cilindri un sp\u0113ka agreg\u0101ti ir neaizst\u0101jamas hidraulisko sist\u0113mu sast\u0101vda\u013cas. To siner\u0123ija nodro\u0161ina pla\u0161u hidraulisko tehnolo\u0123iju izmanto\u0161anu r\u016bpniec\u012bbas sektor\u0101, nodro\u0161inot uzticamu jaudas un vad\u012bbas atbalstu da\u017e\u0101d\u0101m in\u017eeniertehnisk\u0101m un meh\u0101nisk\u0101m iek\u0101rt\u0101m. Hidrauliskais cilindrs k\u0101 izpildmeh\u0101nisms ir atbild\u012bgs par hidraulisk\u0101s ener\u0123ijas p\u0101rveido\u0161anu meh\u0101nisk\u0101 kust\u012bb\u0101, spiediena p\u0101rveido\u0161anu sp\u0113k\u0101. Savuk\u0101rt sp\u0113ka agreg\u0101ts ir kodols, kas nodro\u0161ina hidrauliskajai sist\u0113mai nepiecie\u0161amo ener\u0123iju un vad\u012bbas sign\u0101lus. Koordin\u0101cija starp abiem \u013cauj hidrauliskajai sist\u0113mai darboties norm\u0101li. FMP m\u0113s pied\u0101v\u0101jam ar\u012b sp\u0113ka agreg\u0101tus p\u0101rdo\u0161anai.<\/p>\n<h2>Bie\u017ei uzdotie jaut\u0101jumi<\/h2>\n<p><b>J: Vai j\u016bs esat tirdzniec\u012bbas uz\u0146\u0113mums vai ra\u017eot\u0101js?<\/b><br \/>\nA: M\u0113s esam ra\u017eot\u0101js.<\/p>\n<p><b>J: Cik ilgs ir j\u016bsu pieg\u0101des laiks?<\/b><br \/>\nA: Parasti tas ir 25\u201335 dienas.<\/p>\n<p><b>J: Vai j\u016bs sniedzat paraugus? Vai tas ir bez maksas vai papildus?<\/b><br \/>\nA: J\u0101, m\u0113s var\u0113tu pied\u0101v\u0101t paraugu, bet tas nav bez maksas.<\/p>\n<h3>Par FMP<\/h3>\n<p class=\"break-words\">FMP ir vado\u0161ais It\u0101lijas ra\u017eot\u0101js, kas specializ\u0113jas augstas kvalit\u0101tes hidraulisko cilindru projekt\u0113\u0161an\u0101, izstr\u0101d\u0113 un ra\u017eo\u0161an\u0101. Ar bag\u0101t\u012bgu mantojumu, kas sak\u0146ojas gadu desmitiem ilg\u0101 pieredz\u0113, m\u0113s ar lepnumu apvienojam it\u0101\u013cu meistar\u012bbu ar jaun\u0101kaj\u0101m tehnolo\u0123ij\u0101m, lai nodro\u0161in\u0101tu izcilus hidrauliskos risin\u0101jumus, kas piel\u0101goti m\u016bsu glob\u0101l\u0101 klientu loka da\u017e\u0101daj\u0101m vajadz\u012bb\u0101m. FMP, kas atrodas It\u0101lij\u0101, in\u017eenierijas izcil\u012bbas centr\u0101, ir uzticams v\u0101rds hidraulikas nozar\u0113 un ir ap\u0146\u0113mies nodro\u0161in\u0101t uzticamus, iztur\u012bgus un inovat\u012bvus produktus, kas dod iesp\u0113jas uz\u0146\u0113mumiem vis\u0101 pasaul\u0113.<\/p>\n<p class=\"break-words\">M\u016bsu uz\u0146\u0113mums apvieno lab\u0101k\u0101s progres\u012bv\u0101s ra\u017eo\u0161anas trad\u012bcijas ar t\u0101lredz\u012bgu pieeju. Balstoties uz daudzu gadu pieredzi hidraulisko sist\u0113mu jom\u0101, FMP ir att\u012bst\u012bjies par modernu uz\u0146\u0113mumu, kas izce\u013cas ar izcil\u0101m p\u0113tniec\u012bbas, dizaina un ra\u017eo\u0161anas sp\u0113j\u0101m. M\u0113s specializ\u0113jamies pla\u0161\u0101 hidraulisko cilindru kl\u0101st\u0101, tostarp divk\u0101r\u0161as darb\u012bbas cilindros, automobi\u013cu pacel\u0161anas cilindros, lauksaimniec\u012bbas tehnikas cilindros un piel\u0101gotos risin\u0101jumos da\u017e\u0101diem r\u016bpnieciskiem pielietojumiem. Neatkar\u012bgi no t\u0101, vai tas ir paredz\u0113ts b\u016bvniec\u012bbai, r\u016bpniecisk\u0101m instal\u0101cij\u0101m, lauksaimniec\u012bbai vai smagajai tehnikai, m\u016bsu hidrauliskie cilindri ir rad\u012bti, lai darbotos vissmag\u0101kajos apst\u0101k\u013cos, nodro\u0161inot dro\u0161\u012bbu, efektivit\u0101ti un ilgm\u016b\u017e\u012bbu.<\/p>\n<p><img loading=\"lazy\" decoding=\"async\" class=\"alignnone size-full wp-image-6720\" src=\"https:\/\/fmp-components.com\/wp-content\/uploads\/2025\/03\/hydraulic-cylinder-8.webp\" alt=\"Teleskopiskie hidrauliskie cilindri\" width=\"933\" height=\"526\" title=\"\" srcset=\"https:\/\/fmp-components.com\/wp-content\/uploads\/2025\/03\/hydraulic-cylinder-8.webp 933w, https:\/\/fmp-components.com\/wp-content\/uploads\/2025\/03\/hydraulic-cylinder-8-480x271.webp 480w\" sizes=\"(min-width: 0px) and (max-width: 480px) 480px, (min-width: 481px) 933px, 100vw\" \/><\/p>\n<p class=\"break-words\">Uz\u0146\u0113mum\u0101 FMP m\u0113s lepojamies ar sav\u0101m modern\u0101kaj\u0101m ra\u017eo\u0161anas iek\u0101rt\u0101m, kas apr\u012bkotas ar prec\u012bzijas iek\u0101rt\u0101m un modern\u0101m test\u0113\u0161anas sist\u0113m\u0101m. M\u016bsu ra\u017eo\u0161anas procesi atbilst stingriem valsts un starptautiskajiem standartiem, nodro\u0161inot, ka katrs hidrauliskais cilindrs, kas atst\u0101j m\u016bsu r\u016bpn\u012bcu, ir augst\u0101k\u0101s kvalit\u0101tes un uzticam\u012bbas. M\u016bsu prasm\u012bg\u0101 tehnisk\u0101 komanda apvienojum\u0101 ar modern\u0101ko apr\u012bkojumu \u013cauj mums uztur\u0113t stingru kvalit\u0101tes kontroli katr\u0101 ra\u017eo\u0161anas posm\u0101 \u2014 s\u0101kot no izejvielu izv\u0113les l\u012bdz gal\u012bgajai p\u0101rbaudei. \u0160\u012b ap\u0146em\u0161an\u0101s sasniegt izcil\u012bbu ir nodro\u0161in\u0101jusi mums sertifik\u0101tus un atzin\u012bbu no nozares iest\u0101d\u0113m, v\u0113l vair\u0101k nostiprinot m\u016bsu reput\u0101ciju k\u0101 uzticamam partnerim.<\/p>\n<p class=\"break-words\">M\u016bsu misija ir vienk\u0101r\u0161a, tom\u0113r ambicioza: nodro\u0161in\u0101t m\u016bsu klientus ar hidrauliskajiem cilindriem, kas p\u0101rsniedz cer\u012bbas attiec\u012bb\u0101 uz veiktsp\u0113ju, iztur\u012bbu un v\u0113rt\u012bbu. M\u0113s darbojamies, iev\u0113rojot profesionalit\u0101tes, godpr\u0101t\u012bbas un klientu apkalpo\u0161anas pamatprincipus. Veicinot inov\u0101ciju un precizit\u0101tes kult\u016bru, m\u0113s nep\u0101rtraukti pilnveidojam savus produktus, lai saglab\u0101tu l\u012bderpoz\u012bcijas konkur\u0113tsp\u0113j\u012bg\u0101 tirg\u016b. M\u016bsu pla\u0161ais produktu kl\u0101sts un sp\u0113ja pied\u0101v\u0101t piel\u0101gotus risin\u0101jumus padara m\u016bs par lab\u0101ko izv\u0113li uz\u0146\u0113mumiem, kas mekl\u0113 augstas veiktsp\u0113jas hidrauliskos cilindrus.<\/p>\n<p class=\"break-words\">FMP ir vair\u0101k nek\u0101 tikai ra\u017eot\u0101js \u2014 m\u0113s esam partneris j\u016bsu pan\u0101kumos. M\u0113s saprotam, ka m\u016bsu klienti pa\u013caujas uz mums, lai pieg\u0101d\u0101tu instrumentus, kas uzlabo vi\u0146u produktivit\u0101ti un dro\u0161\u012bbu. T\u0101p\u0113c m\u0113s esam ap\u0146\u0113mu\u0161ies pied\u0101v\u0101t ne tikai augst\u0101k\u0101s klases produktus, bet ar\u012b izcilu servisu. S\u0101kot ar s\u0101kotn\u0113jo konsult\u0101ciju un beidzot ar p\u0113cp\u0101rdo\u0161anas atbalstu, m\u0113s cie\u0161i sadarbojamies ar saviem klientiem, lai nodro\u0161in\u0101tu, ka vi\u0146u vajadz\u012bbas tiek apmierin\u0101tas ar profesionalit\u0101ti un r\u016bp\u012bbu. M\u016bsu konkur\u0113tsp\u0113j\u012bg\u0101s cenas apvienojum\u0101 ar nelok\u0101mo ap\u0146em\u0161anos nodro\u0161in\u0101t kvalit\u0101ti padara FMP par gudru izv\u0113li uz\u0146\u0113mumiem, kas v\u0113las ieguld\u012bt l\u012bdzek\u013cus uzticamos hidrauliskajos risin\u0101jumos.<\/p>","protected":false},"excerpt":{"rendered":"<p>3 Stage Small Hydraulic Cylinder Telescopic Dump Truck Hydraulic Cylinder Introducing the 3 Stage Small Hydraulic Cylinder Telescopic Dump Truck Hydraulic Cylinder, a new product for 2025, designed for efficiency and durability. This hydraulic cylinder is a crucial component in machinery repair shops, farms, energy &amp; mining industries, and machinery factories. With its 1 Year [&hellip;]<\/p>","protected":false},"featured_media":6787,"comment_status":"closed","ping_status":"closed","template":"","meta":{"_et_pb_use_builder":"","_et_pb_old_content":"","_et_gb_content_width":""},"product_brand":[],"product_cat":[103],"product_tag":[34,105],"class_list":{"0":"post-6626","1":"product","2":"type-product","3":"status-publish","4":"has-post-thumbnail","6":"product_cat-telescopic-hydraulic-cylinders","7":"product_tag-hydraulic-cylinder","8":"product_tag-telescopic-hydraulic-cylinders","10":"first","11":"instock","12":"product-type-simple"},"_links":{"self":[{"href":"https:\/\/fmp-components.com\/lv\/wp-json\/wp\/v2\/product\/6626","targetHints":{"allow":["GET"]}}],"collection":[{"href":"https:\/\/fmp-components.com\/lv\/wp-json\/wp\/v2\/product"}],"about":[{"href":"https:\/\/fmp-components.com\/lv\/wp-json\/wp\/v2\/types\/product"}],"replies":[{"embeddable":true,"href":"https:\/\/fmp-components.com\/lv\/wp-json\/wp\/v2\/comments?post=6626"}],"wp:featuredmedia":[{"embeddable":true,"href":"https:\/\/fmp-components.com\/lv\/wp-json\/wp\/v2\/media\/6787"}],"wp:attachment":[{"href":"https:\/\/fmp-components.com\/lv\/wp-json\/wp\/v2\/media?parent=6626"}],"wp:term":[{"taxonomy":"product_brand","embeddable":true,"href":"https:\/\/fmp-components.com\/lv\/wp-json\/wp\/v2\/product_brand?post=6626"},{"taxonomy":"product_cat","embeddable":true,"href":"https:\/\/fmp-components.com\/lv\/wp-json\/wp\/v2\/product_cat?post=6626"},{"taxonomy":"product_tag","embeddable":true,"href":"https:\/\/fmp-components.com\/lv\/wp-json\/wp\/v2\/product_tag?post=6626"}],"curies":[{"name":"wp","href":"https:\/\/api.w.org\/{rel}","templated":true}]}}