{"id":6625,"date":"2025-03-11T06:33:57","date_gmt":"2025-03-11T06:33:57","guid":{"rendered":"https:\/\/fmp-components.com\/product\/professional-small-dump-truck-hydraulic-hoist-cylinder-multistage-hydraulic-cylinder"},"modified":"2025-03-14T01:51:38","modified_gmt":"2025-03-14T01:51:38","slug":"professional-small-dump-truck-hydraulic-hoist-cylinder-multistage-hydraulic-cylinder","status":"publish","type":"product","link":"https:\/\/fmp-components.com\/lv\/product\/professional-small-dump-truck-hydraulic-hoist-cylinder-multistage-hydraulic-cylinder\/","title":{"rendered":"Profesion\u0101ls mazo pa\u0161izg\u0101z\u0113ju hidrauliskais pac\u0113l\u0101ja cilindrs, daudzpak\u0101pju hidrauliskais cilindrs"},"content":{"rendered":"<h2>Profesion\u0101ls mazo pa\u0161izg\u0101z\u0113ju hidrauliskais pac\u0113l\u0101ja cilindrs, daudzpak\u0101pju hidrauliskais cilindrs<\/h2>\n<p>M\u016bsu profesion\u0101lais mazo pa\u0161izg\u0101z\u0113ju hidraulisk\u0101 pacel\u0161anas cilindra daudzpak\u0101pju hidrauliskais cilindrs ir moderns produkts, kas pied\u0101v\u0101 nep\u0101rsp\u0113jamu kvalit\u0101ti un veiktsp\u0113ju. \u0160is hidrauliskais cilindrs, kas izstr\u0101d\u0101ts, \u0146emot v\u0113r\u0101 efektivit\u0101ti un uzticam\u012bbu, ir ide\u0101li piem\u0113rots da\u017e\u0101diem pielietojumiem ma\u0161\u012bnb\u016bves remonta darbn\u012bc\u0101s, saimniec\u012bb\u0101s, ener\u0123\u0113tikas un kalnr\u016bpniec\u012bbas nozar\u0113s, k\u0101 ar\u012b ma\u0161\u012bnb\u016bves un r\u016bpn\u012bc\u0101s.<\/p>\n<h3>Galven\u0101s iez\u012bmes un priek\u0161roc\u012bbas<\/h3>\n<ul>\n<li>Izcila iztur\u012bba: Ar maksim\u0101lo vilces sp\u0113ku 3000 AG un sp\u0113ju vilkt l\u012bdz 20 tonn\u0101m, \u0161is hidrauliskais cilindrs ir iztur\u012bbas un ilgm\u016b\u017e\u012bbas \u012bstens sp\u0113kstacija.<\/li>\n<li>Kvalitat\u012bvi materi\u0101li: Izgatavots no augstas kvalit\u0101tes t\u0113rauda, \u200b\u200bkas nodro\u0161ina ilgsto\u0161u lieto\u0161anu un iztur\u012bbu pret nodilumu.<\/li>\n<li>Augsta efektivit\u0101te: t\u0101 daudzpak\u0101pju funkcija \u013cauj palielin\u0101t efektivit\u0101ti un funkcionalit\u0101ti da\u017e\u0101dos uzdevumos.<\/li>\n<li>Ener\u0123ijas taup\u012b\u0161ana: M\u016bsu hidrauliskais cilindrs ir paredz\u0113ts efekt\u012bvai ener\u0123ijas izmanto\u0161anai, samazinot ener\u0123ijas pat\u0113ri\u0146u un ekspluat\u0101cijas izmaksas.<\/li>\n<li>Dro\u0161\u012bba: Tam ir 1 gada garantija, kas nodro\u0161ina t\u0101 galveno komponentu dro\u0161\u012bbu un ilgtermi\u0146a veiktsp\u0113ju.<\/li>\n<\/ul>\n<h3>Tehnisk\u0101s specifik\u0101cijas<\/h3>\n<table style=\"width: 95.5978%;\" border=\"\">\n<tbody>\n<tr>\n<td style=\"width: 42.8571%;\"><i>Urbuma izm\u0113rs<\/i><\/td>\n<td style=\"width: 386.857%;\">2\u20136 collas<\/td>\n<\/tr>\n<tr>\n<td style=\"width: 42.8571%;\"><i>Stie\u0146a izm\u0113rs<\/i><\/td>\n<td style=\"width: 386.857%;\">1,125\u20134 collas<\/td>\n<\/tr>\n<tr>\n<td style=\"width: 42.8571%;\"><i>Trieciena izm\u0113rs<\/i><\/td>\n<td style=\"width: 386.857%;\">4\u2013100 collas<\/td>\n<\/tr>\n<tr>\n<td style=\"width: 42.8571%;\"><i>Tapas izm\u0113rs<\/i><\/td>\n<td style=\"width: 386.857%;\">0,5\u20132 collas<\/td>\n<\/tr>\n<tr>\n<td style=\"width: 42.8571%;\"><i>Ostas<\/i><\/td>\n<td style=\"width: 386.857%;\">G\/SAE\/NPT\/M<\/td>\n<\/tr>\n<\/tbody>\n<\/table>\n<h2>Unik\u0101las \u012bpa\u0161\u012bbas un priek\u0161roc\u012bbas<\/h2>\n<ul>\n<li>Ener\u0123ijas taup\u012b\u0161ana: Hidraulisk\u0101 cilindra konstrukcija un darb\u012bba ir optimiz\u0113ta energoefektivit\u0101tei.<\/li>\n<li>Augsta efektivit\u0101te: Tas veic uzdevumus \u0101tri un prec\u012bzi, padarot to par \u013coti efekt\u012bvu r\u012bku.<\/li>\n<li>Dro\u0161\u012bba: Tas ir apr\u012bkots ar dro\u0161\u012bbas funkcij\u0101m, lai aizsarg\u0101tu lietot\u0101ju un darbin\u0101mo apr\u012bkojumu.<\/li>\n<\/ul>\n<h2>Hidraulisk\u0101s sist\u0113mas un darb\u012bbas princips<\/h2>\n<p>M\u016bsu hidrauliskais cilindrs darbojas p\u0113c pamatprincipa, kas paredz hidraulisk\u0101s ener\u0123ijas p\u0101rv\u0113r\u0161anu meh\u0101niskaj\u0101 ener\u0123ij\u0101, un \u0161is process ir b\u016btisks da\u017e\u0101diem r\u016bpnieciskiem pielietojumiem. \u0160\u012b p\u0101rveido\u0161ana notiek, p\u0101rvietojot spiediena hidraulisko \u0161\u0137idrumu, kas tiek ievad\u012bts cilindr\u0101. Iepl\u016bstot \u0161\u0137idrumam, tas iedarbojas uz cilindr\u0101 eso\u0161o virzuli. \u0160is sp\u0113ks liek virzulim kust\u0113ties, p\u0101rv\u0113r\u0161ot hidraulisko ener\u0123iju meh\u0101nisk\u0101 kust\u012bb\u0101.<\/p>\n<p>Virzu\u013ca kust\u012bbu var izmantot, lai veiktu noder\u012bgu darbu, piem\u0113ram, paceltu smagas kravas, darbin\u0101tu ma\u0161\u012bnu deta\u013cas vai pat veiktu sare\u017e\u0123\u012btus uzdevumus ra\u017eo\u0161anas procesos. \u0160\u012bs sist\u0113mas efektivit\u0101te liel\u0101 m\u0113r\u0101 ir saist\u012bta ar hidraulisk\u0101 \u0161\u0137idruma nesaspie\u017eam\u012bbu, kas \u013cauj sp\u0113c\u012bgi pastiprin\u0101t sp\u0113ku. Izmantojot relat\u012bvi mazus ieejas sp\u0113kus, m\u016bsu hidrauliskie cilindri var rad\u012bt iev\u0113rojamus izejas sp\u0113kus, padarot tos ide\u0101li piem\u0113rotus uzdevumiem, kuriem nepiecie\u0161ama iztur\u012bba un precizit\u0101te.<\/p>\n<p>\u0160is hidraulisk\u0101s darb\u012bbas princips ir ne tikai efekt\u012bvs, bet ar\u012b nodro\u0161ina kontroles l\u012bmeni, ko ir gr\u016bti sasniegt tikai ar meh\u0101nisk\u0101m sist\u0113m\u0101m. Operatori var viegli regul\u0113t hidraulisk\u0101 \u0161\u0137idruma spiedienu un pl\u016bsmas \u0101trumu, lai prec\u012bzi noregul\u0113tu virzu\u013ca kust\u012bbu, nodro\u0161inot prec\u012bzu darb\u012bbu da\u017e\u0101d\u0101s vid\u0113s.<\/p>\n<p><img loading=\"lazy\" decoding=\"async\" class=\"alignnone  wp-image-6664\" src=\"https:\/\/fmp-components.com\/wp-content\/uploads\/2025\/03\/telescopic-hydraulic-cylinder-8.webp\" alt=\"teleskopiskais hidrauliskais cilindrs\" width=\"778\" height=\"778\" title=\"\" srcset=\"https:\/\/fmp-components.com\/wp-content\/uploads\/2025\/03\/telescopic-hydraulic-cylinder-8.webp 778w, https:\/\/fmp-components.com\/wp-content\/uploads\/2025\/03\/telescopic-hydraulic-cylinder-8-480x480.webp 480w\" sizes=\"(min-width: 0px) and (max-width: 480px) 480px, (min-width: 481px) 778px, 100vw\" \/><\/p>\n<h2>M\u016bsu hidraulisk\u0101 cilindra pielietojums<\/h2>\n<p>M\u016bsu hidrauliskais cilindrs ir \u0101rk\u0101rt\u012bgi daudzpus\u012bgs un to var izmantot pla\u0161\u0101 pielietojumu kl\u0101st\u0101 da\u017e\u0101d\u0101s nozar\u0113s. Viens no galvenajiem pielietojumiem ir ma\u0161\u012bnb\u016bves remonta darbn\u012bc\u0101s, kur tas atvieglo smago iek\u0101rtu pacel\u0161anu un pozicion\u0113\u0161anu apkopes un remonta darbiem. Sp\u0113ja dro\u0161i un efekt\u012bvi pacelt un manevr\u0113t lielas deta\u013cas ir \u013coti svar\u012bga, lai nodro\u0161in\u0101tu, ka iek\u0101rtas paliek darbsp\u0113j\u012bgas un labi uztur\u0113tas.<\/p>\n<p>Lauksaimniec\u012bbas nozar\u0113 m\u016bsu hidrauliskie cilindri ir b\u016btiski lauksaimniec\u012bbas tehnikas, piem\u0113ram, traktoru, arklu un kombainu, darbin\u0101\u0161anai. Tie \u013cauj lauksaimniekiem veikt t\u0101dus uzdevumus k\u0101 arklu pacel\u0161ana un apr\u012bkojuma regul\u0113\u0161ana, iev\u0113rojami uzlabojot produktivit\u0101ti un samazinot roku darbu.<\/p>\n<p>Ar\u012b ener\u0123\u0113tikas un kalnr\u016bpniec\u012bbas nozares g\u016bst labumu no m\u016bsu hidraulisko cilindru sp\u0113c\u012bg\u0101s veiktsp\u0113jas. \u0160aj\u0101s nozar\u0113s tos izmanto smago ma\u0161\u012bnu, piem\u0113ram, ekskavatoru un urb\u0161anas iek\u0101rtu, darbin\u0101\u0161anai, pal\u012bdzot materi\u0101lu ieguv\u0113 un transport\u0113\u0161an\u0101. To iztur\u012bba un uzticam\u012bba ekstrem\u0101los apst\u0101k\u013cos padara tos neaizst\u0101jamus \u0161aj\u0101s pras\u012bgaj\u0101s vid\u0113s.<\/p>\n<p>Turkl\u0101t m\u016bsu hidrauliskie cilindri tiek pla\u0161i izmantoti ma\u0161\u012bnb\u016bv\u0113 un r\u016bpn\u012bc\u0101s. Tie ir \u013coti svar\u012bgi mont\u0101\u017eas l\u012bnij\u0101m, kur tie atvieglo deta\u013cu p\u0101rvieto\u0161anu un izvieto\u0161anu, t\u0101d\u0113j\u0101di veicinot ra\u017eo\u0161anas procesu racionaliz\u0101ciju. M\u016bsu hidraulisko cilindru nodro\u0161in\u0101t\u0101 precizit\u0101te un jauda uzlabo kop\u0113jo darb\u012bbas efektivit\u0101ti, padarot tos par b\u016btisku sast\u0101vda\u013cu m\u016bsdienu ra\u017eo\u0161an\u0101.<\/p>\n<p>Rezum\u0113jot, m\u016bsu hidrauliskie cilindri ir izstr\u0101d\u0101ti, lai apmierin\u0101tu da\u017e\u0101du nozaru da\u017e\u0101d\u0101s vajadz\u012bbas, nodro\u0161inot uzticamus un efekt\u012bvus risin\u0101jumus ma\u0161\u012bnu cel\u0161anai, p\u0101rvieto\u0161anai un apkalpo\u0161anai. To pla\u0161ais pielietojumu kl\u0101sts uzsver to noz\u012bmi produktivit\u0101tes un dro\u0161\u012bbas uzlabo\u0161an\u0101 vair\u0101k\u0101s nozar\u0113s.<\/p>\n<h2>Hidrauliskie cilindri un sp\u0113ka agreg\u0101ti<\/h2>\n<p>Hidrauliskie cilindri un sp\u0113ka agreg\u0101ti ir neaizst\u0101jamas hidraulisko sist\u0113mu sast\u0101vda\u013cas. To kombin\u0113t\u0101 darb\u012bba nodro\u0161ina pla\u0161u hidraulisko tehnolo\u0123iju pielietojumu r\u016bpniec\u012bb\u0101, nodro\u0161inot uzticamu jaudas un vad\u012bbas atbalstu da\u017e\u0101d\u0101m in\u017eeniertehnisk\u0101m un meh\u0101nisk\u0101m iek\u0101rt\u0101m. Hidrauliskais cilindrs k\u0101 izpildmeh\u0101nisms ir atbild\u012bgs par hidraulisk\u0101s ener\u0123ijas p\u0101rveido\u0161anu meh\u0101nisk\u0101 kust\u012bb\u0101, spiediena p\u0101rveido\u0161anu sp\u0113k\u0101. Sp\u0113ka agreg\u0101ts ir kodols, kas nodro\u0161ina hidrauliskajai sist\u0113mai nepiecie\u0161amo ener\u0123iju un vad\u012bbas sign\u0101lus.<\/p>\n<h2>Bie\u017ei uzdotie jaut\u0101jumi<\/h2>\n<dl>\n<dt>J: Vai j\u016bs esat tirdzniec\u012bbas uz\u0146\u0113mums vai ra\u017eot\u0101js?<\/dt>\n<dd>A: M\u0113s esam ra\u017eot\u0101js.<\/dd>\n<dt>J: Cik ilgs ir j\u016bsu pieg\u0101des laiks?<\/dt>\n<dd>A: Parasti tas ir 25\u201335 dienas.<\/dd>\n<dt>J: Vai j\u016bs sniedzat paraugus? Vai tas ir bez maksas vai papildus?<\/dt>\n<dd>A: J\u0101, m\u0113s var\u0113tu pied\u0101v\u0101t paraugu, bet tas nav bez maksas.<\/dd>\n<\/dl>\n<h3>Par FMP<\/h3>\n<p class=\"break-words\">FMP ir vado\u0161ais It\u0101lijas ra\u017eot\u0101js, kas specializ\u0113jas augstas kvalit\u0101tes hidraulisko cilindru projekt\u0113\u0161an\u0101, izstr\u0101d\u0113 un ra\u017eo\u0161an\u0101. Ar bag\u0101t\u012bgu mantojumu, kas sak\u0146ojas gadu desmitiem ilg\u0101 pieredz\u0113, m\u0113s ar lepnumu apvienojam it\u0101\u013cu meistar\u012bbu ar jaun\u0101kaj\u0101m tehnolo\u0123ij\u0101m, lai nodro\u0161in\u0101tu izcilus hidrauliskos risin\u0101jumus, kas piel\u0101goti m\u016bsu glob\u0101l\u0101 klientu loka da\u017e\u0101daj\u0101m vajadz\u012bb\u0101m. FMP, kas atrodas It\u0101lij\u0101, in\u017eenierijas izcil\u012bbas centr\u0101, ir uzticams v\u0101rds hidraulikas nozar\u0113 un ir ap\u0146\u0113mies nodro\u0161in\u0101t uzticamus, iztur\u012bgus un inovat\u012bvus produktus, kas dod iesp\u0113jas uz\u0146\u0113mumiem vis\u0101 pasaul\u0113.<\/p>\n<p class=\"break-words\">M\u016bsu uz\u0146\u0113mums apvieno lab\u0101k\u0101s progres\u012bv\u0101s ra\u017eo\u0161anas trad\u012bcijas ar t\u0101lredz\u012bgu pieeju. Balstoties uz daudzu gadu pieredzi hidraulisko sist\u0113mu jom\u0101, FMP ir att\u012bst\u012bjies par modernu uz\u0146\u0113mumu, kas izce\u013cas ar izcil\u0101m p\u0113tniec\u012bbas, dizaina un ra\u017eo\u0161anas sp\u0113j\u0101m. M\u0113s specializ\u0113jamies pla\u0161\u0101 hidraulisko cilindru kl\u0101st\u0101, tostarp divk\u0101r\u0161as darb\u012bbas cilindros, automobi\u013cu pacel\u0161anas cilindros, lauksaimniec\u012bbas tehnikas cilindros un piel\u0101gotos risin\u0101jumos da\u017e\u0101diem r\u016bpnieciskiem pielietojumiem. Neatkar\u012bgi no t\u0101, vai tas ir paredz\u0113ts b\u016bvniec\u012bbai, r\u016bpniecisk\u0101m instal\u0101cij\u0101m, lauksaimniec\u012bbai vai smagajai tehnikai, m\u016bsu hidrauliskie cilindri ir rad\u012bti, lai darbotos vissmag\u0101kajos apst\u0101k\u013cos, nodro\u0161inot dro\u0161\u012bbu, efektivit\u0101ti un ilgm\u016b\u017e\u012bbu.<\/p>\n<p><img loading=\"lazy\" decoding=\"async\" class=\"alignnone size-full wp-image-6720\" src=\"https:\/\/fmp-components.com\/wp-content\/uploads\/2025\/03\/hydraulic-cylinder-8.webp\" alt=\"Teleskopiskie hidrauliskie cilindri\" width=\"933\" height=\"526\" title=\"\" srcset=\"https:\/\/fmp-components.com\/wp-content\/uploads\/2025\/03\/hydraulic-cylinder-8.webp 933w, https:\/\/fmp-components.com\/wp-content\/uploads\/2025\/03\/hydraulic-cylinder-8-480x271.webp 480w\" sizes=\"(min-width: 0px) and (max-width: 480px) 480px, (min-width: 481px) 933px, 100vw\" \/><\/p>\n<p class=\"break-words\">Uz\u0146\u0113mum\u0101 FMP m\u0113s lepojamies ar sav\u0101m modern\u0101kaj\u0101m ra\u017eo\u0161anas iek\u0101rt\u0101m, kas apr\u012bkotas ar prec\u012bzijas iek\u0101rt\u0101m un modern\u0101m test\u0113\u0161anas sist\u0113m\u0101m. M\u016bsu ra\u017eo\u0161anas procesi atbilst stingriem valsts un starptautiskajiem standartiem, nodro\u0161inot, ka katrs hidrauliskais cilindrs, kas atst\u0101j m\u016bsu r\u016bpn\u012bcu, ir augst\u0101k\u0101s kvalit\u0101tes un uzticam\u012bbas. M\u016bsu prasm\u012bg\u0101 tehnisk\u0101 komanda apvienojum\u0101 ar modern\u0101ko apr\u012bkojumu \u013cauj mums uztur\u0113t stingru kvalit\u0101tes kontroli katr\u0101 ra\u017eo\u0161anas posm\u0101 \u2014 s\u0101kot no izejvielu izv\u0113les l\u012bdz gal\u012bgajai p\u0101rbaudei. \u0160\u012b ap\u0146em\u0161an\u0101s sasniegt izcil\u012bbu ir nodro\u0161in\u0101jusi mums sertifik\u0101tus un atzin\u012bbu no nozares iest\u0101d\u0113m, v\u0113l vair\u0101k nostiprinot m\u016bsu reput\u0101ciju k\u0101 uzticamam partnerim.<\/p>\n<p class=\"break-words\">M\u016bsu misija ir vienk\u0101r\u0161a, tom\u0113r ambicioza: nodro\u0161in\u0101t m\u016bsu klientus ar hidrauliskajiem cilindriem, kas p\u0101rsniedz cer\u012bbas attiec\u012bb\u0101 uz veiktsp\u0113ju, iztur\u012bbu un v\u0113rt\u012bbu. M\u0113s darbojamies, iev\u0113rojot profesionalit\u0101tes, godpr\u0101t\u012bbas un klientu apkalpo\u0161anas pamatprincipus. Veicinot inov\u0101ciju un precizit\u0101tes kult\u016bru, m\u0113s nep\u0101rtraukti pilnveidojam savus produktus, lai saglab\u0101tu l\u012bderpoz\u012bcijas konkur\u0113tsp\u0113j\u012bg\u0101 tirg\u016b. M\u016bsu pla\u0161ais produktu kl\u0101sts un sp\u0113ja pied\u0101v\u0101t piel\u0101gotus risin\u0101jumus padara m\u016bs par lab\u0101ko izv\u0113li uz\u0146\u0113mumiem, kas mekl\u0113 augstas veiktsp\u0113jas hidrauliskos cilindrus.<\/p>\n<p class=\"break-words\">FMP ir vair\u0101k nek\u0101 tikai ra\u017eot\u0101js \u2014 m\u0113s esam partneris j\u016bsu pan\u0101kumos. M\u0113s saprotam, ka m\u016bsu klienti pa\u013caujas uz mums, lai pieg\u0101d\u0101tu instrumentus, kas uzlabo vi\u0146u produktivit\u0101ti un dro\u0161\u012bbu. T\u0101p\u0113c m\u0113s esam ap\u0146\u0113mu\u0161ies pied\u0101v\u0101t ne tikai augst\u0101k\u0101s klases produktus, bet ar\u012b izcilu servisu. S\u0101kot ar s\u0101kotn\u0113jo konsult\u0101ciju un beidzot ar p\u0113cp\u0101rdo\u0161anas atbalstu, m\u0113s cie\u0161i sadarbojamies ar saviem klientiem, lai nodro\u0161in\u0101tu, ka vi\u0146u vajadz\u012bbas tiek apmierin\u0101tas ar profesionalit\u0101ti un r\u016bp\u012bbu. M\u016bsu konkur\u0113tsp\u0113j\u012bg\u0101s cenas apvienojum\u0101 ar nelok\u0101mo ap\u0146em\u0161anos nodro\u0161in\u0101t kvalit\u0101ti padara FMP par gudru izv\u0113li uz\u0146\u0113mumiem, kas v\u0113las ieguld\u012bt l\u012bdzek\u013cus uzticamos hidrauliskajos risin\u0101jumos.<\/p>","protected":false},"excerpt":{"rendered":"<p>Professional Small Dump Truck Hydraulic Hoist Cylinder Multistage Hydraulic Cylinder Our Professional Small Dump Truck Hydraulic Hoist Cylinder Multistage hydraulic cylinder is a state-of-the-art product that offers unparalleled quality and performance. Designed with efficiency and reliability in mind, this hydraulic cylinder is perfect for various applications in machinery repair shops, farms, energy and mining industries, [&hellip;]<\/p>","protected":false},"featured_media":6806,"comment_status":"closed","ping_status":"closed","template":"","meta":{"_et_pb_use_builder":"","_et_pb_old_content":"","_et_gb_content_width":""},"product_brand":[],"product_cat":[103],"product_tag":[34,105],"class_list":{"0":"post-6625","1":"product","2":"type-product","3":"status-publish","4":"has-post-thumbnail","6":"product_cat-telescopic-hydraulic-cylinders","7":"product_tag-hydraulic-cylinder","8":"product_tag-telescopic-hydraulic-cylinders","10":"first","11":"instock","12":"product-type-simple"},"_links":{"self":[{"href":"https:\/\/fmp-components.com\/lv\/wp-json\/wp\/v2\/product\/6625","targetHints":{"allow":["GET"]}}],"collection":[{"href":"https:\/\/fmp-components.com\/lv\/wp-json\/wp\/v2\/product"}],"about":[{"href":"https:\/\/fmp-components.com\/lv\/wp-json\/wp\/v2\/types\/product"}],"replies":[{"embeddable":true,"href":"https:\/\/fmp-components.com\/lv\/wp-json\/wp\/v2\/comments?post=6625"}],"wp:featuredmedia":[{"embeddable":true,"href":"https:\/\/fmp-components.com\/lv\/wp-json\/wp\/v2\/media\/6806"}],"wp:attachment":[{"href":"https:\/\/fmp-components.com\/lv\/wp-json\/wp\/v2\/media?parent=6625"}],"wp:term":[{"taxonomy":"product_brand","embeddable":true,"href":"https:\/\/fmp-components.com\/lv\/wp-json\/wp\/v2\/product_brand?post=6625"},{"taxonomy":"product_cat","embeddable":true,"href":"https:\/\/fmp-components.com\/lv\/wp-json\/wp\/v2\/product_cat?post=6625"},{"taxonomy":"product_tag","embeddable":true,"href":"https:\/\/fmp-components.com\/lv\/wp-json\/wp\/v2\/product_tag?post=6625"}],"curies":[{"name":"wp","href":"https:\/\/api.w.org\/{rel}","templated":true}]}}