{"id":6617,"date":"2025-03-11T06:33:57","date_gmt":"2025-03-11T06:33:57","guid":{"rendered":"https:\/\/fmp-components.com\/product\/high-quality-flatbed-tow-truck-hydraulic-cylinder-hydraulic-telescopic-cylinder"},"modified":"2025-03-14T01:33:37","modified_gmt":"2025-03-14T01:33:37","slug":"high-quality-flatbed-tow-truck-hydraulic-cylinder-hydraulic-telescopic-cylinder","status":"publish","type":"product","link":"https:\/\/fmp-components.com\/lv\/product\/high-quality-flatbed-tow-truck-hydraulic-cylinder-hydraulic-telescopic-cylinder\/","title":{"rendered":"Augstas kvalit\u0101tes platformas evakuatora hidrauliskais cilindrs Hidrauliskais teleskopiskais cilindrs"},"content":{"rendered":"<h2>Augstas kvalit\u0101tes platformas evakuatora hidrauliskais cilindrs Hidrauliskais teleskopiskais cilindrs<\/h2>\n<p>M\u016bsu augstas kvalit\u0101tes platformas evakuatora hidrauliskais cilindrs<b>r<\/b> Hidrauliskais teleskopiskais cilindrs ir FMP, vado\u0161\u0101 hidraulisk\u0101s nozares ra\u017eot\u0101ja, izcils produkts. \u0160is iztur\u012bgais apr\u012bkojums ir paredz\u0113ts augstai veiktsp\u0113jai, efektivit\u0101tei un uzticam\u012bbai, padarot to par neaizst\u0101jamu instrumentu tehnikas remonta darbn\u012bc\u0101m, saimniec\u012bb\u0101m, ener\u0123\u0113tikas un kalnr\u016bpniec\u012bbas nozar\u0113m, k\u0101 ar\u012b ma\u0161\u012bnb\u016bves r\u016bpn\u012bc\u0101m.<\/p>\n<h3>Produkta specifik\u0101cijas<\/h3>\n<table style=\"width: 101.5%;\" border=\"\">\n<tbody>\n<tr>\n<td style=\"width: 47.9042%;\"><b>Urbuma izm\u0113rs<\/b><\/td>\n<td style=\"width: 426.347%;\">2\u20136 collas<\/td>\n<\/tr>\n<tr>\n<td style=\"width: 47.9042%;\"><b>Stie\u0146a izm\u0113rs<\/b><\/td>\n<td style=\"width: 426.347%;\">1,125\u20134 collas<\/td>\n<\/tr>\n<tr>\n<td style=\"width: 47.9042%;\"><b>Trieciena izm\u0113rs<\/b><\/td>\n<td style=\"width: 426.347%;\">4\u2013100 collas<\/td>\n<\/tr>\n<tr>\n<td style=\"width: 47.9042%;\"><b>Tapas izm\u0113rs<\/b><\/td>\n<td style=\"width: 426.347%;\">0,5\u20132 collas<\/td>\n<\/tr>\n<\/tbody>\n<\/table>\n<h3>Unik\u0101las \u012bpa\u0161\u012bbas un priek\u0161roc\u012bbas<\/h3>\n<ul>\n<li>Energoefekt\u012bvs: M\u016bsu hidrauliskais cilindrs ir paredz\u0113ts ener\u0123ijas taup\u012b\u0161anai, t\u0101d\u0113j\u0101di ietaupot j\u016bsu uz\u0146\u0113muma izmaksas.<\/li>\n<li>Augsta efektivit\u0101te: Cilindrs ir izstr\u0101d\u0101ts maksim\u0101lai produktivit\u0101tei, nodro\u0161inot j\u016bsu darb\u012bbas nevainojamu norisi.<\/li>\n<li>Dro\u0161\u012bba: Dro\u0161\u012bba ir m\u016bsu galven\u0101 priorit\u0101te. M\u016bsu hidrauliskais cilindrs ir apr\u012bkots ar daudz\u0101m dro\u0161\u012bbas funkcij\u0101m, lai nodro\u0161in\u0101tu dro\u0161u darb\u012bbu.<\/li>\n<\/ul>\n<h2>Hidraulisk\u0101 sist\u0113ma un darb\u012bbas principi<\/h2>\n<p>M\u016bsu hidrauliskais cilindrs darbojas saska\u0146\u0101 ar \u0161\u0137idrumu meh\u0101nikas principiem \u2014 fizikas nozari, kas nodarbojas ar \u0161\u0137idrumu uzved\u012bbu miera st\u0101vokl\u012b un kust\u012bb\u0101. Izmantojot hidraulisk\u0101 \u0161\u0137idruma \u012bpa\u0161\u012bbas, cilindrs efekt\u012bvi p\u0101rveido hidraulisko ener\u0123iju meh\u0101niskaj\u0101 ener\u0123ij\u0101. \u0160is p\u0101rveido\u0161anas process ir b\u016btisks ma\u0161\u012bnu darbin\u0101\u0161anai, jo tas \u013cauj veikt da\u017e\u0101dus uzdevumus, kam nepiecie\u0161ams sp\u0113ks un precizit\u0101te. Kad hidrauliskais \u0161\u0137idrums tiek pak\u013cauts spiedienam un ievad\u012bts cilindr\u0101, tas iedarbojas uz virzuli ar sp\u0113ku, izraisot t\u0101 kust\u012bbu. \u0160\u012b kust\u012bba p\u0101rv\u0113r\u0161as meh\u0101nisk\u0101 kust\u012bb\u0101, \u013caujot hidrauliskajam cilindram veikt pla\u0161u funkciju kl\u0101stu, s\u0101kot no smagu kravu cel\u0161anas l\u012bdz sare\u017e\u0123\u012btu ra\u017eo\u0161anas procesu atvieglo\u0161anai.<\/p>\n<p>Hidraulisko sist\u0113mu efektivit\u0101te liel\u0101 m\u0113r\u0101 ir saist\u012bta ar to sp\u0113ju pastiprin\u0101t sp\u0113ku. Pielietojot relat\u012bvi nelielu ieejas sp\u0113ku hidrauliskajam \u0161\u0137idrumam, var rad\u012bt daudz liel\u0101ku izejas sp\u0113ku, padarot hidrauliskos cilindrus nenov\u0113rt\u0113jamus lietojumos, kur nepiecie\u0161ama iztur\u012bba. \u0160is princips ne tikai uzlabo ma\u0161\u012bnu veiktsp\u0113ju, bet ar\u012b veicina uzlabotu dro\u0161\u012bbu un darb\u012bbas efektivit\u0101ti.<\/p>\n<p><img loading=\"lazy\" decoding=\"async\" class=\"alignnone size-full wp-image-6798\" src=\"https:\/\/fmp-components.com\/wp-content\/uploads\/2025\/03\/Telescopic-Hydraulic-Cylinders-14.webp\" alt=\"Teleskopiskie hidrauliskie cilindri\" width=\"800\" height=\"800\" title=\"\" srcset=\"https:\/\/fmp-components.com\/wp-content\/uploads\/2025\/03\/Telescopic-Hydraulic-Cylinders-14.webp 800w, https:\/\/fmp-components.com\/wp-content\/uploads\/2025\/03\/Telescopic-Hydraulic-Cylinders-14-480x480.webp 480w\" sizes=\"(min-width: 0px) and (max-width: 480px) 480px, (min-width: 481px) 800px, 100vw\" \/><\/p>\n<h2>Hidraulisk\u0101 cilindra pielietojums<\/h2>\n<p>\u0160im hidrauliskajam cilindram ir pla\u0161s pielietojumu kl\u0101sts da\u017e\u0101d\u0101s nozar\u0113s, kas apliecina t\u0101 daudzpus\u012bbu un efektivit\u0101ti. Ma\u0161\u012bnu ra\u017eo\u0161an\u0101 tam ir iz\u0161\u0137iro\u0161a noz\u012bme t\u0101du iek\u0101rtu k\u0101 preses, automatiz\u0101cijas sist\u0113mas un mont\u0101\u017eas l\u012bnijas darb\u012bb\u0101. T\u0101 iztur\u012bg\u0101 konstrukcija un uzticam\u012bba padara to par iecien\u012btu izv\u0113li lieljaudas oper\u0101cij\u0101m, nodro\u0161inot, ka ma\u0161\u012bnas var darboties vienm\u0113r\u012bgi sare\u017e\u0123\u012btos apst\u0101k\u013cos.<\/p>\n<p>Ener\u0123\u0113tikas nozar\u0113 hidrauliskie cilindri ir b\u016btiski iek\u0101rtu darbin\u0101\u0161anai ener\u0123ijas ra\u017eo\u0161anas un p\u0101rvades jom\u0101. Tos izmanto v\u0113ja turb\u012bn\u0101s, hidroelektrostacij\u0101s un cit\u0101s viet\u0101s, kur nepiecie\u0161ama prec\u012bza vad\u012bba un jaud\u012bgas celtsp\u0113jas. L\u012bdz\u012bgi ar\u012b kalnr\u016bpniec\u012bb\u0101 \u0161ie cilindri atvieglo ekskavatoru, urbju un citu ma\u0161\u012bnu darb\u012bbu, nodro\u0161inot efekt\u012bvu resursu ieguvi.<\/p>\n<p>Turkl\u0101t lauksaimniec\u012bbas nozare g\u016bst labumu ar\u012b no hidrauliskajiem cilindriem, ko izmanto traktoros un cit\u0101 lauksaimniec\u012bbas apr\u012bkojum\u0101. To sp\u0113ja pacelt un p\u0101rvietot smagus agreg\u0101tus \u013cauj lauksaimniekiem efekt\u012bv\u0101k vad\u012bt tehniku, uzlabojot produktivit\u0101ti un samazinot roku darbu.<\/p>\n<h2>Hidrauliskie cilindri un sp\u0113ka agreg\u0101ti<\/h2>\n<p>Hidrauliskais cilindrs un sp\u0113ka agreg\u0101ts ir neat\u0146emamas hidraulisk\u0101s sist\u0113mas sast\u0101vda\u013cas, un katrs no tiem pilda kritisku funkciju, kas \u013cauj efekt\u012bvi pielietot hidraulisk\u0101s tehnolo\u0123ijas r\u016bpniec\u012bbas nozar\u0113. Hidrauliskais cilindrs darbojas k\u0101 izpildmeh\u0101nisms, p\u0101rveidojot hidraulisko spiedienu meh\u0101nisk\u0101 kust\u012bb\u0101, savuk\u0101rt sp\u0113ka agreg\u0101ts \u0123ener\u0113 un regul\u0113 hidraulisk\u0101 \u0161\u0137idruma spiedienu, kas nepiecie\u0161ams cilindra darbin\u0101\u0161anai.<\/p>\n<p>To neman\u0101m\u0101 sadarb\u012bba ir vit\u0101li svar\u012bga, lai nodro\u0161in\u0101tu uzticamu jaudas un vad\u012bbas atbalstu da\u017e\u0101d\u0101m in\u017eeniertehnisk\u0101m un meh\u0101nisk\u0101m iek\u0101rt\u0101m. Piem\u0113ram, ra\u017eo\u0161anas vid\u0113 \u0161\u012b sadarb\u012bba \u013cauj darbin\u0101t ma\u0161\u012bnas, kur\u0101m nepiecie\u0161ama gan iztur\u012bba, gan precizit\u0101te. Sp\u0113ja kontrol\u0113t \u0161\u0137idruma pl\u016bsmu un spiedienu \u013cauj operatoriem pan\u0101kt prec\u012bzi noregul\u0113tas kust\u012bbas, padarot hidraulisk\u0101s sist\u0113mas piem\u0113rotas pla\u0161am pielietojumu kl\u0101stam, s\u0101kot no smagas cel\u0161anas l\u012bdz sare\u017e\u0123\u012btiem mont\u0101\u017eas uzdevumiem.<\/p>\n<p>Turkl\u0101t hidraulisko cilindru integr\u0101cija ar sp\u0113ka agreg\u0101tiem uzlabo hidraulisko sist\u0113mu kop\u0113jo efektivit\u0101ti. \u0160\u012b siner\u0123ija ne tikai uzlabo produktivit\u0101ti, bet ar\u012b veicina darb\u012bbas dro\u0161\u012bbu un uzticam\u012bbu da\u017e\u0101dos r\u016bpnieciskos pielietojumos. Izmantojot hidraulisko cilindru un sp\u0113ka agreg\u0101tu apvienot\u0101s iesp\u0113jas, nozares var piln\u012bb\u0101 izmantot hidraulisko tehnolo\u0123iju potenci\u0101lu, veicinot inov\u0101cijas un efektivit\u0101ti savos procesos.<\/p>\n<h2>Bie\u017ei uzdotie jaut\u0101jumi<\/h2>\n<dl>\n<dt>J: Vai j\u016bs esat tirdzniec\u012bbas uz\u0146\u0113mums vai ra\u017eot\u0101js?<\/dt>\n<dd>A: M\u0113s esam ra\u017eot\u0101js.<\/dd>\n<dt>J: Cik ilgs ir j\u016bsu pieg\u0101des laiks?<\/dt>\n<dd>A: Parasti m\u016bsu pieg\u0101des laiks ir 25\u201335 dienas.<\/dd>\n<dt>J: Vai j\u016bs sniedzat paraugus? Vai tie ir bez maksas vai papildus?<\/dt>\n<dd>A: J\u0101, m\u0113s pied\u0101v\u0101jam paraugus, bet tie nav bez maksas.<\/dd>\n<\/dl>\n<h3>Par FMP<\/h3>\n<p class=\"break-words\">FMP ir vado\u0161ais It\u0101lijas ra\u017eot\u0101js, kas specializ\u0113jas augstas kvalit\u0101tes hidraulisko cilindru projekt\u0113\u0161an\u0101, izstr\u0101d\u0113 un ra\u017eo\u0161an\u0101. Ar bag\u0101t\u012bgu mantojumu, kas sak\u0146ojas gadu desmitiem ilg\u0101 pieredz\u0113, m\u0113s ar lepnumu apvienojam it\u0101\u013cu meistar\u012bbu ar jaun\u0101kaj\u0101m tehnolo\u0123ij\u0101m, lai nodro\u0161in\u0101tu izcilus hidrauliskos risin\u0101jumus, kas piel\u0101goti m\u016bsu glob\u0101l\u0101 klientu loka da\u017e\u0101daj\u0101m vajadz\u012bb\u0101m. FMP, kas atrodas It\u0101lij\u0101, in\u017eenierijas izcil\u012bbas centr\u0101, ir uzticams v\u0101rds hidraulikas nozar\u0113 un ir ap\u0146\u0113mies nodro\u0161in\u0101t uzticamus, iztur\u012bgus un inovat\u012bvus produktus, kas dod iesp\u0113jas uz\u0146\u0113mumiem vis\u0101 pasaul\u0113.<\/p>\n<p class=\"break-words\">M\u016bsu uz\u0146\u0113mums apvieno lab\u0101k\u0101s progres\u012bv\u0101s ra\u017eo\u0161anas trad\u012bcijas ar t\u0101lredz\u012bgu pieeju. Balstoties uz daudzu gadu pieredzi hidraulisko sist\u0113mu jom\u0101, FMP ir att\u012bst\u012bjies par modernu uz\u0146\u0113mumu, kas izce\u013cas ar izcil\u0101m p\u0113tniec\u012bbas, dizaina un ra\u017eo\u0161anas sp\u0113j\u0101m. M\u0113s specializ\u0113jamies pla\u0161\u0101 hidraulisko cilindru kl\u0101st\u0101, tostarp divk\u0101r\u0161as darb\u012bbas cilindros, automobi\u013cu pacel\u0161anas cilindros, lauksaimniec\u012bbas tehnikas cilindros un piel\u0101gotos risin\u0101jumos da\u017e\u0101diem r\u016bpnieciskiem pielietojumiem. Neatkar\u012bgi no t\u0101, vai tas ir paredz\u0113ts b\u016bvniec\u012bbai, r\u016bpniecisk\u0101m instal\u0101cij\u0101m, lauksaimniec\u012bbai vai smagajai tehnikai, m\u016bsu hidrauliskie cilindri ir rad\u012bti, lai darbotos vissmag\u0101kajos apst\u0101k\u013cos, nodro\u0161inot dro\u0161\u012bbu, efektivit\u0101ti un ilgm\u016b\u017e\u012bbu.<\/p>\n<p><img loading=\"lazy\" decoding=\"async\" class=\"alignnone size-full wp-image-6720\" src=\"https:\/\/fmp-components.com\/wp-content\/uploads\/2025\/03\/hydraulic-cylinder-8.webp\" alt=\"Teleskopiskie hidrauliskie cilindri\" width=\"933\" height=\"526\" title=\"\" srcset=\"https:\/\/fmp-components.com\/wp-content\/uploads\/2025\/03\/hydraulic-cylinder-8.webp 933w, https:\/\/fmp-components.com\/wp-content\/uploads\/2025\/03\/hydraulic-cylinder-8-480x271.webp 480w\" sizes=\"(min-width: 0px) and (max-width: 480px) 480px, (min-width: 481px) 933px, 100vw\" \/><\/p>\n<p class=\"break-words\">Uz\u0146\u0113mum\u0101 FMP m\u0113s lepojamies ar sav\u0101m modern\u0101kaj\u0101m ra\u017eo\u0161anas iek\u0101rt\u0101m, kas apr\u012bkotas ar prec\u012bzijas iek\u0101rt\u0101m un modern\u0101m test\u0113\u0161anas sist\u0113m\u0101m. M\u016bsu ra\u017eo\u0161anas procesi atbilst stingriem valsts un starptautiskajiem standartiem, nodro\u0161inot, ka katrs hidrauliskais cilindrs, kas atst\u0101j m\u016bsu r\u016bpn\u012bcu, ir augst\u0101k\u0101s kvalit\u0101tes un uzticam\u012bbas. M\u016bsu prasm\u012bg\u0101 tehnisk\u0101 komanda apvienojum\u0101 ar modern\u0101ko apr\u012bkojumu \u013cauj mums uztur\u0113t stingru kvalit\u0101tes kontroli katr\u0101 ra\u017eo\u0161anas posm\u0101 \u2014 s\u0101kot no izejvielu izv\u0113les l\u012bdz gal\u012bgajai p\u0101rbaudei. \u0160\u012b ap\u0146em\u0161an\u0101s sasniegt izcil\u012bbu ir nodro\u0161in\u0101jusi mums sertifik\u0101tus un atzin\u012bbu no nozares iest\u0101d\u0113m, v\u0113l vair\u0101k nostiprinot m\u016bsu reput\u0101ciju k\u0101 uzticamam partnerim.<\/p>\n<p class=\"break-words\">M\u016bsu misija ir vienk\u0101r\u0161a, tom\u0113r ambicioza: nodro\u0161in\u0101t m\u016bsu klientus ar hidrauliskajiem cilindriem, kas p\u0101rsniedz cer\u012bbas attiec\u012bb\u0101 uz veiktsp\u0113ju, iztur\u012bbu un v\u0113rt\u012bbu. M\u0113s darbojamies, iev\u0113rojot profesionalit\u0101tes, godpr\u0101t\u012bbas un klientu apkalpo\u0161anas pamatprincipus. Veicinot inov\u0101ciju un precizit\u0101tes kult\u016bru, m\u0113s nep\u0101rtraukti pilnveidojam savus produktus, lai saglab\u0101tu l\u012bderpoz\u012bcijas konkur\u0113tsp\u0113j\u012bg\u0101 tirg\u016b. M\u016bsu pla\u0161ais produktu kl\u0101sts un sp\u0113ja pied\u0101v\u0101t piel\u0101gotus risin\u0101jumus padara m\u016bs par lab\u0101ko izv\u0113li uz\u0146\u0113mumiem, kas mekl\u0113 augstas veiktsp\u0113jas hidrauliskos cilindrus.<\/p>\n<p class=\"break-words\">FMP ir vair\u0101k nek\u0101 tikai ra\u017eot\u0101js \u2014 m\u0113s esam partneris j\u016bsu pan\u0101kumos. M\u0113s saprotam, ka m\u016bsu klienti pa\u013caujas uz mums, lai pieg\u0101d\u0101tu instrumentus, kas uzlabo vi\u0146u produktivit\u0101ti un dro\u0161\u012bbu. T\u0101p\u0113c m\u0113s esam ap\u0146\u0113mu\u0161ies pied\u0101v\u0101t ne tikai augst\u0101k\u0101s klases produktus, bet ar\u012b izcilu servisu. S\u0101kot ar s\u0101kotn\u0113jo konsult\u0101ciju un beidzot ar p\u0113cp\u0101rdo\u0161anas atbalstu, m\u0113s cie\u0161i sadarbojamies ar saviem klientiem, lai nodro\u0161in\u0101tu, ka vi\u0146u vajadz\u012bbas tiek apmierin\u0101tas ar profesionalit\u0101ti un r\u016bp\u012bbu. M\u016bsu konkur\u0113tsp\u0113j\u012bg\u0101s cenas apvienojum\u0101 ar nelok\u0101mo ap\u0146em\u0161anos nodro\u0161in\u0101t kvalit\u0101ti padara FMP par gudru izv\u0113li uz\u0146\u0113mumiem, kas v\u0113las ieguld\u012bt l\u012bdzek\u013cus uzticamos hidrauliskajos risin\u0101jumos.<\/p>","protected":false},"excerpt":{"rendered":"<p>High Quality Flatbed Tow Truck Hydraulic Cylinder Hydraulic Telescopic Cylinder Our High Quality Flatbed Tow Truck hydraulic cylinder Hydraulic Telescopic Cylinder is a superior product from FMP, a leading manufacturer in the hydraulic industry. This robust equipment is designed for high performance, efficiency, and reliability, making it an indispensable tool for machinery repair shops, farms, [&hellip;]<\/p>","protected":false},"featured_media":6798,"comment_status":"closed","ping_status":"closed","template":"","meta":{"_et_pb_use_builder":"","_et_pb_old_content":"","_et_gb_content_width":""},"product_brand":[],"product_cat":[103],"product_tag":[34,105],"class_list":{"0":"post-6617","1":"product","2":"type-product","3":"status-publish","4":"has-post-thumbnail","6":"product_cat-telescopic-hydraulic-cylinders","7":"product_tag-hydraulic-cylinder","8":"product_tag-telescopic-hydraulic-cylinders","10":"first","11":"instock","12":"product-type-simple"},"_links":{"self":[{"href":"https:\/\/fmp-components.com\/lv\/wp-json\/wp\/v2\/product\/6617","targetHints":{"allow":["GET"]}}],"collection":[{"href":"https:\/\/fmp-components.com\/lv\/wp-json\/wp\/v2\/product"}],"about":[{"href":"https:\/\/fmp-components.com\/lv\/wp-json\/wp\/v2\/types\/product"}],"replies":[{"embeddable":true,"href":"https:\/\/fmp-components.com\/lv\/wp-json\/wp\/v2\/comments?post=6617"}],"wp:featuredmedia":[{"embeddable":true,"href":"https:\/\/fmp-components.com\/lv\/wp-json\/wp\/v2\/media\/6798"}],"wp:attachment":[{"href":"https:\/\/fmp-components.com\/lv\/wp-json\/wp\/v2\/media?parent=6617"}],"wp:term":[{"taxonomy":"product_brand","embeddable":true,"href":"https:\/\/fmp-components.com\/lv\/wp-json\/wp\/v2\/product_brand?post=6617"},{"taxonomy":"product_cat","embeddable":true,"href":"https:\/\/fmp-components.com\/lv\/wp-json\/wp\/v2\/product_cat?post=6617"},{"taxonomy":"product_tag","embeddable":true,"href":"https:\/\/fmp-components.com\/lv\/wp-json\/wp\/v2\/product_tag?post=6617"}],"curies":[{"name":"wp","href":"https:\/\/api.w.org\/{rel}","templated":true}]}}