{"id":6615,"date":"2025-03-11T06:33:57","date_gmt":"2025-03-11T06:33:57","guid":{"rendered":"https:\/\/fmp-components.com\/product\/premium-quality-5-stage-telescopic-hydraulic-cylinder-double-acting-hydraulic-cylinder"},"modified":"2025-03-14T01:22:41","modified_gmt":"2025-03-14T01:22:41","slug":"premium-quality-5-stage-telescopic-hydraulic-cylinder-double-acting-hydraulic-cylinder","status":"publish","type":"product","link":"https:\/\/fmp-components.com\/lv\/product\/premium-quality-5-stage-telescopic-hydraulic-cylinder-double-acting-hydraulic-cylinder\/","title":{"rendered":"Augst\u0101k\u0101s kvalit\u0101tes 5 pak\u0101pju teleskopiskais hidrauliskais cilindrs ar divk\u0101r\u0161u darb\u012bbu"},"content":{"rendered":"<h2>Augst\u0101k\u0101s kvalit\u0101tes 5 pak\u0101pju teleskopiskais hidrauliskais cilindrs ar divk\u0101r\u0161u darb\u012bbu<\/h2>\n<p>Augst\u0101k\u0101s kvalit\u0101tes 5 pak\u0101pju teleskopiskais hidrauliskais cilindrs ar divk\u0101r\u0161u darb\u012bbu ir augst\u0101k\u0101s klases produkts, kas paredz\u0113ts, lai nodro\u0161in\u0101tu izcilu veiktsp\u0113ju vis\u0101s piem\u0113rojamaj\u0101s nozar\u0113s. Ar augstas kvalit\u0101tes t\u0113rauda korpusu un jaud\u012bgu hidraulisko jaudu tas ir b\u016btiska sast\u0101vda\u013ca da\u017e\u0101d\u0101m ma\u0161\u012bn\u0101m t\u0101d\u0101s nozar\u0113s k\u0101 lauksaimniec\u012bbas tehnika, ener\u0123\u0113tika un kalnr\u016bpniec\u012bba, ma\u0161\u012bnu ra\u017eo\u0161ana un ma\u0161\u012bnu remonta darbn\u012bcas.<\/p>\n<p><img loading=\"lazy\" decoding=\"async\" class=\"alignnone size-full wp-image-6797\" src=\"https:\/\/fmp-components.com\/wp-content\/uploads\/2025\/03\/Telescopic-Hydraulic-Cylinders-13.webp\" alt=\"Teleskopiskie hidrauliskie cilindri\" width=\"800\" height=\"800\" title=\"\" srcset=\"https:\/\/fmp-components.com\/wp-content\/uploads\/2025\/03\/Telescopic-Hydraulic-Cylinders-13.webp 800w, https:\/\/fmp-components.com\/wp-content\/uploads\/2025\/03\/Telescopic-Hydraulic-Cylinders-13-480x480.webp 480w\" sizes=\"(min-width: 0px) and (max-width: 480px) 480px, (min-width: 481px) 800px, 100vw\" \/><\/p>\n<h3>Funkcijas un specifik\u0101cijas<\/h3>\n<table style=\"width: 101.89%;\" border=\"\">\n<tbody>\n<tr>\n<th style=\"width: 17.0854%;\">Urbuma izm\u0113rs<\/th>\n<th style=\"width: 20.3518%;\">Stie\u0146a izm\u0113rs<\/th>\n<th style=\"width: 19.8492%;\">Trieciena izm\u0113rs<\/th>\n<th style=\"width: 16.3317%;\">Tapas izm\u0113rs<\/th>\n<th style=\"width: 126.131%;\">Ostas<\/th>\n<\/tr>\n<tr>\n<td style=\"width: 17.0854%;\">2\u20136 collas<\/td>\n<td style=\"width: 20.3518%;\">1,125\u20134 collas<\/td>\n<td style=\"width: 19.8492%;\">4\u2013100 collas<\/td>\n<td style=\"width: 16.3317%;\">0,5\u20132 collas<\/td>\n<td style=\"width: 126.131%;\">G\/SAE\/NPT\/M<\/td>\n<\/tr>\n<\/tbody>\n<\/table>\n<h3>Unik\u0101las \u012bpa\u0161\u012bbas un priek\u0161roc\u012bbas<\/h3>\n<ul>\n<li style=\"list-style-type: none;\">\n<ul>\n<li>Energoefekt\u012bvs<\/li>\n<li>\u013boti efekt\u012bvs<\/li>\n<li>Dro\u0161i lietojams<\/li>\n<\/ul>\n<\/li>\n<\/ul>\n<h2>Hidraulisko sist\u0113mu darb\u012bbas princips<\/h2>\n<p>Hidraulisk\u0101 sist\u0113ma darbojas p\u0113c hidraulisk\u0101s ener\u0123ijas principa, kur spiediens tiek izmantots jaudas \u0123ener\u0113\u0161anai, kontrolei un p\u0101rraid\u012b\u0161anai. Hidrauliskais cilindrs, kas ir izpildmeh\u0101nisms, p\u0101rveido hidraulisko ener\u0123iju lietder\u012bg\u0101 meh\u0101nisk\u0101 darb\u0101, nodro\u0161inot uzticamu jaudas un vad\u012bbas atbalstu da\u017e\u0101d\u0101m in\u017eeniertehnisk\u0101m un meh\u0101nisk\u0101m iek\u0101rt\u0101m.<\/p>\n<h2>Pieteikumi<\/h2>\n<p>\u0160is teleskopiskais hidrauliskais cilindrs ir daudzpus\u012bgs un to var izmantot da\u017e\u0101dos apst\u0101k\u013cos, s\u0101kot no ma\u0161\u012bnu remonta darbn\u012bc\u0101m l\u012bdz lauksaimniec\u012bbas, ener\u0123\u0113tikas un kalnr\u016bpniec\u012bbas nozar\u0113m.<\/p>\n<h2>Hidrauliskie cilindri un sp\u0113ka agreg\u0101ti<\/h2>\n<p>Hidrauliskie cilindri un sp\u0113ka agreg\u0101ti ir neat\u0146emamas hidraulisk\u0101s sist\u0113mas sast\u0101vda\u013cas. Tie darbojas saska\u0146oti, lai nodro\u0161in\u0101tu pla\u0161u hidraulisk\u0101s tehnolo\u0123ijas pielietojumu r\u016bpniec\u012bb\u0101, sniedzot uzticamu jaudas un vad\u012bbas atbalstu da\u017e\u0101d\u0101m in\u017eeniertehnisk\u0101m un meh\u0101nisk\u0101m iek\u0101rt\u0101m. FMP pied\u0101v\u0101 p\u0101rdo\u0161anai ar\u012b sp\u0113ka agreg\u0101tus, k\u0101 ar\u012b hidrauliskos cilindrus.<\/p>\n<h2>Bie\u017ei uzdotie jaut\u0101jumi<\/h2>\n<p><strong>J: Vai j\u016bs esat tirdzniec\u012bbas uz\u0146\u0113mums vai ra\u017eot\u0101js?<\/strong><br \/>\nA: M\u0113s esam ra\u017eot\u0101js.<\/p>\n<p><strong>J: Cik ilgs ir j\u016bsu pieg\u0101des laiks?<\/strong><br \/>\nA: Parasti tas ir 25\u201335 dienas.<\/p>\n<p><strong>J: Vai j\u016bs sniedzat paraugus?<\/strong><br \/>\nA: J\u0101, m\u0113s var\u0113tu pied\u0101v\u0101t paraugus, ta\u010du tie nav bez maksas.<\/p>\n<h3>Par FMP<\/h3>\n<p class=\"break-words\">FMP ir vado\u0161ais It\u0101lijas ra\u017eot\u0101js, kas specializ\u0113jas augstas kvalit\u0101tes hidraulisko cilindru projekt\u0113\u0161an\u0101, izstr\u0101d\u0113 un ra\u017eo\u0161an\u0101. Ar bag\u0101t\u012bgu mantojumu, kas sak\u0146ojas gadu desmitiem ilg\u0101 pieredz\u0113, m\u0113s ar lepnumu apvienojam it\u0101\u013cu meistar\u012bbu ar jaun\u0101kaj\u0101m tehnolo\u0123ij\u0101m, lai nodro\u0161in\u0101tu izcilus hidrauliskos risin\u0101jumus, kas piel\u0101goti m\u016bsu glob\u0101l\u0101 klientu loka da\u017e\u0101daj\u0101m vajadz\u012bb\u0101m. FMP, kas atrodas It\u0101lij\u0101, in\u017eenierijas izcil\u012bbas centr\u0101, ir uzticams v\u0101rds hidraulikas nozar\u0113 un ir ap\u0146\u0113mies nodro\u0161in\u0101t uzticamus, iztur\u012bgus un inovat\u012bvus produktus, kas dod iesp\u0113jas uz\u0146\u0113mumiem vis\u0101 pasaul\u0113.<\/p>\n<p class=\"break-words\">M\u016bsu uz\u0146\u0113mums apvieno lab\u0101k\u0101s progres\u012bv\u0101s ra\u017eo\u0161anas trad\u012bcijas ar t\u0101lredz\u012bgu pieeju. Balstoties uz daudzu gadu pieredzi hidraulisko sist\u0113mu jom\u0101, FMP ir att\u012bst\u012bjies par modernu uz\u0146\u0113mumu, kas izce\u013cas ar izcil\u0101m p\u0113tniec\u012bbas, dizaina un ra\u017eo\u0161anas sp\u0113j\u0101m. M\u0113s specializ\u0113jamies pla\u0161\u0101 hidraulisko cilindru kl\u0101st\u0101, tostarp divk\u0101r\u0161as darb\u012bbas cilindros, automobi\u013cu pacel\u0161anas cilindros, lauksaimniec\u012bbas tehnikas cilindros un piel\u0101gotos risin\u0101jumos da\u017e\u0101diem r\u016bpnieciskiem pielietojumiem. Neatkar\u012bgi no t\u0101, vai tas ir paredz\u0113ts b\u016bvniec\u012bbai, r\u016bpniecisk\u0101m instal\u0101cij\u0101m, lauksaimniec\u012bbai vai smagajai tehnikai, m\u016bsu hidrauliskie cilindri ir rad\u012bti, lai darbotos vissmag\u0101kajos apst\u0101k\u013cos, nodro\u0161inot dro\u0161\u012bbu, efektivit\u0101ti un ilgm\u016b\u017e\u012bbu.<\/p>\n<p><img loading=\"lazy\" decoding=\"async\" class=\"alignnone size-full wp-image-6720\" src=\"https:\/\/fmp-components.com\/wp-content\/uploads\/2025\/03\/hydraulic-cylinder-8.webp\" alt=\"Teleskopiskie hidrauliskie cilindri\" width=\"933\" height=\"526\" title=\"\" srcset=\"https:\/\/fmp-components.com\/wp-content\/uploads\/2025\/03\/hydraulic-cylinder-8.webp 933w, https:\/\/fmp-components.com\/wp-content\/uploads\/2025\/03\/hydraulic-cylinder-8-480x271.webp 480w\" sizes=\"(min-width: 0px) and (max-width: 480px) 480px, (min-width: 481px) 933px, 100vw\" \/><\/p>\n<p class=\"break-words\">Uz\u0146\u0113mum\u0101 FMP m\u0113s lepojamies ar sav\u0101m modern\u0101kaj\u0101m ra\u017eo\u0161anas iek\u0101rt\u0101m, kas apr\u012bkotas ar prec\u012bzijas iek\u0101rt\u0101m un modern\u0101m test\u0113\u0161anas sist\u0113m\u0101m. M\u016bsu ra\u017eo\u0161anas procesi atbilst stingriem valsts un starptautiskajiem standartiem, nodro\u0161inot, ka katrs hidrauliskais cilindrs, kas atst\u0101j m\u016bsu r\u016bpn\u012bcu, ir augst\u0101k\u0101s kvalit\u0101tes un uzticam\u012bbas. M\u016bsu prasm\u012bg\u0101 tehnisk\u0101 komanda apvienojum\u0101 ar modern\u0101ko apr\u012bkojumu \u013cauj mums uztur\u0113t stingru kvalit\u0101tes kontroli katr\u0101 ra\u017eo\u0161anas posm\u0101 \u2014 s\u0101kot no izejvielu izv\u0113les l\u012bdz gal\u012bgajai p\u0101rbaudei. \u0160\u012b ap\u0146em\u0161an\u0101s sasniegt izcil\u012bbu ir nodro\u0161in\u0101jusi mums sertifik\u0101tus un atzin\u012bbu no nozares iest\u0101d\u0113m, v\u0113l vair\u0101k nostiprinot m\u016bsu reput\u0101ciju k\u0101 uzticamam partnerim.<\/p>\n<p class=\"break-words\">M\u016bsu misija ir vienk\u0101r\u0161a, tom\u0113r ambicioza: nodro\u0161in\u0101t m\u016bsu klientus ar hidrauliskajiem cilindriem, kas p\u0101rsniedz cer\u012bbas attiec\u012bb\u0101 uz veiktsp\u0113ju, iztur\u012bbu un v\u0113rt\u012bbu. M\u0113s darbojamies, iev\u0113rojot profesionalit\u0101tes, godpr\u0101t\u012bbas un klientu apkalpo\u0161anas pamatprincipus. Veicinot inov\u0101ciju un precizit\u0101tes kult\u016bru, m\u0113s nep\u0101rtraukti pilnveidojam savus produktus, lai saglab\u0101tu l\u012bderpoz\u012bcijas konkur\u0113tsp\u0113j\u012bg\u0101 tirg\u016b. M\u016bsu pla\u0161ais produktu kl\u0101sts un sp\u0113ja pied\u0101v\u0101t piel\u0101gotus risin\u0101jumus padara m\u016bs par lab\u0101ko izv\u0113li uz\u0146\u0113mumiem, kas mekl\u0113 augstas veiktsp\u0113jas hidrauliskos cilindrus.<\/p>\n<p class=\"break-words\">FMP ir vair\u0101k nek\u0101 tikai ra\u017eot\u0101js \u2014 m\u0113s esam partneris j\u016bsu pan\u0101kumos. M\u0113s saprotam, ka m\u016bsu klienti pa\u013caujas uz mums, lai pieg\u0101d\u0101tu instrumentus, kas uzlabo vi\u0146u produktivit\u0101ti un dro\u0161\u012bbu. T\u0101p\u0113c m\u0113s esam ap\u0146\u0113mu\u0161ies pied\u0101v\u0101t ne tikai augst\u0101k\u0101s klases produktus, bet ar\u012b izcilu servisu. S\u0101kot ar s\u0101kotn\u0113jo konsult\u0101ciju un beidzot ar p\u0113cp\u0101rdo\u0161anas atbalstu, m\u0113s cie\u0161i sadarbojamies ar saviem klientiem, lai nodro\u0161in\u0101tu, ka vi\u0146u vajadz\u012bbas tiek apmierin\u0101tas ar profesionalit\u0101ti un r\u016bp\u012bbu. M\u016bsu konkur\u0113tsp\u0113j\u012bg\u0101s cenas apvienojum\u0101 ar nelok\u0101mo ap\u0146em\u0161anos nodro\u0161in\u0101t kvalit\u0101ti padara FMP par gudru izv\u0113li uz\u0146\u0113mumiem, kas v\u0113las ieguld\u012bt l\u012bdzek\u013cus uzticamos hidrauliskajos risin\u0101jumos.<\/p>","protected":false},"excerpt":{"rendered":"<p>Premium Quality 5 Stage Telescopic Hydraulic Cylinder Double Acting Hydraulic Cylinder The Premium Quality 5 Stage Telescopic Hydraulic Cylinder Double Acting Hydraulic Cylinder is a top-tier product, designed to deliver superior performance in all applicable industries. With its high-quality steel body and powerful hydraulic power, it is the essential component for a range of machinery [&hellip;]<\/p>","protected":false},"featured_media":6796,"comment_status":"closed","ping_status":"closed","template":"","meta":{"_et_pb_use_builder":"","_et_pb_old_content":"","_et_gb_content_width":""},"product_brand":[],"product_cat":[103],"product_tag":[34,105],"class_list":{"0":"post-6615","1":"product","2":"type-product","3":"status-publish","4":"has-post-thumbnail","6":"product_cat-telescopic-hydraulic-cylinders","7":"product_tag-hydraulic-cylinder","8":"product_tag-telescopic-hydraulic-cylinders","10":"first","11":"instock","12":"product-type-simple"},"_links":{"self":[{"href":"https:\/\/fmp-components.com\/lv\/wp-json\/wp\/v2\/product\/6615","targetHints":{"allow":["GET"]}}],"collection":[{"href":"https:\/\/fmp-components.com\/lv\/wp-json\/wp\/v2\/product"}],"about":[{"href":"https:\/\/fmp-components.com\/lv\/wp-json\/wp\/v2\/types\/product"}],"replies":[{"embeddable":true,"href":"https:\/\/fmp-components.com\/lv\/wp-json\/wp\/v2\/comments?post=6615"}],"wp:featuredmedia":[{"embeddable":true,"href":"https:\/\/fmp-components.com\/lv\/wp-json\/wp\/v2\/media\/6796"}],"wp:attachment":[{"href":"https:\/\/fmp-components.com\/lv\/wp-json\/wp\/v2\/media?parent=6615"}],"wp:term":[{"taxonomy":"product_brand","embeddable":true,"href":"https:\/\/fmp-components.com\/lv\/wp-json\/wp\/v2\/product_brand?post=6615"},{"taxonomy":"product_cat","embeddable":true,"href":"https:\/\/fmp-components.com\/lv\/wp-json\/wp\/v2\/product_cat?post=6615"},{"taxonomy":"product_tag","embeddable":true,"href":"https:\/\/fmp-components.com\/lv\/wp-json\/wp\/v2\/product_tag?post=6615"}],"curies":[{"name":"wp","href":"https:\/\/api.w.org\/{rel}","templated":true}]}}