{"id":6614,"date":"2025-03-11T06:33:57","date_gmt":"2025-03-11T06:33:57","guid":{"rendered":"https:\/\/fmp-components.com\/product\/quality-assurance-hydraulic-cylinder-double-acting-5-stage-hydraulic-telescopic-cylinder"},"modified":"2025-03-14T00:49:46","modified_gmt":"2025-03-14T00:49:46","slug":"quality-assurance-hydraulic-cylinder-double-acting-5-stage-hydraulic-telescopic-cylinder","status":"publish","type":"product","link":"https:\/\/fmp-components.com\/lv\/product\/quality-assurance-hydraulic-cylinder-double-acting-5-stage-hydraulic-telescopic-cylinder\/","title":{"rendered":"Kvalit\u0101tes nodro\u0161in\u0101\u0161anas hidrauliskais cilindrs ar divk\u0101r\u0161u darb\u012bbu, 5 pak\u0101pju hidrauliskais teleskopiskais cilindrs"},"content":{"rendered":"<h2>Kvalit\u0101tes nodro\u0161in\u0101\u0161anas hidrauliskais cilindrs ar divk\u0101r\u0161u darb\u012bbu, 5 pak\u0101pju hidrauliskais teleskopiskais cilindrs<\/h2>\n<p>Iepaz\u012bstin\u0101m ar m\u016bsu kvalit\u0101tes nodro\u0161in\u0101\u0161anas hidraulisko cilindru \u2014 divk\u0101r\u0161as darb\u012bbas 5 pak\u0101pju hidraulisko teleskopisko cilindru \u2014 modernu produktu, kas paredz\u0113ts da\u017e\u0101diem pielietojumiem t\u0101d\u0101s nozar\u0113s k\u0101 ma\u0161\u012bnb\u016bves remonta darbn\u012bcas, lauku saimniec\u012bbas, ener\u0123\u0113tika un ieguves r\u016bpniec\u012bba, ma\u0161\u012bnb\u016bves ra\u017eo\u0161ana un ma\u0161\u012bnb\u016bves r\u016bpn\u012bcas. \u0160is hidrauliskais cilindrs ir izgatavots, \u0146emot v\u0113r\u0101 augst\u0101kos kvalit\u0101tes standartus, nodro\u0161inot stabilu un uzticamu darb\u012bbu.<\/p>\n<h3>Produkta \u012bpa\u0161\u012bbas un priek\u0161roc\u012bbas<\/h3>\n<ul>\n<li>Divk\u0101r\u0161a darb\u012bba \u2014 nodro\u0161ina kontroli gan stie\u0146a izstiep\u0161an\u0101, gan ievilk\u0161an\u0101, t\u0101d\u0113j\u0101di nodro\u0161inot papildu dro\u0161\u012bbu un precizit\u0101ti darb\u012bb\u0101.<\/li>\n<li>5 pak\u0101pju teleskopisk\u0101 konstrukcija \u2014 pied\u0101v\u0101 ilg\u0101ku darba g\u0101jienu nek\u0101 t\u0101da pa\u0161a nosl\u0113gta garuma vienpak\u0101pes cilindrs.<\/li>\n<li>T\u0113rauda korpusa materi\u0101ls \u2013 nodro\u0161ina iztur\u012bbu un ilgsto\u0161u veiktsp\u0113ju pat sare\u017e\u0123\u012btos darba apst\u0101k\u013cos.<\/li>\n<li>Augsta veiktsp\u0113ja \u2014 ar maksim\u0101lo vilces sp\u0113ku 3000 tonnu un maksim\u0101lo vilk\u0161anas sp\u0113ku 20 tonnu, \u0161is hidrauliskais cilindrs var tikt gal\u0101 ar lieljaudas lietojumiem.<\/li>\n<li>Kvalit\u0101tes nodro\u0161in\u0101\u0161ana \u2014 m\u016bsu hidrauliskajam cilindram ir 1 gada garantija uz galvenaj\u0101m sast\u0101vda\u013c\u0101m, sniegtie testa zi\u0146ojumi un ISO9001:2000 sertifik\u0101ts.<\/li>\n<\/ul>\n<h3>Tehnisk\u0101s specifik\u0101cijas<\/h3>\n<table style=\"width: 101.022%;\" border=\"\">\n<tbody>\n<tr>\n<td style=\"width: 42.8571%;\"><i>Urbuma izm\u0113rs<\/i><\/td>\n<td style=\"width: 411.429%;\">2\u20136 collas<\/td>\n<\/tr>\n<tr>\n<td style=\"width: 42.8571%;\"><i>Stie\u0146a izm\u0113rs<\/i><\/td>\n<td style=\"width: 411.429%;\">1,125\u20134 collas<\/td>\n<\/tr>\n<tr>\n<td style=\"width: 42.8571%;\"><i>Trieciena izm\u0113rs<\/i><\/td>\n<td style=\"width: 411.429%;\">4\u2013100 collas<\/td>\n<\/tr>\n<tr>\n<td style=\"width: 42.8571%;\"><i>Tapas izm\u0113rs<\/i><\/td>\n<td style=\"width: 411.429%;\">0,5\u20132 collas<\/td>\n<\/tr>\n<tr>\n<td style=\"width: 42.8571%;\"><i>Ostas<\/i><\/td>\n<td style=\"width: 411.429%;\">G\/SAE\/NPT\/M<\/td>\n<\/tr>\n<\/tbody>\n<\/table>\n<h2>Hidraulisko cilindru pielietojums<\/h2>\n<p>M\u016bsu hidrauliskie cilindri tiek pla\u0161i izmantoti da\u017e\u0101d\u0101s jom\u0101s, demonstr\u0113jot to daudzpus\u012bbu un efektivit\u0101ti da\u017e\u0101d\u0101s nozar\u0113s. S\u0101kot ar ma\u0161\u012bnu remonta darbn\u012bc\u0101m un beidzot ar lauksaimniec\u012bbas laukiem, ener\u0123ijas ra\u017eo\u0161anu, ieguves r\u016bpniec\u012bbu, ma\u0161\u012bnu ra\u017eo\u0161anu un r\u016bpniec\u012bbas r\u016bpn\u012bc\u0101m, \u0161iem cilindriem ir iz\u0161\u0137iro\u0161a noz\u012bme t\u0101du uzdevumu veik\u0161an\u0101, kuriem nepiecie\u0161ams iev\u0113rojams sp\u0113ks un precizit\u0101te.<\/p>\n<p>Viena no m\u016bsu hidraulisko cilindru galvenaj\u0101m iez\u012bm\u0113m ir to daudzpak\u0101pju konstrukcija, kas \u013cauj tiem \u0123ener\u0113t lielu jaudu, vienlaikus saglab\u0101jot kompaktu izm\u0113ru. Tas padara tos ide\u0101li piem\u0113rotus lietojumiem, kuriem nepiecie\u0161ams iev\u0113rojams sp\u0113ks lielos att\u0101lumos. Piem\u0113ram, ma\u0161\u012bnb\u016bves remonta darbn\u012bc\u0101s hidrauliskos cilindrus izmanto, lai paceltu smagu apr\u012bkojumu apkopes un remonta darbiem, nodro\u0161inot dro\u0161\u012bbu un efektivit\u0101ti procesa laik\u0101.<\/p>\n<p>Lauksaimniec\u012bb\u0101 \u0161ie cilindri pal\u012bdz vad\u012bt lauksaimniec\u012bbas tehniku, piem\u0113ram, traktorus un kombainus, \u013caujot lauksaimniekiem viegli veikt t\u0101dus uzdevumus k\u0101 arklu pacel\u0161ana vai apr\u012bkojuma regul\u0113\u0161ana. Lauksaimniec\u012bbas nozare g\u016bst lielu labumu no hidraulisko cilindru jaud\u012bgaj\u0101m celtsp\u0113j\u0101m, uzlabojot produktivit\u0101ti un samazinot roku darbu.<\/p>\n<p>Ener\u0123\u0113tikas un ieguves r\u016bpniec\u012bb\u0101 hidrauliskie cilindri ir b\u016btiski smago iek\u0101rtu darbin\u0101\u0161anai, ko izmanto urb\u0161an\u0101, rak\u0161an\u0101 un materi\u0101lu apstr\u0101d\u0113. Tie nodro\u0161ina nepiecie\u0161amo sp\u0113ku, lai p\u0101rvietotu lielu daudzumu zemes vai materi\u0101lu, padarot darb\u012bbas dro\u0161\u0101kas un efekt\u012bv\u0101kas. Turkl\u0101t ma\u0161\u012bnb\u016bv\u0113 un r\u016bpn\u012bc\u0101s hidrauliskie cilindri ir neat\u0146emama mont\u0101\u017eas l\u012bniju sast\u0101vda\u013ca, kur tie atvieglo komponentu p\u0101rvieto\u0161anu un izvieto\u0161anu, t\u0101d\u0113j\u0101di veicinot ra\u017eo\u0161anas procesu racionaliz\u0101ciju.<\/p>\n<p><img loading=\"lazy\" decoding=\"async\" class=\"alignnone size-full wp-image-6788\" src=\"https:\/\/fmp-components.com\/wp-content\/uploads\/2025\/03\/Telescopic-Hydraulic-Cylinders-4.webp\" alt=\"Teleskopiskie hidrauliskie cilindri\" width=\"800\" height=\"800\" title=\"\" srcset=\"https:\/\/fmp-components.com\/wp-content\/uploads\/2025\/03\/Telescopic-Hydraulic-Cylinders-4.webp 800w, https:\/\/fmp-components.com\/wp-content\/uploads\/2025\/03\/Telescopic-Hydraulic-Cylinders-4-480x480.webp 480w\" sizes=\"(min-width: 0px) and (max-width: 480px) 480px, (min-width: 481px) 800px, 100vw\" \/><\/p>\n<h2>Hidrauliskie cilindri un sp\u0113ka agreg\u0101ti<\/h2>\n<p>Hidrauliskie cilindri un sp\u0113ka agreg\u0101ti ir jebkuras hidraulisk\u0101s sist\u0113mas pamatelementi, kas darbojas harmoniski, lai maksim\u0101li palielin\u0101tu hidraulisk\u0101s tehnolo\u0123ijas efektivit\u0101ti r\u016bpnieciskos pielietojumos. Hidrauliskais cilindrs kalpo k\u0101 izpildmeh\u0101nisms, p\u0101rveidojot hidraulisko spiedienu meh\u0101nisk\u0101 kust\u012bb\u0101, savuk\u0101rt sp\u0113ka agreg\u0101ts \u0123ener\u0113 un regul\u0113 hidraulisk\u0101 \u0161\u0137idruma spiedienu, kas nepiecie\u0161ams cilindra darbin\u0101\u0161anai.<\/p>\n<p>Kop\u0101 \u0161ie komponenti nodro\u0161ina, ka hidraulisk\u0101s sist\u0113mas nodro\u0161ina uzticamu jaudu un prec\u012bzu vad\u012bbu da\u017e\u0101d\u0101m in\u017eeniertehnisk\u0101m un meh\u0101nisk\u0101m iek\u0101rt\u0101m. Hidraulisko cilindru un sp\u0113ka agreg\u0101tu sadarb\u012bba \u013cauj veikt pla\u0161u pielietojumu kl\u0101stu, s\u0101kot no cel\u0161anas un stum\u0161anas l\u012bdz pat saspie\u0161anai un liek\u0161anai, padarot tos neaizst\u0101jamus m\u016bsdienu ra\u017eo\u0161an\u0101, b\u016bvniec\u012bb\u0101 un resursu ieguv\u0113.<\/p>\n<p>Turkl\u0101t to apvienot\u0101 efektivit\u0101te ne tikai uzlabo produktivit\u0101ti, bet ar\u012b nodro\u0161ina dro\u0161\u012bbu un precizit\u0101ti darb\u012bb\u0101s. Izmantojot hidraulisk\u0101s tehnolo\u0123ijas stipr\u0101s puses, nozares var sasniegt augst\u0101ku veiktsp\u0113jas l\u012bmeni, samazin\u0101t d\u012bkst\u0101ves laiku un uzlabot kop\u0113jo darb\u012bbas efektivit\u0101ti. \u0160\u012b simbiotisk\u0101 saist\u012bba starp hidrauliskajiem cilindriem un sp\u0113ka agreg\u0101tiem ilustr\u0113 hidraulisko sist\u0113mu kritisko lomu r\u016bpniecisko sp\u0113ju un inov\u0101ciju att\u012bst\u012bb\u0101.<\/p>\n<h2>Bie\u017ei uzdotie jaut\u0101jumi<\/h2>\n<p><b>J: Cik ilgs ir j\u016bsu pieg\u0101des laiks?<\/b><br \/>\nA: Parasti tas ir 25\u201335 dienas.<\/p>\n<p><b>J: Vai j\u016bs sniedzat paraugus? Vai tas ir bez maksas vai papildus?<\/b><br \/>\nA: J\u0101, m\u0113s var\u0113tu pied\u0101v\u0101t paraugu, bet tas nav bez maksas.<\/p>\n<p><b>Vai j\u016bs varat ra\u017eot atbilsto\u0161i paraugiem?<\/b><br \/>\nA: J\u0101, m\u0113s varam izgatavot p\u0113c j\u016bsu paraugiem vai tehniskajiem ras\u0113jumiem. M\u0113s varam izgatavot veidnes un armat\u016bru.<\/p>\n<h3>Par FMP<\/h3>\n<p class=\"break-words\">FMP ir vado\u0161ais It\u0101lijas ra\u017eot\u0101js, kas specializ\u0113jas augstas kvalit\u0101tes hidraulisko cilindru projekt\u0113\u0161an\u0101, izstr\u0101d\u0113 un ra\u017eo\u0161an\u0101. Ar bag\u0101t\u012bgu mantojumu, kas sak\u0146ojas gadu desmitiem ilg\u0101 pieredz\u0113, m\u0113s ar lepnumu apvienojam it\u0101\u013cu meistar\u012bbu ar jaun\u0101kaj\u0101m tehnolo\u0123ij\u0101m, lai nodro\u0161in\u0101tu izcilus hidrauliskos risin\u0101jumus, kas piel\u0101goti m\u016bsu glob\u0101l\u0101 klientu loka da\u017e\u0101daj\u0101m vajadz\u012bb\u0101m. FMP, kas atrodas It\u0101lij\u0101, in\u017eenierijas izcil\u012bbas centr\u0101, ir uzticams v\u0101rds hidraulikas nozar\u0113 un ir ap\u0146\u0113mies nodro\u0161in\u0101t uzticamus, iztur\u012bgus un inovat\u012bvus produktus, kas dod iesp\u0113jas uz\u0146\u0113mumiem vis\u0101 pasaul\u0113.<\/p>\n<p class=\"break-words\">M\u016bsu uz\u0146\u0113mums apvieno lab\u0101k\u0101s progres\u012bv\u0101s ra\u017eo\u0161anas trad\u012bcijas ar t\u0101lredz\u012bgu pieeju. Balstoties uz daudzu gadu pieredzi hidraulisko sist\u0113mu jom\u0101, FMP ir att\u012bst\u012bjies par modernu uz\u0146\u0113mumu, kas izce\u013cas ar izcil\u0101m p\u0113tniec\u012bbas, dizaina un ra\u017eo\u0161anas sp\u0113j\u0101m. M\u0113s specializ\u0113jamies pla\u0161\u0101 hidraulisko cilindru kl\u0101st\u0101, tostarp divk\u0101r\u0161as darb\u012bbas cilindros, automobi\u013cu pacel\u0161anas cilindros, lauksaimniec\u012bbas tehnikas cilindros un piel\u0101gotos risin\u0101jumos da\u017e\u0101diem r\u016bpnieciskiem pielietojumiem. Neatkar\u012bgi no t\u0101, vai tas ir paredz\u0113ts b\u016bvniec\u012bbai, r\u016bpniecisk\u0101m instal\u0101cij\u0101m, lauksaimniec\u012bbai vai smagajai tehnikai, m\u016bsu hidrauliskie cilindri ir rad\u012bti, lai darbotos vissmag\u0101kajos apst\u0101k\u013cos, nodro\u0161inot dro\u0161\u012bbu, efektivit\u0101ti un ilgm\u016b\u017e\u012bbu.<\/p>\n<p><img loading=\"lazy\" decoding=\"async\" class=\"alignnone size-full wp-image-6720\" src=\"https:\/\/fmp-components.com\/wp-content\/uploads\/2025\/03\/hydraulic-cylinder-8.webp\" alt=\"Teleskopiskie hidrauliskie cilindri\" width=\"933\" height=\"526\" title=\"\" srcset=\"https:\/\/fmp-components.com\/wp-content\/uploads\/2025\/03\/hydraulic-cylinder-8.webp 933w, https:\/\/fmp-components.com\/wp-content\/uploads\/2025\/03\/hydraulic-cylinder-8-480x271.webp 480w\" sizes=\"(min-width: 0px) and (max-width: 480px) 480px, (min-width: 481px) 933px, 100vw\" \/><\/p>\n<p class=\"break-words\">Uz\u0146\u0113mum\u0101 FMP m\u0113s lepojamies ar sav\u0101m modern\u0101kaj\u0101m ra\u017eo\u0161anas iek\u0101rt\u0101m, kas apr\u012bkotas ar prec\u012bzijas iek\u0101rt\u0101m un modern\u0101m test\u0113\u0161anas sist\u0113m\u0101m. M\u016bsu ra\u017eo\u0161anas procesi atbilst stingriem valsts un starptautiskajiem standartiem, nodro\u0161inot, ka katrs hidrauliskais cilindrs, kas atst\u0101j m\u016bsu r\u016bpn\u012bcu, ir augst\u0101k\u0101s kvalit\u0101tes un uzticam\u012bbas. M\u016bsu prasm\u012bg\u0101 tehnisk\u0101 komanda apvienojum\u0101 ar modern\u0101ko apr\u012bkojumu \u013cauj mums uztur\u0113t stingru kvalit\u0101tes kontroli katr\u0101 ra\u017eo\u0161anas posm\u0101 \u2014 s\u0101kot no izejvielu izv\u0113les l\u012bdz gal\u012bgajai p\u0101rbaudei. \u0160\u012b ap\u0146em\u0161an\u0101s sasniegt izcil\u012bbu ir nodro\u0161in\u0101jusi mums sertifik\u0101tus un atzin\u012bbu no nozares iest\u0101d\u0113m, v\u0113l vair\u0101k nostiprinot m\u016bsu reput\u0101ciju k\u0101 uzticamam partnerim.<\/p>\n<p class=\"break-words\">M\u016bsu misija ir vienk\u0101r\u0161a, tom\u0113r ambicioza: nodro\u0161in\u0101t m\u016bsu klientus ar hidrauliskajiem cilindriem, kas p\u0101rsniedz cer\u012bbas attiec\u012bb\u0101 uz veiktsp\u0113ju, iztur\u012bbu un v\u0113rt\u012bbu. M\u0113s darbojamies, iev\u0113rojot profesionalit\u0101tes, godpr\u0101t\u012bbas un klientu apkalpo\u0161anas pamatprincipus. Veicinot inov\u0101ciju un precizit\u0101tes kult\u016bru, m\u0113s nep\u0101rtraukti pilnveidojam savus produktus, lai saglab\u0101tu l\u012bderpoz\u012bcijas konkur\u0113tsp\u0113j\u012bg\u0101 tirg\u016b. M\u016bsu pla\u0161ais produktu kl\u0101sts un sp\u0113ja pied\u0101v\u0101t piel\u0101gotus risin\u0101jumus padara m\u016bs par lab\u0101ko izv\u0113li uz\u0146\u0113mumiem, kas mekl\u0113 augstas veiktsp\u0113jas hidrauliskos cilindrus.<\/p>\n<p class=\"break-words\">FMP ir vair\u0101k nek\u0101 tikai ra\u017eot\u0101js \u2014 m\u0113s esam partneris j\u016bsu pan\u0101kumos. M\u0113s saprotam, ka m\u016bsu klienti pa\u013caujas uz mums, lai pieg\u0101d\u0101tu instrumentus, kas uzlabo vi\u0146u produktivit\u0101ti un dro\u0161\u012bbu. T\u0101p\u0113c m\u0113s esam ap\u0146\u0113mu\u0161ies pied\u0101v\u0101t ne tikai augst\u0101k\u0101s klases produktus, bet ar\u012b izcilu servisu. S\u0101kot ar s\u0101kotn\u0113jo konsult\u0101ciju un beidzot ar p\u0113cp\u0101rdo\u0161anas atbalstu, m\u0113s cie\u0161i sadarbojamies ar saviem klientiem, lai nodro\u0161in\u0101tu, ka vi\u0146u vajadz\u012bbas tiek apmierin\u0101tas ar profesionalit\u0101ti un r\u016bp\u012bbu. M\u016bsu konkur\u0113tsp\u0113j\u012bg\u0101s cenas apvienojum\u0101 ar nelok\u0101mo ap\u0146em\u0161anos nodro\u0161in\u0101t kvalit\u0101ti padara FMP par gudru izv\u0113li uz\u0146\u0113mumiem, kas v\u0113las ieguld\u012bt l\u012bdzek\u013cus uzticamos hidrauliskajos risin\u0101jumos.<\/p>","protected":false},"excerpt":{"rendered":"<p>Quality Assurance Hydraulic Cylinder Double Acting 5 Stage Hydraulic Telescopic Cylinder Introducing our Quality Assurance hydraulic cylinder Double Acting 5 Stage Hydraulic Telescopic Cylinder, a state-of-the-art product designed for various applications in industries such as machinery repair shops, farms, energy &amp; mining, machinery manufacturing, and from machinery factories. This hydraulic cylinder is built with the [&hellip;]<\/p>","protected":false},"featured_media":6788,"comment_status":"closed","ping_status":"closed","template":"","meta":{"_et_pb_use_builder":"","_et_pb_old_content":"","_et_gb_content_width":""},"product_brand":[],"product_cat":[103],"product_tag":[34,105],"class_list":{"0":"post-6614","1":"product","2":"type-product","3":"status-publish","4":"has-post-thumbnail","6":"product_cat-telescopic-hydraulic-cylinders","7":"product_tag-hydraulic-cylinder","8":"product_tag-telescopic-hydraulic-cylinders","10":"first","11":"instock","12":"product-type-simple"},"_links":{"self":[{"href":"https:\/\/fmp-components.com\/lv\/wp-json\/wp\/v2\/product\/6614","targetHints":{"allow":["GET"]}}],"collection":[{"href":"https:\/\/fmp-components.com\/lv\/wp-json\/wp\/v2\/product"}],"about":[{"href":"https:\/\/fmp-components.com\/lv\/wp-json\/wp\/v2\/types\/product"}],"replies":[{"embeddable":true,"href":"https:\/\/fmp-components.com\/lv\/wp-json\/wp\/v2\/comments?post=6614"}],"wp:featuredmedia":[{"embeddable":true,"href":"https:\/\/fmp-components.com\/lv\/wp-json\/wp\/v2\/media\/6788"}],"wp:attachment":[{"href":"https:\/\/fmp-components.com\/lv\/wp-json\/wp\/v2\/media?parent=6614"}],"wp:term":[{"taxonomy":"product_brand","embeddable":true,"href":"https:\/\/fmp-components.com\/lv\/wp-json\/wp\/v2\/product_brand?post=6614"},{"taxonomy":"product_cat","embeddable":true,"href":"https:\/\/fmp-components.com\/lv\/wp-json\/wp\/v2\/product_cat?post=6614"},{"taxonomy":"product_tag","embeddable":true,"href":"https:\/\/fmp-components.com\/lv\/wp-json\/wp\/v2\/product_tag?post=6614"}],"curies":[{"name":"wp","href":"https:\/\/api.w.org\/{rel}","templated":true}]}}