{"id":6606,"date":"2025-03-11T06:32:38","date_gmt":"2025-03-11T06:32:38","guid":{"rendered":"https:\/\/fmp-components.com\/product\/kubota-trailer-telescopic-multi-stages-hydraulic-cylinder-from-fmp"},"modified":"2025-03-18T01:57:43","modified_gmt":"2025-03-18T01:57:43","slug":"kubota-trailer-telescopic-multi-stages-hydraulic-cylinder-from-fmp","status":"publish","type":"product","link":"https:\/\/fmp-components.com\/lv\/product\/kubota-trailer-telescopic-multi-stages-hydraulic-cylinder-from-fmp\/","title":{"rendered":"Kubota piekabes teleskopiskais daudzpak\u0101pju hidrauliskais cilindrs no FMP"},"content":{"rendered":"<h2>Kubota piekabes teleskopiskais daudzpak\u0101pju hidrauliskais cilindrs no FMP<\/h2>\n<p>Iepaz\u012bstin\u0101m ar jauno Kubota Trailer Telescopic Multi Stages hidraulisko cilindru no FMP. \u0160is sare\u017e\u0123\u012btais hidrauliskais cilindrs pied\u0101v\u0101 optim\u0101lu veiktsp\u0113ju da\u017e\u0101d\u0101s nozar\u0113s, tostarp ra\u017eo\u0161anas r\u016bpn\u012bc\u0101s, ma\u0161\u012bnb\u016bves remonta darbn\u012bc\u0101s, saimniec\u012bb\u0101s, k\u0101 ar\u012b ener\u0123\u0113tikas un ieguves r\u016bpniec\u012bb\u0101.<\/p>\n<h3>Produkta \u012bpa\u0161\u012bbas un funkcijas<\/h3>\n<p>\u0160is modern\u0101kais hidrauliskais cilindrs ir nestandarta virzu\u013ccilindrs, kas darbojas ar hidraulisko sp\u0113ku. Izgatavots no augstas kvalit\u0101tes t\u0113rauda, \u200b\u200btas pied\u0101v\u0101 maksim\u0101lo vilces sp\u0113ku 3000 un maksim\u0101lo vilk\u0161anas sp\u0113ku 600. Tam ir ISO9001:2000 sertifik\u0101ts, kas apliecina t\u0101 izcilo kvalit\u0101ti un uzticam\u012bbu.<\/p>\n<h3>Unik\u0101las \u012bpa\u0161\u012bbas un priek\u0161roc\u012bbas<\/h3>\n<ul>\n<li>Energoefekt\u012bvs: \u0160is hidrauliskais cilindrs ir paredz\u0113ts efekt\u012bvai ener\u0123ijas izmanto\u0161anai, samazinot ener\u0123ijas pat\u0113ri\u0146u.<\/li>\n<li>Augsta veiktsp\u0113ja: Pateicoties iztur\u012bgajai konstrukcijai un progres\u012bvajai hidrauliskajai tehnolo\u0123ijai, tas nodro\u0161ina augstu efektivit\u0101ti darb\u012bb\u0101.<\/li>\n<li>Dro\u0161\u012bba: Produkts ir izstr\u0101d\u0101ts, \u0146emot v\u0113r\u0101 dro\u0161\u012bbu, pied\u0101v\u0101jot uzticamu veiktsp\u0113ju da\u017e\u0101dos r\u016bpniec\u012bbas apst\u0101k\u013cos.<\/li>\n<\/ul>\n<p><img loading=\"lazy\" decoding=\"async\" class=\"alignnone wp-image-6662\" src=\"https:\/\/fmp-components.com\/wp-content\/uploads\/2025\/03\/telescopic-hydraulic-cylinder-4.webp\" alt=\"teleskopiskais hidrauliskais cilindrs\" width=\"812\" height=\"812\" title=\"\" srcset=\"https:\/\/fmp-components.com\/wp-content\/uploads\/2025\/03\/telescopic-hydraulic-cylinder-4.webp 812w, https:\/\/fmp-components.com\/wp-content\/uploads\/2025\/03\/telescopic-hydraulic-cylinder-4-480x480.webp 480w\" sizes=\"(min-width: 0px) and (max-width: 480px) 480px, (min-width: 481px) 812px, 100vw\" \/><\/p>\n<h2>Darb\u012bbas princips un pielietojums<\/h2>\n<p>Hidrauliskais cilindrs darbojas, p\u0101rveidojot hidraulisko ener\u0123iju meh\u0101nisk\u0101 kust\u012bb\u0101, kas ir \u013coti svar\u012bgs process da\u017e\u0101diem r\u016bpnieciskiem pielietojumiem. Sav\u0101 b\u016bt\u012bb\u0101 hidrauliskais cilindrs izmanto spiediena hidraulisko \u0161\u0137idrumu, lai rad\u012btu sp\u0113ku. Kad \u0161is \u0161\u0137idrums tiek ievad\u012bts cilindr\u0101, tas iedarbojas uz virzuli iek\u0161pus\u0113, izraisot t\u0101 kust\u012bbu. \u0160o kust\u012bbu p\u0113c tam var izmantot, lai veiktu pla\u0161u uzdevumu kl\u0101stu, piem\u0113ram, paceltu smagas kravas, manipul\u0113tu ar ma\u0161\u012bnu komponentiem vai darbin\u0101tu iek\u0101rtas.<\/p>\n<p>Hidraulisko cilindru daudzpus\u012bba padara tos neaizst\u0101jamus daudz\u0101s nozar\u0113s. Ra\u017eo\u0161anas r\u016bpn\u012bc\u0101s tie ir b\u016btiski procesu automatiz\u0113\u0161anai, nodro\u0161inot prec\u012bzu ma\u0161\u012bnu deta\u013cu p\u0101rvieto\u0161anu mont\u0101\u017eas un ra\u017eo\u0161anas laik\u0101. Ma\u0161\u012bnu remonta darbn\u012bc\u0101s hidrauliskie cilindri atvieglo smago iek\u0101rtu pacel\u0161anu un pozicion\u0113\u0161anu, \u013caujot tehni\u0137iem dro\u0161i un efekt\u012bvi veikt apkopes uzdevumus.<\/p>\n<p>Lauksaimniec\u012bbas nozar\u0113 \u0161ie cilindri ir vit\u0101li svar\u012bgi lauksaimniec\u012bbas tehnikas, piem\u0113ram, traktoru un kombainu, darbin\u0101\u0161anai, kur tie pal\u012bdz pacelt darbar\u012bkus un piel\u0101got apr\u012bkojumu da\u017e\u0101diem uzdevumiem. L\u012bdz\u012bgi ener\u0123\u0113tikas un kalnr\u016bpniec\u012bbas nozar\u0113s hidrauliskos cilindrus izmanto smago ma\u0161\u012bnu, piem\u0113ram, ekskavatoru un urb\u0161anas iek\u0101rtu, darbin\u0101\u0161anai, un tiem ir iz\u0161\u0137iro\u0161a noz\u012bme resursu ieguv\u0113 un apstr\u0101d\u0113. To sp\u0113ja nodro\u0161in\u0101t past\u0101v\u012bgu un jaud\u012bgu meh\u0101nisko jaudu ir kritiski svar\u012bga, lai sasniegtu darb\u012bbas efektivit\u0101ti \u0161aj\u0101s pras\u012bgaj\u0101s vid\u0113s.<\/p>\n<h2>Hidrauliskie cilindri un sp\u0113ka agreg\u0101ti<\/h2>\n<p>Hidrauliskais cilindrs un sp\u0113ka agreg\u0101ts ir neat\u0146emamas jebkuras hidraulisk\u0101s sist\u0113mas sast\u0101vda\u013cas, kas darbojas saska\u0146oti, lai nodro\u0161in\u0101tu efekt\u012bvu jaudu un vad\u012bbu. Sp\u0113ka agreg\u0101ts kalpo k\u0101 sist\u0113mas sirds, nodro\u0161inot nepiecie\u0161amo ener\u0123iju un vad\u012bbas sign\u0101lus, kas vada hidraulisk\u0101s darb\u012bbas. Tas \u0123ener\u0113 un regul\u0113 hidraulisk\u0101 \u0161\u0137idruma spiedienu, nodro\u0161inot, ka hidrauliskais cilindrs sa\u0146em pareizu sp\u0113ka daudzumu efekt\u012bvai darb\u012bbai.<\/p>\n<p>Kad sp\u0113ka agreg\u0101ts \u0123ener\u0113 hidraulisko ener\u0123iju, \u0161\u012b ener\u0123ija tiek p\u0101rnesta uz hidraulisko cilindru. P\u0113c tam cilindrs p\u0101rveido \u0161o hidraulisko ener\u0123iju meh\u0101nisk\u0101 kust\u012bb\u0101, nodro\u0161inot pla\u0161u pielietojumu kl\u0101stu da\u017e\u0101d\u0101s nozar\u0113s. \u0160\u012b neman\u0101m\u0101 sadarb\u012bba starp sp\u0113ka agreg\u0101tu un hidraulisko cilindru padara hidraulisk\u0101s sist\u0113mas tik efekt\u012bvas un uzticamas.<\/p>\n<p>FMP ne tikai nodro\u0161ina augstas kvalit\u0101tes hidrauliskos cilindrus, bet ar\u012b pied\u0101v\u0101 p\u0101rdo\u0161anai sp\u0113ka agreg\u0101tus, \u013caujot m\u016bsu klientiem ieg\u016bt piln\u012bgus hidrauliskos risin\u0101jumus. \u0160\u012b visaptvero\u0161\u0101 pieeja nodro\u0161ina, ka m\u016bsu klientiem ir visi nepiecie\u0161amie komponenti, lai izveidotu un uztur\u0113tu efekt\u012bvas hidraulisk\u0101s sist\u0113mas, kas piel\u0101gotas vi\u0146u \u012bpa\u0161aj\u0101m vajadz\u012bb\u0101m. Apvienojot m\u016bsu pieredzi gan hidraulisko cilindru, gan sp\u0113ka agreg\u0101tu jom\u0101, m\u0113s pal\u012bdzam uz\u0146\u0113mumiem uzlabot savu darb\u012bbas efektivit\u0101ti un sasniegt liel\u0101ku efektivit\u0101ti visos procesos.<\/p>\n<h2>Bie\u017ei uzdotie jaut\u0101jumi<\/h2>\n<ol>\n<li><strong>K\u0101das nozares var g\u016bt labumu no \u0161\u012b hidraulisk\u0101 cilindra?<\/strong><br \/>\nHidrauliskais cilindrs ir ide\u0101li piem\u0113rots ra\u017eo\u0161anas r\u016bpn\u012bc\u0101m, ma\u0161\u012bnb\u016bves remonta darbn\u012bc\u0101m, lauksaimniec\u012bbas zem\u0113m un ener\u0123\u0113tikas un kalnr\u016bpniec\u012bbas nozar\u0113m.<\/li>\n<li><strong>K\u0101ds ir hidraulisk\u0101 cilindra urbuma diametrs?<\/strong><br \/>\nUrbuma izm\u0113ru var piel\u0101got atbilsto\u0161i j\u016bsu pras\u012bb\u0101m.<\/li>\n<li><strong>Vai \u0161im produktam ir garantija?<\/strong><br \/>\nJ\u0101, produktam ir 1 gada garantija.<\/li>\n<\/ol>\n<h3>Par FMP<\/h3>\n<p class=\"break-words\">FMP ir vado\u0161ais It\u0101lijas ra\u017eot\u0101js, kas specializ\u0113jas augstas kvalit\u0101tes hidraulisko cilindru projekt\u0113\u0161an\u0101, izstr\u0101d\u0113 un ra\u017eo\u0161an\u0101. Ar bag\u0101t\u012bgu mantojumu, kas sak\u0146ojas gadu desmitiem ilg\u0101 pieredz\u0113, m\u0113s ar lepnumu apvienojam it\u0101\u013cu meistar\u012bbu ar jaun\u0101kaj\u0101m tehnolo\u0123ij\u0101m, lai nodro\u0161in\u0101tu izcilus hidrauliskos risin\u0101jumus, kas piel\u0101goti m\u016bsu glob\u0101l\u0101 klientu loka da\u017e\u0101daj\u0101m vajadz\u012bb\u0101m. FMP, kas atrodas It\u0101lij\u0101, in\u017eenierijas izcil\u012bbas centr\u0101, ir uzticams v\u0101rds hidraulikas nozar\u0113 un ir ap\u0146\u0113mies nodro\u0161in\u0101t uzticamus, iztur\u012bgus un inovat\u012bvus produktus, kas dod iesp\u0113jas uz\u0146\u0113mumiem vis\u0101 pasaul\u0113.<\/p>\n<p class=\"break-words\">M\u016bsu uz\u0146\u0113mums apvieno lab\u0101k\u0101s progres\u012bv\u0101s ra\u017eo\u0161anas trad\u012bcijas ar t\u0101lredz\u012bgu pieeju. Balstoties uz daudzu gadu pieredzi hidraulisko sist\u0113mu jom\u0101, FMP ir att\u012bst\u012bjies par modernu uz\u0146\u0113mumu, kas izce\u013cas ar izcil\u0101m p\u0113tniec\u012bbas, dizaina un ra\u017eo\u0161anas sp\u0113j\u0101m. M\u0113s specializ\u0113jamies pla\u0161\u0101 hidraulisko cilindru kl\u0101st\u0101, tostarp divk\u0101r\u0161as darb\u012bbas cilindros, automobi\u013cu pacel\u0161anas cilindros, lauksaimniec\u012bbas tehnikas cilindros un piel\u0101gotos risin\u0101jumos da\u017e\u0101diem r\u016bpnieciskiem pielietojumiem. Neatkar\u012bgi no t\u0101, vai tas ir paredz\u0113ts b\u016bvniec\u012bbai, r\u016bpniecisk\u0101m instal\u0101cij\u0101m, lauksaimniec\u012bbai vai smagajai tehnikai, m\u016bsu hidrauliskie cilindri ir rad\u012bti, lai darbotos vissmag\u0101kajos apst\u0101k\u013cos, nodro\u0161inot dro\u0161\u012bbu, efektivit\u0101ti un ilgm\u016b\u017e\u012bbu.<\/p>\n<p><img loading=\"lazy\" decoding=\"async\" class=\"alignnone size-full wp-image-6720\" src=\"https:\/\/fmp-components.com\/wp-content\/uploads\/2025\/03\/hydraulic-cylinder-8.webp\" alt=\"Teleskopiskie hidrauliskie cilindri\" width=\"933\" height=\"526\" title=\"\" srcset=\"https:\/\/fmp-components.com\/wp-content\/uploads\/2025\/03\/hydraulic-cylinder-8.webp 933w, https:\/\/fmp-components.com\/wp-content\/uploads\/2025\/03\/hydraulic-cylinder-8-480x271.webp 480w\" sizes=\"(min-width: 0px) and (max-width: 480px) 480px, (min-width: 481px) 933px, 100vw\" \/><\/p>\n<p class=\"break-words\">Uz\u0146\u0113mum\u0101 FMP m\u0113s lepojamies ar sav\u0101m modern\u0101kaj\u0101m ra\u017eo\u0161anas iek\u0101rt\u0101m, kas apr\u012bkotas ar prec\u012bzijas iek\u0101rt\u0101m un modern\u0101m test\u0113\u0161anas sist\u0113m\u0101m. M\u016bsu ra\u017eo\u0161anas procesi atbilst stingriem valsts un starptautiskajiem standartiem, nodro\u0161inot, ka katrs hidrauliskais cilindrs, kas atst\u0101j m\u016bsu r\u016bpn\u012bcu, ir augst\u0101k\u0101s kvalit\u0101tes un uzticam\u012bbas. M\u016bsu prasm\u012bg\u0101 tehnisk\u0101 komanda apvienojum\u0101 ar modern\u0101ko apr\u012bkojumu \u013cauj mums uztur\u0113t stingru kvalit\u0101tes kontroli katr\u0101 ra\u017eo\u0161anas posm\u0101 \u2014 s\u0101kot no izejvielu izv\u0113les l\u012bdz gal\u012bgajai p\u0101rbaudei. \u0160\u012b ap\u0146em\u0161an\u0101s sasniegt izcil\u012bbu ir nodro\u0161in\u0101jusi mums sertifik\u0101tus un atzin\u012bbu no nozares iest\u0101d\u0113m, v\u0113l vair\u0101k nostiprinot m\u016bsu reput\u0101ciju k\u0101 uzticamam partnerim.<\/p>\n<p class=\"break-words\">M\u016bsu misija ir vienk\u0101r\u0161a, tom\u0113r ambicioza: nodro\u0161in\u0101t m\u016bsu klientus ar hidrauliskajiem cilindriem, kas p\u0101rsniedz cer\u012bbas attiec\u012bb\u0101 uz veiktsp\u0113ju, iztur\u012bbu un v\u0113rt\u012bbu. M\u0113s darbojamies, iev\u0113rojot profesionalit\u0101tes, godpr\u0101t\u012bbas un klientu apkalpo\u0161anas pamatprincipus. Veicinot inov\u0101ciju un precizit\u0101tes kult\u016bru, m\u0113s nep\u0101rtraukti pilnveidojam savus produktus, lai saglab\u0101tu l\u012bderpoz\u012bcijas konkur\u0113tsp\u0113j\u012bg\u0101 tirg\u016b. M\u016bsu pla\u0161ais produktu kl\u0101sts un sp\u0113ja pied\u0101v\u0101t piel\u0101gotus risin\u0101jumus padara m\u016bs par lab\u0101ko izv\u0113li uz\u0146\u0113mumiem, kas mekl\u0113 augstas veiktsp\u0113jas hidrauliskos cilindrus.<\/p>\n<p class=\"break-words\">FMP ir vair\u0101k nek\u0101 tikai ra\u017eot\u0101js \u2014 m\u0113s esam partneris j\u016bsu pan\u0101kumos. M\u0113s saprotam, ka m\u016bsu klienti pa\u013caujas uz mums, lai pieg\u0101d\u0101tu instrumentus, kas uzlabo vi\u0146u produktivit\u0101ti un dro\u0161\u012bbu. T\u0101p\u0113c m\u0113s esam ap\u0146\u0113mu\u0161ies pied\u0101v\u0101t ne tikai augst\u0101k\u0101s klases produktus, bet ar\u012b izcilu servisu. S\u0101kot ar s\u0101kotn\u0113jo konsult\u0101ciju un beidzot ar p\u0113cp\u0101rdo\u0161anas atbalstu, m\u0113s cie\u0161i sadarbojamies ar saviem klientiem, lai nodro\u0161in\u0101tu, ka vi\u0146u vajadz\u012bbas tiek apmierin\u0101tas ar profesionalit\u0101ti un r\u016bp\u012bbu. M\u016bsu konkur\u0113tsp\u0113j\u012bg\u0101s cenas apvienojum\u0101 ar nelok\u0101mo ap\u0146em\u0161anos nodro\u0161in\u0101t kvalit\u0101ti padara FMP par gudru izv\u0113li uz\u0146\u0113mumiem, kas v\u0113las ieguld\u012bt l\u012bdzek\u013cus uzticamos hidrauliskajos risin\u0101jumos.<\/p>","protected":false},"excerpt":{"rendered":"<p>Kubota Trailer Telescopic Multi Stages Hydraulic Cylinder From FMP Introducing the new Kubota Trailer Telescopic Multi Stages hydraulic cylinder From FMP. This sophisticated hydraulic cylinder offers optimal performance in a variety of industries including manufacturing plants, machinery repair shops, farms, and energy &amp; mining. Product Features and Functions This state-of-the-art hydraulic cylinder is a nonstandard, [&hellip;]<\/p>","protected":false},"featured_media":6802,"comment_status":"closed","ping_status":"closed","template":"","meta":{"_et_pb_use_builder":"","_et_pb_old_content":"","_et_gb_content_width":""},"product_brand":[],"product_cat":[103],"product_tag":[34,105],"class_list":{"0":"post-6606","1":"product","2":"type-product","3":"status-publish","4":"has-post-thumbnail","6":"product_cat-telescopic-hydraulic-cylinders","7":"product_tag-hydraulic-cylinder","8":"product_tag-telescopic-hydraulic-cylinders","10":"first","11":"instock","12":"product-type-simple"},"_links":{"self":[{"href":"https:\/\/fmp-components.com\/lv\/wp-json\/wp\/v2\/product\/6606","targetHints":{"allow":["GET"]}}],"collection":[{"href":"https:\/\/fmp-components.com\/lv\/wp-json\/wp\/v2\/product"}],"about":[{"href":"https:\/\/fmp-components.com\/lv\/wp-json\/wp\/v2\/types\/product"}],"replies":[{"embeddable":true,"href":"https:\/\/fmp-components.com\/lv\/wp-json\/wp\/v2\/comments?post=6606"}],"wp:featuredmedia":[{"embeddable":true,"href":"https:\/\/fmp-components.com\/lv\/wp-json\/wp\/v2\/media\/6802"}],"wp:attachment":[{"href":"https:\/\/fmp-components.com\/lv\/wp-json\/wp\/v2\/media?parent=6606"}],"wp:term":[{"taxonomy":"product_brand","embeddable":true,"href":"https:\/\/fmp-components.com\/lv\/wp-json\/wp\/v2\/product_brand?post=6606"},{"taxonomy":"product_cat","embeddable":true,"href":"https:\/\/fmp-components.com\/lv\/wp-json\/wp\/v2\/product_cat?post=6606"},{"taxonomy":"product_tag","embeddable":true,"href":"https:\/\/fmp-components.com\/lv\/wp-json\/wp\/v2\/product_tag?post=6606"}],"curies":[{"name":"wp","href":"https:\/\/api.w.org\/{rel}","templated":true}]}}