{"id":6604,"date":"2025-03-11T06:32:38","date_gmt":"2025-03-11T06:32:38","guid":{"rendered":"https:\/\/fmp-components.com\/product\/italy-manufacture-trailer-telescopic-hydraulic-ram-for-agriculture-from-fmp"},"modified":"2025-03-14T02:09:39","modified_gmt":"2025-03-14T02:09:39","slug":"italy-manufacture-trailer-telescopic-hydraulic-ram-for-agriculture-from-fmp","status":"publish","type":"product","link":"https:\/\/fmp-components.com\/lv\/product\/italy-manufacture-trailer-telescopic-hydraulic-ram-for-agriculture-from-fmp\/","title":{"rendered":"It\u0101lija ra\u017eo piekabes teleskopisko hidraulisko cilindru lauksaimniec\u012bbai no FMP"},"content":{"rendered":"<h2>It\u0101lija ra\u017eo piekabes teleskopisko hidraulisko cilindru lauksaimniec\u012bbai no FMP<\/h2>\n<p>FMP, cien\u012bjams ra\u017eot\u0101js, kas atrodas It\u0101lij\u0101, ar lepnumu iepaz\u012bstina ar savu piekabes teleskopisko hidraulisko cilindru, kas ir r\u016bp\u012bgi izstr\u0101d\u0101ts lauksaimniec\u012bbas vajadz\u012bb\u0101m. Dibin\u0101ts 2006. gad\u0101 un darbojas no savas b\u0101zes It\u0101lij\u0101, FMP pied\u0101v\u0101 nep\u0101rsp\u0113jamu pieredzi hidraulisko tehnolo\u0123iju jom\u0101.<\/p>\n<h3>Produkta apraksts un funkcionalit\u0101te<\/h3>\n<p>FMP piekabes teleskopiskais hidrauliskais cilindrs ir jauns produkts, kas tika laists klaj\u0101 2025. gad\u0101. \u0160o nestandarta virzu\u013ccilindru darbina hidrauliskais \u0161\u0137idrums, proti, e\u013c\u013ca, un t\u0101 korpuss ir izgatavots no iztur\u012bga t\u0113rauda. Ar maksim\u0101lo vilces sp\u0113ku 3000 un maksim\u0101lo vilk\u0161anas sp\u0113ku 600, tas ir ide\u0101li piem\u0113rots lieljaudas oper\u0101cij\u0101m. Hidrauliskais cilindrs ir sertific\u0113ts saska\u0146\u0101 ar ISO9001:2000, kas apliecina t\u0101 augsto kvalit\u0101ti un uzticam\u012bbu.<\/p>\n<h3>Tehnisk\u0101s specifik\u0101cijas<\/h3>\n<p>Hidrauliskais cilindrs sver 12 kg, un t\u0101 cilindra diametrs ir no 20 l\u012bdz 250 mm. Tas ir pieejams k\u0101 daudzpak\u0101pju hidrauliskais cilindrs, un t\u0101 urbuma izm\u0113ru var regul\u0113t atbilsto\u0161i j\u016bsu pras\u012bb\u0101m. Hidraulisk\u0101 cilindra galven\u0101s sast\u0101vda\u013cas ir gultnis un stienis, kuriem abiem ir viena gada garantija.<\/p>\n<p><img loading=\"lazy\" decoding=\"async\" class=\"alignnone  wp-image-6665\" src=\"https:\/\/fmp-components.com\/wp-content\/uploads\/2025\/03\/telescopic-hydraulic-cylinder-9.webp\" alt=\"teleskopiskais hidrauliskais cilindrs\" width=\"810\" height=\"810\" title=\"\" srcset=\"https:\/\/fmp-components.com\/wp-content\/uploads\/2025\/03\/telescopic-hydraulic-cylinder-9.webp 810w, https:\/\/fmp-components.com\/wp-content\/uploads\/2025\/03\/telescopic-hydraulic-cylinder-9-480x480.webp 480w\" sizes=\"(min-width: 0px) and (max-width: 480px) 480px, (min-width: 481px) 810px, 100vw\" \/><\/p>\n<h2>Unik\u0101las \u012bpa\u0161\u012bbas un priek\u0161roc\u012bbas<\/h2>\n<p>FMP piekabes teleskopiskais hidrauliskais cilindrs pied\u0101v\u0101 vair\u0101kas unik\u0101las funkcijas un priek\u0161roc\u012bbas:<\/p>\n<ul>\n<li>Energoefekt\u012bvs<\/li>\n<li>\u013boti efekt\u012bvs<\/li>\n<li>Dro\u0161i lietojams<\/li>\n<li>Paredz\u0113ts lieljaudas oper\u0101cij\u0101m<\/li>\n<li>Regul\u0113jams urbuma izm\u0113rs<\/li>\n<li>N\u0101k ar viena gada garantiju<\/li>\n<\/ul>\n<h2>Darb\u012bbas princips un pielietojums<\/h2>\n<p>Hidrauliskais cilindrs darbojas, p\u0101rveidojot hidraulisko ener\u0123iju meh\u0101nisk\u0101 kust\u012bb\u0101, efekt\u012bvi p\u0101rv\u0113r\u0161ot spiedienu sp\u0113k\u0101. Tas ir b\u016btisks elements da\u017e\u0101d\u0101s nozar\u0113s, piem\u0113ram, ra\u017eo\u0161anas r\u016bpn\u012bc\u0101s, ma\u0161\u012bnb\u016bves remonta darbn\u012bc\u0101s, ferm\u0101s, k\u0101 ar\u012b ener\u0123\u0113tikas un kalnr\u016bpniec\u012bbas darb\u012bb\u0101s.<\/p>\n<h2>Hidrauliskie cilindri un sp\u0113ka agreg\u0101ti<\/h2>\n<p>Hidrauliskais cilindrs un sp\u0113ka agreg\u0101ti ir neat\u0146emamas hidraulisk\u0101s sist\u0113mas sast\u0101vda\u013cas. Tie darbojas tand\u0113m\u0101, lai nodro\u0161in\u0101tu pla\u0161u hidraulisk\u0101s tehnolo\u0123ijas pielietojumu da\u017e\u0101d\u0101s r\u016bpniec\u012bbas nozar\u0113s, nodro\u0161inot uzticamu jaudas un vad\u012bbas atbalstu da\u017e\u0101d\u0101m in\u017eeniertehnisk\u0101m un meh\u0101nisk\u0101m iek\u0101rt\u0101m. FMP m\u0113s pied\u0101v\u0101jam ar\u012b sp\u0113ka agreg\u0101tus p\u0101rdo\u0161anai.<\/p>\n<h2>Bie\u017ei uzdotie jaut\u0101jumi<\/h2>\n<p><strong>J: K\u0101da ir galveno komponentu garantija?<\/strong><\/p>\n<p>A: Galvenaj\u0101m sast\u0101vda\u013c\u0101m ir viena gada garantija.<\/p>\n<p><strong>J: Vai urbuma izm\u0113ru var regul\u0113t?<\/strong><\/p>\n<p>A: J\u0101, urbuma izm\u0113ru var piel\u0101got atbilsto\u0161i j\u016bsu pras\u012bb\u0101m.<\/p>\n<p><strong>J: K\u0101das nozares var g\u016bt labumu no \u0161\u012b hidraulisk\u0101 cilindra?<\/strong><\/p>\n<p>A: Hidrauliskais cilindrs ir ide\u0101li piem\u0113rots ra\u017eo\u0161anas r\u016bpn\u012bc\u0101m, ma\u0161\u012bnb\u016bves remonta darbn\u012bc\u0101m, saimniec\u012bb\u0101m un ener\u0123\u0113tikas un kalnr\u016bpniec\u012bbas uz\u0146\u0113mumiem.<\/p>\n<h3>Par FMP<\/h3>\n<p class=\"break-words\">FMP ir vado\u0161ais It\u0101lijas ra\u017eot\u0101js, kas specializ\u0113jas augstas kvalit\u0101tes hidraulisko cilindru projekt\u0113\u0161an\u0101, izstr\u0101d\u0113 un ra\u017eo\u0161an\u0101. Ar bag\u0101t\u012bgu mantojumu, kas sak\u0146ojas gadu desmitiem ilg\u0101 pieredz\u0113, m\u0113s ar lepnumu apvienojam it\u0101\u013cu meistar\u012bbu ar jaun\u0101kaj\u0101m tehnolo\u0123ij\u0101m, lai nodro\u0161in\u0101tu izcilus hidrauliskos risin\u0101jumus, kas piel\u0101goti m\u016bsu glob\u0101l\u0101 klientu loka da\u017e\u0101daj\u0101m vajadz\u012bb\u0101m. FMP, kas atrodas It\u0101lij\u0101, in\u017eenierijas izcil\u012bbas centr\u0101, ir uzticams v\u0101rds hidraulikas nozar\u0113 un ir ap\u0146\u0113mies nodro\u0161in\u0101t uzticamus, iztur\u012bgus un inovat\u012bvus produktus, kas dod iesp\u0113jas uz\u0146\u0113mumiem vis\u0101 pasaul\u0113.<\/p>\n<p class=\"break-words\">M\u016bsu uz\u0146\u0113mums apvieno lab\u0101k\u0101s progres\u012bv\u0101s ra\u017eo\u0161anas trad\u012bcijas ar t\u0101lredz\u012bgu pieeju. Balstoties uz daudzu gadu pieredzi hidraulisko sist\u0113mu jom\u0101, FMP ir att\u012bst\u012bjies par modernu uz\u0146\u0113mumu, kas izce\u013cas ar izcil\u0101m p\u0113tniec\u012bbas, dizaina un ra\u017eo\u0161anas sp\u0113j\u0101m. M\u0113s specializ\u0113jamies pla\u0161\u0101 hidraulisko cilindru kl\u0101st\u0101, tostarp divk\u0101r\u0161as darb\u012bbas cilindros, automobi\u013cu pacel\u0161anas cilindros, lauksaimniec\u012bbas tehnikas cilindros un piel\u0101gotos risin\u0101jumos da\u017e\u0101diem r\u016bpnieciskiem pielietojumiem. Neatkar\u012bgi no t\u0101, vai tas ir paredz\u0113ts b\u016bvniec\u012bbai, r\u016bpniecisk\u0101m instal\u0101cij\u0101m, lauksaimniec\u012bbai vai smagajai tehnikai, m\u016bsu hidrauliskie cilindri ir rad\u012bti, lai darbotos vissmag\u0101kajos apst\u0101k\u013cos, nodro\u0161inot dro\u0161\u012bbu, efektivit\u0101ti un ilgm\u016b\u017e\u012bbu.<\/p>\n<p><img loading=\"lazy\" decoding=\"async\" class=\"alignnone size-full wp-image-6720\" src=\"https:\/\/fmp-components.com\/wp-content\/uploads\/2025\/03\/hydraulic-cylinder-8.webp\" alt=\"Teleskopiskie hidrauliskie cilindri\" width=\"933\" height=\"526\" title=\"\" srcset=\"https:\/\/fmp-components.com\/wp-content\/uploads\/2025\/03\/hydraulic-cylinder-8.webp 933w, https:\/\/fmp-components.com\/wp-content\/uploads\/2025\/03\/hydraulic-cylinder-8-480x271.webp 480w\" sizes=\"(min-width: 0px) and (max-width: 480px) 480px, (min-width: 481px) 933px, 100vw\" \/><\/p>\n<p class=\"break-words\">Uz\u0146\u0113mum\u0101 FMP m\u0113s lepojamies ar sav\u0101m modern\u0101kaj\u0101m ra\u017eo\u0161anas iek\u0101rt\u0101m, kas apr\u012bkotas ar prec\u012bzijas iek\u0101rt\u0101m un modern\u0101m test\u0113\u0161anas sist\u0113m\u0101m. M\u016bsu ra\u017eo\u0161anas procesi atbilst stingriem valsts un starptautiskajiem standartiem, nodro\u0161inot, ka katrs hidrauliskais cilindrs, kas atst\u0101j m\u016bsu r\u016bpn\u012bcu, ir augst\u0101k\u0101s kvalit\u0101tes un uzticam\u012bbas. M\u016bsu prasm\u012bg\u0101 tehnisk\u0101 komanda apvienojum\u0101 ar modern\u0101ko apr\u012bkojumu \u013cauj mums uztur\u0113t stingru kvalit\u0101tes kontroli katr\u0101 ra\u017eo\u0161anas posm\u0101 \u2014 s\u0101kot no izejvielu izv\u0113les l\u012bdz gal\u012bgajai p\u0101rbaudei. \u0160\u012b ap\u0146em\u0161an\u0101s sasniegt izcil\u012bbu ir nodro\u0161in\u0101jusi mums sertifik\u0101tus un atzin\u012bbu no nozares iest\u0101d\u0113m, v\u0113l vair\u0101k nostiprinot m\u016bsu reput\u0101ciju k\u0101 uzticamam partnerim.<\/p>\n<p class=\"break-words\">M\u016bsu misija ir vienk\u0101r\u0161a, tom\u0113r ambicioza: nodro\u0161in\u0101t m\u016bsu klientus ar hidrauliskajiem cilindriem, kas p\u0101rsniedz cer\u012bbas attiec\u012bb\u0101 uz veiktsp\u0113ju, iztur\u012bbu un v\u0113rt\u012bbu. M\u0113s darbojamies, iev\u0113rojot profesionalit\u0101tes, godpr\u0101t\u012bbas un klientu apkalpo\u0161anas pamatprincipus. Veicinot inov\u0101ciju un precizit\u0101tes kult\u016bru, m\u0113s nep\u0101rtraukti pilnveidojam savus produktus, lai saglab\u0101tu l\u012bderpoz\u012bcijas konkur\u0113tsp\u0113j\u012bg\u0101 tirg\u016b. M\u016bsu pla\u0161ais produktu kl\u0101sts un sp\u0113ja pied\u0101v\u0101t piel\u0101gotus risin\u0101jumus padara m\u016bs par lab\u0101ko izv\u0113li uz\u0146\u0113mumiem, kas mekl\u0113 augstas veiktsp\u0113jas hidrauliskos cilindrus.<\/p>\n<p class=\"break-words\">FMP ir vair\u0101k nek\u0101 tikai ra\u017eot\u0101js \u2014 m\u0113s esam partneris j\u016bsu pan\u0101kumos. M\u0113s saprotam, ka m\u016bsu klienti pa\u013caujas uz mums, lai pieg\u0101d\u0101tu instrumentus, kas uzlabo vi\u0146u produktivit\u0101ti un dro\u0161\u012bbu. T\u0101p\u0113c m\u0113s esam ap\u0146\u0113mu\u0161ies pied\u0101v\u0101t ne tikai augst\u0101k\u0101s klases produktus, bet ar\u012b izcilu servisu. S\u0101kot ar s\u0101kotn\u0113jo konsult\u0101ciju un beidzot ar p\u0113cp\u0101rdo\u0161anas atbalstu, m\u0113s cie\u0161i sadarbojamies ar saviem klientiem, lai nodro\u0161in\u0101tu, ka vi\u0146u vajadz\u012bbas tiek apmierin\u0101tas ar profesionalit\u0101ti un r\u016bp\u012bbu. M\u016bsu konkur\u0113tsp\u0113j\u012bg\u0101s cenas apvienojum\u0101 ar nelok\u0101mo ap\u0146em\u0161anos nodro\u0161in\u0101t kvalit\u0101ti padara FMP par gudru izv\u0113li uz\u0146\u0113mumiem, kas v\u0113las ieguld\u012bt l\u012bdzek\u013cus uzticamos hidrauliskajos risin\u0101jumos.<\/p>","protected":false},"excerpt":{"rendered":"<p>Italy Manufacture Trailer Telescopic Hydraulic Ram For Agriculture From FMP FMP, an esteemed manufacturer based in Italy, is proud to present its Trailer Telescopic Hydraulic Ram, meticulously designed for agricultural applications. Established in 2006 and operating from its base in Italy, FMP offers unparalleled expertise in the field of hydraulic technology. Product Description and Functionality [&hellip;]<\/p>","protected":false},"featured_media":6799,"comment_status":"closed","ping_status":"closed","template":"","meta":{"_et_pb_use_builder":"","_et_pb_old_content":"","_et_gb_content_width":""},"product_brand":[],"product_cat":[103],"product_tag":[34,105],"class_list":{"0":"post-6604","1":"product","2":"type-product","3":"status-publish","4":"has-post-thumbnail","6":"product_cat-telescopic-hydraulic-cylinders","7":"product_tag-hydraulic-cylinder","8":"product_tag-telescopic-hydraulic-cylinders","10":"first","11":"instock","12":"product-type-simple"},"_links":{"self":[{"href":"https:\/\/fmp-components.com\/lv\/wp-json\/wp\/v2\/product\/6604","targetHints":{"allow":["GET"]}}],"collection":[{"href":"https:\/\/fmp-components.com\/lv\/wp-json\/wp\/v2\/product"}],"about":[{"href":"https:\/\/fmp-components.com\/lv\/wp-json\/wp\/v2\/types\/product"}],"replies":[{"embeddable":true,"href":"https:\/\/fmp-components.com\/lv\/wp-json\/wp\/v2\/comments?post=6604"}],"wp:featuredmedia":[{"embeddable":true,"href":"https:\/\/fmp-components.com\/lv\/wp-json\/wp\/v2\/media\/6799"}],"wp:attachment":[{"href":"https:\/\/fmp-components.com\/lv\/wp-json\/wp\/v2\/media?parent=6604"}],"wp:term":[{"taxonomy":"product_brand","embeddable":true,"href":"https:\/\/fmp-components.com\/lv\/wp-json\/wp\/v2\/product_brand?post=6604"},{"taxonomy":"product_cat","embeddable":true,"href":"https:\/\/fmp-components.com\/lv\/wp-json\/wp\/v2\/product_cat?post=6604"},{"taxonomy":"product_tag","embeddable":true,"href":"https:\/\/fmp-components.com\/lv\/wp-json\/wp\/v2\/product_tag?post=6604"}],"curies":[{"name":"wp","href":"https:\/\/api.w.org\/{rel}","templated":true}]}}