{"id":6601,"date":"2025-03-11T06:32:38","date_gmt":"2025-03-11T06:32:38","guid":{"rendered":"https:\/\/fmp-components.com\/product\/dump-truck-telescopic-hydraulic-cylinder-from-fmp"},"modified":"2025-03-12T03:20:08","modified_gmt":"2025-03-12T03:20:08","slug":"dump-truck-telescopic-hydraulic-cylinder-from-fmp","status":"publish","type":"product","link":"https:\/\/fmp-components.com\/lv\/product\/dump-truck-telescopic-hydraulic-cylinder-from-fmp\/","title":{"rendered":"Pa\u0161izg\u0101z\u0113ja teleskopiskais hidrauliskais cilindrs no FMP"},"content":{"rendered":"<h2>Pa\u0161izg\u0101z\u0113ja teleskopiskais hidrauliskais cilindrs no FMP<\/h2>\n<p>M\u016bsu pa\u0161izg\u0101z\u0113ja teleskopiskais hidrauliskais cilindrs, kas ra\u017eots It\u0101lij\u0101, ir modern\u0101kais hidrauliskais risin\u0101jums no FMP, cien\u012bjama ra\u017eot\u0101ja, kas dibin\u0101ts 2006. gad\u0101. \u0160\u012b modern\u0101 hidraulisk\u0101 iek\u0101rta ir izstr\u0101d\u0101ta, lai pied\u0101v\u0101tu nep\u0101rsp\u0113jamu veiktsp\u0113ju da\u017e\u0101d\u0101s nozar\u0113s, tostarp ra\u017eo\u0161anas r\u016bpn\u012bc\u0101s, ma\u0161\u012bnb\u016bves remonta darbn\u012bc\u0101s, saimniec\u012bb\u0101s un ener\u0123\u0113tikas un kalnr\u016bpniec\u012bbas nozar\u0113s.<\/p>\n<p><img loading=\"lazy\" decoding=\"async\" class=\"alignnone  wp-image-6665\" src=\"https:\/\/fmp-components.com\/wp-content\/uploads\/2025\/03\/telescopic-hydraulic-cylinder-9.webp\" alt=\"teleskopiskais hidrauliskais cilindrs\" width=\"899\" height=\"899\" title=\"\" srcset=\"https:\/\/fmp-components.com\/wp-content\/uploads\/2025\/03\/telescopic-hydraulic-cylinder-9.webp 899w, https:\/\/fmp-components.com\/wp-content\/uploads\/2025\/03\/telescopic-hydraulic-cylinder-9-480x480.webp 480w\" sizes=\"(min-width: 0px) and (max-width: 480px) 480px, (min-width: 481px) 899px, 100vw\" \/><\/p>\n<h3>Produkta \u012bpa\u0161\u012bbas un priek\u0161roc\u012bbas<\/h3>\n<ul>\n<li><strong>Energoefekt\u012bvs:<\/strong> M\u016bsu hidrauliskais cilindrs pied\u0101v\u0101 ener\u0123iju taupo\u0161u risin\u0101jumu, kas samazina ekspluat\u0101cijas izmaksas.<\/li>\n<li><strong>Augsta efektivit\u0101te:<\/strong> Paredz\u0113ts augstai veiktsp\u0113jai, tas nodro\u0161ina \u0101tru un uzticamu darb\u012bbu.<\/li>\n<li><strong>Dro\u0161\u012bba:<\/strong> Cilindram ir dro\u0161a konstrukcija, kas samazina negad\u012bjumu risku darb\u012bbas laik\u0101.<\/li>\n<\/ul>\n<h2>Hidraulisk\u0101s sist\u0113mas un darb\u012bbas principi<\/h2>\n<p>Hidrauliskais cilindrs ir hidraulisko sist\u0113mu galven\u0101 sast\u0101vda\u013ca, kam ir iz\u0161\u0137iro\u0161a loma hidraulisk\u0101s ener\u0123ijas p\u0101rveido\u0161an\u0101 meh\u0101nisk\u0101 kust\u012bb\u0101. \u0160\u012b p\u0101rveido\u0161ana tiek pan\u0101kta, p\u0101rv\u0113r\u0161ot hidraulisk\u0101 \u0161\u0137idruma rad\u012bto spiedienu sp\u0113k\u0101, ko p\u0113c tam var izmantot da\u017e\u0101diem uzdevumiem. Hidrauliskais cilindrs darbojas siner\u0123ij\u0101 ar sp\u0113ka bloku, kas \u0123ener\u0113 nepiecie\u0161amo hidraulisko spiedienu, lai virz\u012btu \u0161\u0137idrumu caur sist\u0113mu. \u0160\u012b koordin\u0113t\u0101 darb\u012bba \u013cauj efekt\u012bvi izmantot hidraulisko tehnolo\u0123iju pla\u0161\u0101 r\u016bpniec\u012bbas nozaru kl\u0101st\u0101, \u013caujot efekt\u012bvi veikt uzdevumus, kuriem nepiecie\u0161ams liels sp\u0113ks un precizit\u0101te.<\/p>\n<p>Hidraulisk\u0101s sist\u0113mas ir konstru\u0113tas, lai izmantotu \u0161\u0137idrumu nesaspie\u017eam\u012bbu, \u013caujot p\u0101rvad\u012bt jaudu iev\u0113rojamos att\u0101lumos bez b\u016btiskiem sp\u0113ka zudumiem. \u0160is princips ir \u012bpa\u0161i izdev\u012bgs lietojumos, kur nepiecie\u0161ama smaga cel\u0161ana vai prec\u012bzas kust\u012bbas, padarot hidrauliskos cilindrus neaizst\u0101jamus nozar\u0113s, kur\u0101s ir nepiecie\u0161amas iztur\u012bgas ma\u0161\u012bnas un iek\u0101rtas.<\/p>\n<h2>Pieteikums<\/h2>\n<p>M\u016bsu hidrauliskie cilindri tiek izmantoti da\u017e\u0101dos pielietojumos da\u017e\u0101d\u0101s nozar\u0113s. Ra\u017eo\u0161anas r\u016bpn\u012bc\u0101s tie ir b\u016btiski procesu automatiz\u0101cijai un smago komponentu efekt\u012bvai apstr\u0101dei. Ma\u0161\u012bnu remonta darbn\u012bcas izmanto hidrauliskos cilindrus iek\u0101rtu pacel\u0161anai un pozicion\u0113\u0161anai apkopes laik\u0101, nodro\u0161inot, ka remontu var veikt dro\u0161i un efekt\u012bvi. Lauksaimniec\u012bb\u0101 \u0161ie cilindri ir \u013coti svar\u012bgi traktoru un citas tehnikas vad\u012b\u0161anai, \u013caujot lauksaimniekiem viegli veikt t\u0101dus svar\u012bgus uzdevumus k\u0101 ar\u0161ana un ra\u017eas nov\u0101k\u0161ana.<\/p>\n<p>Turkl\u0101t ener\u0123\u0113tikas un kalnr\u016bpniec\u012bbas nozares g\u016bst iev\u0113rojamu labumu no hidraulisko cilindru jaudas un precizit\u0101tes. Tos izmanto t\u0101dos uzdevumos k\u0101 urb\u0161ana, rak\u0161ana un materi\u0101lu apstr\u0101de, kur kritiski svar\u012bga ir uzticama jauda. Papildus \u0161\u012bm nozar\u0113m m\u016bsu hidrauliskie cilindri tiek izmantoti b\u016bvniec\u012bb\u0101, transport\u0101 un daudz\u0101s cit\u0101s jom\u0101s, demonstr\u0113jot to daudzpus\u012bbu un noz\u012bmi m\u016bsdienu r\u016bpnieciskaj\u0101s darb\u012bb\u0101s.<\/p>\n<p><img loading=\"lazy\" decoding=\"async\" class=\"alignnone  wp-image-6664\" src=\"https:\/\/fmp-components.com\/wp-content\/uploads\/2025\/03\/telescopic-hydraulic-cylinder-8.webp\" alt=\"teleskopiskais hidrauliskais cilindrs\" width=\"858\" height=\"858\" title=\"\" srcset=\"https:\/\/fmp-components.com\/wp-content\/uploads\/2025\/03\/telescopic-hydraulic-cylinder-8.webp 858w, https:\/\/fmp-components.com\/wp-content\/uploads\/2025\/03\/telescopic-hydraulic-cylinder-8-480x480.webp 480w\" sizes=\"(min-width: 0px) and (max-width: 480px) 480px, (min-width: 481px) 858px, 100vw\" \/><\/p>\n<h2>Hidrauliskie cilindri un sp\u0113ka agreg\u0101ti<\/h2>\n<p>Hidrauliskie cilindri un sp\u0113ka agreg\u0101ti ir neat\u0146emamas hidraulisko sist\u0113mu sast\u0101vda\u013cas, un to kombin\u0113ta darb\u012bba ir b\u016btiska efekt\u012bvai hidraulisko tehnolo\u0123iju pielieto\u0161anai r\u016bpniec\u012bbas sektor\u0101. Hidrauliskais cilindrs darbojas k\u0101 izpildmeh\u0101nisms, p\u0101rveidojot hidraulisko ener\u0123iju meh\u0101nisk\u0101 kust\u012bb\u0101, savuk\u0101rt sp\u0113ka agreg\u0101ts kalpo k\u0101 hidraulisk\u0101 spiediena avots, kas nepiecie\u0161ams sist\u0113mas vad\u012b\u0161anai.<\/p>\n<p>Kop\u0101 \u0161ie komponenti nodro\u0161ina uzticamu jaudas un vad\u012bbas atbalstu da\u017e\u0101d\u0101m in\u017eeniertehnisk\u0101m un meh\u0101nisk\u0101m iek\u0101rt\u0101m. Jaudas bloks parasti ietver motoru, s\u016bkni, rezervu\u0101ru un vad\u012bbas v\u0101rstus, kas visi darbojas saska\u0146oti, lai uztur\u0113tu optim\u0101lu spiedienu un pl\u016bsmas \u0101trumu. \u0160\u012b siner\u0123ija nodro\u0161ina, ka hidrauliskie cilindri var efekt\u012bvi un lietder\u012bgi veikt savas funkcijas, \u013caujot nozar\u0113m piln\u012bb\u0101 izmantot hidraulisk\u0101s tehnolo\u0123ijas potenci\u0101lu.<\/p>\n<p>Uz\u0146\u0113mum\u0101 FMP m\u0113s apzin\u0101mies sp\u0113ka agreg\u0101tu kritisko lomu hidrauliskaj\u0101s sist\u0113m\u0101s, un m\u0113s pied\u0101v\u0101jam augstas kvalit\u0101tes sp\u0113ka agreg\u0101tus p\u0101rdo\u0161anai. Tas \u013cauj m\u016bsu klientiem izveidot piln\u012bb\u0101 integr\u0113tas hidraulisk\u0101s sist\u0113mas, kas piel\u0101gotas vi\u0146u \u012bpa\u0161aj\u0101m vajadz\u012bb\u0101m, uzlabojot vi\u0146u darb\u012bbas iesp\u0113jas un nodro\u0161inot, ka vi\u0146i var p\u0101rliecino\u0161i apmierin\u0101t attiec\u012bgo nozaru pras\u012bbas.<\/p>\n<h3>Par FMP<\/h3>\n<p class=\"break-words\">FMP ir vado\u0161ais It\u0101lijas ra\u017eot\u0101js, kas specializ\u0113jas augstas kvalit\u0101tes hidraulisko cilindru projekt\u0113\u0161an\u0101, izstr\u0101d\u0113 un ra\u017eo\u0161an\u0101. Ar bag\u0101t\u012bgu mantojumu, kas sak\u0146ojas gadu desmitiem ilg\u0101 pieredz\u0113, m\u0113s ar lepnumu apvienojam it\u0101\u013cu meistar\u012bbu ar jaun\u0101kaj\u0101m tehnolo\u0123ij\u0101m, lai nodro\u0161in\u0101tu izcilus hidrauliskos risin\u0101jumus, kas piel\u0101goti m\u016bsu glob\u0101l\u0101 klientu loka da\u017e\u0101daj\u0101m vajadz\u012bb\u0101m. FMP, kas atrodas It\u0101lij\u0101, in\u017eenierijas izcil\u012bbas centr\u0101, ir uzticams v\u0101rds hidraulikas nozar\u0113 un ir ap\u0146\u0113mies nodro\u0161in\u0101t uzticamus, iztur\u012bgus un inovat\u012bvus produktus, kas dod iesp\u0113jas uz\u0146\u0113mumiem vis\u0101 pasaul\u0113.<\/p>\n<p class=\"break-words\">M\u016bsu uz\u0146\u0113mums apvieno lab\u0101k\u0101s progres\u012bv\u0101s ra\u017eo\u0161anas trad\u012bcijas ar t\u0101lredz\u012bgu pieeju. Balstoties uz daudzu gadu pieredzi hidraulisko sist\u0113mu jom\u0101, FMP ir att\u012bst\u012bjies par modernu uz\u0146\u0113mumu, kas izce\u013cas ar izcil\u0101m p\u0113tniec\u012bbas, dizaina un ra\u017eo\u0161anas sp\u0113j\u0101m. M\u0113s specializ\u0113jamies pla\u0161\u0101 hidraulisko cilindru kl\u0101st\u0101, tostarp divk\u0101r\u0161as darb\u012bbas cilindros, automobi\u013cu pacel\u0161anas cilindros, lauksaimniec\u012bbas tehnikas cilindros un piel\u0101gotos risin\u0101jumos da\u017e\u0101diem r\u016bpnieciskiem pielietojumiem. Neatkar\u012bgi no t\u0101, vai tas ir paredz\u0113ts b\u016bvniec\u012bbai, r\u016bpniecisk\u0101m instal\u0101cij\u0101m, lauksaimniec\u012bbai vai smagajai tehnikai, m\u016bsu hidrauliskie cilindri ir rad\u012bti, lai darbotos vissmag\u0101kajos apst\u0101k\u013cos, nodro\u0161inot dro\u0161\u012bbu, efektivit\u0101ti un ilgm\u016b\u017e\u012bbu.<\/p>\n<p><img loading=\"lazy\" decoding=\"async\" class=\"alignnone size-full wp-image-6720\" src=\"https:\/\/fmp-components.com\/wp-content\/uploads\/2025\/03\/hydraulic-cylinder-8.webp\" alt=\"Teleskopiskie hidrauliskie cilindri\" width=\"933\" height=\"526\" title=\"\" srcset=\"https:\/\/fmp-components.com\/wp-content\/uploads\/2025\/03\/hydraulic-cylinder-8.webp 933w, https:\/\/fmp-components.com\/wp-content\/uploads\/2025\/03\/hydraulic-cylinder-8-480x271.webp 480w\" sizes=\"(min-width: 0px) and (max-width: 480px) 480px, (min-width: 481px) 933px, 100vw\" \/><\/p>\n<p class=\"break-words\">Uz\u0146\u0113mum\u0101 FMP m\u0113s lepojamies ar sav\u0101m modern\u0101kaj\u0101m ra\u017eo\u0161anas iek\u0101rt\u0101m, kas apr\u012bkotas ar prec\u012bzijas iek\u0101rt\u0101m un modern\u0101m test\u0113\u0161anas sist\u0113m\u0101m. M\u016bsu ra\u017eo\u0161anas procesi atbilst stingriem valsts un starptautiskajiem standartiem, nodro\u0161inot, ka katrs hidrauliskais cilindrs, kas atst\u0101j m\u016bsu r\u016bpn\u012bcu, ir augst\u0101k\u0101s kvalit\u0101tes un uzticam\u012bbas. M\u016bsu prasm\u012bg\u0101 tehnisk\u0101 komanda apvienojum\u0101 ar modern\u0101ko apr\u012bkojumu \u013cauj mums uztur\u0113t stingru kvalit\u0101tes kontroli katr\u0101 ra\u017eo\u0161anas posm\u0101 \u2014 s\u0101kot no izejvielu izv\u0113les l\u012bdz gal\u012bgajai p\u0101rbaudei. \u0160\u012b ap\u0146em\u0161an\u0101s sasniegt izcil\u012bbu ir nodro\u0161in\u0101jusi mums sertifik\u0101tus un atzin\u012bbu no nozares iest\u0101d\u0113m, v\u0113l vair\u0101k nostiprinot m\u016bsu reput\u0101ciju k\u0101 uzticamam partnerim.<\/p>\n<p class=\"break-words\">M\u016bsu misija ir vienk\u0101r\u0161a, tom\u0113r ambicioza: nodro\u0161in\u0101t m\u016bsu klientus ar hidrauliskajiem cilindriem, kas p\u0101rsniedz cer\u012bbas attiec\u012bb\u0101 uz veiktsp\u0113ju, iztur\u012bbu un v\u0113rt\u012bbu. M\u0113s darbojamies, iev\u0113rojot profesionalit\u0101tes, godpr\u0101t\u012bbas un klientu apkalpo\u0161anas pamatprincipus. Veicinot inov\u0101ciju un precizit\u0101tes kult\u016bru, m\u0113s nep\u0101rtraukti pilnveidojam savus produktus, lai saglab\u0101tu l\u012bderpoz\u012bcijas konkur\u0113tsp\u0113j\u012bg\u0101 tirg\u016b. M\u016bsu pla\u0161ais produktu kl\u0101sts un sp\u0113ja pied\u0101v\u0101t piel\u0101gotus risin\u0101jumus padara m\u016bs par lab\u0101ko izv\u0113li uz\u0146\u0113mumiem, kas mekl\u0113 augstas veiktsp\u0113jas hidrauliskos cilindrus.<\/p>\n<p class=\"break-words\">FMP ir vair\u0101k nek\u0101 tikai ra\u017eot\u0101js \u2014 m\u0113s esam partneris j\u016bsu pan\u0101kumos. M\u0113s saprotam, ka m\u016bsu klienti pa\u013caujas uz mums, lai pieg\u0101d\u0101tu instrumentus, kas uzlabo vi\u0146u produktivit\u0101ti un dro\u0161\u012bbu. T\u0101p\u0113c m\u0113s esam ap\u0146\u0113mu\u0161ies pied\u0101v\u0101t ne tikai augst\u0101k\u0101s klases produktus, bet ar\u012b izcilu servisu. S\u0101kot ar s\u0101kotn\u0113jo konsult\u0101ciju un beidzot ar p\u0113cp\u0101rdo\u0161anas atbalstu, m\u0113s cie\u0161i sadarbojamies ar saviem klientiem, lai nodro\u0161in\u0101tu, ka vi\u0146u vajadz\u012bbas tiek apmierin\u0101tas ar profesionalit\u0101ti un r\u016bp\u012bbu. M\u016bsu konkur\u0113tsp\u0113j\u012bg\u0101s cenas apvienojum\u0101 ar nelok\u0101mo ap\u0146em\u0161anos nodro\u0161in\u0101t kvalit\u0101ti padara FMP par gudru izv\u0113li uz\u0146\u0113mumiem, kas v\u0113las ieguld\u012bt l\u012bdzek\u013cus uzticamos hidrauliskajos risin\u0101jumos.<\/p>","protected":false},"excerpt":{"rendered":"<p>Dump Truck Telescopic Hydraulic Cylinder From FMP Our Dump Truck Telescopic Hydraulic Cylinder, made in Italy, is a state-of-the-art hydraulic solution From FMP, a reputable manufacturer established in 2006. This cutting-edge hydraulic equipment is designed to offer unmatched performance in various industries, including manufacturing plants, machinery repair shops, farms, and energy &amp; mining sectors. Product [&hellip;]<\/p>","protected":false},"featured_media":6711,"comment_status":"closed","ping_status":"closed","template":"","meta":{"_et_pb_use_builder":"","_et_pb_old_content":"","_et_gb_content_width":""},"product_brand":[],"product_cat":[103],"product_tag":[34,105],"class_list":{"0":"post-6601","1":"product","2":"type-product","3":"status-publish","4":"has-post-thumbnail","6":"product_cat-telescopic-hydraulic-cylinders","7":"product_tag-hydraulic-cylinder","8":"product_tag-telescopic-hydraulic-cylinders","10":"first","11":"instock","12":"product-type-simple"},"_links":{"self":[{"href":"https:\/\/fmp-components.com\/lv\/wp-json\/wp\/v2\/product\/6601","targetHints":{"allow":["GET"]}}],"collection":[{"href":"https:\/\/fmp-components.com\/lv\/wp-json\/wp\/v2\/product"}],"about":[{"href":"https:\/\/fmp-components.com\/lv\/wp-json\/wp\/v2\/types\/product"}],"replies":[{"embeddable":true,"href":"https:\/\/fmp-components.com\/lv\/wp-json\/wp\/v2\/comments?post=6601"}],"wp:featuredmedia":[{"embeddable":true,"href":"https:\/\/fmp-components.com\/lv\/wp-json\/wp\/v2\/media\/6711"}],"wp:attachment":[{"href":"https:\/\/fmp-components.com\/lv\/wp-json\/wp\/v2\/media?parent=6601"}],"wp:term":[{"taxonomy":"product_brand","embeddable":true,"href":"https:\/\/fmp-components.com\/lv\/wp-json\/wp\/v2\/product_brand?post=6601"},{"taxonomy":"product_cat","embeddable":true,"href":"https:\/\/fmp-components.com\/lv\/wp-json\/wp\/v2\/product_cat?post=6601"},{"taxonomy":"product_tag","embeddable":true,"href":"https:\/\/fmp-components.com\/lv\/wp-json\/wp\/v2\/product_tag?post=6601"}],"curies":[{"name":"wp","href":"https:\/\/api.w.org\/{rel}","templated":true}]}}