{"id":6600,"date":"2025-03-11T06:32:38","date_gmt":"2025-03-11T06:32:38","guid":{"rendered":"https:\/\/fmp-components.com\/product\/3tons-5tons-7tons-12-tons-telescopic-multistages-tipper-truck-hydraulic-cylinder-from-fmp"},"modified":"2025-03-12T03:14:59","modified_gmt":"2025-03-12T03:14:59","slug":"3tons-5tons-7tons-12-tons-telescopic-multistages-tipper-truck-hydraulic-cylinder-from-fmp","status":"publish","type":"product","link":"https:\/\/fmp-components.com\/lv\/product\/3tons-5tons-7tons-12-tons-telescopic-multistages-tipper-truck-hydraulic-cylinder-from-fmp\/","title":{"rendered":"3 tonnu 5 tonnu 7 tonnu 12 tonnu teleskopiskais\/daudzpak\u0101pju pa\u0161izg\u0101z\u0113ja hidrauliskais cilindrs no FMP"},"content":{"rendered":"<h2>3 tonnu 5 tonnu 7 tonnu 12 tonnu teleskopiskais\/daudzpak\u0101pju pa\u0161izg\u0101z\u0113ja hidrauliskais cilindrs no FMP<\/h2>\n<p>FMP teleskopiskais\/daudzpak\u0101pju hidrauliskais cilindrs ir inovat\u012bvs risin\u0101jums pa\u0161izg\u0101z\u0113jiem. \u0160is hidrauliskais cilindrs ir paredz\u0113ts 3 tonnu, 5 tonnu, 7 tonnu un 12 tonnu kravas automa\u0161\u012bn\u0101m, nodro\u0161inot izcilu jaudu un precizit\u0101ti. Izgatavoti no augstas kvalit\u0101tes t\u0113rauda, \u200b\u200b\u0161ie hidrauliskie cilindri nodro\u0161ina optim\u0101lu veiktsp\u0113ju un iztur\u012bbu.<\/p>\n<h3>Funkcijas un funkcijas<\/h3>\n<p>M\u016bsu hidrauliskajiem cilindriem ir ISO 9001:2000 sertifik\u0101ts, kas apliecina izcilu kvalit\u0101ti un veiktsp\u0113ju un atspogu\u013co m\u016bsu ap\u0146em\u0161anos nodro\u0161in\u0101t izcil\u012bbu ra\u017eo\u0161an\u0101. Ar iespaid\u012bgu maksim\u0101lo vilces sp\u0113ku 3000 un maksim\u0101lo vilk\u0161anas sp\u0113ku 600, \u0161ie cilindri nodro\u0161ina jaud\u012bgu veiktsp\u0113ju, kas piem\u0113rota pla\u0161am r\u016bpniecisko pielietojumu kl\u0101stam. Cilindru diametrs sv\u0101rst\u0101s no 20 mm l\u012bdz 250 mm, pied\u0101v\u0101jot nep\u0101rsp\u0113jamu daudzpus\u012bbu, lai piel\u0101gotos da\u017e\u0101d\u0101m ekspluat\u0101cijas pras\u012bb\u0101m. Neatkar\u012bgi no t\u0101, vai jums ir nepiecie\u0161ams kompakts risin\u0101jums \u0161aur\u0101m telp\u0101m vai liel\u0101ks cilindrs smagiem uzdevumiem, m\u016bsu produktus var piel\u0101got j\u016bsu \u012bpa\u0161aj\u0101m vajadz\u012bb\u0101m.<\/p>\n<p><img loading=\"lazy\" decoding=\"async\" class=\"alignnone  wp-image-6657\" src=\"https:\/\/fmp-components.com\/wp-content\/uploads\/2025\/03\/telescopic-hydraulic-cylinder-3.webp\" alt=\"teleskopiskais hidrauliskais cilindrs\" width=\"902\" height=\"902\" title=\"\" srcset=\"https:\/\/fmp-components.com\/wp-content\/uploads\/2025\/03\/telescopic-hydraulic-cylinder-3.webp 902w, https:\/\/fmp-components.com\/wp-content\/uploads\/2025\/03\/telescopic-hydraulic-cylinder-3-480x480.webp 480w\" sizes=\"(min-width: 0px) and (max-width: 480px) 480px, (min-width: 481px) 902px, 100vw\" \/><\/p>\n<h3>Produkta specifik\u0101cijas<\/h3>\n<p>Katrs hidrauliskais cilindrs ir profesion\u0101li izstr\u0101d\u0101ts un ra\u017eots atbilsto\u0161i prec\u012bz\u0101m specifik\u0101cij\u0101m. Urbuma izm\u0113rs ir piln\u012bb\u0101 piel\u0101gojams, \u013caujot jums izv\u0113l\u0113ties izm\u0113rus, kas vislab\u0101k atbilst j\u016bsu pielietojuma pras\u012bb\u0101m. \u0160\u012b elast\u012bba nodro\u0161ina, ka j\u016bs sa\u0146emat produktu, kas lieliski atbilst j\u016bsu ekspluat\u0101cijas pras\u012bb\u0101m. Turkl\u0101t \u0161ie cilindri ir apr\u012bkoti ar augstas kvalit\u0101tes gult\u0146iem k\u0101 galvenaj\u0101m sast\u0101vda\u013c\u0101m, kas iev\u0113rojami uzlabo to veiktsp\u0113ju un iztur\u012bbu. Gult\u0146u izmanto\u0161ana samazina berzi un nodilumu, nodro\u0161inot vienm\u0113r\u012bg\u0101ku darb\u012bbu un pagarinot hidraulisk\u0101 cilindra kalpo\u0161anas laiku.<\/p>\n<h3>Unik\u0101las iez\u012bmes<\/h3>\n<ul>\n<li><strong>Ener\u0123ijas taup\u012b\u0161ana:<\/strong> M\u016bsu hidrauliskie cilindri ir konstru\u0113ti, \u0146emot v\u0113r\u0101 ener\u0123ijas taup\u012b\u0161anu. \u0160\u012b konstrukcija ne tikai pal\u012bdz samazin\u0101t ekspluat\u0101cijas izmaksas, bet ar\u012b veicina vides ilgtsp\u0113j\u012bbu, samazinot ener\u0123ijas pat\u0113ri\u0146u darb\u012bbas laik\u0101. Optimiz\u0113jot hidraulisk\u0101 \u0161\u0137idruma izmanto\u0161anu, m\u016bsu cilindri nodro\u0161ina, ka uz\u0146\u0113mumi var efekt\u012bvi sasniegt savus m\u0113r\u0137us, vienlaikus apzinoties ener\u0123ijas pat\u0113ri\u0146u.<\/li>\n<li><strong>Efekt\u012bvs:<\/strong> Izmantojot progres\u012bvu hidraulisko tehnolo\u0123iju, m\u016bsu cilindri nodro\u0161ina augstu efektivit\u0101ti un veiktsp\u0113jas l\u012bmeni. \u0160\u012b efektivit\u0101te noz\u012bm\u0113 \u012bs\u0101kus cikla laikus un uzlabotu produktivit\u0101ti, \u013caujot nozar\u0113m racionaliz\u0113t savus procesus un uzlabot kop\u0113jo darb\u012bbas efektivit\u0101ti.<\/li>\n<li><strong>Dro\u0161\u012bba:<\/strong> Dro\u0161\u012bba r\u016bpnieciskos pielietojumos ir \u0101rk\u0101rt\u012bgi svar\u012bga, un m\u016bsu hidrauliskie cilindri ir izgatavoti no augstas kvalit\u0101tes materi\u0101liem, kas nodro\u0161ina iztur\u012bbu pat vissare\u017e\u0123\u012bt\u0101kajos darba apst\u0101k\u013cos. Ir ieviesti stingri test\u0113\u0161anas un kvalit\u0101tes nodro\u0161in\u0101\u0161anas protokoli, lai garant\u0113tu, ka m\u016bsu produkti atbilst augst\u0101kajiem dro\u0161\u012bbas standartiem. \u0160\u012b iztur\u012bg\u0101 konstrukcija ne tikai aizsarg\u0101 operatorus, bet ar\u012b uzlabo iek\u0101rtu uzticam\u012bbu, radot dro\u0161\u0101ku darba vidi.<\/li>\n<\/ul>\n<p>M\u016bsu hidrauliskie cilindri ir izstr\u0101d\u0101ti, lai nodro\u0161in\u0101tu izcilu veiktsp\u0113ju, dro\u0161\u012bbu un efektivit\u0101ti, padarot tos par ide\u0101lu izv\u0113li da\u017e\u0101diem r\u016bpnieciskiem lietojumiem. Ar piel\u0101gojam\u0101m specifik\u0101cij\u0101m un ap\u0146em\u0161anos nodro\u0161in\u0101t kvalit\u0101ti m\u0113s pied\u0101v\u0101jam risin\u0101jumus, kas \u013cauj uz\u0146\u0113mumiem darboties efekt\u012bvi un dro\u0161i.<\/p>\n<h3>Par FMP<\/h3>\n<p class=\"break-words\">FMP ir vado\u0161ais It\u0101lijas ra\u017eot\u0101js, kas specializ\u0113jas augstas kvalit\u0101tes hidraulisko cilindru projekt\u0113\u0161an\u0101, izstr\u0101d\u0113 un ra\u017eo\u0161an\u0101. Ar bag\u0101t\u012bgu mantojumu, kas sak\u0146ojas gadu desmitiem ilg\u0101 pieredz\u0113, m\u0113s ar lepnumu apvienojam it\u0101\u013cu meistar\u012bbu ar jaun\u0101kaj\u0101m tehnolo\u0123ij\u0101m, lai nodro\u0161in\u0101tu izcilus hidrauliskos risin\u0101jumus, kas piel\u0101goti m\u016bsu glob\u0101l\u0101 klientu loka da\u017e\u0101daj\u0101m vajadz\u012bb\u0101m. FMP, kas atrodas It\u0101lij\u0101, in\u017eenierijas izcil\u012bbas centr\u0101, ir uzticams v\u0101rds hidraulikas nozar\u0113 un ir ap\u0146\u0113mies nodro\u0161in\u0101t uzticamus, iztur\u012bgus un inovat\u012bvus produktus, kas dod iesp\u0113jas uz\u0146\u0113mumiem vis\u0101 pasaul\u0113.<\/p>\n<p class=\"break-words\">M\u016bsu uz\u0146\u0113mums apvieno lab\u0101k\u0101s progres\u012bv\u0101s ra\u017eo\u0161anas trad\u012bcijas ar t\u0101lredz\u012bgu pieeju. Balstoties uz daudzu gadu pieredzi hidraulisko sist\u0113mu jom\u0101, FMP ir att\u012bst\u012bjies par modernu uz\u0146\u0113mumu, kas izce\u013cas ar izcil\u0101m p\u0113tniec\u012bbas, dizaina un ra\u017eo\u0161anas sp\u0113j\u0101m. M\u0113s specializ\u0113jamies pla\u0161\u0101 hidraulisko cilindru kl\u0101st\u0101, tostarp divk\u0101r\u0161as darb\u012bbas cilindros, automobi\u013cu pacel\u0161anas cilindros, lauksaimniec\u012bbas tehnikas cilindros un piel\u0101gotos risin\u0101jumos da\u017e\u0101diem r\u016bpnieciskiem pielietojumiem. Neatkar\u012bgi no t\u0101, vai tas ir paredz\u0113ts b\u016bvniec\u012bbai, r\u016bpniecisk\u0101m instal\u0101cij\u0101m, lauksaimniec\u012bbai vai smagajai tehnikai, m\u016bsu hidrauliskie cilindri ir rad\u012bti, lai darbotos vissmag\u0101kajos apst\u0101k\u013cos, nodro\u0161inot dro\u0161\u012bbu, efektivit\u0101ti un ilgm\u016b\u017e\u012bbu.<\/p>\n<p><img loading=\"lazy\" decoding=\"async\" class=\"alignnone size-full wp-image-6720\" src=\"https:\/\/fmp-components.com\/wp-content\/uploads\/2025\/03\/hydraulic-cylinder-8.webp\" alt=\"Teleskopiskie hidrauliskie cilindri\" width=\"933\" height=\"526\" title=\"\" srcset=\"https:\/\/fmp-components.com\/wp-content\/uploads\/2025\/03\/hydraulic-cylinder-8.webp 933w, https:\/\/fmp-components.com\/wp-content\/uploads\/2025\/03\/hydraulic-cylinder-8-480x271.webp 480w\" sizes=\"(min-width: 0px) and (max-width: 480px) 480px, (min-width: 481px) 933px, 100vw\" \/><\/p>\n<p class=\"break-words\">Uz\u0146\u0113mum\u0101 FMP m\u0113s lepojamies ar sav\u0101m modern\u0101kaj\u0101m ra\u017eo\u0161anas iek\u0101rt\u0101m, kas apr\u012bkotas ar prec\u012bzijas iek\u0101rt\u0101m un modern\u0101m test\u0113\u0161anas sist\u0113m\u0101m. M\u016bsu ra\u017eo\u0161anas procesi atbilst stingriem valsts un starptautiskajiem standartiem, nodro\u0161inot, ka katrs hidrauliskais cilindrs, kas atst\u0101j m\u016bsu r\u016bpn\u012bcu, ir augst\u0101k\u0101s kvalit\u0101tes un uzticam\u012bbas. M\u016bsu prasm\u012bg\u0101 tehnisk\u0101 komanda apvienojum\u0101 ar modern\u0101ko apr\u012bkojumu \u013cauj mums uztur\u0113t stingru kvalit\u0101tes kontroli katr\u0101 ra\u017eo\u0161anas posm\u0101 \u2014 s\u0101kot no izejvielu izv\u0113les l\u012bdz gal\u012bgajai p\u0101rbaudei. \u0160\u012b ap\u0146em\u0161an\u0101s sasniegt izcil\u012bbu ir nodro\u0161in\u0101jusi mums sertifik\u0101tus un atzin\u012bbu no nozares iest\u0101d\u0113m, v\u0113l vair\u0101k nostiprinot m\u016bsu reput\u0101ciju k\u0101 uzticamam partnerim.<\/p>\n<p class=\"break-words\">M\u016bsu misija ir vienk\u0101r\u0161a, tom\u0113r ambicioza: nodro\u0161in\u0101t m\u016bsu klientus ar hidrauliskajiem cilindriem, kas p\u0101rsniedz cer\u012bbas attiec\u012bb\u0101 uz veiktsp\u0113ju, iztur\u012bbu un v\u0113rt\u012bbu. M\u0113s darbojamies, iev\u0113rojot profesionalit\u0101tes, godpr\u0101t\u012bbas un klientu apkalpo\u0161anas pamatprincipus. Veicinot inov\u0101ciju un precizit\u0101tes kult\u016bru, m\u0113s nep\u0101rtraukti pilnveidojam savus produktus, lai saglab\u0101tu l\u012bderpoz\u012bcijas konkur\u0113tsp\u0113j\u012bg\u0101 tirg\u016b. M\u016bsu pla\u0161ais produktu kl\u0101sts un sp\u0113ja pied\u0101v\u0101t piel\u0101gotus risin\u0101jumus padara m\u016bs par lab\u0101ko izv\u0113li uz\u0146\u0113mumiem, kas mekl\u0113 augstas veiktsp\u0113jas hidrauliskos cilindrus.<\/p>\n<p class=\"break-words\">FMP ir vair\u0101k nek\u0101 tikai ra\u017eot\u0101js \u2014 m\u0113s esam partneris j\u016bsu pan\u0101kumos. M\u0113s saprotam, ka m\u016bsu klienti pa\u013caujas uz mums, lai pieg\u0101d\u0101tu instrumentus, kas uzlabo vi\u0146u produktivit\u0101ti un dro\u0161\u012bbu. T\u0101p\u0113c m\u0113s esam ap\u0146\u0113mu\u0161ies pied\u0101v\u0101t ne tikai augst\u0101k\u0101s klases produktus, bet ar\u012b izcilu servisu. S\u0101kot ar s\u0101kotn\u0113jo konsult\u0101ciju un beidzot ar p\u0113cp\u0101rdo\u0161anas atbalstu, m\u0113s cie\u0161i sadarbojamies ar saviem klientiem, lai nodro\u0161in\u0101tu, ka vi\u0146u vajadz\u012bbas tiek apmierin\u0101tas ar profesionalit\u0101ti un r\u016bp\u012bbu. M\u016bsu konkur\u0113tsp\u0113j\u012bg\u0101s cenas apvienojum\u0101 ar nelok\u0101mo ap\u0146em\u0161anos nodro\u0161in\u0101t kvalit\u0101ti padara FMP par gudru izv\u0113li uz\u0146\u0113mumiem, kas v\u0113las ieguld\u012bt l\u012bdzek\u013cus uzticamos hidrauliskajos risin\u0101jumos.<\/p>\n<h2>Bie\u017ei uzdotie jaut\u0101jumi<\/h2>\n<h3>1. jaut\u0101jums: K\u0101da ir hidraulisko cilindru garantija?<\/h3>\n<p>M\u0113s pied\u0101v\u0101jam 1 gada garantiju m\u016bsu hidrauliskajiem cilindriem, nodro\u0161inot to kvalit\u0101ti un veiktsp\u0113ju.<\/p>\n<h3>2. jaut\u0101jums: Vai es varu piel\u0101got hidraulisk\u0101 cilindra urbuma izm\u0113ru?<\/h3>\n<p>J\u0101, m\u016bsu hidraulisko cilindru urbuma izm\u0113rs ir piel\u0101gojams atbilsto\u0161i j\u016bsu \u012bpa\u0161aj\u0101m pras\u012bb\u0101m.<\/p>\n<h3>3.\u00a0jaut\u0101jums: K\u0101da ir hidraulisko cilindru maksim\u0101l\u0101 vilces un vilk\u0161anas jauda?<\/h3>\n<p>M\u016bsu hidraulisko cilindru maksim\u0101l\u0101 vilces jauda ir 3000 \u0146\u016btonu, bet maksim\u0101l\u0101 vilk\u0161anas jauda ir 600 \u0146\u016btonu.<\/p>\n<p><img loading=\"lazy\" decoding=\"async\" class=\"alignnone  wp-image-6717\" src=\"https:\/\/fmp-components.com\/wp-content\/uploads\/2025\/03\/hydraulic-cylinder-211.webp\" alt=\"Hidrauliskie cilindri\" width=\"893\" height=\"895\" title=\"\" srcset=\"https:\/\/fmp-components.com\/wp-content\/uploads\/2025\/03\/hydraulic-cylinder-211.webp 893w, https:\/\/fmp-components.com\/wp-content\/uploads\/2025\/03\/hydraulic-cylinder-211-480x481.webp 480w\" sizes=\"(min-width: 0px) and (max-width: 480px) 480px, (min-width: 481px) 893px, 100vw\" \/><\/p>","protected":false},"excerpt":{"rendered":"<p>3tons 5tons 7tons 12 tons Telescopic \/MultiStages Tipper Truck Hydraulic Cylinder From FMP The Telescopic\/MultiStages hydraulic cylinder From FMP is an innovative solution for tipper trucks. This hydraulic cylinder is designed for 3-ton, 5-ton, 7-ton, and 12-ton trucks, providing exceptional power and precision. Manufactured with high-quality steel, these hydraulic cylinders ensure optimal performance and durability. [&hellip;]<\/p>","protected":false},"featured_media":6710,"comment_status":"closed","ping_status":"closed","template":"","meta":{"_et_pb_use_builder":"","_et_pb_old_content":"","_et_gb_content_width":""},"product_brand":[],"product_cat":[103],"product_tag":[34,105],"class_list":{"0":"post-6600","1":"product","2":"type-product","3":"status-publish","4":"has-post-thumbnail","6":"product_cat-telescopic-hydraulic-cylinders","7":"product_tag-hydraulic-cylinder","8":"product_tag-telescopic-hydraulic-cylinders","10":"first","11":"instock","12":"product-type-simple"},"_links":{"self":[{"href":"https:\/\/fmp-components.com\/lv\/wp-json\/wp\/v2\/product\/6600","targetHints":{"allow":["GET"]}}],"collection":[{"href":"https:\/\/fmp-components.com\/lv\/wp-json\/wp\/v2\/product"}],"about":[{"href":"https:\/\/fmp-components.com\/lv\/wp-json\/wp\/v2\/types\/product"}],"replies":[{"embeddable":true,"href":"https:\/\/fmp-components.com\/lv\/wp-json\/wp\/v2\/comments?post=6600"}],"wp:featuredmedia":[{"embeddable":true,"href":"https:\/\/fmp-components.com\/lv\/wp-json\/wp\/v2\/media\/6710"}],"wp:attachment":[{"href":"https:\/\/fmp-components.com\/lv\/wp-json\/wp\/v2\/media?parent=6600"}],"wp:term":[{"taxonomy":"product_brand","embeddable":true,"href":"https:\/\/fmp-components.com\/lv\/wp-json\/wp\/v2\/product_brand?post=6600"},{"taxonomy":"product_cat","embeddable":true,"href":"https:\/\/fmp-components.com\/lv\/wp-json\/wp\/v2\/product_cat?post=6600"},{"taxonomy":"product_tag","embeddable":true,"href":"https:\/\/fmp-components.com\/lv\/wp-json\/wp\/v2\/product_tag?post=6600"}],"curies":[{"name":"wp","href":"https:\/\/api.w.org\/{rel}","templated":true}]}}