{"id":6597,"date":"2025-03-11T06:32:38","date_gmt":"2025-03-11T06:32:38","guid":{"rendered":"https:\/\/fmp-components.com\/product\/italy-manufacture-telescopic-multi-stages-hydraulic-cylinder-for-dump-truck-trailer-and-tipper-truck-from-fmp"},"modified":"2025-03-12T03:03:04","modified_gmt":"2025-03-12T03:03:04","slug":"italy-manufacture-telescopic-multi-stages-hydraulic-cylinder-for-dump-truck-trailer-and-tipper-truck-from-fmp","status":"publish","type":"product","link":"https:\/\/fmp-components.com\/lv\/product\/italy-manufacture-telescopic-multi-stages-hydraulic-cylinder-for-dump-truck-trailer-and-tipper-truck-from-fmp\/","title":{"rendered":"It\u0101lija ra\u017eo teleskopisko\/daudzpak\u0101pju hidraulisko cilindru pa\u0161izg\u0101z\u0113jam\/piekabei un pa\u0161izg\u0101z\u0113jam no FMP"},"content":{"rendered":"<h2>It\u0101lija ra\u017eo teleskopisko\/daudzpak\u0101pju hidraulisko cilindru pa\u0161izg\u0101z\u0113jam\/piekabei un pa\u0161izg\u0101z\u0113jam no FMP<\/h2>\n<p>FMP pied\u0101v\u0101 visefekt\u012bv\u0101ko un jaud\u012bg\u0101ko teleskopisko\/daudzpak\u0101pju hidraulisko cilindru, kas ir ide\u0101ls risin\u0101jums pa\u0161izg\u0101z\u0113jiem, piekab\u0113m un kravas automa\u0161\u012bn\u0101m. \u0160is r\u016bpniecisk\u0101s klases hidrauliskais cilindrs ir izstr\u0101d\u0101ts, lai nodro\u0161in\u0101tu nep\u0101rsp\u0113jamu veiktsp\u0113ju un iztur\u012bbu. Tas ir jauns 2021. gada produkts, kas sola vismodern\u0101k\u0101s tehnolo\u0123ijas un kvalit\u0101ti.<\/p>\n<h3>Produkta \u012bpa\u0161\u012bbas un specifik\u0101cijas<\/h3>\n<p>\u0160im hidrauliskajam cilindram ir viena gada garantija un augst\u0101k\u0101s kvalit\u0101tes galven\u0101s sast\u0101vda\u013cas. Izgatavots no iztur\u012bga t\u0113rauda korpusa, tas darbojas ar e\u013c\u013cu un ir sertific\u0113ts saska\u0146\u0101 ar ISO9001:2000. Hidraulisk\u0101 jauda padara to par ide\u0101lu izv\u0113li da\u017e\u0101d\u0101m nozar\u0113m, tostarp ra\u017eo\u0161anas r\u016bpn\u012bc\u0101m, ma\u0161\u012bnb\u016bves remonta darbn\u012bc\u0101m, lauksaimniec\u012bbas, ener\u0123\u0113tikas un kalnr\u016bpniec\u012bbas nozar\u0113m.<\/p>\n<p><img loading=\"lazy\" decoding=\"async\" class=\"alignnone  wp-image-6661\" src=\"https:\/\/fmp-components.com\/wp-content\/uploads\/2025\/03\/telescopic-hydraulic-cylinder-10.webp\" alt=\"teleskopiskais hidrauliskais cilindrs\" width=\"901\" height=\"901\" title=\"\" srcset=\"https:\/\/fmp-components.com\/wp-content\/uploads\/2025\/03\/telescopic-hydraulic-cylinder-10.webp 901w, https:\/\/fmp-components.com\/wp-content\/uploads\/2025\/03\/telescopic-hydraulic-cylinder-10-480x480.webp 480w\" sizes=\"(min-width: 0px) and (max-width: 480px) 480px, (min-width: 481px) 901px, 100vw\" \/><\/p>\n<h3>Unik\u0101las \u012bpa\u0161\u012bbas un priek\u0161roc\u012bbas<\/h3>\n<ul>\n<li>Ener\u0123iju taupo\u0161s un \u013coti efekt\u012bvs<\/li>\n<li>Dro\u0161s un uzticams lieto\u0161anai ar smag\u0101m ma\u0161\u012bn\u0101m<\/li>\n<li>Piel\u0101gojams atbilsto\u0161i konkr\u0113t\u0101m vajadz\u012bb\u0101m<\/li>\n<li>Iztur\u012bgs ar ilgu kalpo\u0161anas laiku<\/li>\n<\/ul>\n<h2>Hidraulisk\u0101 sist\u0113ma un darb\u012bbas princips<\/h2>\n<p>Hidraulisk\u0101 cilindra darb\u012bbas pamatprincips ir hidraulisk\u0101s ener\u0123ijas p\u0101rv\u0113r\u0161ana meh\u0101nisk\u0101 kust\u012bb\u0101. Kad cilindrs ir piepild\u012bts ar hidraulisko \u0161\u0137idrumu un pak\u013cauts spiedienam, tas rada sp\u0113ku, kas var efekt\u012bvi p\u0101rvietot kravu. \u0160is meh\u0101nisms ir \u012bpa\u0161i noder\u012bgs da\u017e\u0101dos pielietojumos, piem\u0113ram, smagu priek\u0161metu cel\u0161an\u0101 vai sare\u017e\u0123\u012btu r\u016bpniecisko iek\u0101rtu apkalpo\u0161an\u0101. Princips balst\u0101s uz Pask\u0101la likumu, kas nosaka, ka spiediens, kas pielikts sl\u0113gtam \u0161\u0137idrumam, tiek vien\u0101di p\u0101rraid\u012bts visos virzienos. T\u0101 rezult\u0101t\u0101 pat neliela hidraulisk\u0101 \u0161\u0137idruma padeve var rad\u012bt iev\u0113rojamu celtsp\u0113ju, padarot hidrauliskos cilindrus par nepiecie\u0161amiem uzdevumiem, kuriem nepiecie\u0161ama gan iztur\u012bba, gan precizit\u0101te.<\/p>\n<h2>Hidraulisk\u0101 cilindra pielietojums<\/h2>\n<p>FMP hidrauliskais cilindrs lepojas ar pla\u0161u pielietojumu kl\u0101stu da\u017e\u0101d\u0101s nozar\u0113s. Tas ir \u012bpa\u0161i efekt\u012bvs pa\u0161izg\u0101z\u0113jos un piekab\u0113s, kur tas atvieglo cel\u0161anas un noliek\u0161anas meh\u0101nismus, kas nepiecie\u0161ami t\u0101du materi\u0101lu k\u0101 grants, augsnes vai gru\u017eu izkrau\u0161anai. B\u016bvniec\u012bbas ma\u0161\u012bn\u0101s hidrauliskie cilindri ir \u013coti svar\u012bgi t\u0101du iek\u0101rtu k\u0101 ekskavatoru, ekskavatoru un buldozeru vad\u012b\u0161anai, \u013caujot tiem veikt uzdevumus, kas saist\u012bti ar smagu kravu cel\u0161anu un prec\u012bz\u0101m kust\u012bb\u0101m.<\/p>\n<p>Turkl\u0101t \u0161ie cilindri tiek pla\u0161i izmantoti lauksaimniec\u012bbas ma\u0161\u012bn\u0101s, pal\u012bdzot t\u0101dos uzdevumos k\u0101 arklu, s\u0113jma\u0161\u012bnu un citu lauksaimniec\u012bbas darb\u012bb\u0101m b\u016btisku instrumentu cel\u0161ana. Hidraulisko cilindru daudzpus\u012bba attiecas uz da\u017e\u0101d\u0101m nozar\u0113m, tostarp ra\u017eo\u0161anas r\u016bpn\u012bc\u0101m, kur tos izmanto mont\u0101\u017eas l\u012bnij\u0101s un automatiz\u0113tos procesos, k\u0101 ar\u012b ma\u0161\u012bnu remonta darbn\u012bc\u0101m, kur tie pal\u012bdz pacelt un novietot smago apr\u012bkojumu apkopei. Ener\u0123\u0113tikas un kalnr\u016bpniec\u012bbas nozares ar\u012b pa\u013caujas uz hidrauliskajiem cilindriem t\u0101diem uzdevumiem k\u0101 urb\u0161ana un materi\u0101lu apstr\u0101de, kas demonstr\u0113 to neaizst\u0101jamo lomu m\u016bsdienu r\u016bpnieciskajos pielietojumos.<\/p>\n<p><img loading=\"lazy\" decoding=\"async\" class=\"alignnone size-full wp-image-6660\" src=\"https:\/\/fmp-components.com\/wp-content\/uploads\/2025\/03\/hydraulic-cylinder-workshop-4.webp\" alt=\"teleskopiskais hidrauliskais cilindrs\" width=\"914\" height=\"733\" title=\"\" srcset=\"https:\/\/fmp-components.com\/wp-content\/uploads\/2025\/03\/hydraulic-cylinder-workshop-4.webp 914w, https:\/\/fmp-components.com\/wp-content\/uploads\/2025\/03\/hydraulic-cylinder-workshop-4-480x385.webp 480w\" sizes=\"(min-width: 0px) and (max-width: 480px) 480px, (min-width: 481px) 914px, 100vw\" \/><\/p>\n<h2>Hidrauliskie cilindri un sp\u0113ka agreg\u0101ti<\/h2>\n<p>Hidrauliskie cilindri un sp\u0113ka agreg\u0101ti ir neaizst\u0101jamas jebkuras hidraulisk\u0101s sist\u0113mas sast\u0101vda\u013cas. To koordin\u0113ta darb\u012bba ir vit\u0101li svar\u012bga efekt\u012bvai hidraulisko tehnolo\u0123iju pielieto\u0161anai r\u016bpniec\u012bb\u0101, nodro\u0161inot uzticamu jaudas un vad\u012bbas atbalstu da\u017e\u0101d\u0101m in\u017eeniertehnisk\u0101m un meh\u0101nisk\u0101m iek\u0101rt\u0101m. Hidrauliskais cilindrs darbojas k\u0101 izpildmeh\u0101nisms, p\u0101rveidojot hidraulisko ener\u0123iju meh\u0101nisk\u0101 kust\u012bb\u0101, t\u0101d\u0113j\u0101di prec\u012bzi veicot nepiecie\u0161amos uzdevumus.<\/p>\n<p>Turpret\u012b baro\u0161anas bloks kalpo k\u0101 hidraulisk\u0101s sist\u0113mas sp\u0113ka p\u0101rvads, radot hidraulisko spiedienu, kas nepiecie\u0161ams, lai virz\u012btu \u0161\u0137idrumu caur sist\u0113mu un uztur\u0113tu optim\u0101lu pl\u016bsmas \u0101trumu. Parasti baro\u0161anas bloks, kas sast\u0101v no motora, s\u016bk\u0146a, rezervu\u0101ra un vad\u012bbas v\u0101rstiem, nodro\u0161ina hidraulisk\u0101 cilindra vienm\u0113r\u012bgu un efekt\u012bvu darb\u012bbu. \u0160\u012b siner\u0123ija starp hidraulisko cilindru un baro\u0161anas bloku ir b\u016btiska hidraulisko sist\u0113mu nevainojamai darb\u012bbai, \u013caujot nozar\u0113m piln\u012bb\u0101 izmantot hidraulisk\u0101s tehnolo\u0123ijas potenci\u0101lu. FMP m\u0113s pied\u0101v\u0101jam ar\u012b augstas kvalit\u0101tes baro\u0161anas blokus p\u0101rdo\u0161anai, \u013caujot m\u016bsu klientiem izveidot piln\u012bb\u0101 integr\u0113tas hidraulisk\u0101s sist\u0113mas, kas piel\u0101gotas vi\u0146u \u012bpa\u0161aj\u0101m darb\u012bbas vajadz\u012bb\u0101m.<\/p>\n<h2>Bie\u017ei uzdotie jaut\u0101jumi<\/h2>\n<ol>\n<li>J: K\u0101ds ir hidraulisk\u0101 cilindra garantijas periods?<br \/>\nA: M\u0113s pied\u0101v\u0101jam viena gada garantiju m\u016bsu hidrauliskajam cilindram.<\/li>\n<li>J: Vai hidraulisko cilindru var piel\u0101got?<br \/>\nA: J\u0101, m\u0113s varam projekt\u0113t un izgatavot hidraulisko cilindru atbilsto\u0161i j\u016bsu \u012bpa\u0161aj\u0101m pras\u012bb\u0101m.<\/li>\n<li>J: K\u0101das nozares var izmantot \u0161o hidraulisko cilindru?<br \/>\nA: Hidraulisko cilindru var izmantot da\u017e\u0101d\u0101s nozar\u0113s, piem\u0113ram, ra\u017eo\u0161anas r\u016bpn\u012bc\u0101s, ma\u0161\u012bnb\u016bves remonta darbn\u012bc\u0101s, saimniec\u012bb\u0101s, ener\u0123\u0113tikas un kalnr\u016bpniec\u012bbas nozar\u0113s.<\/li>\n<\/ol>\n<h3>Par FMP<\/h3>\n<p class=\"break-words\">FMP ir vado\u0161ais It\u0101lijas ra\u017eot\u0101js, kas specializ\u0113jas augstas kvalit\u0101tes hidraulisko cilindru projekt\u0113\u0161an\u0101, izstr\u0101d\u0113 un ra\u017eo\u0161an\u0101. Ar bag\u0101t\u012bgu mantojumu, kas sak\u0146ojas gadu desmitiem ilg\u0101 pieredz\u0113, m\u0113s ar lepnumu apvienojam it\u0101\u013cu meistar\u012bbu ar jaun\u0101kaj\u0101m tehnolo\u0123ij\u0101m, lai nodro\u0161in\u0101tu izcilus hidrauliskos risin\u0101jumus, kas piel\u0101goti m\u016bsu glob\u0101l\u0101 klientu loka da\u017e\u0101daj\u0101m vajadz\u012bb\u0101m. FMP, kas atrodas It\u0101lij\u0101, in\u017eenierijas izcil\u012bbas centr\u0101, ir uzticams v\u0101rds hidraulikas nozar\u0113 un ir ap\u0146\u0113mies nodro\u0161in\u0101t uzticamus, iztur\u012bgus un inovat\u012bvus produktus, kas dod iesp\u0113jas uz\u0146\u0113mumiem vis\u0101 pasaul\u0113.<\/p>\n<p class=\"break-words\">M\u016bsu uz\u0146\u0113mums apvieno lab\u0101k\u0101s progres\u012bv\u0101s ra\u017eo\u0161anas trad\u012bcijas ar t\u0101lredz\u012bgu pieeju. Balstoties uz daudzu gadu pieredzi hidraulisko sist\u0113mu jom\u0101, FMP ir att\u012bst\u012bjies par modernu uz\u0146\u0113mumu, kas izce\u013cas ar izcil\u0101m p\u0113tniec\u012bbas, dizaina un ra\u017eo\u0161anas sp\u0113j\u0101m. M\u0113s specializ\u0113jamies pla\u0161\u0101 hidraulisko cilindru kl\u0101st\u0101, tostarp divk\u0101r\u0161as darb\u012bbas cilindros, automobi\u013cu pacel\u0161anas cilindros, lauksaimniec\u012bbas tehnikas cilindros un piel\u0101gotos risin\u0101jumos da\u017e\u0101diem r\u016bpnieciskiem pielietojumiem. Neatkar\u012bgi no t\u0101, vai tas ir paredz\u0113ts b\u016bvniec\u012bbai, r\u016bpniecisk\u0101m instal\u0101cij\u0101m, lauksaimniec\u012bbai vai smagajai tehnikai, m\u016bsu hidrauliskie cilindri ir rad\u012bti, lai darbotos vissmag\u0101kajos apst\u0101k\u013cos, nodro\u0161inot dro\u0161\u012bbu, efektivit\u0101ti un ilgm\u016b\u017e\u012bbu.<\/p>\n<p><img loading=\"lazy\" decoding=\"async\" class=\"alignnone size-full wp-image-6720\" src=\"https:\/\/fmp-components.com\/wp-content\/uploads\/2025\/03\/hydraulic-cylinder-8.webp\" alt=\"Teleskopiskie hidrauliskie cilindri\" width=\"933\" height=\"526\" title=\"\" srcset=\"https:\/\/fmp-components.com\/wp-content\/uploads\/2025\/03\/hydraulic-cylinder-8.webp 933w, https:\/\/fmp-components.com\/wp-content\/uploads\/2025\/03\/hydraulic-cylinder-8-480x271.webp 480w\" sizes=\"(min-width: 0px) and (max-width: 480px) 480px, (min-width: 481px) 933px, 100vw\" \/><\/p>\n<p class=\"break-words\">Uz\u0146\u0113mum\u0101 FMP m\u0113s lepojamies ar sav\u0101m modern\u0101kaj\u0101m ra\u017eo\u0161anas iek\u0101rt\u0101m, kas apr\u012bkotas ar prec\u012bzijas iek\u0101rt\u0101m un modern\u0101m test\u0113\u0161anas sist\u0113m\u0101m. M\u016bsu ra\u017eo\u0161anas procesi atbilst stingriem valsts un starptautiskajiem standartiem, nodro\u0161inot, ka katrs hidrauliskais cilindrs, kas atst\u0101j m\u016bsu r\u016bpn\u012bcu, ir augst\u0101k\u0101s kvalit\u0101tes un uzticam\u012bbas. M\u016bsu prasm\u012bg\u0101 tehnisk\u0101 komanda apvienojum\u0101 ar modern\u0101ko apr\u012bkojumu \u013cauj mums uztur\u0113t stingru kvalit\u0101tes kontroli katr\u0101 ra\u017eo\u0161anas posm\u0101 \u2014 s\u0101kot no izejvielu izv\u0113les l\u012bdz gal\u012bgajai p\u0101rbaudei. \u0160\u012b ap\u0146em\u0161an\u0101s sasniegt izcil\u012bbu ir nodro\u0161in\u0101jusi mums sertifik\u0101tus un atzin\u012bbu no nozares iest\u0101d\u0113m, v\u0113l vair\u0101k nostiprinot m\u016bsu reput\u0101ciju k\u0101 uzticamam partnerim.<\/p>\n<p class=\"break-words\">M\u016bsu misija ir vienk\u0101r\u0161a, tom\u0113r ambicioza: nodro\u0161in\u0101t m\u016bsu klientus ar hidrauliskajiem cilindriem, kas p\u0101rsniedz cer\u012bbas attiec\u012bb\u0101 uz veiktsp\u0113ju, iztur\u012bbu un v\u0113rt\u012bbu. M\u0113s darbojamies, iev\u0113rojot profesionalit\u0101tes, godpr\u0101t\u012bbas un klientu apkalpo\u0161anas pamatprincipus. Veicinot inov\u0101ciju un precizit\u0101tes kult\u016bru, m\u0113s nep\u0101rtraukti pilnveidojam savus produktus, lai saglab\u0101tu l\u012bderpoz\u012bcijas konkur\u0113tsp\u0113j\u012bg\u0101 tirg\u016b. M\u016bsu pla\u0161ais produktu kl\u0101sts un sp\u0113ja pied\u0101v\u0101t piel\u0101gotus risin\u0101jumus padara m\u016bs par lab\u0101ko izv\u0113li uz\u0146\u0113mumiem, kas mekl\u0113 augstas veiktsp\u0113jas hidrauliskos cilindrus.<\/p>\n<p class=\"break-words\">FMP ir vair\u0101k nek\u0101 tikai ra\u017eot\u0101js \u2014 m\u0113s esam partneris j\u016bsu pan\u0101kumos. M\u0113s saprotam, ka m\u016bsu klienti pa\u013caujas uz mums, lai pieg\u0101d\u0101tu instrumentus, kas uzlabo vi\u0146u produktivit\u0101ti un dro\u0161\u012bbu. T\u0101p\u0113c m\u0113s esam ap\u0146\u0113mu\u0161ies pied\u0101v\u0101t ne tikai augst\u0101k\u0101s klases produktus, bet ar\u012b izcilu servisu. S\u0101kot ar s\u0101kotn\u0113jo konsult\u0101ciju un beidzot ar p\u0113cp\u0101rdo\u0161anas atbalstu, m\u0113s cie\u0161i sadarbojamies ar saviem klientiem, lai nodro\u0161in\u0101tu, ka vi\u0146u vajadz\u012bbas tiek apmierin\u0101tas ar profesionalit\u0101ti un r\u016bp\u012bbu. M\u016bsu konkur\u0113tsp\u0113j\u012bg\u0101s cenas apvienojum\u0101 ar nelok\u0101mo ap\u0146em\u0161anos nodro\u0161in\u0101t kvalit\u0101ti padara FMP par gudru izv\u0113li uz\u0146\u0113mumiem, kas v\u0113las ieguld\u012bt l\u012bdzek\u013cus uzticamos hidrauliskajos risin\u0101jumos.<\/p>","protected":false},"excerpt":{"rendered":"<p>Italy Manufacture Telescopic \/Multi Stages Hydraulic Cylinder For Dump Truck \/Trailer and Tipper Truck From FMP FMP brings you the most efficient and powerful Telescopic\/Multi Stages Hydraulic Cylinder, a perfect solution for dump truck, trailer, and tipper truck. This industry-grade hydraulic cylinder is designed to provide unmatched performance and sturdiness. It&#8217;s a new product of [&hellip;]<\/p>","protected":false},"featured_media":6707,"comment_status":"closed","ping_status":"closed","template":"","meta":{"_et_pb_use_builder":"","_et_pb_old_content":"","_et_gb_content_width":""},"product_brand":[],"product_cat":[103],"product_tag":[34,105],"class_list":{"0":"post-6597","1":"product","2":"type-product","3":"status-publish","4":"has-post-thumbnail","6":"product_cat-telescopic-hydraulic-cylinders","7":"product_tag-hydraulic-cylinder","8":"product_tag-telescopic-hydraulic-cylinders","10":"first","11":"instock","12":"product-type-simple"},"_links":{"self":[{"href":"https:\/\/fmp-components.com\/lv\/wp-json\/wp\/v2\/product\/6597","targetHints":{"allow":["GET"]}}],"collection":[{"href":"https:\/\/fmp-components.com\/lv\/wp-json\/wp\/v2\/product"}],"about":[{"href":"https:\/\/fmp-components.com\/lv\/wp-json\/wp\/v2\/types\/product"}],"replies":[{"embeddable":true,"href":"https:\/\/fmp-components.com\/lv\/wp-json\/wp\/v2\/comments?post=6597"}],"wp:featuredmedia":[{"embeddable":true,"href":"https:\/\/fmp-components.com\/lv\/wp-json\/wp\/v2\/media\/6707"}],"wp:attachment":[{"href":"https:\/\/fmp-components.com\/lv\/wp-json\/wp\/v2\/media?parent=6597"}],"wp:term":[{"taxonomy":"product_brand","embeddable":true,"href":"https:\/\/fmp-components.com\/lv\/wp-json\/wp\/v2\/product_brand?post=6597"},{"taxonomy":"product_cat","embeddable":true,"href":"https:\/\/fmp-components.com\/lv\/wp-json\/wp\/v2\/product_cat?post=6597"},{"taxonomy":"product_tag","embeddable":true,"href":"https:\/\/fmp-components.com\/lv\/wp-json\/wp\/v2\/product_tag?post=6597"}],"curies":[{"name":"wp","href":"https:\/\/api.w.org\/{rel}","templated":true}]}}