{"id":6596,"date":"2025-03-11T06:32:38","date_gmt":"2025-03-11T06:32:38","guid":{"rendered":"https:\/\/fmp-components.com\/product\/high-quality-italy-manufacture-direct-seal-multi-stages-hydraulic-cylinder-for-dump-truck-industry-and-agriculture"},"modified":"2025-03-17T08:47:26","modified_gmt":"2025-03-17T08:47:26","slug":"high-quality-italy-manufacture-direct-seal-multi-stages-hydraulic-cylinder-for-dump-truck-industry-and-agriculture","status":"publish","type":"product","link":"https:\/\/fmp-components.com\/lv\/product\/high-quality-italy-manufacture-direct-seal-multi-stages-hydraulic-cylinder-for-dump-truck-industry-and-agriculture\/","title":{"rendered":"Augstas kvalit\u0101tes It\u0101lijas ra\u017eots tie\u0161\u0101s bl\u012bv\u0113\u0161anas daudzpak\u0101pju hidrauliskais cilindrs pa\u0161izg\u0101z\u0113ju r\u016bpniec\u012bbai un lauksaimniec\u012bbai"},"content":{"rendered":"<h2>Augstas kvalit\u0101tes It\u0101lijas ra\u017eots tie\u0161\u0101s bl\u012bv\u0113\u0161anas daudzpak\u0101pju hidrauliskais cilindrs pa\u0161izg\u0101z\u0113ju r\u016bpniec\u012bbai un lauksaimniec\u012bbai<\/h2>\n<p>Daudzpak\u0101pju hidrauliskais cilindrs ir augst\u0101k\u0101s kvalit\u0101tes produkts, kas ir tie\u0161i no FMP, cien\u012bjama ra\u017eo\u0161anas uz\u0146\u0113muma, kas atrodas It\u0101lijas pils\u0113t\u0101. FMP ir nozar\u0113 atz\u012bts v\u0101rds, kas ra\u017eo augst\u0101k\u0101s klases hidrauliskos cilindrus izmanto\u0161anai pa\u0161izg\u0101z\u0113jos, lauksaimniec\u012bb\u0101 un cit\u0101s nozar\u0113s.<\/p>\n<h3>Funkcijas un funkcijas<\/h3>\n<p>\u0160is hidrauliskais cilindrs ir izstr\u0101d\u0101ts, lai darbotos vair\u0101kos posmos, padarot to par daudzpus\u012bgu un efekt\u012bvu instrumentu neskait\u0101miem pielietojumiem. Tas ir izstr\u0101d\u0101ts ar virzu\u013ccilindra strukt\u016bru, un darbojas, izmantojot hidraulisko ener\u0123iju. \u0160\u012b produkta galven\u0101s sast\u0101vda\u013cas ir cilindrs, virzulis un bl\u012bv\u0113juma komplekts. \u0160\u012bs sast\u0101vda\u013cas ir ievietotas iztur\u012bg\u0101 t\u0113rauda korpus\u0101, nodro\u0161inot produkta iztur\u012bbu.<\/p>\n<p><img loading=\"lazy\" decoding=\"async\" class=\"alignnone wp-image-6662\" src=\"https:\/\/fmp-components.com\/wp-content\/uploads\/2025\/03\/telescopic-hydraulic-cylinder-4.webp\" alt=\"teleskopiskais hidrauliskais cilindrs\" width=\"928\" height=\"928\" title=\"\" srcset=\"https:\/\/fmp-components.com\/wp-content\/uploads\/2025\/03\/telescopic-hydraulic-cylinder-4.webp 928w, https:\/\/fmp-components.com\/wp-content\/uploads\/2025\/03\/telescopic-hydraulic-cylinder-4-480x480.webp 480w\" sizes=\"(min-width: 0px) and (max-width: 480px) 480px, (min-width: 481px) 928px, 100vw\" \/><\/p>\n<h3>Produkta specifik\u0101cijas<\/h3>\n<ul>\n<li>Maksim\u0101l\u0101 vilce: 3000<\/li>\n<li>Tips: Daudzpak\u0101pju hidrauliskais cilindrs<\/li>\n<li>Urbuma izm\u0113rs: atbilsto\u0161i j\u016bsu pras\u012bb\u0101m<\/li>\n<li>Maksim\u0101l\u0101 vilkme: 600<\/li>\n<li>Sertifik\u0101cija: ISO9001:2000<\/li>\n<li>\u0160\u0137idrums: e\u013c\u013ca<\/li>\n<li>Cilindra diametrs: 20 ~ 250 mm<\/li>\n<li>St\u0101voklis: Jauns<\/li>\n<li>Garantija: 1 gads<\/li>\n<\/ul>\n<table style=\"width: 91.9676%;\" border=\"\">\n<tbody>\n<tr>\n<td style=\"width: 42.3729%;\">Urbuma izm\u0113rs<\/td>\n<td style=\"width: 426.554%;\">2,5\u201312 collas<\/td>\n<\/tr>\n<tr>\n<td style=\"width: 42.3729%;\">Stie\u0146a izm\u0113rs<\/td>\n<td style=\"width: 426.554%;\">1,8\u201310 collas<\/td>\n<\/tr>\n<tr>\n<td style=\"width: 42.3729%;\">Trieciena izm\u0113rs<\/td>\n<td style=\"width: 426.554%;\">20\u2013120 collas<\/td>\n<\/tr>\n<tr>\n<td style=\"width: 42.3729%;\">Ostas<\/td>\n<td style=\"width: 426.554%;\">G\/SAE\/NPT\/M<\/td>\n<\/tr>\n<\/tbody>\n<\/table>\n<h3>Par FMP<\/h3>\n<p class=\"break-words\">FMP ir vado\u0161ais It\u0101lijas ra\u017eot\u0101js, kas specializ\u0113jas augstas kvalit\u0101tes hidraulisko cilindru projekt\u0113\u0161an\u0101, izstr\u0101d\u0113 un ra\u017eo\u0161an\u0101. Ar bag\u0101t\u012bgu mantojumu, kas sak\u0146ojas gadu desmitiem ilg\u0101 pieredz\u0113, m\u0113s ar lepnumu apvienojam it\u0101\u013cu meistar\u012bbu ar jaun\u0101kaj\u0101m tehnolo\u0123ij\u0101m, lai nodro\u0161in\u0101tu izcilus hidrauliskos risin\u0101jumus, kas piel\u0101goti m\u016bsu glob\u0101l\u0101 klientu loka da\u017e\u0101daj\u0101m vajadz\u012bb\u0101m. FMP, kas atrodas It\u0101lij\u0101, in\u017eenierijas izcil\u012bbas centr\u0101, ir uzticams v\u0101rds hidraulikas nozar\u0113 un ir ap\u0146\u0113mies nodro\u0161in\u0101t uzticamus, iztur\u012bgus un inovat\u012bvus produktus, kas dod iesp\u0113jas uz\u0146\u0113mumiem vis\u0101 pasaul\u0113.<\/p>\n<p class=\"break-words\">M\u016bsu uz\u0146\u0113mums apvieno lab\u0101k\u0101s progres\u012bv\u0101s ra\u017eo\u0161anas trad\u012bcijas ar t\u0101lredz\u012bgu pieeju. Balstoties uz daudzu gadu pieredzi hidraulisko sist\u0113mu jom\u0101, FMP ir att\u012bst\u012bjies par modernu uz\u0146\u0113mumu, kas izce\u013cas ar izcil\u0101m p\u0113tniec\u012bbas, dizaina un ra\u017eo\u0161anas sp\u0113j\u0101m. M\u0113s specializ\u0113jamies pla\u0161\u0101 hidraulisko cilindru kl\u0101st\u0101, tostarp divk\u0101r\u0161as darb\u012bbas cilindros, automobi\u013cu pacel\u0161anas cilindros, lauksaimniec\u012bbas tehnikas cilindros un piel\u0101gotos risin\u0101jumos da\u017e\u0101diem r\u016bpnieciskiem pielietojumiem. Neatkar\u012bgi no t\u0101, vai tas ir paredz\u0113ts b\u016bvniec\u012bbai, r\u016bpniecisk\u0101m instal\u0101cij\u0101m, lauksaimniec\u012bbai vai smagajai tehnikai, m\u016bsu hidrauliskie cilindri ir rad\u012bti, lai darbotos vissmag\u0101kajos apst\u0101k\u013cos, nodro\u0161inot dro\u0161\u012bbu, efektivit\u0101ti un ilgm\u016b\u017e\u012bbu.<\/p>\n<p><img loading=\"lazy\" decoding=\"async\" class=\"alignnone size-full wp-image-6720\" src=\"https:\/\/fmp-components.com\/wp-content\/uploads\/2025\/03\/hydraulic-cylinder-8.webp\" alt=\"Teleskopiskie hidrauliskie cilindri\" width=\"933\" height=\"526\" title=\"\" srcset=\"https:\/\/fmp-components.com\/wp-content\/uploads\/2025\/03\/hydraulic-cylinder-8.webp 933w, https:\/\/fmp-components.com\/wp-content\/uploads\/2025\/03\/hydraulic-cylinder-8-480x271.webp 480w\" sizes=\"(min-width: 0px) and (max-width: 480px) 480px, (min-width: 481px) 933px, 100vw\" \/><\/p>\n<p class=\"break-words\">Uz\u0146\u0113mum\u0101 FMP m\u0113s lepojamies ar sav\u0101m modern\u0101kaj\u0101m ra\u017eo\u0161anas iek\u0101rt\u0101m, kas apr\u012bkotas ar prec\u012bzijas iek\u0101rt\u0101m un modern\u0101m test\u0113\u0161anas sist\u0113m\u0101m. M\u016bsu ra\u017eo\u0161anas procesi atbilst stingriem valsts un starptautiskajiem standartiem, nodro\u0161inot, ka katrs hidrauliskais cilindrs, kas atst\u0101j m\u016bsu r\u016bpn\u012bcu, ir augst\u0101k\u0101s kvalit\u0101tes un uzticam\u012bbas. M\u016bsu prasm\u012bg\u0101 tehnisk\u0101 komanda apvienojum\u0101 ar modern\u0101ko apr\u012bkojumu \u013cauj mums uztur\u0113t stingru kvalit\u0101tes kontroli katr\u0101 ra\u017eo\u0161anas posm\u0101 \u2014 s\u0101kot no izejvielu izv\u0113les l\u012bdz gal\u012bgajai p\u0101rbaudei. \u0160\u012b ap\u0146em\u0161an\u0101s sasniegt izcil\u012bbu ir nodro\u0161in\u0101jusi mums sertifik\u0101tus un atzin\u012bbu no nozares iest\u0101d\u0113m, v\u0113l vair\u0101k nostiprinot m\u016bsu reput\u0101ciju k\u0101 uzticamam partnerim.<\/p>\n<p class=\"break-words\">M\u016bsu misija ir vienk\u0101r\u0161a, tom\u0113r ambicioza: nodro\u0161in\u0101t m\u016bsu klientus ar hidrauliskajiem cilindriem, kas p\u0101rsniedz cer\u012bbas attiec\u012bb\u0101 uz veiktsp\u0113ju, iztur\u012bbu un v\u0113rt\u012bbu. M\u0113s darbojamies, iev\u0113rojot profesionalit\u0101tes, godpr\u0101t\u012bbas un klientu apkalpo\u0161anas pamatprincipus. Veicinot inov\u0101ciju un precizit\u0101tes kult\u016bru, m\u0113s nep\u0101rtraukti pilnveidojam savus produktus, lai saglab\u0101tu l\u012bderpoz\u012bcijas konkur\u0113tsp\u0113j\u012bg\u0101 tirg\u016b. M\u016bsu pla\u0161ais produktu kl\u0101sts un sp\u0113ja pied\u0101v\u0101t piel\u0101gotus risin\u0101jumus padara m\u016bs par lab\u0101ko izv\u0113li uz\u0146\u0113mumiem, kas mekl\u0113 augstas veiktsp\u0113jas hidrauliskos cilindrus.<\/p>\n<p class=\"break-words\">FMP ir vair\u0101k nek\u0101 tikai ra\u017eot\u0101js \u2014 m\u0113s esam partneris j\u016bsu pan\u0101kumos. M\u0113s saprotam, ka m\u016bsu klienti pa\u013caujas uz mums, lai pieg\u0101d\u0101tu instrumentus, kas uzlabo vi\u0146u produktivit\u0101ti un dro\u0161\u012bbu. T\u0101p\u0113c m\u0113s esam ap\u0146\u0113mu\u0161ies pied\u0101v\u0101t ne tikai augst\u0101k\u0101s klases produktus, bet ar\u012b izcilu servisu. S\u0101kot ar s\u0101kotn\u0113jo konsult\u0101ciju un beidzot ar p\u0113cp\u0101rdo\u0161anas atbalstu, m\u0113s cie\u0161i sadarbojamies ar saviem klientiem, lai nodro\u0161in\u0101tu, ka vi\u0146u vajadz\u012bbas tiek apmierin\u0101tas ar profesionalit\u0101ti un r\u016bp\u012bbu. M\u016bsu konkur\u0113tsp\u0113j\u012bg\u0101s cenas apvienojum\u0101 ar nelok\u0101mo ap\u0146em\u0161anos nodro\u0161in\u0101t kvalit\u0101ti padara FMP par gudru izv\u0113li uz\u0146\u0113mumiem, kas v\u0113las ieguld\u012bt l\u012bdzek\u013cus uzticamos hidrauliskajos risin\u0101jumos.<\/p>\n<h3>Bie\u017ei uzdotie jaut\u0101jumi<\/h3>\n<h4>J: K\u0101da ir \u0161\u012b produkta garantija?<\/h4>\n<p>A: Produktam ir 1 gada garantija.<\/p>\n<h4>J: Vai hidraulisk\u0101 cilindra urbuma izm\u0113ru var piel\u0101got?<\/h4>\n<p>A: J\u0101, urbuma izm\u0113ru var piel\u0101got atbilsto\u0161i j\u016bsu pras\u012bb\u0101m.<\/p>\n<h4>J: K\u0101das nozares var izmantot \u0161o hidraulisko cilindru?<\/h4>\n<p>A: \u0160o hidraulisko cilindru var izmantot ra\u017eo\u0161anas r\u016bpn\u012bc\u0101s, ma\u0161\u012bnb\u016bves remonta darbn\u012bc\u0101s, saimniec\u012bb\u0101s, ener\u0123\u0113tikas un kalnr\u016bpniec\u012bbas nozar\u0113s, rekl\u0101mas uz\u0146\u0113mumos un citur.<\/p>","protected":false},"excerpt":{"rendered":"<p>High Quality Italy Manufacture Direct Seal Multi Stages Hydraulic Cylinder for Dump Truck Industry and Agriculture The multi-stages hydraulic cylinder is a product of superior quality that is direct from FMP, an esteemed manufacturing company based in Italy City. FMP is a renowned name in the industry that produces top-notch hydraulic cylinders for use in [&hellip;]<\/p>","protected":false},"featured_media":6706,"comment_status":"closed","ping_status":"closed","template":"","meta":{"_et_pb_use_builder":"","_et_pb_old_content":"","_et_gb_content_width":""},"product_brand":[],"product_cat":[103],"product_tag":[34,105],"class_list":{"0":"post-6596","1":"product","2":"type-product","3":"status-publish","4":"has-post-thumbnail","6":"product_cat-telescopic-hydraulic-cylinders","7":"product_tag-hydraulic-cylinder","8":"product_tag-telescopic-hydraulic-cylinders","10":"first","11":"instock","12":"product-type-simple"},"_links":{"self":[{"href":"https:\/\/fmp-components.com\/lv\/wp-json\/wp\/v2\/product\/6596","targetHints":{"allow":["GET"]}}],"collection":[{"href":"https:\/\/fmp-components.com\/lv\/wp-json\/wp\/v2\/product"}],"about":[{"href":"https:\/\/fmp-components.com\/lv\/wp-json\/wp\/v2\/types\/product"}],"replies":[{"embeddable":true,"href":"https:\/\/fmp-components.com\/lv\/wp-json\/wp\/v2\/comments?post=6596"}],"wp:featuredmedia":[{"embeddable":true,"href":"https:\/\/fmp-components.com\/lv\/wp-json\/wp\/v2\/media\/6706"}],"wp:attachment":[{"href":"https:\/\/fmp-components.com\/lv\/wp-json\/wp\/v2\/media?parent=6596"}],"wp:term":[{"taxonomy":"product_brand","embeddable":true,"href":"https:\/\/fmp-components.com\/lv\/wp-json\/wp\/v2\/product_brand?post=6596"},{"taxonomy":"product_cat","embeddable":true,"href":"https:\/\/fmp-components.com\/lv\/wp-json\/wp\/v2\/product_cat?post=6596"},{"taxonomy":"product_tag","embeddable":true,"href":"https:\/\/fmp-components.com\/lv\/wp-json\/wp\/v2\/product_tag?post=6596"}],"curies":[{"name":"wp","href":"https:\/\/api.w.org\/{rel}","templated":true}]}}