{"id":6594,"date":"2025-03-11T06:32:38","date_gmt":"2025-03-11T06:32:38","guid":{"rendered":"https:\/\/fmp-components.com\/product\/good-quality-stainless-steel-multistage-hydraulic-cylinder-for-dump-trailer"},"modified":"2025-03-12T02:43:38","modified_gmt":"2025-03-12T02:43:38","slug":"good-quality-stainless-steel-multistage-hydraulic-cylinder-for-dump-trailer","status":"publish","type":"product","link":"https:\/\/fmp-components.com\/lv\/product\/good-quality-stainless-steel-multistage-hydraulic-cylinder-for-dump-trailer\/","title":{"rendered":"Labas kvalit\u0101tes ner\u016bs\u0113jo\u0161\u0101 t\u0113rauda daudzpak\u0101pju hidrauliskais cilindrs pa\u0161izg\u0101z\u0113ja piekabei"},"content":{"rendered":"<h2>Labas kvalit\u0101tes ner\u016bs\u0113jo\u0161\u0101 t\u0113rauda daudzpak\u0101pju hidrauliskais cilindrs pa\u0161izg\u0101z\u0113ja piekabei<\/h2>\n<p>M\u016bsu ner\u016bs\u0113jo\u0161\u0101 t\u0113rauda daudzpak\u0101pju hidrauliskie cilindri ir izstr\u0101d\u0101ti, koncentr\u0113joties uz kvalit\u0101ti un veiktsp\u0113ju. \u0160ie hidrauliskie cilindri, kas izgatavoti no iztur\u012bga un ilgm\u016b\u017e\u012bga ner\u016bs\u0113jo\u0161\u0101 t\u0113rauda, \u200b\u200bir ide\u0101li piem\u0113roti pa\u0161izg\u0101z\u0113ju piekab\u0113m, pied\u0101v\u0101jot augstu efektivit\u0101ti un uzticam\u012bbu da\u017e\u0101d\u0101m nozar\u0113m, tostarp tehnikas remonta darbn\u012bc\u0101m, saimniec\u012bb\u0101m, ener\u0123\u0113tikas un ieguves r\u016bpniec\u012bbai, tehnikas ra\u017eo\u0161anai un tehnikas r\u016bpn\u012bc\u0101m.<\/p>\n<h3>Funkcijas un specifik\u0101cijas<\/h3>\n<table style=\"width: 94.7139%;\" border=\"\">\n<tbody>\n<tr>\n<th style=\"width: 43.5028%;\">Urbuma izm\u0113rs<\/th>\n<td style=\"width: 457.062%;\">2\u20136 collas<\/td>\n<\/tr>\n<tr>\n<th style=\"width: 43.5028%;\">Stie\u0146a izm\u0113rs<\/th>\n<td style=\"width: 457.062%;\">1,125\u20134 collas<\/td>\n<\/tr>\n<tr>\n<th style=\"width: 43.5028%;\">Trieciena izm\u0113rs<\/th>\n<td style=\"width: 457.062%;\">4\u2013100 collas<\/td>\n<\/tr>\n<tr>\n<th style=\"width: 43.5028%;\">Tapas izm\u0113rs<\/th>\n<td style=\"width: 457.062%;\">0,5\u20132 collas<\/td>\n<\/tr>\n<tr>\n<th style=\"width: 43.5028%;\">Ostas<\/th>\n<td style=\"width: 457.062%;\">G\/SAE\/NPT\/M<\/td>\n<\/tr>\n<\/tbody>\n<\/table>\n<h3>Unik\u0101las \u012bpa\u0161\u012bbas un priek\u0161roc\u012bbas<\/h3>\n<ul>\n<li>Energoefekt\u012bvs: M\u016bsu cilindri ir izstr\u0101d\u0101ti, lai maksim\u0101li palielin\u0101tu jaudu, vienlaikus samazinot ener\u0123ijas pat\u0113ri\u0146u.<\/li>\n<li>Augsta veiktsp\u0113ja: Ar maksim\u0101lo vilci 3000 tonnu un maksim\u0101lo vilkmi 20 tonnu, \u0161ie cilindri sola izcilu veiktsp\u0113ju.<\/li>\n<li>Dro\u0161\u012bba: Sertific\u0113ti ar ISO9001:2000, \u0161ie cilindri atbilst starptautiskajiem dro\u0161\u012bbas standartiem un ir uzticami lieljaudas oper\u0101cij\u0101m.<\/li>\n<\/ul>\n<h2>Hidraulisk\u0101s sist\u0113mas un darb\u012bbas principa izpratne<\/h2>\n<p>Hidraulisk\u0101s sist\u0113mas darbojas, pamatojoties uz pamatprincipu par jaudas p\u0101rraidi, izmantojot sl\u0113gta \u0161\u0137idruma spiedienu. \u0160\u012b inovat\u012bv\u0101 pieeja \u013cauj hidrauliskajiem cilindriem efekt\u012bvi rad\u012bt line\u0101ru kust\u012bbu un iev\u0113rojamu sp\u0113ku. Kad hidrauliskais \u0161\u0137idrums tiek pak\u013cauts spiedienam sl\u0113gt\u0101 telp\u0101, tas rada sp\u0113ku, ko var novirz\u012bt konkr\u0113tu uzdevumu veik\u0161anai. \u0160is princips \u013cauj hidrauliskajiem cilindriem veikt smagus darbus ar iev\u0113rojamu precizit\u0101ti un kontroli, padarot tos par neaizst\u0101jamiem instrumentiem daudz\u0101s nozar\u0113s.<\/p>\n<p>Hidraulisko sist\u0113mu efektivit\u0101te sl\u0113pjas to sp\u0113j\u0101 izmantot \u0161\u0137idruma sp\u0113ku, \u013caujot veikt sp\u0113c\u012bgas kust\u012bbas bez p\u0101rm\u0113r\u012bga fiziska sp\u0113ka pielieto\u0161anas. Kad hidrauliskais \u0161\u0137idrums tiek ies\u016bkn\u0113ts cilindr\u0101, tas rada spiedienu uz virzuli, kas p\u0113c tam p\u0101rv\u0113r\u0161 \u0161o spiedienu line\u0101r\u0101 kust\u012bb\u0101. \u0160\u012b sp\u0113ja ir b\u016btiska da\u017e\u0101diem lietojumiem, kuros nepiecie\u0161ama smagu priek\u0161metu cel\u0161ana, stum\u0161ana vai vilk\u0161ana, un t\u0101 nodro\u0161ina, ka uzdevumus var veikt \u0101tri un prec\u012bzi.<\/p>\n<p><img loading=\"lazy\" decoding=\"async\" class=\"alignnone  wp-image-6717\" src=\"https:\/\/fmp-components.com\/wp-content\/uploads\/2025\/03\/hydraulic-cylinder-211.webp\" alt=\"Hidrauliskie cilindri\" width=\"925\" height=\"927\" title=\"\" srcset=\"https:\/\/fmp-components.com\/wp-content\/uploads\/2025\/03\/hydraulic-cylinder-211.webp 925w, https:\/\/fmp-components.com\/wp-content\/uploads\/2025\/03\/hydraulic-cylinder-211-480x481.webp 480w\" sizes=\"(min-width: 0px) and (max-width: 480px) 480px, (min-width: 481px) 925px, 100vw\" \/><\/p>\n<h3>Hidraulisk\u0101 cilindra pielietojums<\/h3>\n<p>M\u016bsu hidrauliskie cilindri ir \u012bpa\u0161i piem\u0113roti izmanto\u0161anai pa\u0161izg\u0101z\u0113ju piekab\u0113s, kur tie nodro\u0161ina nepiecie\u0161amo jaudu un vad\u012bbu, lai efekt\u012bvi apstr\u0101d\u0101tu smagas kravas. \u0160ajos pielietojumos cilindri atvieglo izg\u0101\u0161anas meh\u0101nisma darb\u012bbu, \u013caujot efekt\u012bvi izkraut t\u0101dus materi\u0101lus k\u0101 grants, smiltis vai gru\u017eus. \u0160\u012b iesp\u0113ja ne tikai uzlabo produktivit\u0101ti, bet ar\u012b nodro\u0161ina dro\u0161u un uzticamu darb\u012bbu.<\/p>\n<p>Papildus pa\u0161izg\u0101z\u0113ju piekab\u0113m hidrauliskie cilindri tiek pla\u0161i izmantoti ar\u012b da\u017e\u0101d\u0101s cit\u0101s nozar\u0113s. Ma\u0161\u012bnu remonta darbn\u012bc\u0101s tie pal\u012bdz pacelt un novietot smago apr\u012bkojumu apkopei. Lauksaimniec\u012bb\u0101 hidrauliskos cilindrus izmanto traktoros un cit\u0101s lauksaimniec\u012bbas ma\u0161\u012bn\u0101s, lai veiktu t\u0101dus uzdevumus k\u0101 arklu un citu instrumentu pacel\u0161ana. Ar\u012b ener\u0123\u0113tikas un kalnr\u016bpniec\u012bbas nozar\u0113s hidrauliskie cilindri tiek izmantoti urb\u0161anas, rak\u0161anas un materi\u0101lu apstr\u0101des iek\u0101rt\u0101s. Turkl\u0101t ma\u0161\u012bnb\u016bv\u0113 hidrauliskajiem cilindriem ir iz\u0161\u0137iro\u0161a noz\u012bme mont\u0101\u017eas l\u012bnij\u0101s un ra\u017eo\u0161anas procesos, nodro\u0161inot prec\u012bzas kust\u012bbas un smagu kravu cel\u0161anu.<\/p>\n<p><img loading=\"lazy\" decoding=\"async\" class=\"alignnone  wp-image-6665\" src=\"https:\/\/fmp-components.com\/wp-content\/uploads\/2025\/03\/telescopic-hydraulic-cylinder-9.webp\" alt=\"teleskopiskais hidrauliskais cilindrs\" width=\"942\" height=\"942\" title=\"\" srcset=\"https:\/\/fmp-components.com\/wp-content\/uploads\/2025\/03\/telescopic-hydraulic-cylinder-9.webp 942w, https:\/\/fmp-components.com\/wp-content\/uploads\/2025\/03\/telescopic-hydraulic-cylinder-9-480x480.webp 480w\" sizes=\"(min-width: 0px) and (max-width: 480px) 480px, (min-width: 481px) 942px, 100vw\" \/><\/p>\n<h2>Hidrauliskie cilindri un sp\u0113ka agreg\u0101ti<\/h2>\n<p>Hidrauliskie cilindri un sp\u0113ka agreg\u0101ti ir neat\u0146emamas jebkuras hidraulisk\u0101s sist\u0113mas sast\u0101vda\u013cas. Tie darbojas kop\u0101, lai nodro\u0161in\u0101tu pla\u0161u hidraulisk\u0101s tehnolo\u0123ijas pielietojumu r\u016bpniec\u012bbas sektor\u0101, nodro\u0161inot uzticamu jaudas un vad\u012bbas atbalstu da\u017e\u0101d\u0101m in\u017eeniertehnisk\u0101m un meh\u0101nisk\u0101m iek\u0101rt\u0101m.<\/p>\n<h3>Par FMP<\/h3>\n<p class=\"break-words\">FMP ir vado\u0161ais It\u0101lijas ra\u017eot\u0101js, kas specializ\u0113jas augstas kvalit\u0101tes hidraulisko cilindru projekt\u0113\u0161an\u0101, izstr\u0101d\u0113 un ra\u017eo\u0161an\u0101. Ar bag\u0101t\u012bgu mantojumu, kas sak\u0146ojas gadu desmitiem ilg\u0101 pieredz\u0113, m\u0113s ar lepnumu apvienojam it\u0101\u013cu meistar\u012bbu ar jaun\u0101kaj\u0101m tehnolo\u0123ij\u0101m, lai nodro\u0161in\u0101tu izcilus hidrauliskos risin\u0101jumus, kas piel\u0101goti m\u016bsu glob\u0101l\u0101 klientu loka da\u017e\u0101daj\u0101m vajadz\u012bb\u0101m. FMP, kas atrodas It\u0101lij\u0101, in\u017eenierijas izcil\u012bbas centr\u0101, ir uzticams v\u0101rds hidraulikas nozar\u0113 un ir ap\u0146\u0113mies nodro\u0161in\u0101t uzticamus, iztur\u012bgus un inovat\u012bvus produktus, kas dod iesp\u0113jas uz\u0146\u0113mumiem vis\u0101 pasaul\u0113.<\/p>\n<p class=\"break-words\">M\u016bsu uz\u0146\u0113mums apvieno lab\u0101k\u0101s progres\u012bv\u0101s ra\u017eo\u0161anas trad\u012bcijas ar t\u0101lredz\u012bgu pieeju. Balstoties uz daudzu gadu pieredzi hidraulisko sist\u0113mu jom\u0101, FMP ir att\u012bst\u012bjies par modernu uz\u0146\u0113mumu, kas izce\u013cas ar izcil\u0101m p\u0113tniec\u012bbas, dizaina un ra\u017eo\u0161anas sp\u0113j\u0101m. M\u0113s specializ\u0113jamies pla\u0161\u0101 hidraulisko cilindru kl\u0101st\u0101, tostarp divk\u0101r\u0161as darb\u012bbas cilindros, automobi\u013cu pacel\u0161anas cilindros, lauksaimniec\u012bbas tehnikas cilindros un piel\u0101gotos risin\u0101jumos da\u017e\u0101diem r\u016bpnieciskiem pielietojumiem. Neatkar\u012bgi no t\u0101, vai tas ir paredz\u0113ts b\u016bvniec\u012bbai, r\u016bpniecisk\u0101m instal\u0101cij\u0101m, lauksaimniec\u012bbai vai smagajai tehnikai, m\u016bsu hidrauliskie cilindri ir rad\u012bti, lai darbotos vissmag\u0101kajos apst\u0101k\u013cos, nodro\u0161inot dro\u0161\u012bbu, efektivit\u0101ti un ilgm\u016b\u017e\u012bbu.<\/p>\n<p><img loading=\"lazy\" decoding=\"async\" class=\"alignnone size-full wp-image-6720\" src=\"https:\/\/fmp-components.com\/wp-content\/uploads\/2025\/03\/hydraulic-cylinder-8.webp\" alt=\"Teleskopiskie hidrauliskie cilindri\" width=\"933\" height=\"526\" title=\"\" srcset=\"https:\/\/fmp-components.com\/wp-content\/uploads\/2025\/03\/hydraulic-cylinder-8.webp 933w, https:\/\/fmp-components.com\/wp-content\/uploads\/2025\/03\/hydraulic-cylinder-8-480x271.webp 480w\" sizes=\"(min-width: 0px) and (max-width: 480px) 480px, (min-width: 481px) 933px, 100vw\" \/><\/p>\n<p class=\"break-words\">Uz\u0146\u0113mum\u0101 FMP m\u0113s lepojamies ar sav\u0101m modern\u0101kaj\u0101m ra\u017eo\u0161anas iek\u0101rt\u0101m, kas apr\u012bkotas ar prec\u012bzijas iek\u0101rt\u0101m un modern\u0101m test\u0113\u0161anas sist\u0113m\u0101m. M\u016bsu ra\u017eo\u0161anas procesi atbilst stingriem valsts un starptautiskajiem standartiem, nodro\u0161inot, ka katrs hidrauliskais cilindrs, kas atst\u0101j m\u016bsu r\u016bpn\u012bcu, ir augst\u0101k\u0101s kvalit\u0101tes un uzticam\u012bbas. M\u016bsu prasm\u012bg\u0101 tehnisk\u0101 komanda apvienojum\u0101 ar modern\u0101ko apr\u012bkojumu \u013cauj mums uztur\u0113t stingru kvalit\u0101tes kontroli katr\u0101 ra\u017eo\u0161anas posm\u0101 \u2014 s\u0101kot no izejvielu izv\u0113les l\u012bdz gal\u012bgajai p\u0101rbaudei. \u0160\u012b ap\u0146em\u0161an\u0101s sasniegt izcil\u012bbu ir nodro\u0161in\u0101jusi mums sertifik\u0101tus un atzin\u012bbu no nozares iest\u0101d\u0113m, v\u0113l vair\u0101k nostiprinot m\u016bsu reput\u0101ciju k\u0101 uzticamam partnerim.<\/p>\n<p class=\"break-words\">M\u016bsu misija ir vienk\u0101r\u0161a, tom\u0113r ambicioza: nodro\u0161in\u0101t m\u016bsu klientus ar hidrauliskajiem cilindriem, kas p\u0101rsniedz cer\u012bbas attiec\u012bb\u0101 uz veiktsp\u0113ju, iztur\u012bbu un v\u0113rt\u012bbu. M\u0113s darbojamies, iev\u0113rojot profesionalit\u0101tes, godpr\u0101t\u012bbas un klientu apkalpo\u0161anas pamatprincipus. Veicinot inov\u0101ciju un precizit\u0101tes kult\u016bru, m\u0113s nep\u0101rtraukti pilnveidojam savus produktus, lai saglab\u0101tu l\u012bderpoz\u012bcijas konkur\u0113tsp\u0113j\u012bg\u0101 tirg\u016b. M\u016bsu pla\u0161ais produktu kl\u0101sts un sp\u0113ja pied\u0101v\u0101t piel\u0101gotus risin\u0101jumus padara m\u016bs par lab\u0101ko izv\u0113li uz\u0146\u0113mumiem, kas mekl\u0113 augstas veiktsp\u0113jas hidrauliskos cilindrus.<\/p>\n<p class=\"break-words\">FMP ir vair\u0101k nek\u0101 tikai ra\u017eot\u0101js \u2014 m\u0113s esam partneris j\u016bsu pan\u0101kumos. M\u0113s saprotam, ka m\u016bsu klienti pa\u013caujas uz mums, lai pieg\u0101d\u0101tu instrumentus, kas uzlabo vi\u0146u produktivit\u0101ti un dro\u0161\u012bbu. T\u0101p\u0113c m\u0113s esam ap\u0146\u0113mu\u0161ies pied\u0101v\u0101t ne tikai augst\u0101k\u0101s klases produktus, bet ar\u012b izcilu servisu. S\u0101kot ar s\u0101kotn\u0113jo konsult\u0101ciju un beidzot ar p\u0113cp\u0101rdo\u0161anas atbalstu, m\u0113s cie\u0161i sadarbojamies ar saviem klientiem, lai nodro\u0161in\u0101tu, ka vi\u0146u vajadz\u012bbas tiek apmierin\u0101tas ar profesionalit\u0101ti un r\u016bp\u012bbu. M\u016bsu konkur\u0113tsp\u0113j\u012bg\u0101s cenas apvienojum\u0101 ar nelok\u0101mo ap\u0146em\u0161anos nodro\u0161in\u0101t kvalit\u0101ti padara FMP par gudru izv\u0113li uz\u0146\u0113mumiem, kas v\u0113las ieguld\u012bt l\u012bdzek\u013cus uzticamos hidrauliskajos risin\u0101jumos.<\/p>","protected":false},"excerpt":{"rendered":"<p>Kvalitat\u012bvs ner\u016bs\u0113jo\u0161\u0101 t\u0113rauda daudzpak\u0101pju hidrauliskais cilindrs pa\u0161izg\u0101z\u0113ja piekabei M\u016bsu ner\u016bs\u0113jo\u0161\u0101 t\u0113rauda daudzpak\u0101pju hidrauliskie cilindri ir izstr\u0101d\u0101ti, koncentr\u0113joties uz kvalit\u0101ti un veiktsp\u0113ju. Izgatavoti no iztur\u012bga un ilgm\u016b\u017e\u012bga ner\u016bs\u0113jo\u0161\u0101 t\u0113rauda, \u200b\u200b\u0161ie hidrauliskie cilindri ir ide\u0101li piem\u0113roti pa\u0161izg\u0101z\u0113ju piekab\u0113m, pied\u0101v\u0101jot augstu efektivit\u0101ti un uzticam\u012bbu da\u017e\u0101d\u0101m nozar\u0113m, tostarp tehnikas remonta darbn\u012bc\u0101m, saimniec\u012bb\u0101m, ener\u0123\u0113tikas un [\u2026]<\/p>","protected":false},"featured_media":6704,"comment_status":"closed","ping_status":"closed","template":"","meta":{"_et_pb_use_builder":"","_et_pb_old_content":"","_et_gb_content_width":""},"product_brand":[],"product_cat":[103],"product_tag":[34,105],"class_list":{"0":"post-6594","1":"product","2":"type-product","3":"status-publish","4":"has-post-thumbnail","6":"product_cat-telescopic-hydraulic-cylinders","7":"product_tag-hydraulic-cylinder","8":"product_tag-telescopic-hydraulic-cylinders","10":"first","11":"instock","12":"product-type-simple"},"_links":{"self":[{"href":"https:\/\/fmp-components.com\/lv\/wp-json\/wp\/v2\/product\/6594","targetHints":{"allow":["GET"]}}],"collection":[{"href":"https:\/\/fmp-components.com\/lv\/wp-json\/wp\/v2\/product"}],"about":[{"href":"https:\/\/fmp-components.com\/lv\/wp-json\/wp\/v2\/types\/product"}],"replies":[{"embeddable":true,"href":"https:\/\/fmp-components.com\/lv\/wp-json\/wp\/v2\/comments?post=6594"}],"wp:featuredmedia":[{"embeddable":true,"href":"https:\/\/fmp-components.com\/lv\/wp-json\/wp\/v2\/media\/6704"}],"wp:attachment":[{"href":"https:\/\/fmp-components.com\/lv\/wp-json\/wp\/v2\/media?parent=6594"}],"wp:term":[{"taxonomy":"product_brand","embeddable":true,"href":"https:\/\/fmp-components.com\/lv\/wp-json\/wp\/v2\/product_brand?post=6594"},{"taxonomy":"product_cat","embeddable":true,"href":"https:\/\/fmp-components.com\/lv\/wp-json\/wp\/v2\/product_cat?post=6594"},{"taxonomy":"product_tag","embeddable":true,"href":"https:\/\/fmp-components.com\/lv\/wp-json\/wp\/v2\/product_tag?post=6594"}],"curies":[{"name":"wp","href":"https:\/\/api.w.org\/{rel}","templated":true}]}}