{"id":6587,"date":"2025-03-11T06:32:38","date_gmt":"2025-03-11T06:32:38","guid":{"rendered":"https:\/\/fmp-components.com\/product\/high-quality-4-stage-telescopic-double-acting-telescopic-hydraulic-cylinder"},"modified":"2025-03-17T08:56:27","modified_gmt":"2025-03-17T08:56:27","slug":"high-quality-4-stage-telescopic-double-acting-telescopic-hydraulic-cylinder","status":"publish","type":"product","link":"https:\/\/fmp-components.com\/lv\/product\/high-quality-4-stage-telescopic-double-acting-telescopic-hydraulic-cylinder\/","title":{"rendered":"Augstas kvalit\u0101tes 4 pak\u0101pju teleskopiskais divk\u0101r\u0161as darb\u012bbas teleskopiskais hidrauliskais cilindrs"},"content":{"rendered":"<p>&#8221;<\/p>\n<h2>Augstas kvalit\u0101tes 4 pak\u0101pju teleskopiskais divk\u0101r\u0161as darb\u012bbas teleskopiskais hidrauliskais cilindrs<\/h2>\n<p>Izbaudiet m\u016bsu 4 pak\u0101pju teleskopisk\u0101 divk\u0101r\u0161\u0101s darb\u012bbas teleskopisk\u0101 hidraulisk\u0101 cilindra visaugst\u0101ko kvalit\u0101ti \u2014 augst\u0101k\u0101s klases produktu, kas izce\u013cas ar savu pielietojumu t\u0101d\u0101s nozar\u0113s k\u0101 ma\u0161\u012bnb\u016bves remonta darbn\u012bcas, saimniec\u012bbas, ener\u0123\u0113tika un ieguves r\u016bpniec\u012bba, ma\u0161\u012bnb\u016bves ra\u017eo\u0161ana un ma\u0161\u012bnb\u016bves r\u016bpn\u012bcas.<\/p>\n<h3>Galven\u0101s funkcijas un funkcijas<\/h3>\n<p>\u0160is daudzpak\u0101pju hidrauliskais cilindrs lepojas ar augstu 3000 tonnu vilces sp\u0113ku un maksim\u0101lo vilk\u0161anas sp\u0113ku 20 tonnas. To darbina hidrauliskais \u0161\u0137idrums, un t\u0101 korpusa konstrukcija ir izgatavota no iztur\u012bga un ilgm\u016b\u017e\u012bga t\u0113rauda. T\u0101 standarta konstrukcija ir virzu\u013ca cilindrs, kas nodro\u0161ina optim\u0101lu veiktsp\u0113ju un efektivit\u0101ti.<\/p>\n<h3>Tehnisk\u0101s specifik\u0101cijas<\/h3>\n<table style=\"width: 98.7112%;\" border=\"\">\n<tbody>\n<tr>\n<td style=\"width: 42.6136%;\"><i>Urbuma izm\u0113rs<\/i><\/td>\n<td style=\"width: 303.977%;\">2\u20136 collas<\/td>\n<\/tr>\n<tr>\n<td style=\"width: 42.6136%;\"><i>Stie\u0146a izm\u0113rs<\/i><\/td>\n<td style=\"width: 303.977%;\">1,125\u20134 collas<\/td>\n<\/tr>\n<tr>\n<td style=\"width: 42.6136%;\"><i>Trieciena izm\u0113rs<\/i><\/td>\n<td style=\"width: 303.977%;\">4\u2013100 collas<\/td>\n<\/tr>\n<tr>\n<td style=\"width: 42.6136%;\"><i>Tapas izm\u0113rs<\/i><\/td>\n<td style=\"width: 303.977%;\">0,5\u20132 collas<\/td>\n<\/tr>\n<tr>\n<td style=\"width: 42.6136%;\"><i>Ostas<\/i><\/td>\n<td style=\"width: 303.977%;\">G\/SAE\/NPT\/M<\/td>\n<\/tr>\n<\/tbody>\n<\/table>\n<h3>Unik\u0101las priek\u0161roc\u012bbas<\/h3>\n<p>M\u016bsu hidrauliskais cilindrs ir sertific\u0113ts saska\u0146\u0101 ar ISO9001:2000, un t\u0101 galvenaj\u0101m sast\u0101vda\u013c\u0101m, tostarp gultnim un pa\u0161am hidrauliskajam cilindram, tiek nodro\u0161in\u0101ta viena gada garantija. Pateicoties ener\u0123ijas taup\u012b\u0161anas, augstas efektivit\u0101tes un dro\u0161\u012bbas funkcij\u0101m, m\u016bsu hidrauliskais cilindrs neap\u0161aub\u0101mi b\u016bs v\u0113rt\u012bgs papildin\u0101jums j\u016bsu tehnikai.<\/p>\n<p><img loading=\"lazy\" decoding=\"async\" class=\"alignnone size-full wp-image-6757\" src=\"https:\/\/fmp-components.com\/wp-content\/uploads\/2025\/03\/Telescopic-Hydraulic-Cylinders-114.webp\" alt=\"Teleskopiskie hidrauliskie cilindri\" width=\"2160\" height=\"2160\" title=\"\" srcset=\"https:\/\/fmp-components.com\/wp-content\/uploads\/2025\/03\/Telescopic-Hydraulic-Cylinders-114.webp 2160w, https:\/\/fmp-components.com\/wp-content\/uploads\/2025\/03\/Telescopic-Hydraulic-Cylinders-114-1280x1280.webp 1280w, https:\/\/fmp-components.com\/wp-content\/uploads\/2025\/03\/Telescopic-Hydraulic-Cylinders-114-980x980.webp 980w, https:\/\/fmp-components.com\/wp-content\/uploads\/2025\/03\/Telescopic-Hydraulic-Cylinders-114-480x480.webp 480w\" sizes=\"(min-width: 0px) and (max-width: 480px) 480px, (min-width: 481px) and (max-width: 980px) 980px, (min-width: 981px) and (max-width: 1280px) 1280px, (min-width: 1281px) 2160px, 100vw\" \/><\/p>\n<h2>Hidraulisk\u0101s sist\u0113mas un darb\u012bbas principi<\/h2>\n<p>Hidrauliskajiem cilindriem ir iz\u0161\u0137iro\u0161a noz\u012bme da\u017e\u0101d\u0101s ma\u0161\u012bn\u0101s un pielietojumos, p\u0101rveidojot hidraulisko ener\u0123iju meh\u0101nisk\u0101 kust\u012bb\u0101 un spiedienu sp\u0113k\u0101. \u0160o neman\u0101mo darb\u012bbu nodro\u0161ina siner\u0123ija starp hidraulisko cilindru un <b>lpp.<\/b>jaudas bloks \u2014 kodols, kas pieg\u0101d\u0101 nepiecie\u0161amo ener\u0123iju un vad\u012bbas sign\u0101lus hidrauliskajai sist\u0113mai.<\/p>\n<h2>Hidraulisk\u0101 cilindra pielietojums<\/h2>\n<p>M\u016bsu hidraulisk\u0101 cilindra daudzpus\u012bba \u013cauj to izmantot da\u017e\u0101d\u0101s nozar\u0113s un ma\u0161\u012bn\u0101s. S\u0101kot ar ma\u0161\u012bnu remonta darbn\u012bc\u0101m un beidzot ar lauksaimniec\u012bbas saimniec\u012bb\u0101m, ener\u0123\u0113tikas un kalnr\u016bpniec\u012bbas nozar\u0113m, ma\u0161\u012bnu ra\u017eo\u0161anu un ma\u0161\u012bnu r\u016bpn\u012bc\u0101m, m\u016bsu hidrauliskais cilindrs ir neaizst\u0101jams.<\/p>\n<h2>Hidrauliskie cilindri un sp\u0113ka agreg\u0101ti<\/h2>\n<p>Hidrauliskie cilindri un sp\u0113ka agreg\u0101ti ir neat\u0146emamas hidraulisk\u0101s sist\u0113mas sast\u0101vda\u013cas. To kop\u012bg\u0101 funkcija nodro\u0161ina pla\u0161u hidraulisk\u0101s tehnolo\u0123ijas pielietojumu r\u016bpniec\u012bb\u0101, nodro\u0161inot uzticamu jaudas un vad\u012bbas atbalstu da\u017e\u0101d\u0101m in\u017eeniertehnisk\u0101m un meh\u0101nisk\u0101m iek\u0101rt\u0101m.<\/p>\n<h2>Bie\u017ei uzdotie jaut\u0101jumi<\/h2>\n<h3>J: Vai j\u016bs esat tirdzniec\u012bbas uz\u0146\u0113mums vai ra\u017eot\u0101js?<\/h3>\n<p>A: M\u0113s esam ra\u017eot\u0101js.<\/p>\n<h3>J: Cik ilgs ir j\u016bsu pieg\u0101des laiks?<\/h3>\n<p>A: Parasti m\u016bsu pieg\u0101des laiks ir no 25 l\u012bdz 35 dien\u0101m.<\/p>\n<h3>J: Vai j\u016bs sniedzat paraugus? Vai tas ir bez maksas vai papildus?<\/h3>\n<p>A: J\u0101, m\u0113s pied\u0101v\u0101jam paraugus, bet tie nav bez maksas.<\/p>","protected":false},"excerpt":{"rendered":"<p>&#8221; High Quality 4 Stage Telescopic Double Acting Telescopic Hydraulic Cylinder Indulge in the finest quality of our 4 Stage Telescopic Double Acting Telescopic hydraulic cylinder, a top-tier product that stands out in its application across industries such as Machinery Repair Shops, Farms, Energy &amp; Mining, Machinery manufacturing, and Machinery Factory. Key Features and Functions [&hellip;]<\/p>","protected":false},"featured_media":6769,"comment_status":"closed","ping_status":"closed","template":"","meta":{"_et_pb_use_builder":"","_et_pb_old_content":"","_et_gb_content_width":""},"product_brand":[],"product_cat":[103],"product_tag":[34,105],"class_list":{"0":"post-6587","1":"product","2":"type-product","3":"status-publish","4":"has-post-thumbnail","6":"product_cat-telescopic-hydraulic-cylinders","7":"product_tag-hydraulic-cylinder","8":"product_tag-telescopic-hydraulic-cylinders","10":"first","11":"instock","12":"product-type-simple"},"_links":{"self":[{"href":"https:\/\/fmp-components.com\/lv\/wp-json\/wp\/v2\/product\/6587","targetHints":{"allow":["GET"]}}],"collection":[{"href":"https:\/\/fmp-components.com\/lv\/wp-json\/wp\/v2\/product"}],"about":[{"href":"https:\/\/fmp-components.com\/lv\/wp-json\/wp\/v2\/types\/product"}],"replies":[{"embeddable":true,"href":"https:\/\/fmp-components.com\/lv\/wp-json\/wp\/v2\/comments?post=6587"}],"wp:featuredmedia":[{"embeddable":true,"href":"https:\/\/fmp-components.com\/lv\/wp-json\/wp\/v2\/media\/6769"}],"wp:attachment":[{"href":"https:\/\/fmp-components.com\/lv\/wp-json\/wp\/v2\/media?parent=6587"}],"wp:term":[{"taxonomy":"product_brand","embeddable":true,"href":"https:\/\/fmp-components.com\/lv\/wp-json\/wp\/v2\/product_brand?post=6587"},{"taxonomy":"product_cat","embeddable":true,"href":"https:\/\/fmp-components.com\/lv\/wp-json\/wp\/v2\/product_cat?post=6587"},{"taxonomy":"product_tag","embeddable":true,"href":"https:\/\/fmp-components.com\/lv\/wp-json\/wp\/v2\/product_tag?post=6587"}],"curies":[{"name":"wp","href":"https:\/\/api.w.org\/{rel}","templated":true}]}}