{"id":6586,"date":"2025-03-11T06:31:13","date_gmt":"2025-03-11T06:31:13","guid":{"rendered":"https:\/\/fmp-components.com\/product\/factory-price-two-stage-hydraulic-telescopic-cylinder"},"modified":"2025-03-12T03:28:50","modified_gmt":"2025-03-12T03:28:50","slug":"factory-price-two-stage-hydraulic-telescopic-cylinder","status":"publish","type":"product","link":"https:\/\/fmp-components.com\/lv\/product\/factory-price-two-stage-hydraulic-telescopic-cylinder\/","title":{"rendered":"R\u016bpn\u012bcas cenas divpak\u0101pju hidrauliskais teleskopiskais cilindrs"},"content":{"rendered":"<h2>R\u016bpn\u012bcas cenas divpak\u0101pju hidrauliskais teleskopiskais cilindrs<\/h2>\n<p>Izbaudiet r\u016bpn\u012bcas cenas divpak\u0101pju hidraulisk\u0101 teleskopisk\u0101 cilindra jaudu un efektivit\u0101ti. \u0160is hidrauliskais cilindrs, kas paredz\u0113ts augstai veiktsp\u0113jai un iztur\u012bbai, ir ide\u0101li piem\u0113rots izmanto\u0161anai tehnikas remonta darbn\u012bc\u0101s, saimniec\u012bb\u0101s, ener\u0123\u0113tik\u0101, kalnr\u016bpniec\u012bb\u0101, tehnikas ra\u017eo\u0161an\u0101 un tehnikas r\u016bpn\u012bc\u0101s. Ar t\u0113rauda korpusu un maksim\u0101lo vilces sp\u0113ku 3000 tas ir gan iztur\u012bgs, gan uzticams. Daudzpak\u0101pju hidrauliskais cilindrs ir paredz\u0113ts maksim\u0101lai 20 tonnu vilkmei, padarot to par daudzpus\u012bgu papildin\u0101jumu j\u016bsu tehnikas kl\u0101stam.<\/p>\n<p><img loading=\"lazy\" decoding=\"async\" class=\"alignnone wp-image-6665\" src=\"https:\/\/fmp-components.com\/wp-content\/uploads\/2025\/03\/telescopic-hydraulic-cylinder-9.webp\" alt=\"teleskopiskais hidrauliskais cilindrs\" width=\"905\" height=\"905\" title=\"\" srcset=\"https:\/\/fmp-components.com\/wp-content\/uploads\/2025\/03\/telescopic-hydraulic-cylinder-9.webp 905w, https:\/\/fmp-components.com\/wp-content\/uploads\/2025\/03\/telescopic-hydraulic-cylinder-9-480x480.webp 480w\" sizes=\"(min-width: 0px) and (max-width: 480px) 480px, (min-width: 481px) 905px, 100vw\" \/><\/p>\n<h3>Produkta specifik\u0101cijas<\/h3>\n<p>\u0160\u012b hidraulisk\u0101 cilindra galven\u0101s sast\u0101vda\u013cas ir gultnis un pats hidrauliskais cilindrs, un visiem tiem ir 1 gada garantija. Tas ir standarta virzu\u013ccilindrs, kas darbojas ar hidraulisko sp\u0113ku. Cilindra korpuss ir izgatavots no t\u0113rauda, \u200b\u200bkas nodro\u0161ina t\u0101 iztur\u012bbu un ilgm\u016b\u017e\u012bbu.<\/p>\n<h3>Tehniskie parametri<\/h3>\n<table style=\"width: 99.4924%; height: 115px;\" border=\"\">\n<tbody>\n<tr style=\"height: 23px;\">\n<td style=\"width: 43.5028%; height: 23px;\"><b>Urbuma izm\u0113rs<\/b><\/td>\n<td style=\"width: 482.486%; height: 23px;\">2\u20136 collas<\/td>\n<\/tr>\n<tr style=\"height: 23px;\">\n<td style=\"width: 43.5028%; height: 23px;\"><b>Stie\u0146a izm\u0113rs<\/b><\/td>\n<td style=\"width: 482.486%; height: 23px;\">1,125\u20134 collas<\/td>\n<\/tr>\n<tr style=\"height: 23px;\">\n<td style=\"width: 43.5028%; height: 23px;\"><b>Trieciena izm\u0113rs<\/b><\/td>\n<td style=\"width: 482.486%; height: 23px;\">4\u2013100 collas<\/td>\n<\/tr>\n<tr style=\"height: 23px;\">\n<td style=\"width: 43.5028%; height: 23px;\"><b>Tapas izm\u0113rs<\/b><\/td>\n<td style=\"width: 482.486%; height: 23px;\">0,5\u20132 collas<\/td>\n<\/tr>\n<tr style=\"height: 23px;\">\n<td style=\"width: 43.5028%; height: 23px;\"><b>Ostas<\/b><\/td>\n<td style=\"width: 482.486%; height: 23px;\">G\/SAE\/NPT\/M<\/td>\n<\/tr>\n<\/tbody>\n<\/table>\n<h2>Produkta funkcijas<\/h2>\n<ul>\n<li>Energoefekt\u012bvs: Hidrauliskais cilindrs darbojas ar hidraulisko jaudu, nodro\u0161inot maksim\u0101lu efektivit\u0101ti.<\/li>\n<li>Augsta veiktsp\u0113ja: Ar maksim\u0101lo vilces sp\u0113ku 3000 \u02da\u0421 \u0161is hidrauliskais cilindrs var iztur\u0113t lielas slodzes.<\/li>\n<li>Dro\u0161\u012bba: T\u0113rauda korpuss nodro\u0161ina hidraulisk\u0101 cilindra iztur\u012bbu un dro\u0161\u012bbu ekspluat\u0101cijas laik\u0101.<\/li>\n<\/ul>\n<h2>Darb\u012bbas princips<\/h2>\n<p>Hidrauliskais cilindrs darbojas p\u0113c \u0161\u0137idruma spiediena principa. Tas p\u0101rveido hidraulisko ener\u0123iju meh\u0101nisk\u0101 kust\u012bb\u0101, nodro\u0161inot jaudu, kas nepiecie\u0161ama ma\u0161\u012bnu p\u0101rvieto\u0161anai un vad\u012bbai.<\/p>\n<p><img loading=\"lazy\" decoding=\"async\" class=\"alignnone wp-image-6664\" src=\"https:\/\/fmp-components.com\/wp-content\/uploads\/2025\/03\/telescopic-hydraulic-cylinder-8.webp\" alt=\"teleskopiskais hidrauliskais cilindrs\" width=\"884\" height=\"884\" title=\"\" srcset=\"https:\/\/fmp-components.com\/wp-content\/uploads\/2025\/03\/telescopic-hydraulic-cylinder-8.webp 884w, https:\/\/fmp-components.com\/wp-content\/uploads\/2025\/03\/telescopic-hydraulic-cylinder-8-480x480.webp 480w\" sizes=\"(min-width: 0px) and (max-width: 480px) 480px, (min-width: 481px) 884px, 100vw\" \/><\/p>\n<h2>Pieteikumi<\/h2>\n<p>Hidrauliskais cilindrs tiek pla\u0161i izmantots ma\u0161\u012bnb\u016bves remonta darbn\u012bc\u0101s, saimniec\u012bb\u0101s, ener\u0123\u0113tikas un kalnr\u016bpniec\u012bbas nozar\u0113s, ma\u0161\u012bnb\u016bves ra\u017eo\u0161an\u0101 un ma\u0161\u012bnb\u016bves r\u016bpn\u012bc\u0101s, kur nepiecie\u0161ama smaga cel\u0161ana un p\u0101rvieto\u0161ana.<\/p>\n<h2>Hidrauliskie cilindri un sp\u0113ka agreg\u0101ti<\/h2>\n<p>Hidrauliskais cilindrs un sp\u0113ka agreg\u0101ts ir neat\u0146emamas hidraulisk\u0101s sist\u0113mas sast\u0101vda\u013cas. To siner\u0123ija nodro\u0161ina pla\u0161u hidraulisk\u0101s tehnolo\u0123ijas pielietojumu r\u016bpniec\u012bb\u0101, nodro\u0161inot uzticamu jaudas un vad\u012bbas atbalstu da\u017e\u0101d\u0101m in\u017eeniertehnisk\u0101m un meh\u0101nisk\u0101m iek\u0101rt\u0101m. Hidrauliskais cilindrs k\u0101 izpildmeh\u0101nisms ir atbild\u012bgs par hidraulisk\u0101s ener\u0123ijas p\u0101rveido\u0161anu meh\u0101nisk\u0101 kust\u012bb\u0101, spiediena p\u0101rveido\u0161anu sp\u0113k\u0101. Savuk\u0101rt sp\u0113ka agreg\u0101ts ir kodols, kas nodro\u0161ina hidrauliskajai sist\u0113mai nepiecie\u0161amo ener\u0123iju un vad\u012bbas sign\u0101lus. Koordin\u0101cija starp abiem nodro\u0161ina norm\u0101lu hidraulisk\u0101s sist\u0113mas darb\u012bbu. FMP pied\u0101v\u0101 ar\u012b sp\u0113ka agreg\u0101tus p\u0101rdo\u0161anai.<\/p>\n<h2>Bie\u017ei uzdotie jaut\u0101jumi<\/h2>\n<p><b>J: Vai j\u016bs esat tirdzniec\u012bbas uz\u0146\u0113mums vai ra\u017eot\u0101js?<\/b><br \/>\nA: M\u0113s esam r\u016bpn\u012bca.<\/p>\n<p><b>J: Cik ilgs ir j\u016bsu pieg\u0101des laiks?<\/b><br \/>\nA: Parasti tas ir 25\u201335 dienas.<\/p>\n<p><b>J: Vai j\u016bs sniedzat paraugus? Vai tie ir bez maksas vai papildus?<\/b><br \/>\nA: J\u0101, m\u0113s var\u0113tu pied\u0101v\u0101t paraugu, bet tas nav bez maksas.<\/p>\n<h3>Par FMP<\/h3>\n<p>FMP ir vado\u0161ais it\u0101\u013cu ra\u017eot\u0101js, kas specializ\u0113jas augstas kvalit\u0101tes hidraulisko cilindru projekt\u0113\u0161an\u0101, izstr\u0101d\u0113 un ra\u017eo\u0161an\u0101. Ar gadu desmitiem ilgu pieredzi m\u0113s prasm\u012bgi apvienojam it\u0101\u013cu meistar\u012bbu ar inovat\u012bv\u0101m tehnolo\u0123ij\u0101m, lai nodro\u0161in\u0101tu izcilus hidrauliskos risin\u0101jumus, kas piel\u0101goti m\u016bsu glob\u0101lo klientu da\u017e\u0101daj\u0101m vajadz\u012bb\u0101m. FMP atrodas It\u0101lij\u0101, in\u017eenierijas izcil\u012bbas centr\u0101, un ir uzticams v\u0101rds hidraulikas nozar\u0113, kas ir ap\u0146\u0113mies nodro\u0161in\u0101t uzticamus, iztur\u012bgus un inovat\u012bvus produktus, kas dod iesp\u0113jas uz\u0146\u0113mumiem vis\u0101 pasaul\u0113.<\/p>\n<p>M\u016bsu uz\u0146\u0113mums apvieno progres\u012bvas ra\u017eo\u0161anas trad\u012bcijas ar t\u0101lredz\u012bgu pieeju. Izmantojot daudzu gadu pieredzi hidraulisko sist\u0113mu jom\u0101, FMP ir k\u013cuvis par modernu uz\u0146\u0113mumu, kas izce\u013cas ar izcil\u012bbu p\u0113tniec\u012bb\u0101, projekt\u0113\u0161an\u0101 un ra\u017eo\u0161an\u0101. M\u0113s pied\u0101v\u0101jam pla\u0161u hidraulisko cilindru kl\u0101stu, tostarp divk\u0101r\u0161as darb\u012bbas cilindrus, automobi\u013cu pacel\u0161anas cilindrus, lauksaimniec\u012bbas tehnikas cilindrus un piel\u0101gotus risin\u0101jumus da\u017e\u0101diem r\u016bpnieciskiem pielietojumiem. Neatkar\u012bgi no t\u0101, vai tie ir paredz\u0113ti b\u016bvniec\u012bbai, r\u016bpniecisk\u0101m instal\u0101cij\u0101m, lauksaimniec\u012bbai vai smagajai tehnikai, m\u016bsu hidrauliskie cilindri ir paredz\u0113ti darbam vissare\u017e\u0123\u012bt\u0101kajos apst\u0101k\u013cos, nodro\u0161inot dro\u0161\u012bbu, efektivit\u0101ti un ilgm\u016b\u017e\u012bbu.<\/p>\n<p>Uz\u0146\u0113mum\u0101 FMP m\u0113s lepojamies ar sav\u0101m modern\u0101kaj\u0101m ra\u017eo\u0161anas iek\u0101rt\u0101m, kas ir apr\u012bkotas ar prec\u012bzijas iek\u0101rt\u0101m un modern\u0101m test\u0113\u0161anas sist\u0113m\u0101m. M\u016bsu ra\u017eo\u0161anas procesi atbilst stingriem valsts un starptautiskajiem standartiem, garant\u0113jot, ka katrs sara\u017eotais hidrauliskais cilindrs atbilst augst\u0101kajiem kvalit\u0101tes un uzticam\u012bbas krit\u0113rijiem. M\u016bsu prasm\u012bg\u0101 tehnisk\u0101 komanda ar modernu apr\u012bkojumu \u013cauj mums uztur\u0113t stingru kvalit\u0101tes kontroli katr\u0101 ra\u017eo\u0161anas posm\u0101 \u2014 s\u0101kot no izejvielu izv\u0113les l\u012bdz gal\u012bgajai p\u0101rbaudei. \u0160\u012b ap\u0146em\u0161an\u0101s sasniegt izcil\u012bbu ir nodro\u0161in\u0101jusi mums sertifik\u0101tus un atzin\u012bbu no nozares iest\u0101d\u0113m, v\u0113l vair\u0101k nostiprinot m\u016bsu reput\u0101ciju k\u0101 uzticamam partnerim.<\/p>\n<p><img loading=\"lazy\" decoding=\"async\" class=\"alignnone size-full wp-image-6720\" src=\"https:\/\/fmp-components.com\/wp-content\/uploads\/2025\/03\/hydraulic-cylinder-8.webp\" alt=\"Teleskopiskie hidrauliskie cilindri\" width=\"933\" height=\"526\" title=\"\" srcset=\"https:\/\/fmp-components.com\/wp-content\/uploads\/2025\/03\/hydraulic-cylinder-8.webp 933w, https:\/\/fmp-components.com\/wp-content\/uploads\/2025\/03\/hydraulic-cylinder-8-480x271.webp 480w\" sizes=\"(min-width: 0px) and (max-width: 480px) 480px, (min-width: 481px) 933px, 100vw\" \/><\/p>\n<p>M\u016bsu misija ir vienk\u0101r\u0161a, bet ambicioza: pieg\u0101d\u0101t hidrauliskos cilindrus, kas p\u0101rsniedz cer\u012bbas attiec\u012bb\u0101 uz veiktsp\u0113ju, iztur\u012bbu un v\u0113rt\u012bbu. Vadoties p\u0113c profesionalit\u0101tes, integrit\u0101tes un klientu apkalpo\u0161anas principiem, m\u0113s veicin\u0101m inov\u0101ciju un precizit\u0101tes kult\u016bru, nep\u0101rtraukti pilnveidojot savus produktus, lai saglab\u0101tu konkur\u0113tsp\u0113ju tirg\u016b. M\u016bsu pla\u0161ais produktu kl\u0101sts un sp\u0113ja nodro\u0161in\u0101t piel\u0101gotus risin\u0101jumus padara m\u016bs par v\u0113lamo izv\u0113li uz\u0146\u0113mumiem, kas mekl\u0113 augstas veiktsp\u0113jas hidrauliskos cilindrus.<\/p>\n<p>FMP ir vair\u0101k nek\u0101 tikai ra\u017eot\u0101js; m\u0113s esam partneris j\u016bsu pan\u0101kumos. M\u0113s saprotam, ka m\u016bsu klienti pa\u013caujas uz mums, ja mums ir nepiecie\u0161ami instrumenti, kas uzlabo produktivit\u0101ti un dro\u0161\u012bbu. T\u0101p\u0113c m\u0113s esam ap\u0146\u0113mu\u0161ies nodro\u0161in\u0101t ne tikai augst\u0101k\u0101s klases produktus, bet ar\u012b izcilu servisu. S\u0101kot ar s\u0101kotn\u0113jo konsult\u0101ciju un beidzot ar p\u0113cp\u0101rdo\u0161anas atbalstu, m\u0113s cie\u0161i sadarbojamies ar saviem klientiem, lai nodro\u0161in\u0101tu, ka vi\u0146u vajadz\u012bbas tiek apmierin\u0101tas ar profesionalit\u0101ti un r\u016bp\u012bbu. M\u016bsu konkur\u0113tsp\u0113j\u012bg\u0101s cenas apvienojum\u0101 ar nelok\u0101mo ap\u0146em\u0161anos nodro\u0161in\u0101t kvalit\u0101ti padara FMP par gudru izv\u0113li uz\u0146\u0113mumiem, kas v\u0113las ieguld\u012bt uzticamos hidrauliskajos risin\u0101jumos.<\/p>","protected":false},"excerpt":{"rendered":"<p>Factory Price Two Stage Hydraulic Telescopic Cylinder Experience the power and efficiency of the Factory Price Two Stage Hydraulic Telescopic Cylinder. Designed for high performance and durability, this hydraulic cylinder is ideal for use in machinery repair shops, farms, energy, mining, machinery manufacturing and machinery factories. With its steel body and maximum thrust of 3000, [&hellip;]<\/p>","protected":false},"featured_media":6713,"comment_status":"closed","ping_status":"closed","template":"","meta":{"_et_pb_use_builder":"","_et_pb_old_content":"","_et_gb_content_width":""},"product_brand":[],"product_cat":[103],"product_tag":[34,105],"class_list":{"0":"post-6586","1":"product","2":"type-product","3":"status-publish","4":"has-post-thumbnail","6":"product_cat-telescopic-hydraulic-cylinders","7":"product_tag-hydraulic-cylinder","8":"product_tag-telescopic-hydraulic-cylinders","10":"first","11":"instock","12":"product-type-simple"},"_links":{"self":[{"href":"https:\/\/fmp-components.com\/lv\/wp-json\/wp\/v2\/product\/6586","targetHints":{"allow":["GET"]}}],"collection":[{"href":"https:\/\/fmp-components.com\/lv\/wp-json\/wp\/v2\/product"}],"about":[{"href":"https:\/\/fmp-components.com\/lv\/wp-json\/wp\/v2\/types\/product"}],"replies":[{"embeddable":true,"href":"https:\/\/fmp-components.com\/lv\/wp-json\/wp\/v2\/comments?post=6586"}],"wp:featuredmedia":[{"embeddable":true,"href":"https:\/\/fmp-components.com\/lv\/wp-json\/wp\/v2\/media\/6713"}],"wp:attachment":[{"href":"https:\/\/fmp-components.com\/lv\/wp-json\/wp\/v2\/media?parent=6586"}],"wp:term":[{"taxonomy":"product_brand","embeddable":true,"href":"https:\/\/fmp-components.com\/lv\/wp-json\/wp\/v2\/product_brand?post=6586"},{"taxonomy":"product_cat","embeddable":true,"href":"https:\/\/fmp-components.com\/lv\/wp-json\/wp\/v2\/product_cat?post=6586"},{"taxonomy":"product_tag","embeddable":true,"href":"https:\/\/fmp-components.com\/lv\/wp-json\/wp\/v2\/product_tag?post=6586"}],"curies":[{"name":"wp","href":"https:\/\/api.w.org\/{rel}","templated":true}]}}