{"id":6584,"date":"2025-03-11T06:31:13","date_gmt":"2025-03-11T06:31:13","guid":{"rendered":"https:\/\/fmp-components.com\/product\/quality-manufacturing-flatbed-tow-truck-dump-truck-hydraulic-cylinder"},"modified":"2025-03-12T05:45:44","modified_gmt":"2025-03-12T05:45:44","slug":"quality-manufacturing-flatbed-tow-truck-dump-truck-hydraulic-cylinder","status":"publish","type":"product","link":"https:\/\/fmp-components.com\/lv\/product\/quality-manufacturing-flatbed-tow-truck-dump-truck-hydraulic-cylinder\/","title":{"rendered":"Kvalitat\u012bva ra\u017eo\u0161anas platformas evakuatora pa\u0161izg\u0101z\u0113ja hidraulisk\u0101 cilindra"},"content":{"rendered":"<h2>Kvalitat\u012bva ra\u017eo\u0161anas platformas evakuatora pa\u0161izg\u0101z\u0113ja hidraulisk\u0101 cilindra<\/h2>\n<p>Atkl\u0101jiet m\u016bsu FMP hidraulisko cilindru kvalit\u0101ti, kas paredz\u0113ti izmanto\u0161anai kravas automa\u0161\u012bn\u0101s ar platformu un pa\u0161izg\u0101z\u0113jos, un tiek pla\u0161i pielietoti da\u017e\u0101d\u0101s nozar\u0113s, tostarp ma\u0161\u012bnb\u016bves remonta darbn\u012bc\u0101s, saimniec\u012bb\u0101s, ener\u0123\u0113tikas un ieguves r\u016bpniec\u012bb\u0101, ma\u0161\u012bnb\u016bves ra\u017eo\u0161an\u0101 un ma\u0161\u012bnb\u016bves r\u016bpn\u012bc\u0101s.<\/p>\n<h3>Produkta funkcijas<\/h3>\n<p>M\u016bsu hidrauliskajiem cilindriem ir virkne funkciju, kas tos at\u0161\u0137ir no konkurentiem. Tie ir konstru\u0113ti ar standarta konstrukciju, izmantojot hidrauliski darbin\u0101mu virzu\u013ca cilindru. Korpusa materi\u0101ls ir izgatavots no iztur\u012bga t\u0113rauda, \u200b\u200bkas nodro\u0161ina maksim\u0101lo vilci 3000 un maksim\u0101lo vilkmi 20 tonnas. \u0160is daudzpak\u0101pju hidrauliskais cilindrs atbilst ar\u012b ISO9001:2000 sertifik\u0101cijas standartiem.<\/p>\n<h3>Tehnisk\u0101s specifik\u0101cijas<\/h3>\n<table style=\"width: 99.5341%; height: 115px;\" border=\"\">\n<tbody>\n<tr style=\"height: 23px;\">\n<td style=\"width: 42.9379%; height: 23px;\"><i>Urbuma izm\u0113rs<\/i><\/td>\n<td style=\"width: 471.751%; height: 23px;\">2\u20136 collas<\/td>\n<\/tr>\n<tr style=\"height: 23px;\">\n<td style=\"width: 42.9379%; height: 23px;\"><i>Stie\u0146a izm\u0113rs<\/i><\/td>\n<td style=\"width: 471.751%; height: 23px;\">1,125\u20134 collas<\/td>\n<\/tr>\n<tr style=\"height: 23px;\">\n<td style=\"width: 42.9379%; height: 23px;\"><i>Trieciena izm\u0113rs<\/i><\/td>\n<td style=\"width: 471.751%; height: 23px;\">4\u2013100 collas<\/td>\n<\/tr>\n<tr style=\"height: 23px;\">\n<td style=\"width: 42.9379%; height: 23px;\"><i>Tapas izm\u0113rs<\/i><\/td>\n<td style=\"width: 471.751%; height: 23px;\">0,5\u20132 collas<\/td>\n<\/tr>\n<tr style=\"height: 23px;\">\n<td style=\"width: 42.9379%; height: 23px;\"><i>Ostas<\/i><\/td>\n<td style=\"width: 471.751%; height: 23px;\">G\/SAE\/NPT\/M<\/td>\n<\/tr>\n<\/tbody>\n<\/table>\n<h2>Unik\u0101las priek\u0161roc\u012bbas<\/h2>\n<ul>\n<li>Ener\u0123ijas taup\u012b\u0161ana<\/li>\n<li>Augsta efektivit\u0101te<\/li>\n<li>Dro\u0161\u012bbas garantija<\/li>\n<\/ul>\n<p><img loading=\"lazy\" decoding=\"async\" class=\"alignnone  wp-image-6658\" src=\"https:\/\/fmp-components.com\/wp-content\/uploads\/2025\/03\/telescopic-hydraulic-cylinder-6.webp\" alt=\"teleskopiskais hidrauliskais cilindrs\" width=\"969\" height=\"969\" title=\"\" srcset=\"https:\/\/fmp-components.com\/wp-content\/uploads\/2025\/03\/telescopic-hydraulic-cylinder-6.webp 969w, https:\/\/fmp-components.com\/wp-content\/uploads\/2025\/03\/telescopic-hydraulic-cylinder-6-480x480.webp 480w\" sizes=\"(min-width: 0px) and (max-width: 480px) 480px, (min-width: 481px) 969px, 100vw\" \/><\/p>\n<h2>Hidraulisk\u0101 sist\u0113ma un darb\u012bbas princips<\/h2>\n<p>M\u016bsu hidrauliskie cilindri kalpo k\u0101 neat\u0146emamas sast\u0101vda\u013cas hidrauliskaj\u0101s sist\u0113m\u0101s, un tiem ir iz\u0161\u0137iro\u0161a noz\u012bme hidraulisk\u0101s ener\u0123ijas p\u0101rveido\u0161an\u0101 meh\u0101nisk\u0101 kust\u012bb\u0101. \u0160is process ietver \u0161\u0137idruma spiediena p\u0101rveido\u0161anu sp\u0113k\u0101, \u013caujot da\u017e\u0101du veidu ma\u0161\u012bn\u0101m veikt svar\u012bgus uzdevumus. Darb\u012bbas princips ir balst\u012bts uz hidraulisk\u0101 \u0161\u0137idruma kust\u012bbu, kas tiek virz\u012bta cilindr\u0101. Kad \u0161\u0137idrums piepilda cilindru, tas rada spiedienu uz virzuli, izraisot t\u0101 kust\u012bbu. \u0160o line\u0101ro kust\u012bbu var izmantot, lai paceltu, stumtu, vilktu vai manipul\u0113tu ar smag\u0101m krav\u0101m ar iev\u0113rojamu precizit\u0101ti un kontroli.<\/p>\n<p>Hidraulisko sist\u0113mu efektivit\u0101te liel\u0101 m\u0113r\u0101 ir saist\u012bta ar hidraulisk\u0101 \u0161\u0137idruma \u012bpa\u0161\u012bb\u0101m, kas ir nesaspie\u017eams un var p\u0101rvad\u012bt jaudu lielos att\u0101lumos bez b\u016btiskiem zudumiem. Tas padara hidrauliskos cilindrus \u012bpa\u0161i efekt\u012bvus lietojumos, kuriem nepiecie\u0161ams liels sp\u0113ks un uzticam\u012bba, nodro\u0161inot optim\u0101lu veiktsp\u0113ju da\u017e\u0101d\u0101s r\u016bpniecisk\u0101s vid\u0113s.<\/p>\n<h2>Hidraulisko cilindru pielietojums<\/h2>\n<p>\u0160ie hidrauliskie cilindri ir \u0101rk\u0101rt\u012bgi daudzpus\u012bgi un ide\u0101li piem\u0113roti izmanto\u0161anai da\u017e\u0101d\u0101s nozar\u0113s. Ma\u0161\u012bnu remonta darbn\u012bc\u0101s tie atvieglo smago iek\u0101rtu cel\u0161anu un pozicion\u0113\u0161anu, padarot apkopes uzdevumus viegl\u0101k p\u0101rvald\u0101mus un efekt\u012bv\u0101kus. To iztur\u012bg\u0101 konstrukcija \u013cauj tiem tikt gal\u0101 ar smago kravu cel\u0161anu saist\u012bt\u0101m slodz\u0113m, nodro\u0161inot dro\u0161\u012bbu un uzticam\u012bbu remonta darbos.<\/p>\n<p>Lauksaimniec\u012bbas vid\u0113 hidrauliskie cilindri ir nenov\u0113rt\u0113jami traktoru un citas lauksaimniec\u012bbas tehnikas vad\u012b\u0161an\u0101. Tie \u013cauj lauksaimniekiem veikt t\u0101dus uzdevumus k\u0101 apr\u012bkojuma cel\u0161ana un noliek\u0161ana, materi\u0101lu transport\u0113\u0161ana un pat t\u0101du piekabju k\u0101 arklu un ec\u0113\u0161u vad\u012b\u0161ana. \u0160\u012b sp\u0113ja uzlabo produktivit\u0101ti un efektivit\u0101ti saimniec\u012bb\u0101, padarot hidrauliskos cilindrus par b\u016btisku instrumentu m\u016bsdienu lauksaimniec\u012bb\u0101.<\/p>\n<p>Ener\u0123\u0113tikas un kalnr\u016bpniec\u012bbas nozar\u0113s \u0161ie cilindri tiek izmantoti da\u017e\u0101dos pielietojumos, tostarp urb\u0161an\u0101, rak\u0161an\u0101 un materi\u0101lu apstr\u0101d\u0113. To sp\u0113ja rad\u012bt iev\u0113rojamu sp\u0113ku padara tos piem\u0113rotus sare\u017e\u0123\u012btiem uzdevumiem, ar kuriem bie\u017ei saskaras \u0161aj\u0101s nozar\u0113s, kur uzticam\u012bba un veiktsp\u0113ja ir kritiski svar\u012bga.<\/p>\n<p>Turkl\u0101t hidrauliskajiem cilindriem ir b\u016btiska loma ma\u0161\u012bnb\u016bves un r\u016bpn\u012bcu ra\u017eo\u0161an\u0101. Tos izmanto mont\u0101\u017eas l\u012bnij\u0101s, pres\u0113s un automatiz\u0113t\u0101s sist\u0113m\u0101s, kur tie veicina darb\u012bbu racionaliz\u0101ciju un ra\u017eo\u0161anas efektivit\u0101tes uzlabo\u0161anu. Hidraulisko cilindru piel\u0101gojam\u012bba un iztur\u012bba padara tos par galveno komponentu, lai nodro\u0161in\u0101tu, ka ma\u0161\u012bnas darbojas efekt\u012bvi da\u017e\u0101dos r\u016bpnieciskos pielietojumos.<\/p>\n<h3>J: Vai j\u016bs esat tirdzniec\u012bbas uz\u0146\u0113mums vai ra\u017eot\u0101js?<\/h3>\n<p>A: M\u0113s esam r\u016bpn\u012bca.<\/p>\n<h3>J: Cik ilgs ir j\u016bsu pieg\u0101des laiks?<\/h3>\n<p>A: Parasti tas ir 25\u201335 dienas.<\/p>\n<h3>J: Vai j\u016bs sniedzat paraugus? Vai tas ir bez maksas vai papildus?<\/h3>\n<p>A: J\u0101, m\u0113s var\u0113tu pied\u0101v\u0101t paraugu, bet tas nav bez maksas.<\/p>\n<h3>Par FMP<\/h3>\n<p class=\"break-words\">FMP ir vado\u0161ais It\u0101lijas ra\u017eot\u0101js, kas specializ\u0113jas augstas kvalit\u0101tes hidraulisko cilindru projekt\u0113\u0161an\u0101, izstr\u0101d\u0113 un ra\u017eo\u0161an\u0101. Ar bag\u0101t\u012bgu mantojumu, kas sak\u0146ojas gadu desmitiem ilg\u0101 pieredz\u0113, m\u0113s ar lepnumu apvienojam it\u0101\u013cu meistar\u012bbu ar jaun\u0101kaj\u0101m tehnolo\u0123ij\u0101m, lai nodro\u0161in\u0101tu izcilus hidrauliskos risin\u0101jumus, kas piel\u0101goti m\u016bsu glob\u0101l\u0101 klientu loka da\u017e\u0101daj\u0101m vajadz\u012bb\u0101m. FMP, kas atrodas It\u0101lij\u0101, in\u017eenierijas izcil\u012bbas centr\u0101, ir uzticams v\u0101rds hidraulikas nozar\u0113 un ir ap\u0146\u0113mies nodro\u0161in\u0101t uzticamus, iztur\u012bgus un inovat\u012bvus produktus, kas dod iesp\u0113jas uz\u0146\u0113mumiem vis\u0101 pasaul\u0113.<\/p>\n<p class=\"break-words\">M\u016bsu uz\u0146\u0113mums apvieno lab\u0101k\u0101s progres\u012bv\u0101s ra\u017eo\u0161anas trad\u012bcijas ar t\u0101lredz\u012bgu pieeju. Balstoties uz daudzu gadu pieredzi hidraulisko sist\u0113mu jom\u0101, FMP ir att\u012bst\u012bjies par modernu uz\u0146\u0113mumu, kas izce\u013cas ar izcil\u0101m p\u0113tniec\u012bbas, dizaina un ra\u017eo\u0161anas sp\u0113j\u0101m. M\u0113s specializ\u0113jamies pla\u0161\u0101 hidraulisko cilindru kl\u0101st\u0101, tostarp divk\u0101r\u0161as darb\u012bbas cilindros, automobi\u013cu pacel\u0161anas cilindros, lauksaimniec\u012bbas tehnikas cilindros un piel\u0101gotos risin\u0101jumos da\u017e\u0101diem r\u016bpnieciskiem pielietojumiem. Neatkar\u012bgi no t\u0101, vai tas ir paredz\u0113ts b\u016bvniec\u012bbai, r\u016bpniecisk\u0101m instal\u0101cij\u0101m, lauksaimniec\u012bbai vai smagajai tehnikai, m\u016bsu hidrauliskie cilindri ir rad\u012bti, lai darbotos vissmag\u0101kajos apst\u0101k\u013cos, nodro\u0161inot dro\u0161\u012bbu, efektivit\u0101ti un ilgm\u016b\u017e\u012bbu.<\/p>\n<p><img loading=\"lazy\" decoding=\"async\" class=\"alignnone size-full wp-image-6720\" src=\"https:\/\/fmp-components.com\/wp-content\/uploads\/2025\/03\/hydraulic-cylinder-8.webp\" alt=\"Teleskopiskie hidrauliskie cilindri\" width=\"933\" height=\"526\" title=\"\" srcset=\"https:\/\/fmp-components.com\/wp-content\/uploads\/2025\/03\/hydraulic-cylinder-8.webp 933w, https:\/\/fmp-components.com\/wp-content\/uploads\/2025\/03\/hydraulic-cylinder-8-480x271.webp 480w\" sizes=\"(min-width: 0px) and (max-width: 480px) 480px, (min-width: 481px) 933px, 100vw\" \/><\/p>\n<p class=\"break-words\">Uz\u0146\u0113mum\u0101 FMP m\u0113s lepojamies ar sav\u0101m modern\u0101kaj\u0101m ra\u017eo\u0161anas iek\u0101rt\u0101m, kas apr\u012bkotas ar prec\u012bzijas iek\u0101rt\u0101m un modern\u0101m test\u0113\u0161anas sist\u0113m\u0101m. M\u016bsu ra\u017eo\u0161anas procesi atbilst stingriem valsts un starptautiskajiem standartiem, nodro\u0161inot, ka katrs hidrauliskais cilindrs, kas atst\u0101j m\u016bsu r\u016bpn\u012bcu, ir augst\u0101k\u0101s kvalit\u0101tes un uzticam\u012bbas. M\u016bsu prasm\u012bg\u0101 tehnisk\u0101 komanda apvienojum\u0101 ar modern\u0101ko apr\u012bkojumu \u013cauj mums uztur\u0113t stingru kvalit\u0101tes kontroli katr\u0101 ra\u017eo\u0161anas posm\u0101 \u2014 s\u0101kot no izejvielu izv\u0113les l\u012bdz gal\u012bgajai p\u0101rbaudei. \u0160\u012b ap\u0146em\u0161an\u0101s sasniegt izcil\u012bbu ir nodro\u0161in\u0101jusi mums sertifik\u0101tus un atzin\u012bbu no nozares iest\u0101d\u0113m, v\u0113l vair\u0101k nostiprinot m\u016bsu reput\u0101ciju k\u0101 uzticamam partnerim.<\/p>\n<p class=\"break-words\">M\u016bsu misija ir vienk\u0101r\u0161a, tom\u0113r ambicioza: nodro\u0161in\u0101t m\u016bsu klientus ar hidrauliskajiem cilindriem, kas p\u0101rsniedz cer\u012bbas attiec\u012bb\u0101 uz veiktsp\u0113ju, iztur\u012bbu un v\u0113rt\u012bbu. M\u0113s darbojamies, iev\u0113rojot profesionalit\u0101tes, godpr\u0101t\u012bbas un klientu apkalpo\u0161anas pamatprincipus. Veicinot inov\u0101ciju un precizit\u0101tes kult\u016bru, m\u0113s nep\u0101rtraukti pilnveidojam savus produktus, lai saglab\u0101tu l\u012bderpoz\u012bcijas konkur\u0113tsp\u0113j\u012bg\u0101 tirg\u016b. M\u016bsu pla\u0161ais produktu kl\u0101sts un sp\u0113ja pied\u0101v\u0101t piel\u0101gotus risin\u0101jumus padara m\u016bs par lab\u0101ko izv\u0113li uz\u0146\u0113mumiem, kas mekl\u0113 augstas veiktsp\u0113jas hidrauliskos cilindrus.<\/p>\n<p class=\"break-words\">FMP ir vair\u0101k nek\u0101 tikai ra\u017eot\u0101js \u2014 m\u0113s esam partneris j\u016bsu pan\u0101kumos. M\u0113s saprotam, ka m\u016bsu klienti pa\u013caujas uz mums, lai pieg\u0101d\u0101tu instrumentus, kas uzlabo vi\u0146u produktivit\u0101ti un dro\u0161\u012bbu. T\u0101p\u0113c m\u0113s esam ap\u0146\u0113mu\u0161ies pied\u0101v\u0101t ne tikai augst\u0101k\u0101s klases produktus, bet ar\u012b izcilu servisu. S\u0101kot ar s\u0101kotn\u0113jo konsult\u0101ciju un beidzot ar p\u0113cp\u0101rdo\u0161anas atbalstu, m\u0113s cie\u0161i sadarbojamies ar saviem klientiem, lai nodro\u0161in\u0101tu, ka vi\u0146u vajadz\u012bbas tiek apmierin\u0101tas ar profesionalit\u0101ti un r\u016bp\u012bbu. M\u016bsu konkur\u0113tsp\u0113j\u012bg\u0101s cenas apvienojum\u0101 ar nelok\u0101mo ap\u0146em\u0161anos nodro\u0161in\u0101t kvalit\u0101ti padara FMP par gudru izv\u0113li uz\u0146\u0113mumiem, kas v\u0113las ieguld\u012bt l\u012bdzek\u013cus uzticamos hidrauliskajos risin\u0101jumos.<\/p>","protected":false},"excerpt":{"rendered":"<p>Quality Manufacturing Flatbed Tow Truck Dump Truck Hydraulic Cylinder Discover the quality of our FMP hydraulic cylinders, designed for use in flatbed tow trucks and dump trucks, and widely applied in a range of industries, including machinery repair shops, farms, energy &amp; mining, machinery manufacturing, and machinery factories. Product Features Our hydraulic cylinders offer a [&hellip;]<\/p>","protected":false},"featured_media":6727,"comment_status":"closed","ping_status":"closed","template":"","meta":{"_et_pb_use_builder":"","_et_pb_old_content":"","_et_gb_content_width":""},"product_brand":[],"product_cat":[103],"product_tag":[34,105],"class_list":{"0":"post-6584","1":"product","2":"type-product","3":"status-publish","4":"has-post-thumbnail","6":"product_cat-telescopic-hydraulic-cylinders","7":"product_tag-hydraulic-cylinder","8":"product_tag-telescopic-hydraulic-cylinders","10":"first","11":"instock","12":"product-type-simple"},"_links":{"self":[{"href":"https:\/\/fmp-components.com\/lv\/wp-json\/wp\/v2\/product\/6584","targetHints":{"allow":["GET"]}}],"collection":[{"href":"https:\/\/fmp-components.com\/lv\/wp-json\/wp\/v2\/product"}],"about":[{"href":"https:\/\/fmp-components.com\/lv\/wp-json\/wp\/v2\/types\/product"}],"replies":[{"embeddable":true,"href":"https:\/\/fmp-components.com\/lv\/wp-json\/wp\/v2\/comments?post=6584"}],"wp:featuredmedia":[{"embeddable":true,"href":"https:\/\/fmp-components.com\/lv\/wp-json\/wp\/v2\/media\/6727"}],"wp:attachment":[{"href":"https:\/\/fmp-components.com\/lv\/wp-json\/wp\/v2\/media?parent=6584"}],"wp:term":[{"taxonomy":"product_brand","embeddable":true,"href":"https:\/\/fmp-components.com\/lv\/wp-json\/wp\/v2\/product_brand?post=6584"},{"taxonomy":"product_cat","embeddable":true,"href":"https:\/\/fmp-components.com\/lv\/wp-json\/wp\/v2\/product_cat?post=6584"},{"taxonomy":"product_tag","embeddable":true,"href":"https:\/\/fmp-components.com\/lv\/wp-json\/wp\/v2\/product_tag?post=6584"}],"curies":[{"name":"wp","href":"https:\/\/api.w.org\/{rel}","templated":true}]}}