{"id":6579,"date":"2025-03-11T06:31:13","date_gmt":"2025-03-11T06:31:13","guid":{"rendered":"https:\/\/fmp-components.com\/product\/chinese-factory-dump-trailer-multi-stage-telescopic-hydraulic-cylinder"},"modified":"2025-03-12T05:28:10","modified_gmt":"2025-03-12T05:28:10","slug":"italian-factory-dump-trailer-multi-stage-telescopic-hydraulic-cylinder","status":"publish","type":"product","link":"https:\/\/fmp-components.com\/lv\/product\/italian-factory-dump-trailer-multi-stage-telescopic-hydraulic-cylinder\/","title":{"rendered":"It\u0101\u013cu r\u016bpn\u012bcas pa\u0161izg\u0101z\u0113ja piekabes daudzpak\u0101pju teleskopiskais hidrauliskais cilindrs"},"content":{"rendered":"<h2>It\u0101\u013cu r\u016bpn\u012bcas pa\u0161izg\u0101z\u0113ja piekabes daudzpak\u0101pju teleskopiskais hidrauliskais cilindrs<\/h2>\n<p>It\u0101\u013cu r\u016bpn\u012bcas pa\u0161izg\u0101z\u0113ja piekabes daudzpak\u0101pju teleskopiskais hidrauliskais cilindrs ir izstr\u0101d\u0101ts, lai nodro\u0161in\u0101tu izcilu funkcionalit\u0101ti un veiktsp\u0113ju da\u017e\u0101dos pielietojumos. Ar savu standarta konstrukciju un hidraulisko jaudu tas ir ide\u0101la izv\u0113le da\u017e\u0101d\u0101m nozar\u0113m, s\u0101kot no ma\u0161\u012bnb\u016bves remonta darbn\u012bc\u0101m un ferm\u0101m l\u012bdz ener\u0123\u0113tikas un kalnr\u016bpniec\u012bbas darb\u012bb\u0101m.<\/p>\n<h2>Galven\u0101s iez\u012bmes un priek\u0161roc\u012bbas<\/h2>\n<ul>\n<li>\u013boti daudzpus\u012bgs, var izmantot da\u017e\u0101d\u0101s nozar\u0113s<\/li>\n<li>Izgatavots ar iztur\u012bgu t\u0113rauda korpusu ilgsto\u0161ai iztur\u012bbai<\/li>\n<li>Apr\u012bkots ar daudzpak\u0101pju hidraulisko cilindru optim\u0101lai efektivit\u0101tei<\/li>\n<li>Paredz\u0113ts maksim\u0101lajai vilcei 3000 tonnu un maksim\u0101lajai vilkmei 20 tonnas<\/li>\n<li>ISO9001:2000 sertifik\u0101ts, kas nodro\u0161ina augstas kvalit\u0101tes sniegumu<\/li>\n<\/ul>\n<h2>Tehnisk\u0101s specifik\u0101cijas<\/h2>\n<table style=\"width: 102.139%;\" border=\"\">\n<tbody>\n<tr>\n<td style=\"width: 42.9379%;\"><i>Urbuma izm\u0113rs<\/i><\/td>\n<td style=\"width: 485.311%;\">2\u20136 collas<\/td>\n<\/tr>\n<tr>\n<td style=\"width: 42.9379%;\"><i>Stie\u0146a izm\u0113rs<\/i><\/td>\n<td style=\"width: 485.311%;\">1,125\u20134 collas<\/td>\n<\/tr>\n<tr>\n<td style=\"width: 42.9379%;\"><i>Trieciena izm\u0113rs<\/i><\/td>\n<td style=\"width: 485.311%;\">4\u2013100 collas<\/td>\n<\/tr>\n<tr>\n<td style=\"width: 42.9379%;\"><i>Tapas izm\u0113rs<\/i><\/td>\n<td style=\"width: 485.311%;\">0,5\u20132 collas<\/td>\n<\/tr>\n<tr>\n<td style=\"width: 42.9379%;\"><i>Ostas<\/i><\/td>\n<td style=\"width: 485.311%;\">G\/SAE\/NPT\/M<\/td>\n<\/tr>\n<\/tbody>\n<\/table>\n<h2>Unik\u0101las \u012bpa\u0161\u012bbas un priek\u0161roc\u012bbas<\/h2>\n<p>\u0160is hidrauliskais cilindrs tirg\u016b izce\u013cas ar sav\u0101m at\u0161\u0137ir\u012bgaj\u0101m \u012bpa\u0161\u012bb\u0101m, kas uzlabo t\u0101 veiktsp\u0113ju un lietojam\u012bbu. Viena no t\u0101 galvenaj\u0101m priek\u0161roc\u012bb\u0101m ir ener\u0123iju taupo\u0161ais dizains, kas nodro\u0161ina augstu efektivit\u0101ti darb\u012bbas laik\u0101. \u0160\u012b inovat\u012bv\u0101 pieeja ne tikai samazina ener\u0123ijas pat\u0113ri\u0146u, bet ar\u012b pazemina ekspluat\u0101cijas izmaksas lietot\u0101jiem. Turkl\u0101t cilindrs ir izgatavots no iztur\u012bgiem materi\u0101liem, kas garant\u0113 dro\u0161\u012bbu un ilgm\u016b\u017e\u012bbu, padarot to par uzticamu izv\u0113li pras\u012bgiem lietojumiem. T\u0101 iztur\u012bba noz\u012bm\u0113 ret\u0101ku nomai\u0146u, kas v\u0113l vair\u0101k palielina t\u0101 rentabilit\u0101ti laika gait\u0101.<\/p>\n<p>Turkl\u0101t \u0161is hidrauliskais cilindrs ir izstr\u0101d\u0101ts t\u0101, lai to b\u016btu viegli integr\u0113t da\u017e\u0101d\u0101s hidrauliskaj\u0101s sist\u0113m\u0101s. T\u0101 piel\u0101gojamais dizains \u013cauj tam neman\u0101mi iek\u013cauties eso\u0161aj\u0101s instal\u0101cij\u0101s, atvieglojot \u0101tru uzst\u0101d\u012b\u0161anu un samazinot d\u012bkst\u0101ves laiku. \u0160\u012b daudzpus\u012bba padara to piem\u0113rotu pla\u0161am pielietojumu kl\u0101stam, nodro\u0161inot, ka lietot\u0101ji to var efekt\u012bvi izmantot da\u017e\u0101d\u0101s vid\u0113s.<\/p>\n<h2>Hidraulisko cilindru darb\u012bbas princips un pielietojums<\/h2>\n<p>Hidrauliskais cilindrs darbojas, p\u0101rveidojot hidraulisko ener\u0123iju meh\u0101nisk\u0101 kust\u012bb\u0101, radot sp\u0113ku, pieliekot spiedienu. Kad hidrauliskais \u0161\u0137idrums tiek ievad\u012bts cilindr\u0101, tas rada spiedienu, kas iedarbojas uz virzuli, k\u0101 rezult\u0101t\u0101 rodas line\u0101ra kust\u012bba. \u0160\u012b pamatdarb\u012bba padara hidrauliskos cilindrus neaizst\u0101jamus daudz\u0101s nozar\u0113s.<\/p>\n<p>Piem\u0113ram, b\u016bvniec\u012bb\u0101 hidrauliskie cilindri ir nepiecie\u0161ami smagu materi\u0101lu cel\u0161anai, celt\u0146u vad\u012b\u0161anai un rak\u0161anas iek\u0101rtu darbin\u0101\u0161anai, nodro\u0161inot projektu efekt\u012bvu un dro\u0161u pabeig\u0161anu. Ra\u017eo\u0161an\u0101 tiem ir iz\u0161\u0137iro\u0161a noz\u012bme mont\u0101\u017eas l\u012bnij\u0101s, prec\u012bzi p\u0101rvietojot komponentus un ma\u0161\u012bnas. Turkl\u0101t lauksaimniec\u012bb\u0101 hidrauliskos cilindrus izmanto traktoros un cit\u0101 lauksaimniec\u012bbas apr\u012bkojum\u0101 materi\u0101lu cel\u0161anai, noliek\u0161anai un izg\u0101\u0161anai, uzlabojot ra\u017e\u012bgumu un efektivit\u0101ti lauksaimniec\u012bbas darbos.<\/p>\n<p><img loading=\"lazy\" decoding=\"async\" class=\"alignnone  wp-image-6664\" src=\"https:\/\/fmp-components.com\/wp-content\/uploads\/2025\/03\/telescopic-hydraulic-cylinder-8.webp\" alt=\"teleskopiskais hidrauliskais cilindrs\" width=\"896\" height=\"896\" title=\"\" srcset=\"https:\/\/fmp-components.com\/wp-content\/uploads\/2025\/03\/telescopic-hydraulic-cylinder-8.webp 896w, https:\/\/fmp-components.com\/wp-content\/uploads\/2025\/03\/telescopic-hydraulic-cylinder-8-480x480.webp 480w\" sizes=\"(min-width: 0px) and (max-width: 480px) 480px, (min-width: 481px) 896px, 100vw\" \/><\/p>\n<h2>Hidrauliskie cilindri un sp\u0113ka agreg\u0101ti<\/h2>\n<p>Hidrauliskie cilindri un sp\u0113ka agreg\u0101ti ir neat\u0146emamas jebkuras hidraulisk\u0101s sist\u0113mas sast\u0101vda\u013cas, un katram no tiem ir iz\u0161\u0137iro\u0161a noz\u012bme t\u0101s kop\u0113j\u0101 funkcionalit\u0101t\u0113. Hidrauliskais cilindrs darbojas k\u0101 izpildmeh\u0101nisms, p\u0101rveidojot hidraulisko ener\u0123iju meh\u0101nisk\u0101 kust\u012bb\u0101 darba veik\u0161anai, savuk\u0101rt sp\u0113ka agreg\u0101ts kalpo k\u0101 hidraulisk\u0101 spiediena avots, pieg\u0101d\u0101jot nepiecie\u0161amo ener\u0123iju sist\u0113mas vad\u012b\u0161anai.<\/p>\n<p>To apvienot\u0101 funkcionalit\u0101te nodro\u0161ina pla\u0161u hidraulisko tehnolo\u0123iju pielietojumu da\u017e\u0101d\u0101s nozar\u0113s. \u0160\u012b siner\u0123ija nodro\u0161ina uzticamu jaudas un vad\u012bbas atbalstu daudz\u0101m in\u017eeniertehnisk\u0101m un meh\u0101nisk\u0101m iek\u0101rt\u0101m, \u013caujot uz\u0146\u0113mumiem darboties efekt\u012bvi un lietder\u012bgi. FMP pied\u0101v\u0101 ar\u012b sp\u0113ka agreg\u0101tus p\u0101rdo\u0161anai, \u013caujot m\u016bsu klientiem atrast piln\u012bgus hidrauliskos risin\u0101jumus, kas piel\u0101goti vi\u0146u \u012bpa\u0161aj\u0101m vajadz\u012bb\u0101m. \u0160\u012b visaptvero\u0161\u0101 pieeja nodro\u0161ina, ka visas sast\u0101vda\u013cas darbojas harmoniski kop\u0101, maksim\u0101li palielinot hidraulisko sist\u0113mu veiktsp\u0113ju un uzticam\u012bbu da\u017e\u0101dos pielietojumos.<\/p>\n<h2>Bie\u017ei uzdotie jaut\u0101jumi<\/h2>\n<p><span>J: Vai j\u016bs esat tirdzniec\u012bbas uz\u0146\u0113mums vai ra\u017eot\u0101js?<\/span><span>A: M\u0113s esam ra\u017eot\u0101js.<\/span><br \/>\n<span>J: Cik ilgs ir j\u016bsu pieg\u0101des laiks?<\/span><span>A: M\u016bsu standarta pieg\u0101des laiks ir 25\u201335 dienas.<\/span><br \/>\n<span>J: Vai j\u016bs varat ra\u017eot atbilsto\u0161i paraugiem?<\/span><span>A: J\u0101, m\u0113s varam izgatavot p\u0113c j\u016bsu paraugiem vai tehniskajiem ras\u0113jumiem. M\u0113s varam izgatavot veidnes un armat\u016bru.<\/span>&#8221;<\/p>\n<h3>Par FMP<\/h3>\n<p class=\"break-words\">FMP ir vado\u0161ais It\u0101lijas ra\u017eot\u0101js, kas specializ\u0113jas augstas kvalit\u0101tes hidraulisko cilindru projekt\u0113\u0161an\u0101, izstr\u0101d\u0113 un ra\u017eo\u0161an\u0101. Ar bag\u0101t\u012bgu mantojumu, kas sak\u0146ojas gadu desmitiem ilg\u0101 pieredz\u0113, m\u0113s ar lepnumu apvienojam it\u0101\u013cu meistar\u012bbu ar jaun\u0101kaj\u0101m tehnolo\u0123ij\u0101m, lai nodro\u0161in\u0101tu izcilus hidrauliskos risin\u0101jumus, kas piel\u0101goti m\u016bsu glob\u0101l\u0101 klientu loka da\u017e\u0101daj\u0101m vajadz\u012bb\u0101m. FMP, kas atrodas It\u0101lij\u0101, in\u017eenierijas izcil\u012bbas centr\u0101, ir uzticams v\u0101rds hidraulikas nozar\u0113 un ir ap\u0146\u0113mies nodro\u0161in\u0101t uzticamus, iztur\u012bgus un inovat\u012bvus produktus, kas dod iesp\u0113jas uz\u0146\u0113mumiem vis\u0101 pasaul\u0113.<\/p>\n<p class=\"break-words\">M\u016bsu uz\u0146\u0113mums apvieno lab\u0101k\u0101s progres\u012bv\u0101s ra\u017eo\u0161anas trad\u012bcijas ar t\u0101lredz\u012bgu pieeju. Balstoties uz daudzu gadu pieredzi hidraulisko sist\u0113mu jom\u0101, FMP ir att\u012bst\u012bjies par modernu uz\u0146\u0113mumu, kas izce\u013cas ar izcil\u0101m p\u0113tniec\u012bbas, dizaina un ra\u017eo\u0161anas sp\u0113j\u0101m. M\u0113s specializ\u0113jamies pla\u0161\u0101 hidraulisko cilindru kl\u0101st\u0101, tostarp divk\u0101r\u0161as darb\u012bbas cilindros, automobi\u013cu pacel\u0161anas cilindros, lauksaimniec\u012bbas tehnikas cilindros un piel\u0101gotos risin\u0101jumos da\u017e\u0101diem r\u016bpnieciskiem pielietojumiem. Neatkar\u012bgi no t\u0101, vai tas ir paredz\u0113ts b\u016bvniec\u012bbai, r\u016bpniecisk\u0101m instal\u0101cij\u0101m, lauksaimniec\u012bbai vai smagajai tehnikai, m\u016bsu hidrauliskie cilindri ir rad\u012bti, lai darbotos vissmag\u0101kajos apst\u0101k\u013cos, nodro\u0161inot dro\u0161\u012bbu, efektivit\u0101ti un ilgm\u016b\u017e\u012bbu.<\/p>\n<p><img loading=\"lazy\" decoding=\"async\" class=\"alignnone size-full wp-image-6720\" src=\"https:\/\/fmp-components.com\/wp-content\/uploads\/2025\/03\/hydraulic-cylinder-8.webp\" alt=\"Teleskopiskie hidrauliskie cilindri\" width=\"933\" height=\"526\" title=\"\" srcset=\"https:\/\/fmp-components.com\/wp-content\/uploads\/2025\/03\/hydraulic-cylinder-8.webp 933w, https:\/\/fmp-components.com\/wp-content\/uploads\/2025\/03\/hydraulic-cylinder-8-480x271.webp 480w\" sizes=\"(min-width: 0px) and (max-width: 480px) 480px, (min-width: 481px) 933px, 100vw\" \/><\/p>\n<p class=\"break-words\">Uz\u0146\u0113mum\u0101 FMP m\u0113s lepojamies ar sav\u0101m modern\u0101kaj\u0101m ra\u017eo\u0161anas iek\u0101rt\u0101m, kas apr\u012bkotas ar prec\u012bzijas iek\u0101rt\u0101m un modern\u0101m test\u0113\u0161anas sist\u0113m\u0101m. M\u016bsu ra\u017eo\u0161anas procesi atbilst stingriem valsts un starptautiskajiem standartiem, nodro\u0161inot, ka katrs hidrauliskais cilindrs, kas atst\u0101j m\u016bsu r\u016bpn\u012bcu, ir augst\u0101k\u0101s kvalit\u0101tes un uzticam\u012bbas. M\u016bsu prasm\u012bg\u0101 tehnisk\u0101 komanda apvienojum\u0101 ar modern\u0101ko apr\u012bkojumu \u013cauj mums uztur\u0113t stingru kvalit\u0101tes kontroli katr\u0101 ra\u017eo\u0161anas posm\u0101 \u2014 s\u0101kot no izejvielu izv\u0113les l\u012bdz gal\u012bgajai p\u0101rbaudei. \u0160\u012b ap\u0146em\u0161an\u0101s sasniegt izcil\u012bbu ir nodro\u0161in\u0101jusi mums sertifik\u0101tus un atzin\u012bbu no nozares iest\u0101d\u0113m, v\u0113l vair\u0101k nostiprinot m\u016bsu reput\u0101ciju k\u0101 uzticamam partnerim.<\/p>\n<p class=\"break-words\">M\u016bsu misija ir vienk\u0101r\u0161a, tom\u0113r ambicioza: nodro\u0161in\u0101t m\u016bsu klientus ar hidrauliskajiem cilindriem, kas p\u0101rsniedz cer\u012bbas attiec\u012bb\u0101 uz veiktsp\u0113ju, iztur\u012bbu un v\u0113rt\u012bbu. M\u0113s darbojamies, iev\u0113rojot profesionalit\u0101tes, godpr\u0101t\u012bbas un klientu apkalpo\u0161anas pamatprincipus. Veicinot inov\u0101ciju un precizit\u0101tes kult\u016bru, m\u0113s nep\u0101rtraukti pilnveidojam savus produktus, lai saglab\u0101tu l\u012bderpoz\u012bcijas konkur\u0113tsp\u0113j\u012bg\u0101 tirg\u016b. M\u016bsu pla\u0161ais produktu kl\u0101sts un sp\u0113ja pied\u0101v\u0101t piel\u0101gotus risin\u0101jumus padara m\u016bs par lab\u0101ko izv\u0113li uz\u0146\u0113mumiem, kas mekl\u0113 augstas veiktsp\u0113jas hidrauliskos cilindrus.<\/p>\n<p class=\"break-words\">FMP ir vair\u0101k nek\u0101 tikai ra\u017eot\u0101js \u2014 m\u0113s esam partneris j\u016bsu pan\u0101kumos. M\u0113s saprotam, ka m\u016bsu klienti pa\u013caujas uz mums, lai pieg\u0101d\u0101tu instrumentus, kas uzlabo vi\u0146u produktivit\u0101ti un dro\u0161\u012bbu. T\u0101p\u0113c m\u0113s esam ap\u0146\u0113mu\u0161ies pied\u0101v\u0101t ne tikai augst\u0101k\u0101s klases produktus, bet ar\u012b izcilu servisu. S\u0101kot ar s\u0101kotn\u0113jo konsult\u0101ciju un beidzot ar p\u0113cp\u0101rdo\u0161anas atbalstu, m\u0113s cie\u0161i sadarbojamies ar saviem klientiem, lai nodro\u0161in\u0101tu, ka vi\u0146u vajadz\u012bbas tiek apmierin\u0101tas ar profesionalit\u0101ti un r\u016bp\u012bbu. M\u016bsu konkur\u0113tsp\u0113j\u012bg\u0101s cenas apvienojum\u0101 ar nelok\u0101mo ap\u0146em\u0161anos nodro\u0161in\u0101t kvalit\u0101ti padara FMP par gudru izv\u0113li uz\u0146\u0113mumiem, kas v\u0113las ieguld\u012bt l\u012bdzek\u013cus uzticamos hidrauliskajos risin\u0101jumos.<\/p>","protected":false},"excerpt":{"rendered":"<p>Italian Factory Dump Trailer Multi Stage Telescopic Hydraulic Cylinder The Italian Factory Dump Trailer Multi Stage Telescopic hydraulic cylinder is designed to provide exceptional functionality and performance in a variety of applications. With its standard structure and hydraulic power, it&#8217;s the ideal choice for a range of industries, from machinery repair shops and farms to [&hellip;]<\/p>","protected":false},"featured_media":6722,"comment_status":"closed","ping_status":"closed","template":"","meta":{"_et_pb_use_builder":"","_et_pb_old_content":"","_et_gb_content_width":""},"product_brand":[],"product_cat":[103],"product_tag":[34,105],"class_list":{"0":"post-6579","1":"product","2":"type-product","3":"status-publish","4":"has-post-thumbnail","6":"product_cat-telescopic-hydraulic-cylinders","7":"product_tag-hydraulic-cylinder","8":"product_tag-telescopic-hydraulic-cylinders","10":"first","11":"instock","12":"product-type-simple"},"_links":{"self":[{"href":"https:\/\/fmp-components.com\/lv\/wp-json\/wp\/v2\/product\/6579","targetHints":{"allow":["GET"]}}],"collection":[{"href":"https:\/\/fmp-components.com\/lv\/wp-json\/wp\/v2\/product"}],"about":[{"href":"https:\/\/fmp-components.com\/lv\/wp-json\/wp\/v2\/types\/product"}],"replies":[{"embeddable":true,"href":"https:\/\/fmp-components.com\/lv\/wp-json\/wp\/v2\/comments?post=6579"}],"wp:featuredmedia":[{"embeddable":true,"href":"https:\/\/fmp-components.com\/lv\/wp-json\/wp\/v2\/media\/6722"}],"wp:attachment":[{"href":"https:\/\/fmp-components.com\/lv\/wp-json\/wp\/v2\/media?parent=6579"}],"wp:term":[{"taxonomy":"product_brand","embeddable":true,"href":"https:\/\/fmp-components.com\/lv\/wp-json\/wp\/v2\/product_brand?post=6579"},{"taxonomy":"product_cat","embeddable":true,"href":"https:\/\/fmp-components.com\/lv\/wp-json\/wp\/v2\/product_cat?post=6579"},{"taxonomy":"product_tag","embeddable":true,"href":"https:\/\/fmp-components.com\/lv\/wp-json\/wp\/v2\/product_tag?post=6579"}],"curies":[{"name":"wp","href":"https:\/\/api.w.org\/{rel}","templated":true}]}}