{"id":6576,"date":"2025-03-11T06:31:13","date_gmt":"2025-03-11T06:31:13","guid":{"rendered":"https:\/\/fmp-components.com\/product\/high-quality-mini-dump-truck-hydraulic-hoist-cylinder-telescopic-hydraulic-cylinder"},"modified":"2025-03-12T05:08:32","modified_gmt":"2025-03-12T05:08:32","slug":"high-quality-mini-dump-truck-hydraulic-hoist-cylinder-telescopic-hydraulic-cylinder","status":"publish","type":"product","link":"https:\/\/fmp-components.com\/lv\/product\/high-quality-mini-dump-truck-hydraulic-hoist-cylinder-telescopic-hydraulic-cylinder\/","title":{"rendered":"Augstas kvalit\u0101tes mini pa\u0161izg\u0101z\u0113ja hidraulisk\u0101 pac\u0113l\u0101ja cilindra teleskopiskais hidrauliskais cilindrs"},"content":{"rendered":"<h2>Augstas kvalit\u0101tes mini pa\u0161izg\u0101z\u0113ja hidraulisk\u0101 pac\u0113l\u0101ja cilindra teleskopiskais hidrauliskais cilindrs<\/h2>\n<p>Augstas kvalit\u0101tes mini pa\u0161izg\u0101z\u0113ja hidrauliskais pac\u0113l\u0101ja cilindrs Teleskopiskais hidrauliskais cilindrs ir augst\u0101k\u0101s klases produkts, kas nodro\u0161ina optim\u0101lu funkcionalit\u0101ti un ilgm\u016b\u017e\u012bbu. \u0160is hidrauliskais cilindrs galvenok\u0101rt tiek izmantots ma\u0161\u012bnu remonta darbn\u012bc\u0101s, saimniec\u012bb\u0101s, ener\u0123\u0113tikas un kalnr\u016bpniec\u012bbas nozar\u0113s, ma\u0161\u012bnu ra\u017eo\u0161an\u0101 un r\u016bpn\u012bc\u0101s, un tas ir paredz\u0113ts nep\u0101rsp\u0113jamai veiktsp\u0113jai.<\/p>\n<p><img loading=\"lazy\" decoding=\"async\" class=\"alignnone  wp-image-6657\" src=\"https:\/\/fmp-components.com\/wp-content\/uploads\/2025\/03\/telescopic-hydraulic-cylinder-3.webp\" alt=\"teleskopiskais hidrauliskais cilindrs\" width=\"911\" height=\"911\" title=\"\" srcset=\"https:\/\/fmp-components.com\/wp-content\/uploads\/2025\/03\/telescopic-hydraulic-cylinder-3.webp 911w, https:\/\/fmp-components.com\/wp-content\/uploads\/2025\/03\/telescopic-hydraulic-cylinder-3-480x480.webp 480w\" sizes=\"(min-width: 0px) and (max-width: 480px) 480px, (min-width: 481px) 911px, 100vw\" \/><\/p>\n<h3>Produkta specifik\u0101cijas<\/h3>\n<p>M\u016bsu cilindram ir standarta konstrukcija, prec\u012bz\u0101k sakot, virzu\u013ccilindrs, ko darbina hidraulisk\u0101 sist\u0113ma. Tam ir iztur\u012bgs t\u0113rauda korpuss, daudzpak\u0101pju hidraulisk\u0101 cilindra tips un maksim\u0101l\u0101 vilces jauda 3000. \u0160is produkts atbilst ISO9001:2000 sertifik\u0101cijas standartiem, garant\u0113jot augst\u0101ko kvalit\u0101tes l\u012bmeni.<\/p>\n<table style=\"width: 97.2621%;\" border=\"\">\n<tbody>\n<tr>\n<td style=\"width: 43.5028%;\"><b>Urbuma izm\u0113rs<\/b><\/td>\n<td style=\"width: 470.621%;\">2\u20136 collas<\/td>\n<\/tr>\n<tr>\n<td style=\"width: 43.5028%;\"><b>Stie\u0146a izm\u0113rs<\/b><\/td>\n<td style=\"width: 470.621%;\">1,125\u20134 collas<\/td>\n<\/tr>\n<tr>\n<td style=\"width: 43.5028%;\"><b>Trieciena izm\u0113rs<\/b><\/td>\n<td style=\"width: 470.621%;\">4\u2013100 collas<\/td>\n<\/tr>\n<tr>\n<td style=\"width: 43.5028%;\"><b>Tapas izm\u0113rs<\/b><\/td>\n<td style=\"width: 470.621%;\">0,5\u20132 collas<\/td>\n<\/tr>\n<tr>\n<td style=\"width: 43.5028%;\"><b>Ostas<\/b><\/td>\n<td style=\"width: 470.621%;\">G\/SAE\/NPT\/M<\/td>\n<\/tr>\n<\/tbody>\n<\/table>\n<h3>At\u0161\u0137ir\u012bg\u0101s iez\u012bmes un priek\u0161roc\u012bbas<\/h3>\n<ul>\n<li>Augsta veiktsp\u0113ja: Ar maksim\u0101lo vilces sp\u0113ku 3000 tonnu un maksim\u0101lo vilk\u0161anas sp\u0113ku 20 tonnu \u0161is hidrauliskais cilindrs garant\u0113 augst\u0101k\u0101 l\u012bme\u0146a veiktsp\u0113ju.<\/li>\n<li>Dro\u0161\u012bba: M\u016bsu hidrauliskais cilindrs atbilst ISO9001:2000 sertifik\u0101cijas standartiem, nodro\u0161inot augst\u0101ko dro\u0161\u012bbas l\u012bmeni.<\/li>\n<li>Energoefekt\u012bvs: Augstas kvalit\u0101tes mini pa\u0161izg\u0101z\u0113ja hidraulisk\u0101 pac\u0113l\u0101ja cilindra teleskopiskais hidrauliskais cilindrs ir izstr\u0101d\u0101ts optim\u0101lai energoefektivit\u0101tei, nodro\u0161inot j\u016bsu darb\u012bbas rentabilit\u0101ti.<\/li>\n<\/ul>\n<h2>Hidraulisk\u0101s sist\u0113mas un darb\u012bbas princips<\/h2>\n<p>M\u016bsu hidraulisk\u0101 cilindra darb\u012bbas princips ir eleganti vienk\u0101r\u0161s: tas p\u0101rveido hidraulisko ener\u0123iju meh\u0101nisk\u0101 kust\u012bb\u0101, efekt\u012bvi p\u0101rveidojot hidraulisko spiedienu sp\u0113k\u0101. \u0160is pamatprincips ir hidraulisko sist\u0113mu mugurkauls, kas nodro\u0161ina efekt\u012bvu jaudas p\u0101rvadi. Cilindra konstrukcijai ir iz\u0161\u0137iro\u0161a noz\u012bme \u0161aj\u0101 proces\u0101, jo t\u0101 maksim\u0101li palielina laukumu, kur\u0101 hidrauliskais \u0161\u0137idrums var rad\u012bt spiedienu, t\u0101d\u0113j\u0101di palielinot rad\u012bto sp\u0113ku. \u0160\u012b in\u017eenierijas un funkcionalit\u0101tes kombin\u0101cija \u013cauj m\u016bsu hidrauliskos cilindrus pla\u0161i izmantot da\u017e\u0101d\u0101s nozar\u0113s, s\u0101kot no b\u016bvniec\u012bbas l\u012bdz ra\u017eo\u0161anai, kur ir b\u016btiska uzticama un jaud\u012bga veiktsp\u0113ja.<\/p>\n<p><img loading=\"lazy\" decoding=\"async\" class=\"alignnone  wp-image-6658\" src=\"https:\/\/fmp-components.com\/wp-content\/uploads\/2025\/03\/telescopic-hydraulic-cylinder-6.webp\" alt=\"teleskopiskais hidrauliskais cilindrs\" width=\"938\" height=\"938\" title=\"\" srcset=\"https:\/\/fmp-components.com\/wp-content\/uploads\/2025\/03\/telescopic-hydraulic-cylinder-6.webp 938w, https:\/\/fmp-components.com\/wp-content\/uploads\/2025\/03\/telescopic-hydraulic-cylinder-6-480x480.webp 480w\" sizes=\"(min-width: 0px) and (max-width: 480px) 480px, (min-width: 481px) 938px, 100vw\" \/><\/p>\n<h2>Lietojumprogrammu scen\u0101riji<\/h2>\n<p>Augstas kvalit\u0101tes mini pa\u0161izg\u0101z\u0113ja hidrauliskais pac\u0113l\u0101ja cilindrs, \u012bpa\u0161i t\u0101 teleskopisk\u0101 konstrukcija, ir neticami daudzpus\u012bgs un piem\u0113rots da\u017e\u0101diem pielietojuma scen\u0101rijiem. Ma\u0161\u012bnu remonta darbn\u012bc\u0101s tas ir nenov\u0113rt\u0113jams smago iek\u0101rtu cel\u0161anai un manevr\u0113\u0161anai, nodro\u0161inot, ka apkopes uzdevumus var veikt efekt\u012bvi un dro\u0161i. Saimniec\u012bb\u0101s \u0161o hidraulisko cilindru izmanto lauksaimniec\u012bbas ma\u0161\u012bn\u0101s t\u0101diem uzdevumiem k\u0101 kravu cel\u0161ana, noliek\u0161ana un materi\u0101lu izg\u0101\u0161ana, padarot lauksaimniec\u012bbas darb\u012bbu efekt\u012bv\u0101ku.<\/p>\n<p>Ener\u0123\u0113tikas un kalnr\u016bpniec\u012bbas nozar\u0113s hidrauliskais pacel\u0161anas cilindrs ir b\u016btisks pielietojumiem, kas ietver rak\u0161anas, urb\u0161anas un materi\u0101lu apstr\u0101des darbus, kur kritiski svar\u012bga ir stabila veiktsp\u0113ja un uzticam\u012bba. Turkl\u0101t ma\u0161\u012bnb\u016bv\u0113 un r\u016bpn\u012bc\u0101s \u0161o hidraulisko cilindru izmanto mont\u0101\u017eas l\u012bnij\u0101s un automatiz\u0113t\u0101s iek\u0101rt\u0101s, veicinot ra\u017eo\u0161anas procesu racionaliz\u0101ciju un darb\u012bbas efektivit\u0101tes uzlabo\u0161anu. T\u0101 piel\u0101gojam\u012bba un stabil\u0101 veiktsp\u0113ja padara to par ide\u0101lu izv\u0113li jebkurai r\u016bpnieciskai videi, kurai nepiecie\u0161amas uzticamas cel\u0161anas un p\u0101rvieto\u0161anas iesp\u0113jas, nodro\u0161inot, ka uz\u0146\u0113mumi var efekt\u012bvi darboties sav\u0101s attiec\u012bgaj\u0101s jom\u0101s.<\/p>\n<h2>Bie\u017ei uzdotie jaut\u0101jumi<\/h2>\n<p><b>J:<\/b> Vai esat tirdzniec\u012bbas uz\u0146\u0113mums vai ra\u017eot\u0101js?<br \/>\n<b>A:<\/b> M\u0113s esam ra\u017eot\u0101js.<\/p>\n<p><b>J:<\/b> Cik ilgs ir j\u016bsu pieg\u0101des laiks?<br \/>\n<b>A:<\/b> Pieg\u0101des laiks parasti ir 25\u201335 dienas.<\/p>\n<p><b>J:<\/b> Vai j\u016bs sniedzat paraugus? Vai tas ir bez maksas vai papildus?<br \/>\n<b>A:<\/b> J\u0101, m\u0113s pied\u0101v\u0101jam paraugus, ta\u010du tie nav bez maksas.<\/p>\n<h3>Par FMP<\/h3>\n<p>FMP ir vado\u0161ais it\u0101\u013cu ra\u017eot\u0101js, kas specializ\u0113jas augstas kvalit\u0101tes hidraulisko cilindru projekt\u0113\u0161an\u0101, izstr\u0101d\u0113 un ra\u017eo\u0161an\u0101. Ar gadu desmitiem ilgu pieredzi m\u0113s prasm\u012bgi apvienojam it\u0101\u013cu meistar\u012bbu ar inovat\u012bv\u0101m tehnolo\u0123ij\u0101m, lai nodro\u0161in\u0101tu izcilus hidrauliskos risin\u0101jumus, kas piel\u0101goti m\u016bsu glob\u0101lo klientu da\u017e\u0101daj\u0101m vajadz\u012bb\u0101m. FMP atrodas It\u0101lij\u0101, in\u017eenierijas izcil\u012bbas centr\u0101, un ir uzticams v\u0101rds hidraulikas nozar\u0113, kas ir ap\u0146\u0113mies nodro\u0161in\u0101t uzticamus, iztur\u012bgus un inovat\u012bvus produktus, kas dod iesp\u0113jas uz\u0146\u0113mumiem vis\u0101 pasaul\u0113.<\/p>\n<p>M\u016bsu uz\u0146\u0113mums apvieno progres\u012bvas ra\u017eo\u0161anas trad\u012bcijas ar t\u0101lredz\u012bgu pieeju. Izmantojot daudzu gadu pieredzi hidraulisko sist\u0113mu jom\u0101, FMP ir k\u013cuvis par modernu uz\u0146\u0113mumu, kas izce\u013cas ar izcil\u012bbu p\u0113tniec\u012bb\u0101, projekt\u0113\u0161an\u0101 un ra\u017eo\u0161an\u0101. M\u0113s pied\u0101v\u0101jam pla\u0161u hidraulisko cilindru kl\u0101stu, tostarp divk\u0101r\u0161as darb\u012bbas cilindrus, automobi\u013cu pacel\u0161anas cilindrus, lauksaimniec\u012bbas tehnikas cilindrus un piel\u0101gotus risin\u0101jumus da\u017e\u0101diem r\u016bpnieciskiem pielietojumiem. Neatkar\u012bgi no t\u0101, vai tie ir paredz\u0113ti b\u016bvniec\u012bbai, r\u016bpniecisk\u0101m instal\u0101cij\u0101m, lauksaimniec\u012bbai vai smagajai tehnikai, m\u016bsu hidrauliskie cilindri ir paredz\u0113ti darbam vissare\u017e\u0123\u012bt\u0101kajos apst\u0101k\u013cos, nodro\u0161inot dro\u0161\u012bbu, efektivit\u0101ti un ilgm\u016b\u017e\u012bbu.<\/p>\n<p>Uz\u0146\u0113mum\u0101 FMP m\u0113s lepojamies ar sav\u0101m modern\u0101kaj\u0101m ra\u017eo\u0161anas iek\u0101rt\u0101m, kas ir apr\u012bkotas ar prec\u012bzijas iek\u0101rt\u0101m un modern\u0101m test\u0113\u0161anas sist\u0113m\u0101m. M\u016bsu ra\u017eo\u0161anas procesi atbilst stingriem valsts un starptautiskajiem standartiem, garant\u0113jot, ka katrs sara\u017eotais hidrauliskais cilindrs atbilst augst\u0101kajiem kvalit\u0101tes un uzticam\u012bbas krit\u0113rijiem. M\u016bsu prasm\u012bg\u0101 tehnisk\u0101 komanda ar modernu apr\u012bkojumu \u013cauj mums uztur\u0113t stingru kvalit\u0101tes kontroli katr\u0101 ra\u017eo\u0161anas posm\u0101 \u2014 s\u0101kot no izejvielu izv\u0113les l\u012bdz gal\u012bgajai p\u0101rbaudei. \u0160\u012b ap\u0146em\u0161an\u0101s sasniegt izcil\u012bbu ir nodro\u0161in\u0101jusi mums sertifik\u0101tus un atzin\u012bbu no nozares iest\u0101d\u0113m, v\u0113l vair\u0101k nostiprinot m\u016bsu reput\u0101ciju k\u0101 uzticamam partnerim.<\/p>\n<p><img loading=\"lazy\" decoding=\"async\" class=\"alignnone size-full wp-image-6720\" src=\"https:\/\/fmp-components.com\/wp-content\/uploads\/2025\/03\/hydraulic-cylinder-8.webp\" alt=\"Teleskopiskie hidrauliskie cilindri\" width=\"933\" height=\"526\" title=\"\" srcset=\"https:\/\/fmp-components.com\/wp-content\/uploads\/2025\/03\/hydraulic-cylinder-8.webp 933w, https:\/\/fmp-components.com\/wp-content\/uploads\/2025\/03\/hydraulic-cylinder-8-480x271.webp 480w\" sizes=\"(min-width: 0px) and (max-width: 480px) 480px, (min-width: 481px) 933px, 100vw\" \/><\/p>\n<p>M\u016bsu misija ir vienk\u0101r\u0161a, bet ambicioza: pieg\u0101d\u0101t hidrauliskos cilindrus, kas p\u0101rsniedz cer\u012bbas attiec\u012bb\u0101 uz veiktsp\u0113ju, iztur\u012bbu un v\u0113rt\u012bbu. Vadoties p\u0113c profesionalit\u0101tes, integrit\u0101tes un klientu apkalpo\u0161anas principiem, m\u0113s veicin\u0101m inov\u0101ciju un precizit\u0101tes kult\u016bru, nep\u0101rtraukti pilnveidojot savus produktus, lai saglab\u0101tu konkur\u0113tsp\u0113ju tirg\u016b. M\u016bsu pla\u0161ais produktu kl\u0101sts un sp\u0113ja nodro\u0161in\u0101t piel\u0101gotus risin\u0101jumus padara m\u016bs par v\u0113lamo izv\u0113li uz\u0146\u0113mumiem, kas mekl\u0113 augstas veiktsp\u0113jas hidrauliskos cilindrus.<\/p>\n<p>FMP ir vair\u0101k nek\u0101 tikai ra\u017eot\u0101js; m\u0113s esam partneris j\u016bsu pan\u0101kumos. M\u0113s saprotam, ka m\u016bsu klienti pa\u013caujas uz mums, ja mums ir nepiecie\u0161ami instrumenti, kas uzlabo produktivit\u0101ti un dro\u0161\u012bbu. T\u0101p\u0113c m\u0113s esam ap\u0146\u0113mu\u0161ies nodro\u0161in\u0101t ne tikai augst\u0101k\u0101s klases produktus, bet ar\u012b izcilu servisu. S\u0101kot ar s\u0101kotn\u0113jo konsult\u0101ciju un beidzot ar p\u0113cp\u0101rdo\u0161anas atbalstu, m\u0113s cie\u0161i sadarbojamies ar saviem klientiem, lai nodro\u0161in\u0101tu, ka vi\u0146u vajadz\u012bbas tiek apmierin\u0101tas ar profesionalit\u0101ti un r\u016bp\u012bbu. M\u016bsu konkur\u0113tsp\u0113j\u012bg\u0101s cenas apvienojum\u0101 ar nelok\u0101mo ap\u0146em\u0161anos nodro\u0161in\u0101t kvalit\u0101ti padara FMP par gudru izv\u0113li uz\u0146\u0113mumiem, kas v\u0113las ieguld\u012bt uzticamos hidrauliskajos risin\u0101jumos.<\/p>","protected":false},"excerpt":{"rendered":"<p>High Quality Mini Dump Truck Hydraulic Hoist Cylinder Telescopic Hydraulic Cylinder The High Quality Mini Dump Truck Hydraulic Hoist Cylinder Telescopic Hydraulic Cylinder is a top-tier product that ensures optimal functionality and longevity. Primarily used in machinery repair shops, farms, energy and mining sectors, machinery manufacturing and factories, this hydraulic cylinder is designed to deliver [&hellip;]<\/p>","protected":false},"featured_media":6718,"comment_status":"closed","ping_status":"closed","template":"","meta":{"_et_pb_use_builder":"","_et_pb_old_content":"","_et_gb_content_width":""},"product_brand":[],"product_cat":[103],"product_tag":[34,105],"class_list":{"0":"post-6576","1":"product","2":"type-product","3":"status-publish","4":"has-post-thumbnail","6":"product_cat-telescopic-hydraulic-cylinders","7":"product_tag-hydraulic-cylinder","8":"product_tag-telescopic-hydraulic-cylinders","10":"first","11":"instock","12":"product-type-simple"},"_links":{"self":[{"href":"https:\/\/fmp-components.com\/lv\/wp-json\/wp\/v2\/product\/6576","targetHints":{"allow":["GET"]}}],"collection":[{"href":"https:\/\/fmp-components.com\/lv\/wp-json\/wp\/v2\/product"}],"about":[{"href":"https:\/\/fmp-components.com\/lv\/wp-json\/wp\/v2\/types\/product"}],"replies":[{"embeddable":true,"href":"https:\/\/fmp-components.com\/lv\/wp-json\/wp\/v2\/comments?post=6576"}],"wp:featuredmedia":[{"embeddable":true,"href":"https:\/\/fmp-components.com\/lv\/wp-json\/wp\/v2\/media\/6718"}],"wp:attachment":[{"href":"https:\/\/fmp-components.com\/lv\/wp-json\/wp\/v2\/media?parent=6576"}],"wp:term":[{"taxonomy":"product_brand","embeddable":true,"href":"https:\/\/fmp-components.com\/lv\/wp-json\/wp\/v2\/product_brand?post=6576"},{"taxonomy":"product_cat","embeddable":true,"href":"https:\/\/fmp-components.com\/lv\/wp-json\/wp\/v2\/product_cat?post=6576"},{"taxonomy":"product_tag","embeddable":true,"href":"https:\/\/fmp-components.com\/lv\/wp-json\/wp\/v2\/product_tag?post=6576"}],"curies":[{"name":"wp","href":"https:\/\/api.w.org\/{rel}","templated":true}]}}