{"id":6573,"date":"2025-03-11T06:31:13","date_gmt":"2025-03-11T06:31:13","guid":{"rendered":"https:\/\/fmp-components.com\/product\/good-quality-4-stage-double-acting-telescopic-multistage-hydraulic-cylinder"},"modified":"2025-03-14T02:28:31","modified_gmt":"2025-03-14T02:28:31","slug":"good-quality-4-stage-double-acting-telescopic-multistage-hydraulic-cylinder","status":"publish","type":"product","link":"https:\/\/fmp-components.com\/lv\/product\/good-quality-4-stage-double-acting-telescopic-multistage-hydraulic-cylinder\/","title":{"rendered":"Labas kvalit\u0101tes 4 pak\u0101pju divk\u0101r\u0161as darb\u012bbas teleskopiskais daudzpak\u0101pju hidrauliskais cilindrs"},"content":{"rendered":"<h2>Labas kvalit\u0101tes 4 pak\u0101pju divk\u0101r\u0161as darb\u012bbas teleskopiskais daudzpak\u0101pju hidrauliskais cilindrs<\/h2>\n<p>Iepaz\u012bstin\u0101m ar augst\u0101k\u0101s klases, augstas veiktsp\u0113jas 4 pak\u0101pju divk\u0101r\u0161as darb\u012bbas teleskopisko hidraulisko cilindru. \u0160is hidrauliskais cilindrs ir ide\u0101ls augst\u0101k\u0101s kvalit\u0101tes un iztur\u012bgas in\u017eenierijas apvienojums, kas paredz\u0113ts da\u017e\u0101d\u0101m nozar\u0113m, tostarp ma\u0161\u012bnb\u016bves remonta darbn\u012bc\u0101m, lauksaimniec\u012bbas tehnikai, ener\u0123\u0113tikas un ieguves r\u016bpniec\u012bbai, ma\u0161\u012bnb\u016bves ra\u017eo\u0161anai un ma\u0161\u012bnb\u016bves r\u016bpn\u012bc\u0101m.<\/p>\n<h3>Galven\u0101s funkcijas un funkcionalit\u0101te<\/h3>\n<p>Hidrauliskais cilindrs ir b\u016btiska hidraulisko sist\u0113mu sast\u0101vda\u013ca, kas p\u0101rveido hidraulisko ener\u0123iju meh\u0101niskaj\u0101 ener\u0123ij\u0101 un \u0123ener\u0113 line\u0101ru kust\u012bbu un sp\u0113ku, kas nepiecie\u0161ams, lai p\u0101rvietotu ma\u0161\u012bnas savienojumus un darbar\u012bkus. \u0160is produkts ir konstru\u0113ts ar maksim\u0101lo vilces sp\u0113ku 3000 un maksim\u0101lo vilk\u0161anas sp\u0113ku veseli 20 tonnas, padarot to ide\u0101li piem\u0113rotu lieljaudas lietojumiem.<\/p>\n<h3>Specifik\u0101cijas<\/h3>\n<p>\u0160\u012b produkta specifik\u0101cijas ir r\u016bp\u012bgi izstr\u0101d\u0101tas, lai nodro\u0161in\u0101tu maksim\u0101lu efektivit\u0101ti un ilgm\u016b\u017e\u012bbu.<\/p>\n<table style=\"width: 97.8678%;\" border=\"\">\n<tbody>\n<tr>\n<th style=\"width: 42.8571%;\">Urbuma izm\u0113rs<\/th>\n<th style=\"width: 397.143%;\">2\u20136 collas<\/th>\n<\/tr>\n<tr>\n<td style=\"width: 42.8571%;\">Stie\u0146a izm\u0113rs<\/td>\n<td style=\"width: 397.143%;\">1,125\u20134 collas<\/td>\n<\/tr>\n<tr>\n<td style=\"width: 42.8571%;\">Trieciena izm\u0113rs<\/td>\n<td style=\"width: 397.143%;\">4\u2013100 collas<\/td>\n<\/tr>\n<tr>\n<td style=\"width: 42.8571%;\">Tapas izm\u0113rs<\/td>\n<td style=\"width: 397.143%;\">0,5\u20132 collas<\/td>\n<\/tr>\n<tr>\n<td style=\"width: 42.8571%;\">Ostas<\/td>\n<td style=\"width: 397.143%;\">G\/SAE\/NPT\/M<\/td>\n<\/tr>\n<\/tbody>\n<\/table>\n<h2>At\u0161\u0137ir\u012bg\u0101s iez\u012bmes<\/h2>\n<ul>\n<li>Energoefekt\u012bvs: \u0160is hidrauliskais cilindrs ir izstr\u0101d\u0101ts, lai maksim\u0101li palielin\u0101tu jaudu, vienlaikus samazinot ener\u0123ijas pat\u0113ri\u0146u.<\/li>\n<li>Augsta veiktsp\u0113ja: Tas pied\u0101v\u0101 nep\u0101rsp\u0113jamu veiktsp\u0113ju ar maksim\u0101lo vilci 3000 tonnu un maksim\u0101lo vilkmi 20 tonnas.<\/li>\n<li>Dro\u0161\u012bba: Produkts ir izstr\u0101d\u0101ts, iev\u0113rojot augst\u0101kos dro\u0161\u012bbas standartus, lai nodro\u0161in\u0101tu darb\u012bbu bez riska.<\/li>\n<\/ul>\n<p><img loading=\"lazy\" decoding=\"async\" class=\"alignnone  wp-image-6663\" src=\"https:\/\/fmp-components.com\/wp-content\/uploads\/2025\/03\/telescopic-hydraulic-cylinder-11.webp\" alt=\"teleskopiskais hidrauliskais cilindrs\" width=\"794\" height=\"794\" title=\"\" srcset=\"https:\/\/fmp-components.com\/wp-content\/uploads\/2025\/03\/telescopic-hydraulic-cylinder-11.webp 794w, https:\/\/fmp-components.com\/wp-content\/uploads\/2025\/03\/telescopic-hydraulic-cylinder-11-480x480.webp 480w\" sizes=\"(min-width: 0px) and (max-width: 480px) 480px, (min-width: 481px) 794px, 100vw\" \/><\/p>\n<h2>Hidraulisk\u0101s sist\u0113mas un darb\u012bbas principi<\/h2>\n<p>Hidraulisk\u0101 cilindra darb\u012bbas pamatprincips ir izmantot spiedienam pak\u013cautu hidraulisko \u0161\u0137idrumu, lai rad\u012btu line\u0101ru sp\u0113ku un kust\u012bbu. Kad hidrauliskais \u0161\u0137idrums cilindr\u0101 tiek pak\u013cauts spiedienam, tas rada sp\u0113ku, kas iedarbojas uz virzuli, k\u0101 rezult\u0101t\u0101 rodas kust\u012bba. \u0160is meh\u0101nisms ir \u013coti svar\u012bgs hidraulisk\u0101s ener\u0123ijas p\u0101rveido\u0161anai meh\u0101niskaj\u0101 ener\u0123ij\u0101, \u013caujot veikt da\u017e\u0101dus uzdevumus, kuriem nepiecie\u0161ama iztur\u012bba un precizit\u0101te. Hidraulisko cilindru daudzpus\u012bba padara tos neaizst\u0101jamus daudzos pielietojumos, \u012bpa\u0161i smagaj\u0101s ma\u0161\u012bn\u0101s, celtniec\u012bbas iek\u0101rt\u0101s un lielos instrumentos, kur b\u016btiska ir uzticama un jaud\u012bga veiktsp\u0113ja.<\/p>\n<p>Hidraulisk\u0101s sist\u0113mas izmanto \u0161o principu, lai uzlabotu darb\u012bbas efektivit\u0101ti da\u017e\u0101d\u0101s nozar\u0113s. Izmantojot hidraulisko \u0161\u0137idrumu, \u0161\u012bs sist\u0113mas var p\u0101rvad\u012bt jaudu iev\u0113rojamos att\u0101lumos bez b\u016btiskiem zudumiem, padarot t\u0101s ide\u0101li piem\u0113rotas lietojumiem, kuros ir ierobe\u017eota telpa un svars. \u0160\u012b sp\u0113ja \u013cauj hidrauliskajiem cilindriem nodro\u0161in\u0101t nepiecie\u0161amo sp\u0113ku, lai paceltu smagas kravas, manipul\u0113tu ar ma\u0161\u012bnu deta\u013c\u0101m un viegli veiktu sare\u017e\u0123\u012btus uzdevumus.<\/p>\n<h2>Pieteikumi<\/h2>\n<p>M\u016bsu hidrauliskie cilindri tiek pla\u0161i izmantoti da\u017e\u0101d\u0101s nozar\u0113s, tostarp ma\u0161\u012bnb\u016bves darbn\u012bc\u0101s, lauksaimniec\u012bbas darbn\u012bc\u0101s, ener\u0123\u0113tikas un ieguves r\u016bpniec\u012bb\u0101, ma\u0161\u012bnb\u016bves ra\u017eo\u0161an\u0101 un ma\u0161\u012bnb\u016bves r\u016bpn\u012bc\u0101s. Ma\u0161\u012bnb\u016bves remonta darbn\u012bc\u0101s tie atvieglo smago iek\u0101rtu dro\u0161u cel\u0161anu un pozicion\u0113\u0161anu, \u013caujot tehni\u0137iem efekt\u012bvi veikt apkopi un remontu. \u0160\u012b funkcionalit\u0101te ir \u013coti svar\u012bga, lai nodro\u0161in\u0101tu, ka iek\u0101rtas paliek darbsp\u0113j\u012bgas un dro\u0161as lieto\u0161anai.<\/p>\n<p>Lauksaimniec\u012bbas vid\u0113 hidrauliskie cilindri ir b\u016btiski lauksaimniec\u012bbas tehnikas, piem\u0113ram, traktoru, arklu un kombainu, darbin\u0101\u0161anai. Tie \u013cauj lauksaimniekiem efekt\u012bvi pacelt un regul\u0113t apr\u012bkojumu, iev\u0113rojami uzlabojot produktivit\u0101ti un samazinot ar roku darbu saist\u012bto fizisko slodzi.<\/p>\n<p>Ener\u0123\u0113tikas un kalnr\u016bpniec\u012bbas nozares ar\u012b liel\u0101 m\u0113r\u0101 pa\u013caujas uz hidrauliskajiem cilindriem, lai darbin\u0101tu t\u0101das iek\u0101rtas k\u0101 ekskavatorus un urb\u0161anas iek\u0101rtas. \u0160ie cilindri nodro\u0161ina sp\u0113ku, kas nepiecie\u0161ams sare\u017e\u0123\u012btu uzdevumu veik\u0161anai, nodro\u0161inot efekt\u012bvu resursu ieguvi un apstr\u0101di sare\u017e\u0123\u012bt\u0101 vid\u0113.<\/p>\n<p>Ma\u0161\u012bnb\u016bves nozar\u0113 m\u016bsu hidrauliskie cilindri ir neat\u0146emama mont\u0101\u017eas l\u012bniju un ra\u017eo\u0161anas procesu sast\u0101vda\u013ca. Tie pal\u012bdz prec\u012bzi p\u0101rvietot komponentus, t\u0101d\u0113j\u0101di uzlabojot darbpl\u016bsmu un darb\u012bbas efektivit\u0101ti. To uzticam\u012bba un veiktsp\u0113ja ir \u013coti svar\u012bga, lai uztur\u0113tu augstus ra\u017eo\u0161anas standartus un samazin\u0101tu d\u012bkst\u0101ves laiku.<\/p>\n<h2>Hidrauliskie cilindri un sp\u0113ka agreg\u0101ti<\/h2>\n<p>Hidrauliskie cilindri un sp\u0113ka agreg\u0101ti ir neat\u0146emamas jebkuras hidraulisk\u0101s sist\u0113mas sast\u0101vda\u013cas, kas sadarbojas, lai nodro\u0161in\u0101tu efekt\u012bvu jaudu un vad\u012bbu. Sp\u0113ka agreg\u0101ts kalpo k\u0101 sist\u0113mas ener\u0123ijas avots, \u0123ener\u0113jot un regul\u0113jot hidraulisk\u0101 \u0161\u0137idruma spiedienu, kas nepiecie\u0161ams hidraulisko cilindru darbin\u0101\u0161anai. \u0160\u012b siner\u0123ija nodro\u0161ina, ka cilindri sa\u0146em nepiecie\u0161amo sp\u0113ku, lai efekt\u012bvi veiktu savas funkcijas.<\/p>\n<p>Hidraulisko cilindru un sp\u0113ka agreg\u0101tu kombin\u0101cija \u013cauj pla\u0161i pielietot hidraulisk\u0101s tehnolo\u0123ijas r\u016bpnieciskaj\u0101 jom\u0101. Kop\u0101 tie nodro\u0161ina uzticamu jaudas un vad\u012bbas atbalstu da\u017e\u0101d\u0101m in\u017eeniertehnisk\u0101m un meh\u0101nisk\u0101m iek\u0101rt\u0101m, \u013caujot uz\u0146\u0113mumiem p\u0101rliecino\u0161i sasniegt savus darb\u012bbas m\u0113r\u0137us.<\/p>\n<p>FMP pied\u0101v\u0101 ne tikai augstas kvalit\u0101tes hidrauliskos cilindrus, bet ar\u012b pla\u0161u sp\u0113ka agreg\u0101tu kl\u0101stu. \u0160\u012b visaptvero\u0161\u0101 pieeja nodro\u0161ina, ka m\u016bsu klientiem ir pieejami piln\u012bgi hidrauliskie risin\u0101jumi, kas piel\u0101goti vi\u0146u \u012bpa\u0161aj\u0101m vajadz\u012bb\u0101m. Nodro\u0161inot abus komponentus, m\u0113s pal\u012bdzam uz\u0146\u0113mumiem optimiz\u0113t savas hidraulisk\u0101s sist\u0113mas, uzlabojot efektivit\u0101ti, uzticam\u012bbu un kop\u0113jo produktivit\u0101ti da\u017e\u0101dos pielietojumos.<\/p>\n<h2>Bie\u017ei uzdotie jaut\u0101jumi<\/h2>\n<p><strong>J: Vai j\u016bs esat tirdzniec\u012bbas uz\u0146\u0113mums vai ra\u017eot\u0101js?<\/strong><\/p>\n<p>A: M\u0113s esam r\u016bpn\u012bca.<\/p>\n<p><strong>J: Cik ilgs ir j\u016bsu pieg\u0101des laiks?<\/strong><\/p>\n<p>A: Parasti tas ir 25\u201335 dienas.<\/p>\n<p><strong>J: Vai j\u016bs sniedzat paraugus?<\/strong><\/p>\n<p>A: J\u0101, m\u0113s var\u0113tu pied\u0101v\u0101t paraugu, bet tas nav bez maksas.<\/p>\n<h3>Par FMP<\/h3>\n<p class=\"break-words\">FMP ir vado\u0161ais It\u0101lijas ra\u017eot\u0101js, kas specializ\u0113jas augstas kvalit\u0101tes hidraulisko cilindru projekt\u0113\u0161an\u0101, izstr\u0101d\u0113 un ra\u017eo\u0161an\u0101. Ar bag\u0101t\u012bgu mantojumu, kas sak\u0146ojas gadu desmitiem ilg\u0101 pieredz\u0113, m\u0113s ar lepnumu apvienojam it\u0101\u013cu meistar\u012bbu ar jaun\u0101kaj\u0101m tehnolo\u0123ij\u0101m, lai nodro\u0161in\u0101tu izcilus hidrauliskos risin\u0101jumus, kas piel\u0101goti m\u016bsu glob\u0101l\u0101 klientu loka da\u017e\u0101daj\u0101m vajadz\u012bb\u0101m. FMP, kas atrodas It\u0101lij\u0101, in\u017eenierijas izcil\u012bbas centr\u0101, ir uzticams v\u0101rds hidraulikas nozar\u0113 un ir ap\u0146\u0113mies nodro\u0161in\u0101t uzticamus, iztur\u012bgus un inovat\u012bvus produktus, kas dod iesp\u0113jas uz\u0146\u0113mumiem vis\u0101 pasaul\u0113.<\/p>\n<p class=\"break-words\">M\u016bsu uz\u0146\u0113mums apvieno lab\u0101k\u0101s progres\u012bv\u0101s ra\u017eo\u0161anas trad\u012bcijas ar t\u0101lredz\u012bgu pieeju. Balstoties uz daudzu gadu pieredzi hidraulisko sist\u0113mu jom\u0101, FMP ir att\u012bst\u012bjies par modernu uz\u0146\u0113mumu, kas izce\u013cas ar izcil\u0101m p\u0113tniec\u012bbas, dizaina un ra\u017eo\u0161anas sp\u0113j\u0101m. M\u0113s specializ\u0113jamies pla\u0161\u0101 hidraulisko cilindru kl\u0101st\u0101, tostarp divk\u0101r\u0161as darb\u012bbas cilindros, automobi\u013cu pacel\u0161anas cilindros, lauksaimniec\u012bbas tehnikas cilindros un piel\u0101gotos risin\u0101jumos da\u017e\u0101diem r\u016bpnieciskiem pielietojumiem. Neatkar\u012bgi no t\u0101, vai tas ir paredz\u0113ts b\u016bvniec\u012bbai, r\u016bpniecisk\u0101m instal\u0101cij\u0101m, lauksaimniec\u012bbai vai smagajai tehnikai, m\u016bsu hidrauliskie cilindri ir rad\u012bti, lai darbotos vissmag\u0101kajos apst\u0101k\u013cos, nodro\u0161inot dro\u0161\u012bbu, efektivit\u0101ti un ilgm\u016b\u017e\u012bbu.<\/p>\n<p><img loading=\"lazy\" decoding=\"async\" class=\"alignnone size-full wp-image-6720\" src=\"https:\/\/fmp-components.com\/wp-content\/uploads\/2025\/03\/hydraulic-cylinder-8.webp\" alt=\"Teleskopiskie hidrauliskie cilindri\" width=\"933\" height=\"526\" title=\"\" srcset=\"https:\/\/fmp-components.com\/wp-content\/uploads\/2025\/03\/hydraulic-cylinder-8.webp 933w, https:\/\/fmp-components.com\/wp-content\/uploads\/2025\/03\/hydraulic-cylinder-8-480x271.webp 480w\" sizes=\"(min-width: 0px) and (max-width: 480px) 480px, (min-width: 481px) 933px, 100vw\" \/><\/p>\n<p class=\"break-words\">Uz\u0146\u0113mum\u0101 FMP m\u0113s lepojamies ar sav\u0101m modern\u0101kaj\u0101m ra\u017eo\u0161anas iek\u0101rt\u0101m, kas apr\u012bkotas ar prec\u012bzijas iek\u0101rt\u0101m un modern\u0101m test\u0113\u0161anas sist\u0113m\u0101m. M\u016bsu ra\u017eo\u0161anas procesi atbilst stingriem valsts un starptautiskajiem standartiem, nodro\u0161inot, ka katrs hidrauliskais cilindrs, kas atst\u0101j m\u016bsu r\u016bpn\u012bcu, ir augst\u0101k\u0101s kvalit\u0101tes un uzticam\u012bbas. M\u016bsu prasm\u012bg\u0101 tehnisk\u0101 komanda apvienojum\u0101 ar modern\u0101ko apr\u012bkojumu \u013cauj mums uztur\u0113t stingru kvalit\u0101tes kontroli katr\u0101 ra\u017eo\u0161anas posm\u0101 \u2014 s\u0101kot no izejvielu izv\u0113les l\u012bdz gal\u012bgajai p\u0101rbaudei. \u0160\u012b ap\u0146em\u0161an\u0101s sasniegt izcil\u012bbu ir nodro\u0161in\u0101jusi mums sertifik\u0101tus un atzin\u012bbu no nozares iest\u0101d\u0113m, v\u0113l vair\u0101k nostiprinot m\u016bsu reput\u0101ciju k\u0101 uzticamam partnerim.<\/p>\n<p class=\"break-words\">M\u016bsu misija ir vienk\u0101r\u0161a, tom\u0113r ambicioza: nodro\u0161in\u0101t m\u016bsu klientus ar hidrauliskajiem cilindriem, kas p\u0101rsniedz cer\u012bbas attiec\u012bb\u0101 uz veiktsp\u0113ju, iztur\u012bbu un v\u0113rt\u012bbu. M\u0113s darbojamies, iev\u0113rojot profesionalit\u0101tes, godpr\u0101t\u012bbas un klientu apkalpo\u0161anas pamatprincipus. Veicinot inov\u0101ciju un precizit\u0101tes kult\u016bru, m\u0113s nep\u0101rtraukti pilnveidojam savus produktus, lai saglab\u0101tu l\u012bderpoz\u012bcijas konkur\u0113tsp\u0113j\u012bg\u0101 tirg\u016b. M\u016bsu pla\u0161ais produktu kl\u0101sts un sp\u0113ja pied\u0101v\u0101t piel\u0101gotus risin\u0101jumus padara m\u016bs par lab\u0101ko izv\u0113li uz\u0146\u0113mumiem, kas mekl\u0113 augstas veiktsp\u0113jas hidrauliskos cilindrus.<\/p>\n<p class=\"break-words\">FMP ir vair\u0101k nek\u0101 tikai ra\u017eot\u0101js \u2014 m\u0113s esam partneris j\u016bsu pan\u0101kumos. M\u0113s saprotam, ka m\u016bsu klienti pa\u013caujas uz mums, lai pieg\u0101d\u0101tu instrumentus, kas uzlabo vi\u0146u produktivit\u0101ti un dro\u0161\u012bbu. T\u0101p\u0113c m\u0113s esam ap\u0146\u0113mu\u0161ies pied\u0101v\u0101t ne tikai augst\u0101k\u0101s klases produktus, bet ar\u012b izcilu servisu. S\u0101kot ar s\u0101kotn\u0113jo konsult\u0101ciju un beidzot ar p\u0113cp\u0101rdo\u0161anas atbalstu, m\u0113s cie\u0161i sadarbojamies ar saviem klientiem, lai nodro\u0161in\u0101tu, ka vi\u0146u vajadz\u012bbas tiek apmierin\u0101tas ar profesionalit\u0101ti un r\u016bp\u012bbu. M\u016bsu konkur\u0113tsp\u0113j\u012bg\u0101s cenas apvienojum\u0101 ar nelok\u0101mo ap\u0146em\u0161anos nodro\u0161in\u0101t kvalit\u0101ti padara FMP par gudru izv\u0113li uz\u0146\u0113mumiem, kas v\u0113las ieguld\u012bt l\u012bdzek\u013cus uzticamos hidrauliskajos risin\u0101jumos.<\/p>","protected":false},"excerpt":{"rendered":"<p>Good Quality 4 Stage Double Acting Telescopic Multistage Hydraulic Cylinder Introducing the top-notch, high-performing 4 Stage Double Acting Telescopic hydraulic cylinder. This hydraulic cylinder is a perfect blend of superior quality and robust engineering, designed to suit a variety of industries including Machinery Repair Shops, Farms, Energy &amp; Mining, Machinery manufacturing, and Machinery factories. Key [&hellip;]<\/p>","protected":false},"featured_media":6800,"comment_status":"closed","ping_status":"closed","template":"","meta":{"_et_pb_use_builder":"","_et_pb_old_content":"","_et_gb_content_width":""},"product_brand":[],"product_cat":[103],"product_tag":[34,105],"class_list":{"0":"post-6573","1":"product","2":"type-product","3":"status-publish","4":"has-post-thumbnail","6":"product_cat-telescopic-hydraulic-cylinders","7":"product_tag-hydraulic-cylinder","8":"product_tag-telescopic-hydraulic-cylinders","10":"first","11":"instock","12":"product-type-simple"},"_links":{"self":[{"href":"https:\/\/fmp-components.com\/lv\/wp-json\/wp\/v2\/product\/6573","targetHints":{"allow":["GET"]}}],"collection":[{"href":"https:\/\/fmp-components.com\/lv\/wp-json\/wp\/v2\/product"}],"about":[{"href":"https:\/\/fmp-components.com\/lv\/wp-json\/wp\/v2\/types\/product"}],"replies":[{"embeddable":true,"href":"https:\/\/fmp-components.com\/lv\/wp-json\/wp\/v2\/comments?post=6573"}],"wp:featuredmedia":[{"embeddable":true,"href":"https:\/\/fmp-components.com\/lv\/wp-json\/wp\/v2\/media\/6800"}],"wp:attachment":[{"href":"https:\/\/fmp-components.com\/lv\/wp-json\/wp\/v2\/media?parent=6573"}],"wp:term":[{"taxonomy":"product_brand","embeddable":true,"href":"https:\/\/fmp-components.com\/lv\/wp-json\/wp\/v2\/product_brand?post=6573"},{"taxonomy":"product_cat","embeddable":true,"href":"https:\/\/fmp-components.com\/lv\/wp-json\/wp\/v2\/product_cat?post=6573"},{"taxonomy":"product_tag","embeddable":true,"href":"https:\/\/fmp-components.com\/lv\/wp-json\/wp\/v2\/product_tag?post=6573"}],"curies":[{"name":"wp","href":"https:\/\/api.w.org\/{rel}","templated":true}]}}