{"id":6566,"date":"2025-03-11T06:29:39","date_gmt":"2025-03-11T06:29:39","guid":{"rendered":"https:\/\/fmp-components.com\/product\/quality-assurance-telescopic-hydraulic-cylinder-for-dump-trailer"},"modified":"2025-03-12T06:33:56","modified_gmt":"2025-03-12T06:33:56","slug":"quality-assurance-telescopic-hydraulic-cylinder-for-dump-trailer","status":"publish","type":"product","link":"https:\/\/fmp-components.com\/lv\/product\/quality-assurance-telescopic-hydraulic-cylinder-for-dump-trailer\/","title":{"rendered":"Kvalit\u0101tes nodro\u0161in\u0101\u0161anas teleskopiskais hidrauliskais cilindrs pa\u0161izg\u0101z\u0113ja piekabei"},"content":{"rendered":"<h2>Kvalit\u0101tes nodro\u0161in\u0101\u0161anas teleskopiskais hidrauliskais cilindrs pa\u0161izg\u0101z\u0113ja piekabei<\/h2>\n<p>Iepaz\u012bstin\u0101m ar m\u016bsu jaun\u0101ko produktu \u2014 kvalit\u0101tes nodro\u0161in\u0101\u0161anas teleskopisko hidraulisko cilindru pa\u0161izg\u0101z\u0113ja piekabei. \u0160is ir augst\u0101k\u0101s klases hidrauliskais cilindrs, kas paredz\u0113ts optim\u0101lai veiktsp\u0113jai da\u017e\u0101d\u0101s nozar\u0113s, tostarp ma\u0161\u012bnb\u016bves remonta darbn\u012bc\u0101s, ferm\u0101s, ener\u0123\u0113tikas un ieguves r\u016bpniec\u012bb\u0101, k\u0101 ar\u012b ma\u0161\u012bnb\u016bves r\u016bpn\u012bc\u0101s.<\/p>\n<h2>Funkcijas un funkcionalit\u0101te<\/h2>\n<p>Teleskopiskais hidrauliskais cilindrs ir standarta, daudzpak\u0101pju hidrauliskais cilindrs ar virzu\u013ca strukt\u016bru. Tas darbojas ar hidraulisko sp\u0113ku, un t\u0101 korpuss ir izgatavots no iztur\u012bga t\u0113rauda. T\u0101 maksim\u0101l\u0101 vilce ir 3000 un tas var pavilkt l\u012bdz 20 tonn\u0101m. Cilindram ir viena gada garantija, un tas ir sertific\u0113ts saska\u0146\u0101 ar ISO9001:2000 standartu, kas nor\u0101da uz produkta augst\u0101ko kvalit\u0101ti.<\/p>\n<table style=\"width: 95.4582%;\" border=\"\">\n<tbody>\n<tr>\n<th style=\"width: 43.5028%;\">Urbuma izm\u0113rs<\/th>\n<td style=\"width: 461.017%;\">2\u20136 collas<\/td>\n<\/tr>\n<tr>\n<th style=\"width: 43.5028%;\">Stie\u0146a izm\u0113rs<\/th>\n<td style=\"width: 461.017%;\">1,125\u20134 collas<\/td>\n<\/tr>\n<tr>\n<th style=\"width: 43.5028%;\">Trieciena izm\u0113rs<\/th>\n<td style=\"width: 461.017%;\">4\u2013100 collas<\/td>\n<\/tr>\n<tr>\n<th style=\"width: 43.5028%;\">Tapas izm\u0113rs<\/th>\n<td style=\"width: 461.017%;\">0,5\u20132 collas<\/td>\n<\/tr>\n<tr>\n<th style=\"width: 43.5028%;\">Ostas<\/th>\n<td style=\"width: 461.017%;\">G\/SAE\/NPT\/M<\/td>\n<\/tr>\n<\/tbody>\n<\/table>\n<h2>Unik\u0101las priek\u0161roc\u012bbas<\/h2>\n<ul>\n<li>Energoefekt\u012bvs: paredz\u0113ts maz\u0101kam ener\u0123ijas pat\u0113ri\u0146am, vienlaikus nodro\u0161inot maksim\u0101lu jaudu.<\/li>\n<li>Augsta efektivit\u0101te: t\u0101 sp\u0113ja vilkt l\u012bdz 20 tonn\u0101m padara to piem\u0113rotu lieljaudas lietojumiem.<\/li>\n<li>Dro\u0161\u012bba: Hidrauliskais cilindrs ir sertific\u0113ts saska\u0146\u0101 ar ISO9001:2000, kas nodro\u0161ina t\u0101 dro\u0161\u012bbu un uzticam\u012bbu.<\/li>\n<\/ul>\n<h2>Hidraulisk\u0101 sist\u0113ma un darb\u012bbas princips<\/h2>\n<p>Hidraulisko cilindru darb\u012bbas pamatprincips ir hidraulisk\u0101s ener\u0123ijas p\u0101rveido\u0161ana meh\u0101nisk\u0101 kust\u012bb\u0101. \u0160\u012b p\u0101rveido\u0161ana tiek pan\u0101kta, pateicoties neman\u0101mai mijiedarb\u012bbai starp hidraulisko cilindru un sp\u0113ka agreg\u0101tu. Kad hidrauliskais \u0161\u0137idrums tiek pak\u013cauts spiedienam, tas rada sp\u0113ku, kas p\u0101rvieto virzuli cilindr\u0101, k\u0101 rezult\u0101t\u0101 rodas line\u0101ra kust\u012bba. \u0160is process nodro\u0161ina prec\u012bzu vad\u012bbu un jaud\u012bgu darb\u012bbu, padarot hidraulisk\u0101s sist\u0113mas \u013coti efekt\u012bvas da\u017e\u0101diem pielietojumiem.<\/p>\n<h3>Pieteikumi<\/h3>\n<p>M\u016bsu hidrauliskie cilindri tiek izmantoti da\u017e\u0101d\u0101s nozar\u0113s, tostarp:<\/p>\n<ul>\n<li><strong>Ma\u0161\u012bnu remonta darbn\u012bcas:<\/strong> Kur tie pal\u012bdz pacelt un novietot smago ma\u0161\u012bnu deta\u013cas apkopei un remontam.<\/li>\n<li><strong>Fermas:<\/strong> Nodro\u0161ina efekt\u012bvu smagu kravu, piem\u0113ram, apr\u012bkojuma, augsnes un produktu, p\u0101rvieto\u0161anu.<\/li>\n<li><strong>Ener\u0123\u0113tika un ieguves r\u016bpniec\u012bba:<\/strong> Atbalsta darb\u012bbas, kur\u0101m nepiecie\u0161amas sp\u0113c\u012bgas cel\u0161anas un apstr\u0101des iesp\u0113jas sare\u017e\u0123\u012btos apst\u0101k\u013cos.<\/li>\n<li><strong>Ma\u0161\u012bnu ra\u017eo\u0161anas r\u016bpn\u012bcas:<\/strong> Atvieglojot lielu ma\u0161\u012bnu deta\u013cu mont\u0101\u017eu un p\u0101rvieto\u0161anu ra\u017eo\u0161anas procesu laik\u0101.<\/li>\n<\/ul>\n<p><img loading=\"lazy\" decoding=\"async\" class=\"alignnone  wp-image-6665\" src=\"https:\/\/fmp-components.com\/wp-content\/uploads\/2025\/03\/telescopic-hydraulic-cylinder-9.webp\" alt=\"teleskopiskais hidrauliskais cilindrs\" width=\"926\" height=\"926\" title=\"\" srcset=\"https:\/\/fmp-components.com\/wp-content\/uploads\/2025\/03\/telescopic-hydraulic-cylinder-9.webp 926w, https:\/\/fmp-components.com\/wp-content\/uploads\/2025\/03\/telescopic-hydraulic-cylinder-9-480x480.webp 480w\" sizes=\"(min-width: 0px) and (max-width: 480px) 480px, (min-width: 481px) 926px, 100vw\" \/><\/p>\n<h2>Hidrauliskie cilindri un sp\u0113ka agreg\u0101ti<\/h2>\n<p>Hidrauliskie cilindri un sp\u0113ka agreg\u0101ti ir b\u016btiskas hidraulisk\u0101s sist\u0113mas sast\u0101vda\u013cas. To integr\u0113t\u0101 darb\u012bba \u013cauj pla\u0161i pielietot hidraulisk\u0101s tehnolo\u0123ijas r\u016bpnieciskos apst\u0101k\u013cos. Hidrauliskais cilindrs darbojas k\u0101 izpildmeh\u0101nisms, kas ir atbild\u012bgs par hidraulisk\u0101s ener\u0123ijas p\u0101rveido\u0161anu meh\u0101nisk\u0101 kust\u012bb\u0101, p\u0101rveidojot spiedienu sp\u0113k\u0101. Tas \u013cauj pla\u0161am ma\u0161\u012bnu kl\u0101stam efekt\u012bvi un lietder\u012bgi veikt uzdevumus.<\/p>\n<p>No otras puses, sp\u0113ka agreg\u0101ts kalpo k\u0101 hidraulisk\u0101s sist\u0113mas sirds, pieg\u0101d\u0101jot nepiecie\u0161amo ener\u0123iju un vad\u012bbas sign\u0101lus. Tas sast\u0101v no s\u016bk\u0146a, rezervu\u0101ra un da\u017e\u0101diem vad\u012bbas meh\u0101nismiem, kas regul\u0113 \u0161\u0137idruma pl\u016bsmu un spiedienu. Hidrauliskais cilindrs un sp\u0113ka agreg\u0101ts kop\u0101 darbojas harmonij\u0101, nodro\u0161inot hidraulisk\u0101s sist\u0113mas vienm\u0113r\u012bgu un uzticamu darb\u012bbu.<\/p>\n<p>FMP pied\u0101v\u0101 ar\u012b augstas kvalit\u0101tes sp\u0113ka agreg\u0101tus, kas piel\u0101goti da\u017e\u0101du pielietojumu \u012bpa\u0161aj\u0101m vajadz\u012bb\u0101m, sniedzot papildu atbalstu j\u016bsu hidrauliskaj\u0101m sist\u0113m\u0101m. \u0160\u012b visaptvero\u0161\u0101 pieeja nodro\u0161ina, ka j\u016bsu tehnika darbojas ar optim\u0101lu veiktsp\u0113ju, uzlabojot produktivit\u0101ti un dro\u0161\u012bbu j\u016bsu darb\u012bb\u0101s.<\/p>\n<p><img loading=\"lazy\" decoding=\"async\" class=\"alignnone  wp-image-6664\" src=\"https:\/\/fmp-components.com\/wp-content\/uploads\/2025\/03\/telescopic-hydraulic-cylinder-8.webp\" alt=\"teleskopiskais hidrauliskais cilindrs\" width=\"910\" height=\"910\" title=\"\" srcset=\"https:\/\/fmp-components.com\/wp-content\/uploads\/2025\/03\/telescopic-hydraulic-cylinder-8.webp 910w, https:\/\/fmp-components.com\/wp-content\/uploads\/2025\/03\/telescopic-hydraulic-cylinder-8-480x480.webp 480w\" sizes=\"(min-width: 0px) and (max-width: 480px) 480px, (min-width: 481px) 910px, 100vw\" \/><\/p>\n<h3>Bie\u017ei uzdotie jaut\u0101jumi<\/h3>\n<p><strong>J: Cik ilga ir j\u016bsu hidraulisko cilindru garantija?<\/strong><br \/>\nA: M\u016bsu hidrauliskajiem cilindriem ir 1 gada garantija.<\/p>\n<p><strong>J: K\u0101da ir j\u016bsu hidraulisko cilindru maksim\u0101l\u0101 vilces jauda?<\/strong><br \/>\nA: M\u016bsu hidraulisko cilindru maksim\u0101l\u0101 vilces jauda ir 3000.<\/p>\n<p><strong>J: Vai es varu p\u0101rbaud\u012bt produktu pirms pirk\u0161anas?<\/strong><br \/>\nA: J\u0101, m\u0113s saviem klientiem pied\u0101v\u0101jam video izejo\u0161o p\u0101rbaudi.<\/p>\n<h3>Par FMP<\/h3>\n<p>FMP ir vado\u0161ais it\u0101\u013cu ra\u017eot\u0101js, kas ir paz\u012bstams ar augstas kvalit\u0101tes hidraulisko cilindru projekt\u0113\u0161anu, izstr\u0101di un ra\u017eo\u0161anu. Ar gadu desmitiem ilgu pieredzi m\u0113s apvienojam tradicion\u0101lo it\u0101\u013cu meistar\u012bbu ar progres\u012bv\u0101m tehnolo\u0123ij\u0101m, lai nodro\u0161in\u0101tu izcilus hidrauliskos risin\u0101jumus, kas piel\u0101goti m\u016bsu glob\u0101l\u0101 klientu loka da\u017e\u0101daj\u0101m vajadz\u012bb\u0101m. FMP atrodas It\u0101lij\u0101, in\u017eeniertehnisk\u0101s izcil\u012bbas centr\u0101, un ir k\u013cuvis par uzticamu v\u0101rdu hidraulikas nozar\u0113, kas ir ap\u0146\u0113mies nodro\u0161in\u0101t uzticamus, iztur\u012bgus un inovat\u012bvus produktus, kas dod iesp\u0113jas uz\u0146\u0113mumiem vis\u0101 pasaul\u0113.<\/p>\n<p>M\u0113s apvienojam lab\u0101k\u0101s progres\u012bv\u0101s ra\u017eo\u0161anas trad\u012bcijas ar t\u0101lredz\u012bgu pieeju. Balstoties uz m\u016bsu pla\u0161o pieredzi hidraulisko sist\u0113mu jom\u0101, FMP ir k\u013cuvis par modernu uz\u0146\u0113mumu, kas izce\u013cas ar izciliem rezult\u0101tiem p\u0113tniec\u012bb\u0101, projekt\u0113\u0161an\u0101 un ra\u017eo\u0161an\u0101. M\u016bsu specializ\u0101cija ietver pla\u0161u hidraulisko cilindru kl\u0101stu, piem\u0113ram, divk\u0101r\u0161as darb\u012bbas cilindrus, automobi\u013cu pacel\u0161anas cilindrus, lauksaimniec\u012bbas tehnikas cilindrus un individu\u0101li izstr\u0101d\u0101tus risin\u0101jumus da\u017e\u0101diem r\u016bpnieciskiem pielietojumiem. M\u016bsu hidrauliskie cilindri, kas paredz\u0113ti darbam vissare\u017e\u0123\u012bt\u0101kajos apst\u0101k\u013cos, nodro\u0161ina dro\u0161\u012bbu, efektivit\u0101ti un ilgm\u016b\u017e\u012bbu t\u0101d\u0101s nozar\u0113s k\u0101 b\u016bvniec\u012bba, r\u016bpniecisk\u0101s instal\u0101cijas, lauksaimniec\u012bba un smag\u0101 tehnika.<\/p>\n<p>Uz\u0146\u0113mum\u0101 FMP m\u0113s lepojamies ar sav\u0101m modern\u0101kaj\u0101m ra\u017eo\u0161anas iek\u0101rt\u0101m, kas apr\u012bkotas ar prec\u012bzijas iek\u0101rt\u0101m un modern\u0101m test\u0113\u0161anas sist\u0113m\u0101m. M\u016bsu ra\u017eo\u0161anas procesi atbilst stingriem valsts un starptautiskajiem standartiem, garant\u0113jot, ka katrs hidrauliskais cilindrs, kas atst\u0101j m\u016bsu r\u016bpn\u012bcu, atbilst augst\u0101kajiem kvalit\u0101tes un uzticam\u012bbas standartiem. M\u016bsu prasm\u012bg\u0101 tehnisk\u0101 komanda apvienojum\u0101 ar modern\u0101ko apr\u012bkojumu \u013cauj mums uztur\u0113t stingru kvalit\u0101tes kontroli katr\u0101 ra\u017eo\u0161anas posm\u0101 \u2014 s\u0101kot no izejvielu izv\u0113les l\u012bdz gal\u012bgajai p\u0101rbaudei. \u0160\u012b ap\u0146em\u0161an\u0101s sasniegt izcil\u012bbu ir nodro\u0161in\u0101jusi mums sertifik\u0101tus un atzin\u012bbas no nozares iest\u0101d\u0113m, nostiprinot m\u016bsu reput\u0101ciju k\u0101 uzticamam partnerim.<\/p>\n<p><img loading=\"lazy\" decoding=\"async\" class=\"alignnone size-full wp-image-6720\" src=\"https:\/\/fmp-components.com\/wp-content\/uploads\/2025\/03\/hydraulic-cylinder-8.webp\" alt=\"Teleskopiskie hidrauliskie cilindri\" width=\"933\" height=\"526\" title=\"\" srcset=\"https:\/\/fmp-components.com\/wp-content\/uploads\/2025\/03\/hydraulic-cylinder-8.webp 933w, https:\/\/fmp-components.com\/wp-content\/uploads\/2025\/03\/hydraulic-cylinder-8-480x271.webp 480w\" sizes=\"(min-width: 0px) and (max-width: 480px) 480px, (min-width: 481px) 933px, 100vw\" \/><\/p>\n<p>M\u016bsu misija ir gan vienk\u0101r\u0161a, gan ambicioza: nodro\u0161in\u0101t hidrauliskos cilindrus, kas p\u0101rsniedz cer\u012bbas attiec\u012bb\u0101 uz veiktsp\u0113ju, iztur\u012bbu un v\u0113rt\u012bbu. Vadoties p\u0113c profesionalit\u0101tes, integrit\u0101tes un klientu apkalpo\u0161anas principiem, m\u0113s veicin\u0101m inov\u0101ciju un precizit\u0101tes kult\u016bru, nep\u0101rtraukti pilnveidojot savus produktus, lai saglab\u0101tu l\u012bderpoz\u012bcijas konkur\u0113tsp\u0113j\u012bg\u0101 tirg\u016b. Ar pla\u0161u produktu kl\u0101stu un sp\u0113ju pied\u0101v\u0101t piel\u0101gotus risin\u0101jumus m\u0113s esam v\u0113lam\u0101 izv\u0113le uz\u0146\u0113mumiem, kas mekl\u0113 augstas veiktsp\u0113jas hidrauliskos cilindrus.<\/p>\n<p>FMP ir vair\u0101k nek\u0101 tikai ra\u017eot\u0101js; m\u0113s esam partneris j\u016bsu pan\u0101kumos. M\u0113s apzin\u0101mies, ka m\u016bsu klienti pa\u013caujas uz mums, lai pieg\u0101d\u0101tu instrumentus, kas uzlabo vi\u0146u produktivit\u0101ti un dro\u0161\u012bbu. T\u0101p\u0113c m\u0113s esam ap\u0146\u0113mu\u0161ies nodro\u0161in\u0101t ne tikai augst\u0101k\u0101s klases produktus, bet ar\u012b izcilu servisu. S\u0101kot ar s\u0101kotn\u0113jo konsult\u0101ciju un beidzot ar p\u0113cp\u0101rdo\u0161anas atbalstu, m\u0113s cie\u0161i sadarbojamies ar saviem klientiem, lai nodro\u0161in\u0101tu, ka vi\u0146u vajadz\u012bbas tiek apmierin\u0101tas ar profesionalit\u0101ti un r\u016bp\u012bbu. M\u016bsu konkur\u0113tsp\u0113j\u012bg\u0101s cenas apvienojum\u0101 ar nelok\u0101mo ap\u0146em\u0161anos nodro\u0161in\u0101t kvalit\u0101ti padara FMP par gudru izv\u0113li uz\u0146\u0113mumiem, kas v\u0113las ieguld\u012bt uzticamos hidrauliskajos risin\u0101jumos.<\/p>","protected":false},"excerpt":{"rendered":"<p>Quality Assurance Telescopic Hydraulic Cylinder for Dump Trailer Introducing our newest product &#8211; the Quality Assurance Telescopic Hydraulic Cylinder for Dump Trailer. This is a top-tier hydraulic cylinder designed for optimum performance in various industries including Machinery Repair Shops, Farms, Energy &amp; Mining, and Machinery manufacturing plants. Features and Functionality The Telescopic Hydraulic Cylinder is [&hellip;]<\/p>","protected":false},"featured_media":6745,"comment_status":"closed","ping_status":"closed","template":"","meta":{"_et_pb_use_builder":"","_et_pb_old_content":"","_et_gb_content_width":""},"product_brand":[],"product_cat":[103],"product_tag":[34,105],"class_list":{"0":"post-6566","1":"product","2":"type-product","3":"status-publish","4":"has-post-thumbnail","6":"product_cat-telescopic-hydraulic-cylinders","7":"product_tag-hydraulic-cylinder","8":"product_tag-telescopic-hydraulic-cylinders","10":"first","11":"instock","12":"product-type-simple"},"_links":{"self":[{"href":"https:\/\/fmp-components.com\/lv\/wp-json\/wp\/v2\/product\/6566","targetHints":{"allow":["GET"]}}],"collection":[{"href":"https:\/\/fmp-components.com\/lv\/wp-json\/wp\/v2\/product"}],"about":[{"href":"https:\/\/fmp-components.com\/lv\/wp-json\/wp\/v2\/types\/product"}],"replies":[{"embeddable":true,"href":"https:\/\/fmp-components.com\/lv\/wp-json\/wp\/v2\/comments?post=6566"}],"wp:featuredmedia":[{"embeddable":true,"href":"https:\/\/fmp-components.com\/lv\/wp-json\/wp\/v2\/media\/6745"}],"wp:attachment":[{"href":"https:\/\/fmp-components.com\/lv\/wp-json\/wp\/v2\/media?parent=6566"}],"wp:term":[{"taxonomy":"product_brand","embeddable":true,"href":"https:\/\/fmp-components.com\/lv\/wp-json\/wp\/v2\/product_brand?post=6566"},{"taxonomy":"product_cat","embeddable":true,"href":"https:\/\/fmp-components.com\/lv\/wp-json\/wp\/v2\/product_cat?post=6566"},{"taxonomy":"product_tag","embeddable":true,"href":"https:\/\/fmp-components.com\/lv\/wp-json\/wp\/v2\/product_tag?post=6566"}],"curies":[{"name":"wp","href":"https:\/\/api.w.org\/{rel}","templated":true}]}}