{"id":6564,"date":"2025-03-11T06:29:39","date_gmt":"2025-03-11T06:29:39","guid":{"rendered":"https:\/\/fmp-components.com\/product\/factory-direct-sale-20-ton-4-stage-dump-truck-hydraulic-cylinder"},"modified":"2025-03-12T06:26:11","modified_gmt":"2025-03-12T06:26:11","slug":"factory-direct-sale-20-ton-4-stage-dump-truck-hydraulic-cylinder","status":"publish","type":"product","link":"https:\/\/fmp-components.com\/lv\/product\/factory-direct-sale-20-ton-4-stage-dump-truck-hydraulic-cylinder\/","title":{"rendered":"R\u016bpn\u012bcas tie\u0161\u0101 p\u0101rdo\u0161ana 20 tonnu 4 pak\u0101pju pa\u0161izg\u0101z\u0113ja hidrauliskais cilindrs"},"content":{"rendered":"<h2>R\u016bpn\u012bcas tie\u0161\u0101 p\u0101rdo\u0161ana 20 tonnu 4 pak\u0101pju pa\u0161izg\u0101z\u0113ja hidrauliskais cilindrs<\/h2>\n<p>Iepaz\u012bstin\u0101m ar m\u016bsu 20 tonnu 4 pak\u0101pju pa\u0161izg\u0101z\u0113ja hidraulisko cilindru \u2014 r\u016bpn\u012bcas tie\u0161\u0101s p\u0101rdo\u0161anas hidraulisk\u0101s tehnolo\u0123ijas sp\u0113kstaciju. \u0160is jaunais, standarta, daudzpak\u0101pju hidrauliskais cilindrs ir paredz\u0113ts optim\u0101lai funkcionalit\u0101tei da\u017e\u0101d\u0101s vid\u0113s, tostarp tehnikas remonta darbn\u012bc\u0101s, saimniec\u012bb\u0101s, ener\u0123\u0113tikas un ieguves r\u016bpniec\u012bb\u0101, tehnikas ra\u017eo\u0161an\u0101 un tehnikas r\u016bpn\u012bc\u0101s.<\/p>\n<h3>Funkcijas un specifik\u0101cijas<\/h3>\n<p>M\u016bsu hidrauliskais cilindrs ir virzu\u013ccilindrs ar hidraulisku baro\u0161anas avotu un t\u0113rauda korpusa materi\u0101lu. T\u0101 maksim\u0101l\u0101 vilces jauda ir 3000 tonnu un maksim\u0101l\u0101 vilk\u0161anas jauda ir 20 tonnas. Produktam ir pie\u0161\u0137irts ISO9001:2000 sertifik\u0101ts, kas apliecina t\u0101 kvalit\u0101ti un uzticam\u012bbu.<\/p>\n<table style=\"width: 91.9539%;\" border=\"\">\n<tbody>\n<tr>\n<th style=\"width: 43.5028%;\">Urbuma izm\u0113rs<\/th>\n<td style=\"width: 442.373%;\">2\u20136 collas<\/td>\n<\/tr>\n<tr>\n<th style=\"width: 43.5028%;\">Stie\u0146a izm\u0113rs<\/th>\n<td style=\"width: 442.373%;\">1,125\u20134 collas<\/td>\n<\/tr>\n<tr>\n<th style=\"width: 43.5028%;\">Trieciena izm\u0113rs<\/th>\n<td style=\"width: 442.373%;\">4\u2013100 collas<\/td>\n<\/tr>\n<tr>\n<th style=\"width: 43.5028%;\">Tapas izm\u0113rs<\/th>\n<td style=\"width: 442.373%;\">0,5\u20132 collas<\/td>\n<\/tr>\n<tr>\n<th style=\"width: 43.5028%;\">Ostas<\/th>\n<td style=\"width: 442.373%;\">G\/SAE\/NPT\/M<\/td>\n<\/tr>\n<\/tbody>\n<\/table>\n<h2>Unik\u0101las priek\u0161roc\u012bbas<\/h2>\n<ul>\n<li>Energoefekt\u012bvs: M\u016bsu hidrauliskais cilindrs ir paredz\u0113ts darb\u012bbai ar optim\u0101lu energoefektivit\u0101ti, samazinot ekspluat\u0101cijas izmaksas.<\/li>\n<li>Augsta efektivit\u0101te: Ar savu augsto vilces un vilk\u0161anas jaudu \u0161is hidrauliskais cilindrs nodro\u0161ina augstu darb\u012bbas efektivit\u0101ti.<\/li>\n<li>Dro\u0161\u012bba: Dro\u0161\u012bbu garant\u0113 m\u016bsu ISO9001:2000 sertific\u0113tais hidrauliskais cilindrs.<\/li>\n<\/ul>\n<p><img loading=\"lazy\" decoding=\"async\" class=\"alignnone  wp-image-6717\" src=\"https:\/\/fmp-components.com\/wp-content\/uploads\/2025\/03\/hydraulic-cylinder-211.webp\" alt=\"Hidrauliskie cilindri\" width=\"894\" height=\"896\" title=\"\" srcset=\"https:\/\/fmp-components.com\/wp-content\/uploads\/2025\/03\/hydraulic-cylinder-211.webp 894w, https:\/\/fmp-components.com\/wp-content\/uploads\/2025\/03\/hydraulic-cylinder-211-480x481.webp 480w\" sizes=\"(min-width: 0px) and (max-width: 480px) 480px, (min-width: 481px) 894px, 100vw\" \/><\/p>\n<h2>Hidraulisk\u0101s sist\u0113mas izpratne<\/h2>\n<p>M\u016bsu 20 tonnu 4 pak\u0101pju pa\u0161izg\u0101z\u0113ja hidraulisk\u0101 cilindra hidraulisk\u0101 sist\u0113ma darbojas p\u0113c \u0161\u0137idruma spiediena pamatprincipa. B\u016bt\u012bb\u0101, kad spiediens tiek pielikts noteiktam sist\u0113mas punktam, \u0161\u012bs spiediena izmai\u0146as tiek vienm\u0113r\u012bgi un bez zudumiem p\u0101rnestas uz vis\u0101m p\u0101r\u0113j\u0101m sast\u0101vda\u013c\u0101m. \u0160\u012b \u012bpa\u0161\u012bba nodro\u0161ina, ka sist\u0113ma var darboties efekt\u012bvi un jaud\u012bgi pat tad, ja tiek apstr\u0101d\u0101ts iev\u0113rojams svars vai smagas kravas. Izmantojot nesaspie\u017eamu \u0161\u0137idrumu, hidraulisk\u0101 sist\u0113ma var pastiprin\u0101t sp\u0113ku, nodro\u0161inot prec\u012bzu pa\u0161izg\u0101z\u0113ja kravas platformas kontroli un kust\u012bbu.<\/p>\n<p>Hidraulisk\u0101s sist\u0113mas konstrukcij\u0101 ir iek\u013cauti vair\u0101ki galvenie elementi, tostarp hidrauliskais \u0161\u0137idrums, caurules, v\u0101rsti un pats hidrauliskais cilindrs. Hidrauliskais \u0161\u0137idrums kalpo k\u0101 vide, caur kuru tiek p\u0101rnests sp\u0113ks, savuk\u0101rt caurules un v\u0101rsti regul\u0113 \u0161\u012b \u0161\u0137idruma pl\u016bsmu un virzienu. Hidrauliskais cilindrs k\u0101 galvenais izpildmeh\u0101nisms p\u0101rveido hidraulisko ener\u0123iju atpaka\u013c meh\u0101niskaj\u0101 ener\u0123ij\u0101, k\u0101 rezult\u0101t\u0101 tiek pan\u0101kta v\u0113lam\u0101 kravas automa\u0161\u012bnas pa\u0161izg\u0101z\u0113ja platformas kust\u012bba.<\/p>\n<h2>Pieteikums<\/h2>\n<p>\u0160is hidrauliskais cilindrs ir daudzpus\u012bgs un piem\u0113rots pla\u0161am pielietojumu kl\u0101stam da\u017e\u0101d\u0101s nozar\u0113s. Tas ir \u012bpa\u0161i noder\u012bgi tehnikas remonta darbn\u012bc\u0101s, kur nepiecie\u0161ama cel\u0161ana un pozicion\u0113\u0161ana smagajam apr\u012bkojumam. Lauksaimniec\u012bb\u0101 hidrauliskais cilindrs ir nenov\u0113rt\u0113jams t\u0101diem uzdevumiem k\u0101 smagu augsnes, produktu vai apr\u012bkojuma p\u0101rvieto\u0161ana. Ener\u0123\u0113tikas un kalnr\u016bpniec\u012bbas nozar\u0113s tam ir iz\u0161\u0137iro\u0161a noz\u012bme t\u0101du ma\u0161\u012bnu darb\u012bb\u0101, kur\u0101m j\u0101iztur iev\u0113rojams svars un j\u0101iztur nel\u012bdzena vide.<\/p>\n<p>Turkl\u0101t hidrauliskais cilindrs ir b\u016btisks ma\u0161\u012bnb\u016bves un r\u016bpn\u012bcu nozar\u0113, kur tas atbalsta lielu deta\u013cu mont\u0101\u017eu un p\u0101rvieto\u0161anu. T\u0101 iztur\u012bg\u0101 konstrukcija nodro\u0161ina, ka tas var iztur\u0113t lielas slodzes, vienlaikus nodro\u0161inot stabilu un uzticamu veiktsp\u0113ju vis\u0101 t\u0101 ekspluat\u0101cijas laik\u0101. \u0160\u012b uzticam\u012bba ir \u013coti svar\u012bga, lai saglab\u0101tu produktivit\u0101ti un dro\u0161\u012bbu sare\u017e\u0123\u012btos darba apst\u0101k\u013cos, padarot hidraulisko cilindru par neaizst\u0101jamu m\u016bsdienu ma\u0161\u012bnb\u016bves sast\u0101vda\u013cu.<\/p>\n<p><img loading=\"lazy\" decoding=\"async\" class=\"alignnone size-full wp-image-6660\" src=\"https:\/\/fmp-components.com\/wp-content\/uploads\/2025\/03\/hydraulic-cylinder-workshop-4.webp\" alt=\"teleskopiskais hidrauliskais cilindrs\" width=\"914\" height=\"733\" title=\"\" srcset=\"https:\/\/fmp-components.com\/wp-content\/uploads\/2025\/03\/hydraulic-cylinder-workshop-4.webp 914w, https:\/\/fmp-components.com\/wp-content\/uploads\/2025\/03\/hydraulic-cylinder-workshop-4-480x385.webp 480w\" sizes=\"(min-width: 0px) and (max-width: 480px) 480px, (min-width: 481px) 914px, 100vw\" \/><\/p>\n<h2>Bie\u017ei uzdotie jaut\u0101jumi<\/h2>\n<dl>\n<dt>J: Cik ilgs ir pieg\u0101des laiks?<\/dt>\n<dd>A: Pieg\u0101des laiks parasti ir 25\u201335 dienas.<\/dd>\n<dt>J: Vai j\u016bs sniedzat \u0161\u012b produkta paraugu?<\/dt>\n<dd>A: J\u0101, m\u0113s pied\u0101v\u0101jam paraugus, bet tie nav bez maksas.<\/dd>\n<dt>J: Vai \u0161o produktu var piel\u0101got?<\/dt>\n<dd>A: J\u0101, m\u0113s varam piel\u0101got produktu atbilsto\u0161i j\u016bsu paraugiem vai tehniskajiem ras\u0113jumiem. M\u0113s varam izgatavot veidnes un armat\u016bru.<\/dd>\n<\/dl>\n<h3>Par FMP<\/h3>\n<p>FMP ir vado\u0161ais it\u0101\u013cu ra\u017eot\u0101js, kas ir paz\u012bstams ar augstas kvalit\u0101tes hidraulisko cilindru projekt\u0113\u0161anu, izstr\u0101di un ra\u017eo\u0161anu. Ar gadu desmitiem ilgu pieredzi m\u0113s apvienojam tradicion\u0101lo it\u0101\u013cu meistar\u012bbu ar progres\u012bv\u0101m tehnolo\u0123ij\u0101m, lai nodro\u0161in\u0101tu izcilus hidrauliskos risin\u0101jumus, kas piel\u0101goti m\u016bsu glob\u0101l\u0101 klientu loka da\u017e\u0101daj\u0101m vajadz\u012bb\u0101m. FMP atrodas It\u0101lij\u0101, in\u017eeniertehnisk\u0101s izcil\u012bbas centr\u0101, un ir k\u013cuvis par uzticamu v\u0101rdu hidraulikas nozar\u0113, kas ir ap\u0146\u0113mies nodro\u0161in\u0101t uzticamus, iztur\u012bgus un inovat\u012bvus produktus, kas dod iesp\u0113jas uz\u0146\u0113mumiem vis\u0101 pasaul\u0113.<\/p>\n<p>M\u0113s apvienojam lab\u0101k\u0101s progres\u012bv\u0101s ra\u017eo\u0161anas trad\u012bcijas ar t\u0101lredz\u012bgu pieeju. Balstoties uz m\u016bsu pla\u0161o pieredzi hidraulisko sist\u0113mu jom\u0101, FMP ir k\u013cuvis par modernu uz\u0146\u0113mumu, kas izce\u013cas ar izciliem rezult\u0101tiem p\u0113tniec\u012bb\u0101, projekt\u0113\u0161an\u0101 un ra\u017eo\u0161an\u0101. M\u016bsu specializ\u0101cija ietver pla\u0161u hidraulisko cilindru kl\u0101stu, piem\u0113ram, divk\u0101r\u0161as darb\u012bbas cilindrus, automobi\u013cu pacel\u0161anas cilindrus, lauksaimniec\u012bbas tehnikas cilindrus un individu\u0101li izstr\u0101d\u0101tus risin\u0101jumus da\u017e\u0101diem r\u016bpnieciskiem pielietojumiem. M\u016bsu hidrauliskie cilindri, kas paredz\u0113ti darbam vissare\u017e\u0123\u012bt\u0101kajos apst\u0101k\u013cos, nodro\u0161ina dro\u0161\u012bbu, efektivit\u0101ti un ilgm\u016b\u017e\u012bbu t\u0101d\u0101s nozar\u0113s k\u0101 b\u016bvniec\u012bba, r\u016bpniecisk\u0101s instal\u0101cijas, lauksaimniec\u012bba un smag\u0101 tehnika.<\/p>\n<p>Uz\u0146\u0113mum\u0101 FMP m\u0113s lepojamies ar sav\u0101m modern\u0101kaj\u0101m ra\u017eo\u0161anas iek\u0101rt\u0101m, kas apr\u012bkotas ar prec\u012bzijas iek\u0101rt\u0101m un modern\u0101m test\u0113\u0161anas sist\u0113m\u0101m. M\u016bsu ra\u017eo\u0161anas procesi atbilst stingriem valsts un starptautiskajiem standartiem, garant\u0113jot, ka katrs hidrauliskais cilindrs, kas atst\u0101j m\u016bsu r\u016bpn\u012bcu, atbilst augst\u0101kajiem kvalit\u0101tes un uzticam\u012bbas standartiem. M\u016bsu prasm\u012bg\u0101 tehnisk\u0101 komanda apvienojum\u0101 ar modern\u0101ko apr\u012bkojumu \u013cauj mums uztur\u0113t stingru kvalit\u0101tes kontroli katr\u0101 ra\u017eo\u0161anas posm\u0101 \u2014 s\u0101kot no izejvielu izv\u0113les l\u012bdz gal\u012bgajai p\u0101rbaudei. \u0160\u012b ap\u0146em\u0161an\u0101s sasniegt izcil\u012bbu ir nodro\u0161in\u0101jusi mums sertifik\u0101tus un atzin\u012bbas no nozares iest\u0101d\u0113m, nostiprinot m\u016bsu reput\u0101ciju k\u0101 uzticamam partnerim.<\/p>\n<p><img loading=\"lazy\" decoding=\"async\" class=\"alignnone size-full wp-image-6720\" src=\"https:\/\/fmp-components.com\/wp-content\/uploads\/2025\/03\/hydraulic-cylinder-8.webp\" alt=\"Teleskopiskie hidrauliskie cilindri\" width=\"933\" height=\"526\" title=\"\" srcset=\"https:\/\/fmp-components.com\/wp-content\/uploads\/2025\/03\/hydraulic-cylinder-8.webp 933w, https:\/\/fmp-components.com\/wp-content\/uploads\/2025\/03\/hydraulic-cylinder-8-480x271.webp 480w\" sizes=\"(min-width: 0px) and (max-width: 480px) 480px, (min-width: 481px) 933px, 100vw\" \/><\/p>\n<p>M\u016bsu misija ir gan vienk\u0101r\u0161a, gan ambicioza: nodro\u0161in\u0101t hidrauliskos cilindrus, kas p\u0101rsniedz cer\u012bbas attiec\u012bb\u0101 uz veiktsp\u0113ju, iztur\u012bbu un v\u0113rt\u012bbu. Vadoties p\u0113c profesionalit\u0101tes, integrit\u0101tes un klientu apkalpo\u0161anas principiem, m\u0113s veicin\u0101m inov\u0101ciju un precizit\u0101tes kult\u016bru, nep\u0101rtraukti pilnveidojot savus produktus, lai saglab\u0101tu l\u012bderpoz\u012bcijas konkur\u0113tsp\u0113j\u012bg\u0101 tirg\u016b. Ar pla\u0161u produktu kl\u0101stu un sp\u0113ju pied\u0101v\u0101t piel\u0101gotus risin\u0101jumus m\u0113s esam v\u0113lam\u0101 izv\u0113le uz\u0146\u0113mumiem, kas mekl\u0113 augstas veiktsp\u0113jas hidrauliskos cilindrus.<\/p>\n<p>FMP ir vair\u0101k nek\u0101 tikai ra\u017eot\u0101js; m\u0113s esam partneris j\u016bsu pan\u0101kumos. M\u0113s apzin\u0101mies, ka m\u016bsu klienti pa\u013caujas uz mums, lai pieg\u0101d\u0101tu instrumentus, kas uzlabo vi\u0146u produktivit\u0101ti un dro\u0161\u012bbu. T\u0101p\u0113c m\u0113s esam ap\u0146\u0113mu\u0161ies nodro\u0161in\u0101t ne tikai augst\u0101k\u0101s klases produktus, bet ar\u012b izcilu servisu. S\u0101kot ar s\u0101kotn\u0113jo konsult\u0101ciju un beidzot ar p\u0113cp\u0101rdo\u0161anas atbalstu, m\u0113s cie\u0161i sadarbojamies ar saviem klientiem, lai nodro\u0161in\u0101tu, ka vi\u0146u vajadz\u012bbas tiek apmierin\u0101tas ar profesionalit\u0101ti un r\u016bp\u012bbu. M\u016bsu konkur\u0113tsp\u0113j\u012bg\u0101s cenas apvienojum\u0101 ar nelok\u0101mo ap\u0146em\u0161anos nodro\u0161in\u0101t kvalit\u0101ti padara FMP par gudru izv\u0113li uz\u0146\u0113mumiem, kas v\u0113las ieguld\u012bt uzticamos hidrauliskajos risin\u0101jumos.<\/p>","protected":false},"excerpt":{"rendered":"<p>Factory Direct Sale 20 Ton 4 Stage Dump Truck Hydraulic Cylinder Introducing our 20 Ton 4 Stage Dump Truck hydraulic cylinder, a factory-direct sale powerhouse of hydraulic technology. This new, standard, multistage hydraulic cylinder is designed for optimum functionality in various environments, including machinery repair shops, farms, energy and mining, machinery manufacturing, and machinery factories. [&hellip;]<\/p>","protected":false},"featured_media":6741,"comment_status":"closed","ping_status":"closed","template":"","meta":{"_et_pb_use_builder":"","_et_pb_old_content":"","_et_gb_content_width":""},"product_brand":[],"product_cat":[103],"product_tag":[34,105],"class_list":{"0":"post-6564","1":"product","2":"type-product","3":"status-publish","4":"has-post-thumbnail","6":"product_cat-telescopic-hydraulic-cylinders","7":"product_tag-hydraulic-cylinder","8":"product_tag-telescopic-hydraulic-cylinders","10":"first","11":"instock","12":"product-type-simple"},"_links":{"self":[{"href":"https:\/\/fmp-components.com\/lv\/wp-json\/wp\/v2\/product\/6564","targetHints":{"allow":["GET"]}}],"collection":[{"href":"https:\/\/fmp-components.com\/lv\/wp-json\/wp\/v2\/product"}],"about":[{"href":"https:\/\/fmp-components.com\/lv\/wp-json\/wp\/v2\/types\/product"}],"replies":[{"embeddable":true,"href":"https:\/\/fmp-components.com\/lv\/wp-json\/wp\/v2\/comments?post=6564"}],"wp:featuredmedia":[{"embeddable":true,"href":"https:\/\/fmp-components.com\/lv\/wp-json\/wp\/v2\/media\/6741"}],"wp:attachment":[{"href":"https:\/\/fmp-components.com\/lv\/wp-json\/wp\/v2\/media?parent=6564"}],"wp:term":[{"taxonomy":"product_brand","embeddable":true,"href":"https:\/\/fmp-components.com\/lv\/wp-json\/wp\/v2\/product_brand?post=6564"},{"taxonomy":"product_cat","embeddable":true,"href":"https:\/\/fmp-components.com\/lv\/wp-json\/wp\/v2\/product_cat?post=6564"},{"taxonomy":"product_tag","embeddable":true,"href":"https:\/\/fmp-components.com\/lv\/wp-json\/wp\/v2\/product_tag?post=6564"}],"curies":[{"name":"wp","href":"https:\/\/api.w.org\/{rel}","templated":true}]}}