{"id":6561,"date":"2025-03-11T06:29:39","date_gmt":"2025-03-11T06:29:39","guid":{"rendered":"https:\/\/fmp-components.com\/product\/hot-sale-3-stage-trailer-hydraulic-telescopic-cylinder"},"modified":"2025-03-18T01:05:50","modified_gmt":"2025-03-18T01:05:50","slug":"hot-sale-3-stage-trailer-hydraulic-telescopic-cylinder","status":"publish","type":"product","link":"https:\/\/fmp-components.com\/lv\/product\/hot-sale-3-stage-trailer-hydraulic-telescopic-cylinder\/","title":{"rendered":"Karst\u0101 p\u0101rdo\u0161ana 3 posmu piekabes hidrauliskais teleskopiskais cilindrs"},"content":{"rendered":"<h2>Karst\u0101 p\u0101rdo\u0161ana 3 posmu piekabes hidrauliskais teleskopiskais cilindrs<\/h2>\n<p>Iepaz\u012bstin\u0101m ar m\u016bsu karsti izp\u0101rdo\u0161an\u0101 eso\u0161o tr\u012bspak\u0101pju piekabes hidraulisko teleskopisko cilindru \u2014 standarta t\u0113rauda konstrukcijas virzu\u013ccilindru, kas darbojas ar hidraulisko sp\u0113ku. \u0160is daudzpak\u0101pju hidrauliskais cilindrs ir jauns 2025.\u00a0gada produkts, kas paredz\u0113ts, lai nodro\u0161in\u0101tu stabilu un efekt\u012bvu darb\u012bbu da\u017e\u0101d\u0101s nozar\u0113s, piem\u0113ram, ma\u0161\u012bnb\u016bves remonta darbn\u012bc\u0101s, ferm\u0101s, ener\u0123\u0113tikas un ieguves r\u016bpniec\u012bb\u0101, ma\u0161\u012bnb\u016bves ra\u017eo\u0161an\u0101 un ma\u0161\u012bnb\u016bves r\u016bpn\u012bc\u0101s.<\/p>\n<h2>Produkta specifik\u0101cijas un inform\u0101cija<\/h2>\n<table style=\"width: 93.3339%;\" border=\"\">\n<tbody>\n<tr>\n<th style=\"width: 43.5028%;\">Urbuma izm\u0113rs<\/th>\n<td style=\"width: 449.718%;\">2\u20136 collas<\/td>\n<\/tr>\n<tr>\n<th style=\"width: 43.5028%;\">Stie\u0146a izm\u0113rs<\/th>\n<td style=\"width: 449.718%;\">1,125\u20134 collas<\/td>\n<\/tr>\n<tr>\n<th style=\"width: 43.5028%;\">Trieciena izm\u0113rs<\/th>\n<td style=\"width: 449.718%;\">4\u2013100 collas<\/td>\n<\/tr>\n<tr>\n<th style=\"width: 43.5028%;\">Tapas izm\u0113rs<\/th>\n<td style=\"width: 449.718%;\">0,5\u20132 collas<\/td>\n<\/tr>\n<tr>\n<th style=\"width: 43.5028%;\">Ostas<\/th>\n<td style=\"width: 449.718%;\">G\/SAE\/NPT\/M<\/td>\n<\/tr>\n<\/tbody>\n<\/table>\n<h2>Galven\u0101s iez\u012bmes un priek\u0161roc\u012bbas<\/h2>\n<ul>\n<li>Energoefekt\u012bvs un augstas veiktsp\u0113jas<\/li>\n<li>Dro\u0161a un uzticama darb\u012bba<\/li>\n<li>Iztur\u012bgs un iztur\u012bgs t\u0113rauda korpuss<\/li>\n<li>Galveno komponentu garantija 1 gads<\/li>\n<li>Maksim\u0101l\u0101 vilce 3000 tonnu un maksim\u0101l\u0101 vilkme 20 tonnas<\/li>\n<li>ISO 9001:2000 sertifik\u0101cija<\/li>\n<\/ul>\n<p><img loading=\"lazy\" decoding=\"async\" class=\"alignnone wp-image-6662\" src=\"https:\/\/fmp-components.com\/wp-content\/uploads\/2025\/03\/telescopic-hydraulic-cylinder-4.webp\" alt=\"teleskopiskais hidrauliskais cilindrs\" width=\"894\" height=\"894\" title=\"\" srcset=\"https:\/\/fmp-components.com\/wp-content\/uploads\/2025\/03\/telescopic-hydraulic-cylinder-4.webp 894w, https:\/\/fmp-components.com\/wp-content\/uploads\/2025\/03\/telescopic-hydraulic-cylinder-4-480x480.webp 480w\" sizes=\"(min-width: 0px) and (max-width: 480px) 480px, (min-width: 481px) 894px, 100vw\" \/><\/p>\n<h2>Hidraulisk\u0101 sist\u0113ma un darb\u012bbas princips<\/h2>\n<p>Hidrauliskais teleskopiskais cilindrs darbojas, p\u0101rveidojot hidraulisko ener\u0123iju meh\u0101nisk\u0101 kust\u012bb\u0101, efekt\u012bvi p\u0101rv\u0113r\u0161ot spiedienu sp\u0113k\u0101. \u0160is process ir b\u016btisks hidraulisko sist\u0113mu darb\u012bbai, kur cilindrs darbojas k\u0101 b\u016btiska sast\u0101vda\u013ca, kas darbina un kontrol\u0113 da\u017e\u0101das ma\u0161\u012bnas un iek\u0101rtas r\u016bpnieciskos lietojumos. Kad hidrauliskais \u0161\u0137idrums tiek ies\u016bkn\u0113ts cilindr\u0101, tas rada spiedienu, kas pagarina cilindra iek\u0161\u0113j\u0101s da\u013cas, nodro\u0161inot iev\u0113rojamu line\u0101ru kust\u012bbu. \u0160\u012b unik\u0101l\u0101 konstrukcija \u013cauj teleskopiskajam cilindram sasniegt iespaid\u012bgus pagarin\u0101juma garumus, vienlaikus saglab\u0101jot kompaktu izm\u0113ru, kad tas netiek lietots.<\/p>\n<p>Sp\u0113ja prec\u012bzi rad\u012bt iev\u0113rojamu sp\u0113ku padara hidrauliskos teleskopiskos cilindrus neaizst\u0101jamus daudz\u0101s situ\u0101cij\u0101s. Kontrol\u0113jot hidraulisk\u0101 \u0161\u0137idruma pl\u016bsmu un spiedienu, operatori var pan\u0101kt vienm\u0113r\u012bgas un kontrol\u0113tas kust\u012bbas, padarot tos ide\u0101li piem\u0113rotus uzdevumiem, kuriem nepiecie\u0161ama gan iztur\u012bba, gan precizit\u0101te. \u0160\u012b daudzpus\u012bba nodro\u0161ina, ka hidrauliskie teleskopiskie cilindri var piel\u0101goties pla\u0161am ekspluat\u0101cijas pras\u012bbu kl\u0101stam, uzlabojot to darbin\u0101mo iek\u0101rtu efektivit\u0101ti un lietder\u012bbu.<\/p>\n<h2>Pieteikumi<\/h2>\n<p>M\u016bsu hidrauliskais teleskopiskais cilindrs tiek pla\u0161i izmantots da\u017e\u0101d\u0101s nozar\u0113s, tostarp ma\u0161\u012bnb\u016bves darbn\u012bc\u0101s, lauksaimniec\u012bbas darbn\u012bc\u0101s, ener\u0123\u0113tikas un ieguves r\u016bpniec\u012bb\u0101, ma\u0161\u012bnb\u016bves ra\u017eo\u0161an\u0101 un ma\u0161\u012bnb\u016bves r\u016bpn\u012bc\u0101s. Ma\u0161\u012bnb\u016bves remonta darbn\u012bc\u0101s \u0161ie cilindri ir nepiecie\u0161ami smago iek\u0101rtu cel\u0161anai un apkopes uzdevumu atvieglo\u0161anai, \u013caujot tehni\u0137iem str\u0101d\u0101t efekt\u012bvi un dro\u0161i.<\/p>\n<p>Ferm\u0101s hidrauliskos teleskopiskos cilindrus izmanto traktoros un cit\u0101s lauksaimniec\u012bbas tehnik\u0101, lai veiktu t\u0101dus uzdevumus k\u0101 materi\u0101lu cel\u0161ana, noliek\u0161ana un izg\u0101\u0161ana. \u0160\u012b iesp\u0113ja iev\u0113rojami palielina lauksaimniec\u012bbas darbu produktivit\u0101ti, \u013caujot lauksaimniekiem viegli un efekt\u012bvi p\u0101rvald\u012bt savus uzdevumus.<\/p>\n<p>Ener\u0123\u0113tikas un kalnr\u016bpniec\u012bbas nozar\u0113s m\u016bsu hidrauliskais teleskopiskais cilindrs sp\u0113l\u0113 b\u016btisku lomu t\u0101d\u0101s jom\u0101s k\u0101 urb\u0161ana, rak\u0161ana un materi\u0101lu apstr\u0101de. T\u0101 robust\u0101 konstrukcija un sp\u0113ja rad\u012bt lielu sp\u0113ku padara to labi piem\u0113rotu \u0161\u012bm nozar\u0113m rakstur\u012bgaj\u0101m pras\u012bgaj\u0101m vid\u0113m, kur uzticam\u012bba un veiktsp\u0113ja ir \u0101rk\u0101rt\u012bgi svar\u012bga.<\/p>\n<p>Turkl\u0101t ma\u0161\u012bnb\u016bv\u0113 un r\u016bpn\u012bc\u0101s hidrauliskie teleskopiskie cilindri ir neat\u0146emama mont\u0101\u017eas l\u012bniju un automatiz\u0113to sist\u0113mu sast\u0101vda\u013ca. Tie nodro\u0161ina prec\u012bzu kust\u012bbu kontroli, veicinot ra\u017eo\u0161anas procesu racionaliz\u0101ciju un kop\u0113jo darb\u012bbas efektivit\u0101ti. Neatkar\u012bgi no t\u0101, vai tas ir paredz\u0113ts smagu kravu cel\u0161anai, ma\u0161\u012bnu vad\u012bbai vai sare\u017e\u0123\u012btu hidraulisko sist\u0113mu darbin\u0101\u0161anai, m\u016bsu hidrauliskais teleskopiskais cilindrs nodro\u0161ina nep\u0101rsp\u0113jamu veiktsp\u0113ju un uzticam\u012bbu, padarot to par uzticamu izv\u0113li profesion\u0101\u013ciem da\u017e\u0101d\u0101s nozar\u0113s.<\/p>\n<p><img loading=\"lazy\" decoding=\"async\" class=\"alignnone wp-image-6663\" src=\"https:\/\/fmp-components.com\/wp-content\/uploads\/2025\/03\/telescopic-hydraulic-cylinder-11.webp\" alt=\"teleskopiskais hidrauliskais cilindrs\" width=\"955\" height=\"955\" title=\"\" srcset=\"https:\/\/fmp-components.com\/wp-content\/uploads\/2025\/03\/telescopic-hydraulic-cylinder-11.webp 955w, https:\/\/fmp-components.com\/wp-content\/uploads\/2025\/03\/telescopic-hydraulic-cylinder-11-480x480.webp 480w\" sizes=\"(min-width: 0px) and (max-width: 480px) 480px, (min-width: 481px) 955px, 100vw\" \/><\/p>\n<h2>Hidrauliskie cilindri un sp\u0113ka agreg\u0101ti<\/h2>\n<p>Hidrauliskie cilindri un sp\u0113ka agreg\u0101ti ir neaizst\u0101jamas hidraulisko sist\u0113mu sast\u0101vda\u013cas. Tie darbojas kop\u0101, lai nodro\u0161in\u0101tu pla\u0161u hidraulisko tehnolo\u0123iju pielietojumu r\u016bpnieciskaj\u0101 jom\u0101, nodro\u0161inot uzticamu jaudas un vad\u012bbas atbalstu da\u017e\u0101d\u0101m in\u017eeniertehnisk\u0101m un meh\u0101nisk\u0101m iek\u0101rt\u0101m. M\u0113s, FMP, pied\u0101v\u0101jam ar\u012b sp\u0113ka agreg\u0101tus p\u0101rdo\u0161anai.<\/p>\n<h2>Bie\u017ei uzdotie jaut\u0101jumi<\/h2>\n<h3>J: Vai j\u016bs esat tirdzniec\u012bbas uz\u0146\u0113mums vai ra\u017eot\u0101js?<\/h3>\n<p>A: M\u0113s esam r\u016bpn\u012bca.<\/p>\n<h3>J: Cik ilgs ir j\u016bsu pieg\u0101des laiks?<\/h3>\n<p>A: Parasti tas ir 25\u201335 dienas.<\/p>\n<h3>J: Vai j\u016bs varat ra\u017eot atbilsto\u0161i paraugiem?<\/h3>\n<p>A: J\u0101, m\u0113s varam izgatavot p\u0113c j\u016bsu paraugiem vai tehniskajiem ras\u0113jumiem. M\u0113s varam izgatavot veidnes un armat\u016bru.<\/p>\n<h3>Par FMP<\/h3>\n<p class=\"break-words\">FMP ir vado\u0161ais It\u0101lijas ra\u017eot\u0101js, kas specializ\u0113jas augstas kvalit\u0101tes hidraulisko cilindru projekt\u0113\u0161an\u0101, izstr\u0101d\u0113 un ra\u017eo\u0161an\u0101. Ar bag\u0101t\u012bgu mantojumu, kas sak\u0146ojas gadu desmitiem ilg\u0101 pieredz\u0113, m\u0113s ar lepnumu apvienojam it\u0101\u013cu meistar\u012bbu ar jaun\u0101kaj\u0101m tehnolo\u0123ij\u0101m, lai nodro\u0161in\u0101tu izcilus hidrauliskos risin\u0101jumus, kas piel\u0101goti m\u016bsu glob\u0101l\u0101 klientu loka da\u017e\u0101daj\u0101m vajadz\u012bb\u0101m. FMP, kas atrodas It\u0101lij\u0101, in\u017eenierijas izcil\u012bbas centr\u0101, ir uzticams v\u0101rds hidraulikas nozar\u0113 un ir ap\u0146\u0113mies nodro\u0161in\u0101t uzticamus, iztur\u012bgus un inovat\u012bvus produktus, kas dod iesp\u0113jas uz\u0146\u0113mumiem vis\u0101 pasaul\u0113.<\/p>\n<p class=\"break-words\">M\u016bsu uz\u0146\u0113mums apvieno lab\u0101k\u0101s progres\u012bv\u0101s ra\u017eo\u0161anas trad\u012bcijas ar t\u0101lredz\u012bgu pieeju. Balstoties uz daudzu gadu pieredzi hidraulisko sist\u0113mu jom\u0101, FMP ir att\u012bst\u012bjies par modernu uz\u0146\u0113mumu, kas izce\u013cas ar izcil\u0101m p\u0113tniec\u012bbas, dizaina un ra\u017eo\u0161anas sp\u0113j\u0101m. M\u0113s specializ\u0113jamies pla\u0161\u0101 hidraulisko cilindru kl\u0101st\u0101, tostarp divk\u0101r\u0161as darb\u012bbas cilindros, automobi\u013cu pacel\u0161anas cilindros, lauksaimniec\u012bbas tehnikas cilindros un piel\u0101gotos risin\u0101jumos da\u017e\u0101diem r\u016bpnieciskiem pielietojumiem. Neatkar\u012bgi no t\u0101, vai tas ir paredz\u0113ts b\u016bvniec\u012bbai, r\u016bpniecisk\u0101m instal\u0101cij\u0101m, lauksaimniec\u012bbai vai smagajai tehnikai, m\u016bsu hidrauliskie cilindri ir rad\u012bti, lai darbotos vissmag\u0101kajos apst\u0101k\u013cos, nodro\u0161inot dro\u0161\u012bbu, efektivit\u0101ti un ilgm\u016b\u017e\u012bbu.<\/p>\n<p><img loading=\"lazy\" decoding=\"async\" class=\"alignnone size-full wp-image-6720\" src=\"https:\/\/fmp-components.com\/wp-content\/uploads\/2025\/03\/hydraulic-cylinder-8.webp\" alt=\"Teleskopiskie hidrauliskie cilindri\" width=\"933\" height=\"526\" title=\"\" srcset=\"https:\/\/fmp-components.com\/wp-content\/uploads\/2025\/03\/hydraulic-cylinder-8.webp 933w, https:\/\/fmp-components.com\/wp-content\/uploads\/2025\/03\/hydraulic-cylinder-8-480x271.webp 480w\" sizes=\"(min-width: 0px) and (max-width: 480px) 480px, (min-width: 481px) 933px, 100vw\" \/><\/p>\n<p class=\"break-words\">Uz\u0146\u0113mum\u0101 FMP m\u0113s lepojamies ar sav\u0101m modern\u0101kaj\u0101m ra\u017eo\u0161anas iek\u0101rt\u0101m, kas apr\u012bkotas ar prec\u012bzijas iek\u0101rt\u0101m un modern\u0101m test\u0113\u0161anas sist\u0113m\u0101m. M\u016bsu ra\u017eo\u0161anas procesi atbilst stingriem valsts un starptautiskajiem standartiem, nodro\u0161inot, ka katrs hidrauliskais cilindrs, kas atst\u0101j m\u016bsu r\u016bpn\u012bcu, ir augst\u0101k\u0101s kvalit\u0101tes un uzticam\u012bbas. M\u016bsu prasm\u012bg\u0101 tehnisk\u0101 komanda apvienojum\u0101 ar modern\u0101ko apr\u012bkojumu \u013cauj mums uztur\u0113t stingru kvalit\u0101tes kontroli katr\u0101 ra\u017eo\u0161anas posm\u0101 \u2014 s\u0101kot no izejvielu izv\u0113les l\u012bdz gal\u012bgajai p\u0101rbaudei. \u0160\u012b ap\u0146em\u0161an\u0101s sasniegt izcil\u012bbu ir nodro\u0161in\u0101jusi mums sertifik\u0101tus un atzin\u012bbu no nozares iest\u0101d\u0113m, v\u0113l vair\u0101k nostiprinot m\u016bsu reput\u0101ciju k\u0101 uzticamam partnerim.<\/p>\n<p class=\"break-words\">M\u016bsu misija ir vienk\u0101r\u0161a, tom\u0113r ambicioza: nodro\u0161in\u0101t m\u016bsu klientus ar hidrauliskajiem cilindriem, kas p\u0101rsniedz cer\u012bbas attiec\u012bb\u0101 uz veiktsp\u0113ju, iztur\u012bbu un v\u0113rt\u012bbu. M\u0113s darbojamies, iev\u0113rojot profesionalit\u0101tes, godpr\u0101t\u012bbas un klientu apkalpo\u0161anas pamatprincipus. Veicinot inov\u0101ciju un precizit\u0101tes kult\u016bru, m\u0113s nep\u0101rtraukti pilnveidojam savus produktus, lai saglab\u0101tu l\u012bderpoz\u012bcijas konkur\u0113tsp\u0113j\u012bg\u0101 tirg\u016b. M\u016bsu pla\u0161ais produktu kl\u0101sts un sp\u0113ja pied\u0101v\u0101t piel\u0101gotus risin\u0101jumus padara m\u016bs par lab\u0101ko izv\u0113li uz\u0146\u0113mumiem, kas mekl\u0113 augstas veiktsp\u0113jas hidrauliskos cilindrus.<\/p>\n<p class=\"break-words\">FMP ir vair\u0101k nek\u0101 tikai ra\u017eot\u0101js \u2014 m\u0113s esam partneris j\u016bsu pan\u0101kumos. M\u0113s saprotam, ka m\u016bsu klienti pa\u013caujas uz mums, lai pieg\u0101d\u0101tu instrumentus, kas uzlabo vi\u0146u produktivit\u0101ti un dro\u0161\u012bbu. T\u0101p\u0113c m\u0113s esam ap\u0146\u0113mu\u0161ies pied\u0101v\u0101t ne tikai augst\u0101k\u0101s klases produktus, bet ar\u012b izcilu servisu. S\u0101kot ar s\u0101kotn\u0113jo konsult\u0101ciju un beidzot ar p\u0113cp\u0101rdo\u0161anas atbalstu, m\u0113s cie\u0161i sadarbojamies ar saviem klientiem, lai nodro\u0161in\u0101tu, ka vi\u0146u vajadz\u012bbas tiek apmierin\u0101tas ar profesionalit\u0101ti un r\u016bp\u012bbu. M\u016bsu konkur\u0113tsp\u0113j\u012bg\u0101s cenas apvienojum\u0101 ar nelok\u0101mo ap\u0146em\u0161anos nodro\u0161in\u0101t kvalit\u0101ti padara FMP par gudru izv\u0113li uz\u0146\u0113mumiem, kas v\u0113las ieguld\u012bt l\u012bdzek\u013cus uzticamos hidrauliskajos risin\u0101jumos.<\/p>","protected":false},"excerpt":{"rendered":"<p>Hot Sale 3 Stage Trailer Hydraulic Telescopic Cylinder Introducing our Hot Sale 3 Stage Trailer Hydraulic Telescopic Cylinder, a standard steel structure plunger cylinder that operates under hydraulic power. This multistage hydraulic cylinder is a new product for 2025 that is designed to provide robust and efficient operation across various industries such as Machinery Repair [&hellip;]<\/p>","protected":false},"featured_media":6736,"comment_status":"closed","ping_status":"closed","template":"","meta":{"_et_pb_use_builder":"","_et_pb_old_content":"","_et_gb_content_width":""},"product_brand":[],"product_cat":[103],"product_tag":[34,105],"class_list":{"0":"post-6561","1":"product","2":"type-product","3":"status-publish","4":"has-post-thumbnail","6":"product_cat-telescopic-hydraulic-cylinders","7":"product_tag-hydraulic-cylinder","8":"product_tag-telescopic-hydraulic-cylinders","10":"first","11":"instock","12":"product-type-simple"},"_links":{"self":[{"href":"https:\/\/fmp-components.com\/lv\/wp-json\/wp\/v2\/product\/6561","targetHints":{"allow":["GET"]}}],"collection":[{"href":"https:\/\/fmp-components.com\/lv\/wp-json\/wp\/v2\/product"}],"about":[{"href":"https:\/\/fmp-components.com\/lv\/wp-json\/wp\/v2\/types\/product"}],"replies":[{"embeddable":true,"href":"https:\/\/fmp-components.com\/lv\/wp-json\/wp\/v2\/comments?post=6561"}],"wp:featuredmedia":[{"embeddable":true,"href":"https:\/\/fmp-components.com\/lv\/wp-json\/wp\/v2\/media\/6736"}],"wp:attachment":[{"href":"https:\/\/fmp-components.com\/lv\/wp-json\/wp\/v2\/media?parent=6561"}],"wp:term":[{"taxonomy":"product_brand","embeddable":true,"href":"https:\/\/fmp-components.com\/lv\/wp-json\/wp\/v2\/product_brand?post=6561"},{"taxonomy":"product_cat","embeddable":true,"href":"https:\/\/fmp-components.com\/lv\/wp-json\/wp\/v2\/product_cat?post=6561"},{"taxonomy":"product_tag","embeddable":true,"href":"https:\/\/fmp-components.com\/lv\/wp-json\/wp\/v2\/product_tag?post=6561"}],"curies":[{"name":"wp","href":"https:\/\/api.w.org\/{rel}","templated":true}]}}