{"id":6560,"date":"2025-03-11T06:29:39","date_gmt":"2025-03-11T06:29:39","guid":{"rendered":"https:\/\/fmp-components.com\/product\/high-quality-small-dump-truck-hoist-hydraulic-cylinder"},"modified":"2025-03-12T06:11:55","modified_gmt":"2025-03-12T06:11:55","slug":"high-quality-small-dump-truck-hoist-hydraulic-cylinder","status":"publish","type":"product","link":"https:\/\/fmp-components.com\/lv\/product\/high-quality-small-dump-truck-hoist-hydraulic-cylinder\/","title":{"rendered":"Augstas kvalit\u0101tes maza pa\u0161izg\u0101z\u0113ja pac\u0113l\u0101ja hidrauliskais cilindrs"},"content":{"rendered":"<h2>Augstas kvalit\u0101tes maza pa\u0161izg\u0101z\u0113ja pac\u0113l\u0101ja hidrauliskais cilindrs<\/h2>\n<p>Izbaudiet m\u016bsu maz\u0101 pa\u0161izg\u0101z\u0113ja pac\u0113l\u0101ja hidraulisk\u0101 cilindra augst\u0101k\u0101s kvalit\u0101tes jaudu. \u0160is augstas kvalit\u0101tes standarta produkts ir lieliski piem\u0113rots da\u017e\u0101d\u0101m nozar\u0113m, tostarp tehnikas remonta darbn\u012bc\u0101m, lauksaimniec\u012bbas tehnikai, ener\u0123\u0113tikas un ieguves r\u016bpniec\u012bbai, tehnikas ra\u017eo\u0161anai un tehnikas r\u016bpn\u012bc\u0101m. M\u016bsu hidrauliskais cilindrs ir jauns, izgatavots no iztur\u012bga t\u0113rauda, \u200b\u200bun tam ir viena gada garantija j\u016bsu sirdsmieram.<\/p>\n<h3>Funkcijas un funkcijas<\/h3>\n<p>M\u016bsu hidrauliskais cilindrs pied\u0101v\u0101 maksim\u0101lo vilces sp\u0113ku 3000 un maksim\u0101lo vilk\u0161anas sp\u0113ku 20 tonnas. Daudzpak\u0101pju hidraulisk\u0101 cilindra tips nodro\u0161ina efektivit\u0101ti un dro\u0161\u012bbu j\u016bsu darb\u012bb\u0101s. Cilindra piesl\u0113gvietas ir G\/SAE\/NPT\/M tipa, padarot to daudzpus\u012bgu da\u017e\u0101diem pielietojumiem. Tam ir ISO9001:2000 sertifik\u0101ts, kas garant\u0113 t\u0101 izcilo kvalit\u0101ti un atbilst\u012bbu starptautiskajiem standartiem.<\/p>\n<h3>Tehnisk\u0101s specifik\u0101cijas<\/h3>\n<table style=\"width: 94.6494%;\" border=\"\">\n<tbody>\n<tr>\n<td style=\"width: 42.9379%;\"><i>Urbuma izm\u0113rs<\/i><\/td>\n<td style=\"width: 446.328%;\">2\u20136 collas<\/td>\n<\/tr>\n<tr>\n<td style=\"width: 42.9379%;\"><i>Stie\u0146a izm\u0113rs<\/i><\/td>\n<td style=\"width: 446.328%;\">1,125\u20134 collas<\/td>\n<\/tr>\n<tr>\n<td style=\"width: 42.9379%;\"><i>Trieciena izm\u0113rs<\/i><\/td>\n<td style=\"width: 446.328%;\">4\u2013100 collas<\/td>\n<\/tr>\n<tr>\n<td style=\"width: 42.9379%;\"><i>Tapas izm\u0113rs<\/i><\/td>\n<td style=\"width: 446.328%;\">0,5\u20132 collas<\/td>\n<\/tr>\n<tr>\n<td style=\"width: 42.9379%;\"><i>Ostas<\/i><\/td>\n<td style=\"width: 446.328%;\">G\/SAE\/NPT\/M<\/td>\n<\/tr>\n<\/tbody>\n<\/table>\n<h2>At\u0161\u0137ir\u012bgas priek\u0161roc\u012bbas<\/h2>\n<ul>\n<li>Ener\u0123ijas taup\u012b\u0161ana<\/li>\n<li>Augsta efektivit\u0101te<\/li>\n<li>Dro\u0161s un uzticams<\/li>\n<\/ul>\n<h2>Hidraulisk\u0101 sist\u0113ma un darb\u012bbas princips<\/h2>\n<p>M\u016bsu hidrauliskais cilindrs darbojas p\u0113c vienk\u0101r\u0161a, bet \u013coti efekt\u012bva principa. Tas izmanto hidraulisko \u0161\u0137idrumu zem spiediena, lai rad\u012btu line\u0101ru kust\u012bbu, padarot to par b\u016btisku sast\u0101vda\u013cu daudzos r\u016bpnieciskos pielietojumos. Process s\u0101kas, kad hidrauliskais \u0161\u0137idrums tiek ies\u016bkn\u0113ts cilindr\u0101, radot spiedienu, kas iedarbojas uz virzuli iek\u0161pus\u0113. Virzulis p\u0101rvietojas, rea\u0123\u0113jot uz \u0161o spiedienu, un tas p\u0101rveido hidraulisko ener\u0123iju meh\u0101nisk\u0101 kust\u012bb\u0101, \u013caujot viegli veikt da\u017e\u0101dus uzdevumus.<\/p>\n<p>\u0160is meh\u0101nisms ne tikai nodro\u0161ina efekt\u012bvu jaudas p\u0101rvadi, bet ar\u012b sniedz uzticamu un jaud\u012bgu veiktsp\u0113ju, kas ir b\u016btiski pras\u012bg\u0101 r\u016bpniecisk\u0101 vid\u0113. Sp\u0113ja prec\u012bzi kontrol\u0113t kust\u012bbas \u0101trumu un sp\u0113ku v\u0113l vair\u0101k uzlabo hidraulisko cilindru lietder\u012bbu, padarot tos neaizst\u0101jamus lietojumos, kur nepiecie\u0161amas prec\u012bzas kust\u012bbas. Neatkar\u012bgi no t\u0101, vai tiek celtas smagas kravas vai nodro\u0161in\u0101tas sare\u017e\u0123\u012btas ma\u0161\u012bnu darb\u012bbas, hidrauliskajiem cilindriem ir iz\u0161\u0137iro\u0161a loma veiktsp\u0113jas un produktivit\u0101tes optimiz\u0113\u0161an\u0101 da\u017e\u0101d\u0101s nozar\u0113s.<\/p>\n<p><img loading=\"lazy\" decoding=\"async\" class=\"alignnone  wp-image-6661\" src=\"https:\/\/fmp-components.com\/wp-content\/uploads\/2025\/03\/telescopic-hydraulic-cylinder-10.webp\" alt=\"teleskopiskais hidrauliskais cilindrs\" width=\"948\" height=\"948\" title=\"\" srcset=\"https:\/\/fmp-components.com\/wp-content\/uploads\/2025\/03\/telescopic-hydraulic-cylinder-10.webp 948w, https:\/\/fmp-components.com\/wp-content\/uploads\/2025\/03\/telescopic-hydraulic-cylinder-10-480x480.webp 480w\" sizes=\"(min-width: 0px) and (max-width: 480px) 480px, (min-width: 481px) 948px, 100vw\" \/><\/p>\n<h2>Lietojumprogrammu scen\u0101riji<\/h2>\n<p>\u0160is hidrauliskais cilindrs ir \u0101rk\u0101rt\u012bgi daudzpus\u012bgs un ide\u0101li piem\u0113rots izmanto\u0161anai pla\u0161\u0101 scen\u0101riju kl\u0101st\u0101. Ma\u0161\u012bnu remonta darbn\u012bc\u0101s tas atvieglo smago iek\u0101rtu cel\u0161anu un pozicion\u0113\u0161anu, racionaliz\u0113jot apkopes uzdevumus un uzlabojot kop\u0113jo darb\u012bbas efektivit\u0101ti. T\u0101 iztur\u012bg\u0101 konstrukcija nodro\u0161ina, ka tas var iztur\u0113t bie\u017eas lieto\u0161anas rad\u012bt\u0101s gr\u016bt\u012bbas, padarot to par uzticamu izv\u0113li remonta speci\u0101listiem.<\/p>\n<p>Ferm\u0101s hidrauliskie cilindri ir nepiecie\u0161ami da\u017e\u0101du lauksaimniec\u012bbas ma\u0161\u012bnu, tostarp traktoru, iekr\u0101v\u0113ju un citu darbar\u012bku, vad\u012b\u0161anai. Tie \u013cauj veikt t\u0101dus uzdevumus k\u0101 materi\u0101lu cel\u0161ana, noliek\u0161ana un izg\u0101\u0161ana, iev\u0113rojami palielinot lauksaimniec\u012bbas darbu produktivit\u0101ti un efektivit\u0101ti. Sp\u0113ja prec\u012bzi veikt \u0161\u012bs funkcijas ir vit\u0101li svar\u012bga m\u016bsdienu lauksaimniec\u012bbas praks\u0113.<\/p>\n<p>Ener\u0123\u0113tikas un kalnr\u016bpniec\u012bbas nozar\u0113s hidrauliskos cilindrus izmanto t\u0101d\u0101s jom\u0101s k\u0101 urb\u0161ana, rak\u0161ana un materi\u0101lu apstr\u0101de. To sp\u0113ja rad\u012bt iev\u0113rojamu sp\u0113ku padara tos piem\u0113rotus sare\u017e\u0123\u012btiem uzdevumiem, ar kuriem bie\u017ei saskaras \u0161aj\u0101s nozar\u0113s, kur uzticam\u012bba un veiktsp\u0113ja ir kritiski svar\u012bga.<\/p>\n<p>Turkl\u0101t ma\u0161\u012bnb\u016bv\u0113 un r\u016bpn\u012bc\u0101s hidrauliskie cilindri ir neat\u0146emama mont\u0101\u017eas l\u012bniju un automatiz\u0113to sist\u0113mu sast\u0101vda\u013ca. Tie veicina efekt\u012bvus ra\u017eo\u0161anas procesus, nodro\u0161inot prec\u012bzas kust\u012bbas un darb\u012bbas, galu gal\u0101 uzlabojot produktivit\u0101ti. Hidraulisk\u0101 cilindra sp\u0113ja nodro\u0161in\u0101t jaud\u012bgu un prec\u012bzu kust\u012bbu padara to par lielisku izv\u0113li jebkuram lieljaudas pielietojumam, nodro\u0161inot, ka tas atbilst augstajiem standartiem, kas nepiecie\u0161ami m\u016bsdienu r\u016bpnieciskaj\u0101 vid\u0113.<\/p>\n<p><img loading=\"lazy\" decoding=\"async\" class=\"alignnone size-full wp-image-6660\" src=\"https:\/\/fmp-components.com\/wp-content\/uploads\/2025\/03\/hydraulic-cylinder-workshop-4.webp\" alt=\"teleskopiskais hidrauliskais cilindrs\" width=\"914\" height=\"733\" title=\"\" srcset=\"https:\/\/fmp-components.com\/wp-content\/uploads\/2025\/03\/hydraulic-cylinder-workshop-4.webp 914w, https:\/\/fmp-components.com\/wp-content\/uploads\/2025\/03\/hydraulic-cylinder-workshop-4-480x385.webp 480w\" sizes=\"(min-width: 0px) and (max-width: 480px) 480px, (min-width: 481px) 914px, 100vw\" \/><\/p>\n<h2>Bie\u017ei uzdotie jaut\u0101jumi<\/h2>\n<ol>\n<li><strong>J: Vai j\u016bs esat tirdzniec\u012bbas uz\u0146\u0113mums vai ra\u017eot\u0101js?<\/strong><br \/>\nA: M\u0113s esam ra\u017eot\u0101js.<\/li>\n<li><strong>J: K\u0101ds ir j\u016bsu pieg\u0101des laiks?<\/strong><br \/>\nA: M\u016bsu visp\u0101r\u0113jais pieg\u0101des laiks ir 25\u201335 dienas.<\/li>\n<li><strong>J: Vai j\u016bs sniedzat paraugus?<\/strong><br \/>\nA: J\u0101, m\u0113s pied\u0101v\u0101jam paraugus, bet tie nav bez maksas.<\/li>\n<\/ol>\n<h3>Par FMP<\/h3>\n<p class=\"break-words\">FMP ir vado\u0161ais It\u0101lijas ra\u017eot\u0101js, kas specializ\u0113jas augstas kvalit\u0101tes hidraulisko cilindru projekt\u0113\u0161an\u0101, izstr\u0101d\u0113 un ra\u017eo\u0161an\u0101. Ar bag\u0101t\u012bgu mantojumu, kas sak\u0146ojas gadu desmitiem ilg\u0101 pieredz\u0113, m\u0113s ar lepnumu apvienojam it\u0101\u013cu meistar\u012bbu ar jaun\u0101kaj\u0101m tehnolo\u0123ij\u0101m, lai nodro\u0161in\u0101tu izcilus hidrauliskos risin\u0101jumus, kas piel\u0101goti m\u016bsu glob\u0101l\u0101 klientu loka da\u017e\u0101daj\u0101m vajadz\u012bb\u0101m. FMP, kas atrodas It\u0101lij\u0101, in\u017eenierijas izcil\u012bbas centr\u0101, ir uzticams v\u0101rds hidraulikas nozar\u0113 un ir ap\u0146\u0113mies nodro\u0161in\u0101t uzticamus, iztur\u012bgus un inovat\u012bvus produktus, kas dod iesp\u0113jas uz\u0146\u0113mumiem vis\u0101 pasaul\u0113.<\/p>\n<p class=\"break-words\">M\u016bsu uz\u0146\u0113mums apvieno lab\u0101k\u0101s progres\u012bv\u0101s ra\u017eo\u0161anas trad\u012bcijas ar t\u0101lredz\u012bgu pieeju. Balstoties uz daudzu gadu pieredzi hidraulisko sist\u0113mu jom\u0101, FMP ir att\u012bst\u012bjies par modernu uz\u0146\u0113mumu, kas izce\u013cas ar izcil\u0101m p\u0113tniec\u012bbas, dizaina un ra\u017eo\u0161anas sp\u0113j\u0101m. M\u0113s specializ\u0113jamies pla\u0161\u0101 hidraulisko cilindru kl\u0101st\u0101, tostarp divk\u0101r\u0161as darb\u012bbas cilindros, automobi\u013cu pacel\u0161anas cilindros, lauksaimniec\u012bbas tehnikas cilindros un piel\u0101gotos risin\u0101jumos da\u017e\u0101diem r\u016bpnieciskiem pielietojumiem. Neatkar\u012bgi no t\u0101, vai tas ir paredz\u0113ts b\u016bvniec\u012bbai, r\u016bpniecisk\u0101m instal\u0101cij\u0101m, lauksaimniec\u012bbai vai smagajai tehnikai, m\u016bsu hidrauliskie cilindri ir rad\u012bti, lai darbotos vissmag\u0101kajos apst\u0101k\u013cos, nodro\u0161inot dro\u0161\u012bbu, efektivit\u0101ti un ilgm\u016b\u017e\u012bbu.<\/p>\n<p><img loading=\"lazy\" decoding=\"async\" class=\"alignnone size-full wp-image-6720\" src=\"https:\/\/fmp-components.com\/wp-content\/uploads\/2025\/03\/hydraulic-cylinder-8.webp\" alt=\"Teleskopiskie hidrauliskie cilindri\" width=\"933\" height=\"526\" title=\"\" srcset=\"https:\/\/fmp-components.com\/wp-content\/uploads\/2025\/03\/hydraulic-cylinder-8.webp 933w, https:\/\/fmp-components.com\/wp-content\/uploads\/2025\/03\/hydraulic-cylinder-8-480x271.webp 480w\" sizes=\"(min-width: 0px) and (max-width: 480px) 480px, (min-width: 481px) 933px, 100vw\" \/><\/p>\n<p class=\"break-words\">Uz\u0146\u0113mum\u0101 FMP m\u0113s lepojamies ar sav\u0101m modern\u0101kaj\u0101m ra\u017eo\u0161anas iek\u0101rt\u0101m, kas apr\u012bkotas ar prec\u012bzijas iek\u0101rt\u0101m un modern\u0101m test\u0113\u0161anas sist\u0113m\u0101m. M\u016bsu ra\u017eo\u0161anas procesi atbilst stingriem valsts un starptautiskajiem standartiem, nodro\u0161inot, ka katrs hidrauliskais cilindrs, kas atst\u0101j m\u016bsu r\u016bpn\u012bcu, ir augst\u0101k\u0101s kvalit\u0101tes un uzticam\u012bbas. M\u016bsu prasm\u012bg\u0101 tehnisk\u0101 komanda apvienojum\u0101 ar modern\u0101ko apr\u012bkojumu \u013cauj mums uztur\u0113t stingru kvalit\u0101tes kontroli katr\u0101 ra\u017eo\u0161anas posm\u0101 \u2014 s\u0101kot no izejvielu izv\u0113les l\u012bdz gal\u012bgajai p\u0101rbaudei. \u0160\u012b ap\u0146em\u0161an\u0101s sasniegt izcil\u012bbu ir nodro\u0161in\u0101jusi mums sertifik\u0101tus un atzin\u012bbu no nozares iest\u0101d\u0113m, v\u0113l vair\u0101k nostiprinot m\u016bsu reput\u0101ciju k\u0101 uzticamam partnerim.<\/p>\n<p class=\"break-words\">M\u016bsu misija ir vienk\u0101r\u0161a, tom\u0113r ambicioza: nodro\u0161in\u0101t m\u016bsu klientus ar hidrauliskajiem cilindriem, kas p\u0101rsniedz cer\u012bbas attiec\u012bb\u0101 uz veiktsp\u0113ju, iztur\u012bbu un v\u0113rt\u012bbu. M\u0113s darbojamies, iev\u0113rojot profesionalit\u0101tes, godpr\u0101t\u012bbas un klientu apkalpo\u0161anas pamatprincipus. Veicinot inov\u0101ciju un precizit\u0101tes kult\u016bru, m\u0113s nep\u0101rtraukti pilnveidojam savus produktus, lai saglab\u0101tu l\u012bderpoz\u012bcijas konkur\u0113tsp\u0113j\u012bg\u0101 tirg\u016b. M\u016bsu pla\u0161ais produktu kl\u0101sts un sp\u0113ja pied\u0101v\u0101t piel\u0101gotus risin\u0101jumus padara m\u016bs par lab\u0101ko izv\u0113li uz\u0146\u0113mumiem, kas mekl\u0113 augstas veiktsp\u0113jas hidrauliskos cilindrus.<\/p>\n<p class=\"break-words\">FMP ir vair\u0101k nek\u0101 tikai ra\u017eot\u0101js \u2014 m\u0113s esam partneris j\u016bsu pan\u0101kumos. M\u0113s saprotam, ka m\u016bsu klienti pa\u013caujas uz mums, lai pieg\u0101d\u0101tu instrumentus, kas uzlabo vi\u0146u produktivit\u0101ti un dro\u0161\u012bbu. T\u0101p\u0113c m\u0113s esam ap\u0146\u0113mu\u0161ies pied\u0101v\u0101t ne tikai augst\u0101k\u0101s klases produktus, bet ar\u012b izcilu servisu. S\u0101kot ar s\u0101kotn\u0113jo konsult\u0101ciju un beidzot ar p\u0113cp\u0101rdo\u0161anas atbalstu, m\u0113s cie\u0161i sadarbojamies ar saviem klientiem, lai nodro\u0161in\u0101tu, ka vi\u0146u vajadz\u012bbas tiek apmierin\u0101tas ar profesionalit\u0101ti un r\u016bp\u012bbu. M\u016bsu konkur\u0113tsp\u0113j\u012bg\u0101s cenas apvienojum\u0101 ar nelok\u0101mo ap\u0146em\u0161anos nodro\u0161in\u0101t kvalit\u0101ti padara FMP par gudru izv\u0113li uz\u0146\u0113mumiem, kas v\u0113las ieguld\u012bt l\u012bdzek\u013cus uzticamos hidrauliskajos risin\u0101jumos.<\/p>","protected":false},"excerpt":{"rendered":"<p>High Quality Small Dump Truck Hoist Hydraulic Cylinder Experience the premium power of our small dump truck hoist hydraulic cylinder. This high-quality, standard product is perfect for various industries including machinery repair shops, farms, energy and mining, machinery manufacturing, and machinery factories. Our hydraulic cylinder is new, made of durable steel, and comes with a [&hellip;]<\/p>","protected":false},"featured_media":6735,"comment_status":"closed","ping_status":"closed","template":"","meta":{"_et_pb_use_builder":"","_et_pb_old_content":"","_et_gb_content_width":""},"product_brand":[],"product_cat":[103],"product_tag":[34,105],"class_list":{"0":"post-6560","1":"product","2":"type-product","3":"status-publish","4":"has-post-thumbnail","6":"product_cat-telescopic-hydraulic-cylinders","7":"product_tag-hydraulic-cylinder","8":"product_tag-telescopic-hydraulic-cylinders","10":"first","11":"instock","12":"product-type-simple"},"_links":{"self":[{"href":"https:\/\/fmp-components.com\/lv\/wp-json\/wp\/v2\/product\/6560","targetHints":{"allow":["GET"]}}],"collection":[{"href":"https:\/\/fmp-components.com\/lv\/wp-json\/wp\/v2\/product"}],"about":[{"href":"https:\/\/fmp-components.com\/lv\/wp-json\/wp\/v2\/types\/product"}],"replies":[{"embeddable":true,"href":"https:\/\/fmp-components.com\/lv\/wp-json\/wp\/v2\/comments?post=6560"}],"wp:featuredmedia":[{"embeddable":true,"href":"https:\/\/fmp-components.com\/lv\/wp-json\/wp\/v2\/media\/6735"}],"wp:attachment":[{"href":"https:\/\/fmp-components.com\/lv\/wp-json\/wp\/v2\/media?parent=6560"}],"wp:term":[{"taxonomy":"product_brand","embeddable":true,"href":"https:\/\/fmp-components.com\/lv\/wp-json\/wp\/v2\/product_brand?post=6560"},{"taxonomy":"product_cat","embeddable":true,"href":"https:\/\/fmp-components.com\/lv\/wp-json\/wp\/v2\/product_cat?post=6560"},{"taxonomy":"product_tag","embeddable":true,"href":"https:\/\/fmp-components.com\/lv\/wp-json\/wp\/v2\/product_tag?post=6560"}],"curies":[{"name":"wp","href":"https:\/\/api.w.org\/{rel}","templated":true}]}}