{"id":6557,"date":"2025-03-11T06:29:39","date_gmt":"2025-03-11T06:29:39","guid":{"rendered":"https:\/\/fmp-components.com\/product\/factory-price-telescopic-two-stage-multistage-hydraulic-cylinder-for-sale"},"modified":"2025-03-12T06:06:13","modified_gmt":"2025-03-12T06:06:13","slug":"factory-price-telescopic-two-stage-multistage-hydraulic-cylinder-for-sale","status":"publish","type":"product","link":"https:\/\/fmp-components.com\/lv\/product\/factory-price-telescopic-two-stage-multistage-hydraulic-cylinder-for-sale\/","title":{"rendered":"P\u0101rdo\u0161an\u0101 r\u016bpn\u012bcas cenas teleskopiskais divpak\u0101pju daudzpak\u0101pju hidrauliskais cilindrs"},"content":{"rendered":"<h2>P\u0101rdo\u0161an\u0101 r\u016bpn\u012bcas cenas teleskopiskais divpak\u0101pju daudzpak\u0101pju hidrauliskais cilindrs<\/h2>\n<p>Ieg\u016bstiet vislab\u0101ko pied\u0101v\u0101jumu ar m\u016bsu pieejamo, augst\u0101k\u0101s kvalit\u0101tes teleskopisko divpak\u0101pju daudzpak\u0101pju hidraulisko cilindru. \u0160is iztur\u012bgais hidrauliskais cilindrs ir izstr\u0101d\u0101ts, \u0146emot v\u0113r\u0101 tehnikas remonta darbn\u012bcu, lauksaimniec\u012bbas, ener\u0123\u0113tikas un kalnr\u016bpniec\u012bbas nozaru, k\u0101 ar\u012b ma\u0161\u012bnb\u016bves vajadz\u012bbas. Tas nodro\u0161ina izcilu veiktsp\u0113ju, garant\u0113jot maksim\u0101lu efektivit\u0101ti j\u016bsu darb\u012bb\u0101.<\/p>\n<h3>Galven\u0101s iez\u012bmes un priek\u0161roc\u012bbas<\/h3>\n<ul>\n<li>Standartiz\u0113ts dizains un strukt\u016bra<\/li>\n<li>Iespaid\u012bga maksim\u0101l\u0101 vilce 3000<\/li>\n<li>Augsta maksim\u0101l\u0101 vilk\u0161anas jauda \u2013 20 tonnas<\/li>\n<li>Efekt\u012bvas ener\u0123ijas taup\u012b\u0161anas \u012bpa\u0161\u012bbas<\/li>\n<li>Garant\u0113ta dro\u0161\u012bba un uzticam\u012bba ar ISO9001:2000 sertifik\u0101tu<\/li>\n<li>Pieejams elegant\u0101 un profesion\u0101l\u0101 meln\u0101 kr\u0101s\u0101<\/li>\n<\/ul>\n<p><img loading=\"lazy\" decoding=\"async\" class=\"alignnone  wp-image-6664\" src=\"https:\/\/fmp-components.com\/wp-content\/uploads\/2025\/03\/telescopic-hydraulic-cylinder-8.webp\" alt=\"teleskopiskais hidrauliskais cilindrs\" width=\"878\" height=\"878\" title=\"\" srcset=\"https:\/\/fmp-components.com\/wp-content\/uploads\/2025\/03\/telescopic-hydraulic-cylinder-8.webp 878w, https:\/\/fmp-components.com\/wp-content\/uploads\/2025\/03\/telescopic-hydraulic-cylinder-8-480x480.webp 480w\" sizes=\"(min-width: 0px) and (max-width: 480px) 480px, (min-width: 481px) 878px, 100vw\" \/><\/p>\n<h3>Produkta specifik\u0101cijas<\/h3>\n<table style=\"width: 96.4947%;\" border=\"\">\n<tbody>\n<tr>\n<td style=\"width: 42.9379%;\"><i>Urbuma izm\u0113rs<\/i><\/td>\n<td style=\"width: 455.932%;\">2\u20136 collas<\/td>\n<\/tr>\n<tr>\n<td style=\"width: 42.9379%;\"><i>Stie\u0146a izm\u0113rs<\/i><\/td>\n<td style=\"width: 455.932%;\">1,125\u20134 collas<\/td>\n<\/tr>\n<tr>\n<td style=\"width: 42.9379%;\"><i>Trieciena izm\u0113rs<\/i><\/td>\n<td style=\"width: 455.932%;\">4\u2013100 collas<\/td>\n<\/tr>\n<tr>\n<td style=\"width: 42.9379%;\"><i>Tapas izm\u0113rs<\/i><\/td>\n<td style=\"width: 455.932%;\">0,5\u20132 collas<\/td>\n<\/tr>\n<tr>\n<td style=\"width: 42.9379%;\"><i>Ostas<\/i><\/td>\n<td style=\"width: 455.932%;\">G\/SAE\/NPT\/M<\/td>\n<\/tr>\n<\/tbody>\n<\/table>\n<h2>Hidraulisk\u0101s sist\u0113mas izpratne<\/h2>\n<p>M\u016bsu hidrauliskais cilindrs darbojas, pamatojoties uz spiediena starp\u012bbas principu. Kad hidrauliskais \u0161\u0137idrums tiek ies\u016bkn\u0113ts cilindr\u0101, tas rada spiediena starp\u012bbu starp cilindra iek\u0161pusi un apk\u0101rt\u0113jo vidi. \u0160\u012b spiediena starp\u012bba ir t\u0101, kas liek virzulim kust\u0113ties. Virzulis p\u0101rvietojas, un tas p\u0101rveido hidraulisko ener\u0123iju meh\u0101nisk\u0101 kust\u012bb\u0101, kas p\u0113c tam tiek p\u0101rnesta uz tam pievienotaj\u0101m ma\u0161\u012bn\u0101m. \u0160is process nodro\u0161ina nepiecie\u0161amo jaudu da\u017e\u0101du iek\u0101rtu darbin\u0101\u0161anai un uzdevumu veik\u0161anai, kam nepiecie\u0161ams iev\u0113rojams sp\u0113ks, nodro\u0161inot efektivit\u0101ti un lietder\u012bbu darb\u012bb\u0101s.<\/p>\n<p>Hidraulisko sist\u0113mu sp\u0113ja izmantot un manipul\u0113t ar \u0161\u0137idruma jaudu \u013cauj t\u0101m veikt pla\u0161u uzdevumu kl\u0101stu, s\u0101kot no smagu kravu cel\u0161anas l\u012bdz prec\u012bz\u0101m kust\u012bb\u0101m sare\u017e\u0123\u012bt\u0101s ma\u0161\u012bn\u0101s. \u0160is darb\u012bbas pamatprincips padara hidrauliskos cilindrus par svar\u012bg\u0101m sast\u0101vda\u013c\u0101m daudzos pielietojumos da\u017e\u0101d\u0101s nozar\u0113s.<\/p>\n<h2>Hidraulisk\u0101 cilindra pielietojums<\/h2>\n<p>M\u016bsu daudzpak\u0101pju hidraulisk\u0101 cilindra daudzpus\u012bba \u013cauj to izmantot daudz\u0101s jom\u0101s, padarot to par b\u016btisku instrumentu da\u017e\u0101d\u0101s nozar\u0113s. Ma\u0161\u012bnu remonta darbn\u012bc\u0101s tas atvieglo smago iek\u0101rtu cel\u0161anu un pozicion\u0113\u0161anu, racionaliz\u0113jot apkopes un remonta uzdevumus. Lauksaimniec\u012bbas saimniec\u012bb\u0101s tam ir iz\u0161\u0137iro\u0161a noz\u012bme traktoru un citas lauksaimniec\u012bbas tehnikas vad\u012b\u0161an\u0101, \u013caujot lauksaimniekiem viegli veikt t\u0101dus uzdevumus k\u0101 materi\u0101lu cel\u0161ana, noliek\u0161ana un transport\u0113\u0161ana.<\/p>\n<p>Ener\u0123\u0113tikas un kalnr\u016bpniec\u012bbas nozar\u0113s hidrauliskais cilindrs ir nenov\u0113rt\u0113jams urb\u0161anas, rak\u0161anas un materi\u0101lu apstr\u0101des darbos, kur \u0101rk\u0101rt\u012bgi svar\u012bga ir stabila veiktsp\u0113ja un uzticam\u012bba. T\u0101 konstrukcija ir izstr\u0101d\u0101ta, lai tiktu gal\u0101 ar smagiem uzdevumiem, nodro\u0161inot, ka tas var iztur\u0113t sare\u017e\u0123\u012btu vidi, neapdraudot dro\u0161\u012bbu vai efektivit\u0101ti.<\/p>\n<p>Turkl\u0101t ma\u0161\u012bnb\u016bv\u0113 hidrauliskie cilindri ir neat\u0146emama mont\u0101\u017eas l\u012bniju un automatiz\u0113to sist\u0113mu sast\u0101vda\u013ca, kur tie veicina ra\u017eo\u0161anas efektivit\u0101tes un darb\u012bbas lietder\u012bbas pieaugumu. M\u016bsu hidraulisko cilindru robust\u0101 konstrukcija un uzticam\u0101 veiktsp\u0113ja nodro\u0161ina nepiecie\u0161amo uzticam\u012bbu kritiskos pielietojumos, padarot tos par uzticamu izv\u0113li profesion\u0101\u013ciem da\u017e\u0101d\u0101s nozar\u0113s.<\/p>\n<h2>Hidrauliskie cilindri un sp\u0113ka agreg\u0101ti<\/h2>\n<p>Hidrauliskie cilindri un sp\u0113ka agreg\u0101ti ir neat\u0146emamas jebkuras hidraulisk\u0101s sist\u0113mas sast\u0101vda\u013cas, kas darbojas saska\u0146oti, lai nodro\u0161in\u0101tu efekt\u012bvu hidraulisk\u0101s tehnolo\u0123ijas pielietojumu r\u016bpnieciskaj\u0101 sf\u0113r\u0101. Hidrauliskais cilindrs darbojas k\u0101 izpildmeh\u0101nisms, p\u0101rveidojot hidraulisko ener\u0123iju meh\u0101nisk\u0101 kust\u012bb\u0101, p\u0101rveidojot \u0161\u0137idruma spiedienu sp\u0113k\u0101. \u0160\u012b sp\u0113ja \u013cauj tam veikt pla\u0161u uzdevumu kl\u0101stu, s\u0101kot no cel\u0161anas un stum\u0161anas l\u012bdz iesp\u012bl\u0113\u0161anai un noliek\u0161anai.<\/p>\n<p>Savuk\u0101rt sp\u0113ka agreg\u0101ti kalpo k\u0101 hidraulisk\u0101s sist\u0113mas ener\u0123ijas avots. Tie parasti sast\u0101v no hidraulisk\u0101 s\u016bk\u0146a, motora, rezervu\u0101ra un vad\u012bbas v\u0101rstiem, kas darbojas kop\u0101, lai uztur\u0113tu nepiecie\u0161amo spiedienu un pl\u016bsmas \u0101trumu. Hidraulisko cilindru un sp\u0113ka agreg\u0101tu koordin\u0101cija ir \u013coti svar\u012bga; t\u0101 nodro\u0161ina visas hidraulisk\u0101s sist\u0113mas vienm\u0113r\u012bgu un efekt\u012bvu darb\u012bbu, nodro\u0161inot uzticamu ener\u0123ijas un vad\u012bbas atbalstu da\u017e\u0101d\u0101m in\u017eeniertehnisk\u0101m un meh\u0101nisk\u0101m iek\u0101rt\u0101m.<\/p>\n<p>Uz\u0146\u0113mum\u0101 FMP m\u0113s saprotam \u0161\u012bs siner\u0123ijas noz\u012bmi un pied\u0101v\u0101jam p\u0101rdo\u0161anai pla\u0161u sp\u0113ka agreg\u0101tu kl\u0101stu. Nodro\u0161inot gan hidrauliskos cilindrus, gan sp\u0113ka agreg\u0101tus, m\u0113s nodro\u0161in\u0101m saviem klientiem piek\u013cuvi piln\u012bgiem hidrauliskiem risin\u0101jumiem, kas piel\u0101goti vi\u0146u \u012bpa\u0161aj\u0101m vajadz\u012bb\u0101m. \u0160\u012b visaptvero\u0161\u0101 pieeja uzlabo hidraulisko sist\u0113mu veiktsp\u0113ju un uzticam\u012bbu, atbalstot pla\u0161u pielietojumu kl\u0101stu da\u017e\u0101d\u0101s nozar\u0113s.<\/p>\n<p><img loading=\"lazy\" decoding=\"async\" class=\"alignnone  wp-image-6717\" src=\"https:\/\/fmp-components.com\/wp-content\/uploads\/2025\/03\/hydraulic-cylinder-211.webp\" alt=\"Hidrauliskie cilindri\" width=\"917\" height=\"919\" title=\"\" srcset=\"https:\/\/fmp-components.com\/wp-content\/uploads\/2025\/03\/hydraulic-cylinder-211.webp 917w, https:\/\/fmp-components.com\/wp-content\/uploads\/2025\/03\/hydraulic-cylinder-211-480x481.webp 480w\" sizes=\"(min-width: 0px) and (max-width: 480px) 480px, (min-width: 481px) 917px, 100vw\" \/><\/p>\n<h3>Par FMP<\/h3>\n<p class=\"break-words\">FMP ir vado\u0161ais It\u0101lijas ra\u017eot\u0101js, kas specializ\u0113jas augstas kvalit\u0101tes hidraulisko cilindru projekt\u0113\u0161an\u0101, izstr\u0101d\u0113 un ra\u017eo\u0161an\u0101. Ar bag\u0101t\u012bgu mantojumu, kas sak\u0146ojas gadu desmitiem ilg\u0101 pieredz\u0113, m\u0113s ar lepnumu apvienojam it\u0101\u013cu meistar\u012bbu ar jaun\u0101kaj\u0101m tehnolo\u0123ij\u0101m, lai nodro\u0161in\u0101tu izcilus hidrauliskos risin\u0101jumus, kas piel\u0101goti m\u016bsu glob\u0101l\u0101 klientu loka da\u017e\u0101daj\u0101m vajadz\u012bb\u0101m. FMP, kas atrodas It\u0101lij\u0101, in\u017eenierijas izcil\u012bbas centr\u0101, ir uzticams v\u0101rds hidraulikas nozar\u0113 un ir ap\u0146\u0113mies nodro\u0161in\u0101t uzticamus, iztur\u012bgus un inovat\u012bvus produktus, kas dod iesp\u0113jas uz\u0146\u0113mumiem vis\u0101 pasaul\u0113.<\/p>\n<p class=\"break-words\">M\u016bsu uz\u0146\u0113mums apvieno lab\u0101k\u0101s progres\u012bv\u0101s ra\u017eo\u0161anas trad\u012bcijas ar t\u0101lredz\u012bgu pieeju. Balstoties uz daudzu gadu pieredzi hidraulisko sist\u0113mu jom\u0101, FMP ir att\u012bst\u012bjies par modernu uz\u0146\u0113mumu, kas izce\u013cas ar izcil\u0101m p\u0113tniec\u012bbas, dizaina un ra\u017eo\u0161anas sp\u0113j\u0101m. M\u0113s specializ\u0113jamies pla\u0161\u0101 hidraulisko cilindru kl\u0101st\u0101, tostarp divk\u0101r\u0161as darb\u012bbas cilindros, automobi\u013cu pacel\u0161anas cilindros, lauksaimniec\u012bbas tehnikas cilindros un piel\u0101gotos risin\u0101jumos da\u017e\u0101diem r\u016bpnieciskiem pielietojumiem. Neatkar\u012bgi no t\u0101, vai tas ir paredz\u0113ts b\u016bvniec\u012bbai, r\u016bpniecisk\u0101m instal\u0101cij\u0101m, lauksaimniec\u012bbai vai smagajai tehnikai, m\u016bsu hidrauliskie cilindri ir rad\u012bti, lai darbotos vissmag\u0101kajos apst\u0101k\u013cos, nodro\u0161inot dro\u0161\u012bbu, efektivit\u0101ti un ilgm\u016b\u017e\u012bbu.<\/p>\n<p><img loading=\"lazy\" decoding=\"async\" class=\"alignnone size-full wp-image-6720\" src=\"https:\/\/fmp-components.com\/wp-content\/uploads\/2025\/03\/hydraulic-cylinder-8.webp\" alt=\"Teleskopiskie hidrauliskie cilindri\" width=\"933\" height=\"526\" title=\"\" srcset=\"https:\/\/fmp-components.com\/wp-content\/uploads\/2025\/03\/hydraulic-cylinder-8.webp 933w, https:\/\/fmp-components.com\/wp-content\/uploads\/2025\/03\/hydraulic-cylinder-8-480x271.webp 480w\" sizes=\"(min-width: 0px) and (max-width: 480px) 480px, (min-width: 481px) 933px, 100vw\" \/><\/p>\n<p class=\"break-words\">Uz\u0146\u0113mum\u0101 FMP m\u0113s lepojamies ar sav\u0101m modern\u0101kaj\u0101m ra\u017eo\u0161anas iek\u0101rt\u0101m, kas apr\u012bkotas ar prec\u012bzijas iek\u0101rt\u0101m un modern\u0101m test\u0113\u0161anas sist\u0113m\u0101m. M\u016bsu ra\u017eo\u0161anas procesi atbilst stingriem valsts un starptautiskajiem standartiem, nodro\u0161inot, ka katrs hidrauliskais cilindrs, kas atst\u0101j m\u016bsu r\u016bpn\u012bcu, ir augst\u0101k\u0101s kvalit\u0101tes un uzticam\u012bbas. M\u016bsu prasm\u012bg\u0101 tehnisk\u0101 komanda apvienojum\u0101 ar modern\u0101ko apr\u012bkojumu \u013cauj mums uztur\u0113t stingru kvalit\u0101tes kontroli katr\u0101 ra\u017eo\u0161anas posm\u0101 \u2014 s\u0101kot no izejvielu izv\u0113les l\u012bdz gal\u012bgajai p\u0101rbaudei. \u0160\u012b ap\u0146em\u0161an\u0101s sasniegt izcil\u012bbu ir nodro\u0161in\u0101jusi mums sertifik\u0101tus un atzin\u012bbu no nozares iest\u0101d\u0113m, v\u0113l vair\u0101k nostiprinot m\u016bsu reput\u0101ciju k\u0101 uzticamam partnerim.<\/p>\n<p class=\"break-words\">M\u016bsu misija ir vienk\u0101r\u0161a, tom\u0113r ambicioza: nodro\u0161in\u0101t m\u016bsu klientus ar hidrauliskajiem cilindriem, kas p\u0101rsniedz cer\u012bbas attiec\u012bb\u0101 uz veiktsp\u0113ju, iztur\u012bbu un v\u0113rt\u012bbu. M\u0113s darbojamies, iev\u0113rojot profesionalit\u0101tes, godpr\u0101t\u012bbas un klientu apkalpo\u0161anas pamatprincipus. Veicinot inov\u0101ciju un precizit\u0101tes kult\u016bru, m\u0113s nep\u0101rtraukti pilnveidojam savus produktus, lai saglab\u0101tu l\u012bderpoz\u012bcijas konkur\u0113tsp\u0113j\u012bg\u0101 tirg\u016b. M\u016bsu pla\u0161ais produktu kl\u0101sts un sp\u0113ja pied\u0101v\u0101t piel\u0101gotus risin\u0101jumus padara m\u016bs par lab\u0101ko izv\u0113li uz\u0146\u0113mumiem, kas mekl\u0113 augstas veiktsp\u0113jas hidrauliskos cilindrus.<\/p>\n<p class=\"break-words\">FMP ir vair\u0101k nek\u0101 tikai ra\u017eot\u0101js \u2014 m\u0113s esam partneris j\u016bsu pan\u0101kumos. M\u0113s saprotam, ka m\u016bsu klienti pa\u013caujas uz mums, lai pieg\u0101d\u0101tu instrumentus, kas uzlabo vi\u0146u produktivit\u0101ti un dro\u0161\u012bbu. T\u0101p\u0113c m\u0113s esam ap\u0146\u0113mu\u0161ies pied\u0101v\u0101t ne tikai augst\u0101k\u0101s klases produktus, bet ar\u012b izcilu servisu. S\u0101kot ar s\u0101kotn\u0113jo konsult\u0101ciju un beidzot ar p\u0113cp\u0101rdo\u0161anas atbalstu, m\u0113s cie\u0161i sadarbojamies ar saviem klientiem, lai nodro\u0161in\u0101tu, ka vi\u0146u vajadz\u012bbas tiek apmierin\u0101tas ar profesionalit\u0101ti un r\u016bp\u012bbu. M\u016bsu konkur\u0113tsp\u0113j\u012bg\u0101s cenas apvienojum\u0101 ar nelok\u0101mo ap\u0146em\u0161anos nodro\u0161in\u0101t kvalit\u0101ti padara FMP par gudru izv\u0113li uz\u0146\u0113mumiem, kas v\u0113las ieguld\u012bt l\u012bdzek\u013cus uzticamos hidrauliskajos risin\u0101jumos.<\/p>","protected":false},"excerpt":{"rendered":"<p>Factory Price Telescopic Two Stage Multistage Hydraulic Cylinder for Sale Get the best deal with our affordable, top-quality Telescopic Two Stage Multistage Hydraulic Cylinder. This robust hydraulic cylinder is designed with the needs of machinery repair shops, farms, energy and mining industries, and machinery manufacturing in mind. It delivers exceptional performance, ensuring maximum efficiency in [&hellip;]<\/p>","protected":false},"featured_media":6732,"comment_status":"closed","ping_status":"closed","template":"","meta":{"_et_pb_use_builder":"","_et_pb_old_content":"","_et_gb_content_width":""},"product_brand":[],"product_cat":[103],"product_tag":[34,105],"class_list":{"0":"post-6557","1":"product","2":"type-product","3":"status-publish","4":"has-post-thumbnail","6":"product_cat-telescopic-hydraulic-cylinders","7":"product_tag-hydraulic-cylinder","8":"product_tag-telescopic-hydraulic-cylinders","10":"first","11":"instock","12":"product-type-simple"},"_links":{"self":[{"href":"https:\/\/fmp-components.com\/lv\/wp-json\/wp\/v2\/product\/6557","targetHints":{"allow":["GET"]}}],"collection":[{"href":"https:\/\/fmp-components.com\/lv\/wp-json\/wp\/v2\/product"}],"about":[{"href":"https:\/\/fmp-components.com\/lv\/wp-json\/wp\/v2\/types\/product"}],"replies":[{"embeddable":true,"href":"https:\/\/fmp-components.com\/lv\/wp-json\/wp\/v2\/comments?post=6557"}],"wp:featuredmedia":[{"embeddable":true,"href":"https:\/\/fmp-components.com\/lv\/wp-json\/wp\/v2\/media\/6732"}],"wp:attachment":[{"href":"https:\/\/fmp-components.com\/lv\/wp-json\/wp\/v2\/media?parent=6557"}],"wp:term":[{"taxonomy":"product_brand","embeddable":true,"href":"https:\/\/fmp-components.com\/lv\/wp-json\/wp\/v2\/product_brand?post=6557"},{"taxonomy":"product_cat","embeddable":true,"href":"https:\/\/fmp-components.com\/lv\/wp-json\/wp\/v2\/product_cat?post=6557"},{"taxonomy":"product_tag","embeddable":true,"href":"https:\/\/fmp-components.com\/lv\/wp-json\/wp\/v2\/product_tag?post=6557"}],"curies":[{"name":"wp","href":"https:\/\/api.w.org\/{rel}","templated":true}]}}